{"id":5297,"date":"2024-10-07T12:43:26","date_gmt":"2024-10-07T12:43:26","guid":{"rendered":"https:\/\/nuevo-renacer.com\/?page_id=5297"},"modified":"2024-10-07T15:04:39","modified_gmt":"2024-10-07T15:04:39","slug":"historia-del-espiritismo-en-bulgaria","status":"publish","type":"page","link":"https:\/\/nuevo-renacer.com\/tr\/historia-del-espiritismo-en-bulgaria\/","title":{"rendered":"Bulgaristan'da Ruh\u00e7ulu\u011fun Tarihi"},"content":{"rendered":"<div class=\"wp-block-uagb-container uagb-block-aea7970b alignfull uagb-is-root-container\"><div class=\"uagb-container-inner-blocks-wrap\">\n<p class=\"has-black-color has-text-color has-link-color has-medium-font-size wp-elements-889c6513c779e722b327bda9dab7b03a\"><strong>Bulgaristan'da Ruh\u00e7ulu\u011fun Tarihi<\/strong><\/p>\n<\/div><\/div>\n\n\n\n<div class=\"wp-block-uagb-container uagb-block-5cf5b7c2 alignfull uagb-is-root-container\"><div class=\"uagb-container-inner-blocks-wrap\"><\/div><\/div>\n\n\n\n<div class=\"wp-block-uagb-container uagb-block-b9a05cb9 alignfull uagb-is-root-container\"><div class=\"uagb-container-inner-blocks-wrap\">\n<figure class=\"wp-block-image size-full is-resized has-custom-border\"><img fetchpriority=\"high\" decoding=\"async\" width=\"612\" height=\"408\" src=\"https:\/\/nuevo-renacer.com\/wp-content\/uploads\/2024\/10\/istockphoto-657672310-612x612-1.jpg\" alt=\"\" class=\"wp-image-5298\" style=\"border-width:1px;width:84px\" srcset=\"https:\/\/nuevo-renacer.com\/wp-content\/uploads\/2024\/10\/istockphoto-657672310-612x612-1.jpg 612w, https:\/\/nuevo-renacer.com\/wp-content\/uploads\/2024\/10\/istockphoto-657672310-612x612-1-300x200.jpg 300w, https:\/\/nuevo-renacer.com\/wp-content\/uploads\/2024\/10\/istockphoto-657672310-612x612-1-18x12.jpg 18w\" sizes=\"(max-width: 612px) 100vw, 612px\" \/><\/figure>\n<\/div><\/div>\n\n\n\n<div class=\"wp-block-uagb-container uagb-block-38e463f4 alignfull uagb-is-root-container\"><div class=\"uagb-container-inner-blocks-wrap\">\n<p class=\"has-black-color has-text-color has-link-color has-medium-font-size wp-elements-87ae1b8a164beb207ad51ce8e7241e41\"><strong>Dr. Georgi Mirkovic ve Ruh\u00e7uluk<\/strong><\/p>\n\n\n\n<div class=\"wp-block-uagb-container uagb-block-9418e7d2\">\n<figure class=\"wp-block-image size-full is-resized\"><img decoding=\"async\" width=\"512\" height=\"715\" src=\"https:\/\/nuevo-renacer.com\/wp-content\/uploads\/2024\/10\/Scan-200123-0008001-1.jpg\" alt=\"\" class=\"wp-image-5302\" style=\"width:270px;height:auto\" srcset=\"https:\/\/nuevo-renacer.com\/wp-content\/uploads\/2024\/10\/Scan-200123-0008001-1.jpg 512w, https:\/\/nuevo-renacer.com\/wp-content\/uploads\/2024\/10\/Scan-200123-0008001-1-215x300.jpg 215w, https:\/\/nuevo-renacer.com\/wp-content\/uploads\/2024\/10\/Scan-200123-0008001-1-9x12.jpg 9w\" sizes=\"(max-width: 512px) 100vw, 512px\" \/><figcaption class=\"wp-element-caption\">Doktor Georgi Mirkovi\u00e7.<\/figcaption><\/figure>\n<\/div>\n\n\n\n<p class=\"has-black-color has-text-color has-link-color has-small-font-size wp-elements-89739709e55af8a2c2b6dd11f97c691d\">Dr. Mirkovi\u00e7 1825&#039;te Sliven&#039;de do\u011fdu ve hayat\u0131n\u0131n uzun bir ge\u00e7mi\u015fi var.<\/p>\n\n\n\n<p class=\"has-black-color has-text-color has-link-color has-small-font-size wp-elements-4bf3727d48ae12ade00612ad1c9bd627\">1848&#039;e kadar Frans\u0131z Babek-Carigrad Katolik okuluna girdi. Orada, hayat\u0131n\u0131n geri kalan\u0131nda sad\u0131k kald\u0131\u011f\u0131 ok\u00fclt ile tan\u0131\u015ft\u0131ran Rene ad\u0131nda bir ke\u015fi\u015fle tan\u0131\u015ft\u0131. 1851&#039;de Fransa&#039;ya gitti ve t\u0131p e\u011fitimini 1856&#039;da Montpellier&#039;de tamamlad\u0131. Orada pratik olarak net g\u00f6r\u00fc\u015fl\u00fcl\u00fckle tan\u0131\u015ft\u0131. \u015eu anda, zengin bir t\u00fcccar olan karde\u015fi, yerel bankaya d\u00fczenli olarak ayl\u0131k katk\u0131lar g\u00f6nderdi. Birdenbire katk\u0131lar sona erdi ve sefalete maruz kald\u0131 ve a\u00e7 kalmak zorunda kald\u0131. Sonra neden senin paran olmad\u0131\u011f\u0131n\u0131 s\u00f6ylemek i\u00e7in basiretli bir kad\u0131n\u0131 g\u00f6rmesi tavsiye edildi. Onunla bir araya geldi ve &#034;Paran\u0131z burada, postanede, ancak adres k\u00f6t\u00fc yaz\u0131lm\u0131\u015f ve g\u00f6nderebilece\u011finiz \u015fey de\u011fil. Git al&#034;. Postaneye gitmek ve asl\u0131nda para orada \u00e7ok zaman al\u0131yor \u00e7\u00fcnk\u00fc adres k\u00f6t\u00fc yaz\u0131lm\u0131\u015f. Paray\u0131 ona ver. Ama basiretin bu i\u00e7sel vizyonu derinden etkilendim ve g\u00f6r\u00fcnmez bir d\u00fcnya oldu\u011funu, hayatta incelenmesi gereken gizli bir taraf oldu\u011funu fark ettim. Ona ilgi duymaya ba\u015flar ve spirit\u00fcalistlerin \u00e7evrelerine d\u00fc\u015fer. Sonra bir yandan Darwin&#039;in ya\u015fam\u0131n k\u00f6keni hakk\u0131ndaki materyalizmi ve evrim teorisi, di\u011fer yandan g\u00f6r\u00fcnmez bir d\u00fcnya oldu\u011funu g\u00f6steren maneviyat geldi.<\/p>\n\n\n\n<p class=\"has-black-color has-text-color has-link-color has-small-font-size wp-elements-b6ae0f484e1d4481030f3b83bba56d0a\">1870 y\u0131l\u0131nda Vidin Sanca\u011f\u0131&#039;n\u0131n devrimci hareketine kat\u0131ld\u0131 ve Yunan ve t\u00fcrkofilo Naid Gerov&#039;un k\u0131z karde\u015finin o\u011flu b\u00fcy\u00fck\u015fehir Bulgar Doro-Tey taraf\u0131ndan T\u00fcrk makamlar\u0131na teslim edildi. Dr. Mirkovi\u00e7 \u00f6m\u00fcr boyu hapiste Diyarbekir&#039;e g\u00f6nderildi.<\/p>\n\n\n\n<p class=\"has-black-color has-text-color has-link-color has-small-font-size wp-elements-f414f616ab41052edb115e21b9fe614b\">Orada, T\u00fcrk h\u00fck\u00fcmeti taraf\u0131ndan \u00e7ok takdir edilen, kendisi i\u00e7in m\u00fcdahale eden ve kolera salg\u0131n\u0131 ile ba\u015fa \u00e7\u0131kmak i\u00e7in onu zincirlerinden serbest b\u0131rakan bir Frans\u0131z doktor gezginiyle tan\u0131\u015ft\u0131. Ve bu onun doktora tezi. Kefaletle serbest b\u0131rak\u0131l\u0131r, serbest\u00e7e hareket eder ve k\u0131skan\u0131lacak bir servet biriktirerek yerel n\u00fcfusa aittir. S\u00fcrg\u00fcndeki yolda\u015flar\u0131ndan baz\u0131lar\u0131 Diyarbak\u0131r&#039;dan u\u00e7u\u015funuzu ayarlamalar\u0131 i\u00e7in teklif edilir. Ancak reddediyor. Bunun nedeni, b\u00fcy\u00fck bir sava\u015f geldikten sonra Diyarbak\u0131r&#039;dan serbest b\u0131rak\u0131laca\u011f\u0131n\u0131 \u00f6ng\u00f6ren bir peygamberle tan\u0131\u015fm\u0131\u015f olmas\u0131d\u0131r. Kehaneti yerine getirildi ve s\u00fcrg\u00fcn\u00fcn\u00fcn sonu, Bulgaristan&#039;\u0131n Rusya&#039;da kurtulu\u015funu takip eden 1878 af\u0131ndan sonra geldi.<\/p>\n\n\n\n<p class=\"has-black-color has-text-color has-link-color has-small-font-size wp-elements-ddd62b11519c3198ac55cfb6d7989c9a\">1893&#039;te Paris&#039;i ziyaret ettikten ve Anna de la Grange ile g\u00f6r\u00fc\u015ft\u00fckten sonra \u015fu kehanette bulundu: &#034;Kutsanm\u0131\u015f Rusya, \u00e7\u00fcnk\u00fc plan\u0131n\u0131z ilahi plana hizmet edecek ve ezilen \u00fclkelerin ba\u011f\u0131ms\u0131zl\u0131k bayra\u011f\u0131n\u0131 tek bir yerde y\u00fckseltecek gen\u00e7 ilahi lidere giden yolu a\u00e7acak beden, d\u00fcnyadaki inananlar\u0131n evrensel birli\u011fine olan inan\u00e7 yoluyla. Mirkovi\u00e7, o\u011flum, benim korudu\u011fum can\u0131m, tan\u0131\u015fmak isteyen \u0130lahi Rehberiniz, bu mesaj\u0131 Paris&#039;teki medyuma ger\u00e7ek \u0131\u015f\u0131k bayra\u011f\u0131 alt\u0131nda dikte ediyor.&#034;<\/p>\n\n\n\n<div class=\"wp-block-uagb-container uagb-block-30acf874\">\n<figure class=\"wp-block-image size-large is-resized\"><img decoding=\"async\" width=\"584\" height=\"1024\" src=\"https:\/\/nuevo-renacer.com\/wp-content\/uploads\/2024\/10\/Anna-de-la-Grange-584x1024.jpg\" alt=\"\" class=\"wp-image-5309\" style=\"width:228px\" srcset=\"https:\/\/nuevo-renacer.com\/wp-content\/uploads\/2024\/10\/Anna-de-la-Grange-584x1024.jpg 584w, https:\/\/nuevo-renacer.com\/wp-content\/uploads\/2024\/10\/Anna-de-la-Grange-171x300.jpg 171w, https:\/\/nuevo-renacer.com\/wp-content\/uploads\/2024\/10\/Anna-de-la-Grange-768x1348.jpg 768w, https:\/\/nuevo-renacer.com\/wp-content\/uploads\/2024\/10\/Anna-de-la-Grange-875x1536.jpg 875w, https:\/\/nuevo-renacer.com\/wp-content\/uploads\/2024\/10\/Anna-de-la-Grange-7x12.jpg 7w, https:\/\/nuevo-renacer.com\/wp-content\/uploads\/2024\/10\/Anna-de-la-Grange.jpg 1167w\" sizes=\"(max-width: 584px) 100vw, 584px\" \/><figcaption class=\"wp-element-caption\">Anna de La Grange<\/figcaption><\/figure>\n<\/div>\n\n\n\n<p class=\"has-black-color has-text-color has-link-color has-small-font-size wp-elements-816029d1875f9f34c7b4df51d41abcf0\">1899&#039;da Dr. Mirkovi\u00e7, Burgaz Penyu Kirov ve Todor Stoinemov ile birlikte, spirit\u00fcel \u00e7emberin ilk kongresi olan usta Petar Danow taraf\u0131ndan \u015fahsen davet edildi. A\u011fustos ay\u0131nda, 1905, talebi \u00fczerine, d\u00fcnyevi meselelerine son veren g\u00f6r\u00fcnmez d\u00fcnya taraf\u0131ndan uyar\u0131ld\u0131, \u00e7\u00fcnk\u00fc b\u00fcy\u00fck \u00f6teye gitmesi yak\u0131nd\u0131. 29.09.1905 hayattan ayr\u0131ld\u0131.<\/p>\n\n\n\n<div class=\"wp-block-uagb-container uagb-block-78d595e6\">\n<figure class=\"wp-block-image size-full is-resized\"><img loading=\"lazy\" decoding=\"async\" width=\"211\" height=\"300\" src=\"https:\/\/nuevo-renacer.com\/wp-content\/uploads\/2024\/10\/\u041f\u0435\u0442\u044a\u0440-\u0414\u044a\u043d\u043e\u0432-211x300-1.jpg\" alt=\"\" class=\"wp-image-5306\" style=\"width:228px;height:auto\" srcset=\"https:\/\/nuevo-renacer.com\/wp-content\/uploads\/2024\/10\/\u041f\u0435\u0442\u044a\u0440-\u0414\u044a\u043d\u043e\u0432-211x300-1.jpg 211w, https:\/\/nuevo-renacer.com\/wp-content\/uploads\/2024\/10\/\u041f\u0435\u0442\u044a\u0440-\u0414\u044a\u043d\u043e\u0432-211x300-1-8x12.jpg 8w\" sizes=\"(max-width: 211px) 100vw, 211px\" \/><figcaption class=\"wp-element-caption\">Petar Danow&#039;un<\/figcaption><\/figure>\n<\/div>\n\n\n\n<p class=\"has-black-color has-text-color has-link-color has-small-font-size wp-elements-37eac38ff826e586a6d3bb040c984f90\">Mirkovi\u00e7, R\u00f6nesans&#039;\u0131n ayd\u0131nlat\u0131c\u0131s\u0131, Kilisenin ba\u011f\u0131ms\u0131zl\u0131\u011f\u0131 i\u00e7in bir sava\u015f\u00e7\u0131, devrimci, Diyarbekir s\u00fcrg\u00fcn\u00fc, demokratik bir toplumun savunucusu ve Bulgaristan&#039;da &#034;I\u015f\u0131\u011f\u0131n Lideri&#034; nin geli\u015fine zemin haz\u0131rlayan manevi hareketlerin \u00f6nc\u00fcs\u00fcyd\u00fc, b\u00f6ylece bu kehanet ayr\u0131ca yerine getirilecektir.<\/p>\n\n\n\n<p class=\"has-black-color has-text-color has-link-color has-small-font-size wp-elements-1afd80afcfab8a67e953f46e9b97351e\">Dr. Mirkovi\u00e7, Bulgaristan&#039;daki Bulgar K\u0131z\u0131lha\u00e7\u0131&#039;n\u0131n kurucu orta\u011f\u0131, Bulgaristan&#039;daki hay\u0131r kurumunun kurucusuydu ve 1990 y\u0131l\u0131nda K\u0131z\u0131lha\u00e7 ve Bulgaristan&#039;daki hay\u0131r kurumlar\u0131n\u0131n kurucu orta\u011f\u0131 olarak Dr. Georgi Mirkovi\u00e7&#039;te d\u00fczenlenen bir yard\u0131m konseri olarak haz\u0131rland\u0131. \u00dcstad\u0131n ilk \u00fc\u00e7 \u00f6\u011frencisinden biri olarak, \u00dcstad Petar Danow&#039;un m\u00fczi\u011finin Beyaz Karde\u015fler Derne\u011fi \u00fcyeleri Sofya m\u00fczisyenleri taraf\u0131ndan yorumland\u0131\u011f\u0131 Sofya&#039;da kurum \u0130\u00e7i Avukatlara uygun bir kutlama ile onurland\u0131r\u0131ld\u0131. Bu, 10 Kas\u0131m 1989&#039;da Bulgaristan&#039;da meydana gelen de\u011fi\u015fikliklerden sonraki ilk konserdi ve ard\u0131ndan Usta Petar Danow&#039;un s\u00f6zlerine ve m\u00fczi\u011fine dayanarak bug\u00fcne kadar Sofya&#039;da ondan fazla konser verdik. \u00d6nc\u00fcyd\u00fc.<\/p>\n<\/div><\/div>","protected":false},"excerpt":{"rendered":"<p>Historia del Espiritismo en Bulgaria Dr. Georgi Mirkovic y el Espiritismo El Dr. Mirkovic naci\u00f3 en Sliven en 1825 y su vida tiene una larga historia. Hacia 1848, ingres\u00f3 en la escuela cat\u00f3lica francesa de Babek-Carigrad. All\u00ed conoci\u00f3 a un monje llamado Ren\u00e9, que le introdujo en el espiritismo, al que permaneci\u00f3 fiel el resto [&hellip;]<\/p>","protected":false},"author":1,"featured_media":0,"parent":0,"menu_order":0,"comment_status":"closed","ping_status":"closed","template":"","meta":{"_uag_custom_page_level_css":"","site-sidebar-layout":"default","site-content-layout":"","ast-site-content-layout":"default","site-content-style":"default","site-sidebar-style":"default","ast-global-header-display":"","ast-banner-title-visibility":"","ast-main-header-display":"","ast-hfb-above-header-display":"","ast-hfb-below-header-display":"","ast-hfb-mobile-header-display":"","site-post-title":"disabled","ast-breadcrumbs-content":"","ast-featured-img":"","footer-sml-layout":"","theme-transparent-header-meta":"","adv-header-id-meta":"","stick-header-meta":"","header-above-stick-meta":"","header-main-stick-meta":"","header-below-stick-meta":"","astra-migrate-meta-layouts":"set","ast-page-background-enabled":"default","ast-page-background-meta":{"desktop":{"background-color":"var(--ast-global-color-4)","background-image":"","background-repeat":"repeat","background-position":"center center","background-size":"auto","background-attachment":"scroll","background-type":"","background-media":"","overlay-type":"","overlay-color":"","overlay-opacity":"","overlay-gradient":""},"tablet":{"background-color":"","background-image":"","background-repeat":"repeat","background-position":"center center","background-size":"auto","background-attachment":"scroll","background-type":"","background-media":"","overlay-type":"","overlay-color":"","overlay-opacity":"","overlay-gradient":""},"mobile":{"background-color":"","background-image":"","background-repeat":"repeat","background-position":"center center","background-size":"auto","background-attachment":"scroll","background-type":"","background-media":"","overlay-type":"","overlay-color":"","overlay-opacity":"","overlay-gradient":""}},"ast-content-background-meta":{"desktop":{"background-color":"var(--ast-global-color-5)","background-image":"","background-repeat":"repeat","background-position":"center center","background-size":"auto","background-attachment":"scroll","background-type":"","background-media":"","overlay-type":"","overlay-color":"","overlay-opacity":"","overlay-gradient":""},"tablet":{"background-color":"var(--ast-global-color-5)","background-image":"","background-repeat":"repeat","background-position":"center center","background-size":"auto","background-attachment":"scroll","background-type":"","background-media":"","overlay-type":"","overlay-color":"","overlay-opacity":"","overlay-gradient":""},"mobile":{"background-color":"var(--ast-global-color-5)","background-image":"","background-repeat":"repeat","background-position":"center center","background-size":"auto","background-attachment":"scroll","background-type":"","background-media":"","overlay-type":"","overlay-color":"","overlay-opacity":"","overlay-gradient":""}},"footnotes":""},"class_list":["post-5297","page","type-page","status-publish","hentry"],"yoast_head":"<!-- This site is optimized with the Yoast SEO Premium plugin v24.2 (Yoast SEO v24.6) - https:\/\/yoast.com\/wordpress\/plugins\/seo\/ -->\n<title>Historia del Espiritismo en Bulgaria - Uni\u00f3n Esp\u00edrita<\/title>\n<meta name=\"robots\" content=\"index, follow, max-snippet:-1, max-image-preview:large, max-video-preview:-1\" \/>\n<link rel=\"canonical\" href=\"https:\/\/nuevo-renacer.com\/tr\/historia-del-espiritismo-en-bulgaria\/\" \/>\n<meta property=\"og:locale\" content=\"tr_TR\" \/>\n<meta property=\"og:type\" content=\"article\" \/>\n<meta property=\"og:title\" content=\"Historia del Espiritismo en Bulgaria\" \/>\n<meta property=\"og:description\" content=\"Historia del Espiritismo en Bulgaria Dr. Georgi Mirkovic y el Espiritismo El Dr. Mirkovic naci\u00f3 en Sliven en 1825 y su vida tiene una larga historia. Hacia 1848, ingres\u00f3 en la escuela cat\u00f3lica francesa de Babek-Carigrad. All\u00ed conoci\u00f3 a un monje llamado Ren\u00e9, que le introdujo en el espiritismo, al que permaneci\u00f3 fiel el resto [&hellip;]\" \/>\n<meta property=\"og:url\" content=\"https:\/\/nuevo-renacer.com\/tr\/historia-del-espiritismo-en-bulgaria\/\" \/>\n<meta property=\"og:site_name\" content=\"Uni\u00f3n Esp\u00edrita\" \/>\n<meta property=\"article:publisher\" content=\"https:\/\/www.facebook.com\/groups\/3431398063740829\" \/>\n<meta property=\"article:modified_time\" content=\"2024-10-07T15:04:39+00:00\" \/>\n<meta property=\"og:image\" content=\"https:\/\/nuevo-renacer.com\/wp-content\/uploads\/2024\/10\/istockphoto-657672310-612x612-1.jpg\" \/>\n<meta name=\"twitter:card\" content=\"summary_large_image\" \/>\n<meta name=\"twitter:label1\" content=\"Tahmini okuma s\u00fcresi\" \/>\n\t<meta name=\"twitter:data1\" content=\"4 dakika\" \/>\n<script type=\"application\/ld+json\" class=\"yoast-schema-graph\">{\"@context\":\"https:\/\/schema.org\",\"@graph\":[{\"@type\":\"WebPage\",\"@id\":\"https:\/\/nuevo-renacer.com\/historia-del-espiritismo-en-bulgaria\/\",\"url\":\"https:\/\/nuevo-renacer.com\/historia-del-espiritismo-en-bulgaria\/\",\"name\":\"Historia del Espiritismo en Bulgaria - Uni\u00f3n Esp\u00edrita\",\"isPartOf\":{\"@id\":\"https:\/\/nuevo-renacer.com\/#website\"},\"primaryImageOfPage\":{\"@id\":\"https:\/\/nuevo-renacer.com\/historia-del-espiritismo-en-bulgaria\/#primaryimage\"},\"image\":{\"@id\":\"https:\/\/nuevo-renacer.com\/historia-del-espiritismo-en-bulgaria\/#primaryimage\"},\"thumbnailUrl\":\"https:\/\/nuevo-renacer.com\/wp-content\/uploads\/2024\/10\/istockphoto-657672310-612x612-1.jpg\",\"datePublished\":\"2024-10-07T12:43:26+00:00\",\"dateModified\":\"2024-10-07T15:04:39+00:00\",\"breadcrumb\":{\"@id\":\"https:\/\/nuevo-renacer.com\/historia-del-espiritismo-en-bulgaria\/#breadcrumb\"},\"inLanguage\":\"tr\",\"potentialAction\":[{\"@type\":\"ReadAction\",\"target\":[\"https:\/\/nuevo-renacer.com\/historia-del-espiritismo-en-bulgaria\/\"]}]},{\"@type\":\"ImageObject\",\"inLanguage\":\"tr\",\"@id\":\"https:\/\/nuevo-renacer.com\/historia-del-espiritismo-en-bulgaria\/#primaryimage\",\"url\":\"https:\/\/nuevo-renacer.com\/wp-content\/uploads\/2024\/10\/istockphoto-657672310-612x612-1.jpg\",\"contentUrl\":\"https:\/\/nuevo-renacer.com\/wp-content\/uploads\/2024\/10\/istockphoto-657672310-612x612-1.jpg\"},{\"@type\":\"BreadcrumbList\",\"@id\":\"https:\/\/nuevo-renacer.com\/historia-del-espiritismo-en-bulgaria\/#breadcrumb\",\"itemListElement\":[{\"@type\":\"ListItem\",\"position\":1,\"name\":\"Startseite\",\"item\":\"https:\/\/nuevo-renacer.com\/\"},{\"@type\":\"ListItem\",\"position\":2,\"name\":\"Historia del Espiritismo en Bulgaria\"}]},{\"@type\":\"WebSite\",\"@id\":\"https:\/\/nuevo-renacer.com\/#website\",\"url\":\"https:\/\/nuevo-renacer.com\/\",\"name\":\"Uni\u00f3n Esp\u00edrita\",\"description\":\"Nuevo Renacer\",\"publisher\":{\"@id\":\"https:\/\/nuevo-renacer.com\/#organization\"},\"potentialAction\":[{\"@type\":\"SearchAction\",\"target\":{\"@type\":\"EntryPoint\",\"urlTemplate\":\"https:\/\/nuevo-renacer.com\/?s={search_term_string}\"},\"query-input\":{\"@type\":\"PropertyValueSpecification\",\"valueRequired\":true,\"valueName\":\"search_term_string\"}}],\"inLanguage\":\"tr\"},{\"@type\":\"Organization\",\"@id\":\"https:\/\/nuevo-renacer.com\/#organization\",\"name\":\"UFEC\",\"url\":\"https:\/\/nuevo-renacer.com\/\",\"logo\":{\"@type\":\"ImageObject\",\"inLanguage\":\"tr\",\"@id\":\"https:\/\/nuevo-renacer.com\/#\/schema\/logo\/image\/\",\"url\":\"https:\/\/nuevo-renacer.com\/wp-content\/uploads\/2024\/05\/cropped-LOGO-TERMINADO1-3-3.png\",\"contentUrl\":\"https:\/\/nuevo-renacer.com\/wp-content\/uploads\/2024\/05\/cropped-LOGO-TERMINADO1-3-3.png\",\"width\":512,\"height\":512,\"caption\":\"UFEC\"},\"image\":{\"@id\":\"https:\/\/nuevo-renacer.com\/#\/schema\/logo\/image\/\"},\"sameAs\":[\"https:\/\/www.facebook.com\/groups\/3431398063740829\"]}]}<\/script>\n<!-- \/ Yoast SEO Premium plugin. -->","yoast_head_json":{"title":"Historia del Espiritismo en Bulgaria - Uni\u00f3n Esp\u00edrita","robots":{"index":"index","follow":"follow","max-snippet":"max-snippet:-1","max-image-preview":"max-image-preview:large","max-video-preview":"max-video-preview:-1"},"canonical":"https:\/\/nuevo-renacer.com\/tr\/historia-del-espiritismo-en-bulgaria\/","og_locale":"tr_TR","og_type":"article","og_title":"Historia del Espiritismo en Bulgaria","og_description":"Historia del Espiritismo en Bulgaria Dr. Georgi Mirkovic y el Espiritismo El Dr. Mirkovic naci\u00f3 en Sliven en 1825 y su vida tiene una larga historia. Hacia 1848, ingres\u00f3 en la escuela cat\u00f3lica francesa de Babek-Carigrad. All\u00ed conoci\u00f3 a un monje llamado Ren\u00e9, que le introdujo en el espiritismo, al que permaneci\u00f3 fiel el resto [&hellip;]","og_url":"https:\/\/nuevo-renacer.com\/tr\/historia-del-espiritismo-en-bulgaria\/","og_site_name":"Uni\u00f3n Esp\u00edrita","article_publisher":"https:\/\/www.facebook.com\/groups\/3431398063740829","article_modified_time":"2024-10-07T15:04:39+00:00","og_image":[{"url":"https:\/\/nuevo-renacer.com\/wp-content\/uploads\/2024\/10\/istockphoto-657672310-612x612-1.jpg","type":"","width":"","height":""}],"twitter_card":"summary_large_image","twitter_misc":{"Tahmini okuma s\u00fcresi":"4 dakika"},"schema":{"@context":"https:\/\/schema.org","@graph":[{"@type":"WebPage","@id":"https:\/\/nuevo-renacer.com\/historia-del-espiritismo-en-bulgaria\/","url":"https:\/\/nuevo-renacer.com\/historia-del-espiritismo-en-bulgaria\/","name":"Historia del Espiritismo en Bulgaria - Uni\u00f3n Esp\u00edrita","isPartOf":{"@id":"https:\/\/nuevo-renacer.com\/#website"},"primaryImageOfPage":{"@id":"https:\/\/nuevo-renacer.com\/historia-del-espiritismo-en-bulgaria\/#primaryimage"},"image":{"@id":"https:\/\/nuevo-renacer.com\/historia-del-espiritismo-en-bulgaria\/#primaryimage"},"thumbnailUrl":"https:\/\/nuevo-renacer.com\/wp-content\/uploads\/2024\/10\/istockphoto-657672310-612x612-1.jpg","datePublished":"2024-10-07T12:43:26+00:00","dateModified":"2024-10-07T15:04:39+00:00","breadcrumb":{"@id":"https:\/\/nuevo-renacer.com\/historia-del-espiritismo-en-bulgaria\/#breadcrumb"},"inLanguage":"tr","potentialAction":[{"@type":"ReadAction","target":["https:\/\/nuevo-renacer.com\/historia-del-espiritismo-en-bulgaria\/"]}]},{"@type":"ImageObject","inLanguage":"tr","@id":"https:\/\/nuevo-renacer.com\/historia-del-espiritismo-en-bulgaria\/#primaryimage","url":"https:\/\/nuevo-renacer.com\/wp-content\/uploads\/2024\/10\/istockphoto-657672310-612x612-1.jpg","contentUrl":"https:\/\/nuevo-renacer.com\/wp-content\/uploads\/2024\/10\/istockphoto-657672310-612x612-1.jpg"},{"@type":"BreadcrumbList","@id":"https:\/\/nuevo-renacer.com\/historia-del-espiritismo-en-bulgaria\/#breadcrumb","itemListElement":[{"@type":"ListItem","position":1,"name":"Startseite","item":"https:\/\/nuevo-renacer.com\/"},{"@type":"ListItem","position":2,"name":"Historia del Espiritismo en Bulgaria"}]},{"@type":"WebSite","@id":"https:\/\/nuevo-renacer.com\/#website","url":"https:\/\/nuevo-renacer.com\/","name":"Uni\u00f3n Esp\u00edrita","description":"Nuevo Renacer","publisher":{"@id":"https:\/\/nuevo-renacer.com\/#organization"},"potentialAction":[{"@type":"SearchAction","target":{"@type":"EntryPoint","urlTemplate":"https:\/\/nuevo-renacer.com\/?s={search_term_string}"},"query-input":{"@type":"PropertyValueSpecification","valueRequired":true,"valueName":"search_term_string"}}],"inLanguage":"tr"},{"@type":"Organization","@id":"https:\/\/nuevo-renacer.com\/#organization","name":"UFEC","url":"https:\/\/nuevo-renacer.com\/","logo":{"@type":"ImageObject","inLanguage":"tr","@id":"https:\/\/nuevo-renacer.com\/#\/schema\/logo\/image\/","url":"https:\/\/nuevo-renacer.com\/wp-content\/uploads\/2024\/05\/cropped-LOGO-TERMINADO1-3-3.png","contentUrl":"https:\/\/nuevo-renacer.com\/wp-content\/uploads\/2024\/05\/cropped-LOGO-TERMINADO1-3-3.png","width":512,"height":512,"caption":"UFEC"},"image":{"@id":"https:\/\/nuevo-renacer.com\/#\/schema\/logo\/image\/"},"sameAs":["https:\/\/www.facebook.com\/groups\/3431398063740829"]}]}},"uagb_featured_image_src":{"full":false,"thumbnail":false,"medium":false,"medium_large":false,"large":false,"1536x1536":false,"2048x2048":false,"trp-custom-language-flag":false},"uagb_author_info":{"display_name":"adbv0","author_link":"https:\/\/nuevo-renacer.com\/tr\/author\/adbv0\/"},"uagb_comment_info":0,"uagb_excerpt":"Historia del Espiritismo en Bulgaria Dr. Georgi Mirkovic y el Espiritismo El Dr. Mirkovic naci\u00f3 en Sliven en 1825 y su vida tiene una larga historia. Hacia 1848, ingres\u00f3 en la escuela cat\u00f3lica francesa de Babek-Carigrad. All\u00ed conoci\u00f3 a un monje llamado Ren\u00e9, que le introdujo en el espiritismo, al que permaneci\u00f3 fiel el resto&hellip;","jetpack_sharing_enabled":true,"_links":{"self":[{"href":"https:\/\/nuevo-renacer.com\/tr\/wp-json\/wp\/v2\/pages\/5297","targetHints":{"allow":["GET"]}}],"collection":[{"href":"https:\/\/nuevo-renacer.com\/tr\/wp-json\/wp\/v2\/pages"}],"about":[{"href":"https:\/\/nuevo-renacer.com\/tr\/wp-json\/wp\/v2\/types\/page"}],"author":[{"embeddable":true,"href":"https:\/\/nuevo-renacer.com\/tr\/wp-json\/wp\/v2\/users\/1"}],"replies":[{"embeddable":true,"href":"https:\/\/nuevo-renacer.com\/tr\/wp-json\/wp\/v2\/comments?post=5297"}],"version-history":[{"count":9,"href":"https:\/\/nuevo-renacer.com\/tr\/wp-json\/wp\/v2\/pages\/5297\/revisions"}],"predecessor-version":[{"id":5317,"href":"https:\/\/nuevo-renacer.com\/tr\/wp-json\/wp\/v2\/pages\/5297\/revisions\/5317"}],"wp:attachment":[{"href":"https:\/\/nuevo-renacer.com\/tr\/wp-json\/wp\/v2\/media?parent=5297"}],"curies":[{"name":"wp","href":"https:\/\/api.w.org\/{rel}","templated":true}]}}