{"id":5199,"date":"2024-10-03T17:30:18","date_gmt":"2024-10-03T17:30:18","guid":{"rendered":"https:\/\/nuevo-renacer.com\/?page_id=5199"},"modified":"2024-10-10T14:31:49","modified_gmt":"2024-10-10T14:31:49","slug":"daniela-m-acerca-del-suicidio","status":"publish","type":"page","link":"https:\/\/nuevo-renacer.com\/tr\/daniela-m-acerca-del-suicidio\/","title":{"rendered":"Intihar hakk\u0131nda"},"content":{"rendered":"<div class=\"wp-block-uagb-container uagb-block-88c3add5 alignfull uagb-is-root-container\"><div class=\"uagb-container-inner-blocks-wrap\">\n<p class=\"has-black-color has-text-color has-link-color has-medium-font-size wp-elements-fe012c5e274e3842c8cf5c470e919fe5\"><strong>Intihar hakk\u0131nda<\/strong><\/p>\n<\/div><\/div>\n\n\n\n<div class=\"wp-block-uagb-container uagb-block-21afdb3d alignfull uagb-is-root-container\"><div class=\"uagb-container-inner-blocks-wrap\">\n<figure class=\"wp-block-image size-full is-resized\"><img fetchpriority=\"high\" decoding=\"async\" width=\"361\" height=\"259\" src=\"https:\/\/nuevo-renacer.com\/wp-content\/uploads\/2024\/10\/illustration-man-free-fall-surreal-260nw-2332925961-edited.webp\" alt=\"\" class=\"wp-image-5195\" style=\"width:347px;height:auto\" srcset=\"https:\/\/nuevo-renacer.com\/wp-content\/uploads\/2024\/10\/illustration-man-free-fall-surreal-260nw-2332925961-edited.webp 361w, https:\/\/nuevo-renacer.com\/wp-content\/uploads\/2024\/10\/illustration-man-free-fall-surreal-260nw-2332925961-edited-300x215.webp 300w, https:\/\/nuevo-renacer.com\/wp-content\/uploads\/2024\/10\/illustration-man-free-fall-surreal-260nw-2332925961-edited-18x12.webp 18w\" sizes=\"(max-width: 361px) 100vw, 361px\" \/><\/figure>\n<\/div><\/div>\n\n\n\n<div class=\"wp-block-uagb-container uagb-block-4e4cd0ee alignfull uagb-is-root-container\"><div class=\"uagb-container-inner-blocks-wrap\">\n<p class=\"has-black-color has-text-color has-link-color has-small-font-size wp-elements-64f72341e7a03a0103e289a1c7033176\">\u0130ntihara izin verilir mi, yasaklan\u0131r m\u0131, cezaland\u0131r\u0131l\u0131r m\u0131, cezaland\u0131r\u0131lmaz m\u0131? Sonu\u00e7ta, \u00f6zg\u00fcr irade diye bir \u015fey var m\u0131 ve intihar ruhun bir plan\u0131n\u0131n par\u00e7as\u0131ysa? O zaman izin verilir.<\/p>\n\n\n\n<p class=\"has-black-color has-text-color has-link-color has-small-font-size wp-elements-8bb7d4b7067a30ce5accf053323dee90\"><strong>Cevap ver: <\/strong><\/p>\n\n\n\n<p class=\"has-black-color has-text-color has-link-color has-small-font-size wp-elements-958554ba4ce32a4ad3fc2fb39d84d6b1\">Tanr\u0131'n\u0131n insanlara \u00f6zg\u00fcr irade verdi\u011fi do\u011frudur, ancak \u015funu bir d\u00fc\u015f\u00fcn\u00fcn: Siz insanlar d\u00fcnyaya kendi zevkiniz i\u00e7in enkarne olmad\u0131n\u0131z. Ge\u00e7mi\u015f ya\u015famlar\u0131n\u0131zdaki hatalar\u0131n\u0131z\u0131n kefaretini \u00f6demek ve onlardan ders almak i\u00e7in yery\u00fcz\u00fcndesiniz; ilahi ama\u00e7 sizin m\u00fckemmelle\u015fmeniz ve reenkarnasyon d\u00f6ng\u00fcs\u00fcnden kurtulman\u0131zd\u0131r. Dolay\u0131s\u0131yla, yery\u00fcz\u00fc kusurlu ruhlar i\u00e7in b\u00fcy\u00fck bir okul gibidir. \u015eimdi bu b\u00fcy\u00fck \u201cyery\u00fcz\u00fc okulu\u201d ile sizin \u00e7ocuk okullar\u0131n\u0131z aras\u0131nda bir kar\u015f\u0131la\u015ft\u0131rma yapal\u0131m. Nas\u0131l ki d\u00fcnya okulu plan\u0131n\u0131n en b\u00fcy\u00fck hedefi \u00e7ocuklar\u0131n okuldan mezun olup hayatta daha iyi kariyer f\u0131rsatlar\u0131na sahip olmalar\u0131 ise, sizin deyiminizle \u201cruh plan\u0131n\u0131z\u0131n\u201d en b\u00fcy\u00fck hedefi de m\u00fckemmellik ve kurtulu\u015ftur.<\/p>\n\n\n\n<p class=\"has-black-color has-text-color has-link-color has-small-font-size wp-elements-8f808c4e5392493c693778aa7cc7b960\">Sin embargo, el plan escolar no dice que debes abandonar la escuela antes de graduarte porque no quieres o porque el material y los ex\u00e1menes son demasiado dif\u00edciles para ti. Por supuesto, eres libre de hacerlo a partir de cierta edad. Hay muchos desertores escolares entre vosotros. Y a primera vista, este camino parece el m\u00e1s f\u00e1cil, pero es una ilusi\u00f3n enga\u00f1osa. En realidad, tendr\u00e1s que pagar este camino supuestamente f\u00e1cil con consecuencias posteriores. Y lo mismo ocurre con el suicidio. S\u00ed, eres libre por Dios para acortar tu vida. Pero no conseguir\u00e1s tu objetivo de escapar de tus tribulaciones terrenales y de las lecciones divinas que contienen de la forma m\u00e1s f\u00e1cil posible. Vuestras almas est\u00e1n, por as\u00ed decirlo, programadas con la necesidad urgente de perfeccionarse. Pero esto s\u00f3lo es posible a trav\u00e9s de la reencarnaci\u00f3n y sus pruebas y lecciones. Por lo tanto, tarde o temprano volver\u00e1 voluntariamente a la Tierra o a otro planeta adecuado para alcanzar su gran objetivo. Tendr\u00e1 que ponerse al d\u00eda en todas las lecciones, a veces en circunstancias a\u00fan m\u00e1s dif\u00edciles, lo que no debe entenderse como un castigo de Dios, sino como una lecci\u00f3n m\u00e1s.<\/p>\n\n\n\n<p class=\"has-black-color has-text-color has-link-color has-small-font-size wp-elements-8962a79e3ba473daf90ecf4f910ca0ed\"><strong>Sonu\u00e7: <\/strong>Evet, herkes intihar etmekte \u00f6zg\u00fcrd\u00fcr. Ancak intihar a\u00e7\u0131k \u00e7ek anlam\u0131na gelmez. Bunun sonu\u00e7lar\u0131 olacakt\u0131r, \u00e7\u00fcnk\u00fc ruhlar i\u00e7in geli\u015fimlerindeki durgunluk uzun vadede ac\u0131 vericidir. Ve bu anlamda, evet, gelecekteki kaderinizden ve bunun sonu\u00e7lar\u0131ndan kendiniz sorumlusunuz.<\/p>\n\n\n\n<p><em>Daniela M.<\/em><\/p>\n<\/div><\/div>\n\n\n\n<div class=\"wp-block-uagb-container uagb-block-a2302b25 alignfull uagb-is-root-container\"><div class=\"uagb-container-inner-blocks-wrap\"><\/div><\/div>\n\n\n\n<div class=\"wp-block-uagb-container uagb-block-6048f485 alignfull uagb-is-root-container\"><div class=\"uagb-container-inner-blocks-wrap\"><\/div><\/div>","protected":false},"excerpt":{"rendered":"<p>Acerca del suicidio \u00bfEst\u00e1 permitido o prohibido el suicidio? \u00bfSe castiga o no? Despu\u00e9s de todo \u00bfexiste el libre albedr\u00edo? \u00bfY si el suicidio forma parte de un plan del alma? Entonces est\u00e1 permitido. Respuesta: Es cierto que Dios dio a los hombres el libre albedr\u00edo, pero consideren esto: Ustedes los humanos no est\u00e1n encarnados [&hellip;]<\/p>","protected":false},"author":1,"featured_media":0,"parent":0,"menu_order":0,"comment_status":"closed","ping_status":"closed","template":"","meta":{"_uag_custom_page_level_css":"","site-sidebar-layout":"default","site-content-layout":"","ast-site-content-layout":"default","site-content-style":"default","site-sidebar-style":"default","ast-global-header-display":"","ast-banner-title-visibility":"","ast-main-header-display":"","ast-hfb-above-header-display":"","ast-hfb-below-header-display":"","ast-hfb-mobile-header-display":"","site-post-title":"disabled","ast-breadcrumbs-content":"","ast-featured-img":"","footer-sml-layout":"","theme-transparent-header-meta":"","adv-header-id-meta":"","stick-header-meta":"","header-above-stick-meta":"","header-main-stick-meta":"","header-below-stick-meta":"","astra-migrate-meta-layouts":"set","ast-page-background-enabled":"default","ast-page-background-meta":{"desktop":{"background-color":"var(--ast-global-color-4)","background-image":"","background-repeat":"repeat","background-position":"center center","background-size":"auto","background-attachment":"scroll","background-type":"","background-media":"","overlay-type":"","overlay-color":"","overlay-opacity":"","overlay-gradient":""},"tablet":{"background-color":"","background-image":"","background-repeat":"repeat","background-position":"center center","background-size":"auto","background-attachment":"scroll","background-type":"","background-media":"","overlay-type":"","overlay-color":"","overlay-opacity":"","overlay-gradient":""},"mobile":{"background-color":"","background-image":"","background-repeat":"repeat","background-position":"center center","background-size":"auto","background-attachment":"scroll","background-type":"","background-media":"","overlay-type":"","overlay-color":"","overlay-opacity":"","overlay-gradient":""}},"ast-content-background-meta":{"desktop":{"background-color":"var(--ast-global-color-5)","background-image":"","background-repeat":"repeat","background-position":"center center","background-size":"auto","background-attachment":"scroll","background-type":"","background-media":"","overlay-type":"","overlay-color":"","overlay-opacity":"","overlay-gradient":""},"tablet":{"background-color":"var(--ast-global-color-5)","background-image":"","background-repeat":"repeat","background-position":"center center","background-size":"auto","background-attachment":"scroll","background-type":"","background-media":"","overlay-type":"","overlay-color":"","overlay-opacity":"","overlay-gradient":""},"mobile":{"background-color":"var(--ast-global-color-5)","background-image":"","background-repeat":"repeat","background-position":"center center","background-size":"auto","background-attachment":"scroll","background-type":"","background-media":"","overlay-type":"","overlay-color":"","overlay-opacity":"","overlay-gradient":""}},"footnotes":""},"class_list":["post-5199","page","type-page","status-publish","hentry"],"yoast_head":"<!-- This site is optimized with the Yoast SEO Premium plugin v24.2 (Yoast SEO v24.6) - https:\/\/yoast.com\/wordpress\/plugins\/seo\/ -->\n<title>Acerca del suicidio - Uni\u00f3n Esp\u00edrita<\/title>\n<meta name=\"robots\" content=\"index, follow, max-snippet:-1, max-image-preview:large, max-video-preview:-1\" \/>\n<link rel=\"canonical\" href=\"https:\/\/nuevo-renacer.com\/tr\/daniela-m-acerca-del-suicidio\/\" \/>\n<meta property=\"og:locale\" content=\"tr_TR\" \/>\n<meta property=\"og:type\" content=\"article\" \/>\n<meta property=\"og:title\" content=\"Acerca del suicidio\" \/>\n<meta property=\"og:description\" content=\"Acerca del suicidio \u00bfEst\u00e1 permitido o prohibido el suicidio? \u00bfSe castiga o no? Despu\u00e9s de todo \u00bfexiste el libre albedr\u00edo? \u00bfY si el suicidio forma parte de un plan del alma? Entonces est\u00e1 permitido. Respuesta: Es cierto que Dios dio a los hombres el libre albedr\u00edo, pero consideren esto: Ustedes los humanos no est\u00e1n encarnados [&hellip;]\" \/>\n<meta property=\"og:url\" content=\"https:\/\/nuevo-renacer.com\/tr\/daniela-m-acerca-del-suicidio\/\" \/>\n<meta property=\"og:site_name\" content=\"Uni\u00f3n Esp\u00edrita\" \/>\n<meta property=\"article:publisher\" content=\"https:\/\/www.facebook.com\/groups\/3431398063740829\" \/>\n<meta property=\"article:modified_time\" content=\"2024-10-10T14:31:49+00:00\" \/>\n<meta property=\"og:image\" content=\"https:\/\/nuevo-renacer.com\/wp-content\/uploads\/2024\/10\/illustration-man-free-fall-surreal-260nw-2332925961-edited.webp\" \/>\n<meta name=\"twitter:card\" content=\"summary_large_image\" \/>\n<meta name=\"twitter:label1\" content=\"Tahmini okuma s\u00fcresi\" \/>\n\t<meta name=\"twitter:data1\" content=\"3 dakika\" \/>\n<script type=\"application\/ld+json\" class=\"yoast-schema-graph\">{\"@context\":\"https:\/\/schema.org\",\"@graph\":[{\"@type\":\"WebPage\",\"@id\":\"https:\/\/nuevo-renacer.com\/daniela-m-acerca-del-suicidio\/\",\"url\":\"https:\/\/nuevo-renacer.com\/daniela-m-acerca-del-suicidio\/\",\"name\":\"Acerca del suicidio - Uni\u00f3n Esp\u00edrita\",\"isPartOf\":{\"@id\":\"https:\/\/nuevo-renacer.com\/#website\"},\"primaryImageOfPage\":{\"@id\":\"https:\/\/nuevo-renacer.com\/daniela-m-acerca-del-suicidio\/#primaryimage\"},\"image\":{\"@id\":\"https:\/\/nuevo-renacer.com\/daniela-m-acerca-del-suicidio\/#primaryimage\"},\"thumbnailUrl\":\"https:\/\/nuevo-renacer.com\/wp-content\/uploads\/2024\/10\/illustration-man-free-fall-surreal-260nw-2332925961-edited.webp\",\"datePublished\":\"2024-10-03T17:30:18+00:00\",\"dateModified\":\"2024-10-10T14:31:49+00:00\",\"breadcrumb\":{\"@id\":\"https:\/\/nuevo-renacer.com\/daniela-m-acerca-del-suicidio\/#breadcrumb\"},\"inLanguage\":\"tr\",\"potentialAction\":[{\"@type\":\"ReadAction\",\"target\":[\"https:\/\/nuevo-renacer.com\/daniela-m-acerca-del-suicidio\/\"]}]},{\"@type\":\"ImageObject\",\"inLanguage\":\"tr\",\"@id\":\"https:\/\/nuevo-renacer.com\/daniela-m-acerca-del-suicidio\/#primaryimage\",\"url\":\"https:\/\/nuevo-renacer.com\/wp-content\/uploads\/2024\/10\/illustration-man-free-fall-surreal-260nw-2332925961-edited.webp\",\"contentUrl\":\"https:\/\/nuevo-renacer.com\/wp-content\/uploads\/2024\/10\/illustration-man-free-fall-surreal-260nw-2332925961-edited.webp\"},{\"@type\":\"BreadcrumbList\",\"@id\":\"https:\/\/nuevo-renacer.com\/daniela-m-acerca-del-suicidio\/#breadcrumb\",\"itemListElement\":[{\"@type\":\"ListItem\",\"position\":1,\"name\":\"Startseite\",\"item\":\"https:\/\/nuevo-renacer.com\/\"},{\"@type\":\"ListItem\",\"position\":2,\"name\":\"Acerca del suicidio\"}]},{\"@type\":\"WebSite\",\"@id\":\"https:\/\/nuevo-renacer.com\/#website\",\"url\":\"https:\/\/nuevo-renacer.com\/\",\"name\":\"Uni\u00f3n Esp\u00edrita\",\"description\":\"Nuevo Renacer\",\"publisher\":{\"@id\":\"https:\/\/nuevo-renacer.com\/#organization\"},\"potentialAction\":[{\"@type\":\"SearchAction\",\"target\":{\"@type\":\"EntryPoint\",\"urlTemplate\":\"https:\/\/nuevo-renacer.com\/?s={search_term_string}\"},\"query-input\":{\"@type\":\"PropertyValueSpecification\",\"valueRequired\":true,\"valueName\":\"search_term_string\"}}],\"inLanguage\":\"tr\"},{\"@type\":\"Organization\",\"@id\":\"https:\/\/nuevo-renacer.com\/#organization\",\"name\":\"UFEC\",\"url\":\"https:\/\/nuevo-renacer.com\/\",\"logo\":{\"@type\":\"ImageObject\",\"inLanguage\":\"tr\",\"@id\":\"https:\/\/nuevo-renacer.com\/#\/schema\/logo\/image\/\",\"url\":\"https:\/\/nuevo-renacer.com\/wp-content\/uploads\/2024\/05\/cropped-LOGO-TERMINADO1-3-3.png\",\"contentUrl\":\"https:\/\/nuevo-renacer.com\/wp-content\/uploads\/2024\/05\/cropped-LOGO-TERMINADO1-3-3.png\",\"width\":512,\"height\":512,\"caption\":\"UFEC\"},\"image\":{\"@id\":\"https:\/\/nuevo-renacer.com\/#\/schema\/logo\/image\/\"},\"sameAs\":[\"https:\/\/www.facebook.com\/groups\/3431398063740829\"]}]}<\/script>\n<!-- \/ Yoast SEO Premium plugin. -->","yoast_head_json":{"title":"Acerca del suicidio - Uni\u00f3n Esp\u00edrita","robots":{"index":"index","follow":"follow","max-snippet":"max-snippet:-1","max-image-preview":"max-image-preview:large","max-video-preview":"max-video-preview:-1"},"canonical":"https:\/\/nuevo-renacer.com\/tr\/daniela-m-acerca-del-suicidio\/","og_locale":"tr_TR","og_type":"article","og_title":"Acerca del suicidio","og_description":"Acerca del suicidio \u00bfEst\u00e1 permitido o prohibido el suicidio? \u00bfSe castiga o no? Despu\u00e9s de todo \u00bfexiste el libre albedr\u00edo? \u00bfY si el suicidio forma parte de un plan del alma? Entonces est\u00e1 permitido. Respuesta: Es cierto que Dios dio a los hombres el libre albedr\u00edo, pero consideren esto: Ustedes los humanos no est\u00e1n encarnados [&hellip;]","og_url":"https:\/\/nuevo-renacer.com\/tr\/daniela-m-acerca-del-suicidio\/","og_site_name":"Uni\u00f3n Esp\u00edrita","article_publisher":"https:\/\/www.facebook.com\/groups\/3431398063740829","article_modified_time":"2024-10-10T14:31:49+00:00","og_image":[{"url":"https:\/\/nuevo-renacer.com\/wp-content\/uploads\/2024\/10\/illustration-man-free-fall-surreal-260nw-2332925961-edited.webp","type":"","width":"","height":""}],"twitter_card":"summary_large_image","twitter_misc":{"Tahmini okuma s\u00fcresi":"3 dakika"},"schema":{"@context":"https:\/\/schema.org","@graph":[{"@type":"WebPage","@id":"https:\/\/nuevo-renacer.com\/daniela-m-acerca-del-suicidio\/","url":"https:\/\/nuevo-renacer.com\/daniela-m-acerca-del-suicidio\/","name":"Acerca del suicidio - Uni\u00f3n Esp\u00edrita","isPartOf":{"@id":"https:\/\/nuevo-renacer.com\/#website"},"primaryImageOfPage":{"@id":"https:\/\/nuevo-renacer.com\/daniela-m-acerca-del-suicidio\/#primaryimage"},"image":{"@id":"https:\/\/nuevo-renacer.com\/daniela-m-acerca-del-suicidio\/#primaryimage"},"thumbnailUrl":"https:\/\/nuevo-renacer.com\/wp-content\/uploads\/2024\/10\/illustration-man-free-fall-surreal-260nw-2332925961-edited.webp","datePublished":"2024-10-03T17:30:18+00:00","dateModified":"2024-10-10T14:31:49+00:00","breadcrumb":{"@id":"https:\/\/nuevo-renacer.com\/daniela-m-acerca-del-suicidio\/#breadcrumb"},"inLanguage":"tr","potentialAction":[{"@type":"ReadAction","target":["https:\/\/nuevo-renacer.com\/daniela-m-acerca-del-suicidio\/"]}]},{"@type":"ImageObject","inLanguage":"tr","@id":"https:\/\/nuevo-renacer.com\/daniela-m-acerca-del-suicidio\/#primaryimage","url":"https:\/\/nuevo-renacer.com\/wp-content\/uploads\/2024\/10\/illustration-man-free-fall-surreal-260nw-2332925961-edited.webp","contentUrl":"https:\/\/nuevo-renacer.com\/wp-content\/uploads\/2024\/10\/illustration-man-free-fall-surreal-260nw-2332925961-edited.webp"},{"@type":"BreadcrumbList","@id":"https:\/\/nuevo-renacer.com\/daniela-m-acerca-del-suicidio\/#breadcrumb","itemListElement":[{"@type":"ListItem","position":1,"name":"Startseite","item":"https:\/\/nuevo-renacer.com\/"},{"@type":"ListItem","position":2,"name":"Acerca del suicidio"}]},{"@type":"WebSite","@id":"https:\/\/nuevo-renacer.com\/#website","url":"https:\/\/nuevo-renacer.com\/","name":"Uni\u00f3n Esp\u00edrita","description":"Nuevo Renacer","publisher":{"@id":"https:\/\/nuevo-renacer.com\/#organization"},"potentialAction":[{"@type":"SearchAction","target":{"@type":"EntryPoint","urlTemplate":"https:\/\/nuevo-renacer.com\/?s={search_term_string}"},"query-input":{"@type":"PropertyValueSpecification","valueRequired":true,"valueName":"search_term_string"}}],"inLanguage":"tr"},{"@type":"Organization","@id":"https:\/\/nuevo-renacer.com\/#organization","name":"UFEC","url":"https:\/\/nuevo-renacer.com\/","logo":{"@type":"ImageObject","inLanguage":"tr","@id":"https:\/\/nuevo-renacer.com\/#\/schema\/logo\/image\/","url":"https:\/\/nuevo-renacer.com\/wp-content\/uploads\/2024\/05\/cropped-LOGO-TERMINADO1-3-3.png","contentUrl":"https:\/\/nuevo-renacer.com\/wp-content\/uploads\/2024\/05\/cropped-LOGO-TERMINADO1-3-3.png","width":512,"height":512,"caption":"UFEC"},"image":{"@id":"https:\/\/nuevo-renacer.com\/#\/schema\/logo\/image\/"},"sameAs":["https:\/\/www.facebook.com\/groups\/3431398063740829"]}]}},"uagb_featured_image_src":{"full":false,"thumbnail":false,"medium":false,"medium_large":false,"large":false,"1536x1536":false,"2048x2048":false,"trp-custom-language-flag":false},"uagb_author_info":{"display_name":"adbv0","author_link":"https:\/\/nuevo-renacer.com\/tr\/author\/adbv0\/"},"uagb_comment_info":0,"uagb_excerpt":"Acerca del suicidio \u00bfEst\u00e1 permitido o prohibido el suicidio? \u00bfSe castiga o no? Despu\u00e9s de todo \u00bfexiste el libre albedr\u00edo? \u00bfY si el suicidio forma parte de un plan del alma? Entonces est\u00e1 permitido. Respuesta: Es cierto que Dios dio a los hombres el libre albedr\u00edo, pero consideren esto: Ustedes los humanos no est\u00e1n encarnados&hellip;","jetpack_sharing_enabled":true,"_links":{"self":[{"href":"https:\/\/nuevo-renacer.com\/tr\/wp-json\/wp\/v2\/pages\/5199","targetHints":{"allow":["GET"]}}],"collection":[{"href":"https:\/\/nuevo-renacer.com\/tr\/wp-json\/wp\/v2\/pages"}],"about":[{"href":"https:\/\/nuevo-renacer.com\/tr\/wp-json\/wp\/v2\/types\/page"}],"author":[{"embeddable":true,"href":"https:\/\/nuevo-renacer.com\/tr\/wp-json\/wp\/v2\/users\/1"}],"replies":[{"embeddable":true,"href":"https:\/\/nuevo-renacer.com\/tr\/wp-json\/wp\/v2\/comments?post=5199"}],"version-history":[{"count":5,"href":"https:\/\/nuevo-renacer.com\/tr\/wp-json\/wp\/v2\/pages\/5199\/revisions"}],"predecessor-version":[{"id":5507,"href":"https:\/\/nuevo-renacer.com\/tr\/wp-json\/wp\/v2\/pages\/5199\/revisions\/5507"}],"wp:attachment":[{"href":"https:\/\/nuevo-renacer.com\/tr\/wp-json\/wp\/v2\/media?parent=5199"}],"curies":[{"name":"wp","href":"https:\/\/api.w.org\/{rel}","templated":true}]}}