{"id":5173,"date":"2024-10-01T12:03:26","date_gmt":"2024-10-01T12:03:26","guid":{"rendered":"https:\/\/nuevo-renacer.com\/?page_id=5173"},"modified":"2024-10-01T12:26:22","modified_gmt":"2024-10-01T12:26:22","slug":"la-sintesis-del-proceso-evolutivo","status":"publish","type":"page","link":"https:\/\/nuevo-renacer.com\/tr\/la-sintesis-del-proceso-evolutivo\/","title":{"rendered":"Evrimsel s\u00fcrecin sentezi"},"content":{"rendered":"<div class=\"wp-block-uagb-container uagb-block-712080f3 alignfull uagb-is-root-container\"><div class=\"uagb-container-inner-blocks-wrap\">\n<p class=\"has-black-color has-text-color has-link-color has-medium-font-size wp-elements-d4660f81fdc474f236a851aa90d95fbb\"><strong>Evrimsel s\u00fcrecin sentezi<\/strong><\/p>\n<\/div><\/div>\n\n\n\n<div class=\"wp-block-uagb-container uagb-block-98eeeb9c alignfull uagb-is-root-container\"><div class=\"uagb-container-inner-blocks-wrap\">\n<figure class=\"wp-block-image size-full is-resized\"><img fetchpriority=\"high\" decoding=\"async\" width=\"554\" height=\"350\" src=\"https:\/\/nuevo-renacer.com\/wp-content\/uploads\/2024\/10\/step_into_the_light_by_youngphoenix3191_d9vvvr9-350t.jpg\" alt=\"\" class=\"wp-image-5179\" style=\"width:396px;height:auto\" srcset=\"https:\/\/nuevo-renacer.com\/wp-content\/uploads\/2024\/10\/step_into_the_light_by_youngphoenix3191_d9vvvr9-350t.jpg 554w, https:\/\/nuevo-renacer.com\/wp-content\/uploads\/2024\/10\/step_into_the_light_by_youngphoenix3191_d9vvvr9-350t-300x190.jpg 300w, https:\/\/nuevo-renacer.com\/wp-content\/uploads\/2024\/10\/step_into_the_light_by_youngphoenix3191_d9vvvr9-350t-18x12.jpg 18w\" sizes=\"(max-width: 554px) 100vw, 554px\" \/><\/figure>\n<\/div><\/div>\n\n\n\n<div class=\"wp-block-uagb-container uagb-block-75f7fd58 alignfull uagb-is-root-container\"><div class=\"uagb-container-inner-blocks-wrap\">\n<p class=\"has-black-color has-text-color has-link-color has-small-font-size wp-elements-e78ee0116059f25bc1ee3653e9b8d2b6\">Evrim ve kurtarmadaki ruh, s\u0131n\u0131fta, yaln\u0131zca ilgili kurtarmalarla kar\u015f\u0131la\u015ft\u0131\u011f\u0131n\u0131zda \u00e7\u0131kaca\u011f\u0131n\u0131z ve i\u00e7erdi\u011fi dersleri \u00f6z\u00fcmseyece\u011finiz s\u0131n\u0131rs\u0131z bir arada ya\u015fama maruz kald\u0131\u011f\u0131 yerde bulunur. Size sunulan ko\u015fullar\u0131n ve ihtiya\u00e7 duyulan kurtarmalara uydu\u011fu dersleri ne kadar erken \u00f6\u011frenirseniz, yeni \u00f6\u011frenme aray\u0131\u015f\u0131nda bir veya di\u011fer s\u0131n\u0131fa o kadar h\u0131zl\u0131 ge\u00e7ersiniz. Bu ba\u011flamda ruh, kefaret ve imtihan ihtiya\u00e7lar\u0131na g\u00f6re bireysel ve kolektif olarak etkinliklere kat\u0131laca\u011f\u0131 do\u011fru yere, do\u011fru insanlar\u0131n yan\u0131na ve do\u011fru zamanda yerle\u015ftirilir.<\/p>\n\n\n\n<p class=\"has-black-color has-text-color has-link-color has-small-font-size wp-elements-e099ee9c2b75499d0bf56ce536629374\">Her evrimsel d\u00f6ng\u00fc, y\u00fczy\u0131llar ve bin y\u0131llar ge\u00e7tik\u00e7e, ruhlara sunulan bu s\u0131n\u0131flar\u0131n her biri, her b\u00f6lgede ve her zaman diliminde h\u00fck\u00fcm s\u00fcren k\u00fclt\u00fcr ve geleneklerde modellenen belirli bir \u00f6\u011frenme t\u00fcr\u00fc olan reenkarne oldu. B\u00f6lgesel olan bu esaret alt\u0131nda, ruhlar D\u00fcnya&#039;da evrimle\u015fti ve evrimle\u015fiyor, de\u011ferli f\u0131rsatlar olarak ya\u015f\u0131yorlar.<br>Ruhsal d\u00fcnyada, akraba ruhlar uyduklar\u0131 titre\u015fimli d\u00fczlemlere \u00e7ekilir. Fiziksel d\u00fczlemde, bu s\u0131n\u0131rlar boyunca ger\u00e7ekle\u015fir, bu nedenle evrimsel a\u015famada kendimizi buldu\u011fumuz, bir duygu tekd\u00fczeli\u011finin oldu\u011fu yerde, akraba ruh kitlelerini bir araya getirmek i\u00e7in s\u0131n\u0131rlar hala gereklidir. Ancak D\u00fcnya, anne o kadar zengin ve c\u00f6mert ki, bu y\u00fczy\u0131l\u0131n sonunda sakinlerinin her neslinin sald\u0131r\u0131lar\u0131na dayan\u0131yor ve \u00fc\u00e7\u00fcnc\u00fc biny\u0131l\u0131n girdisiyle her \u015fey onlar\u0131n geli\u015fim d\u00f6ng\u00fcs\u00fcn\u00fc kefaret gezegeni ko\u015fulunda tamamlamam\u0131z gerekti\u011fini g\u00f6steriyor ve test, \u0130sa taraf\u0131ndan manevi d\u00fcnyadaki havarilere peygamberlik etmek i\u00e7in at\u0131fta bulunulan yeni bir evrimsel d\u00f6ng\u00fcye girerek, sonu\u00e7 olarak, evrensel insanl\u0131\u011f\u0131n yeniden \u00f6rg\u00fctlenmesinin b\u00fcy\u00fck g\u00f6\u00e7 yoluyla etkili olmas\u0131 gerekecektir. \u0130sa&#039;n\u0131n da at\u0131fta bulundu\u011fu ruhlar\u0131n do\u011fal seleksiyonu, zaman i\u00e7inde faaliyete ge\u00e7er ve kitlelerin toprak s\u0131n\u0131rlar\u0131 i\u00e7inde homojen bir \u015fekilde bir araya gelerek, onlar\u0131 gelecekteki olaylar\u0131n kolayla\u015ft\u0131raca\u011f\u0131 stratejik yerlere yerle\u015ftirerek neden-sonu\u00e7 yasalar\u0131 y\u00fcr\u00fcrl\u00fc\u011fe girer.g\u00f6\u00e7.<\/p>\n\n\n\n<p class=\"has-black-color has-text-color has-link-color has-small-font-size wp-elements-971488efd7dac533422c2d566e170e88\">Kardec&#039;in Ekim 1866 ay\u0131 edit\u00f6rl\u00fc\u011f\u00fcn\u00fc yapt\u0131\u011f\u0131 Spiritist dergisinde, ayn\u0131 y\u0131l\u0131n Nisan ay\u0131nda uyurgezerlik yoluyla Srs olarak an\u0131lan ortamlar taraf\u0131ndan al\u0131nan bilgiler olan \u201cRuhlar\u0131n insanl\u0131\u011f\u0131n yenilenmesine ili\u015fkin talimatlar\u0131\u201d ba\u015fl\u0131\u011f\u0131 alt\u0131nda yay\u0131nland\u0131.: M. ve T., insanl\u0131\u011f\u0131n ahlaki d\u00f6n\u00fc\u015f\u00fcm\u00fcne at\u0131fta bulunarak ruhlar\u0131n yeniden d\u00fczenlenmesinden bahsedin:<\/p>\n\n\n\n<p class=\"has-black-color has-text-color has-link-color has-small-font-size wp-elements-d7d0b31ce3c742359100578e74937f66\">\u201dBu geli\u015fme izole ve bireysel oldu\u011funda, fark edilmeyecek ve d\u00fcnyada a\u00e7\u0131k\u00e7a etkilemeyecektir. Etki, b\u00fcy\u00fck kitlelerde ayn\u0131 anda \u00e7al\u0131\u015ft\u0131r\u0131ld\u0131\u011f\u0131nda ba\u015fka bir etki olacakt\u0131r. Bununla birlikte, o zaman, oranlara uygun olarak, bir nesilde bir halk\u0131n veya bir \u0131rk\u0131n fikirleri de\u011fi\u015ftirilebilir. Bu not neredeyse her zaman pop\u00fclasyonlar\u0131 yok eden b\u00fcy\u00fck sars\u0131nt\u0131lardan sonrad\u0131r. Flagella destroyerleri sadece bedeni yok eder, ancak ruha ula\u015fmazlar; d\u00fcnya bedeni ile manevi d\u00fcnya aras\u0131nda gidip gelme hareketini harekete ge\u00e7irin ve bunun sonucunda ruhlar\u0131n ilerici hareketi enkarne olur ve enkarne olur. \u015eu anda faaliyet g\u00f6steren genel muhasebe defterlerinden birindedir ve bu, insanl\u0131\u011f\u0131n yeniden \u00f6rg\u00fctlenmesini belirlemelidir. Y\u0131k\u0131m nedenlerinin \u00e7oklu\u011fu, yeni mikroplar\u0131n ortaya \u00e7\u0131kmas\u0131n\u0131 h\u0131zland\u0131rmalar\u0131 gerekti\u011fi i\u00e7in zaman\u0131n bir i\u015faret \u00f6zelli\u011fidir...\u201d<\/p>\n\n\n\n<p class=\"has-black-color has-text-color has-link-color has-small-font-size wp-elements-8d781baa2a8521059138abbdec11ba61\">Ruhlar, y\u0131k\u0131m nedenlerinin \u00e7oklu\u011fu iddias\u0131, birka\u00e7 on y\u0131l i\u00e7inde adam\u0131n \u00f6l\u00e7\u00fclemez bir y\u0131k\u0131m g\u00fcc\u00fcyle sonu\u00e7lanacak bir silahlanma yar\u0131\u015f\u0131na ba\u015flayaca\u011f\u0131n\u0131 biliyorlard\u0131. Yani, dengesizliklerin etkilerini saymamak ahlaki y\u00fczy\u0131llar boyunca bir vir\u00fcs\u00fc yans\u0131t\u0131yordu astral Her nesilde kurumsal olarak ortaya \u00e7\u0131kan ve hastal\u0131klarla sonu\u00e7lanan \u00e7a\u011fda\u015f bilimin geri d\u00f6n\u00fc\u015f\u00fc olmayan zorlu\u011fu. Bu s\u00fcreci nas\u0131l tetikleyece\u011fini bilmek i\u00e7in peygamber veya falc\u0131 olmak gerekli de\u011fildir. Sebep-sonu\u00e7 yasalar\u0131n\u0131n bilgisi ile sahnede bizi \u00e7e\u015fitli okullarla ve onlar\u0131n s\u0131n\u0131flar\u0131yla tan\u0131\u015ft\u0131ran bir analiz yapmak yeterlidir ve onlar\u0131n b\u00fcy\u00fck kitleleri nerede, ba\u015far\u0131s\u0131z ve ne \u015fekilde b\u0131rakacaklar\u0131n\u0131 ke\u015ffedece\u011fiz. Bir analiz acele etmeden \u00f6nce, b\u00f6lgelerin ve onu olu\u015fturan \u00fclkelerin evrimsel stat\u00fcs\u00fcn\u00fcn yaln\u0131zca k\u00fclt\u00fcrel, bilimsel, teknolojik veya ekonomik geli\u015fmelerle \u00f6l\u00e7\u00fclemeyece\u011fini, evet ve esas olarak sakinlerinin \u00e7o\u011funlu\u011funu b\u00fcy\u00fcten tutum, d\u00fc\u015f\u00fcnce ve duygularla \u00f6l\u00e7\u00fclemeyece\u011fini anlamal\u0131y\u0131z. Asya&#039;da dini fanatizmin ve despotizmin \u015fiddet ve \u00f6l\u00fcm\u00fc te\u015fvik eden hakimiyetine tan\u0131k oluyoruz; Avrupa ve Kuzey Amerika&#039;da, insan bencilli\u011finin korumas\u0131 alt\u0131nda, bu y\u00fczy\u0131l\u0131n ve biny\u0131l\u0131n sonunda t\u00fcm k\u0131talar\u0131 etkileyen, a\u00e7l\u0131\u011f\u0131 yayan ve k\u00f6r\u00fckleyen vah\u015fi kapitalizmin hakimiyetine sahibiz. d\u00fcnyadaki sava\u015flar. Bu bir resim k\u0131smi, ama hepsinden en ciddisi, sonu zaten bu topluluklar\u0131n d\u00fc\u015f\u00fcnce ve duygular\u0131ndan kaynaklanan g\u00fc\u00e7l\u00fc miasmalarda etere yans\u0131m\u0131\u015ft\u0131r. Sebep sonu\u00e7 yasas\u0131na g\u00f6re bu b\u00f6lgelerin gelecek y\u0131k\u0131m\u0131n ac\u0131s\u0131n\u0131 ya\u015famas\u0131, te\u015fvik etmesi, ma\u011fdur olmas\u0131 bekleniyor.<\/p>\n\n\n\n<p class=\"has-black-color has-text-color has-link-color has-small-font-size wp-elements-0d286a4399251177fc60eb6648718fbb\">Okuyucu merak ediyor olmal\u0131: peki ya bu topluluklar\u0131n bir par\u00e7as\u0131n\u0131 olu\u015ftursalar da bask\u0131n duygu ve d\u00fc\u015f\u00fcncelere kat\u0131lmayanlar? Masumca ac\u0131 \u00e7ekiyor musun? Yery\u00fcz\u00fcnde masumca ac\u0131 \u00e7ekecek kimse yok! Bu b\u00f6lgelerin sakinlerinden baz\u0131lar\u0131 o kutuya kay\u0131tl\u0131 de\u011filse g\u00fcvenlikle test zaten g\u00f6\u00e7 etti veya s\u0131n\u0131fa g\u00f6\u00e7 edecek, \u00e7\u00fcnk\u00fc bunu hak ediyor. Bununla birlikte, \u015funu anlamal\u0131y\u0131z ki, bu hayatta, bu kolektif duygulara kat\u0131lmam\u0131\u015f olsan\u0131z da, di\u011fer hisse senetlerinde meydana gelen bor\u00e7lar\u0131 kurtarmak i\u00e7in orada olacaks\u0131n\u0131z, yok olacaklar, ancak gezegende d\u0131\u015flanmayacaklar. D\u00fcnyan\u0131n t\u00fcm b\u00f6lgelerinde, gerekli yeniden yap\u0131lanmaya maruz kalacaks\u0131n\u0131z. Yaln\u0131zca, onlar\u0131 almaya mahkum olan d\u00fcnya i\u00e7in dayanmas\u0131 gereken ruhlar\u0131n temizlenmesini te\u015fvik eden sava\u015flar olacakt\u0131r. Do\u011fan\u0131n, bu g\u00f6\u00e7, \u015fiddet ve do\u011fal yol i\u00e7in ilahi plana bir \u015fekilde katk\u0131da bulunan insan taraf\u0131ndan hen\u00fcz anla\u015f\u0131lmayan kaynaklar\u0131 vard\u0131r.<\/p>\n\n\n\n<p class=\"has-black-color has-text-color has-link-color has-small-font-size wp-elements-b87681aeaf310a726a28a1e28f4e7bf2\">Brezilya&#039;da, n\u00fcfusunun \u00e7o\u011funlu\u011funu enkarne eden ve y\u00fcksek derecede uysall\u0131\u011fa ula\u015fan kitlesel se\u00e7ilmi\u015f ruhlar yo\u011funla\u015fm\u0131\u015ft\u0131r. Kalitenin bask\u0131n oldu\u011fu g\u00f6z \u00f6n\u00fcne al\u0131nd\u0131\u011f\u0131nda, insanl\u0131\u011f\u0131n b\u00fcy\u00fck hay\u0131rseveri olarak ortaya \u00e7\u0131kacak! Eski d\u00fcnyadan \u00e7\u0131kar\u0131lacak \u015feylere yard\u0131m etmek i\u00e7in \u00e7ok \u00e7al\u0131\u015facakt\u0131r. Son olarak, D\u00fcnyadaki Kalbin rol\u00fcn\u00fc \u00fcstlenin ve daha sonra, sebep-sonu\u00e7 ve reenkarnasyon yasalar\u0131n\u0131n bilgisiyle ayd\u0131nlanan dindarl\u0131kla, kesinlikle M\u00fcjdenin Vatan\u0131 olarak ayr\u0131lacakt\u0131r.<\/p>\n<\/div><\/div>","protected":false},"excerpt":{"rendered":"<p>La s\u00edntesis del proceso evolutivo El esp\u00edritu en evoluci\u00f3n y rescate, es situado en el aula adecuada donde es sometido a una convivencia ilimitada de donde s\u00f3lo saldr\u00e1 cuando cumpla los respectivos rescates y asimile las lecciones que en el est\u00e1n contenidas. Mientras m\u00e1s r\u00e1pido aprenden las lecciones que las circunstancias le proponen y cumple [&hellip;]<\/p>","protected":false},"author":1,"featured_media":5179,"parent":0,"menu_order":0,"comment_status":"closed","ping_status":"closed","template":"","meta":{"_uag_custom_page_level_css":"","site-sidebar-layout":"default","site-content-layout":"","ast-site-content-layout":"default","site-content-style":"default","site-sidebar-style":"default","ast-global-header-display":"","ast-banner-title-visibility":"","ast-main-header-display":"","ast-hfb-above-header-display":"","ast-hfb-below-header-display":"","ast-hfb-mobile-header-display":"","site-post-title":"disabled","ast-breadcrumbs-content":"","ast-featured-img":"","footer-sml-layout":"","theme-transparent-header-meta":"","adv-header-id-meta":"","stick-header-meta":"","header-above-stick-meta":"","header-main-stick-meta":"","header-below-stick-meta":"","astra-migrate-meta-layouts":"set","ast-page-background-enabled":"default","ast-page-background-meta":{"desktop":{"background-color":"var(--ast-global-color-4)","background-image":"","background-repeat":"repeat","background-position":"center center","background-size":"auto","background-attachment":"scroll","background-type":"","background-media":"","overlay-type":"","overlay-color":"","overlay-opacity":"","overlay-gradient":""},"tablet":{"background-color":"","background-image":"","background-repeat":"repeat","background-position":"center center","background-size":"auto","background-attachment":"scroll","background-type":"","background-media":"","overlay-type":"","overlay-color":"","overlay-opacity":"","overlay-gradient":""},"mobile":{"background-color":"","background-image":"","background-repeat":"repeat","background-position":"center center","background-size":"auto","background-attachment":"scroll","background-type":"","background-media":"","overlay-type":"","overlay-color":"","overlay-opacity":"","overlay-gradient":""}},"ast-content-background-meta":{"desktop":{"background-color":"var(--ast-global-color-5)","background-image":"","background-repeat":"repeat","background-position":"center center","background-size":"auto","background-attachment":"scroll","background-type":"","background-media":"","overlay-type":"","overlay-color":"","overlay-opacity":"","overlay-gradient":""},"tablet":{"background-color":"var(--ast-global-color-5)","background-image":"","background-repeat":"repeat","background-position":"center center","background-size":"auto","background-attachment":"scroll","background-type":"","background-media":"","overlay-type":"","overlay-color":"","overlay-opacity":"","overlay-gradient":""},"mobile":{"background-color":"var(--ast-global-color-5)","background-image":"","background-repeat":"repeat","background-position":"center center","background-size":"auto","background-attachment":"scroll","background-type":"","background-media":"","overlay-type":"","overlay-color":"","overlay-opacity":"","overlay-gradient":""}},"footnotes":""},"class_list":["post-5173","page","type-page","status-publish","has-post-thumbnail","hentry"],"yoast_head":"<!-- This site is optimized with the Yoast SEO Premium plugin v24.2 (Yoast SEO v24.6) - https:\/\/yoast.com\/wordpress\/plugins\/seo\/ -->\n<title>La s\u00edntesis del proceso evolutivo - Uni\u00f3n Esp\u00edrita<\/title>\n<meta name=\"robots\" content=\"index, follow, max-snippet:-1, max-image-preview:large, max-video-preview:-1\" \/>\n<link rel=\"canonical\" href=\"https:\/\/nuevo-renacer.com\/tr\/la-sintesis-del-proceso-evolutivo\/\" \/>\n<meta property=\"og:locale\" content=\"tr_TR\" \/>\n<meta property=\"og:type\" content=\"article\" \/>\n<meta property=\"og:title\" content=\"La s\u00edntesis del proceso evolutivo\" \/>\n<meta property=\"og:description\" content=\"La s\u00edntesis del proceso evolutivo El esp\u00edritu en evoluci\u00f3n y rescate, es situado en el aula adecuada donde es sometido a una convivencia ilimitada de donde s\u00f3lo saldr\u00e1 cuando cumpla los respectivos rescates y asimile las lecciones que en el est\u00e1n contenidas. Mientras m\u00e1s r\u00e1pido aprenden las lecciones que las circunstancias le proponen y cumple [&hellip;]\" \/>\n<meta property=\"og:url\" content=\"https:\/\/nuevo-renacer.com\/tr\/la-sintesis-del-proceso-evolutivo\/\" \/>\n<meta property=\"og:site_name\" content=\"Uni\u00f3n Esp\u00edrita\" \/>\n<meta property=\"article:publisher\" content=\"https:\/\/www.facebook.com\/groups\/3431398063740829\" \/>\n<meta property=\"article:modified_time\" content=\"2024-10-01T12:26:22+00:00\" \/>\n<meta property=\"og:image\" content=\"https:\/\/nuevo-renacer.com\/wp-content\/uploads\/2024\/10\/step_into_the_light_by_youngphoenix3191_d9vvvr9-350t.jpg\" \/>\n\t<meta property=\"og:image:width\" content=\"554\" \/>\n\t<meta property=\"og:image:height\" content=\"350\" \/>\n\t<meta property=\"og:image:type\" content=\"image\/jpeg\" \/>\n<meta name=\"twitter:card\" content=\"summary_large_image\" \/>\n<meta name=\"twitter:label1\" content=\"Tahmini okuma s\u00fcresi\" \/>\n\t<meta name=\"twitter:data1\" content=\"6 dakika\" \/>\n<script type=\"application\/ld+json\" class=\"yoast-schema-graph\">{\"@context\":\"https:\/\/schema.org\",\"@graph\":[{\"@type\":\"WebPage\",\"@id\":\"https:\/\/nuevo-renacer.com\/la-sintesis-del-proceso-evolutivo\/\",\"url\":\"https:\/\/nuevo-renacer.com\/la-sintesis-del-proceso-evolutivo\/\",\"name\":\"La s\u00edntesis del proceso evolutivo - Uni\u00f3n Esp\u00edrita\",\"isPartOf\":{\"@id\":\"https:\/\/nuevo-renacer.com\/#website\"},\"primaryImageOfPage\":{\"@id\":\"https:\/\/nuevo-renacer.com\/la-sintesis-del-proceso-evolutivo\/#primaryimage\"},\"image\":{\"@id\":\"https:\/\/nuevo-renacer.com\/la-sintesis-del-proceso-evolutivo\/#primaryimage\"},\"thumbnailUrl\":\"https:\/\/nuevo-renacer.com\/wp-content\/uploads\/2024\/10\/step_into_the_light_by_youngphoenix3191_d9vvvr9-350t.jpg\",\"datePublished\":\"2024-10-01T12:03:26+00:00\",\"dateModified\":\"2024-10-01T12:26:22+00:00\",\"breadcrumb\":{\"@id\":\"https:\/\/nuevo-renacer.com\/la-sintesis-del-proceso-evolutivo\/#breadcrumb\"},\"inLanguage\":\"tr\",\"potentialAction\":[{\"@type\":\"ReadAction\",\"target\":[\"https:\/\/nuevo-renacer.com\/la-sintesis-del-proceso-evolutivo\/\"]}]},{\"@type\":\"ImageObject\",\"inLanguage\":\"tr\",\"@id\":\"https:\/\/nuevo-renacer.com\/la-sintesis-del-proceso-evolutivo\/#primaryimage\",\"url\":\"https:\/\/nuevo-renacer.com\/wp-content\/uploads\/2024\/10\/step_into_the_light_by_youngphoenix3191_d9vvvr9-350t.jpg\",\"contentUrl\":\"https:\/\/nuevo-renacer.com\/wp-content\/uploads\/2024\/10\/step_into_the_light_by_youngphoenix3191_d9vvvr9-350t.jpg\",\"width\":554,\"height\":350},{\"@type\":\"BreadcrumbList\",\"@id\":\"https:\/\/nuevo-renacer.com\/la-sintesis-del-proceso-evolutivo\/#breadcrumb\",\"itemListElement\":[{\"@type\":\"ListItem\",\"position\":1,\"name\":\"Startseite\",\"item\":\"https:\/\/nuevo-renacer.com\/\"},{\"@type\":\"ListItem\",\"position\":2,\"name\":\"La s\u00edntesis del proceso evolutivo\"}]},{\"@type\":\"WebSite\",\"@id\":\"https:\/\/nuevo-renacer.com\/#website\",\"url\":\"https:\/\/nuevo-renacer.com\/\",\"name\":\"Uni\u00f3n Esp\u00edrita\",\"description\":\"Nuevo Renacer\",\"publisher\":{\"@id\":\"https:\/\/nuevo-renacer.com\/#organization\"},\"potentialAction\":[{\"@type\":\"SearchAction\",\"target\":{\"@type\":\"EntryPoint\",\"urlTemplate\":\"https:\/\/nuevo-renacer.com\/?s={search_term_string}\"},\"query-input\":{\"@type\":\"PropertyValueSpecification\",\"valueRequired\":true,\"valueName\":\"search_term_string\"}}],\"inLanguage\":\"tr\"},{\"@type\":\"Organization\",\"@id\":\"https:\/\/nuevo-renacer.com\/#organization\",\"name\":\"UFEC\",\"url\":\"https:\/\/nuevo-renacer.com\/\",\"logo\":{\"@type\":\"ImageObject\",\"inLanguage\":\"tr\",\"@id\":\"https:\/\/nuevo-renacer.com\/#\/schema\/logo\/image\/\",\"url\":\"https:\/\/nuevo-renacer.com\/wp-content\/uploads\/2024\/05\/cropped-LOGO-TERMINADO1-3-3.png\",\"contentUrl\":\"https:\/\/nuevo-renacer.com\/wp-content\/uploads\/2024\/05\/cropped-LOGO-TERMINADO1-3-3.png\",\"width\":512,\"height\":512,\"caption\":\"UFEC\"},\"image\":{\"@id\":\"https:\/\/nuevo-renacer.com\/#\/schema\/logo\/image\/\"},\"sameAs\":[\"https:\/\/www.facebook.com\/groups\/3431398063740829\"]}]}<\/script>\n<!-- \/ Yoast SEO Premium plugin. -->","yoast_head_json":{"title":"La s\u00edntesis del proceso evolutivo - Uni\u00f3n Esp\u00edrita","robots":{"index":"index","follow":"follow","max-snippet":"max-snippet:-1","max-image-preview":"max-image-preview:large","max-video-preview":"max-video-preview:-1"},"canonical":"https:\/\/nuevo-renacer.com\/tr\/la-sintesis-del-proceso-evolutivo\/","og_locale":"tr_TR","og_type":"article","og_title":"La s\u00edntesis del proceso evolutivo","og_description":"La s\u00edntesis del proceso evolutivo El esp\u00edritu en evoluci\u00f3n y rescate, es situado en el aula adecuada donde es sometido a una convivencia ilimitada de donde s\u00f3lo saldr\u00e1 cuando cumpla los respectivos rescates y asimile las lecciones que en el est\u00e1n contenidas. Mientras m\u00e1s r\u00e1pido aprenden las lecciones que las circunstancias le proponen y cumple [&hellip;]","og_url":"https:\/\/nuevo-renacer.com\/tr\/la-sintesis-del-proceso-evolutivo\/","og_site_name":"Uni\u00f3n Esp\u00edrita","article_publisher":"https:\/\/www.facebook.com\/groups\/3431398063740829","article_modified_time":"2024-10-01T12:26:22+00:00","og_image":[{"width":554,"height":350,"url":"https:\/\/nuevo-renacer.com\/wp-content\/uploads\/2024\/10\/step_into_the_light_by_youngphoenix3191_d9vvvr9-350t.jpg","type":"image\/jpeg"}],"twitter_card":"summary_large_image","twitter_misc":{"Tahmini okuma s\u00fcresi":"6 dakika"},"schema":{"@context":"https:\/\/schema.org","@graph":[{"@type":"WebPage","@id":"https:\/\/nuevo-renacer.com\/la-sintesis-del-proceso-evolutivo\/","url":"https:\/\/nuevo-renacer.com\/la-sintesis-del-proceso-evolutivo\/","name":"La s\u00edntesis del proceso evolutivo - Uni\u00f3n Esp\u00edrita","isPartOf":{"@id":"https:\/\/nuevo-renacer.com\/#website"},"primaryImageOfPage":{"@id":"https:\/\/nuevo-renacer.com\/la-sintesis-del-proceso-evolutivo\/#primaryimage"},"image":{"@id":"https:\/\/nuevo-renacer.com\/la-sintesis-del-proceso-evolutivo\/#primaryimage"},"thumbnailUrl":"https:\/\/nuevo-renacer.com\/wp-content\/uploads\/2024\/10\/step_into_the_light_by_youngphoenix3191_d9vvvr9-350t.jpg","datePublished":"2024-10-01T12:03:26+00:00","dateModified":"2024-10-01T12:26:22+00:00","breadcrumb":{"@id":"https:\/\/nuevo-renacer.com\/la-sintesis-del-proceso-evolutivo\/#breadcrumb"},"inLanguage":"tr","potentialAction":[{"@type":"ReadAction","target":["https:\/\/nuevo-renacer.com\/la-sintesis-del-proceso-evolutivo\/"]}]},{"@type":"ImageObject","inLanguage":"tr","@id":"https:\/\/nuevo-renacer.com\/la-sintesis-del-proceso-evolutivo\/#primaryimage","url":"https:\/\/nuevo-renacer.com\/wp-content\/uploads\/2024\/10\/step_into_the_light_by_youngphoenix3191_d9vvvr9-350t.jpg","contentUrl":"https:\/\/nuevo-renacer.com\/wp-content\/uploads\/2024\/10\/step_into_the_light_by_youngphoenix3191_d9vvvr9-350t.jpg","width":554,"height":350},{"@type":"BreadcrumbList","@id":"https:\/\/nuevo-renacer.com\/la-sintesis-del-proceso-evolutivo\/#breadcrumb","itemListElement":[{"@type":"ListItem","position":1,"name":"Startseite","item":"https:\/\/nuevo-renacer.com\/"},{"@type":"ListItem","position":2,"name":"La s\u00edntesis del proceso evolutivo"}]},{"@type":"WebSite","@id":"https:\/\/nuevo-renacer.com\/#website","url":"https:\/\/nuevo-renacer.com\/","name":"Uni\u00f3n Esp\u00edrita","description":"Nuevo Renacer","publisher":{"@id":"https:\/\/nuevo-renacer.com\/#organization"},"potentialAction":[{"@type":"SearchAction","target":{"@type":"EntryPoint","urlTemplate":"https:\/\/nuevo-renacer.com\/?s={search_term_string}"},"query-input":{"@type":"PropertyValueSpecification","valueRequired":true,"valueName":"search_term_string"}}],"inLanguage":"tr"},{"@type":"Organization","@id":"https:\/\/nuevo-renacer.com\/#organization","name":"UFEC","url":"https:\/\/nuevo-renacer.com\/","logo":{"@type":"ImageObject","inLanguage":"tr","@id":"https:\/\/nuevo-renacer.com\/#\/schema\/logo\/image\/","url":"https:\/\/nuevo-renacer.com\/wp-content\/uploads\/2024\/05\/cropped-LOGO-TERMINADO1-3-3.png","contentUrl":"https:\/\/nuevo-renacer.com\/wp-content\/uploads\/2024\/05\/cropped-LOGO-TERMINADO1-3-3.png","width":512,"height":512,"caption":"UFEC"},"image":{"@id":"https:\/\/nuevo-renacer.com\/#\/schema\/logo\/image\/"},"sameAs":["https:\/\/www.facebook.com\/groups\/3431398063740829"]}]}},"uagb_featured_image_src":{"full":["https:\/\/nuevo-renacer.com\/wp-content\/uploads\/2024\/10\/step_into_the_light_by_youngphoenix3191_d9vvvr9-350t.jpg",554,350,false],"thumbnail":["https:\/\/nuevo-renacer.com\/wp-content\/uploads\/2024\/10\/step_into_the_light_by_youngphoenix3191_d9vvvr9-350t-150x150.jpg",150,150,true],"medium":["https:\/\/nuevo-renacer.com\/wp-content\/uploads\/2024\/10\/step_into_the_light_by_youngphoenix3191_d9vvvr9-350t-300x190.jpg",300,190,true],"medium_large":["https:\/\/nuevo-renacer.com\/wp-content\/uploads\/2024\/10\/step_into_the_light_by_youngphoenix3191_d9vvvr9-350t.jpg",554,350,false],"large":["https:\/\/nuevo-renacer.com\/wp-content\/uploads\/2024\/10\/step_into_the_light_by_youngphoenix3191_d9vvvr9-350t.jpg",554,350,false],"1536x1536":["https:\/\/nuevo-renacer.com\/wp-content\/uploads\/2024\/10\/step_into_the_light_by_youngphoenix3191_d9vvvr9-350t.jpg",554,350,false],"2048x2048":["https:\/\/nuevo-renacer.com\/wp-content\/uploads\/2024\/10\/step_into_the_light_by_youngphoenix3191_d9vvvr9-350t.jpg",554,350,false],"trp-custom-language-flag":["https:\/\/nuevo-renacer.com\/wp-content\/uploads\/2024\/10\/step_into_the_light_by_youngphoenix3191_d9vvvr9-350t-18x12.jpg",18,12,true]},"uagb_author_info":{"display_name":"adbv0","author_link":"https:\/\/nuevo-renacer.com\/tr\/author\/adbv0\/"},"uagb_comment_info":0,"uagb_excerpt":"La s\u00edntesis del proceso evolutivo El esp\u00edritu en evoluci\u00f3n y rescate, es situado en el aula adecuada donde es sometido a una convivencia ilimitada de donde s\u00f3lo saldr\u00e1 cuando cumpla los respectivos rescates y asimile las lecciones que en el est\u00e1n contenidas. Mientras m\u00e1s r\u00e1pido aprenden las lecciones que las circunstancias le proponen y cumple&hellip;","jetpack_sharing_enabled":true,"_links":{"self":[{"href":"https:\/\/nuevo-renacer.com\/tr\/wp-json\/wp\/v2\/pages\/5173","targetHints":{"allow":["GET"]}}],"collection":[{"href":"https:\/\/nuevo-renacer.com\/tr\/wp-json\/wp\/v2\/pages"}],"about":[{"href":"https:\/\/nuevo-renacer.com\/tr\/wp-json\/wp\/v2\/types\/page"}],"author":[{"embeddable":true,"href":"https:\/\/nuevo-renacer.com\/tr\/wp-json\/wp\/v2\/users\/1"}],"replies":[{"embeddable":true,"href":"https:\/\/nuevo-renacer.com\/tr\/wp-json\/wp\/v2\/comments?post=5173"}],"version-history":[{"count":6,"href":"https:\/\/nuevo-renacer.com\/tr\/wp-json\/wp\/v2\/pages\/5173\/revisions"}],"predecessor-version":[{"id":5183,"href":"https:\/\/nuevo-renacer.com\/tr\/wp-json\/wp\/v2\/pages\/5173\/revisions\/5183"}],"wp:featuredmedia":[{"embeddable":true,"href":"https:\/\/nuevo-renacer.com\/tr\/wp-json\/wp\/v2\/media\/5179"}],"wp:attachment":[{"href":"https:\/\/nuevo-renacer.com\/tr\/wp-json\/wp\/v2\/media?parent=5173"}],"curies":[{"name":"wp","href":"https:\/\/api.w.org\/{rel}","templated":true}]}}