{"id":5155,"date":"2024-09-18T12:56:20","date_gmt":"2024-09-18T12:56:20","guid":{"rendered":"https:\/\/nuevo-renacer.com\/?page_id=5155"},"modified":"2024-09-18T13:09:21","modified_gmt":"2024-09-18T13:09:21","slug":"el-espiritismo-tiene-algun-tipo-de-jerarquias-o-lideres","status":"publish","type":"page","link":"https:\/\/nuevo-renacer.com\/tr\/el-espiritismo-tiene-algun-tipo-de-jerarquias-o-lideres\/","title":{"rendered":"Ruh\u00e7uluk herhangi bir hiyerar\u015fisi ya da lideri var m\u0131d\u0131r?"},"content":{"rendered":"<div class=\"wp-block-uagb-container uagb-block-e337f0d8 alignfull uagb-is-root-container\"><div class=\"uagb-container-inner-blocks-wrap\">\n<h2 class=\"wp-block-heading has-medium-font-size\"><strong>Ruh\u00e7uluk herhangi bir hiyerar\u015fisi ya da lideri var m\u0131d\u0131r?<\/strong><\/h2>\n<\/div><\/div>\n\n\n\n<div class=\"wp-block-uagb-container uagb-block-2faea231 alignfull uagb-is-root-container\"><div class=\"uagb-container-inner-blocks-wrap\">\n<figure class=\"wp-block-image size-full is-resized\"><img fetchpriority=\"high\" decoding=\"async\" width=\"640\" height=\"359\" src=\"https:\/\/nuevo-renacer.com\/wp-content\/uploads\/2024\/09\/pngtree-d-illustration-of-corporate-figurines-arranged-in-hierarchy-on-white-blue-image_3857025.jpg\" alt=\"\" class=\"wp-image-5156\" style=\"width:572px;height:auto\" srcset=\"https:\/\/nuevo-renacer.com\/wp-content\/uploads\/2024\/09\/pngtree-d-illustration-of-corporate-figurines-arranged-in-hierarchy-on-white-blue-image_3857025.jpg 640w, https:\/\/nuevo-renacer.com\/wp-content\/uploads\/2024\/09\/pngtree-d-illustration-of-corporate-figurines-arranged-in-hierarchy-on-white-blue-image_3857025-300x168.jpg 300w, https:\/\/nuevo-renacer.com\/wp-content\/uploads\/2024\/09\/pngtree-d-illustration-of-corporate-figurines-arranged-in-hierarchy-on-white-blue-image_3857025-18x10.jpg 18w\" sizes=\"(max-width: 640px) 100vw, 640px\" \/><\/figure>\n<\/div><\/div>\n\n\n\n<div class=\"wp-block-uagb-container uagb-block-d903737a alignfull uagb-is-root-container\"><div class=\"uagb-container-inner-blocks-wrap\">\n<p class=\"has-black-color has-text-color has-link-color has-small-font-size wp-elements-6bb4544ed516ce543e97ec366305ea28\">Hay\u0131r, Maneviyat\u0131n patronlar\u0131, liderleri, rahipleri veya herhangi bir hiyerar\u015fisi yoktur.<\/p>\n\n\n\n<p class=\"has-black-color has-text-color has-link-color has-small-font-size wp-elements-0c9b9372f106b460d3898d2a7fc2bfee\">Bilgiyi derinle\u015ftirmek i\u00e7in spiritist, \u00e7al\u0131\u015fmay\u0131 tek ba\u015f\u0131na ve bireysel olarak yeterli olabilir. Ancak ya\u015fam\u0131n her alan\u0131nda ve oldu\u011fumuz &#034;sosyal hayvanlar&#034; olarak fikir al\u0131\u015fveri\u015finde bulunmam\u0131z, bilgimizi payla\u015fmam\u0131z ve hatta baz\u0131 durumlarda ayn\u0131s\u0131n\u0131 a\u00e7\u0131klamam\u0131z gerekir. Bu nedenle, spiritist hareketin k\u00f6keninden dernekler ortaya \u00e7\u0131kt\u0131. Faaliyetleri toplayan ve y\u00fcr\u00fcten bir grup insan oldu\u011fu andan itibaren, her \u00fclkenin mevzuat\u0131na uygun olarak, genellikle dernek yasalar\u0131nda kurulmu\u015f ve tan\u0131mlanm\u0131\u015f belirli bir kurulu\u015fa ihtiya\u00e7 vard\u0131r. B\u00f6ylece bizi, di\u011fer herhangi bir dernek t\u00fcr\u00fcnde idari olarak olabilece\u011fi gibi, esp\u00edritas derneklerinin memurlar\u0131 olarak bulabilece\u011fiz. Spiritist hareketin \u00f6zel durumunda, zorunlu olarak \u00fccretsiz ve herhangi bir kardan muaf tutulacakt\u0131r.<\/p>\n\n\n\n<p class=\"has-black-color has-text-color has-link-color has-small-font-size wp-elements-b1f38c8b6f691a350096ada17f75496d\">Bu derneklerin \u00e7o\u011funlu\u011fu, az ya da \u00e7ok derecede ve kendi inisiyatifiyle, esp\u00edritas ilkelerini inceleme ve yayma g\u00f6revlerini yerine getirir ve ihtiya\u00e7 duyabilecek herkese yard\u0131m etmek i\u00e7in kap\u0131lar\u0131n\u0131 en geni\u015f anlam\u0131yla a\u00e7ar. sorunlar arac\u0131lar, ihtiya\u00e7lar, ahlaki, manevi ve maddi. \u0130lkeye etki etmek ruh\u00e7u ve insanc\u0131l insan\u0131, hay\u0131r kurumunu ortaya \u00e7\u0131karabilmeniz daha \u00f6nemlidir.<\/p>\n\n\n\n<p><\/p>\n\n\n\n<p><\/p>\n\n\n\n<p><\/p>\n<\/div><\/div>","protected":false},"excerpt":{"rendered":"<p>El Espiritismo tiene alg\u00fan tipo de jerarqu\u00edas o l\u00edderes? No, el Espiritismo no tiene jefes, l\u00edderes, ni sacerdotes, ni ning\u00fan tipo de jerarqu\u00eda. Para profundizar en el conocimiento esp\u00edrita puede bastar el estudio en solitario y de forma individual. Pero como en todas las cuestiones de la vida y como \u00abanimales sociales\u00bb que somos necesitamos [&hellip;]<\/p>","protected":false},"author":1,"featured_media":5156,"parent":0,"menu_order":0,"comment_status":"closed","ping_status":"closed","template":"","meta":{"_uag_custom_page_level_css":"","site-sidebar-layout":"default","site-content-layout":"","ast-site-content-layout":"default","site-content-style":"default","site-sidebar-style":"default","ast-global-header-display":"","ast-banner-title-visibility":"","ast-main-header-display":"","ast-hfb-above-header-display":"","ast-hfb-below-header-display":"","ast-hfb-mobile-header-display":"","site-post-title":"disabled","ast-breadcrumbs-content":"","ast-featured-img":"","footer-sml-layout":"","theme-transparent-header-meta":"","adv-header-id-meta":"","stick-header-meta":"","header-above-stick-meta":"","header-main-stick-meta":"","header-below-stick-meta":"","astra-migrate-meta-layouts":"set","ast-page-background-enabled":"default","ast-page-background-meta":{"desktop":{"background-color":"var(--ast-global-color-4)","background-image":"","background-repeat":"repeat","background-position":"center center","background-size":"auto","background-attachment":"scroll","background-type":"","background-media":"","overlay-type":"","overlay-color":"","overlay-opacity":"","overlay-gradient":""},"tablet":{"background-color":"","background-image":"","background-repeat":"repeat","background-position":"center center","background-size":"auto","background-attachment":"scroll","background-type":"","background-media":"","overlay-type":"","overlay-color":"","overlay-opacity":"","overlay-gradient":""},"mobile":{"background-color":"","background-image":"","background-repeat":"repeat","background-position":"center center","background-size":"auto","background-attachment":"scroll","background-type":"","background-media":"","overlay-type":"","overlay-color":"","overlay-opacity":"","overlay-gradient":""}},"ast-content-background-meta":{"desktop":{"background-color":"var(--ast-global-color-5)","background-image":"","background-repeat":"repeat","background-position":"center center","background-size":"auto","background-attachment":"scroll","background-type":"","background-media":"","overlay-type":"","overlay-color":"","overlay-opacity":"","overlay-gradient":""},"tablet":{"background-color":"var(--ast-global-color-5)","background-image":"","background-repeat":"repeat","background-position":"center center","background-size":"auto","background-attachment":"scroll","background-type":"","background-media":"","overlay-type":"","overlay-color":"","overlay-opacity":"","overlay-gradient":""},"mobile":{"background-color":"var(--ast-global-color-5)","background-image":"","background-repeat":"repeat","background-position":"center center","background-size":"auto","background-attachment":"scroll","background-type":"","background-media":"","overlay-type":"","overlay-color":"","overlay-opacity":"","overlay-gradient":""}},"footnotes":""},"class_list":["post-5155","page","type-page","status-publish","has-post-thumbnail","hentry"],"yoast_head":"<!-- This site is optimized with the Yoast SEO Premium plugin v24.2 (Yoast SEO v24.6) - https:\/\/yoast.com\/wordpress\/plugins\/seo\/ -->\n<title>\u00bfEl Espiritismo tiene alg\u00fan tipo de jerarqu\u00edas o l\u00edderes? - Uni\u00f3n Esp\u00edrita<\/title>\n<meta name=\"robots\" content=\"index, follow, max-snippet:-1, max-image-preview:large, max-video-preview:-1\" \/>\n<link rel=\"canonical\" href=\"https:\/\/nuevo-renacer.com\/tr\/el-espiritismo-tiene-algun-tipo-de-jerarquias-o-lideres\/\" \/>\n<meta property=\"og:locale\" content=\"tr_TR\" \/>\n<meta property=\"og:type\" content=\"article\" \/>\n<meta property=\"og:title\" content=\"\u00bfEl Espiritismo tiene alg\u00fan tipo de jerarqu\u00edas o l\u00edderes?\" \/>\n<meta property=\"og:description\" content=\"El Espiritismo tiene alg\u00fan tipo de jerarqu\u00edas o l\u00edderes? No, el Espiritismo no tiene jefes, l\u00edderes, ni sacerdotes, ni ning\u00fan tipo de jerarqu\u00eda. Para profundizar en el conocimiento esp\u00edrita puede bastar el estudio en solitario y de forma individual. Pero como en todas las cuestiones de la vida y como \u00abanimales sociales\u00bb que somos necesitamos [&hellip;]\" \/>\n<meta property=\"og:url\" content=\"https:\/\/nuevo-renacer.com\/tr\/el-espiritismo-tiene-algun-tipo-de-jerarquias-o-lideres\/\" \/>\n<meta property=\"og:site_name\" content=\"Uni\u00f3n Esp\u00edrita\" \/>\n<meta property=\"article:publisher\" content=\"https:\/\/www.facebook.com\/groups\/3431398063740829\" \/>\n<meta property=\"article:modified_time\" content=\"2024-09-18T13:09:21+00:00\" \/>\n<meta property=\"og:image\" content=\"https:\/\/nuevo-renacer.com\/wp-content\/uploads\/2024\/09\/pngtree-d-illustration-of-corporate-figurines-arranged-in-hierarchy-on-white-blue-image_3857025.jpg\" \/>\n\t<meta property=\"og:image:width\" content=\"640\" \/>\n\t<meta property=\"og:image:height\" content=\"359\" \/>\n\t<meta property=\"og:image:type\" content=\"image\/jpeg\" \/>\n<meta name=\"twitter:card\" content=\"summary_large_image\" \/>\n<meta name=\"twitter:label1\" content=\"Tahmini okuma s\u00fcresi\" \/>\n\t<meta name=\"twitter:data1\" content=\"1 dakika\" \/>\n<script type=\"application\/ld+json\" class=\"yoast-schema-graph\">{\"@context\":\"https:\/\/schema.org\",\"@graph\":[{\"@type\":\"WebPage\",\"@id\":\"https:\/\/nuevo-renacer.com\/el-espiritismo-tiene-algun-tipo-de-jerarquias-o-lideres\/\",\"url\":\"https:\/\/nuevo-renacer.com\/el-espiritismo-tiene-algun-tipo-de-jerarquias-o-lideres\/\",\"name\":\"\u00bfEl Espiritismo tiene alg\u00fan tipo de jerarqu\u00edas o l\u00edderes? - Uni\u00f3n Esp\u00edrita\",\"isPartOf\":{\"@id\":\"https:\/\/nuevo-renacer.com\/#website\"},\"primaryImageOfPage\":{\"@id\":\"https:\/\/nuevo-renacer.com\/el-espiritismo-tiene-algun-tipo-de-jerarquias-o-lideres\/#primaryimage\"},\"image\":{\"@id\":\"https:\/\/nuevo-renacer.com\/el-espiritismo-tiene-algun-tipo-de-jerarquias-o-lideres\/#primaryimage\"},\"thumbnailUrl\":\"https:\/\/nuevo-renacer.com\/wp-content\/uploads\/2024\/09\/pngtree-d-illustration-of-corporate-figurines-arranged-in-hierarchy-on-white-blue-image_3857025.jpg\",\"datePublished\":\"2024-09-18T12:56:20+00:00\",\"dateModified\":\"2024-09-18T13:09:21+00:00\",\"breadcrumb\":{\"@id\":\"https:\/\/nuevo-renacer.com\/el-espiritismo-tiene-algun-tipo-de-jerarquias-o-lideres\/#breadcrumb\"},\"inLanguage\":\"tr\",\"potentialAction\":[{\"@type\":\"ReadAction\",\"target\":[\"https:\/\/nuevo-renacer.com\/el-espiritismo-tiene-algun-tipo-de-jerarquias-o-lideres\/\"]}]},{\"@type\":\"ImageObject\",\"inLanguage\":\"tr\",\"@id\":\"https:\/\/nuevo-renacer.com\/el-espiritismo-tiene-algun-tipo-de-jerarquias-o-lideres\/#primaryimage\",\"url\":\"https:\/\/nuevo-renacer.com\/wp-content\/uploads\/2024\/09\/pngtree-d-illustration-of-corporate-figurines-arranged-in-hierarchy-on-white-blue-image_3857025.jpg\",\"contentUrl\":\"https:\/\/nuevo-renacer.com\/wp-content\/uploads\/2024\/09\/pngtree-d-illustration-of-corporate-figurines-arranged-in-hierarchy-on-white-blue-image_3857025.jpg\",\"width\":640,\"height\":359},{\"@type\":\"BreadcrumbList\",\"@id\":\"https:\/\/nuevo-renacer.com\/el-espiritismo-tiene-algun-tipo-de-jerarquias-o-lideres\/#breadcrumb\",\"itemListElement\":[{\"@type\":\"ListItem\",\"position\":1,\"name\":\"Startseite\",\"item\":\"https:\/\/nuevo-renacer.com\/\"},{\"@type\":\"ListItem\",\"position\":2,\"name\":\"\u00bfEl Espiritismo tiene alg\u00fan tipo de jerarqu\u00edas o l\u00edderes?\"}]},{\"@type\":\"WebSite\",\"@id\":\"https:\/\/nuevo-renacer.com\/#website\",\"url\":\"https:\/\/nuevo-renacer.com\/\",\"name\":\"Uni\u00f3n Esp\u00edrita\",\"description\":\"Nuevo Renacer\",\"publisher\":{\"@id\":\"https:\/\/nuevo-renacer.com\/#organization\"},\"potentialAction\":[{\"@type\":\"SearchAction\",\"target\":{\"@type\":\"EntryPoint\",\"urlTemplate\":\"https:\/\/nuevo-renacer.com\/?s={search_term_string}\"},\"query-input\":{\"@type\":\"PropertyValueSpecification\",\"valueRequired\":true,\"valueName\":\"search_term_string\"}}],\"inLanguage\":\"tr\"},{\"@type\":\"Organization\",\"@id\":\"https:\/\/nuevo-renacer.com\/#organization\",\"name\":\"UFEC\",\"url\":\"https:\/\/nuevo-renacer.com\/\",\"logo\":{\"@type\":\"ImageObject\",\"inLanguage\":\"tr\",\"@id\":\"https:\/\/nuevo-renacer.com\/#\/schema\/logo\/image\/\",\"url\":\"https:\/\/nuevo-renacer.com\/wp-content\/uploads\/2024\/05\/cropped-LOGO-TERMINADO1-3-3.png\",\"contentUrl\":\"https:\/\/nuevo-renacer.com\/wp-content\/uploads\/2024\/05\/cropped-LOGO-TERMINADO1-3-3.png\",\"width\":512,\"height\":512,\"caption\":\"UFEC\"},\"image\":{\"@id\":\"https:\/\/nuevo-renacer.com\/#\/schema\/logo\/image\/\"},\"sameAs\":[\"https:\/\/www.facebook.com\/groups\/3431398063740829\"]}]}<\/script>\n<!-- \/ Yoast SEO Premium plugin. -->","yoast_head_json":{"title":"\u00bfEl Espiritismo tiene alg\u00fan tipo de jerarqu\u00edas o l\u00edderes? - Uni\u00f3n Esp\u00edrita","robots":{"index":"index","follow":"follow","max-snippet":"max-snippet:-1","max-image-preview":"max-image-preview:large","max-video-preview":"max-video-preview:-1"},"canonical":"https:\/\/nuevo-renacer.com\/tr\/el-espiritismo-tiene-algun-tipo-de-jerarquias-o-lideres\/","og_locale":"tr_TR","og_type":"article","og_title":"\u00bfEl Espiritismo tiene alg\u00fan tipo de jerarqu\u00edas o l\u00edderes?","og_description":"El Espiritismo tiene alg\u00fan tipo de jerarqu\u00edas o l\u00edderes? No, el Espiritismo no tiene jefes, l\u00edderes, ni sacerdotes, ni ning\u00fan tipo de jerarqu\u00eda. Para profundizar en el conocimiento esp\u00edrita puede bastar el estudio en solitario y de forma individual. Pero como en todas las cuestiones de la vida y como \u00abanimales sociales\u00bb que somos necesitamos [&hellip;]","og_url":"https:\/\/nuevo-renacer.com\/tr\/el-espiritismo-tiene-algun-tipo-de-jerarquias-o-lideres\/","og_site_name":"Uni\u00f3n Esp\u00edrita","article_publisher":"https:\/\/www.facebook.com\/groups\/3431398063740829","article_modified_time":"2024-09-18T13:09:21+00:00","og_image":[{"width":640,"height":359,"url":"https:\/\/nuevo-renacer.com\/wp-content\/uploads\/2024\/09\/pngtree-d-illustration-of-corporate-figurines-arranged-in-hierarchy-on-white-blue-image_3857025.jpg","type":"image\/jpeg"}],"twitter_card":"summary_large_image","twitter_misc":{"Tahmini okuma s\u00fcresi":"1 dakika"},"schema":{"@context":"https:\/\/schema.org","@graph":[{"@type":"WebPage","@id":"https:\/\/nuevo-renacer.com\/el-espiritismo-tiene-algun-tipo-de-jerarquias-o-lideres\/","url":"https:\/\/nuevo-renacer.com\/el-espiritismo-tiene-algun-tipo-de-jerarquias-o-lideres\/","name":"\u00bfEl Espiritismo tiene alg\u00fan tipo de jerarqu\u00edas o l\u00edderes? - Uni\u00f3n Esp\u00edrita","isPartOf":{"@id":"https:\/\/nuevo-renacer.com\/#website"},"primaryImageOfPage":{"@id":"https:\/\/nuevo-renacer.com\/el-espiritismo-tiene-algun-tipo-de-jerarquias-o-lideres\/#primaryimage"},"image":{"@id":"https:\/\/nuevo-renacer.com\/el-espiritismo-tiene-algun-tipo-de-jerarquias-o-lideres\/#primaryimage"},"thumbnailUrl":"https:\/\/nuevo-renacer.com\/wp-content\/uploads\/2024\/09\/pngtree-d-illustration-of-corporate-figurines-arranged-in-hierarchy-on-white-blue-image_3857025.jpg","datePublished":"2024-09-18T12:56:20+00:00","dateModified":"2024-09-18T13:09:21+00:00","breadcrumb":{"@id":"https:\/\/nuevo-renacer.com\/el-espiritismo-tiene-algun-tipo-de-jerarquias-o-lideres\/#breadcrumb"},"inLanguage":"tr","potentialAction":[{"@type":"ReadAction","target":["https:\/\/nuevo-renacer.com\/el-espiritismo-tiene-algun-tipo-de-jerarquias-o-lideres\/"]}]},{"@type":"ImageObject","inLanguage":"tr","@id":"https:\/\/nuevo-renacer.com\/el-espiritismo-tiene-algun-tipo-de-jerarquias-o-lideres\/#primaryimage","url":"https:\/\/nuevo-renacer.com\/wp-content\/uploads\/2024\/09\/pngtree-d-illustration-of-corporate-figurines-arranged-in-hierarchy-on-white-blue-image_3857025.jpg","contentUrl":"https:\/\/nuevo-renacer.com\/wp-content\/uploads\/2024\/09\/pngtree-d-illustration-of-corporate-figurines-arranged-in-hierarchy-on-white-blue-image_3857025.jpg","width":640,"height":359},{"@type":"BreadcrumbList","@id":"https:\/\/nuevo-renacer.com\/el-espiritismo-tiene-algun-tipo-de-jerarquias-o-lideres\/#breadcrumb","itemListElement":[{"@type":"ListItem","position":1,"name":"Startseite","item":"https:\/\/nuevo-renacer.com\/"},{"@type":"ListItem","position":2,"name":"\u00bfEl Espiritismo tiene alg\u00fan tipo de jerarqu\u00edas o l\u00edderes?"}]},{"@type":"WebSite","@id":"https:\/\/nuevo-renacer.com\/#website","url":"https:\/\/nuevo-renacer.com\/","name":"Uni\u00f3n Esp\u00edrita","description":"Nuevo Renacer","publisher":{"@id":"https:\/\/nuevo-renacer.com\/#organization"},"potentialAction":[{"@type":"SearchAction","target":{"@type":"EntryPoint","urlTemplate":"https:\/\/nuevo-renacer.com\/?s={search_term_string}"},"query-input":{"@type":"PropertyValueSpecification","valueRequired":true,"valueName":"search_term_string"}}],"inLanguage":"tr"},{"@type":"Organization","@id":"https:\/\/nuevo-renacer.com\/#organization","name":"UFEC","url":"https:\/\/nuevo-renacer.com\/","logo":{"@type":"ImageObject","inLanguage":"tr","@id":"https:\/\/nuevo-renacer.com\/#\/schema\/logo\/image\/","url":"https:\/\/nuevo-renacer.com\/wp-content\/uploads\/2024\/05\/cropped-LOGO-TERMINADO1-3-3.png","contentUrl":"https:\/\/nuevo-renacer.com\/wp-content\/uploads\/2024\/05\/cropped-LOGO-TERMINADO1-3-3.png","width":512,"height":512,"caption":"UFEC"},"image":{"@id":"https:\/\/nuevo-renacer.com\/#\/schema\/logo\/image\/"},"sameAs":["https:\/\/www.facebook.com\/groups\/3431398063740829"]}]}},"uagb_featured_image_src":{"full":["https:\/\/nuevo-renacer.com\/wp-content\/uploads\/2024\/09\/pngtree-d-illustration-of-corporate-figurines-arranged-in-hierarchy-on-white-blue-image_3857025.jpg",640,359,false],"thumbnail":["https:\/\/nuevo-renacer.com\/wp-content\/uploads\/2024\/09\/pngtree-d-illustration-of-corporate-figurines-arranged-in-hierarchy-on-white-blue-image_3857025-150x150.jpg",150,150,true],"medium":["https:\/\/nuevo-renacer.com\/wp-content\/uploads\/2024\/09\/pngtree-d-illustration-of-corporate-figurines-arranged-in-hierarchy-on-white-blue-image_3857025-300x168.jpg",300,168,true],"medium_large":["https:\/\/nuevo-renacer.com\/wp-content\/uploads\/2024\/09\/pngtree-d-illustration-of-corporate-figurines-arranged-in-hierarchy-on-white-blue-image_3857025.jpg",640,359,false],"large":["https:\/\/nuevo-renacer.com\/wp-content\/uploads\/2024\/09\/pngtree-d-illustration-of-corporate-figurines-arranged-in-hierarchy-on-white-blue-image_3857025.jpg",640,359,false],"1536x1536":["https:\/\/nuevo-renacer.com\/wp-content\/uploads\/2024\/09\/pngtree-d-illustration-of-corporate-figurines-arranged-in-hierarchy-on-white-blue-image_3857025.jpg",640,359,false],"2048x2048":["https:\/\/nuevo-renacer.com\/wp-content\/uploads\/2024\/09\/pngtree-d-illustration-of-corporate-figurines-arranged-in-hierarchy-on-white-blue-image_3857025.jpg",640,359,false],"trp-custom-language-flag":["https:\/\/nuevo-renacer.com\/wp-content\/uploads\/2024\/09\/pngtree-d-illustration-of-corporate-figurines-arranged-in-hierarchy-on-white-blue-image_3857025-18x10.jpg",18,10,true]},"uagb_author_info":{"display_name":"adbv0","author_link":"https:\/\/nuevo-renacer.com\/tr\/author\/adbv0\/"},"uagb_comment_info":0,"uagb_excerpt":"El Espiritismo tiene alg\u00fan tipo de jerarqu\u00edas o l\u00edderes? No, el Espiritismo no tiene jefes, l\u00edderes, ni sacerdotes, ni ning\u00fan tipo de jerarqu\u00eda. Para profundizar en el conocimiento esp\u00edrita puede bastar el estudio en solitario y de forma individual. Pero como en todas las cuestiones de la vida y como \u00abanimales sociales\u00bb que somos necesitamos&hellip;","jetpack_sharing_enabled":true,"_links":{"self":[{"href":"https:\/\/nuevo-renacer.com\/tr\/wp-json\/wp\/v2\/pages\/5155","targetHints":{"allow":["GET"]}}],"collection":[{"href":"https:\/\/nuevo-renacer.com\/tr\/wp-json\/wp\/v2\/pages"}],"about":[{"href":"https:\/\/nuevo-renacer.com\/tr\/wp-json\/wp\/v2\/types\/page"}],"author":[{"embeddable":true,"href":"https:\/\/nuevo-renacer.com\/tr\/wp-json\/wp\/v2\/users\/1"}],"replies":[{"embeddable":true,"href":"https:\/\/nuevo-renacer.com\/tr\/wp-json\/wp\/v2\/comments?post=5155"}],"version-history":[{"count":2,"href":"https:\/\/nuevo-renacer.com\/tr\/wp-json\/wp\/v2\/pages\/5155\/revisions"}],"predecessor-version":[{"id":5160,"href":"https:\/\/nuevo-renacer.com\/tr\/wp-json\/wp\/v2\/pages\/5155\/revisions\/5160"}],"wp:featuredmedia":[{"embeddable":true,"href":"https:\/\/nuevo-renacer.com\/tr\/wp-json\/wp\/v2\/media\/5156"}],"wp:attachment":[{"href":"https:\/\/nuevo-renacer.com\/tr\/wp-json\/wp\/v2\/media?parent=5155"}],"curies":[{"name":"wp","href":"https:\/\/api.w.org\/{rel}","templated":true}]}}