{"id":5049,"date":"2024-09-15T08:34:14","date_gmt":"2024-09-15T08:34:14","guid":{"rendered":"https:\/\/nuevo-renacer.com\/?page_id=5049"},"modified":"2024-09-15T08:57:59","modified_gmt":"2024-09-15T08:57:59","slug":"alianza-con-dios-teresa-de-jesus","status":"publish","type":"page","link":"https:\/\/nuevo-renacer.com\/tr\/alianza-con-dios-teresa-de-jesus\/","title":{"rendered":"Tanr\u0131 ile Antla\u015fma-\u0130sa&#039;n\u0131n Teresa&#039;s\u0131"},"content":{"rendered":"<div class=\"wp-block-uagb-container uagb-block-9f66cb0c alignfull uagb-is-root-container\"><div class=\"uagb-container-inner-blocks-wrap\">\n<p class=\"has-black-color has-text-color has-link-color has-medium-font-size wp-elements-86ebac3e87c4c65938afd16060635008\"><strong>Tanr\u0131 ile antla\u015fma<\/strong><\/p>\n<\/div><\/div>\n\n\n\n<div class=\"wp-block-uagb-container uagb-block-ab07a1b4 alignfull uagb-is-root-container\"><div class=\"uagb-container-inner-blocks-wrap\">\n<figure class=\"wp-block-image size-full is-resized\"><img fetchpriority=\"high\" decoding=\"async\" width=\"540\" height=\"360\" src=\"https:\/\/nuevo-renacer.com\/wp-content\/uploads\/2024\/09\/alianza.jpg\" alt=\"\" class=\"wp-image-5052\" style=\"width:494px;height:auto\" srcset=\"https:\/\/nuevo-renacer.com\/wp-content\/uploads\/2024\/09\/alianza.jpg 540w, https:\/\/nuevo-renacer.com\/wp-content\/uploads\/2024\/09\/alianza-300x200.jpg 300w, https:\/\/nuevo-renacer.com\/wp-content\/uploads\/2024\/09\/alianza-18x12.jpg 18w\" sizes=\"(max-width: 540px) 100vw, 540px\" \/><\/figure>\n<\/div><\/div>\n\n\n\n<div class=\"wp-block-uagb-container uagb-block-3396aba3 alignfull uagb-is-root-container\"><div class=\"uagb-container-inner-blocks-wrap\">\n<p class=\"has-black-color has-text-color has-link-color has-small-font-size wp-elements-ad27756215943f38acdb64aec7bfcaa0\">Sadece zaman i\u00e7inde bir hac\u0131 olan cesaret i\u00e7inde olan adam, kurtulu\u015f aray\u0131\u015f\u0131n\u0131n harikas\u0131na demirlenir, Tanr\u0131ma g\u00fc\u00e7l\u00fc bir \u015fekilde sar\u0131l\u0131r ve onlar\u0131n s\u0131cakl\u0131\u011f\u0131n\u0131 yat\u0131\u015ft\u0131r\u0131r, sevgi kollar\u0131nda \u015fefkatli bir yarat\u0131k olur.<\/p>\n\n\n\n<p class=\"has-black-color has-text-color has-link-color has-small-font-size wp-elements-26302604b1a42fc264519cf1637349a6\">Uzun soluklu gecelerden ve g\u00fcndo\u011fumlar\u0131ndan ruhu, her zaman s\u00fckunete bak\u0131yordu, \u00e7\u0131k\u0131\u015f kap\u0131s\u0131 gibi hayat\u0131n\u0131za yeni bir umut getirecek bir motif, hissedilen adaletsizlikte, yaras\u0131n\u0131 kanamas\u0131na neden olan sa\u00e7ma bir yan\u0131lsamada.<\/p>\n\n\n\n<p class=\"has-black-color has-text-color has-link-color has-small-font-size wp-elements-77f49cd9839f92812a2b6b54d5a23c0c\">Zamana ula\u015fmak i\u00e7in, \u00fcz\u00fcc\u00fc \u00fcz\u00fcnt\u00fclere ra\u011fmen, testler ve avatarlar aras\u0131nda, yaln\u0131zl\u0131\u011f\u0131nda ya\u015fad\u0131\u011f\u0131, doldurdu\u011fu, g\u00f6zya\u015f\u0131 ve a\u011flama denizleri olan bilgiyi, \u015fifay\u0131 ve i\u015fkenceyi edindi.<\/p>\n\n\n\n<p class=\"has-black-color has-text-color has-link-color has-small-font-size wp-elements-efc7a218321908593430aa991b2d62cd\">Fakirlik, insanlar\u0131n cehalet i\u00e7inde ya\u015fad\u0131klar\u0131, karde\u015flerine at\u0131fta bulunmadan d\u00fcnyaya tav\u0131r verdikleri zamand\u0131r; Bu, ellerini uzaktaki bir akrabal\u0131\u011f\u0131n i\u00e7sel \u00f6zleminde ona ahde bakma e\u011filiminde oldu\u011funda.<\/p>\n\n\n\n<p class=\"has-black-color has-text-color has-link-color has-small-font-size wp-elements-5caa91deb08a4ec2887d75c33bf5b95a\">Ama yeni bir sabah, ruhunu \u201c\u00f6l\u00fc\u201d yapan, \u00f6l\u00e7\u00fcs\u00fcz bir a\u015fkla, yaln\u0131zca Tanr\u0131&#039;n\u0131n bildi\u011fi bir ya\u015fam\u0131n yeniden dirili\u015fi olan baz\u0131lar\u0131n\u0131n \u0130hti\u015fam\u0131nda sizi bekliyor. R\u00fczgara ve f\u0131rt\u0131nalara kar\u015f\u0131 m\u00fccadele etti ve bayra\u011f\u0131n\u0131 kald\u0131rd\u0131, binlerce yere dikildi,\u201d Tanr\u0131&#039;n\u0131n o\u011flu&#034;, planlar\u0131n\u0131 silkmek i\u00e7in asla s\u0131n\u0131r bulamayarak dikeceklerdi.<\/p>\n\n\n\n<p class=\"has-black-color has-text-color has-link-color has-small-font-size wp-elements-e148f590b27726b10b6642cf984fe316\">Ve G\u00f6ky\u00fcz\u00fc onun gelmesini sa\u011flad\u0131, di\u011ferleri i\u00e7in b\u00fcy\u00fck bir yard\u0131m, ventura&#039;y\u0131 raz\u0131 bir sevgiyle in\u015fa etmek; Tanr\u0131&#039;n\u0131n ald\u0131\u011f\u0131 gibi vermek i\u00e7in k\u0131s\u0131tlama olmaks\u0131z\u0131n olmak, konu\u015fmay\u0131 ba\u015faran herkese huzur ve ne\u015fe ekmek. Ve ruhlar\u0131, Ger\u00e7e\u011fi payla\u015fmak i\u00e7in geceyi ve g\u00fcnd\u00fcz\u00fc tatl\u0131 bir uyum i\u00e7inde kanalize eder.<\/p>\n\n\n\n<p class=\"has-black-color has-text-color has-link-color has-small-font-size wp-elements-2f2aeabfe8dfd5e01756b971507c9121\">Daha da sona ermek onun meselesiydi, \u00e7\u00fcnk\u00fc her iki nefesin de onu takip etmeye te\u015fvik edilmesi gerekmiyordu. Ve orada hissetti\u011finiz o sevgi mucizeyi yaratt\u0131 ve Tanr\u0131&#039;n\u0131n evi sonsuz ya\u015fam\u0131n\u0131z i\u00e7in a\u00e7\u0131lacak.<\/p>\n\n\n\n<p><\/p>\n\n\n\n<p><strong>\u0130sa&#039;n\u0131n Teresa&#039;s\u0131<\/strong><\/p>\n\n\n\n<p><em>Psikograf Antonio Hern\u00e1ndez Lozano<\/em><\/p>\n\n\n\n<p><\/p>\n\n\n\n<p><\/p>\n\n\n\n<p><\/p>\n<\/div><\/div>","protected":false},"excerpt":{"rendered":"<p>Alianza con Dios Solo el hombre qu\u00e9 en bravura, cual peregrino en el tiempo, se afianza en el portento de buscar su salvaci\u00f3n, se abraza fuerte a mi Dios y calma su calentura, siendo tierna criatura entre sus brazos de amor. De noches y amaneceres, prolija qued\u00f3 su alma, buscando siempre en la calma, un [&hellip;]<\/p>","protected":false},"author":1,"featured_media":5052,"parent":0,"menu_order":0,"comment_status":"closed","ping_status":"closed","template":"","meta":{"_uag_custom_page_level_css":"","site-sidebar-layout":"default","site-content-layout":"","ast-site-content-layout":"default","site-content-style":"default","site-sidebar-style":"default","ast-global-header-display":"","ast-banner-title-visibility":"","ast-main-header-display":"","ast-hfb-above-header-display":"","ast-hfb-below-header-display":"","ast-hfb-mobile-header-display":"","site-post-title":"","ast-breadcrumbs-content":"","ast-featured-img":"","footer-sml-layout":"","theme-transparent-header-meta":"","adv-header-id-meta":"","stick-header-meta":"","header-above-stick-meta":"","header-main-stick-meta":"","header-below-stick-meta":"","astra-migrate-meta-layouts":"set","ast-page-background-enabled":"default","ast-page-background-meta":{"desktop":{"background-color":"var(--ast-global-color-4)","background-image":"","background-repeat":"repeat","background-position":"center center","background-size":"auto","background-attachment":"scroll","background-type":"","background-media":"","overlay-type":"","overlay-color":"","overlay-opacity":"","overlay-gradient":""},"tablet":{"background-color":"","background-image":"","background-repeat":"repeat","background-position":"center center","background-size":"auto","background-attachment":"scroll","background-type":"","background-media":"","overlay-type":"","overlay-color":"","overlay-opacity":"","overlay-gradient":""},"mobile":{"background-color":"","background-image":"","background-repeat":"repeat","background-position":"center center","background-size":"auto","background-attachment":"scroll","background-type":"","background-media":"","overlay-type":"","overlay-color":"","overlay-opacity":"","overlay-gradient":""}},"ast-content-background-meta":{"desktop":{"background-color":"var(--ast-global-color-5)","background-image":"","background-repeat":"repeat","background-position":"center center","background-size":"auto","background-attachment":"scroll","background-type":"","background-media":"","overlay-type":"","overlay-color":"","overlay-opacity":"","overlay-gradient":""},"tablet":{"background-color":"var(--ast-global-color-5)","background-image":"","background-repeat":"repeat","background-position":"center center","background-size":"auto","background-attachment":"scroll","background-type":"","background-media":"","overlay-type":"","overlay-color":"","overlay-opacity":"","overlay-gradient":""},"mobile":{"background-color":"var(--ast-global-color-5)","background-image":"","background-repeat":"repeat","background-position":"center center","background-size":"auto","background-attachment":"scroll","background-type":"","background-media":"","overlay-type":"","overlay-color":"","overlay-opacity":"","overlay-gradient":""}},"footnotes":""},"class_list":["post-5049","page","type-page","status-publish","has-post-thumbnail","hentry"],"yoast_head":"<!-- This site is optimized with the Yoast SEO Premium plugin v24.2 (Yoast SEO v24.6) - https:\/\/yoast.com\/wordpress\/plugins\/seo\/ -->\n<title>Alianza con Dios - Teresa de Jes\u00fas - Uni\u00f3n Esp\u00edrita<\/title>\n<meta name=\"robots\" content=\"index, follow, max-snippet:-1, max-image-preview:large, max-video-preview:-1\" \/>\n<link rel=\"canonical\" href=\"https:\/\/nuevo-renacer.com\/tr\/alianza-con-dios-teresa-de-jesus\/\" \/>\n<meta property=\"og:locale\" content=\"tr_TR\" \/>\n<meta property=\"og:type\" content=\"article\" \/>\n<meta property=\"og:title\" content=\"Alianza con Dios - Teresa de Jes\u00fas\" \/>\n<meta property=\"og:description\" content=\"Alianza con Dios Solo el hombre qu\u00e9 en bravura, cual peregrino en el tiempo, se afianza en el portento de buscar su salvaci\u00f3n, se abraza fuerte a mi Dios y calma su calentura, siendo tierna criatura entre sus brazos de amor. De noches y amaneceres, prolija qued\u00f3 su alma, buscando siempre en la calma, un [&hellip;]\" \/>\n<meta property=\"og:url\" content=\"https:\/\/nuevo-renacer.com\/tr\/alianza-con-dios-teresa-de-jesus\/\" \/>\n<meta property=\"og:site_name\" content=\"Uni\u00f3n Esp\u00edrita\" \/>\n<meta property=\"article:publisher\" content=\"https:\/\/www.facebook.com\/groups\/3431398063740829\" \/>\n<meta property=\"article:modified_time\" content=\"2024-09-15T08:57:59+00:00\" \/>\n<meta property=\"og:image\" content=\"https:\/\/nuevo-renacer.com\/wp-content\/uploads\/2024\/09\/alianza.jpg\" \/>\n\t<meta property=\"og:image:width\" content=\"540\" \/>\n\t<meta property=\"og:image:height\" content=\"360\" \/>\n\t<meta property=\"og:image:type\" content=\"image\/jpeg\" \/>\n<meta name=\"twitter:card\" content=\"summary_large_image\" \/>\n<meta name=\"twitter:label1\" content=\"Tahmini okuma s\u00fcresi\" \/>\n\t<meta name=\"twitter:data1\" content=\"2 dakika\" \/>\n<script type=\"application\/ld+json\" class=\"yoast-schema-graph\">{\"@context\":\"https:\/\/schema.org\",\"@graph\":[{\"@type\":\"WebPage\",\"@id\":\"https:\/\/nuevo-renacer.com\/alianza-con-dios-teresa-de-jesus\/\",\"url\":\"https:\/\/nuevo-renacer.com\/alianza-con-dios-teresa-de-jesus\/\",\"name\":\"Alianza con Dios - Teresa de Jes\u00fas - Uni\u00f3n Esp\u00edrita\",\"isPartOf\":{\"@id\":\"https:\/\/nuevo-renacer.com\/#website\"},\"primaryImageOfPage\":{\"@id\":\"https:\/\/nuevo-renacer.com\/alianza-con-dios-teresa-de-jesus\/#primaryimage\"},\"image\":{\"@id\":\"https:\/\/nuevo-renacer.com\/alianza-con-dios-teresa-de-jesus\/#primaryimage\"},\"thumbnailUrl\":\"https:\/\/nuevo-renacer.com\/wp-content\/uploads\/2024\/09\/alianza.jpg\",\"datePublished\":\"2024-09-15T08:34:14+00:00\",\"dateModified\":\"2024-09-15T08:57:59+00:00\",\"breadcrumb\":{\"@id\":\"https:\/\/nuevo-renacer.com\/alianza-con-dios-teresa-de-jesus\/#breadcrumb\"},\"inLanguage\":\"tr\",\"potentialAction\":[{\"@type\":\"ReadAction\",\"target\":[\"https:\/\/nuevo-renacer.com\/alianza-con-dios-teresa-de-jesus\/\"]}]},{\"@type\":\"ImageObject\",\"inLanguage\":\"tr\",\"@id\":\"https:\/\/nuevo-renacer.com\/alianza-con-dios-teresa-de-jesus\/#primaryimage\",\"url\":\"https:\/\/nuevo-renacer.com\/wp-content\/uploads\/2024\/09\/alianza.jpg\",\"contentUrl\":\"https:\/\/nuevo-renacer.com\/wp-content\/uploads\/2024\/09\/alianza.jpg\",\"width\":540,\"height\":360},{\"@type\":\"BreadcrumbList\",\"@id\":\"https:\/\/nuevo-renacer.com\/alianza-con-dios-teresa-de-jesus\/#breadcrumb\",\"itemListElement\":[{\"@type\":\"ListItem\",\"position\":1,\"name\":\"Startseite\",\"item\":\"https:\/\/nuevo-renacer.com\/\"},{\"@type\":\"ListItem\",\"position\":2,\"name\":\"Alianza con Dios &#8211; Teresa de Jes\u00fas\"}]},{\"@type\":\"WebSite\",\"@id\":\"https:\/\/nuevo-renacer.com\/#website\",\"url\":\"https:\/\/nuevo-renacer.com\/\",\"name\":\"Uni\u00f3n Esp\u00edrita\",\"description\":\"Nuevo Renacer\",\"publisher\":{\"@id\":\"https:\/\/nuevo-renacer.com\/#organization\"},\"potentialAction\":[{\"@type\":\"SearchAction\",\"target\":{\"@type\":\"EntryPoint\",\"urlTemplate\":\"https:\/\/nuevo-renacer.com\/?s={search_term_string}\"},\"query-input\":{\"@type\":\"PropertyValueSpecification\",\"valueRequired\":true,\"valueName\":\"search_term_string\"}}],\"inLanguage\":\"tr\"},{\"@type\":\"Organization\",\"@id\":\"https:\/\/nuevo-renacer.com\/#organization\",\"name\":\"UFEC\",\"url\":\"https:\/\/nuevo-renacer.com\/\",\"logo\":{\"@type\":\"ImageObject\",\"inLanguage\":\"tr\",\"@id\":\"https:\/\/nuevo-renacer.com\/#\/schema\/logo\/image\/\",\"url\":\"https:\/\/nuevo-renacer.com\/wp-content\/uploads\/2024\/05\/cropped-LOGO-TERMINADO1-3-3.png\",\"contentUrl\":\"https:\/\/nuevo-renacer.com\/wp-content\/uploads\/2024\/05\/cropped-LOGO-TERMINADO1-3-3.png\",\"width\":512,\"height\":512,\"caption\":\"UFEC\"},\"image\":{\"@id\":\"https:\/\/nuevo-renacer.com\/#\/schema\/logo\/image\/\"},\"sameAs\":[\"https:\/\/www.facebook.com\/groups\/3431398063740829\"]}]}<\/script>\n<!-- \/ Yoast SEO Premium plugin. -->","yoast_head_json":{"title":"Alianza con Dios - Teresa de Jes\u00fas - Uni\u00f3n Esp\u00edrita","robots":{"index":"index","follow":"follow","max-snippet":"max-snippet:-1","max-image-preview":"max-image-preview:large","max-video-preview":"max-video-preview:-1"},"canonical":"https:\/\/nuevo-renacer.com\/tr\/alianza-con-dios-teresa-de-jesus\/","og_locale":"tr_TR","og_type":"article","og_title":"Alianza con Dios - Teresa de Jes\u00fas","og_description":"Alianza con Dios Solo el hombre qu\u00e9 en bravura, cual peregrino en el tiempo, se afianza en el portento de buscar su salvaci\u00f3n, se abraza fuerte a mi Dios y calma su calentura, siendo tierna criatura entre sus brazos de amor. De noches y amaneceres, prolija qued\u00f3 su alma, buscando siempre en la calma, un [&hellip;]","og_url":"https:\/\/nuevo-renacer.com\/tr\/alianza-con-dios-teresa-de-jesus\/","og_site_name":"Uni\u00f3n Esp\u00edrita","article_publisher":"https:\/\/www.facebook.com\/groups\/3431398063740829","article_modified_time":"2024-09-15T08:57:59+00:00","og_image":[{"width":540,"height":360,"url":"https:\/\/nuevo-renacer.com\/wp-content\/uploads\/2024\/09\/alianza.jpg","type":"image\/jpeg"}],"twitter_card":"summary_large_image","twitter_misc":{"Tahmini okuma s\u00fcresi":"2 dakika"},"schema":{"@context":"https:\/\/schema.org","@graph":[{"@type":"WebPage","@id":"https:\/\/nuevo-renacer.com\/alianza-con-dios-teresa-de-jesus\/","url":"https:\/\/nuevo-renacer.com\/alianza-con-dios-teresa-de-jesus\/","name":"Alianza con Dios - Teresa de Jes\u00fas - Uni\u00f3n Esp\u00edrita","isPartOf":{"@id":"https:\/\/nuevo-renacer.com\/#website"},"primaryImageOfPage":{"@id":"https:\/\/nuevo-renacer.com\/alianza-con-dios-teresa-de-jesus\/#primaryimage"},"image":{"@id":"https:\/\/nuevo-renacer.com\/alianza-con-dios-teresa-de-jesus\/#primaryimage"},"thumbnailUrl":"https:\/\/nuevo-renacer.com\/wp-content\/uploads\/2024\/09\/alianza.jpg","datePublished":"2024-09-15T08:34:14+00:00","dateModified":"2024-09-15T08:57:59+00:00","breadcrumb":{"@id":"https:\/\/nuevo-renacer.com\/alianza-con-dios-teresa-de-jesus\/#breadcrumb"},"inLanguage":"tr","potentialAction":[{"@type":"ReadAction","target":["https:\/\/nuevo-renacer.com\/alianza-con-dios-teresa-de-jesus\/"]}]},{"@type":"ImageObject","inLanguage":"tr","@id":"https:\/\/nuevo-renacer.com\/alianza-con-dios-teresa-de-jesus\/#primaryimage","url":"https:\/\/nuevo-renacer.com\/wp-content\/uploads\/2024\/09\/alianza.jpg","contentUrl":"https:\/\/nuevo-renacer.com\/wp-content\/uploads\/2024\/09\/alianza.jpg","width":540,"height":360},{"@type":"BreadcrumbList","@id":"https:\/\/nuevo-renacer.com\/alianza-con-dios-teresa-de-jesus\/#breadcrumb","itemListElement":[{"@type":"ListItem","position":1,"name":"Startseite","item":"https:\/\/nuevo-renacer.com\/"},{"@type":"ListItem","position":2,"name":"Alianza con Dios &#8211; Teresa de Jes\u00fas"}]},{"@type":"WebSite","@id":"https:\/\/nuevo-renacer.com\/#website","url":"https:\/\/nuevo-renacer.com\/","name":"Uni\u00f3n Esp\u00edrita","description":"Nuevo Renacer","publisher":{"@id":"https:\/\/nuevo-renacer.com\/#organization"},"potentialAction":[{"@type":"SearchAction","target":{"@type":"EntryPoint","urlTemplate":"https:\/\/nuevo-renacer.com\/?s={search_term_string}"},"query-input":{"@type":"PropertyValueSpecification","valueRequired":true,"valueName":"search_term_string"}}],"inLanguage":"tr"},{"@type":"Organization","@id":"https:\/\/nuevo-renacer.com\/#organization","name":"UFEC","url":"https:\/\/nuevo-renacer.com\/","logo":{"@type":"ImageObject","inLanguage":"tr","@id":"https:\/\/nuevo-renacer.com\/#\/schema\/logo\/image\/","url":"https:\/\/nuevo-renacer.com\/wp-content\/uploads\/2024\/05\/cropped-LOGO-TERMINADO1-3-3.png","contentUrl":"https:\/\/nuevo-renacer.com\/wp-content\/uploads\/2024\/05\/cropped-LOGO-TERMINADO1-3-3.png","width":512,"height":512,"caption":"UFEC"},"image":{"@id":"https:\/\/nuevo-renacer.com\/#\/schema\/logo\/image\/"},"sameAs":["https:\/\/www.facebook.com\/groups\/3431398063740829"]}]}},"uagb_featured_image_src":{"full":["https:\/\/nuevo-renacer.com\/wp-content\/uploads\/2024\/09\/alianza.jpg",540,360,false],"thumbnail":["https:\/\/nuevo-renacer.com\/wp-content\/uploads\/2024\/09\/alianza-150x150.jpg",150,150,true],"medium":["https:\/\/nuevo-renacer.com\/wp-content\/uploads\/2024\/09\/alianza-300x200.jpg",300,200,true],"medium_large":["https:\/\/nuevo-renacer.com\/wp-content\/uploads\/2024\/09\/alianza.jpg",540,360,false],"large":["https:\/\/nuevo-renacer.com\/wp-content\/uploads\/2024\/09\/alianza.jpg",540,360,false],"1536x1536":["https:\/\/nuevo-renacer.com\/wp-content\/uploads\/2024\/09\/alianza.jpg",540,360,false],"2048x2048":["https:\/\/nuevo-renacer.com\/wp-content\/uploads\/2024\/09\/alianza.jpg",540,360,false],"trp-custom-language-flag":["https:\/\/nuevo-renacer.com\/wp-content\/uploads\/2024\/09\/alianza-18x12.jpg",18,12,true]},"uagb_author_info":{"display_name":"adbv0","author_link":"https:\/\/nuevo-renacer.com\/tr\/author\/adbv0\/"},"uagb_comment_info":0,"uagb_excerpt":"Alianza con Dios Solo el hombre qu\u00e9 en bravura, cual peregrino en el tiempo, se afianza en el portento de buscar su salvaci\u00f3n, se abraza fuerte a mi Dios y calma su calentura, siendo tierna criatura entre sus brazos de amor. De noches y amaneceres, prolija qued\u00f3 su alma, buscando siempre en la calma, un&hellip;","jetpack_sharing_enabled":true,"_links":{"self":[{"href":"https:\/\/nuevo-renacer.com\/tr\/wp-json\/wp\/v2\/pages\/5049","targetHints":{"allow":["GET"]}}],"collection":[{"href":"https:\/\/nuevo-renacer.com\/tr\/wp-json\/wp\/v2\/pages"}],"about":[{"href":"https:\/\/nuevo-renacer.com\/tr\/wp-json\/wp\/v2\/types\/page"}],"author":[{"embeddable":true,"href":"https:\/\/nuevo-renacer.com\/tr\/wp-json\/wp\/v2\/users\/1"}],"replies":[{"embeddable":true,"href":"https:\/\/nuevo-renacer.com\/tr\/wp-json\/wp\/v2\/comments?post=5049"}],"version-history":[{"count":6,"href":"https:\/\/nuevo-renacer.com\/tr\/wp-json\/wp\/v2\/pages\/5049\/revisions"}],"predecessor-version":[{"id":5072,"href":"https:\/\/nuevo-renacer.com\/tr\/wp-json\/wp\/v2\/pages\/5049\/revisions\/5072"}],"wp:featuredmedia":[{"embeddable":true,"href":"https:\/\/nuevo-renacer.com\/tr\/wp-json\/wp\/v2\/media\/5052"}],"wp:attachment":[{"href":"https:\/\/nuevo-renacer.com\/tr\/wp-json\/wp\/v2\/media?parent=5049"}],"curies":[{"name":"wp","href":"https:\/\/api.w.org\/{rel}","templated":true}]}}