{"id":4701,"date":"2024-09-11T09:06:52","date_gmt":"2024-09-11T09:06:52","guid":{"rendered":"https:\/\/nuevo-renacer.com\/?page_id=4701"},"modified":"2024-09-11T09:13:57","modified_gmt":"2024-09-11T09:13:57","slug":"maria-agustina-guffain-lanzo-de-doittau","status":"publish","type":"page","link":"https:\/\/nuevo-renacer.com\/tr\/maria-agustina-guffain-lanzo-de-doittau\/","title":{"rendered":"Mar\u00eda Agustina Guffain Lanz\u00f3 de Doittau"},"content":{"rendered":"<div class=\"wp-block-uagb-container uagb-block-73afab84 alignfull uagb-is-root-container\"><div class=\"uagb-container-inner-blocks-wrap\">\n<p class=\"has-black-color has-text-color has-link-color has-medium-font-size wp-elements-66157c550c3ae8fa5da1c197060972e6\"><strong>Mar\u00eda Agustina Guffain Lanz\u00f3 de Doittau<\/strong> <strong>(1870-1929)<\/strong><\/p>\n<\/div><\/div>\n\n\n\n<div class=\"wp-block-uagb-container uagb-block-df91257e alignfull uagb-is-root-container\"><div class=\"uagb-container-inner-blocks-wrap\">\n<figure class=\"wp-block-image size-full is-resized\"><img decoding=\"async\" width=\"185\" height=\"234\" src=\"https:\/\/nuevo-renacer.com\/wp-content\/uploads\/2024\/09\/3.png\" alt=\"\" class=\"wp-image-4703\" style=\"width:287px;height:auto\" srcset=\"https:\/\/nuevo-renacer.com\/wp-content\/uploads\/2024\/09\/3.png 185w, https:\/\/nuevo-renacer.com\/wp-content\/uploads\/2024\/09\/3-9x12.png 9w\" sizes=\"(max-width: 185px) 100vw, 185px\" \/><\/figure>\n<\/div><\/div>\n\n\n\n<div class=\"wp-block-uagb-container uagb-block-fce4a2a0 alignfull uagb-is-root-container\"><div class=\"uagb-container-inner-blocks-wrap\">\n<p class=\"has-black-color has-text-color has-link-color has-small-font-size wp-elements-124ad56c5c7abb82a9b6a545a0266768\">Ruhaniyet\u00e7i Maria Agustina Guffain Lanz\u00f3 de Doittau, toplumsal de\u011fi\u015fim vizyonu ve tutkusu olan yorulmak bilmeyen bir \u00f6nc\u00fcyd\u00fc ve daha da \u00f6nemlisi, ailesine b\u00fcy\u00fck bir ba\u011fl\u0131l\u0131\u011f\u0131 olan bir kad\u0131nd\u0131. 20. y\u00fczy\u0131l\u0131n ba\u015f\u0131nda Agustina Guffain, zaman\u0131n\u0131n en etkili liderlerinden biri olarak kabul edildi. Agustina\u2019n\u0131n ailesinin tarihsel belgelerinden, edebiyat\u0131ndan ve haberlerinden \u00e7\u0131kan hayat\u0131n profili, eksik olmas\u0131na ra\u011fmen, baz\u0131 ki\u015fisel deneyimlerini ortaya koyuyor. Ayn\u0131 zamanda inan\u00e7 sisteminin en \u00f6nemli etkilerini ve o d\u00f6nemde Porto Riko'daki Spiritist Hareket'e olan derin ba\u011fl\u0131l\u0131\u011f\u0131n\u0131 g\u00f6sterir.<\/p>\n\n\n\n<p class=\"has-black-color has-text-color has-link-color has-small-font-size wp-elements-d58c4fb31c8147ff2662cfb74a890c85\"><strong>Onun gen\u00e7li\u011fi<\/strong><\/p>\n\n\n\n<p class=\"has-black-color has-text-color has-link-color has-small-font-size wp-elements-7591ba5367ba0171efd0679c0c2014b3\">Agustina Guffain, 24 Nisan 1863'te Mayag\u00fcez, Porto Riko'da do\u011fdu. Frans\u0131z Pedro Bruno Guffain Reboll\u00e9\u00e9 ve Juana Mar\u00edna Celestina Lanz\u00f3nor de Vern\u00f5es'in \u00fc\u00e7\u00fcnc\u00fc k\u0131z\u0131yd\u0131. Ailesi, muazzam bir ekonomik geli\u015fme d\u00f6neminde, 1840larda Porto Rikoya geldi ve sonunda Mayag\u00f6ze yerle\u015fti. Guffain-Lanz\u00f3rn, Mayag\u00fcez ve Cabo Rojo topluluklar\u0131n\u0131n \u00f6nde gelen ve iyi e\u011fitimli \u00fcyeleriydi. Agustina'n\u0131n 1854'te do\u011fan Carlos Pedro ad\u0131nda bir erkek karde\u015fi ve 1860'ta do\u011fan Mar\u00ed\u00edna Rafaela ad\u0131nda bir k\u0131z karde\u015fi vard\u0131. Aile, birka\u00e7 ba\u015far\u0131l\u0131 i\u015fletmeye sahip olduklar\u0131 Porto Riko'da uzun y\u0131llar kald\u0131.<\/p>\n\n\n\n<p class=\"has-black-color has-text-color has-link-color has-small-font-size wp-elements-78bee7687ed137ab01d1644436ecd064\">Agustina'n\u0131n Ruh\u00e7uluk olan inanc\u0131n\u0131 nas\u0131l geli\u015ftirdi\u011fi tam olarak bilinmemektedir. Ruh\u00e7uluk babas\u0131 Allan Kardec (1804-1869) ile ayn\u0131 \u00fclkede ya\u015fayan Frans\u0131z soyundan gelen ailesinden \u00e7\u0131kt\u0131\u011f\u0131n\u0131 varsayabiliriz. Yani, Fransa'daki Guffain-Lanzon ailesinin Kardecian doktrinine maruz kald\u0131\u011f\u0131 ve bu felsefenin tohumunun yeti\u015ftirilmesinde Agustina'ya ekildi\u011fi tahmin edilebilir. Babas\u0131n\u0131n di\u011fer entelekt\u00fcellerle yapt\u0131\u011f\u0131 konu\u015fmalar\u0131 dinlemesi de yararl\u0131 olmu\u015f olabilir. Agustina'da Ruh\u00e7uluk etkisinin, bu hareketin b\u00f6lgede ve ada genelinde zirveye ula\u015fmas\u0131yla ger\u00e7ekle\u015fmi\u015f olmas\u0131 muhtemeldir.<\/p>\n<\/div><\/div>","protected":false},"excerpt":{"rendered":"<p>Mar\u00eda Agustina Guffain Lanz\u00f3 de Doittau (1870-1929) La espiritista Mar\u00eda Agustina Guffain Lanz\u00f3 de Doittau fue una pionera infatigable con una visi\u00f3n y una pasi\u00f3n por el cambio social, y, a\u00fan m\u00e1s importante, fue una mujer con una enorme devoci\u00f3n por su familia. A principios del siglo XX, Agustina Guffain fue considerada una de las [&hellip;]<\/p>","protected":false},"author":1,"featured_media":4703,"parent":0,"menu_order":0,"comment_status":"closed","ping_status":"closed","template":"","meta":{"_uag_custom_page_level_css":"","site-sidebar-layout":"default","site-content-layout":"","ast-site-content-layout":"default","site-content-style":"default","site-sidebar-style":"default","ast-global-header-display":"","ast-banner-title-visibility":"","ast-main-header-display":"","ast-hfb-above-header-display":"","ast-hfb-below-header-display":"","ast-hfb-mobile-header-display":"","site-post-title":"","ast-breadcrumbs-content":"","ast-featured-img":"","footer-sml-layout":"","theme-transparent-header-meta":"","adv-header-id-meta":"","stick-header-meta":"","header-above-stick-meta":"","header-main-stick-meta":"","header-below-stick-meta":"","astra-migrate-meta-layouts":"set","ast-page-background-enabled":"default","ast-page-background-meta":{"desktop":{"background-color":"var(--ast-global-color-4)","background-image":"","background-repeat":"repeat","background-position":"center center","background-size":"auto","background-attachment":"scroll","background-type":"","background-media":"","overlay-type":"","overlay-color":"","overlay-opacity":"","overlay-gradient":""},"tablet":{"background-color":"","background-image":"","background-repeat":"repeat","background-position":"center center","background-size":"auto","background-attachment":"scroll","background-type":"","background-media":"","overlay-type":"","overlay-color":"","overlay-opacity":"","overlay-gradient":""},"mobile":{"background-color":"","background-image":"","background-repeat":"repeat","background-position":"center center","background-size":"auto","background-attachment":"scroll","background-type":"","background-media":"","overlay-type":"","overlay-color":"","overlay-opacity":"","overlay-gradient":""}},"ast-content-background-meta":{"desktop":{"background-color":"var(--ast-global-color-5)","background-image":"","background-repeat":"repeat","background-position":"center center","background-size":"auto","background-attachment":"scroll","background-type":"","background-media":"","overlay-type":"","overlay-color":"","overlay-opacity":"","overlay-gradient":""},"tablet":{"background-color":"var(--ast-global-color-5)","background-image":"","background-repeat":"repeat","background-position":"center center","background-size":"auto","background-attachment":"scroll","background-type":"","background-media":"","overlay-type":"","overlay-color":"","overlay-opacity":"","overlay-gradient":""},"mobile":{"background-color":"var(--ast-global-color-5)","background-image":"","background-repeat":"repeat","background-position":"center center","background-size":"auto","background-attachment":"scroll","background-type":"","background-media":"","overlay-type":"","overlay-color":"","overlay-opacity":"","overlay-gradient":""}},"footnotes":""},"class_list":["post-4701","page","type-page","status-publish","has-post-thumbnail","hentry"],"yoast_head":"<!-- This site is optimized with the Yoast SEO Premium plugin v24.2 (Yoast SEO v24.6) - https:\/\/yoast.com\/wordpress\/plugins\/seo\/ -->\n<title>Mar\u00eda Agustina Guffain Lanz\u00f3 de Doittau - Uni\u00f3n Esp\u00edrita<\/title>\n<meta name=\"robots\" content=\"index, follow, max-snippet:-1, max-image-preview:large, max-video-preview:-1\" \/>\n<link rel=\"canonical\" href=\"https:\/\/nuevo-renacer.com\/tr\/maria-agustina-guffain-lanzo-de-doittau\/\" \/>\n<meta property=\"og:locale\" content=\"tr_TR\" \/>\n<meta property=\"og:type\" content=\"article\" \/>\n<meta property=\"og:title\" content=\"Mar\u00eda Agustina Guffain Lanz\u00f3 de Doittau\" \/>\n<meta property=\"og:description\" content=\"Mar\u00eda Agustina Guffain Lanz\u00f3 de Doittau (1870-1929) La espiritista Mar\u00eda Agustina Guffain Lanz\u00f3 de Doittau fue una pionera infatigable con una visi\u00f3n y una pasi\u00f3n por el cambio social, y, a\u00fan m\u00e1s importante, fue una mujer con una enorme devoci\u00f3n por su familia. A principios del siglo XX, Agustina Guffain fue considerada una de las [&hellip;]\" \/>\n<meta property=\"og:url\" content=\"https:\/\/nuevo-renacer.com\/tr\/maria-agustina-guffain-lanzo-de-doittau\/\" \/>\n<meta property=\"og:site_name\" content=\"Uni\u00f3n Esp\u00edrita\" \/>\n<meta property=\"article:publisher\" content=\"https:\/\/www.facebook.com\/groups\/3431398063740829\" \/>\n<meta property=\"article:modified_time\" content=\"2024-09-11T09:13:57+00:00\" \/>\n<meta property=\"og:image\" content=\"https:\/\/nuevo-renacer.com\/wp-content\/uploads\/2024\/09\/3.png\" \/>\n\t<meta property=\"og:image:width\" content=\"185\" \/>\n\t<meta property=\"og:image:height\" content=\"234\" \/>\n\t<meta property=\"og:image:type\" content=\"image\/png\" \/>\n<meta name=\"twitter:card\" content=\"summary_large_image\" \/>\n<meta name=\"twitter:label1\" content=\"Tahmini okuma s\u00fcresi\" \/>\n\t<meta name=\"twitter:data1\" content=\"2 dakika\" \/>\n<script type=\"application\/ld+json\" class=\"yoast-schema-graph\">{\"@context\":\"https:\/\/schema.org\",\"@graph\":[{\"@type\":\"WebPage\",\"@id\":\"https:\/\/nuevo-renacer.com\/maria-agustina-guffain-lanzo-de-doittau\/\",\"url\":\"https:\/\/nuevo-renacer.com\/maria-agustina-guffain-lanzo-de-doittau\/\",\"name\":\"Mar\u00eda Agustina Guffain Lanz\u00f3 de Doittau - Uni\u00f3n Esp\u00edrita\",\"isPartOf\":{\"@id\":\"https:\/\/nuevo-renacer.com\/#website\"},\"primaryImageOfPage\":{\"@id\":\"https:\/\/nuevo-renacer.com\/maria-agustina-guffain-lanzo-de-doittau\/#primaryimage\"},\"image\":{\"@id\":\"https:\/\/nuevo-renacer.com\/maria-agustina-guffain-lanzo-de-doittau\/#primaryimage\"},\"thumbnailUrl\":\"https:\/\/nuevo-renacer.com\/wp-content\/uploads\/2024\/09\/3.png\",\"datePublished\":\"2024-09-11T09:06:52+00:00\",\"dateModified\":\"2024-09-11T09:13:57+00:00\",\"breadcrumb\":{\"@id\":\"https:\/\/nuevo-renacer.com\/maria-agustina-guffain-lanzo-de-doittau\/#breadcrumb\"},\"inLanguage\":\"tr\",\"potentialAction\":[{\"@type\":\"ReadAction\",\"target\":[\"https:\/\/nuevo-renacer.com\/maria-agustina-guffain-lanzo-de-doittau\/\"]}]},{\"@type\":\"ImageObject\",\"inLanguage\":\"tr\",\"@id\":\"https:\/\/nuevo-renacer.com\/maria-agustina-guffain-lanzo-de-doittau\/#primaryimage\",\"url\":\"https:\/\/nuevo-renacer.com\/wp-content\/uploads\/2024\/09\/3.png\",\"contentUrl\":\"https:\/\/nuevo-renacer.com\/wp-content\/uploads\/2024\/09\/3.png\",\"width\":185,\"height\":234},{\"@type\":\"BreadcrumbList\",\"@id\":\"https:\/\/nuevo-renacer.com\/maria-agustina-guffain-lanzo-de-doittau\/#breadcrumb\",\"itemListElement\":[{\"@type\":\"ListItem\",\"position\":1,\"name\":\"Startseite\",\"item\":\"https:\/\/nuevo-renacer.com\/\"},{\"@type\":\"ListItem\",\"position\":2,\"name\":\"Mar\u00eda Agustina Guffain Lanz\u00f3 de Doittau\"}]},{\"@type\":\"WebSite\",\"@id\":\"https:\/\/nuevo-renacer.com\/#website\",\"url\":\"https:\/\/nuevo-renacer.com\/\",\"name\":\"Uni\u00f3n Esp\u00edrita\",\"description\":\"Nuevo Renacer\",\"publisher\":{\"@id\":\"https:\/\/nuevo-renacer.com\/#organization\"},\"potentialAction\":[{\"@type\":\"SearchAction\",\"target\":{\"@type\":\"EntryPoint\",\"urlTemplate\":\"https:\/\/nuevo-renacer.com\/?s={search_term_string}\"},\"query-input\":{\"@type\":\"PropertyValueSpecification\",\"valueRequired\":true,\"valueName\":\"search_term_string\"}}],\"inLanguage\":\"tr\"},{\"@type\":\"Organization\",\"@id\":\"https:\/\/nuevo-renacer.com\/#organization\",\"name\":\"UFEC\",\"url\":\"https:\/\/nuevo-renacer.com\/\",\"logo\":{\"@type\":\"ImageObject\",\"inLanguage\":\"tr\",\"@id\":\"https:\/\/nuevo-renacer.com\/#\/schema\/logo\/image\/\",\"url\":\"https:\/\/nuevo-renacer.com\/wp-content\/uploads\/2024\/05\/cropped-LOGO-TERMINADO1-3-3.png\",\"contentUrl\":\"https:\/\/nuevo-renacer.com\/wp-content\/uploads\/2024\/05\/cropped-LOGO-TERMINADO1-3-3.png\",\"width\":512,\"height\":512,\"caption\":\"UFEC\"},\"image\":{\"@id\":\"https:\/\/nuevo-renacer.com\/#\/schema\/logo\/image\/\"},\"sameAs\":[\"https:\/\/www.facebook.com\/groups\/3431398063740829\"]}]}<\/script>\n<!-- \/ Yoast SEO Premium plugin. -->","yoast_head_json":{"title":"Mar\u00eda Agustina Guffain Lanz\u00f3 de Doittau - Uni\u00f3n Esp\u00edrita","robots":{"index":"index","follow":"follow","max-snippet":"max-snippet:-1","max-image-preview":"max-image-preview:large","max-video-preview":"max-video-preview:-1"},"canonical":"https:\/\/nuevo-renacer.com\/tr\/maria-agustina-guffain-lanzo-de-doittau\/","og_locale":"tr_TR","og_type":"article","og_title":"Mar\u00eda Agustina Guffain Lanz\u00f3 de Doittau","og_description":"Mar\u00eda Agustina Guffain Lanz\u00f3 de Doittau (1870-1929) La espiritista Mar\u00eda Agustina Guffain Lanz\u00f3 de Doittau fue una pionera infatigable con una visi\u00f3n y una pasi\u00f3n por el cambio social, y, a\u00fan m\u00e1s importante, fue una mujer con una enorme devoci\u00f3n por su familia. A principios del siglo XX, Agustina Guffain fue considerada una de las [&hellip;]","og_url":"https:\/\/nuevo-renacer.com\/tr\/maria-agustina-guffain-lanzo-de-doittau\/","og_site_name":"Uni\u00f3n Esp\u00edrita","article_publisher":"https:\/\/www.facebook.com\/groups\/3431398063740829","article_modified_time":"2024-09-11T09:13:57+00:00","og_image":[{"width":185,"height":234,"url":"https:\/\/nuevo-renacer.com\/wp-content\/uploads\/2024\/09\/3.png","type":"image\/png"}],"twitter_card":"summary_large_image","twitter_misc":{"Tahmini okuma s\u00fcresi":"2 dakika"},"schema":{"@context":"https:\/\/schema.org","@graph":[{"@type":"WebPage","@id":"https:\/\/nuevo-renacer.com\/maria-agustina-guffain-lanzo-de-doittau\/","url":"https:\/\/nuevo-renacer.com\/maria-agustina-guffain-lanzo-de-doittau\/","name":"Mar\u00eda Agustina Guffain Lanz\u00f3 de Doittau - Uni\u00f3n Esp\u00edrita","isPartOf":{"@id":"https:\/\/nuevo-renacer.com\/#website"},"primaryImageOfPage":{"@id":"https:\/\/nuevo-renacer.com\/maria-agustina-guffain-lanzo-de-doittau\/#primaryimage"},"image":{"@id":"https:\/\/nuevo-renacer.com\/maria-agustina-guffain-lanzo-de-doittau\/#primaryimage"},"thumbnailUrl":"https:\/\/nuevo-renacer.com\/wp-content\/uploads\/2024\/09\/3.png","datePublished":"2024-09-11T09:06:52+00:00","dateModified":"2024-09-11T09:13:57+00:00","breadcrumb":{"@id":"https:\/\/nuevo-renacer.com\/maria-agustina-guffain-lanzo-de-doittau\/#breadcrumb"},"inLanguage":"tr","potentialAction":[{"@type":"ReadAction","target":["https:\/\/nuevo-renacer.com\/maria-agustina-guffain-lanzo-de-doittau\/"]}]},{"@type":"ImageObject","inLanguage":"tr","@id":"https:\/\/nuevo-renacer.com\/maria-agustina-guffain-lanzo-de-doittau\/#primaryimage","url":"https:\/\/nuevo-renacer.com\/wp-content\/uploads\/2024\/09\/3.png","contentUrl":"https:\/\/nuevo-renacer.com\/wp-content\/uploads\/2024\/09\/3.png","width":185,"height":234},{"@type":"BreadcrumbList","@id":"https:\/\/nuevo-renacer.com\/maria-agustina-guffain-lanzo-de-doittau\/#breadcrumb","itemListElement":[{"@type":"ListItem","position":1,"name":"Startseite","item":"https:\/\/nuevo-renacer.com\/"},{"@type":"ListItem","position":2,"name":"Mar\u00eda Agustina Guffain Lanz\u00f3 de Doittau"}]},{"@type":"WebSite","@id":"https:\/\/nuevo-renacer.com\/#website","url":"https:\/\/nuevo-renacer.com\/","name":"Uni\u00f3n Esp\u00edrita","description":"Nuevo Renacer","publisher":{"@id":"https:\/\/nuevo-renacer.com\/#organization"},"potentialAction":[{"@type":"SearchAction","target":{"@type":"EntryPoint","urlTemplate":"https:\/\/nuevo-renacer.com\/?s={search_term_string}"},"query-input":{"@type":"PropertyValueSpecification","valueRequired":true,"valueName":"search_term_string"}}],"inLanguage":"tr"},{"@type":"Organization","@id":"https:\/\/nuevo-renacer.com\/#organization","name":"UFEC","url":"https:\/\/nuevo-renacer.com\/","logo":{"@type":"ImageObject","inLanguage":"tr","@id":"https:\/\/nuevo-renacer.com\/#\/schema\/logo\/image\/","url":"https:\/\/nuevo-renacer.com\/wp-content\/uploads\/2024\/05\/cropped-LOGO-TERMINADO1-3-3.png","contentUrl":"https:\/\/nuevo-renacer.com\/wp-content\/uploads\/2024\/05\/cropped-LOGO-TERMINADO1-3-3.png","width":512,"height":512,"caption":"UFEC"},"image":{"@id":"https:\/\/nuevo-renacer.com\/#\/schema\/logo\/image\/"},"sameAs":["https:\/\/www.facebook.com\/groups\/3431398063740829"]}]}},"uagb_featured_image_src":{"full":["https:\/\/nuevo-renacer.com\/wp-content\/uploads\/2024\/09\/3.png",185,234,false],"thumbnail":["https:\/\/nuevo-renacer.com\/wp-content\/uploads\/2024\/09\/3-150x150.png",150,150,true],"medium":["https:\/\/nuevo-renacer.com\/wp-content\/uploads\/2024\/09\/3.png",185,234,false],"medium_large":["https:\/\/nuevo-renacer.com\/wp-content\/uploads\/2024\/09\/3.png",185,234,false],"large":["https:\/\/nuevo-renacer.com\/wp-content\/uploads\/2024\/09\/3.png",185,234,false],"1536x1536":["https:\/\/nuevo-renacer.com\/wp-content\/uploads\/2024\/09\/3.png",185,234,false],"2048x2048":["https:\/\/nuevo-renacer.com\/wp-content\/uploads\/2024\/09\/3.png",185,234,false],"trp-custom-language-flag":["https:\/\/nuevo-renacer.com\/wp-content\/uploads\/2024\/09\/3-9x12.png",9,12,true]},"uagb_author_info":{"display_name":"adbv0","author_link":"https:\/\/nuevo-renacer.com\/tr\/author\/adbv0\/"},"uagb_comment_info":0,"uagb_excerpt":"Mar\u00eda Agustina Guffain Lanz\u00f3 de Doittau (1870-1929) La espiritista Mar\u00eda Agustina Guffain Lanz\u00f3 de Doittau fue una pionera infatigable con una visi\u00f3n y una pasi\u00f3n por el cambio social, y, a\u00fan m\u00e1s importante, fue una mujer con una enorme devoci\u00f3n por su familia. A principios del siglo XX, Agustina Guffain fue considerada una de las&hellip;","jetpack_sharing_enabled":true,"_links":{"self":[{"href":"https:\/\/nuevo-renacer.com\/tr\/wp-json\/wp\/v2\/pages\/4701","targetHints":{"allow":["GET"]}}],"collection":[{"href":"https:\/\/nuevo-renacer.com\/tr\/wp-json\/wp\/v2\/pages"}],"about":[{"href":"https:\/\/nuevo-renacer.com\/tr\/wp-json\/wp\/v2\/types\/page"}],"author":[{"embeddable":true,"href":"https:\/\/nuevo-renacer.com\/tr\/wp-json\/wp\/v2\/users\/1"}],"replies":[{"embeddable":true,"href":"https:\/\/nuevo-renacer.com\/tr\/wp-json\/wp\/v2\/comments?post=4701"}],"version-history":[{"count":3,"href":"https:\/\/nuevo-renacer.com\/tr\/wp-json\/wp\/v2\/pages\/4701\/revisions"}],"predecessor-version":[{"id":4706,"href":"https:\/\/nuevo-renacer.com\/tr\/wp-json\/wp\/v2\/pages\/4701\/revisions\/4706"}],"wp:featuredmedia":[{"embeddable":true,"href":"https:\/\/nuevo-renacer.com\/tr\/wp-json\/wp\/v2\/media\/4703"}],"wp:attachment":[{"href":"https:\/\/nuevo-renacer.com\/tr\/wp-json\/wp\/v2\/media?parent=4701"}],"curies":[{"name":"wp","href":"https:\/\/api.w.org\/{rel}","templated":true}]}}