{"id":4692,"date":"2024-09-11T08:50:37","date_gmt":"2024-09-11T08:50:37","guid":{"rendered":"https:\/\/nuevo-renacer.com\/?page_id=4692"},"modified":"2026-04-20T19:13:03","modified_gmt":"2026-04-20T19:13:03","slug":"simplicia-armstrong-de-ramu","status":"publish","type":"page","link":"https:\/\/nuevo-renacer.com\/tr\/simplicia-armstrong-de-ramu\/","title":{"rendered":"Simplicia Armstrong de Ram\u00fa"},"content":{"rendered":"<div class=\"wp-block-uagb-container uagb-block-30c0e3c3 alignfull uagb-is-root-container\"><div class=\"uagb-container-inner-blocks-wrap\">\n<p class=\"has-black-color has-text-color has-link-color has-medium-font-size wp-elements-36a6a5e7426a2d23d5ba12d9a30d2080\"><strong>Simplicia Armstrong de Ram\u00fa (1863-1909)<\/strong><\/p>\n<\/div><\/div>\n\n\n\n<div class=\"wp-block-uagb-container uagb-block-4b383c4e alignfull uagb-is-root-container\"><div class=\"uagb-container-inner-blocks-wrap\">\n<figure class=\"wp-block-image size-full is-resized\"><img decoding=\"async\" width=\"192\" height=\"186\" src=\"https:\/\/nuevo-renacer.com\/wp-content\/uploads\/2024\/09\/2.png\" alt=\"\" class=\"wp-image-4694\" style=\"width:315px;height:auto\" srcset=\"https:\/\/nuevo-renacer.com\/wp-content\/uploads\/2024\/09\/2.png 192w, https:\/\/nuevo-renacer.com\/wp-content\/uploads\/2024\/09\/2-12x12.png 12w\" sizes=\"(max-width: 192px) 100vw, 192px\" \/><\/figure>\n<\/div><\/div>\n\n\n\n<div class=\"wp-block-uagb-container uagb-block-47ac7a2c alignfull uagb-is-root-container\"><div class=\"uagb-container-inner-blocks-wrap\">\n<p class=\"has-black-color has-text-color has-link-color has-small-font-size wp-elements-cf8e0d47068d466f4f9f6448405c7eba\">Porto Rikolu \u00fcnl\u00fc yazar, aktivist ve spirit\u00fcalist Simplicia Armstrong M\u00e1rquez de Ram\u00fa 1863 y\u0131l\u0131nda Ponce \u015fehrinde do\u011fdu. Hen\u00fcz be\u015f ya\u015f\u0131ndayken \u00f6len Protestan bir \u0130ngiliz olan Tom\u00e1s Armstrong ile onu on \u00fc\u00e7 ya\u015f\u0131nda yetim b\u0131rakan ve dokuz ya\u015f\u0131ndaki erkek karde\u015finden sorumlu olan Katolik bir anne olan Ramona M\u00e1rquez'in k\u0131z\u0131 olan Armstrong de Ram\u00fa, hayat\u0131n\u0131 Porto Rikolu kad\u0131nlar\u0131n \u00f6zg\u00fcrle\u015fmesi i\u00e7in m\u00fccadeleye adad\u0131. \u00d6zg\u00fcn ve karma\u015f\u0131k bir d\u00fc\u015f\u00fcnce tarz\u0131yla, ataerkillik, kad\u0131n d\u00fc\u015fmanl\u0131\u011f\u0131 ve dini fanatizmin yap\u0131sal olarak hizmet etti\u011fi bir toplumu analiz etti ve yaln\u0131zca gelenek taraf\u0131ndan yeni nesillerin vicdan\u0131n\u0131 olu\u015fturmakla g\u00f6revlendirilen kad\u0131nlar\u0131n kamusal alan\u0131 a\u00e7mak i\u00e7in gerekli de\u011fi\u015fiklikleri yapabilece\u011fi sonucuna vard\u0131; yaln\u0131zca kendisi, di\u011fer \u00f6zg\u00fcrle\u015fmi\u015f kad\u0131n ve erkeklerle dayan\u0131\u015fma i\u00e7inde kendini \u00f6zg\u00fcrle\u015ftirebilirdi. Spirit\u00fcalizm onu kendi vicdan\u0131na sahip \u00e7\u0131kmaya ve akl\u0131n gerektirdi\u011fi \u00f6zg\u00fcr d\u00fc\u015f\u00fcnceyi kullanarak kurallardan, geleneklerden veya g\u00f6reneklerden beslenmeyen ahlaki ve entelekt\u00fcel bir \u00f6zg\u00fcrle\u015fme sa\u011flamaya y\u00f6neltti. Hem toplumsal cinsiyet rollerini hem de ev kad\u0131nl\u0131\u011f\u0131n\u0131 yeniden d\u00fc\u015f\u00fcnd\u00fc ve ezilenlerin deneyimlerine derin bir hay\u0131rseverlik ve adalet duygusuyla yakla\u015fmas\u0131n\u0131 sa\u011flayan ruh\u00e7u bir maneviyat\u0131 benimsedi....<\/p>\n<\/div><\/div>\n\n\n\n<div class=\"wp-block-uagb-container uagb-block-a347df9f alignfull uagb-is-root-container\"><div class=\"uagb-container-inner-blocks-wrap\"><\/div><\/div>\n\n\n\n<div class=\"wp-block-uagb-container uagb-block-6f332a28 alignfull uagb-is-root-container\"><div class=\"uagb-container-inner-blocks-wrap\"><\/div><\/div>","protected":false},"excerpt":{"rendered":"<p>Simplicia Armstrong de Ram\u00fa (1863-1909) Ilustrada escritora, activista y espiritista puertorrique\u00f1a, Simplicia Armstrong M\u00e1rquez de Ram\u00fa naci\u00f3 en la ciudad de Ponce en 1863. Hija de Tom\u00e1s Armstrong, un ingl\u00e9s protestante que falleci\u00f3 cuando la ni\u00f1a ten\u00eda apenas cinco a\u00f1os, y de Ramona M\u00e1rquez, madre cat\u00f3lica que la dej\u00f3 hu\u00e9rfana a los trece y a [&hellip;]<\/p>","protected":false},"author":1,"featured_media":4694,"parent":0,"menu_order":0,"comment_status":"closed","ping_status":"closed","template":"","meta":{"_uag_custom_page_level_css":"","site-sidebar-layout":"default","site-content-layout":"","ast-site-content-layout":"default","site-content-style":"default","site-sidebar-style":"default","ast-global-header-display":"","ast-banner-title-visibility":"","ast-main-header-display":"","ast-hfb-above-header-display":"","ast-hfb-below-header-display":"","ast-hfb-mobile-header-display":"","site-post-title":"","ast-breadcrumbs-content":"","ast-featured-img":"","footer-sml-layout":"","theme-transparent-header-meta":"","adv-header-id-meta":"","stick-header-meta":"","header-above-stick-meta":"","header-main-stick-meta":"","header-below-stick-meta":"","astra-migrate-meta-layouts":"set","ast-page-background-enabled":"default","ast-page-background-meta":{"desktop":{"background-color":"var(--ast-global-color-4)","background-image":"","background-repeat":"repeat","background-position":"center center","background-size":"auto","background-attachment":"scroll","background-type":"","background-media":"","overlay-type":"","overlay-color":"","overlay-opacity":"","overlay-gradient":""},"tablet":{"background-color":"","background-image":"","background-repeat":"repeat","background-position":"center center","background-size":"auto","background-attachment":"scroll","background-type":"","background-media":"","overlay-type":"","overlay-color":"","overlay-opacity":"","overlay-gradient":""},"mobile":{"background-color":"","background-image":"","background-repeat":"repeat","background-position":"center center","background-size":"auto","background-attachment":"scroll","background-type":"","background-media":"","overlay-type":"","overlay-color":"","overlay-opacity":"","overlay-gradient":""}},"ast-content-background-meta":{"desktop":{"background-color":"var(--ast-global-color-5)","background-image":"","background-repeat":"repeat","background-position":"center center","background-size":"auto","background-attachment":"scroll","background-type":"","background-media":"","overlay-type":"","overlay-color":"","overlay-opacity":"","overlay-gradient":""},"tablet":{"background-color":"var(--ast-global-color-5)","background-image":"","background-repeat":"repeat","background-position":"center center","background-size":"auto","background-attachment":"scroll","background-type":"","background-media":"","overlay-type":"","overlay-color":"","overlay-opacity":"","overlay-gradient":""},"mobile":{"background-color":"var(--ast-global-color-5)","background-image":"","background-repeat":"repeat","background-position":"center center","background-size":"auto","background-attachment":"scroll","background-type":"","background-media":"","overlay-type":"","overlay-color":"","overlay-opacity":"","overlay-gradient":""}},"footnotes":""},"class_list":["post-4692","page","type-page","status-publish","has-post-thumbnail","hentry"],"yoast_head":"<!-- This site is optimized with the Yoast SEO Premium plugin v24.2 (Yoast SEO v24.6) - https:\/\/yoast.com\/wordpress\/plugins\/seo\/ -->\n<title>Simplicia Armstrong de Ram\u00fa - Uni\u00f3n Esp\u00edrita<\/title>\n<meta name=\"robots\" content=\"index, follow, max-snippet:-1, max-image-preview:large, max-video-preview:-1\" \/>\n<link rel=\"canonical\" href=\"https:\/\/nuevo-renacer.com\/tr\/simplicia-armstrong-de-ramu\/\" \/>\n<meta property=\"og:locale\" content=\"tr_TR\" \/>\n<meta property=\"og:type\" content=\"article\" \/>\n<meta property=\"og:title\" content=\"Simplicia Armstrong de Ram\u00fa\" \/>\n<meta property=\"og:description\" content=\"Simplicia Armstrong de Ram\u00fa (1863-1909) Ilustrada escritora, activista y espiritista puertorrique\u00f1a, Simplicia Armstrong M\u00e1rquez de Ram\u00fa naci\u00f3 en la ciudad de Ponce en 1863. Hija de Tom\u00e1s Armstrong, un ingl\u00e9s protestante que falleci\u00f3 cuando la ni\u00f1a ten\u00eda apenas cinco a\u00f1os, y de Ramona M\u00e1rquez, madre cat\u00f3lica que la dej\u00f3 hu\u00e9rfana a los trece y a [&hellip;]\" \/>\n<meta property=\"og:url\" content=\"https:\/\/nuevo-renacer.com\/tr\/simplicia-armstrong-de-ramu\/\" \/>\n<meta property=\"og:site_name\" content=\"Uni\u00f3n Esp\u00edrita\" \/>\n<meta property=\"article:publisher\" content=\"https:\/\/www.facebook.com\/groups\/3431398063740829\" \/>\n<meta property=\"article:modified_time\" content=\"2026-04-20T19:13:03+00:00\" \/>\n<meta property=\"og:image\" content=\"https:\/\/nuevo-renacer.com\/wp-content\/uploads\/2024\/09\/2.png\" \/>\n\t<meta property=\"og:image:width\" content=\"192\" \/>\n\t<meta property=\"og:image:height\" content=\"186\" \/>\n\t<meta property=\"og:image:type\" content=\"image\/png\" \/>\n<meta name=\"twitter:card\" content=\"summary_large_image\" \/>\n<meta name=\"twitter:label1\" content=\"Tahmini okuma s\u00fcresi\" \/>\n\t<meta name=\"twitter:data1\" content=\"2 dakika\" \/>\n<script type=\"application\/ld+json\" class=\"yoast-schema-graph\">{\"@context\":\"https:\/\/schema.org\",\"@graph\":[{\"@type\":\"WebPage\",\"@id\":\"https:\/\/nuevo-renacer.com\/simplicia-armstrong-de-ramu\/\",\"url\":\"https:\/\/nuevo-renacer.com\/simplicia-armstrong-de-ramu\/\",\"name\":\"Simplicia Armstrong de Ram\u00fa - Uni\u00f3n Esp\u00edrita\",\"isPartOf\":{\"@id\":\"https:\/\/nuevo-renacer.com\/#website\"},\"primaryImageOfPage\":{\"@id\":\"https:\/\/nuevo-renacer.com\/simplicia-armstrong-de-ramu\/#primaryimage\"},\"image\":{\"@id\":\"https:\/\/nuevo-renacer.com\/simplicia-armstrong-de-ramu\/#primaryimage\"},\"thumbnailUrl\":\"https:\/\/nuevo-renacer.com\/wp-content\/uploads\/2024\/09\/2.png\",\"datePublished\":\"2024-09-11T08:50:37+00:00\",\"dateModified\":\"2026-04-20T19:13:03+00:00\",\"breadcrumb\":{\"@id\":\"https:\/\/nuevo-renacer.com\/simplicia-armstrong-de-ramu\/#breadcrumb\"},\"inLanguage\":\"tr\",\"potentialAction\":[{\"@type\":\"ReadAction\",\"target\":[\"https:\/\/nuevo-renacer.com\/simplicia-armstrong-de-ramu\/\"]}]},{\"@type\":\"ImageObject\",\"inLanguage\":\"tr\",\"@id\":\"https:\/\/nuevo-renacer.com\/simplicia-armstrong-de-ramu\/#primaryimage\",\"url\":\"https:\/\/nuevo-renacer.com\/wp-content\/uploads\/2024\/09\/2.png\",\"contentUrl\":\"https:\/\/nuevo-renacer.com\/wp-content\/uploads\/2024\/09\/2.png\",\"width\":192,\"height\":186},{\"@type\":\"BreadcrumbList\",\"@id\":\"https:\/\/nuevo-renacer.com\/simplicia-armstrong-de-ramu\/#breadcrumb\",\"itemListElement\":[{\"@type\":\"ListItem\",\"position\":1,\"name\":\"Startseite\",\"item\":\"https:\/\/nuevo-renacer.com\/\"},{\"@type\":\"ListItem\",\"position\":2,\"name\":\"Simplicia Armstrong de Ram\u00fa\"}]},{\"@type\":\"WebSite\",\"@id\":\"https:\/\/nuevo-renacer.com\/#website\",\"url\":\"https:\/\/nuevo-renacer.com\/\",\"name\":\"Uni\u00f3n Esp\u00edrita\",\"description\":\"Nuevo Renacer\",\"publisher\":{\"@id\":\"https:\/\/nuevo-renacer.com\/#organization\"},\"potentialAction\":[{\"@type\":\"SearchAction\",\"target\":{\"@type\":\"EntryPoint\",\"urlTemplate\":\"https:\/\/nuevo-renacer.com\/?s={search_term_string}\"},\"query-input\":{\"@type\":\"PropertyValueSpecification\",\"valueRequired\":true,\"valueName\":\"search_term_string\"}}],\"inLanguage\":\"tr\"},{\"@type\":\"Organization\",\"@id\":\"https:\/\/nuevo-renacer.com\/#organization\",\"name\":\"UFEC\",\"url\":\"https:\/\/nuevo-renacer.com\/\",\"logo\":{\"@type\":\"ImageObject\",\"inLanguage\":\"tr\",\"@id\":\"https:\/\/nuevo-renacer.com\/#\/schema\/logo\/image\/\",\"url\":\"https:\/\/nuevo-renacer.com\/wp-content\/uploads\/2024\/05\/cropped-LOGO-TERMINADO1-3-3.png\",\"contentUrl\":\"https:\/\/nuevo-renacer.com\/wp-content\/uploads\/2024\/05\/cropped-LOGO-TERMINADO1-3-3.png\",\"width\":512,\"height\":512,\"caption\":\"UFEC\"},\"image\":{\"@id\":\"https:\/\/nuevo-renacer.com\/#\/schema\/logo\/image\/\"},\"sameAs\":[\"https:\/\/www.facebook.com\/groups\/3431398063740829\"]}]}<\/script>\n<!-- \/ Yoast SEO Premium plugin. -->","yoast_head_json":{"title":"Simplicia Armstrong de Ram\u00fa - Uni\u00f3n Esp\u00edrita","robots":{"index":"index","follow":"follow","max-snippet":"max-snippet:-1","max-image-preview":"max-image-preview:large","max-video-preview":"max-video-preview:-1"},"canonical":"https:\/\/nuevo-renacer.com\/tr\/simplicia-armstrong-de-ramu\/","og_locale":"tr_TR","og_type":"article","og_title":"Simplicia Armstrong de Ram\u00fa","og_description":"Simplicia Armstrong de Ram\u00fa (1863-1909) Ilustrada escritora, activista y espiritista puertorrique\u00f1a, Simplicia Armstrong M\u00e1rquez de Ram\u00fa naci\u00f3 en la ciudad de Ponce en 1863. Hija de Tom\u00e1s Armstrong, un ingl\u00e9s protestante que falleci\u00f3 cuando la ni\u00f1a ten\u00eda apenas cinco a\u00f1os, y de Ramona M\u00e1rquez, madre cat\u00f3lica que la dej\u00f3 hu\u00e9rfana a los trece y a [&hellip;]","og_url":"https:\/\/nuevo-renacer.com\/tr\/simplicia-armstrong-de-ramu\/","og_site_name":"Uni\u00f3n Esp\u00edrita","article_publisher":"https:\/\/www.facebook.com\/groups\/3431398063740829","article_modified_time":"2026-04-20T19:13:03+00:00","og_image":[{"width":192,"height":186,"url":"https:\/\/nuevo-renacer.com\/wp-content\/uploads\/2024\/09\/2.png","type":"image\/png"}],"twitter_card":"summary_large_image","twitter_misc":{"Tahmini okuma s\u00fcresi":"2 dakika"},"schema":{"@context":"https:\/\/schema.org","@graph":[{"@type":"WebPage","@id":"https:\/\/nuevo-renacer.com\/simplicia-armstrong-de-ramu\/","url":"https:\/\/nuevo-renacer.com\/simplicia-armstrong-de-ramu\/","name":"Simplicia Armstrong de Ram\u00fa - Uni\u00f3n Esp\u00edrita","isPartOf":{"@id":"https:\/\/nuevo-renacer.com\/#website"},"primaryImageOfPage":{"@id":"https:\/\/nuevo-renacer.com\/simplicia-armstrong-de-ramu\/#primaryimage"},"image":{"@id":"https:\/\/nuevo-renacer.com\/simplicia-armstrong-de-ramu\/#primaryimage"},"thumbnailUrl":"https:\/\/nuevo-renacer.com\/wp-content\/uploads\/2024\/09\/2.png","datePublished":"2024-09-11T08:50:37+00:00","dateModified":"2026-04-20T19:13:03+00:00","breadcrumb":{"@id":"https:\/\/nuevo-renacer.com\/simplicia-armstrong-de-ramu\/#breadcrumb"},"inLanguage":"tr","potentialAction":[{"@type":"ReadAction","target":["https:\/\/nuevo-renacer.com\/simplicia-armstrong-de-ramu\/"]}]},{"@type":"ImageObject","inLanguage":"tr","@id":"https:\/\/nuevo-renacer.com\/simplicia-armstrong-de-ramu\/#primaryimage","url":"https:\/\/nuevo-renacer.com\/wp-content\/uploads\/2024\/09\/2.png","contentUrl":"https:\/\/nuevo-renacer.com\/wp-content\/uploads\/2024\/09\/2.png","width":192,"height":186},{"@type":"BreadcrumbList","@id":"https:\/\/nuevo-renacer.com\/simplicia-armstrong-de-ramu\/#breadcrumb","itemListElement":[{"@type":"ListItem","position":1,"name":"Startseite","item":"https:\/\/nuevo-renacer.com\/"},{"@type":"ListItem","position":2,"name":"Simplicia Armstrong de Ram\u00fa"}]},{"@type":"WebSite","@id":"https:\/\/nuevo-renacer.com\/#website","url":"https:\/\/nuevo-renacer.com\/","name":"Uni\u00f3n Esp\u00edrita","description":"Nuevo Renacer","publisher":{"@id":"https:\/\/nuevo-renacer.com\/#organization"},"potentialAction":[{"@type":"SearchAction","target":{"@type":"EntryPoint","urlTemplate":"https:\/\/nuevo-renacer.com\/?s={search_term_string}"},"query-input":{"@type":"PropertyValueSpecification","valueRequired":true,"valueName":"search_term_string"}}],"inLanguage":"tr"},{"@type":"Organization","@id":"https:\/\/nuevo-renacer.com\/#organization","name":"UFEC","url":"https:\/\/nuevo-renacer.com\/","logo":{"@type":"ImageObject","inLanguage":"tr","@id":"https:\/\/nuevo-renacer.com\/#\/schema\/logo\/image\/","url":"https:\/\/nuevo-renacer.com\/wp-content\/uploads\/2024\/05\/cropped-LOGO-TERMINADO1-3-3.png","contentUrl":"https:\/\/nuevo-renacer.com\/wp-content\/uploads\/2024\/05\/cropped-LOGO-TERMINADO1-3-3.png","width":512,"height":512,"caption":"UFEC"},"image":{"@id":"https:\/\/nuevo-renacer.com\/#\/schema\/logo\/image\/"},"sameAs":["https:\/\/www.facebook.com\/groups\/3431398063740829"]}]}},"uagb_featured_image_src":{"full":["https:\/\/nuevo-renacer.com\/wp-content\/uploads\/2024\/09\/2.png",192,186,false],"thumbnail":["https:\/\/nuevo-renacer.com\/wp-content\/uploads\/2024\/09\/2-150x150.png",150,150,true],"medium":["https:\/\/nuevo-renacer.com\/wp-content\/uploads\/2024\/09\/2.png",192,186,false],"medium_large":["https:\/\/nuevo-renacer.com\/wp-content\/uploads\/2024\/09\/2.png",192,186,false],"large":["https:\/\/nuevo-renacer.com\/wp-content\/uploads\/2024\/09\/2.png",192,186,false],"1536x1536":["https:\/\/nuevo-renacer.com\/wp-content\/uploads\/2024\/09\/2.png",192,186,false],"2048x2048":["https:\/\/nuevo-renacer.com\/wp-content\/uploads\/2024\/09\/2.png",192,186,false],"trp-custom-language-flag":["https:\/\/nuevo-renacer.com\/wp-content\/uploads\/2024\/09\/2-12x12.png",12,12,true]},"uagb_author_info":{"display_name":"adbv0","author_link":"https:\/\/nuevo-renacer.com\/tr\/author\/adbv0\/"},"uagb_comment_info":0,"uagb_excerpt":"Simplicia Armstrong de Ram\u00fa (1863-1909) Ilustrada escritora, activista y espiritista puertorrique\u00f1a, Simplicia Armstrong M\u00e1rquez de Ram\u00fa naci\u00f3 en la ciudad de Ponce en 1863. Hija de Tom\u00e1s Armstrong, un ingl\u00e9s protestante que falleci\u00f3 cuando la ni\u00f1a ten\u00eda apenas cinco a\u00f1os, y de Ramona M\u00e1rquez, madre cat\u00f3lica que la dej\u00f3 hu\u00e9rfana a los trece y a&hellip;","jetpack_sharing_enabled":true,"_links":{"self":[{"href":"https:\/\/nuevo-renacer.com\/tr\/wp-json\/wp\/v2\/pages\/4692","targetHints":{"allow":["GET"]}}],"collection":[{"href":"https:\/\/nuevo-renacer.com\/tr\/wp-json\/wp\/v2\/pages"}],"about":[{"href":"https:\/\/nuevo-renacer.com\/tr\/wp-json\/wp\/v2\/types\/page"}],"author":[{"embeddable":true,"href":"https:\/\/nuevo-renacer.com\/tr\/wp-json\/wp\/v2\/users\/1"}],"replies":[{"embeddable":true,"href":"https:\/\/nuevo-renacer.com\/tr\/wp-json\/wp\/v2\/comments?post=4692"}],"version-history":[{"count":5,"href":"https:\/\/nuevo-renacer.com\/tr\/wp-json\/wp\/v2\/pages\/4692\/revisions"}],"predecessor-version":[{"id":8900,"href":"https:\/\/nuevo-renacer.com\/tr\/wp-json\/wp\/v2\/pages\/4692\/revisions\/8900"}],"wp:featuredmedia":[{"embeddable":true,"href":"https:\/\/nuevo-renacer.com\/tr\/wp-json\/wp\/v2\/media\/4694"}],"wp:attachment":[{"href":"https:\/\/nuevo-renacer.com\/tr\/wp-json\/wp\/v2\/media?parent=4692"}],"curies":[{"name":"wp","href":"https:\/\/api.w.org\/{rel}","templated":true}]}}