{"id":4684,"date":"2024-09-11T08:41:06","date_gmt":"2024-09-11T08:41:06","guid":{"rendered":"https:\/\/nuevo-renacer.com\/?page_id=4684"},"modified":"2024-09-11T08:52:53","modified_gmt":"2024-09-11T08:52:53","slug":"francisca-suarez-gonzalez","status":"publish","type":"page","link":"https:\/\/nuevo-renacer.com\/tr\/francisca-suarez-gonzalez\/","title":{"rendered":"Francisca Su\u00e1rez Gonz\u00e1lez"},"content":{"rendered":"<div class=\"wp-block-uagb-container uagb-block-572fc246 alignfull uagb-is-root-container\"><div class=\"uagb-container-inner-blocks-wrap\">\n<p class=\"has-black-color has-text-color has-link-color has-medium-font-size wp-elements-fc049383541b24ebd579f13baa7e3cf2\"><span lang=\"EN-US\" style=\"mso-ansi-language:EN-US\"><strong>Francisca Su\u00e1rez Gonz\u00e1lez<\/strong><\/span> <strong>(1861-1925)<\/strong><\/p>\n<\/div><\/div>\n\n\n\n<div class=\"wp-block-uagb-container uagb-block-d5b21b6f alignfull uagb-is-root-container\"><div class=\"uagb-container-inner-blocks-wrap\">\n<figure class=\"wp-block-image size-full is-resized\"><img decoding=\"async\" width=\"193\" height=\"247\" src=\"https:\/\/nuevo-renacer.com\/wp-content\/uploads\/2024\/09\/1-2.png\" alt=\"\" class=\"wp-image-4685\" style=\"width:278px;height:auto\" srcset=\"https:\/\/nuevo-renacer.com\/wp-content\/uploads\/2024\/09\/1-2.png 193w, https:\/\/nuevo-renacer.com\/wp-content\/uploads\/2024\/09\/1-2-9x12.png 9w\" sizes=\"(max-width: 193px) 100vw, 193px\" \/><\/figure>\n<\/div><\/div>\n\n\n\n<div class=\"wp-block-uagb-container uagb-block-56832884 alignfull uagb-is-root-container\"><div class=\"uagb-container-inner-blocks-wrap\">\n<p class=\"has-black-color has-text-color has-link-color has-small-font-size wp-elements-9caf447aa6484588bb21398b90d057b1\">Yazar, spirit\u00fcalist ve ruhbanl\u0131k kar\u015f\u0131t\u0131 aktivist Francisca Su\u00e1rez Gonz\u00e1lez, Porto Rikolu spirit\u00fcalistlerin ilk grubuna aitti; ruh\u00e7u \u00e7al\u0131\u015fma ve deneylerde aktif olan bir grup e\u011fitimli kad\u0131n. San Thomas'l\u0131 Antonio Su\u00e1rez ve Rafaela Gonz\u00e1lez'in k\u0131z\u0131 olan Su\u00e1rez k\u00f6rd\u00fc, ancak m\u00fctevaz\u0131 bir ya\u015fam s\u00fcrmelerine ra\u011fmen erken e\u011fitimini kad\u0131n do\u011fum uzman\u0131 olan annesinden ald\u0131. Agustina Guffain, Simplicia Armstrong de Ram\u00fa ve Dolores Baldoni gibi o da Guffain'in edit\u00f6rl\u00fc\u011f\u00fcn\u00fc yapt\u0131\u011f\u0131 ve 1899-1912 y\u0131llar\u0131 aras\u0131nda Porto Riko'da yay\u0131nlanan El Iris de Paz adl\u0131 ruh\u00e7u derginin yay\u0131n kurulunda yer ald\u0131. Francisca Su\u00e1rez, mezar\u0131n \u00f6tesinden gelen dikteleri yay\u0131nlamas\u0131yla tan\u0131n\u0131yordu. Kendisi yar\u0131 mekanik bir medyumdu ve Porto Riko'da yay\u0131nlanan eserleri ruh\u00e7uluk propagandas\u0131n\u0131 desteklemek amac\u0131yla ada genelinde \u00fccretsiz olarak da\u011f\u0131t\u0131ld\u0131. Suarez, Kardashian Ruh\u00e7ulu\u011fu \u00fczerine \u00e7al\u0131\u015fm\u0131\u015f ve uygulam\u0131\u015ft\u0131r. Yoksullar\u0131n ve kad\u0131nlar\u0131n de\u011ferini ve onurunu kesinlikle savundu ve kendini hararetle ruh\u00e7ulu\u011fun deneysel y\u00f6n\u00fcne adad\u0131. \u0130spanya'dan Amerika Birle\u015fik Devletleri'ne s\u00f6m\u00fcrge ge\u00e7i\u015fi s\u0131ras\u0131nda Porto Riko toplumunu ayakta tutmaya ve d\u00f6n\u00fc\u015ft\u00fcrmeye yard\u0131mc\u0131 olmu\u015f, ak\u0131lc\u0131 ve e\u015fitlik\u00e7i bir Ruh\u00e7u ahlaka dayanan umutlu bir vizyon sunmu\u015ftur. Edebiyat\u0131 ve gazetecilik yaz\u0131lar\u0131 arac\u0131l\u0131\u011f\u0131yla, Porto Riko toplumunun yasalar\u0131n\u0131 ve normlar\u0131n\u0131 \u00fcretti\u011fi alanlar\u0131, yani ev, kilise ve devleti d\u00f6n\u00fc\u015ft\u00fcrmeyi vaat eden, kad\u0131nlar\u0131n ba\u015frol oynad\u0131\u011f\u0131 bir kar\u015f\u0131 s\u00f6ylem \u00fcretti....<\/p>\n<\/div><\/div>","protected":false},"excerpt":{"rendered":"<p>Francisca Su\u00e1rez Gonz\u00e1lez (1861-1925) Escritora, espiritista y activista anticlerical, Francisca Su\u00e1rez Gonz\u00e1lez perteneci\u00f3 a la primera promoci\u00f3n de espiritistas puertorrique\u00f1as; un grupo de mujeres educadas, activas en el estudio y en la experimentaci\u00f3n esp\u00edrita. Hija de Antonio Su\u00e1rez y Rafaela Gonz\u00e1lez, natural de San Thomas, Su\u00e1rez era ciega, pero recibi\u00f3 la primera educaci\u00f3n de su [&hellip;]<\/p>","protected":false},"author":1,"featured_media":4685,"parent":0,"menu_order":0,"comment_status":"closed","ping_status":"closed","template":"","meta":{"_uag_custom_page_level_css":"","site-sidebar-layout":"default","site-content-layout":"","ast-site-content-layout":"default","site-content-style":"default","site-sidebar-style":"default","ast-global-header-display":"","ast-banner-title-visibility":"","ast-main-header-display":"","ast-hfb-above-header-display":"","ast-hfb-below-header-display":"","ast-hfb-mobile-header-display":"","site-post-title":"","ast-breadcrumbs-content":"","ast-featured-img":"","footer-sml-layout":"","theme-transparent-header-meta":"","adv-header-id-meta":"","stick-header-meta":"","header-above-stick-meta":"","header-main-stick-meta":"","header-below-stick-meta":"","astra-migrate-meta-layouts":"set","ast-page-background-enabled":"default","ast-page-background-meta":{"desktop":{"background-color":"var(--ast-global-color-4)","background-image":"","background-repeat":"repeat","background-position":"center center","background-size":"auto","background-attachment":"scroll","background-type":"","background-media":"","overlay-type":"","overlay-color":"","overlay-opacity":"","overlay-gradient":""},"tablet":{"background-color":"","background-image":"","background-repeat":"repeat","background-position":"center center","background-size":"auto","background-attachment":"scroll","background-type":"","background-media":"","overlay-type":"","overlay-color":"","overlay-opacity":"","overlay-gradient":""},"mobile":{"background-color":"","background-image":"","background-repeat":"repeat","background-position":"center center","background-size":"auto","background-attachment":"scroll","background-type":"","background-media":"","overlay-type":"","overlay-color":"","overlay-opacity":"","overlay-gradient":""}},"ast-content-background-meta":{"desktop":{"background-color":"var(--ast-global-color-5)","background-image":"","background-repeat":"repeat","background-position":"center center","background-size":"auto","background-attachment":"scroll","background-type":"","background-media":"","overlay-type":"","overlay-color":"","overlay-opacity":"","overlay-gradient":""},"tablet":{"background-color":"var(--ast-global-color-5)","background-image":"","background-repeat":"repeat","background-position":"center center","background-size":"auto","background-attachment":"scroll","background-type":"","background-media":"","overlay-type":"","overlay-color":"","overlay-opacity":"","overlay-gradient":""},"mobile":{"background-color":"var(--ast-global-color-5)","background-image":"","background-repeat":"repeat","background-position":"center center","background-size":"auto","background-attachment":"scroll","background-type":"","background-media":"","overlay-type":"","overlay-color":"","overlay-opacity":"","overlay-gradient":""}},"footnotes":""},"class_list":["post-4684","page","type-page","status-publish","has-post-thumbnail","hentry"],"yoast_head":"<!-- This site is optimized with the Yoast SEO Premium plugin v24.2 (Yoast SEO v24.6) - https:\/\/yoast.com\/wordpress\/plugins\/seo\/ -->\n<title>Francisca Su\u00e1rez Gonz\u00e1lez - Uni\u00f3n Esp\u00edrita<\/title>\n<meta name=\"robots\" content=\"index, follow, max-snippet:-1, max-image-preview:large, max-video-preview:-1\" \/>\n<link rel=\"canonical\" href=\"https:\/\/nuevo-renacer.com\/tr\/francisca-suarez-gonzalez\/\" \/>\n<meta property=\"og:locale\" content=\"tr_TR\" \/>\n<meta property=\"og:type\" content=\"article\" \/>\n<meta property=\"og:title\" content=\"Francisca Su\u00e1rez Gonz\u00e1lez\" \/>\n<meta property=\"og:description\" content=\"Francisca Su\u00e1rez Gonz\u00e1lez (1861-1925) Escritora, espiritista y activista anticlerical, Francisca Su\u00e1rez Gonz\u00e1lez perteneci\u00f3 a la primera promoci\u00f3n de espiritistas puertorrique\u00f1as; un grupo de mujeres educadas, activas en el estudio y en la experimentaci\u00f3n esp\u00edrita. Hija de Antonio Su\u00e1rez y Rafaela Gonz\u00e1lez, natural de San Thomas, Su\u00e1rez era ciega, pero recibi\u00f3 la primera educaci\u00f3n de su [&hellip;]\" \/>\n<meta property=\"og:url\" content=\"https:\/\/nuevo-renacer.com\/tr\/francisca-suarez-gonzalez\/\" \/>\n<meta property=\"og:site_name\" content=\"Uni\u00f3n Esp\u00edrita\" \/>\n<meta property=\"article:publisher\" content=\"https:\/\/www.facebook.com\/groups\/3431398063740829\" \/>\n<meta property=\"article:modified_time\" content=\"2024-09-11T08:52:53+00:00\" \/>\n<meta property=\"og:image\" content=\"https:\/\/nuevo-renacer.com\/wp-content\/uploads\/2024\/09\/1-2.png\" \/>\n\t<meta property=\"og:image:width\" content=\"193\" \/>\n\t<meta property=\"og:image:height\" content=\"247\" \/>\n\t<meta property=\"og:image:type\" content=\"image\/png\" \/>\n<meta name=\"twitter:card\" content=\"summary_large_image\" \/>\n<meta name=\"twitter:label1\" content=\"Tahmini okuma s\u00fcresi\" \/>\n\t<meta name=\"twitter:data1\" content=\"1 dakika\" \/>\n<script type=\"application\/ld+json\" class=\"yoast-schema-graph\">{\"@context\":\"https:\/\/schema.org\",\"@graph\":[{\"@type\":\"WebPage\",\"@id\":\"https:\/\/nuevo-renacer.com\/francisca-suarez-gonzalez\/\",\"url\":\"https:\/\/nuevo-renacer.com\/francisca-suarez-gonzalez\/\",\"name\":\"Francisca Su\u00e1rez Gonz\u00e1lez - Uni\u00f3n Esp\u00edrita\",\"isPartOf\":{\"@id\":\"https:\/\/nuevo-renacer.com\/#website\"},\"primaryImageOfPage\":{\"@id\":\"https:\/\/nuevo-renacer.com\/francisca-suarez-gonzalez\/#primaryimage\"},\"image\":{\"@id\":\"https:\/\/nuevo-renacer.com\/francisca-suarez-gonzalez\/#primaryimage\"},\"thumbnailUrl\":\"https:\/\/nuevo-renacer.com\/wp-content\/uploads\/2024\/09\/1-2.png\",\"datePublished\":\"2024-09-11T08:41:06+00:00\",\"dateModified\":\"2024-09-11T08:52:53+00:00\",\"breadcrumb\":{\"@id\":\"https:\/\/nuevo-renacer.com\/francisca-suarez-gonzalez\/#breadcrumb\"},\"inLanguage\":\"tr\",\"potentialAction\":[{\"@type\":\"ReadAction\",\"target\":[\"https:\/\/nuevo-renacer.com\/francisca-suarez-gonzalez\/\"]}]},{\"@type\":\"ImageObject\",\"inLanguage\":\"tr\",\"@id\":\"https:\/\/nuevo-renacer.com\/francisca-suarez-gonzalez\/#primaryimage\",\"url\":\"https:\/\/nuevo-renacer.com\/wp-content\/uploads\/2024\/09\/1-2.png\",\"contentUrl\":\"https:\/\/nuevo-renacer.com\/wp-content\/uploads\/2024\/09\/1-2.png\",\"width\":193,\"height\":247},{\"@type\":\"BreadcrumbList\",\"@id\":\"https:\/\/nuevo-renacer.com\/francisca-suarez-gonzalez\/#breadcrumb\",\"itemListElement\":[{\"@type\":\"ListItem\",\"position\":1,\"name\":\"Startseite\",\"item\":\"https:\/\/nuevo-renacer.com\/\"},{\"@type\":\"ListItem\",\"position\":2,\"name\":\"Francisca Su\u00e1rez Gonz\u00e1lez\"}]},{\"@type\":\"WebSite\",\"@id\":\"https:\/\/nuevo-renacer.com\/#website\",\"url\":\"https:\/\/nuevo-renacer.com\/\",\"name\":\"Uni\u00f3n Esp\u00edrita\",\"description\":\"Nuevo Renacer\",\"publisher\":{\"@id\":\"https:\/\/nuevo-renacer.com\/#organization\"},\"potentialAction\":[{\"@type\":\"SearchAction\",\"target\":{\"@type\":\"EntryPoint\",\"urlTemplate\":\"https:\/\/nuevo-renacer.com\/?s={search_term_string}\"},\"query-input\":{\"@type\":\"PropertyValueSpecification\",\"valueRequired\":true,\"valueName\":\"search_term_string\"}}],\"inLanguage\":\"tr\"},{\"@type\":\"Organization\",\"@id\":\"https:\/\/nuevo-renacer.com\/#organization\",\"name\":\"UFEC\",\"url\":\"https:\/\/nuevo-renacer.com\/\",\"logo\":{\"@type\":\"ImageObject\",\"inLanguage\":\"tr\",\"@id\":\"https:\/\/nuevo-renacer.com\/#\/schema\/logo\/image\/\",\"url\":\"https:\/\/nuevo-renacer.com\/wp-content\/uploads\/2024\/05\/cropped-LOGO-TERMINADO1-3-3.png\",\"contentUrl\":\"https:\/\/nuevo-renacer.com\/wp-content\/uploads\/2024\/05\/cropped-LOGO-TERMINADO1-3-3.png\",\"width\":512,\"height\":512,\"caption\":\"UFEC\"},\"image\":{\"@id\":\"https:\/\/nuevo-renacer.com\/#\/schema\/logo\/image\/\"},\"sameAs\":[\"https:\/\/www.facebook.com\/groups\/3431398063740829\"]}]}<\/script>\n<!-- \/ Yoast SEO Premium plugin. -->","yoast_head_json":{"title":"Francisca Su\u00e1rez Gonz\u00e1lez - Uni\u00f3n Esp\u00edrita","robots":{"index":"index","follow":"follow","max-snippet":"max-snippet:-1","max-image-preview":"max-image-preview:large","max-video-preview":"max-video-preview:-1"},"canonical":"https:\/\/nuevo-renacer.com\/tr\/francisca-suarez-gonzalez\/","og_locale":"tr_TR","og_type":"article","og_title":"Francisca Su\u00e1rez Gonz\u00e1lez","og_description":"Francisca Su\u00e1rez Gonz\u00e1lez (1861-1925) Escritora, espiritista y activista anticlerical, Francisca Su\u00e1rez Gonz\u00e1lez perteneci\u00f3 a la primera promoci\u00f3n de espiritistas puertorrique\u00f1as; un grupo de mujeres educadas, activas en el estudio y en la experimentaci\u00f3n esp\u00edrita. Hija de Antonio Su\u00e1rez y Rafaela Gonz\u00e1lez, natural de San Thomas, Su\u00e1rez era ciega, pero recibi\u00f3 la primera educaci\u00f3n de su [&hellip;]","og_url":"https:\/\/nuevo-renacer.com\/tr\/francisca-suarez-gonzalez\/","og_site_name":"Uni\u00f3n Esp\u00edrita","article_publisher":"https:\/\/www.facebook.com\/groups\/3431398063740829","article_modified_time":"2024-09-11T08:52:53+00:00","og_image":[{"width":193,"height":247,"url":"https:\/\/nuevo-renacer.com\/wp-content\/uploads\/2024\/09\/1-2.png","type":"image\/png"}],"twitter_card":"summary_large_image","twitter_misc":{"Tahmini okuma s\u00fcresi":"1 dakika"},"schema":{"@context":"https:\/\/schema.org","@graph":[{"@type":"WebPage","@id":"https:\/\/nuevo-renacer.com\/francisca-suarez-gonzalez\/","url":"https:\/\/nuevo-renacer.com\/francisca-suarez-gonzalez\/","name":"Francisca Su\u00e1rez Gonz\u00e1lez - Uni\u00f3n Esp\u00edrita","isPartOf":{"@id":"https:\/\/nuevo-renacer.com\/#website"},"primaryImageOfPage":{"@id":"https:\/\/nuevo-renacer.com\/francisca-suarez-gonzalez\/#primaryimage"},"image":{"@id":"https:\/\/nuevo-renacer.com\/francisca-suarez-gonzalez\/#primaryimage"},"thumbnailUrl":"https:\/\/nuevo-renacer.com\/wp-content\/uploads\/2024\/09\/1-2.png","datePublished":"2024-09-11T08:41:06+00:00","dateModified":"2024-09-11T08:52:53+00:00","breadcrumb":{"@id":"https:\/\/nuevo-renacer.com\/francisca-suarez-gonzalez\/#breadcrumb"},"inLanguage":"tr","potentialAction":[{"@type":"ReadAction","target":["https:\/\/nuevo-renacer.com\/francisca-suarez-gonzalez\/"]}]},{"@type":"ImageObject","inLanguage":"tr","@id":"https:\/\/nuevo-renacer.com\/francisca-suarez-gonzalez\/#primaryimage","url":"https:\/\/nuevo-renacer.com\/wp-content\/uploads\/2024\/09\/1-2.png","contentUrl":"https:\/\/nuevo-renacer.com\/wp-content\/uploads\/2024\/09\/1-2.png","width":193,"height":247},{"@type":"BreadcrumbList","@id":"https:\/\/nuevo-renacer.com\/francisca-suarez-gonzalez\/#breadcrumb","itemListElement":[{"@type":"ListItem","position":1,"name":"Startseite","item":"https:\/\/nuevo-renacer.com\/"},{"@type":"ListItem","position":2,"name":"Francisca Su\u00e1rez Gonz\u00e1lez"}]},{"@type":"WebSite","@id":"https:\/\/nuevo-renacer.com\/#website","url":"https:\/\/nuevo-renacer.com\/","name":"Uni\u00f3n Esp\u00edrita","description":"Nuevo Renacer","publisher":{"@id":"https:\/\/nuevo-renacer.com\/#organization"},"potentialAction":[{"@type":"SearchAction","target":{"@type":"EntryPoint","urlTemplate":"https:\/\/nuevo-renacer.com\/?s={search_term_string}"},"query-input":{"@type":"PropertyValueSpecification","valueRequired":true,"valueName":"search_term_string"}}],"inLanguage":"tr"},{"@type":"Organization","@id":"https:\/\/nuevo-renacer.com\/#organization","name":"UFEC","url":"https:\/\/nuevo-renacer.com\/","logo":{"@type":"ImageObject","inLanguage":"tr","@id":"https:\/\/nuevo-renacer.com\/#\/schema\/logo\/image\/","url":"https:\/\/nuevo-renacer.com\/wp-content\/uploads\/2024\/05\/cropped-LOGO-TERMINADO1-3-3.png","contentUrl":"https:\/\/nuevo-renacer.com\/wp-content\/uploads\/2024\/05\/cropped-LOGO-TERMINADO1-3-3.png","width":512,"height":512,"caption":"UFEC"},"image":{"@id":"https:\/\/nuevo-renacer.com\/#\/schema\/logo\/image\/"},"sameAs":["https:\/\/www.facebook.com\/groups\/3431398063740829"]}]}},"uagb_featured_image_src":{"full":["https:\/\/nuevo-renacer.com\/wp-content\/uploads\/2024\/09\/1-2.png",193,247,false],"thumbnail":["https:\/\/nuevo-renacer.com\/wp-content\/uploads\/2024\/09\/1-2-150x150.png",150,150,true],"medium":["https:\/\/nuevo-renacer.com\/wp-content\/uploads\/2024\/09\/1-2.png",193,247,false],"medium_large":["https:\/\/nuevo-renacer.com\/wp-content\/uploads\/2024\/09\/1-2.png",193,247,false],"large":["https:\/\/nuevo-renacer.com\/wp-content\/uploads\/2024\/09\/1-2.png",193,247,false],"1536x1536":["https:\/\/nuevo-renacer.com\/wp-content\/uploads\/2024\/09\/1-2.png",193,247,false],"2048x2048":["https:\/\/nuevo-renacer.com\/wp-content\/uploads\/2024\/09\/1-2.png",193,247,false],"trp-custom-language-flag":["https:\/\/nuevo-renacer.com\/wp-content\/uploads\/2024\/09\/1-2-9x12.png",9,12,true]},"uagb_author_info":{"display_name":"adbv0","author_link":"https:\/\/nuevo-renacer.com\/tr\/author\/adbv0\/"},"uagb_comment_info":0,"uagb_excerpt":"Francisca Su\u00e1rez Gonz\u00e1lez (1861-1925) Escritora, espiritista y activista anticlerical, Francisca Su\u00e1rez Gonz\u00e1lez perteneci\u00f3 a la primera promoci\u00f3n de espiritistas puertorrique\u00f1as; un grupo de mujeres educadas, activas en el estudio y en la experimentaci\u00f3n esp\u00edrita. Hija de Antonio Su\u00e1rez y Rafaela Gonz\u00e1lez, natural de San Thomas, Su\u00e1rez era ciega, pero recibi\u00f3 la primera educaci\u00f3n de su&hellip;","jetpack_sharing_enabled":true,"_links":{"self":[{"href":"https:\/\/nuevo-renacer.com\/tr\/wp-json\/wp\/v2\/pages\/4684","targetHints":{"allow":["GET"]}}],"collection":[{"href":"https:\/\/nuevo-renacer.com\/tr\/wp-json\/wp\/v2\/pages"}],"about":[{"href":"https:\/\/nuevo-renacer.com\/tr\/wp-json\/wp\/v2\/types\/page"}],"author":[{"embeddable":true,"href":"https:\/\/nuevo-renacer.com\/tr\/wp-json\/wp\/v2\/users\/1"}],"replies":[{"embeddable":true,"href":"https:\/\/nuevo-renacer.com\/tr\/wp-json\/wp\/v2\/comments?post=4684"}],"version-history":[{"count":4,"href":"https:\/\/nuevo-renacer.com\/tr\/wp-json\/wp\/v2\/pages\/4684\/revisions"}],"predecessor-version":[{"id":4697,"href":"https:\/\/nuevo-renacer.com\/tr\/wp-json\/wp\/v2\/pages\/4684\/revisions\/4697"}],"wp:featuredmedia":[{"embeddable":true,"href":"https:\/\/nuevo-renacer.com\/tr\/wp-json\/wp\/v2\/media\/4685"}],"wp:attachment":[{"href":"https:\/\/nuevo-renacer.com\/tr\/wp-json\/wp\/v2\/media?parent=4684"}],"curies":[{"name":"wp","href":"https:\/\/api.w.org\/{rel}","templated":true}]}}