{"id":4555,"date":"2024-09-09T11:47:16","date_gmt":"2024-09-09T11:47:16","guid":{"rendered":"https:\/\/nuevo-renacer.com\/?page_id=4555"},"modified":"2024-09-10T07:09:33","modified_gmt":"2024-09-10T07:09:33","slug":"deber-y-libertad","status":"publish","type":"page","link":"https:\/\/nuevo-renacer.com\/tr\/deber-y-libertad\/","title":{"rendered":"G\u00f6rev ve \u00d6zg\u00fcrl\u00fck"},"content":{"rendered":"<div class=\"wp-block-uagb-container uagb-block-0ba21fd2 alignfull uagb-is-root-container\"><div class=\"uagb-container-inner-blocks-wrap\">\n<p class=\"has-black-color has-text-color has-link-color has-medium-font-size wp-elements-31be85ad895f6017edf4ffba8309fae5\"><strong>G\u00f6rev ve \u00d6zg\u00fcrl\u00fck<\/strong><\/p>\n<\/div><\/div>\n\n\n\n<div class=\"wp-block-uagb-container uagb-block-76f28983 alignfull uagb-is-root-container\"><div class=\"uagb-container-inner-blocks-wrap\">\n<figure class=\"wp-block-image size-full\"><img fetchpriority=\"high\" decoding=\"async\" width=\"457\" height=\"360\" src=\"https:\/\/nuevo-renacer.com\/wp-content\/uploads\/2024\/09\/libertad.jpg\" alt=\"\" class=\"wp-image-4559\" srcset=\"https:\/\/nuevo-renacer.com\/wp-content\/uploads\/2024\/09\/libertad.jpg 457w, https:\/\/nuevo-renacer.com\/wp-content\/uploads\/2024\/09\/libertad-300x236.jpg 300w, https:\/\/nuevo-renacer.com\/wp-content\/uploads\/2024\/09\/libertad-15x12.jpg 15w\" sizes=\"(max-width: 457px) 100vw, 457px\" \/><\/figure>\n<\/div><\/div>\n\n\n\n<div class=\"wp-block-uagb-container uagb-block-c07a9f7f alignfull uagb-is-root-container\"><div class=\"uagb-container-inner-blocks-wrap\">\n<p class=\"has-black-color has-text-color has-link-color has-small-font-size wp-elements-71aee04bcf95e2f31992ac57c376516c\">Hangi insan, sessizlik ve hat\u0131rlama saatlerinde, do\u011fay\u0131 ve kendi kalbini hi\u00e7 sorgulamam\u0131\u015f, onlara \u015feylerin s\u0131rr\u0131n\u0131, ya\u015fam\u0131n nedenini, evrenin varolu\u015f nedenini sormam\u0131\u015ft\u0131r? Kaderini bilmeyi, \u00f6l\u00fcm perdesini kald\u0131rmay\u0131, Tanr\u0131'n\u0131n bir kurgu mu yoksa ger\u00e7ek mi oldu\u011funu bilmeyi hi\u00e7 aramayan insan nerededir? \u0130nsano\u011flu, o kadar kayg\u0131s\u0131z olsa bile, bu korkun\u00e7 sorunlar\u0131 kendine hi\u00e7 sormam\u0131\u015f de\u011fildir. Onlar\u0131 \u00e7\u00f6zmenin zorlu\u011fu, ortaya \u00e7\u0131kard\u0131klar\u0131 teorilerin tutars\u0131zl\u0131\u011f\u0131 ve \u00e7oklu\u011fu, geli\u015fmi\u015f sistemlerin b\u00fcy\u00fck \u00e7o\u011funlu\u011fundan kaynaklanan i\u00e7ler ac\u0131s\u0131 sonu\u00e7lar, t\u00fcm bu kafa kar\u0131\u015ft\u0131r\u0131c\u0131 b\u00fct\u00fcn, insan ruhunu yordu, kay\u0131ts\u0131zl\u0131\u011fa ve \u015f\u00fcphecili\u011fe yol a\u00e7t\u0131.<\/p>\n\n\n\n<p class=\"has-black-color has-text-color has-link-color has-small-font-size wp-elements-2e22287510956a97289d607d8c9e55ac\">Ancak insan\u0131n bilmeye ihtiyac\u0131 vard\u0131r; ayd\u0131nlatan \u0131\u015f\u0131na, teselli eden umuda, yol g\u00f6steren ve ayakta tutan kesinli\u011fe ihtiyac\u0131 vard\u0131r. Ayr\u0131ca bilmenin, ger\u00e7e\u011fi g\u00f6rmenin, kendisini karanl\u0131ktan kurtarman\u0131n ve faydal\u0131 \u0131\u015f\u0131\u011f\u0131yla doldurman\u0131n ara\u00e7lar\u0131na da sahiptir. Bunun i\u00e7in kendini \u00f6nyarg\u0131l\u0131 sistemlerden ay\u0131rmal\u0131, al\u00e7almal\u0131, hepimizle konu\u015fan ve safsatan\u0131n kand\u0131ramayaca\u011f\u0131 o i\u00e7 sese kulak vermelidir: akl\u0131n sesi, vicdan\u0131n sesi.<\/p>\n\n\n\n<p class=\"has-black-color has-text-color has-link-color has-small-font-size wp-elements-1a7a9ac9fc3217778b8f436f36f49643\">Ben de \u00f6yle yapt\u0131m. Uzun uzun d\u00fc\u015f\u00fcnd\u00fcm; ya\u015fam ve \u00f6l\u00fcm sorunlar\u0131 \u00fczerine kafa yordum; azimle bu derin u\u00e7urumlar\u0131n dibine indim. Sonsuz bilgeli\u011fe ate\u015fli bir yakar\u0131\u015fta bulundum ve her \u015feye cevap verdi\u011fi gibi bana da cevap verdi.<\/p>\n\n\n\n<p class=\"has-black-color has-text-color has-link-color has-small-font-size wp-elements-74e5dd67f56df7b4b36549c79b4291d4\">\u0130yilik sevgisiyle canlanan bir ruh. A\u00e7\u0131k kan\u0131tlar, do\u011frudan g\u00f6zlemlenen ger\u00e7ekler d\u00fc\u015f\u00fcncemin \u00e7\u0131kar\u0131mlar\u0131n\u0131 do\u011frulamaya, kanaatlerime sa\u011flam ve sars\u0131lmaz bir temel sunmaya geldi. \u015e\u00fcphe ettikten sonra inand\u0131m; ink\u00e2r ettikten sonra g\u00f6rd\u00fcm. Ve i\u00e7imde huzur, g\u00fcven ve ahlaki g\u00fc\u00e7 b\u00fcy\u00fcd\u00fc. Bunlar, kalbimin samimiyetiyle, hemcinslerime faydal\u0131 olma arzusuyla, ac\u0131 \u00e7ekenlere ve umutsuzlu\u011fa kap\u0131lanlara sunmaya geldi\u011fim mallard\u0131r.<\/p>\n\n\n\n<p class=\"has-black-color has-text-color has-link-color has-small-font-size wp-elements-d43fb10c3557db39f3736f2791982505\">I\u015f\u0131\u011fa duyulan ihtiya\u00e7 hi\u00e7 bu kadar g\u00fc\u00e7l\u00fc hissedilmemi\u015fti. Toplumlar i\u00e7inde muazzam bir d\u00f6n\u00fc\u015f\u00fcm ya\u015fanmaktad\u0131r. Uzun y\u00fczy\u0131llar boyunca otorite ilkelerine tabi tutulan insano\u011flu, t\u00fcm k\u0131s\u0131tlamalardan s\u0131yr\u0131l\u0131p kendi kendini y\u00f6netmeyi giderek daha fazla arzulamaktad\u0131r. Siyasi ve sosyal kurumlar de\u011fi\u015firken ayn\u0131 zamanda dini inan\u00e7lar ve dogmalara olan inan\u00e7 da zay\u0131fl\u0131yordu. Bu, \u00f6zg\u00fcrl\u00fc\u011f\u00fcn d\u00fc\u015f\u00fcnce ve vicdana uygulanmas\u0131n\u0131n sonu\u00e7lar\u0131ndan biri olmaya devam etmektedir. \u00d6zg\u00fcrl\u00fck, t\u00fcm alanlarda, zorlama ve otoritenin yerini alma, uluslar\u0131 yeni bir ufka do\u011fru y\u00f6nlendirme e\u011filimindedir. Baz\u0131lar\u0131n\u0131n hakk\u0131 herkesin hakk\u0131 haline gelmi\u015ftir; ancak bu egemen hakk\u0131n adalete uygun olmas\u0131 ve meyve vermesi i\u00e7in, ahlaki yasalar\u0131n bilgisinin onun kullan\u0131m\u0131n\u0131 d\u00fczenlemesi gerekir. \u00d6zg\u00fcrl\u00fck verimli olacaksa, insan i\u015flerine emin ve kal\u0131c\u0131 bir temel sunacaksa, \u0131\u015f\u0131k, bilgelik ve ger\u00e7ekle desteklenmelidir. \u00d6zg\u00fcrl\u00fck, cahil ve k\u00f6t\u00fc niyetli insanlar i\u00e7in, bir \u00e7ocu\u011fun elindeki g\u00fc\u00e7l\u00fc bir silah gibi de\u011fil midir? Bu durumda silah \u00e7o\u011fu zaman kullanan\u0131n aleyhine d\u00f6ner ve onu yaralar.<\/p>\n\n\n\n<p class=\"has-black-color has-text-color has-link-color has-small-font-size wp-elements-8964bb1b1559e255432403e227b5a61f\"><em><strong>L\u00e9on Denis<\/strong> \u2013 Ya\u015fam\u0131n Nedeni<\/em><\/p>\n<\/div><\/div>","protected":false},"excerpt":{"rendered":"<p>Deber y Libertad \u00bfQu\u00e9 hombre, en las horas de silencio y de recogimiento, jam\u00e1s interrog\u00f3 la naturaleza y su propio coraz\u00f3n, pidi\u00e9ndoles el secreto de las cosas, el por qu\u00e9 de la vida, la raz\u00f3n de ser del universo? \u00bfD\u00f3nde est\u00e1 el que jam\u00e1s procur\u00f3 conocer su destino, levantar el velo de la muerte, saber [&hellip;]<\/p>","protected":false},"author":1,"featured_media":4559,"parent":0,"menu_order":0,"comment_status":"closed","ping_status":"closed","template":"","meta":{"_uag_custom_page_level_css":"","site-sidebar-layout":"default","site-content-layout":"","ast-site-content-layout":"default","site-content-style":"default","site-sidebar-style":"default","ast-global-header-display":"","ast-banner-title-visibility":"","ast-main-header-display":"","ast-hfb-above-header-display":"","ast-hfb-below-header-display":"","ast-hfb-mobile-header-display":"","site-post-title":"","ast-breadcrumbs-content":"","ast-featured-img":"","footer-sml-layout":"","theme-transparent-header-meta":"","adv-header-id-meta":"","stick-header-meta":"","header-above-stick-meta":"","header-main-stick-meta":"","header-below-stick-meta":"","astra-migrate-meta-layouts":"set","ast-page-background-enabled":"default","ast-page-background-meta":{"desktop":{"background-color":"var(--ast-global-color-4)","background-image":"","background-repeat":"repeat","background-position":"center center","background-size":"auto","background-attachment":"scroll","background-type":"","background-media":"","overlay-type":"","overlay-color":"","overlay-opacity":"","overlay-gradient":""},"tablet":{"background-color":"","background-image":"","background-repeat":"repeat","background-position":"center center","background-size":"auto","background-attachment":"scroll","background-type":"","background-media":"","overlay-type":"","overlay-color":"","overlay-opacity":"","overlay-gradient":""},"mobile":{"background-color":"","background-image":"","background-repeat":"repeat","background-position":"center center","background-size":"auto","background-attachment":"scroll","background-type":"","background-media":"","overlay-type":"","overlay-color":"","overlay-opacity":"","overlay-gradient":""}},"ast-content-background-meta":{"desktop":{"background-color":"var(--ast-global-color-5)","background-image":"","background-repeat":"repeat","background-position":"center center","background-size":"auto","background-attachment":"scroll","background-type":"","background-media":"","overlay-type":"","overlay-color":"","overlay-opacity":"","overlay-gradient":""},"tablet":{"background-color":"var(--ast-global-color-5)","background-image":"","background-repeat":"repeat","background-position":"center center","background-size":"auto","background-attachment":"scroll","background-type":"","background-media":"","overlay-type":"","overlay-color":"","overlay-opacity":"","overlay-gradient":""},"mobile":{"background-color":"var(--ast-global-color-5)","background-image":"","background-repeat":"repeat","background-position":"center center","background-size":"auto","background-attachment":"scroll","background-type":"","background-media":"","overlay-type":"","overlay-color":"","overlay-opacity":"","overlay-gradient":""}},"footnotes":""},"class_list":["post-4555","page","type-page","status-publish","has-post-thumbnail","hentry"],"yoast_head":"<!-- This site is optimized with the Yoast SEO Premium plugin v24.2 (Yoast SEO v24.6) - https:\/\/yoast.com\/wordpress\/plugins\/seo\/ -->\n<title>Deber y Libertad - Uni\u00f3n Esp\u00edrita<\/title>\n<meta name=\"robots\" content=\"index, follow, max-snippet:-1, max-image-preview:large, max-video-preview:-1\" \/>\n<link rel=\"canonical\" href=\"https:\/\/nuevo-renacer.com\/tr\/deber-y-libertad\/\" \/>\n<meta property=\"og:locale\" content=\"tr_TR\" \/>\n<meta property=\"og:type\" content=\"article\" \/>\n<meta property=\"og:title\" content=\"Deber y Libertad\" \/>\n<meta property=\"og:description\" content=\"Deber y Libertad \u00bfQu\u00e9 hombre, en las horas de silencio y de recogimiento, jam\u00e1s interrog\u00f3 la naturaleza y su propio coraz\u00f3n, pidi\u00e9ndoles el secreto de las cosas, el por qu\u00e9 de la vida, la raz\u00f3n de ser del universo? \u00bfD\u00f3nde est\u00e1 el que jam\u00e1s procur\u00f3 conocer su destino, levantar el velo de la muerte, saber [&hellip;]\" \/>\n<meta property=\"og:url\" content=\"https:\/\/nuevo-renacer.com\/tr\/deber-y-libertad\/\" \/>\n<meta property=\"og:site_name\" content=\"Uni\u00f3n Esp\u00edrita\" \/>\n<meta property=\"article:publisher\" content=\"https:\/\/www.facebook.com\/groups\/3431398063740829\" \/>\n<meta property=\"article:modified_time\" content=\"2024-09-10T07:09:33+00:00\" \/>\n<meta property=\"og:image\" content=\"https:\/\/nuevo-renacer.com\/wp-content\/uploads\/2024\/09\/libertad.jpg\" \/>\n\t<meta property=\"og:image:width\" content=\"457\" \/>\n\t<meta property=\"og:image:height\" content=\"360\" \/>\n\t<meta property=\"og:image:type\" content=\"image\/jpeg\" \/>\n<meta name=\"twitter:card\" content=\"summary_large_image\" \/>\n<meta name=\"twitter:label1\" content=\"Tahmini okuma s\u00fcresi\" \/>\n\t<meta name=\"twitter:data1\" content=\"3 dakika\" \/>\n<script type=\"application\/ld+json\" class=\"yoast-schema-graph\">{\"@context\":\"https:\/\/schema.org\",\"@graph\":[{\"@type\":\"WebPage\",\"@id\":\"https:\/\/nuevo-renacer.com\/deber-y-libertad\/\",\"url\":\"https:\/\/nuevo-renacer.com\/deber-y-libertad\/\",\"name\":\"Deber y Libertad - Uni\u00f3n Esp\u00edrita\",\"isPartOf\":{\"@id\":\"https:\/\/nuevo-renacer.com\/#website\"},\"primaryImageOfPage\":{\"@id\":\"https:\/\/nuevo-renacer.com\/deber-y-libertad\/#primaryimage\"},\"image\":{\"@id\":\"https:\/\/nuevo-renacer.com\/deber-y-libertad\/#primaryimage\"},\"thumbnailUrl\":\"https:\/\/nuevo-renacer.com\/wp-content\/uploads\/2024\/09\/libertad.jpg\",\"datePublished\":\"2024-09-09T11:47:16+00:00\",\"dateModified\":\"2024-09-10T07:09:33+00:00\",\"breadcrumb\":{\"@id\":\"https:\/\/nuevo-renacer.com\/deber-y-libertad\/#breadcrumb\"},\"inLanguage\":\"tr\",\"potentialAction\":[{\"@type\":\"ReadAction\",\"target\":[\"https:\/\/nuevo-renacer.com\/deber-y-libertad\/\"]}]},{\"@type\":\"ImageObject\",\"inLanguage\":\"tr\",\"@id\":\"https:\/\/nuevo-renacer.com\/deber-y-libertad\/#primaryimage\",\"url\":\"https:\/\/nuevo-renacer.com\/wp-content\/uploads\/2024\/09\/libertad.jpg\",\"contentUrl\":\"https:\/\/nuevo-renacer.com\/wp-content\/uploads\/2024\/09\/libertad.jpg\",\"width\":457,\"height\":360},{\"@type\":\"BreadcrumbList\",\"@id\":\"https:\/\/nuevo-renacer.com\/deber-y-libertad\/#breadcrumb\",\"itemListElement\":[{\"@type\":\"ListItem\",\"position\":1,\"name\":\"Startseite\",\"item\":\"https:\/\/nuevo-renacer.com\/\"},{\"@type\":\"ListItem\",\"position\":2,\"name\":\"Deber y Libertad\"}]},{\"@type\":\"WebSite\",\"@id\":\"https:\/\/nuevo-renacer.com\/#website\",\"url\":\"https:\/\/nuevo-renacer.com\/\",\"name\":\"Uni\u00f3n Esp\u00edrita\",\"description\":\"Nuevo Renacer\",\"publisher\":{\"@id\":\"https:\/\/nuevo-renacer.com\/#organization\"},\"potentialAction\":[{\"@type\":\"SearchAction\",\"target\":{\"@type\":\"EntryPoint\",\"urlTemplate\":\"https:\/\/nuevo-renacer.com\/?s={search_term_string}\"},\"query-input\":{\"@type\":\"PropertyValueSpecification\",\"valueRequired\":true,\"valueName\":\"search_term_string\"}}],\"inLanguage\":\"tr\"},{\"@type\":\"Organization\",\"@id\":\"https:\/\/nuevo-renacer.com\/#organization\",\"name\":\"UFEC\",\"url\":\"https:\/\/nuevo-renacer.com\/\",\"logo\":{\"@type\":\"ImageObject\",\"inLanguage\":\"tr\",\"@id\":\"https:\/\/nuevo-renacer.com\/#\/schema\/logo\/image\/\",\"url\":\"https:\/\/nuevo-renacer.com\/wp-content\/uploads\/2024\/05\/cropped-LOGO-TERMINADO1-3-3.png\",\"contentUrl\":\"https:\/\/nuevo-renacer.com\/wp-content\/uploads\/2024\/05\/cropped-LOGO-TERMINADO1-3-3.png\",\"width\":512,\"height\":512,\"caption\":\"UFEC\"},\"image\":{\"@id\":\"https:\/\/nuevo-renacer.com\/#\/schema\/logo\/image\/\"},\"sameAs\":[\"https:\/\/www.facebook.com\/groups\/3431398063740829\"]}]}<\/script>\n<!-- \/ Yoast SEO Premium plugin. -->","yoast_head_json":{"title":"Deber y Libertad - Uni\u00f3n Esp\u00edrita","robots":{"index":"index","follow":"follow","max-snippet":"max-snippet:-1","max-image-preview":"max-image-preview:large","max-video-preview":"max-video-preview:-1"},"canonical":"https:\/\/nuevo-renacer.com\/tr\/deber-y-libertad\/","og_locale":"tr_TR","og_type":"article","og_title":"Deber y Libertad","og_description":"Deber y Libertad \u00bfQu\u00e9 hombre, en las horas de silencio y de recogimiento, jam\u00e1s interrog\u00f3 la naturaleza y su propio coraz\u00f3n, pidi\u00e9ndoles el secreto de las cosas, el por qu\u00e9 de la vida, la raz\u00f3n de ser del universo? \u00bfD\u00f3nde est\u00e1 el que jam\u00e1s procur\u00f3 conocer su destino, levantar el velo de la muerte, saber [&hellip;]","og_url":"https:\/\/nuevo-renacer.com\/tr\/deber-y-libertad\/","og_site_name":"Uni\u00f3n Esp\u00edrita","article_publisher":"https:\/\/www.facebook.com\/groups\/3431398063740829","article_modified_time":"2024-09-10T07:09:33+00:00","og_image":[{"width":457,"height":360,"url":"https:\/\/nuevo-renacer.com\/wp-content\/uploads\/2024\/09\/libertad.jpg","type":"image\/jpeg"}],"twitter_card":"summary_large_image","twitter_misc":{"Tahmini okuma s\u00fcresi":"3 dakika"},"schema":{"@context":"https:\/\/schema.org","@graph":[{"@type":"WebPage","@id":"https:\/\/nuevo-renacer.com\/deber-y-libertad\/","url":"https:\/\/nuevo-renacer.com\/deber-y-libertad\/","name":"Deber y Libertad - Uni\u00f3n Esp\u00edrita","isPartOf":{"@id":"https:\/\/nuevo-renacer.com\/#website"},"primaryImageOfPage":{"@id":"https:\/\/nuevo-renacer.com\/deber-y-libertad\/#primaryimage"},"image":{"@id":"https:\/\/nuevo-renacer.com\/deber-y-libertad\/#primaryimage"},"thumbnailUrl":"https:\/\/nuevo-renacer.com\/wp-content\/uploads\/2024\/09\/libertad.jpg","datePublished":"2024-09-09T11:47:16+00:00","dateModified":"2024-09-10T07:09:33+00:00","breadcrumb":{"@id":"https:\/\/nuevo-renacer.com\/deber-y-libertad\/#breadcrumb"},"inLanguage":"tr","potentialAction":[{"@type":"ReadAction","target":["https:\/\/nuevo-renacer.com\/deber-y-libertad\/"]}]},{"@type":"ImageObject","inLanguage":"tr","@id":"https:\/\/nuevo-renacer.com\/deber-y-libertad\/#primaryimage","url":"https:\/\/nuevo-renacer.com\/wp-content\/uploads\/2024\/09\/libertad.jpg","contentUrl":"https:\/\/nuevo-renacer.com\/wp-content\/uploads\/2024\/09\/libertad.jpg","width":457,"height":360},{"@type":"BreadcrumbList","@id":"https:\/\/nuevo-renacer.com\/deber-y-libertad\/#breadcrumb","itemListElement":[{"@type":"ListItem","position":1,"name":"Startseite","item":"https:\/\/nuevo-renacer.com\/"},{"@type":"ListItem","position":2,"name":"Deber y Libertad"}]},{"@type":"WebSite","@id":"https:\/\/nuevo-renacer.com\/#website","url":"https:\/\/nuevo-renacer.com\/","name":"Uni\u00f3n Esp\u00edrita","description":"Nuevo Renacer","publisher":{"@id":"https:\/\/nuevo-renacer.com\/#organization"},"potentialAction":[{"@type":"SearchAction","target":{"@type":"EntryPoint","urlTemplate":"https:\/\/nuevo-renacer.com\/?s={search_term_string}"},"query-input":{"@type":"PropertyValueSpecification","valueRequired":true,"valueName":"search_term_string"}}],"inLanguage":"tr"},{"@type":"Organization","@id":"https:\/\/nuevo-renacer.com\/#organization","name":"UFEC","url":"https:\/\/nuevo-renacer.com\/","logo":{"@type":"ImageObject","inLanguage":"tr","@id":"https:\/\/nuevo-renacer.com\/#\/schema\/logo\/image\/","url":"https:\/\/nuevo-renacer.com\/wp-content\/uploads\/2024\/05\/cropped-LOGO-TERMINADO1-3-3.png","contentUrl":"https:\/\/nuevo-renacer.com\/wp-content\/uploads\/2024\/05\/cropped-LOGO-TERMINADO1-3-3.png","width":512,"height":512,"caption":"UFEC"},"image":{"@id":"https:\/\/nuevo-renacer.com\/#\/schema\/logo\/image\/"},"sameAs":["https:\/\/www.facebook.com\/groups\/3431398063740829"]}]}},"uagb_featured_image_src":{"full":["https:\/\/nuevo-renacer.com\/wp-content\/uploads\/2024\/09\/libertad.jpg",457,360,false],"thumbnail":["https:\/\/nuevo-renacer.com\/wp-content\/uploads\/2024\/09\/libertad-150x150.jpg",150,150,true],"medium":["https:\/\/nuevo-renacer.com\/wp-content\/uploads\/2024\/09\/libertad-300x236.jpg",300,236,true],"medium_large":["https:\/\/nuevo-renacer.com\/wp-content\/uploads\/2024\/09\/libertad.jpg",457,360,false],"large":["https:\/\/nuevo-renacer.com\/wp-content\/uploads\/2024\/09\/libertad.jpg",457,360,false],"1536x1536":["https:\/\/nuevo-renacer.com\/wp-content\/uploads\/2024\/09\/libertad.jpg",457,360,false],"2048x2048":["https:\/\/nuevo-renacer.com\/wp-content\/uploads\/2024\/09\/libertad.jpg",457,360,false],"trp-custom-language-flag":["https:\/\/nuevo-renacer.com\/wp-content\/uploads\/2024\/09\/libertad-15x12.jpg",15,12,true]},"uagb_author_info":{"display_name":"adbv0","author_link":"https:\/\/nuevo-renacer.com\/tr\/author\/adbv0\/"},"uagb_comment_info":0,"uagb_excerpt":"Deber y Libertad \u00bfQu\u00e9 hombre, en las horas de silencio y de recogimiento, jam\u00e1s interrog\u00f3 la naturaleza y su propio coraz\u00f3n, pidi\u00e9ndoles el secreto de las cosas, el por qu\u00e9 de la vida, la raz\u00f3n de ser del universo? \u00bfD\u00f3nde est\u00e1 el que jam\u00e1s procur\u00f3 conocer su destino, levantar el velo de la muerte, saber&hellip;","jetpack_sharing_enabled":true,"_links":{"self":[{"href":"https:\/\/nuevo-renacer.com\/tr\/wp-json\/wp\/v2\/pages\/4555","targetHints":{"allow":["GET"]}}],"collection":[{"href":"https:\/\/nuevo-renacer.com\/tr\/wp-json\/wp\/v2\/pages"}],"about":[{"href":"https:\/\/nuevo-renacer.com\/tr\/wp-json\/wp\/v2\/types\/page"}],"author":[{"embeddable":true,"href":"https:\/\/nuevo-renacer.com\/tr\/wp-json\/wp\/v2\/users\/1"}],"replies":[{"embeddable":true,"href":"https:\/\/nuevo-renacer.com\/tr\/wp-json\/wp\/v2\/comments?post=4555"}],"version-history":[{"count":3,"href":"https:\/\/nuevo-renacer.com\/tr\/wp-json\/wp\/v2\/pages\/4555\/revisions"}],"predecessor-version":[{"id":4563,"href":"https:\/\/nuevo-renacer.com\/tr\/wp-json\/wp\/v2\/pages\/4555\/revisions\/4563"}],"wp:featuredmedia":[{"embeddable":true,"href":"https:\/\/nuevo-renacer.com\/tr\/wp-json\/wp\/v2\/media\/4559"}],"wp:attachment":[{"href":"https:\/\/nuevo-renacer.com\/tr\/wp-json\/wp\/v2\/media?parent=4555"}],"curies":[{"name":"wp","href":"https:\/\/api.w.org\/{rel}","templated":true}]}}