{"id":4543,"date":"2024-09-09T09:25:48","date_gmt":"2024-09-09T09:25:48","guid":{"rendered":"https:\/\/nuevo-renacer.com\/?page_id=4543"},"modified":"2024-09-09T09:37:20","modified_gmt":"2024-09-09T09:37:20","slug":"la-educacion","status":"publish","type":"page","link":"https:\/\/nuevo-renacer.com\/tr\/la-educacion\/","title":{"rendered":"E\u011fitim"},"content":{"rendered":"<div class=\"wp-block-uagb-container uagb-block-e9649aa2 alignfull uagb-is-root-container\"><div class=\"uagb-container-inner-blocks-wrap\">\n<p class=\"has-black-color has-text-color has-link-color has-medium-font-size wp-elements-a327227f3f7a029d93706300c152bcc0\"><strong>E\u011fitim<\/strong><\/p>\n<\/div><\/div>\n\n\n\n<div class=\"wp-block-uagb-container uagb-block-81734685 alignfull uagb-is-root-container\"><div class=\"uagb-container-inner-blocks-wrap\">\n<figure class=\"wp-block-image size-full is-resized\"><img fetchpriority=\"high\" decoding=\"async\" width=\"1000\" height=\"667\" src=\"https:\/\/nuevo-renacer.com\/wp-content\/uploads\/2024\/09\/shutterstock_641523472.jpg\" alt=\"\" class=\"wp-image-4548\" style=\"width:382px;height:auto\" srcset=\"https:\/\/nuevo-renacer.com\/wp-content\/uploads\/2024\/09\/shutterstock_641523472.jpg 1000w, https:\/\/nuevo-renacer.com\/wp-content\/uploads\/2024\/09\/shutterstock_641523472-300x200.jpg 300w, https:\/\/nuevo-renacer.com\/wp-content\/uploads\/2024\/09\/shutterstock_641523472-768x512.jpg 768w, https:\/\/nuevo-renacer.com\/wp-content\/uploads\/2024\/09\/shutterstock_641523472-18x12.jpg 18w\" sizes=\"(max-width: 1000px) 100vw, 1000px\" \/><\/figure>\n<\/div><\/div>\n\n\n\n<div class=\"wp-block-uagb-container uagb-block-0a8a25fe alignfull uagb-is-root-container\"><div class=\"uagb-container-inner-blocks-wrap\">\n<p class=\"has-black-color has-text-color has-link-color has-small-font-size wp-elements-86b6bc74f220429584135ed86b45f48c\">E\u011fitim yoluyla gen\u00e7 nesiller d\u00f6n\u00fc\u015ft\u00fcr\u00fcl\u00fcr ve geli\u015ftirilir. Yeni bir toplum elde etmek i\u00e7in yeni erkekler yaratmak gerekir. Bu nedenle, \u00e7ocuklar\u0131n e\u011fitimi b\u00fcy\u00fck \u00f6nem ta\u015f\u0131maktad\u0131r.<\/p>\n\n\n\n<p class=\"has-black-color has-text-color has-link-color has-small-font-size wp-elements-703c5ffdb91847b5a4b66c0fe4a18804\">\u00c7ocu\u011fa bilimin unsurlar\u0131n\u0131 \u00f6\u011fretmek yeterli de\u011fildir. Okumay\u0131, yazmay\u0131 ve hesaplamay\u0131 bilmek, kendilerini y\u00f6netmeyi \u00f6\u011frenmek, rasyonel ve bilin\u00e7li davranmak kadar \u00f6nemli olan, yaln\u0131zca d\u00f6v\u00fc\u015f g\u00f6r\u00fcnt\u00fcleri i\u00e7in de\u011fil, her \u015feyden \u00f6nce ahlaki m\u00fccadele i\u00e7in silahl\u0131 hayata girmektir. \u015eimdi, daha az u\u011fra\u015ft\u0131\u011f\u0131m\u0131z \u015fey bu. Parlak bir \u00e7ocu\u011fun yeteneklerini ve y\u00f6nlerini geli\u015ftirmeyi ama\u00e7lar, erdemlerini de\u011fil. Okulda, ailede oldu\u011fu gibi, g\u00f6revlerini a\u00e7\u0131kl\u0131\u011fa kavu\u015fturmak ve var\u0131\u015f noktan\u0131zdan \u00e7ok fazla \u015fey b\u0131rak\u0131r. B\u00f6ylece, y\u00fcksek ilkelerden yoksun, varolu\u015f amac\u0131ndan habersiz, kamusal hayata girdi\u011fi g\u00fcn, \u015fehvetli ve yozla\u015fm\u0131\u015f bir atmosferde tutkunun t\u00fcm tehditlerine, t\u00fcm \u00e7ekiciliklerine maruz kal\u0131r.<\/p>\n\n\n\n<p class=\"has-black-color has-text-color has-link-color has-small-font-size wp-elements-ff08a1d04024fd303f6a5fc863b867c6\">Lisede bile, yapt\u0131\u011f\u0131n\u0131z \u015fey, okulun beynini, ahlaki \u00f6\u011fretinin zarar\u0131na, sindirilemeyen kavramlar ve ger\u00e7ekler, tarihler ve isimler k\u00fcmesiyle doldurmakt\u0131r. Etkili cezadan yoksun, evrensel d\u00fczenin hi\u00e7bir amac\u0131 olmayan okulun ahlak\u0131, toplumu \u0131slah edemeyen ahlaki bir k\u0131s\u0131rl\u0131ktan ba\u015fka bir \u015fey de\u011fildir.<\/p>\n\n\n\n<p class=\"has-black-color has-text-color has-link-color has-small-font-size wp-elements-7a35919431865ee5745903908b1f4562\">Ayr\u0131ca, \u00e7ocu\u011fun fanatizm ve bat\u0131l inan\u00e7lara av oldu\u011fu ve d\u00fcnya hayat\u0131 ve ahiret hakk\u0131nda yanl\u0131\u015f fikirlerden fazlas\u0131n\u0131 edinmedi\u011fi dini kurumlarda verilen e\u011fitime de \u00e7ocuksudur.<\/p>\n\n\n\n<p class=\"has-black-color has-text-color has-link-color has-small-font-size wp-elements-b469896770c8e4cd74217f9614763131\">Bir ustan\u0131n i\u015fi nadiren iyi bir ahlaki e\u011fitimdir. \u00c7ocu\u011fu ilk \u00f6zlemlere uyand\u0131r\u0131rken, zor bir karakteri d\u00fczeltmek i\u00e7in, yaln\u0131zca bir baban\u0131n veya annenin kalbine kar\u015f\u0131 sorumlu oldu\u011fu zamana ve azime, s\u0131k\u0131l\u0131\u011fa ve sevgiye ihtiyac\u0131 vard\u0131r. Ebeveynler \u00e7ocuklar\u0131n\u0131z\u0131 d\u00fczeltemezse, bunu nas\u0131l ba\u015faracaks\u0131n\u0131z ki bu da \u00e7ok say\u0131da \u00e7ocu\u011fa yol a\u00e7acak?<\/p>\n\n\n\n<p class=\"has-black-color has-text-color has-link-color has-small-font-size wp-elements-790ba857903e024896a7ba863aeff3b2\">Ancak bu g\u00f6rev d\u00fc\u015f\u00fcnd\u00fc\u011f\u00fcn\u00fcz kadar zor de\u011fil. Derin bir bilim gerektirmez. B\u00fcy\u00fck ve k\u00fc\u00e7\u00fck, e\u011fitimin amac\u0131na ve sonu\u00e7lar\u0131na n\u00fcfuz ederlerse bunu yapabilirler. Bir \u015feyi akl\u0131m\u0131zda tutmal\u0131y\u0131z ve onlar\u0131n eksikliklerinin \u00fcstesinden gelmelerine ve ya\u015fam\u0131n g\u00f6revleri i\u00e7in haz\u0131rl\u0131klar yapmalar\u0131na yard\u0131m etmemiz i\u00e7in Ruhlar\u0131n bize geldi\u011fini. Evlilik yoluyla, onu kanalize etme misyonunu kabul ediyoruz; a\u015fkla yap\u0131n, ancak a\u015f\u0131r\u0131 s\u0131n\u0131ra getirilen a\u015fk tehlikelerle dolu oldu\u011fu i\u00e7in zay\u0131fl\u0131ktan muaf bir a\u015fkla yap\u0131n. \u00c7ocu\u011fun \u00f6nceki varolu\u015flar\u0131nda edindi\u011fi be\u015fik e\u011filimlerinden inceliyoruz ve kendimizi iyiyi geli\u015ftirmeye ve k\u00f6t\u00fcy\u00fc bo\u011fmaya ad\u0131yoruz. Onlara, ba\u015flang\u0131\u00e7tan itibaren gen\u00e7 ruhlar\u0131n\u0131 hayal k\u0131r\u0131kl\u0131\u011f\u0131na u\u011fratmaya al\u0131\u015fk\u0131n olan, d\u00fcnyadaki ya\u015fam\u0131n zorlu oldu\u011funu ve size ba\u011f\u0131ms\u0131zl\u0131k ve haysiyet sa\u011flayan tek \u015feyin kendinizle ve i\u015finizle olmas\u0131 gerekti\u011fini anlamalar\u0131 i\u00e7in \u00e7ok fazla zevk vermemek. Bu \u00e7ocuklardan ebedi yasalar\u0131n eyleminden sapmaya \u00e7al\u0131\u015fmay\u0131n. Her birimizin yolunda ta\u015flar vard\u0131r: bize evitaryalar\u0131 sadece bilgelik \u00f6\u011fretir.<\/p>\n\n\n\n<p class=\"has-black-color has-text-color has-link-color has-small-font-size wp-elements-51bf420c991313bd87fc51eb452797ed\">\u00c7ocuklar\u0131n\u0131za ba\u015fkalar\u0131na g\u00fcvenmeyin, \u00e7\u00fcnk\u00fc bunu yapmak i\u00e7in kesinlikle mecbur g\u00f6rm\u00fcyorum. E\u011fitim paral\u0131 asker olamaz. Bir \u00e7ocu\u011fun konu\u015fmas\u0131n\u0131n hem\u015fire i\u00e7in ne \u00f6nemi var yoksa sen \u015fu ya da bu \u015fekilde misin? Bir annenin duygusuna ya da sevgisine sahip de\u011filsin. Buna kar\u015f\u0131l\u0131k, annenin mele\u011finin ilk ad\u0131mlar\u0131nda ne kadar sevin\u00e7 duydu\u011funu! Yorgunluk yok, duraklarda \u00e7al\u0131\u015fma yok. A\u015fk\u0131m! Ayn\u0131 \u015feyi \u00e7ocuklar\u0131n\u0131z\u0131n ruhuyla da yap\u0131n. Bunun i\u00e7in v\u00fccuttan daha fazla uygulama yap\u0131n. Yak\u0131nda harcanacak ve o kadar \u00e7ok osorio&#039;ya at\u0131lacak ki, ba\u015far\u0131lar ve kaydedilen ilerlemeyle \u00e7evrili \u00f6zen nedeniyle ruh \u00f6l\u00fcms\u00fcz, \u0131\u015f\u0131lt\u0131l\u0131 olacak, sizi kutsamak ve sevmek i\u00e7in zamanla ya\u015fayacak.<\/p>\n\n\n\n<p class=\"has-black-color has-text-color has-link-color has-small-font-size wp-elements-9c90eb326d66ff9e17dd9e83a5b2c0c8\">Kesin bir ya\u015fam anlay\u0131\u015f\u0131na dayanan e\u011fitim, d\u00fcnyan\u0131n \u00e7ehresini de\u011fi\u015ftirirdi. Ger\u00e7eklerin onaylad\u0131\u011f\u0131 spirit\u00fcalistlerin \u00e7ocuklar\u0131na telkin etti\u011fi, ayn\u0131 zamanda okulun tarafs\u0131z oldu\u011fu inanc\u0131yla ba\u015flayan t\u00fcm ailelerin onlara bilimin ilkelerini ve Evrenin harikalar\u0131n\u0131 \u00f6\u011fretti\u011fini varsayal\u0131m. Yak\u0131nda bu \u00e7ifte ak\u0131m\u0131n etkisi alt\u0131nda h\u0131zl\u0131 bir toplumsal d\u00f6n\u00fc\u015f\u00fcm ya\u015fanacakt\u0131. Morales&#039;in t\u00fcm yaralar\u0131 k\u00f6t\u00fc e\u011fitimden kaynaklan\u0131yordu. Onu yeniden bi\u00e7imlendirmek, yeni bir temele oturtmak, insanl\u0131k i\u00e7in hesaplanamaz sonu\u00e7lar do\u011furacakt\u0131r. Gen\u00e7lere \u00f6\u011fretin ve zekas\u0131n\u0131 ayd\u0131nlat\u0131n; ama her \u015feyden \u00f6nce, kusurlar\u0131ndan kurtulmak i\u00e7in kalbinizle ve ense\u00f1\u00e9mosle ile konu\u015fal\u0131m. M\u00fckemmel bilimin bizi daha iyi hale getirmekten ibaret oldu\u011funu hat\u0131rlayal\u0131m.<\/p>\n\n\n\n<p class=\"has-black-color has-text-color has-link-color has-small-font-size wp-elements-cb7c8a978c2d34d564eb4500e49ce652\"><em><strong>Le\u00f3n Denis <\/strong>\u2013 D\u00fcz Yol<\/em> \u2503 <em>Ahlak yasas\u0131na ili\u015fkin spirit\u00fcalist kavram<\/em><\/p>\n<\/div><\/div>","protected":false},"excerpt":{"rendered":"<p>La Educaci\u00f3n Por medio de la educaci\u00f3n, las generaciones se transforman y se mejoran. Para obtener una sociedad nueva es preciso hacer hombres nuevos. As\u00ed pues, la educaci\u00f3n de la infancia es de una importancia capital. No basta ense\u00f1ar al ni\u00f1o los elementos de la ciencia. Tan esencial como saber leer, escribir y calcular es [&hellip;]<\/p>","protected":false},"author":1,"featured_media":4548,"parent":0,"menu_order":0,"comment_status":"closed","ping_status":"closed","template":"","meta":{"_uag_custom_page_level_css":"","site-sidebar-layout":"default","site-content-layout":"","ast-site-content-layout":"default","site-content-style":"default","site-sidebar-style":"default","ast-global-header-display":"","ast-banner-title-visibility":"","ast-main-header-display":"","ast-hfb-above-header-display":"","ast-hfb-below-header-display":"","ast-hfb-mobile-header-display":"","site-post-title":"","ast-breadcrumbs-content":"","ast-featured-img":"","footer-sml-layout":"","theme-transparent-header-meta":"","adv-header-id-meta":"","stick-header-meta":"","header-above-stick-meta":"","header-main-stick-meta":"","header-below-stick-meta":"","astra-migrate-meta-layouts":"set","ast-page-background-enabled":"default","ast-page-background-meta":{"desktop":{"background-color":"var(--ast-global-color-4)","background-image":"","background-repeat":"repeat","background-position":"center center","background-size":"auto","background-attachment":"scroll","background-type":"","background-media":"","overlay-type":"","overlay-color":"","overlay-opacity":"","overlay-gradient":""},"tablet":{"background-color":"","background-image":"","background-repeat":"repeat","background-position":"center center","background-size":"auto","background-attachment":"scroll","background-type":"","background-media":"","overlay-type":"","overlay-color":"","overlay-opacity":"","overlay-gradient":""},"mobile":{"background-color":"","background-image":"","background-repeat":"repeat","background-position":"center center","background-size":"auto","background-attachment":"scroll","background-type":"","background-media":"","overlay-type":"","overlay-color":"","overlay-opacity":"","overlay-gradient":""}},"ast-content-background-meta":{"desktop":{"background-color":"var(--ast-global-color-5)","background-image":"","background-repeat":"repeat","background-position":"center center","background-size":"auto","background-attachment":"scroll","background-type":"","background-media":"","overlay-type":"","overlay-color":"","overlay-opacity":"","overlay-gradient":""},"tablet":{"background-color":"var(--ast-global-color-5)","background-image":"","background-repeat":"repeat","background-position":"center center","background-size":"auto","background-attachment":"scroll","background-type":"","background-media":"","overlay-type":"","overlay-color":"","overlay-opacity":"","overlay-gradient":""},"mobile":{"background-color":"var(--ast-global-color-5)","background-image":"","background-repeat":"repeat","background-position":"center center","background-size":"auto","background-attachment":"scroll","background-type":"","background-media":"","overlay-type":"","overlay-color":"","overlay-opacity":"","overlay-gradient":""}},"footnotes":""},"class_list":["post-4543","page","type-page","status-publish","has-post-thumbnail","hentry"],"yoast_head":"<!-- This site is optimized with the Yoast SEO Premium plugin v24.2 (Yoast SEO v24.6) - https:\/\/yoast.com\/wordpress\/plugins\/seo\/ -->\n<title>La Educaci\u00f3n - Uni\u00f3n Esp\u00edrita<\/title>\n<meta name=\"robots\" content=\"index, follow, max-snippet:-1, max-image-preview:large, max-video-preview:-1\" \/>\n<link rel=\"canonical\" href=\"https:\/\/nuevo-renacer.com\/tr\/la-educacion\/\" \/>\n<meta property=\"og:locale\" content=\"tr_TR\" \/>\n<meta property=\"og:type\" content=\"article\" \/>\n<meta property=\"og:title\" content=\"La Educaci\u00f3n\" \/>\n<meta property=\"og:description\" content=\"La Educaci\u00f3n Por medio de la educaci\u00f3n, las generaciones se transforman y se mejoran. Para obtener una sociedad nueva es preciso hacer hombres nuevos. As\u00ed pues, la educaci\u00f3n de la infancia es de una importancia capital. No basta ense\u00f1ar al ni\u00f1o los elementos de la ciencia. Tan esencial como saber leer, escribir y calcular es [&hellip;]\" \/>\n<meta property=\"og:url\" content=\"https:\/\/nuevo-renacer.com\/tr\/la-educacion\/\" \/>\n<meta property=\"og:site_name\" content=\"Uni\u00f3n Esp\u00edrita\" \/>\n<meta property=\"article:publisher\" content=\"https:\/\/www.facebook.com\/groups\/3431398063740829\" \/>\n<meta property=\"article:modified_time\" content=\"2024-09-09T09:37:20+00:00\" \/>\n<meta property=\"og:image\" content=\"https:\/\/nuevo-renacer.com\/wp-content\/uploads\/2024\/09\/shutterstock_641523472.jpg\" \/>\n\t<meta property=\"og:image:width\" content=\"1000\" \/>\n\t<meta property=\"og:image:height\" content=\"667\" \/>\n\t<meta property=\"og:image:type\" content=\"image\/jpeg\" \/>\n<meta name=\"twitter:card\" content=\"summary_large_image\" \/>\n<meta name=\"twitter:label1\" content=\"Tahmini okuma s\u00fcresi\" \/>\n\t<meta name=\"twitter:data1\" content=\"4 dakika\" \/>\n<script type=\"application\/ld+json\" class=\"yoast-schema-graph\">{\"@context\":\"https:\/\/schema.org\",\"@graph\":[{\"@type\":\"WebPage\",\"@id\":\"https:\/\/nuevo-renacer.com\/la-educacion\/\",\"url\":\"https:\/\/nuevo-renacer.com\/la-educacion\/\",\"name\":\"La Educaci\u00f3n - Uni\u00f3n Esp\u00edrita\",\"isPartOf\":{\"@id\":\"https:\/\/nuevo-renacer.com\/#website\"},\"primaryImageOfPage\":{\"@id\":\"https:\/\/nuevo-renacer.com\/la-educacion\/#primaryimage\"},\"image\":{\"@id\":\"https:\/\/nuevo-renacer.com\/la-educacion\/#primaryimage\"},\"thumbnailUrl\":\"https:\/\/nuevo-renacer.com\/wp-content\/uploads\/2024\/09\/shutterstock_641523472.jpg\",\"datePublished\":\"2024-09-09T09:25:48+00:00\",\"dateModified\":\"2024-09-09T09:37:20+00:00\",\"breadcrumb\":{\"@id\":\"https:\/\/nuevo-renacer.com\/la-educacion\/#breadcrumb\"},\"inLanguage\":\"tr\",\"potentialAction\":[{\"@type\":\"ReadAction\",\"target\":[\"https:\/\/nuevo-renacer.com\/la-educacion\/\"]}]},{\"@type\":\"ImageObject\",\"inLanguage\":\"tr\",\"@id\":\"https:\/\/nuevo-renacer.com\/la-educacion\/#primaryimage\",\"url\":\"https:\/\/nuevo-renacer.com\/wp-content\/uploads\/2024\/09\/shutterstock_641523472.jpg\",\"contentUrl\":\"https:\/\/nuevo-renacer.com\/wp-content\/uploads\/2024\/09\/shutterstock_641523472.jpg\",\"width\":1000,\"height\":667},{\"@type\":\"BreadcrumbList\",\"@id\":\"https:\/\/nuevo-renacer.com\/la-educacion\/#breadcrumb\",\"itemListElement\":[{\"@type\":\"ListItem\",\"position\":1,\"name\":\"Startseite\",\"item\":\"https:\/\/nuevo-renacer.com\/\"},{\"@type\":\"ListItem\",\"position\":2,\"name\":\"La Educaci\u00f3n\"}]},{\"@type\":\"WebSite\",\"@id\":\"https:\/\/nuevo-renacer.com\/#website\",\"url\":\"https:\/\/nuevo-renacer.com\/\",\"name\":\"Uni\u00f3n Esp\u00edrita\",\"description\":\"Nuevo Renacer\",\"publisher\":{\"@id\":\"https:\/\/nuevo-renacer.com\/#organization\"},\"potentialAction\":[{\"@type\":\"SearchAction\",\"target\":{\"@type\":\"EntryPoint\",\"urlTemplate\":\"https:\/\/nuevo-renacer.com\/?s={search_term_string}\"},\"query-input\":{\"@type\":\"PropertyValueSpecification\",\"valueRequired\":true,\"valueName\":\"search_term_string\"}}],\"inLanguage\":\"tr\"},{\"@type\":\"Organization\",\"@id\":\"https:\/\/nuevo-renacer.com\/#organization\",\"name\":\"UFEC\",\"url\":\"https:\/\/nuevo-renacer.com\/\",\"logo\":{\"@type\":\"ImageObject\",\"inLanguage\":\"tr\",\"@id\":\"https:\/\/nuevo-renacer.com\/#\/schema\/logo\/image\/\",\"url\":\"https:\/\/nuevo-renacer.com\/wp-content\/uploads\/2024\/05\/cropped-LOGO-TERMINADO1-3-3.png\",\"contentUrl\":\"https:\/\/nuevo-renacer.com\/wp-content\/uploads\/2024\/05\/cropped-LOGO-TERMINADO1-3-3.png\",\"width\":512,\"height\":512,\"caption\":\"UFEC\"},\"image\":{\"@id\":\"https:\/\/nuevo-renacer.com\/#\/schema\/logo\/image\/\"},\"sameAs\":[\"https:\/\/www.facebook.com\/groups\/3431398063740829\"]}]}<\/script>\n<!-- \/ Yoast SEO Premium plugin. -->","yoast_head_json":{"title":"La Educaci\u00f3n - Uni\u00f3n Esp\u00edrita","robots":{"index":"index","follow":"follow","max-snippet":"max-snippet:-1","max-image-preview":"max-image-preview:large","max-video-preview":"max-video-preview:-1"},"canonical":"https:\/\/nuevo-renacer.com\/tr\/la-educacion\/","og_locale":"tr_TR","og_type":"article","og_title":"La Educaci\u00f3n","og_description":"La Educaci\u00f3n Por medio de la educaci\u00f3n, las generaciones se transforman y se mejoran. Para obtener una sociedad nueva es preciso hacer hombres nuevos. As\u00ed pues, la educaci\u00f3n de la infancia es de una importancia capital. No basta ense\u00f1ar al ni\u00f1o los elementos de la ciencia. Tan esencial como saber leer, escribir y calcular es [&hellip;]","og_url":"https:\/\/nuevo-renacer.com\/tr\/la-educacion\/","og_site_name":"Uni\u00f3n Esp\u00edrita","article_publisher":"https:\/\/www.facebook.com\/groups\/3431398063740829","article_modified_time":"2024-09-09T09:37:20+00:00","og_image":[{"width":1000,"height":667,"url":"https:\/\/nuevo-renacer.com\/wp-content\/uploads\/2024\/09\/shutterstock_641523472.jpg","type":"image\/jpeg"}],"twitter_card":"summary_large_image","twitter_misc":{"Tahmini okuma s\u00fcresi":"4 dakika"},"schema":{"@context":"https:\/\/schema.org","@graph":[{"@type":"WebPage","@id":"https:\/\/nuevo-renacer.com\/la-educacion\/","url":"https:\/\/nuevo-renacer.com\/la-educacion\/","name":"La Educaci\u00f3n - Uni\u00f3n Esp\u00edrita","isPartOf":{"@id":"https:\/\/nuevo-renacer.com\/#website"},"primaryImageOfPage":{"@id":"https:\/\/nuevo-renacer.com\/la-educacion\/#primaryimage"},"image":{"@id":"https:\/\/nuevo-renacer.com\/la-educacion\/#primaryimage"},"thumbnailUrl":"https:\/\/nuevo-renacer.com\/wp-content\/uploads\/2024\/09\/shutterstock_641523472.jpg","datePublished":"2024-09-09T09:25:48+00:00","dateModified":"2024-09-09T09:37:20+00:00","breadcrumb":{"@id":"https:\/\/nuevo-renacer.com\/la-educacion\/#breadcrumb"},"inLanguage":"tr","potentialAction":[{"@type":"ReadAction","target":["https:\/\/nuevo-renacer.com\/la-educacion\/"]}]},{"@type":"ImageObject","inLanguage":"tr","@id":"https:\/\/nuevo-renacer.com\/la-educacion\/#primaryimage","url":"https:\/\/nuevo-renacer.com\/wp-content\/uploads\/2024\/09\/shutterstock_641523472.jpg","contentUrl":"https:\/\/nuevo-renacer.com\/wp-content\/uploads\/2024\/09\/shutterstock_641523472.jpg","width":1000,"height":667},{"@type":"BreadcrumbList","@id":"https:\/\/nuevo-renacer.com\/la-educacion\/#breadcrumb","itemListElement":[{"@type":"ListItem","position":1,"name":"Startseite","item":"https:\/\/nuevo-renacer.com\/"},{"@type":"ListItem","position":2,"name":"La Educaci\u00f3n"}]},{"@type":"WebSite","@id":"https:\/\/nuevo-renacer.com\/#website","url":"https:\/\/nuevo-renacer.com\/","name":"Uni\u00f3n Esp\u00edrita","description":"Nuevo Renacer","publisher":{"@id":"https:\/\/nuevo-renacer.com\/#organization"},"potentialAction":[{"@type":"SearchAction","target":{"@type":"EntryPoint","urlTemplate":"https:\/\/nuevo-renacer.com\/?s={search_term_string}"},"query-input":{"@type":"PropertyValueSpecification","valueRequired":true,"valueName":"search_term_string"}}],"inLanguage":"tr"},{"@type":"Organization","@id":"https:\/\/nuevo-renacer.com\/#organization","name":"UFEC","url":"https:\/\/nuevo-renacer.com\/","logo":{"@type":"ImageObject","inLanguage":"tr","@id":"https:\/\/nuevo-renacer.com\/#\/schema\/logo\/image\/","url":"https:\/\/nuevo-renacer.com\/wp-content\/uploads\/2024\/05\/cropped-LOGO-TERMINADO1-3-3.png","contentUrl":"https:\/\/nuevo-renacer.com\/wp-content\/uploads\/2024\/05\/cropped-LOGO-TERMINADO1-3-3.png","width":512,"height":512,"caption":"UFEC"},"image":{"@id":"https:\/\/nuevo-renacer.com\/#\/schema\/logo\/image\/"},"sameAs":["https:\/\/www.facebook.com\/groups\/3431398063740829"]}]}},"uagb_featured_image_src":{"full":["https:\/\/nuevo-renacer.com\/wp-content\/uploads\/2024\/09\/shutterstock_641523472.jpg",1000,667,false],"thumbnail":["https:\/\/nuevo-renacer.com\/wp-content\/uploads\/2024\/09\/shutterstock_641523472-150x150.jpg",150,150,true],"medium":["https:\/\/nuevo-renacer.com\/wp-content\/uploads\/2024\/09\/shutterstock_641523472-300x200.jpg",300,200,true],"medium_large":["https:\/\/nuevo-renacer.com\/wp-content\/uploads\/2024\/09\/shutterstock_641523472-768x512.jpg",768,512,true],"large":["https:\/\/nuevo-renacer.com\/wp-content\/uploads\/2024\/09\/shutterstock_641523472.jpg",1000,667,false],"1536x1536":["https:\/\/nuevo-renacer.com\/wp-content\/uploads\/2024\/09\/shutterstock_641523472.jpg",1000,667,false],"2048x2048":["https:\/\/nuevo-renacer.com\/wp-content\/uploads\/2024\/09\/shutterstock_641523472.jpg",1000,667,false],"trp-custom-language-flag":["https:\/\/nuevo-renacer.com\/wp-content\/uploads\/2024\/09\/shutterstock_641523472-18x12.jpg",18,12,true]},"uagb_author_info":{"display_name":"adbv0","author_link":"https:\/\/nuevo-renacer.com\/tr\/author\/adbv0\/"},"uagb_comment_info":0,"uagb_excerpt":"La Educaci\u00f3n Por medio de la educaci\u00f3n, las generaciones se transforman y se mejoran. Para obtener una sociedad nueva es preciso hacer hombres nuevos. As\u00ed pues, la educaci\u00f3n de la infancia es de una importancia capital. No basta ense\u00f1ar al ni\u00f1o los elementos de la ciencia. Tan esencial como saber leer, escribir y calcular es&hellip;","jetpack_sharing_enabled":true,"_links":{"self":[{"href":"https:\/\/nuevo-renacer.com\/tr\/wp-json\/wp\/v2\/pages\/4543","targetHints":{"allow":["GET"]}}],"collection":[{"href":"https:\/\/nuevo-renacer.com\/tr\/wp-json\/wp\/v2\/pages"}],"about":[{"href":"https:\/\/nuevo-renacer.com\/tr\/wp-json\/wp\/v2\/types\/page"}],"author":[{"embeddable":true,"href":"https:\/\/nuevo-renacer.com\/tr\/wp-json\/wp\/v2\/users\/1"}],"replies":[{"embeddable":true,"href":"https:\/\/nuevo-renacer.com\/tr\/wp-json\/wp\/v2\/comments?post=4543"}],"version-history":[{"count":4,"href":"https:\/\/nuevo-renacer.com\/tr\/wp-json\/wp\/v2\/pages\/4543\/revisions"}],"predecessor-version":[{"id":4549,"href":"https:\/\/nuevo-renacer.com\/tr\/wp-json\/wp\/v2\/pages\/4543\/revisions\/4549"}],"wp:featuredmedia":[{"embeddable":true,"href":"https:\/\/nuevo-renacer.com\/tr\/wp-json\/wp\/v2\/media\/4548"}],"wp:attachment":[{"href":"https:\/\/nuevo-renacer.com\/tr\/wp-json\/wp\/v2\/media?parent=4543"}],"curies":[{"name":"wp","href":"https:\/\/api.w.org\/{rel}","templated":true}]}}