{"id":4523,"date":"2024-09-05T12:48:38","date_gmt":"2024-09-05T12:48:38","guid":{"rendered":"https:\/\/nuevo-renacer.com\/?page_id=4523"},"modified":"2024-09-05T12:57:05","modified_gmt":"2024-09-05T12:57:05","slug":"trabajo-sobriedad-y-continencia","status":"publish","type":"page","link":"https:\/\/nuevo-renacer.com\/tr\/trabajo-sobriedad-y-continencia\/","title":{"rendered":"\u0130\u015f, Ay\u0131kl\u0131k ve Kontinans"},"content":{"rendered":"<div class=\"wp-block-uagb-container uagb-block-88d36742 alignfull uagb-is-root-container\"><div class=\"uagb-container-inner-blocks-wrap\">\n<p class=\"has-black-color has-text-color has-link-color has-medium-font-size wp-elements-b2156cdbd19688c48124ff74debdfa4c\"><strong>\u0130\u015f, Ay\u0131kl\u0131k ve Kontinans<\/strong><\/p>\n<\/div><\/div>\n\n\n\n<div class=\"wp-block-uagb-container uagb-block-2b105c69 alignfull uagb-is-root-container\"><div class=\"uagb-container-inner-blocks-wrap\">\n<figure class=\"wp-block-image size-full is-resized\"><img fetchpriority=\"high\" decoding=\"async\" width=\"626\" height=\"417\" src=\"https:\/\/nuevo-renacer.com\/wp-content\/uploads\/2024\/09\/hombre-campesino-ropa-trabajo-campo_1009902-21237.avif\" alt=\"\" class=\"wp-image-4525\" style=\"width:483px;height:auto\"\/><\/figure>\n<\/div><\/div>\n\n\n\n<div class=\"wp-block-uagb-container uagb-block-f2273af8 alignfull uagb-is-root-container\"><div class=\"uagb-container-inner-blocks-wrap\">\n<p class=\"has-black-color has-text-color has-link-color has-small-font-size wp-elements-478e3c72d64511dd52c48f547cb39bbb\">\u0130\u015f, Uzaydaki \u015firketler i\u00e7in oldu\u011fu gibi gezegensel be\u015feri bilimler i\u00e7in de bir yasad\u0131r. En ilkel olanlardan, d\u00fcnyalar\u0131n kaderlerini g\u00f6zeten melek Ruhlar\u0131na kadar, hepsi evrensel olmak i\u00e7in konserde yer al\u0131r.<\/p>\n\n\n\n<p class=\"has-black-color has-text-color has-link-color has-small-font-size wp-elements-c9fe8c6b4a4226d0488bbadeca805806\">Alt varl\u0131klara utan\u00e7 verici ve kaba davranan i\u015f, ya\u015fam rafine edildik\u00e7e d\u00fczeltilir. Ruhun ilerlemesinin bir sevin\u00e7 deposu haline gelir, bu da onu yaln\u0131zca \u00e7al\u0131\u015fmalarda i\u015fgal edilen cazibe malzemelerine kar\u015f\u0131 duyars\u0131z hale getirir.daha y\u00fcksek.<\/p>\n\n\n\n<p class=\"has-black-color has-text-color has-link-color has-small-font-size wp-elements-9c77e7d6ee3fe1a65652559a517e6ee7\">\u0130\u015fle birlikte insan, Do\u011fan\u0131n k\u00f6r g\u00fc\u00e7lerine h\u00fckmeder ve sefaletten kurtulur; \u00e7\u00fcnk\u00fc i\u015f b\u00f6ylece kurulmu\u015f medeniyetler ve refah\u0131 ve bilimi meksikal\u0131la\u015ft\u0131ran \u015feydir. \u0130\u015f, insan\u0131n onuru ve onurudur. Hi\u00e7bir \u015fey \u00fcretmeden ba\u015fkalar\u0131n\u0131n \u00e7al\u0131\u015fmalar\u0131ndan yararlanan toplum, bir parazitten ba\u015fka bir \u015fey de\u011fildir. Adam tutkular\u0131n\u0131 bast\u0131rmak i\u00e7in g\u00f6reviyle me\u015fgulken. Tembellik, aksine, geni\u015f bir eylem alan\u0131n\u0131 tetikler ve a\u00e7ar.<\/p>\n\n\n\n<p class=\"has-black-color has-text-color has-link-color has-small-font-size wp-elements-331045e9d7c291016d3b1e1e3852e9bb\">\u00c7al\u0131\u015fma ayn\u0131 zamanda b\u00fcy\u00fck bir rahatl\u0131k, endi\u015felerimiz ve \u00fcz\u00fcnt\u00fclerimiz i\u00e7in sa\u011fl\u0131kl\u0131 bir t\u00fcrevdir; Ruhumuzun endi\u015felerini yat\u0131\u015ft\u0131r\u0131r ve zekam\u0131z\u0131 do\u011furur. Ac\u0131 ahlak\u0131 yoktur, i\u00e7inde bir yat\u0131\u015ft\u0131rma bulamad\u0131klar\u0131 hayal k\u0131r\u0131kl\u0131klar\u0131 veya aksilikler yoktur; eyleminin uzamas\u0131na direnebilecek olaylar vard\u0131r. Eserler, \u00e7ekti\u011fi ac\u0131lar i\u00e7in bir s\u0131\u011f\u0131nak sa\u011flad\u0131 ve s\u0131k\u0131nt\u0131daki ger\u00e7ek bir arkada\u015f, tiksintili bir hayat\u0131 kabul etmeyebilir. Aksine, ac\u0131 ve \u0131st\u0131rab\u0131n kendilerini hareketsizli\u011fe ve hareketsizli\u011fe mahkum etti\u011fi ki\u015finin durumu ne kadar ac\u0131nacak! E\u011fer bu adam eserin b\u00fcy\u00fckl\u00fc\u011f\u00fc ve kutsall\u0131\u011f\u0131 hissine sahipse, genel menfaati ve herkesin iyili\u011fini g\u00f6rmek i\u00e7in kendi menfaatinizin \u00fczerindeyse ve buna katk\u0131da bulunmak istiyorsa ve ac\u0131mas\u0131z olan ko\u015fullardan birine sahipseniz.canl\u0131lar i\u00e7in ayr\u0131lm\u0131\u015ft\u0131r.<\/p>\n\n\n\n<p class=\"has-black-color has-text-color has-link-color has-small-font-size wp-elements-731f6d709f5361fde1aeee113bc0e301\">Bu ayn\u0131 zamanda Uzayda, g\u00f6revlerini yerine getiremeyen ve hayat\u0131n\u0131 temizleyemeyen Ruhun durumudur. \u0130\u015fin asaletini ve mociosidad&#039;\u0131n ihanetini \u00e7ok ge\u00e7 fark etmek, ruhunuzun tasarlad\u0131\u011f\u0131 ve istedi\u011fi \u015feyi yapamamaktan muzdariptir.<\/p>\n\n\n\n<p class=\"has-black-color has-text-color has-link-color has-small-font-size wp-elements-94f7b90552e8e2d287562dc4fccccd4c\">\u0130\u015f, Varl\u0131klar\u0131n birle\u015fmesidir. Bununla birbirimize yakla\u015f\u0131yoruz, bize yard\u0131m etmeyi ve bizi birle\u015ftirmeyi \u00f6\u011freniyoruz; Bu karde\u015fli\u011fin bir ad\u0131mdan fazlas\u0131 var. Antig\u00faedad romal\u0131 i\u015fi onursuzla\u015ft\u0131rd\u0131 ve onu k\u00f6lenin \u00f6zelli\u011fi haline getirdi. Bu onlar\u0131n k\u0131s\u0131rl\u0131k ahlaklar\u0131n\u0131, yozla\u015fmalar\u0131n\u0131 ve kuru ve so\u011fuk doktrinlerini a\u00e7\u0131klar.<\/p>\n\n\n\n<p class=\"has-black-color has-text-color has-link-color has-small-font-size wp-elements-4f4597a22e580f70483316f0d1813b12\">Modern zamanlar\u0131n tamamen farkl\u0131 bir ya\u015fam kavram\u0131 daha vard\u0131r. Verimli ve yenileyici bir i\u015fte dolgunlu\u011fu aray\u0131n. Ruhlar Felsefesi, i\u015f yasas\u0131n\u0131, t\u00fcm ilerlemenin ve t\u00fcm y\u00fckseli\u015flerin ilkesini g\u00f6steren ve bize bu yasan\u0131n eyleminin Varl\u0131klar\u0131n ve d\u00fcnyalar\u0131n evrenselli\u011fine uzand\u0131\u011f\u0131n\u0131 g\u00f6steren bu kavram\u0131 daha da g\u00fc\u00e7lendirir. Bu y\u00fczden \u015funu s\u00f6ylemeye yetkiliyiz: Uyan\u0131k, ah, hepiniz ve evin sa\u011fl\u0131kl\u0131 atmosferi tutkulara kar\u015f\u0131 egemen bir prezervatiftir. \u0130\u00e7imizde g\u00f6rd\u00fckleri bu sevdiklerimizin ortas\u0131nda, tek destekleri, sorumluluk duygumuz artar, sayg\u0131nl\u0131\u011f\u0131m\u0131z ve ciddiyetimiz b\u00fcy\u00fcr, g\u00f6revlerimizi daha iyi anlar\u0131z ve bu hayat\u0131n bize sa\u011flad\u0131\u011f\u0131 zevklerde, ger\u00e7ekle\u015fmesini kolayla\u015ft\u0131ran g\u00fc\u00e7ler elde ederiz. Kad\u0131nlar\u0131m\u0131z\u0131n ve \u00e7ocuklar\u0131m\u0131z\u0131n g\u00f6z\u00fc \u00f6n\u00fcnde avergonzar\u00edamos etti\u011fimiz eylemleri yapmaya nas\u0131l cesaret edebiliriz? Ba\u015fkalar\u0131na nas\u0131l liderlik edece\u011finizi \u00f6\u011frenmek, kendinizle konu\u015fmay\u0131, ihtiyatl\u0131 ve bilge olmay\u0131, varl\u0131\u011f\u0131m\u0131z\u0131 lekeleyebilece\u011finiz her \u015feyi bizden uzakla\u015ft\u0131rmay\u0131 \u00f6\u011frenmektir.<\/p>\n\n\n\n<p class=\"has-black-color has-text-color has-link-color has-small-font-size wp-elements-77e9a508b1c0300a0d6de4dda68a0968\">Su\u00e7lu yaln\u0131z ya\u015f\u0131yor. Bunun yerine, ba\u015fkalar\u0131na hayat verin, erkekleri faydal\u0131 k\u0131ld\u0131\u011f\u0131m\u0131z ve iyilik i\u00e7in gayretli hizmet\u00e7iler yapt\u0131\u011f\u0131m\u0131z bilinen birka\u00e7 \u00e7ocukta canlanmam\u0131z\u0131 g\u00f6rmek ve derin bir g\u00f6rev duygusu ve kapsaml\u0131 bir bilgi a\u015f\u0131lad\u0131ktan sonra \u00f6lmek.var\u0131\u015f yeri asil bir g\u00f6revdir.<\/p>\n\n\n\n<p class=\"has-black-color has-text-color has-link-color has-small-font-size wp-elements-5a12df196a1c101a2faa4a924f4344d5\">Bu kural\u0131n bir istisnas\u0131 varsa, ailenin \u00fczerine insanl\u0131\u011f\u0131 yerle\u015ftirenlerin ve size daha iyi hizmet etmek i\u00e7in daha y\u00fcksek bir g\u00f6revi kendi yarar\u0131n\u0131za s\u00fcrd\u00fcrenlerin lehinedir., hayat\u0131n tehlikeleriyle yaln\u0131z y\u00fczle\u015fmeyi tercih ettiler, zorlu iz i\u00e7in yaln\u0131z kald\u0131lar ve her \u015feyi kendilerine adad\u0131lar onlar\u0131n anlar\u0131, t\u00fcm g\u00fc\u00e7leri ve t\u00fcm ruhu, bir\u00e7o\u011funun onu g\u00f6rmezden geldi\u011fi, ancak g\u00f6z\u00fcn\u00fc kaybetmedi\u011fi bir nedene.<\/p>\n\n\n\n<p class=\"has-black-color has-text-color has-link-color has-small-font-size wp-elements-26ac9b8834a321b519eb6ca906738435\">Ay\u0131kl\u0131k, k\u0131tl\u0131k, duyular\u0131n ba\u015ftan \u00e7\u0131karmalar\u0131na kar\u015f\u0131 m\u00fccadele, duyusalc\u0131lar\u0131n ama\u00e7lad\u0131\u011f\u0131 gibi, do\u011fal yasalar\u0131n bozulmas\u0131, ya\u015fam\u0131n minyat\u00fcrle\u015ftirilmesi de\u011fildir; Aksine, notlar\u0131n ortaya \u00e7\u0131kt\u0131\u011f\u0131n\u0131 ve daha y\u00fcksek yasalar hakk\u0131nda derin bir bilgiye uydu\u011funu, gelecekte a\u00e7\u0131kl\u0131\u011fa kavu\u015fturulmas\u0131 gereken bir sezgi oldu\u011funu ortaya \u00e7\u0131kar\u0131n. Sevdi\u011fi her \u015feyin \u00f6l\u00fcm\u00fcyle ayr\u0131lan \u015fehvetli, bo\u015funa isteklerle t\u00fcketilir. Sap\u0131kl\u0131k evlerine gitti ve size ya\u015fam tarz\u0131n\u0131z\u0131 hat\u0131rlatan karasal ortamlar\u0131 arad\u0131. Bu y\u00fczden ip malzemelerine daha da yakla\u015f\u0131n, saf zevklerin kayna\u011f\u0131ndan uzakt\u0131r ve hayvansall\u0131\u011fa ve karanl\u0131\u011fa adanm\u0131\u015ft\u0131r.<\/p>\n\n\n\n<p class=\"has-black-color has-text-color has-link-color has-small-font-size wp-elements-da301dee216b51f9964856728707976d\">Voluptuosidades&#039;teki zevkleri bulun carnal, y\u00fcksek Ruhlar\u0131n tad\u0131n\u0131 \u00e7\u0131kard\u0131\u011f\u0131 uzun bir bar\u0131\u015f d\u00f6neminden mahrumdur. Bu huzuru ancak safl\u0131k sa\u011flayabilir. Onu bu hayattan g\u00f6rmedi\u011fimiz \u015fey nedir? Tutkular\u0131m\u0131z ve arzular\u0131m\u0131z, r\u00fcyalar\u0131m\u0131zda bizi rahats\u0131z eden ve yans\u0131malar\u0131m\u0131z\u0131 bozan imgeler ve hayaletler yarat\u0131r. Buna kar\u015f\u0131l\u0131k, mlejos aldat\u0131c\u0131 sevindirir, Ruh toplan\u0131r, uzla\u015f\u0131r ve sonsuzlu\u011fa do\u011fru a\u00e7\u0131l\u0131r. B\u00f6l\u00fcm \u015fehvet dolu dakikalardan \u00f6nce, v\u00fccutlar\u0131n\u0131 kulland\u0131klar\u0131na pi\u015fman olmadan ayr\u0131l\u0131rs\u0131n\u0131z.<\/p>\n\n\n\n<p class=\"has-black-color has-text-color has-link-color has-small-font-size wp-elements-7e194aa951e3adc8ab80bec6bbedca3b\">S\u0131k s\u0131k meditasyon yap\u0131n ve do\u011fu atas\u00f6z\u00fcn\u00fc uygulamaya koyar\u0131z: &#034;Mutlu olmak ve g\u00fc\u00e7l\u00fc olmak i\u00e7in saf olun!\u201d.<\/p>\n\n\n\n<p class=\"has-black-color has-text-color has-link-color has-small-font-size wp-elements-c39577f77bc85be9e67282b1b72acd7b\"><strong><em>Le\u00f3n Denis <\/em><\/strong>\u2013<em> Do\u011fru Yol \u2503 Ruh\u00e7u Ahlak Yasas\u0131 Kavram\u0131<\/em><\/p>\n<\/div><\/div>","protected":false},"excerpt":{"rendered":"<p>Trabajo, Sobriedad y Continencia El trabajo es una ley para las humanidades planetarias como para las sociedades del Espacio. Desde el ser m\u00e1s rudimentario hasta los Esp\u00edritus ang\u00e9licos que velan por los destinos de los mundos, todos toman parte en el gran concierto universal. Penoso y grosero para los seres inferiores, el trabajo se suaviza [&hellip;]<\/p>","protected":false},"author":1,"featured_media":4525,"parent":0,"menu_order":0,"comment_status":"closed","ping_status":"closed","template":"","meta":{"_uag_custom_page_level_css":"","site-sidebar-layout":"default","site-content-layout":"","ast-site-content-layout":"default","site-content-style":"default","site-sidebar-style":"default","ast-global-header-display":"","ast-banner-title-visibility":"","ast-main-header-display":"","ast-hfb-above-header-display":"","ast-hfb-below-header-display":"","ast-hfb-mobile-header-display":"","site-post-title":"","ast-breadcrumbs-content":"","ast-featured-img":"","footer-sml-layout":"","theme-transparent-header-meta":"","adv-header-id-meta":"","stick-header-meta":"","header-above-stick-meta":"","header-main-stick-meta":"","header-below-stick-meta":"","astra-migrate-meta-layouts":"set","ast-page-background-enabled":"default","ast-page-background-meta":{"desktop":{"background-color":"var(--ast-global-color-4)","background-image":"","background-repeat":"repeat","background-position":"center center","background-size":"auto","background-attachment":"scroll","background-type":"","background-media":"","overlay-type":"","overlay-color":"","overlay-opacity":"","overlay-gradient":""},"tablet":{"background-color":"","background-image":"","background-repeat":"repeat","background-position":"center center","background-size":"auto","background-attachment":"scroll","background-type":"","background-media":"","overlay-type":"","overlay-color":"","overlay-opacity":"","overlay-gradient":""},"mobile":{"background-color":"","background-image":"","background-repeat":"repeat","background-position":"center center","background-size":"auto","background-attachment":"scroll","background-type":"","background-media":"","overlay-type":"","overlay-color":"","overlay-opacity":"","overlay-gradient":""}},"ast-content-background-meta":{"desktop":{"background-color":"var(--ast-global-color-5)","background-image":"","background-repeat":"repeat","background-position":"center center","background-size":"auto","background-attachment":"scroll","background-type":"","background-media":"","overlay-type":"","overlay-color":"","overlay-opacity":"","overlay-gradient":""},"tablet":{"background-color":"var(--ast-global-color-5)","background-image":"","background-repeat":"repeat","background-position":"center center","background-size":"auto","background-attachment":"scroll","background-type":"","background-media":"","overlay-type":"","overlay-color":"","overlay-opacity":"","overlay-gradient":""},"mobile":{"background-color":"var(--ast-global-color-5)","background-image":"","background-repeat":"repeat","background-position":"center center","background-size":"auto","background-attachment":"scroll","background-type":"","background-media":"","overlay-type":"","overlay-color":"","overlay-opacity":"","overlay-gradient":""}},"footnotes":""},"class_list":["post-4523","page","type-page","status-publish","has-post-thumbnail","hentry"],"yoast_head":"<!-- This site is optimized with the Yoast SEO Premium plugin v24.2 (Yoast SEO v24.6) - https:\/\/yoast.com\/wordpress\/plugins\/seo\/ -->\n<title>Trabajo, Sobriedad y Continencia - Uni\u00f3n Esp\u00edrita<\/title>\n<meta name=\"robots\" content=\"index, follow, max-snippet:-1, max-image-preview:large, max-video-preview:-1\" \/>\n<link rel=\"canonical\" href=\"https:\/\/nuevo-renacer.com\/tr\/trabajo-sobriedad-y-continencia\/\" \/>\n<meta property=\"og:locale\" content=\"tr_TR\" \/>\n<meta property=\"og:type\" content=\"article\" \/>\n<meta property=\"og:title\" content=\"Trabajo, Sobriedad y Continencia\" \/>\n<meta property=\"og:description\" content=\"Trabajo, Sobriedad y Continencia El trabajo es una ley para las humanidades planetarias como para las sociedades del Espacio. Desde el ser m\u00e1s rudimentario hasta los Esp\u00edritus ang\u00e9licos que velan por los destinos de los mundos, todos toman parte en el gran concierto universal. Penoso y grosero para los seres inferiores, el trabajo se suaviza [&hellip;]\" \/>\n<meta property=\"og:url\" content=\"https:\/\/nuevo-renacer.com\/tr\/trabajo-sobriedad-y-continencia\/\" \/>\n<meta property=\"og:site_name\" content=\"Uni\u00f3n Esp\u00edrita\" \/>\n<meta property=\"article:publisher\" content=\"https:\/\/www.facebook.com\/groups\/3431398063740829\" \/>\n<meta property=\"article:modified_time\" content=\"2024-09-05T12:57:05+00:00\" \/>\n<meta name=\"twitter:card\" content=\"summary_large_image\" \/>\n<meta name=\"twitter:label1\" content=\"Tahmini okuma s\u00fcresi\" \/>\n\t<meta name=\"twitter:data1\" content=\"5 dakika\" \/>\n<script type=\"application\/ld+json\" class=\"yoast-schema-graph\">{\"@context\":\"https:\/\/schema.org\",\"@graph\":[{\"@type\":\"WebPage\",\"@id\":\"https:\/\/nuevo-renacer.com\/trabajo-sobriedad-y-continencia\/\",\"url\":\"https:\/\/nuevo-renacer.com\/trabajo-sobriedad-y-continencia\/\",\"name\":\"Trabajo, Sobriedad y Continencia - Uni\u00f3n Esp\u00edrita\",\"isPartOf\":{\"@id\":\"https:\/\/nuevo-renacer.com\/#website\"},\"primaryImageOfPage\":{\"@id\":\"https:\/\/nuevo-renacer.com\/trabajo-sobriedad-y-continencia\/#primaryimage\"},\"image\":{\"@id\":\"https:\/\/nuevo-renacer.com\/trabajo-sobriedad-y-continencia\/#primaryimage\"},\"thumbnailUrl\":\"https:\/\/nuevo-renacer.com\/wp-content\/uploads\/2024\/09\/hombre-campesino-ropa-trabajo-campo_1009902-21237.avif\",\"datePublished\":\"2024-09-05T12:48:38+00:00\",\"dateModified\":\"2024-09-05T12:57:05+00:00\",\"breadcrumb\":{\"@id\":\"https:\/\/nuevo-renacer.com\/trabajo-sobriedad-y-continencia\/#breadcrumb\"},\"inLanguage\":\"tr\",\"potentialAction\":[{\"@type\":\"ReadAction\",\"target\":[\"https:\/\/nuevo-renacer.com\/trabajo-sobriedad-y-continencia\/\"]}]},{\"@type\":\"ImageObject\",\"inLanguage\":\"tr\",\"@id\":\"https:\/\/nuevo-renacer.com\/trabajo-sobriedad-y-continencia\/#primaryimage\",\"url\":\"https:\/\/nuevo-renacer.com\/wp-content\/uploads\/2024\/09\/hombre-campesino-ropa-trabajo-campo_1009902-21237.avif\",\"contentUrl\":\"https:\/\/nuevo-renacer.com\/wp-content\/uploads\/2024\/09\/hombre-campesino-ropa-trabajo-campo_1009902-21237.avif\",\"width\":626,\"height\":417},{\"@type\":\"BreadcrumbList\",\"@id\":\"https:\/\/nuevo-renacer.com\/trabajo-sobriedad-y-continencia\/#breadcrumb\",\"itemListElement\":[{\"@type\":\"ListItem\",\"position\":1,\"name\":\"Startseite\",\"item\":\"https:\/\/nuevo-renacer.com\/\"},{\"@type\":\"ListItem\",\"position\":2,\"name\":\"Trabajo, Sobriedad y Continencia\"}]},{\"@type\":\"WebSite\",\"@id\":\"https:\/\/nuevo-renacer.com\/#website\",\"url\":\"https:\/\/nuevo-renacer.com\/\",\"name\":\"Uni\u00f3n Esp\u00edrita\",\"description\":\"Nuevo Renacer\",\"publisher\":{\"@id\":\"https:\/\/nuevo-renacer.com\/#organization\"},\"potentialAction\":[{\"@type\":\"SearchAction\",\"target\":{\"@type\":\"EntryPoint\",\"urlTemplate\":\"https:\/\/nuevo-renacer.com\/?s={search_term_string}\"},\"query-input\":{\"@type\":\"PropertyValueSpecification\",\"valueRequired\":true,\"valueName\":\"search_term_string\"}}],\"inLanguage\":\"tr\"},{\"@type\":\"Organization\",\"@id\":\"https:\/\/nuevo-renacer.com\/#organization\",\"name\":\"UFEC\",\"url\":\"https:\/\/nuevo-renacer.com\/\",\"logo\":{\"@type\":\"ImageObject\",\"inLanguage\":\"tr\",\"@id\":\"https:\/\/nuevo-renacer.com\/#\/schema\/logo\/image\/\",\"url\":\"https:\/\/nuevo-renacer.com\/wp-content\/uploads\/2024\/05\/cropped-LOGO-TERMINADO1-3-3.png\",\"contentUrl\":\"https:\/\/nuevo-renacer.com\/wp-content\/uploads\/2024\/05\/cropped-LOGO-TERMINADO1-3-3.png\",\"width\":512,\"height\":512,\"caption\":\"UFEC\"},\"image\":{\"@id\":\"https:\/\/nuevo-renacer.com\/#\/schema\/logo\/image\/\"},\"sameAs\":[\"https:\/\/www.facebook.com\/groups\/3431398063740829\"]}]}<\/script>\n<!-- \/ Yoast SEO Premium plugin. -->","yoast_head_json":{"title":"Trabajo, Sobriedad y Continencia - Uni\u00f3n Esp\u00edrita","robots":{"index":"index","follow":"follow","max-snippet":"max-snippet:-1","max-image-preview":"max-image-preview:large","max-video-preview":"max-video-preview:-1"},"canonical":"https:\/\/nuevo-renacer.com\/tr\/trabajo-sobriedad-y-continencia\/","og_locale":"tr_TR","og_type":"article","og_title":"Trabajo, Sobriedad y Continencia","og_description":"Trabajo, Sobriedad y Continencia El trabajo es una ley para las humanidades planetarias como para las sociedades del Espacio. Desde el ser m\u00e1s rudimentario hasta los Esp\u00edritus ang\u00e9licos que velan por los destinos de los mundos, todos toman parte en el gran concierto universal. Penoso y grosero para los seres inferiores, el trabajo se suaviza [&hellip;]","og_url":"https:\/\/nuevo-renacer.com\/tr\/trabajo-sobriedad-y-continencia\/","og_site_name":"Uni\u00f3n Esp\u00edrita","article_publisher":"https:\/\/www.facebook.com\/groups\/3431398063740829","article_modified_time":"2024-09-05T12:57:05+00:00","twitter_card":"summary_large_image","twitter_misc":{"Tahmini okuma s\u00fcresi":"5 dakika"},"schema":{"@context":"https:\/\/schema.org","@graph":[{"@type":"WebPage","@id":"https:\/\/nuevo-renacer.com\/trabajo-sobriedad-y-continencia\/","url":"https:\/\/nuevo-renacer.com\/trabajo-sobriedad-y-continencia\/","name":"Trabajo, Sobriedad y Continencia - Uni\u00f3n Esp\u00edrita","isPartOf":{"@id":"https:\/\/nuevo-renacer.com\/#website"},"primaryImageOfPage":{"@id":"https:\/\/nuevo-renacer.com\/trabajo-sobriedad-y-continencia\/#primaryimage"},"image":{"@id":"https:\/\/nuevo-renacer.com\/trabajo-sobriedad-y-continencia\/#primaryimage"},"thumbnailUrl":"https:\/\/nuevo-renacer.com\/wp-content\/uploads\/2024\/09\/hombre-campesino-ropa-trabajo-campo_1009902-21237.avif","datePublished":"2024-09-05T12:48:38+00:00","dateModified":"2024-09-05T12:57:05+00:00","breadcrumb":{"@id":"https:\/\/nuevo-renacer.com\/trabajo-sobriedad-y-continencia\/#breadcrumb"},"inLanguage":"tr","potentialAction":[{"@type":"ReadAction","target":["https:\/\/nuevo-renacer.com\/trabajo-sobriedad-y-continencia\/"]}]},{"@type":"ImageObject","inLanguage":"tr","@id":"https:\/\/nuevo-renacer.com\/trabajo-sobriedad-y-continencia\/#primaryimage","url":"https:\/\/nuevo-renacer.com\/wp-content\/uploads\/2024\/09\/hombre-campesino-ropa-trabajo-campo_1009902-21237.avif","contentUrl":"https:\/\/nuevo-renacer.com\/wp-content\/uploads\/2024\/09\/hombre-campesino-ropa-trabajo-campo_1009902-21237.avif","width":626,"height":417},{"@type":"BreadcrumbList","@id":"https:\/\/nuevo-renacer.com\/trabajo-sobriedad-y-continencia\/#breadcrumb","itemListElement":[{"@type":"ListItem","position":1,"name":"Startseite","item":"https:\/\/nuevo-renacer.com\/"},{"@type":"ListItem","position":2,"name":"Trabajo, Sobriedad y Continencia"}]},{"@type":"WebSite","@id":"https:\/\/nuevo-renacer.com\/#website","url":"https:\/\/nuevo-renacer.com\/","name":"Uni\u00f3n Esp\u00edrita","description":"Nuevo Renacer","publisher":{"@id":"https:\/\/nuevo-renacer.com\/#organization"},"potentialAction":[{"@type":"SearchAction","target":{"@type":"EntryPoint","urlTemplate":"https:\/\/nuevo-renacer.com\/?s={search_term_string}"},"query-input":{"@type":"PropertyValueSpecification","valueRequired":true,"valueName":"search_term_string"}}],"inLanguage":"tr"},{"@type":"Organization","@id":"https:\/\/nuevo-renacer.com\/#organization","name":"UFEC","url":"https:\/\/nuevo-renacer.com\/","logo":{"@type":"ImageObject","inLanguage":"tr","@id":"https:\/\/nuevo-renacer.com\/#\/schema\/logo\/image\/","url":"https:\/\/nuevo-renacer.com\/wp-content\/uploads\/2024\/05\/cropped-LOGO-TERMINADO1-3-3.png","contentUrl":"https:\/\/nuevo-renacer.com\/wp-content\/uploads\/2024\/05\/cropped-LOGO-TERMINADO1-3-3.png","width":512,"height":512,"caption":"UFEC"},"image":{"@id":"https:\/\/nuevo-renacer.com\/#\/schema\/logo\/image\/"},"sameAs":["https:\/\/www.facebook.com\/groups\/3431398063740829"]}]}},"uagb_featured_image_src":{"full":["https:\/\/nuevo-renacer.com\/wp-content\/uploads\/2024\/09\/hombre-campesino-ropa-trabajo-campo_1009902-21237.avif",626,417,false],"thumbnail":["https:\/\/nuevo-renacer.com\/wp-content\/uploads\/2024\/09\/hombre-campesino-ropa-trabajo-campo_1009902-21237.avif",150,100,false],"medium":["https:\/\/nuevo-renacer.com\/wp-content\/uploads\/2024\/09\/hombre-campesino-ropa-trabajo-campo_1009902-21237.avif",300,200,false],"medium_large":["https:\/\/nuevo-renacer.com\/wp-content\/uploads\/2024\/09\/hombre-campesino-ropa-trabajo-campo_1009902-21237.avif",626,417,false],"large":["https:\/\/nuevo-renacer.com\/wp-content\/uploads\/2024\/09\/hombre-campesino-ropa-trabajo-campo_1009902-21237.avif",626,417,false],"1536x1536":["https:\/\/nuevo-renacer.com\/wp-content\/uploads\/2024\/09\/hombre-campesino-ropa-trabajo-campo_1009902-21237.avif",626,417,false],"2048x2048":["https:\/\/nuevo-renacer.com\/wp-content\/uploads\/2024\/09\/hombre-campesino-ropa-trabajo-campo_1009902-21237.avif",626,417,false],"trp-custom-language-flag":["https:\/\/nuevo-renacer.com\/wp-content\/uploads\/2024\/09\/hombre-campesino-ropa-trabajo-campo_1009902-21237.avif",18,12,false]},"uagb_author_info":{"display_name":"adbv0","author_link":"https:\/\/nuevo-renacer.com\/tr\/author\/adbv0\/"},"uagb_comment_info":0,"uagb_excerpt":"Trabajo, Sobriedad y Continencia El trabajo es una ley para las humanidades planetarias como para las sociedades del Espacio. Desde el ser m\u00e1s rudimentario hasta los Esp\u00edritus ang\u00e9licos que velan por los destinos de los mundos, todos toman parte en el gran concierto universal. Penoso y grosero para los seres inferiores, el trabajo se suaviza&hellip;","jetpack_sharing_enabled":true,"_links":{"self":[{"href":"https:\/\/nuevo-renacer.com\/tr\/wp-json\/wp\/v2\/pages\/4523","targetHints":{"allow":["GET"]}}],"collection":[{"href":"https:\/\/nuevo-renacer.com\/tr\/wp-json\/wp\/v2\/pages"}],"about":[{"href":"https:\/\/nuevo-renacer.com\/tr\/wp-json\/wp\/v2\/types\/page"}],"author":[{"embeddable":true,"href":"https:\/\/nuevo-renacer.com\/tr\/wp-json\/wp\/v2\/users\/1"}],"replies":[{"embeddable":true,"href":"https:\/\/nuevo-renacer.com\/tr\/wp-json\/wp\/v2\/comments?post=4523"}],"version-history":[{"count":4,"href":"https:\/\/nuevo-renacer.com\/tr\/wp-json\/wp\/v2\/pages\/4523\/revisions"}],"predecessor-version":[{"id":4529,"href":"https:\/\/nuevo-renacer.com\/tr\/wp-json\/wp\/v2\/pages\/4523\/revisions\/4529"}],"wp:featuredmedia":[{"embeddable":true,"href":"https:\/\/nuevo-renacer.com\/tr\/wp-json\/wp\/v2\/media\/4525"}],"wp:attachment":[{"href":"https:\/\/nuevo-renacer.com\/tr\/wp-json\/wp\/v2\/media?parent=4523"}],"curies":[{"name":"wp","href":"https:\/\/api.w.org\/{rel}","templated":true}]}}