{"id":4506,"date":"2024-09-05T08:59:15","date_gmt":"2024-09-05T08:59:15","guid":{"rendered":"https:\/\/nuevo-renacer.com\/?page_id=4506"},"modified":"2024-09-05T09:06:00","modified_gmt":"2024-09-05T09:06:00","slug":"el-amor","status":"publish","type":"page","link":"https:\/\/nuevo-renacer.com\/tr\/el-amor\/","title":{"rendered":"A\u015fk"},"content":{"rendered":"<div class=\"wp-block-uagb-container uagb-block-8d61787a alignfull uagb-is-root-container\"><div class=\"uagb-container-inner-blocks-wrap\">\n<p class=\"has-black-color has-text-color has-link-color has-medium-font-size wp-elements-318a4cdc7923d6c42657a4cf732046d1\"><strong>A\u015fk<\/strong><\/p>\n<\/div><\/div>\n\n\n\n<div class=\"wp-block-uagb-container uagb-block-2a63473b alignfull uagb-is-root-container\"><div class=\"uagb-container-inner-blocks-wrap\">\n<figure class=\"wp-block-image size-full is-resized\"><img fetchpriority=\"high\" decoding=\"async\" width=\"626\" height=\"417\" src=\"https:\/\/nuevo-renacer.com\/wp-content\/uploads\/2024\/09\/bunte-3d-valentinsherzen-mit-blumenelementen-und-bokeh-effekt_244157-701.avif\" alt=\"\" class=\"wp-image-4508\" style=\"width:365px;height:auto\"\/><\/figure>\n<\/div><\/div>\n\n\n\n<div class=\"wp-block-uagb-container uagb-block-14e0baa8 alignfull uagb-is-root-container\"><div class=\"uagb-container-inner-blocks-wrap\">\n<p class=\"has-black-color has-text-color has-link-color has-small-font-size wp-elements-5247081764fbc2c1acd218f5f0326bee\">A\u015fk, ruhlar\u0131n ve d\u00fcnyalar\u0131n g\u00f6ksel \u00e7ekicili\u011fi, evreni birbirine ba\u011flayan ilahi g\u00fc\u00e7, kurallar ve verimlidir. Tanr\u0131n\u0131n g\u00f6r\u00fcn\u00fc\u015f\u00fcn\u00fc seviyorum!<\/p>\n\n\n\n<p class=\"has-black-color has-text-color has-link-color has-small-font-size wp-elements-f11bdc8437b2c45ce79fdd8f00f110dd\">Tasar\u0131m de\u011filbenzer bir isimle, etin arzular\u0131n\u0131 heyecanland\u0131ran yanan tutku. Bu bir g\u00f6lgeden ba\u015fka bir \u015fey de\u011fil, kaba bir a\u015fk taklidi. Hay\u0131r; a\u015fk, eriyikte \u00fcst\u00fcn hissetmek ve kalbin t\u00fcm niteliklerini birle\u015ftirmektir; insani erdemlerin, tatl\u0131l\u0131\u011f\u0131n, sadakatin, nezaketin ta\u00e7 giyme t\u00f6renidir; bizi meselenin \u00fczerinde ilahi zirvelere iten bir g\u00fcc\u00fcn ruhunda do\u011fu\u015ftur; bizi t\u00fcm Varl\u0131klarla birle\u015ftirir ve t\u00fcm voluptuosidades terrenalar\u0131ndan \u00e7ok daha uza\u011fa ula\u015fan samimi tebriklerimizi i\u00e7imizde uyand\u0131r\u0131r.<\/p>\n\n\n\n<p class=\"has-black-color has-text-color has-link-color has-small-font-size wp-elements-11595f00ddd4e7a8267067f0b3546385\">Sevmek, her \u015feyde ve herkes i\u00e7in ya\u015famay\u0131 hissetmektir: kendini fedakarl\u0131\u011fa, hatta \u00f6l\u00fcme, bir nedene veya bir Varl\u0131\u011fa adamakt\u0131r. Sevginin ne oldu\u011funu bilmek istiyorsan\u0131z, insanl\u0131\u011f\u0131n b\u00fcy\u00fck fig\u00fcrlerini ve hepsinden \u00f6nemlisi, sevginin t\u00fcm ahlak\u0131 ve t\u00fcm dini oldu\u011fu Mesih&#039;i d\u00fc\u015f\u00fcn\u00fcn. \u201cD\u00fc\u015fmanlar\u0131n\u0131z\u0131 sevin ve size zulmedenlere iyilik yap\u0131n\u201ddenmeyen \u015fey...?<\/p>\n\n\n\n<p class=\"has-black-color has-text-color has-link-color has-small-font-size wp-elements-c0f20f8e200ef7265654501d82dab488\">Bu dili kullan\u0131rken, Mesih bize kalbimize s\u0131\u011fmayacak bir \u015fefkat de\u011fil, t\u00fcm nefretin ve t\u00fcm intikam ruhunun yoklu\u011funu verir; f\u0131rsat buldu\u011funuzda bizi rahats\u0131z edenlere yard\u0131m etmek i\u00e7in samimi bir istek.<\/p>\n\n\n\n<p class=\"has-black-color has-text-color has-link-color has-small-font-size wp-elements-39d704a0e0a5467bd1af0a96f8fa5b08\">Bazen insanl\u0131\u011f\u0131n geri kalan\u0131n\u0131n iyi Ruhlar\u0131na bir t\u00fcr insan d\u00fc\u015fmanl\u0131\u011f\u0131, ahlaki gev\u015feklik. \u0130nsanda b\u00fcy\u00fck ve g\u00fczel olan her \u015feyi g\u00f6z \u00f6n\u00fcnde bulundurarak, t\u00fcm sevgi \u00f6rneklerini, hay\u0131rseverlerin nesne oldu\u011fu t\u00fcm eylemleri anmak i\u00e7in tecrit e\u011filimine kar\u015f\u0131 tepki var. Ailesinden ve anavatan\u0131ndan yoksun, dostlar\u0131ndan ayr\u0131 olan insan nedir? \u0130\u015fe yaramaz ve sefil. G\u00fc\u00e7leriniz zay\u0131f, g\u00fc\u00e7leri azal\u0131yor ve \u00fcz\u00fcnt\u00fc istila ediyor. Yaln\u0131zl\u0131kta ilerleme yoktur. Bu nedenle, erkeklerle birlikte ya\u015famak ve onlar\u0131 ihtiya\u00e7 duyulan adam olarak g\u00f6rmek zorundas\u0131n\u0131z. \u0130yi mizah ruhun sa\u011fl\u0131\u011f\u0131d\u0131r. Kalplerimiz izlenimlere a\u00e7\u0131k, sa\u011fl\u0131kl\u0131 ve g\u00fc\u00e7l\u00fc olsun. Sevilmeyi seviyorum! Sempatimiz etraf\u0131m\u0131zdaki di\u011fer her \u015feye ve \u015feylere, ya\u015famam\u0131za yard\u0131mc\u0131 olan her \u015feye ve hatta b\u00fcy\u00fck insan ailesinin bilinmeyen \u00fcyelerine, hangi sevginin derin ve de\u011fi\u015ftirilemez oldu\u011funa geni\u015fletilseydi, ebeveynlerimiz olmazd\u0131. ba\u015fvurusu \u00e7ocuklu\u011fumuzu destekleyen, uzun s\u00fcre \u00e7al\u0131\u015ft\u0131\u011f\u0131 babaya ya\u015fam\u0131n zorlu yolunu ve bizi koynuna alan ve bizi besleyen, ilk ad\u0131mlar\u0131m\u0131z\u0131 ve ilk ac\u0131lar\u0131m\u0131z\u0131 \u0131zd\u0131rapla izleyen anneyi d\u00fczeltmek i\u00e7in mi? Ya\u015fl\u0131l\u0131\u011f\u0131n\u0131 ku\u015fatmak ve onlar\u0131n \u015fefkatlerini ve \u00f6zenli bak\u0131mlar\u0131n\u0131 tan\u0131mak i\u00e7in hangi hassas a\u015fa\u011f\u0131lamayla?<\/p>\n\n\n\n<p class=\"has-black-color has-text-color has-link-color has-small-font-size wp-elements-d9a76e6e267d4bce39575ea997157d28\">Anavatana, kalbimiz ve kan\u0131m\u0131z var. Meyvelerini do\u011fumda ald\u0131\u011f\u0131m\u0131z bir medeniyet in\u015fa etmek i\u00e7in \u00e7al\u0131\u015fan ve ac\u0131 \u00e7eken bir\u00e7ok neslin miras\u0131n\u0131 toplar ve aktar\u0131r. \u00c7a\u011flar boyunca biriken entelekt\u00fcel hazinelerin koruyucusu, korunmalar\u0131 ve geli\u015fmesi i\u00e7in yelken a\u00e7\u0131yor ve c\u00f6mert anne, onlar\u0131 t\u00fcm \u00e7ocuklar\u0131 aras\u0131nda da\u011f\u0131t\u0131yor. Bilim ve sanat\u0131n, yasalar\u0131n, kurumlar\u0131n, d\u00fczenin ve \u00f6zg\u00fcrl\u00fc\u011f\u00fcn bu kutsal miras\u0131nda; ve d\u00fc\u015f\u00fcnceden ve insanlar\u0131n elinden \u00e7\u0131kan t\u00fcm muazzam donan\u0131mda; bir milletin zenginli\u011fini, b\u00fcy\u00fckl\u00fc\u011f\u00fcn\u00fc ve dehas\u0131n\u0131 olu\u015fturan her \u015feyde hepimiz bir par\u00e7as\u0131y\u0131z. Vatan\u0131m\u0131z olmasayd\u0131, medeniyetimiz olmasayd\u0131, ki \u00f6yle yapaca\u011f\u0131z, vah\u015fi olmaktan \u00f6teye gidemezdik. Onun i\u00e7in yapt\u0131klar\u0131 kadar, bizim i\u00e7in yapt\u0131klar\u0131n\u0131 asla geri getirmeyecek! N\u00f6betleriyle, bu miras\u0131 toplama ve art\u0131rma \u00e7abalar\u0131 ve fedakarl\u0131klar\u0131yla katk\u0131da bulunanlar\u0131n an\u0131s\u0131na sayg\u0131 duyal\u0131m; korkun\u00e7 saatlerde anavatan\u0131 savunan kahramanlar\u0131n an\u0131s\u0131na; \u00f6l\u00fcm\u00fcn e\u015fi\u011finde bile ger\u00e7e\u011fi ilan edenler aras\u0131nda Adalete hizmet ettiler ve kan\u0131yla k\u0131rm\u0131z\u0131ya d\u00f6nd\u00fcler, \u00f6zg\u00fcrl\u00fckten ve zevk ald\u0131\u011f\u0131m\u0131z ilerlemeden.<\/p>\n\n\n\n<p class=\"has-black-color has-text-color has-link-color has-small-font-size wp-elements-e9a90acb2193d3a6a4568c5fbc5fbf60\">A\u015fk, deniz kadar derin ve g\u00f6ky\u00fcz\u00fc gibi sonsuzdur, t\u00fcm varl\u0131klar\u0131 kapsar. Tanr\u0131 merkezdir. G\u00fcne\u015f her \u015feyden \u00f6nce ne olursa olsun do\u011farken ve t\u00fcm Do\u011faya s\u0131cakl\u0131k verirken, ilahi a\u015fk t\u00fcm ruhlara hayat verir; \u0131\u015f\u0131nlar\u0131 bencilli\u011fimizin karanl\u0131\u011f\u0131na n\u00fcfuz eder ve her insan kalbinin arka plan\u0131n\u0131 sarsan bir par\u0131lt\u0131yla ayd\u0131nlan\u0131r. B\u00fct\u00fcn Varl\u0131klar a\u015fk i\u00e7in yarat\u0131lm\u0131\u015ft\u0131r. Ahlaki ya\u015fam\u0131n komplolar\u0131 ve i\u00e7lerinde yatan iyilik tohumlar\u0131, y\u00fcce odak taraf\u0131ndan d\u00f6llenir, bir g\u00fcn gelecekler ve evrensel bir karde\u015flik i\u00e7inde bir sevgi birli\u011fi i\u00e7inde toplanana kadar \u00e7i\u00e7ek a\u00e7acaklar.<\/p>\n\n\n\n<p class=\"has-black-color has-text-color has-link-color has-small-font-size wp-elements-7dabd2e6db70ab0a821b2dd7ccffd444\">Bu sayfalar\u0131 kim okursa okusun, bir g\u00fcn, iyi ki bu d\u00fcnyada, daha ileride stokta, iyi ki daha geli\u015fmi\u015f bir alanda veya mekanlar\u0131n enginli\u011finde bulu\u015faca\u011f\u0131m\u0131z\u0131 ve kaderimizin iyilik anlam\u0131nda influirnos olmaya mahkum oldu\u011funu bilin. ortak y\u00fckseli\u015fimizde bize yard\u0131m etmek i\u00e7in. Tanr\u0131&#039;n\u0131n \u00c7ocuklar\u0131, Ruhlar\u0131n b\u00fcy\u00fck ailesinin \u00fcyeleri, aln\u0131nda \u00f6l\u00fcms\u00fczl\u00fck i\u015fareti ile belirtildi\u011fi gibi, birbirimizi tan\u0131maya ve tutkulardan uzak, tanr\u0131&#039;n\u0131n ahlaki yasalar\u0131n\u0131n kutsal uyumunda birle\u015fmeye mahkumuz. ve Yery\u00fcz\u00fcn\u00fcn enga\u00f1adoralar\u0131n\u0131n b\u00fcy\u00fckl\u00fc\u011f\u00fcn\u00fcn. O g\u00fcn\u00fc beklerken, d\u00fc\u015f\u00fcncelerimin sana gitmesini beklerken, ah, karde\u015fim ya da k\u0131z karde\u015fim!, tatl\u0131 bir sempatinin ifadesi olarak; \u015e\u00fcphelerinizde sizi ayakta tutacak, ac\u0131n\u0131zda sizi rahatlatacak, bayg\u0131nl\u0131\u011f\u0131n\u0131zda uyanacaks\u0131n\u0131z; Daha iyi bir gelece\u011fi fethetmemize yard\u0131mc\u0131 olacak ortak Babam\u0131zdan istemek i\u00e7in sizinkiyle bir araya gelin.<\/p>\n\n\n\n<p class=\"has-black-color has-text-color has-link-color has-small-font-size wp-elements-e0b0166bb06370235e49319a88b27dba\"><strong><em>Le\u00f3n Denis <\/em><\/strong>&#8211;<em> Do\u011fru Yol \u2503 Ruh\u00e7u Ahlak Yasas\u0131 Kavram\u0131<\/em><\/p>\n<\/div><\/div>","protected":false},"excerpt":{"rendered":"<p>El Amor El amor es la celestial atracci\u00f3n de las almas y de los mundos, la potencia divina que une a los universos, los gobierna y los fecunda. \u00a1El amor es la mirada de Dios! No design\u00e9is con semejante nombre la pasi\u00f3n ardiente que excita los deseos carnales. Eso no es m\u00e1s que una sombra, [&hellip;]<\/p>","protected":false},"author":1,"featured_media":4508,"parent":0,"menu_order":0,"comment_status":"closed","ping_status":"closed","template":"","meta":{"_uag_custom_page_level_css":"","site-sidebar-layout":"default","site-content-layout":"","ast-site-content-layout":"default","site-content-style":"default","site-sidebar-style":"default","ast-global-header-display":"","ast-banner-title-visibility":"","ast-main-header-display":"","ast-hfb-above-header-display":"","ast-hfb-below-header-display":"","ast-hfb-mobile-header-display":"","site-post-title":"","ast-breadcrumbs-content":"","ast-featured-img":"","footer-sml-layout":"","theme-transparent-header-meta":"","adv-header-id-meta":"","stick-header-meta":"","header-above-stick-meta":"","header-main-stick-meta":"","header-below-stick-meta":"","astra-migrate-meta-layouts":"set","ast-page-background-enabled":"default","ast-page-background-meta":{"desktop":{"background-color":"var(--ast-global-color-4)","background-image":"","background-repeat":"repeat","background-position":"center center","background-size":"auto","background-attachment":"scroll","background-type":"","background-media":"","overlay-type":"","overlay-color":"","overlay-opacity":"","overlay-gradient":""},"tablet":{"background-color":"","background-image":"","background-repeat":"repeat","background-position":"center center","background-size":"auto","background-attachment":"scroll","background-type":"","background-media":"","overlay-type":"","overlay-color":"","overlay-opacity":"","overlay-gradient":""},"mobile":{"background-color":"","background-image":"","background-repeat":"repeat","background-position":"center center","background-size":"auto","background-attachment":"scroll","background-type":"","background-media":"","overlay-type":"","overlay-color":"","overlay-opacity":"","overlay-gradient":""}},"ast-content-background-meta":{"desktop":{"background-color":"var(--ast-global-color-5)","background-image":"","background-repeat":"repeat","background-position":"center center","background-size":"auto","background-attachment":"scroll","background-type":"","background-media":"","overlay-type":"","overlay-color":"","overlay-opacity":"","overlay-gradient":""},"tablet":{"background-color":"var(--ast-global-color-5)","background-image":"","background-repeat":"repeat","background-position":"center center","background-size":"auto","background-attachment":"scroll","background-type":"","background-media":"","overlay-type":"","overlay-color":"","overlay-opacity":"","overlay-gradient":""},"mobile":{"background-color":"var(--ast-global-color-5)","background-image":"","background-repeat":"repeat","background-position":"center center","background-size":"auto","background-attachment":"scroll","background-type":"","background-media":"","overlay-type":"","overlay-color":"","overlay-opacity":"","overlay-gradient":""}},"footnotes":""},"class_list":["post-4506","page","type-page","status-publish","has-post-thumbnail","hentry"],"yoast_head":"<!-- This site is optimized with the Yoast SEO Premium plugin v24.2 (Yoast SEO v24.6) - https:\/\/yoast.com\/wordpress\/plugins\/seo\/ -->\n<title>El Amor - Uni\u00f3n Esp\u00edrita<\/title>\n<meta name=\"robots\" content=\"index, follow, max-snippet:-1, max-image-preview:large, max-video-preview:-1\" \/>\n<link rel=\"canonical\" href=\"https:\/\/nuevo-renacer.com\/tr\/el-amor\/\" \/>\n<meta property=\"og:locale\" content=\"tr_TR\" \/>\n<meta property=\"og:type\" content=\"article\" \/>\n<meta property=\"og:title\" content=\"El Amor\" \/>\n<meta property=\"og:description\" content=\"El Amor El amor es la celestial atracci\u00f3n de las almas y de los mundos, la potencia divina que une a los universos, los gobierna y los fecunda. \u00a1El amor es la mirada de Dios! No design\u00e9is con semejante nombre la pasi\u00f3n ardiente que excita los deseos carnales. Eso no es m\u00e1s que una sombra, [&hellip;]\" \/>\n<meta property=\"og:url\" content=\"https:\/\/nuevo-renacer.com\/tr\/el-amor\/\" \/>\n<meta property=\"og:site_name\" content=\"Uni\u00f3n Esp\u00edrita\" \/>\n<meta property=\"article:publisher\" content=\"https:\/\/www.facebook.com\/groups\/3431398063740829\" \/>\n<meta property=\"article:modified_time\" content=\"2024-09-05T09:06:00+00:00\" \/>\n<meta name=\"twitter:card\" content=\"summary_large_image\" \/>\n<meta name=\"twitter:label1\" content=\"Tahmini okuma s\u00fcresi\" \/>\n\t<meta name=\"twitter:data1\" content=\"5 dakika\" \/>\n<script type=\"application\/ld+json\" class=\"yoast-schema-graph\">{\"@context\":\"https:\/\/schema.org\",\"@graph\":[{\"@type\":\"WebPage\",\"@id\":\"https:\/\/nuevo-renacer.com\/el-amor\/\",\"url\":\"https:\/\/nuevo-renacer.com\/el-amor\/\",\"name\":\"El Amor - Uni\u00f3n Esp\u00edrita\",\"isPartOf\":{\"@id\":\"https:\/\/nuevo-renacer.com\/#website\"},\"primaryImageOfPage\":{\"@id\":\"https:\/\/nuevo-renacer.com\/el-amor\/#primaryimage\"},\"image\":{\"@id\":\"https:\/\/nuevo-renacer.com\/el-amor\/#primaryimage\"},\"thumbnailUrl\":\"https:\/\/nuevo-renacer.com\/wp-content\/uploads\/2024\/09\/bunte-3d-valentinsherzen-mit-blumenelementen-und-bokeh-effekt_244157-701.avif\",\"datePublished\":\"2024-09-05T08:59:15+00:00\",\"dateModified\":\"2024-09-05T09:06:00+00:00\",\"breadcrumb\":{\"@id\":\"https:\/\/nuevo-renacer.com\/el-amor\/#breadcrumb\"},\"inLanguage\":\"tr\",\"potentialAction\":[{\"@type\":\"ReadAction\",\"target\":[\"https:\/\/nuevo-renacer.com\/el-amor\/\"]}]},{\"@type\":\"ImageObject\",\"inLanguage\":\"tr\",\"@id\":\"https:\/\/nuevo-renacer.com\/el-amor\/#primaryimage\",\"url\":\"https:\/\/nuevo-renacer.com\/wp-content\/uploads\/2024\/09\/bunte-3d-valentinsherzen-mit-blumenelementen-und-bokeh-effekt_244157-701.avif\",\"contentUrl\":\"https:\/\/nuevo-renacer.com\/wp-content\/uploads\/2024\/09\/bunte-3d-valentinsherzen-mit-blumenelementen-und-bokeh-effekt_244157-701.avif\",\"width\":626,\"height\":417},{\"@type\":\"BreadcrumbList\",\"@id\":\"https:\/\/nuevo-renacer.com\/el-amor\/#breadcrumb\",\"itemListElement\":[{\"@type\":\"ListItem\",\"position\":1,\"name\":\"Startseite\",\"item\":\"https:\/\/nuevo-renacer.com\/\"},{\"@type\":\"ListItem\",\"position\":2,\"name\":\"El Amor\"}]},{\"@type\":\"WebSite\",\"@id\":\"https:\/\/nuevo-renacer.com\/#website\",\"url\":\"https:\/\/nuevo-renacer.com\/\",\"name\":\"Uni\u00f3n Esp\u00edrita\",\"description\":\"Nuevo Renacer\",\"publisher\":{\"@id\":\"https:\/\/nuevo-renacer.com\/#organization\"},\"potentialAction\":[{\"@type\":\"SearchAction\",\"target\":{\"@type\":\"EntryPoint\",\"urlTemplate\":\"https:\/\/nuevo-renacer.com\/?s={search_term_string}\"},\"query-input\":{\"@type\":\"PropertyValueSpecification\",\"valueRequired\":true,\"valueName\":\"search_term_string\"}}],\"inLanguage\":\"tr\"},{\"@type\":\"Organization\",\"@id\":\"https:\/\/nuevo-renacer.com\/#organization\",\"name\":\"UFEC\",\"url\":\"https:\/\/nuevo-renacer.com\/\",\"logo\":{\"@type\":\"ImageObject\",\"inLanguage\":\"tr\",\"@id\":\"https:\/\/nuevo-renacer.com\/#\/schema\/logo\/image\/\",\"url\":\"https:\/\/nuevo-renacer.com\/wp-content\/uploads\/2024\/05\/cropped-LOGO-TERMINADO1-3-3.png\",\"contentUrl\":\"https:\/\/nuevo-renacer.com\/wp-content\/uploads\/2024\/05\/cropped-LOGO-TERMINADO1-3-3.png\",\"width\":512,\"height\":512,\"caption\":\"UFEC\"},\"image\":{\"@id\":\"https:\/\/nuevo-renacer.com\/#\/schema\/logo\/image\/\"},\"sameAs\":[\"https:\/\/www.facebook.com\/groups\/3431398063740829\"]}]}<\/script>\n<!-- \/ Yoast SEO Premium plugin. -->","yoast_head_json":{"title":"El Amor - Uni\u00f3n Esp\u00edrita","robots":{"index":"index","follow":"follow","max-snippet":"max-snippet:-1","max-image-preview":"max-image-preview:large","max-video-preview":"max-video-preview:-1"},"canonical":"https:\/\/nuevo-renacer.com\/tr\/el-amor\/","og_locale":"tr_TR","og_type":"article","og_title":"El Amor","og_description":"El Amor El amor es la celestial atracci\u00f3n de las almas y de los mundos, la potencia divina que une a los universos, los gobierna y los fecunda. \u00a1El amor es la mirada de Dios! No design\u00e9is con semejante nombre la pasi\u00f3n ardiente que excita los deseos carnales. Eso no es m\u00e1s que una sombra, [&hellip;]","og_url":"https:\/\/nuevo-renacer.com\/tr\/el-amor\/","og_site_name":"Uni\u00f3n Esp\u00edrita","article_publisher":"https:\/\/www.facebook.com\/groups\/3431398063740829","article_modified_time":"2024-09-05T09:06:00+00:00","twitter_card":"summary_large_image","twitter_misc":{"Tahmini okuma s\u00fcresi":"5 dakika"},"schema":{"@context":"https:\/\/schema.org","@graph":[{"@type":"WebPage","@id":"https:\/\/nuevo-renacer.com\/el-amor\/","url":"https:\/\/nuevo-renacer.com\/el-amor\/","name":"El Amor - Uni\u00f3n Esp\u00edrita","isPartOf":{"@id":"https:\/\/nuevo-renacer.com\/#website"},"primaryImageOfPage":{"@id":"https:\/\/nuevo-renacer.com\/el-amor\/#primaryimage"},"image":{"@id":"https:\/\/nuevo-renacer.com\/el-amor\/#primaryimage"},"thumbnailUrl":"https:\/\/nuevo-renacer.com\/wp-content\/uploads\/2024\/09\/bunte-3d-valentinsherzen-mit-blumenelementen-und-bokeh-effekt_244157-701.avif","datePublished":"2024-09-05T08:59:15+00:00","dateModified":"2024-09-05T09:06:00+00:00","breadcrumb":{"@id":"https:\/\/nuevo-renacer.com\/el-amor\/#breadcrumb"},"inLanguage":"tr","potentialAction":[{"@type":"ReadAction","target":["https:\/\/nuevo-renacer.com\/el-amor\/"]}]},{"@type":"ImageObject","inLanguage":"tr","@id":"https:\/\/nuevo-renacer.com\/el-amor\/#primaryimage","url":"https:\/\/nuevo-renacer.com\/wp-content\/uploads\/2024\/09\/bunte-3d-valentinsherzen-mit-blumenelementen-und-bokeh-effekt_244157-701.avif","contentUrl":"https:\/\/nuevo-renacer.com\/wp-content\/uploads\/2024\/09\/bunte-3d-valentinsherzen-mit-blumenelementen-und-bokeh-effekt_244157-701.avif","width":626,"height":417},{"@type":"BreadcrumbList","@id":"https:\/\/nuevo-renacer.com\/el-amor\/#breadcrumb","itemListElement":[{"@type":"ListItem","position":1,"name":"Startseite","item":"https:\/\/nuevo-renacer.com\/"},{"@type":"ListItem","position":2,"name":"El Amor"}]},{"@type":"WebSite","@id":"https:\/\/nuevo-renacer.com\/#website","url":"https:\/\/nuevo-renacer.com\/","name":"Uni\u00f3n Esp\u00edrita","description":"Nuevo Renacer","publisher":{"@id":"https:\/\/nuevo-renacer.com\/#organization"},"potentialAction":[{"@type":"SearchAction","target":{"@type":"EntryPoint","urlTemplate":"https:\/\/nuevo-renacer.com\/?s={search_term_string}"},"query-input":{"@type":"PropertyValueSpecification","valueRequired":true,"valueName":"search_term_string"}}],"inLanguage":"tr"},{"@type":"Organization","@id":"https:\/\/nuevo-renacer.com\/#organization","name":"UFEC","url":"https:\/\/nuevo-renacer.com\/","logo":{"@type":"ImageObject","inLanguage":"tr","@id":"https:\/\/nuevo-renacer.com\/#\/schema\/logo\/image\/","url":"https:\/\/nuevo-renacer.com\/wp-content\/uploads\/2024\/05\/cropped-LOGO-TERMINADO1-3-3.png","contentUrl":"https:\/\/nuevo-renacer.com\/wp-content\/uploads\/2024\/05\/cropped-LOGO-TERMINADO1-3-3.png","width":512,"height":512,"caption":"UFEC"},"image":{"@id":"https:\/\/nuevo-renacer.com\/#\/schema\/logo\/image\/"},"sameAs":["https:\/\/www.facebook.com\/groups\/3431398063740829"]}]}},"uagb_featured_image_src":{"full":["https:\/\/nuevo-renacer.com\/wp-content\/uploads\/2024\/09\/bunte-3d-valentinsherzen-mit-blumenelementen-und-bokeh-effekt_244157-701.avif",626,417,false],"thumbnail":["https:\/\/nuevo-renacer.com\/wp-content\/uploads\/2024\/09\/bunte-3d-valentinsherzen-mit-blumenelementen-und-bokeh-effekt_244157-701.avif",150,100,false],"medium":["https:\/\/nuevo-renacer.com\/wp-content\/uploads\/2024\/09\/bunte-3d-valentinsherzen-mit-blumenelementen-und-bokeh-effekt_244157-701.avif",300,200,false],"medium_large":["https:\/\/nuevo-renacer.com\/wp-content\/uploads\/2024\/09\/bunte-3d-valentinsherzen-mit-blumenelementen-und-bokeh-effekt_244157-701.avif",626,417,false],"large":["https:\/\/nuevo-renacer.com\/wp-content\/uploads\/2024\/09\/bunte-3d-valentinsherzen-mit-blumenelementen-und-bokeh-effekt_244157-701.avif",626,417,false],"1536x1536":["https:\/\/nuevo-renacer.com\/wp-content\/uploads\/2024\/09\/bunte-3d-valentinsherzen-mit-blumenelementen-und-bokeh-effekt_244157-701.avif",626,417,false],"2048x2048":["https:\/\/nuevo-renacer.com\/wp-content\/uploads\/2024\/09\/bunte-3d-valentinsherzen-mit-blumenelementen-und-bokeh-effekt_244157-701.avif",626,417,false],"trp-custom-language-flag":["https:\/\/nuevo-renacer.com\/wp-content\/uploads\/2024\/09\/bunte-3d-valentinsherzen-mit-blumenelementen-und-bokeh-effekt_244157-701.avif",18,12,false]},"uagb_author_info":{"display_name":"adbv0","author_link":"https:\/\/nuevo-renacer.com\/tr\/author\/adbv0\/"},"uagb_comment_info":0,"uagb_excerpt":"El Amor El amor es la celestial atracci\u00f3n de las almas y de los mundos, la potencia divina que une a los universos, los gobierna y los fecunda. \u00a1El amor es la mirada de Dios! No design\u00e9is con semejante nombre la pasi\u00f3n ardiente que excita los deseos carnales. Eso no es m\u00e1s que una sombra,&hellip;","jetpack_sharing_enabled":true,"_links":{"self":[{"href":"https:\/\/nuevo-renacer.com\/tr\/wp-json\/wp\/v2\/pages\/4506","targetHints":{"allow":["GET"]}}],"collection":[{"href":"https:\/\/nuevo-renacer.com\/tr\/wp-json\/wp\/v2\/pages"}],"about":[{"href":"https:\/\/nuevo-renacer.com\/tr\/wp-json\/wp\/v2\/types\/page"}],"author":[{"embeddable":true,"href":"https:\/\/nuevo-renacer.com\/tr\/wp-json\/wp\/v2\/users\/1"}],"replies":[{"embeddable":true,"href":"https:\/\/nuevo-renacer.com\/tr\/wp-json\/wp\/v2\/comments?post=4506"}],"version-history":[{"count":3,"href":"https:\/\/nuevo-renacer.com\/tr\/wp-json\/wp\/v2\/pages\/4506\/revisions"}],"predecessor-version":[{"id":4510,"href":"https:\/\/nuevo-renacer.com\/tr\/wp-json\/wp\/v2\/pages\/4506\/revisions\/4510"}],"wp:featuredmedia":[{"embeddable":true,"href":"https:\/\/nuevo-renacer.com\/tr\/wp-json\/wp\/v2\/media\/4508"}],"wp:attachment":[{"href":"https:\/\/nuevo-renacer.com\/tr\/wp-json\/wp\/v2\/media?parent=4506"}],"curies":[{"name":"wp","href":"https:\/\/api.w.org\/{rel}","templated":true}]}}