{"id":4464,"date":"2024-09-04T08:00:34","date_gmt":"2024-09-04T08:00:34","guid":{"rendered":"https:\/\/nuevo-renacer.com\/?page_id=4464"},"modified":"2024-09-04T08:11:56","modified_gmt":"2024-09-04T08:11:56","slug":"el-deber","status":"publish","type":"page","link":"https:\/\/nuevo-renacer.com\/tr\/el-deber\/","title":{"rendered":"G\u00f6rev"},"content":{"rendered":"<div class=\"wp-block-uagb-container uagb-block-60335df4 alignfull uagb-is-root-container\"><div class=\"uagb-container-inner-blocks-wrap\">\n<p class=\"has-black-color has-text-color has-link-color has-medium-font-size wp-elements-858f579b522f901d81df1e9dae410edf\"><strong>G\u00f6rev<\/strong><\/p>\n<\/div><\/div>\n\n\n\n<div class=\"wp-block-uagb-container uagb-block-8b99482b alignfull uagb-is-root-container\"><div class=\"uagb-container-inner-blocks-wrap\">\n<figure class=\"wp-block-image size-large is-resized\"><img fetchpriority=\"high\" decoding=\"async\" width=\"1024\" height=\"576\" src=\"https:\/\/nuevo-renacer.com\/wp-content\/uploads\/2024\/09\/wp2268960-1024x576.jpg\" alt=\"\" class=\"wp-image-4466\" style=\"width:348px;height:auto\" srcset=\"https:\/\/nuevo-renacer.com\/wp-content\/uploads\/2024\/09\/wp2268960-1024x576.jpg 1024w, https:\/\/nuevo-renacer.com\/wp-content\/uploads\/2024\/09\/wp2268960-300x169.jpg 300w, https:\/\/nuevo-renacer.com\/wp-content\/uploads\/2024\/09\/wp2268960-768x432.jpg 768w, https:\/\/nuevo-renacer.com\/wp-content\/uploads\/2024\/09\/wp2268960-1536x864.jpg 1536w, https:\/\/nuevo-renacer.com\/wp-content\/uploads\/2024\/09\/wp2268960-18x10.jpg 18w, https:\/\/nuevo-renacer.com\/wp-content\/uploads\/2024\/09\/wp2268960.jpg 1920w\" sizes=\"(max-width: 1024px) 100vw, 1024px\" \/><\/figure>\n<\/div><\/div>\n\n\n\n<div class=\"wp-block-uagb-container uagb-block-c0505d80 alignfull uagb-is-root-container\"><div class=\"uagb-container-inner-blocks-wrap\">\n<p class=\"has-black-color has-text-color has-link-color has-small-font-size wp-elements-5f05d84e09059ad6e7ed1af5990df36d\">G\u00f6rev, ahlaki yasan\u0131n gereklilikleri, insan\u0131n arkada\u015flar\u0131yla ve t\u00fcm Evrenle olan ili\u015fkilerinde davran\u0131\u015f kural\u0131d\u0131r. \u0130nsanl\u0131\u011f\u0131n \u00fczerinde ba\u015fg\u00f6steren asil ve kutsal fig\u00fcr, b\u00fcy\u00fck fedakarl\u0131klara, saf inan\u00e7lara ve g\u00fczel co\u015fkuya ilham verir. Baz\u0131lar\u0131 i\u00e7in g\u00fcl\u00fcmseyen, di\u011ferleri i\u00e7in korkutucu, her zaman tavizsiz \u00f6n\u00fcm\u00fczde durur ve bize \u00f6l\u00e7\u00fclemez y\u00fcksekliklerde ad\u0131mlar\u0131 kaybolan ilerlemenin \u00f6l\u00e7e\u011fini g\u00f6sterir.<\/p>\n\n\n\n<p class=\"has-black-color has-text-color has-link-color has-small-font-size wp-elements-5410bfb8292cee365849f0a267e45971\">G\u00f6rev herkes i\u00e7in ayn\u0131 de\u011fildir. Durumumuza ve uzmanl\u0131\u011f\u0131m\u0131za g\u00f6re de\u011fi\u015fir. Ne kadar \u00e7ok y\u00fckseltirsek, g\u00f6z\u00fcm\u00fcze o kadar fazla b\u00fcy\u00fckl\u00fck, ihti\u015fam ve geni\u015fleme gelir. Ve her zaman onun ibadeti tatl\u0131 ve iyidir ve yasalar\u0131na boyun e\u011fmek, hi\u00e7bir \u015feyin e\u015fle\u015femeyece\u011fi samimi zevkler bak\u0131m\u0131ndan zengindir.<\/p>\n\n\n\n<p class=\"has-black-color has-text-color has-link-color has-small-font-size wp-elements-00c864e4622eee6b03b900e7b1956862\">\u0130nsan\u0131n durumu olan \u00e7ok karanl\u0131k i\u00e7in \u015fans\u0131n\u0131z\u0131 \u00e7ok al\u00e7alt\u0131n, g\u00f6rev onun hayat\u0131na h\u00fckmeder ve y\u00fcceltir. O Ruhun dinginli\u011fini, o i\u00e7sel dinginli\u011fi, ac\u0131lar\u0131n ortas\u0131nda bile sevdi\u011fimiz Yery\u00fcz\u00fcn\u00fcn t\u00fcm mallar\u0131ndan daha de\u011ferli ve hedefimizin \u00e7izginizi dikkatlice takip etmek olmas\u0131 gerekti\u011fini ona bor\u00e7luyuz, ancak f\u0131rt\u0131nalar\u0131n ortas\u0131nda bile her zaman emin olabiliriz. vicdan huzuru, kendimizi tatmin etmek g\u00f6rev \u00e7izgisini sa\u011flar.<\/p>\n\n\n\n<p class=\"has-black-color has-text-color has-link-color has-small-font-size wp-elements-6b2f173602b6574cace4896eebbbbec3\">G\u00f6rev duygusu, y\u00fcksek ruhlara derin k\u00f6kler b\u0131rak\u0131r. Bu, \u00e7aba harcamadan yoluna devam eder; Do\u011fal bir e\u011filimle, edinilen ilerlemenin sonucu, a\u015fa\u011f\u0131l\u0131k \u015feylerden uzakla\u015f\u0131r ve Varl\u0131\u011f\u0131n\u0131z\u0131n iyi d\u00fcrt\u00fclerine y\u00f6nelir. O zaman g\u00f6rev, varolu\u015f ko\u015fulunda, hem ya\u015famda hem de \u00f6l\u00fcmde ayr\u0131lmaz bir \u015fekilde ba\u011fl\u0131 oldu\u011fumuz bir g\u00fc\u00e7 olan t\u00fcm anlar\u0131n y\u00fck\u00fcml\u00fcl\u00fc\u011f\u00fc haline gelir.<\/p>\n\n\n\n<p class=\"has-black-color has-text-color has-link-color has-small-font-size wp-elements-18a37a1e2e8d38563fa5a1154d7447d2\">G\u00f6revin birden \u00e7ok bi\u00e7imi vard\u0131r. Kendimize kar\u015f\u0131 bir g\u00f6rev vard\u0131r, yani sayg\u0131yla, kendimizi \u00f6l\u00e7\u00fcl\u00fc bir yarg\u0131yla y\u00f6netmek, istememek, yerine getirmemek ama de\u011ferli, faydal\u0131 ve iyi olan\u0131 yapmak. G\u00f6revimizin sorumluluklar\u0131n\u0131n bilincine uymam\u0131z\u0131 gerektiren mesleki g\u00f6rev vard\u0131r. Bizi erkekleri sevmeye, onlar i\u00e7in \u00e7al\u0131\u015fmaya, \u00fclkemize ve insanl\u0131\u011fa sadakatle hizmet etmeye davet eden sosyal g\u00f6rev var. Allah&#039;a kar\u015f\u0131 bir g\u00f6rev vard\u0131r. G\u00f6revin s\u0131n\u0131r\u0131 yok. Her zaman geli\u015ftirilebilir ve kendini feda ederek engrandecerse&#039;nin en kesin ara\u00e7lar\u0131n\u0131 bulmak ve kendilerini ar\u0131nd\u0131rmak i\u00e7in.<\/p>\n\n\n\n<p class=\"has-black-color has-text-color has-link-color has-small-font-size wp-elements-c527fb31e39444ac7c8035e3b1e45fd3\">D\u00fcr\u00fcstl\u00fck, ahlaki insan\u0131n \u00f6z\u00fcd\u00fcr. Ondan uzak olmas\u0131 talihsiz bir durum. Erdemli insan, onay veya \u00f6d\u00fcl aramadan iyilik i\u00e7in iyilik yapar. Nefreti ve intikam\u0131 g\u00f6rmezden gelerek, su\u00e7lar\u0131 unutun ve d\u00fc\u015fmanlar\u0131n\u0131 affedin. Herkes i\u00e7in bir hay\u0131rsever ve al\u00e7akg\u00f6n\u00fcll\u00fclere merhametlidir. Her insanda, \u00fclkesi ne olursa olsun ve inan\u00e7lar\u0131 ne olursa olsun bir erkek karde\u015f g\u00f6r\u00fcr. Ho\u015fg\u00f6r\u00fcyle dolu, inan\u00e7lara sayg\u0131 Ba\u015fkalar\u0131n\u0131n eksiklikleri i\u00e7in samimi \u00f6z\u00fcr, erdemlerinizi vurgular ve asla homurdanmaz. Hayat\u0131n size verdi\u011fi, kendini sosyal geli\u015fmeye adam\u0131\u015f ve yoksulluk i\u00e7inde kimseyi k\u0131skanmayan mallar\u0131n \u00f6l\u00e7\u00fcl\u00fc kullan\u0131lmas\u0131yla kullan\u0131l\u0131r.<\/p>\n\n\n\n<p class=\"has-black-color has-text-color has-link-color has-small-font-size wp-elements-baec94e1fa4c9b8aadfe72423c8c328c\">D\u00fcnyaya kar\u015f\u0131 d\u00fcr\u00fcstl\u00fck her zaman ilahi yasalara g\u00f6re d\u00fcr\u00fcstl\u00fck de\u011fildir. Kamuoyunun bir de\u011feri vard\u0131r; iyilik prati\u011fini daha tatl\u0131 hale getirir, kendi ba\u015f\u0131na yan\u0131lmaz olarak kabul edilemez. Akl\u0131 ba\u015f\u0131nda insan \u015f\u00fcphesiz k\u00fc\u00e7\u00fcmsemeyecektir; ama haks\u0131z veya yetersiz oldu\u011funda onu g\u00f6rmezden gelir ve g\u00f6revini daha g\u00fcvenli bir kurala g\u00f6re ayarlar. \u00dclkede liyakat ve erdem bazen bilinmemektedir ve kalabal\u0131\u011f\u0131n yarg\u0131lar\u0131 genellikle tutkular\u0131ndan ve maddi \u00e7\u0131karlar\u0131ndan etkilenir. Her \u015feyden \u00f6nce, d\u00fcr\u00fcst adam kendi tahminini ve vicdan\u0131n\u0131n onay\u0131n\u0131 ister.<\/p>\n\n\n\n<p class=\"has-black-color has-text-color has-link-color has-small-font-size wp-elements-9b4fcd46b4aaedf8c61065ec9728e307\">Ruhlar\u0131n \u00f6\u011fretisinin t\u00fcm ahlaki \u00f6nemini anlamay\u0131 ba\u015farm\u0131\u015f olan, \u015fimdiye kadarki en y\u00fcksek bir anlay\u0131\u015fa kar\u015f\u0131 g\u00f6revlidir. Sorumlulu\u011fun bilmekle ili\u015fkili oldu\u011funu bilir; \u00f6tesinin s\u0131rlar\u0131na sahip olman\u0131n, onu geli\u015ftirmek i\u00e7in daha fazla enerji ile \u00e7al\u0131\u015fma y\u00fck\u00fcml\u00fcl\u00fc\u011f\u00fcn\u00fcn ve karde\u015flerinin e. Y\u00fcksekten gelen sesler, yank\u0131lar\u0131nda titre\u015fmek i\u00e7in yap\u0131ld\u0131 ve insanlar\u0131n b\u00fcy\u00fck b\u00f6l\u00fcm\u00fcnde uyuyan ve y\u00fckseli\u015flerinde g\u00fc\u00e7l\u00fc bir \u015fekilde onlara soran uyanm\u0131\u015f g\u00fc\u00e7ler. Asil bir ideal ayn\u0131 zamanda cesaretlendirir ve eziyet eder ve onu k\u00f6t\u00fclerin alay konusu yapar, ancak bunu bir imparatorlu\u011fun t\u00fcm hazineleri i\u00e7in de\u011fi\u015ftirmezdi. Sadaka uygulamas\u0131 bunu kolayla\u015ft\u0131rd\u0131. Duyarl\u0131l\u0131klar\u0131n\u0131 ve duygusal niteliklerini geli\u015ftirmesi \u00f6\u011fretildi. Merhametli ve iyi ve insanl\u0131\u011f\u0131n t\u00fcm hastal\u0131klar\u0131ndan muzdarip; Tart\u0131\u015faca\u011f\u0131 umutlar\u0131 talihsizlikteki arkada\u015flar\u0131yla payla\u015fmak istiyor; T\u00fcm g\u00f6zya\u015flar\u0131n\u0131 silmek, t\u00fcm yaralar\u0131 iyile\u015ftirmek, t\u00fcm ac\u0131y\u0131 gidermek istiyorum...<\/p>\n\n\n\n<p class=\"has-black-color has-text-color has-link-color has-small-font-size wp-elements-9c31219bac0eb9cd647ff266e5c882a5\">G\u00f6revin s\u00fcrekli uygulanmas\u0131 bizi kendini geli\u015ftirmeye g\u00f6t\u00fcr\u00fcr. Bunu h\u0131zland\u0131rmak i\u00e7in, \u00f6nce kendini dikkatlice incelemeli ve olaylar\u0131m\u0131z\u0131 titizlikle bir duru\u015fmada sunmal\u0131d\u0131r. Onu tan\u0131madan k\u00f6t\u00fcl\u00fc\u011f\u00fc d\u00fczeltemezsin.<\/p>\n\n\n\n<p class=\"has-black-color has-text-color has-link-color has-small-font-size wp-elements-4844fdf0cdef65cbd0bd8f24c8f5dc09\">Di\u011fer erkeklerde bile estudiarnos yapabiliriz. Herhangi bir kusur varsa, can s\u0131k\u0131c\u0131 bir kusur varsa, \u00fczerlerine vururuz, i\u00e7imizde \u00f6zde\u015f bir tohum varsa \u00f6zenle ku\u015fat\u0131r\u0131z ve e\u011fer \u00f6yleyse kendimizi arranc\u00e1rnoslo&#039;ya adar\u0131z.<\/p>\n\n\n\n<p class=\"has-black-color has-text-color has-link-color has-small-font-size wp-elements-ae82c9f260e7c8a5bbf6cdc22ee5db43\">Ruhumuzu ve ger\u00e7ekte ne oldu\u011funu, yani \u00e7ok kusurlu da olsa dikkate de\u011fer bir eser olarak g\u00f6r\u00fcr\u00fcz ve onu durmadan ayd\u0131nlatmak ve s\u00fcslemek i\u00e7in g\u00f6revli oldu\u011fumuzu not ederiz. Kusurlar\u0131m\u0131z hakk\u0131ndaki bu d\u00fc\u015f\u00fcnce bizi daha al\u00e7akg\u00f6n\u00fcll\u00fc yapar ve bizden varsay\u0131m ve aptalca kibirden uzakla\u015f\u0131r.<\/p>\n\n\n\n<p class=\"has-black-color has-text-color has-link-color has-small-font-size wp-elements-7d6b7df6a67180d4533410733aefe87b\">S\u0131k\u0131 bir disipline boyun e\u011felim. Burcun \u015fekli ve y\u00f6n\u00fc uygun oldu\u011fundan, ahlaki Varl\u0131\u011f\u0131m\u0131z\u0131n e\u011filimlerini de de\u011fi\u015ftirebiliriz. Kuyunun gelene\u011fi pratik yapmay\u0131 kolayla\u015ft\u0131r\u0131r. Sadece ilk \u00e7abalar yas tutuyor. Her \u015feyden \u00f6nce bizi oraya g\u00f6t\u00fcrmeyi \u00f6\u011freniyoruz. \u0130zlenimler k\u0131sac\u0131k ve s\u00fcrekli de\u011fi\u015fiyor; irade ruhun sa\u011flam arka plan\u0131d\u0131r. Bu iradeye h\u00fckmetmeyi, bizi izlenimlerimizin efendisi yapmay\u0131, onlar taraf\u0131ndan k\u00f6lele\u015ftirilmemize asla izin vermemeyi \u00f6\u011freniriz.<\/p>\n\n\n\n<p class=\"has-black-color has-text-color has-link-color has-small-font-size wp-elements-83a883e1e2039b6fc2dc7cee58620ea4\">Adam akranlar\u0131ndan izole edilmemelidir. Bununla birlikte, onlar\u0131n ili\u015fkilerini, arkada\u015flar\u0131n\u0131 se\u00e7meniz, yaln\u0131zca s\u0131v\u0131lar\u0131n var oldu\u011fu iyi etkilerden daha fazla h\u00fck\u00fcm s\u00fcrmeyen onurlu ve saf bir ortamda ya\u015famaya karar vermeniz \u00f6nemlidir.sakin ve hay\u0131rseverler.<\/p>\n\n\n\n<p class=\"has-black-color has-text-color has-link-color has-small-font-size wp-elements-ef05a2a6830a57707bd8e4121163ae2a\">Anlams\u0131z konu\u015fmalardan, geri \u0131s\u0131rmaya yol a\u00e7an bo\u015f konu\u015fmalardan ka\u00e7\u0131n\u0131n. Sonucu olabilecek herkes, her zaman do\u011fruyu s\u00f6yleyelim. Kendinizi s\u0131k s\u0131k \u00e7al\u0131\u015fmaya ve tefekk\u00fcre b\u0131rak\u0131n. Ruh yeni g\u00fc\u00e7 ve yeni \u0131\u015f\u0131klar bulur. Her g\u00fcn\u00fcn sonunda size \u015funu s\u00f6yleyebiliriz: &#034;Faydal\u0131 bir i\u015f yapt\u0131m, kendimde ba\u015far\u0131l\u0131 oldum, geldim, talihsizleri teselli ettim, karde\u015flerimi ayd\u0131nlatt\u0131m, onlar\u0131 daha iyi hale getirmek i\u00e7in \u00e7al\u0131\u015ft\u0131m, g\u00f6revimi yerine getirdim.\u201d<\/p>\n\n\n\n<p class=\"has-black-color has-text-color has-link-color has-small-font-size wp-elements-09dae45045db68bcba0af65ffd159c25\"><strong><em>Le\u00f3n Denis <\/em><\/strong>&#8211; <em>Do\u011fru Yol \u2503 Ruh\u00e7u Ahlak Yasas\u0131 Kavram\u0131<\/em><\/p>\n<\/div><\/div>","protected":false},"excerpt":{"rendered":"<p>El deber El deber es el conjunto de prescripciones de la ley moral, la regla de conducta del hombre en sus relaciones con sus semejantes y con el Universo entero. Noble y santa figura, se cierne por encima de la humanidad, inspira los grandes sacrificios, las puras abnegaciones y los hermosos entusiasmos. Sonriente para unos, [&hellip;]<\/p>","protected":false},"author":1,"featured_media":4466,"parent":0,"menu_order":0,"comment_status":"closed","ping_status":"closed","template":"","meta":{"_uag_custom_page_level_css":"","site-sidebar-layout":"default","site-content-layout":"","ast-site-content-layout":"default","site-content-style":"default","site-sidebar-style":"default","ast-global-header-display":"","ast-banner-title-visibility":"","ast-main-header-display":"","ast-hfb-above-header-display":"","ast-hfb-below-header-display":"","ast-hfb-mobile-header-display":"","site-post-title":"","ast-breadcrumbs-content":"","ast-featured-img":"","footer-sml-layout":"","theme-transparent-header-meta":"","adv-header-id-meta":"","stick-header-meta":"","header-above-stick-meta":"","header-main-stick-meta":"","header-below-stick-meta":"","astra-migrate-meta-layouts":"set","ast-page-background-enabled":"default","ast-page-background-meta":{"desktop":{"background-color":"var(--ast-global-color-4)","background-image":"","background-repeat":"repeat","background-position":"center center","background-size":"auto","background-attachment":"scroll","background-type":"","background-media":"","overlay-type":"","overlay-color":"","overlay-opacity":"","overlay-gradient":""},"tablet":{"background-color":"","background-image":"","background-repeat":"repeat","background-position":"center center","background-size":"auto","background-attachment":"scroll","background-type":"","background-media":"","overlay-type":"","overlay-color":"","overlay-opacity":"","overlay-gradient":""},"mobile":{"background-color":"","background-image":"","background-repeat":"repeat","background-position":"center center","background-size":"auto","background-attachment":"scroll","background-type":"","background-media":"","overlay-type":"","overlay-color":"","overlay-opacity":"","overlay-gradient":""}},"ast-content-background-meta":{"desktop":{"background-color":"var(--ast-global-color-5)","background-image":"","background-repeat":"repeat","background-position":"center center","background-size":"auto","background-attachment":"scroll","background-type":"","background-media":"","overlay-type":"","overlay-color":"","overlay-opacity":"","overlay-gradient":""},"tablet":{"background-color":"var(--ast-global-color-5)","background-image":"","background-repeat":"repeat","background-position":"center center","background-size":"auto","background-attachment":"scroll","background-type":"","background-media":"","overlay-type":"","overlay-color":"","overlay-opacity":"","overlay-gradient":""},"mobile":{"background-color":"var(--ast-global-color-5)","background-image":"","background-repeat":"repeat","background-position":"center center","background-size":"auto","background-attachment":"scroll","background-type":"","background-media":"","overlay-type":"","overlay-color":"","overlay-opacity":"","overlay-gradient":""}},"footnotes":""},"class_list":["post-4464","page","type-page","status-publish","has-post-thumbnail","hentry"],"yoast_head":"<!-- This site is optimized with the Yoast SEO Premium plugin v24.2 (Yoast SEO v24.6) - https:\/\/yoast.com\/wordpress\/plugins\/seo\/ -->\n<title>El deber - Uni\u00f3n Esp\u00edrita<\/title>\n<meta name=\"robots\" content=\"index, follow, max-snippet:-1, max-image-preview:large, max-video-preview:-1\" \/>\n<link rel=\"canonical\" href=\"https:\/\/nuevo-renacer.com\/tr\/el-deber\/\" \/>\n<meta property=\"og:locale\" content=\"tr_TR\" \/>\n<meta property=\"og:type\" content=\"article\" \/>\n<meta property=\"og:title\" content=\"El deber\" \/>\n<meta property=\"og:description\" content=\"El deber El deber es el conjunto de prescripciones de la ley moral, la regla de conducta del hombre en sus relaciones con sus semejantes y con el Universo entero. Noble y santa figura, se cierne por encima de la humanidad, inspira los grandes sacrificios, las puras abnegaciones y los hermosos entusiasmos. Sonriente para unos, [&hellip;]\" \/>\n<meta property=\"og:url\" content=\"https:\/\/nuevo-renacer.com\/tr\/el-deber\/\" \/>\n<meta property=\"og:site_name\" content=\"Uni\u00f3n Esp\u00edrita\" \/>\n<meta property=\"article:publisher\" content=\"https:\/\/www.facebook.com\/groups\/3431398063740829\" \/>\n<meta property=\"article:modified_time\" content=\"2024-09-04T08:11:56+00:00\" \/>\n<meta property=\"og:image\" content=\"https:\/\/nuevo-renacer.com\/wp-content\/uploads\/2024\/09\/wp2268960.jpg\" \/>\n\t<meta property=\"og:image:width\" content=\"1920\" \/>\n\t<meta property=\"og:image:height\" content=\"1080\" \/>\n\t<meta property=\"og:image:type\" content=\"image\/jpeg\" \/>\n<meta name=\"twitter:card\" content=\"summary_large_image\" \/>\n<meta name=\"twitter:label1\" content=\"Tahmini okuma s\u00fcresi\" \/>\n\t<meta name=\"twitter:data1\" content=\"6 dakika\" \/>\n<script type=\"application\/ld+json\" class=\"yoast-schema-graph\">{\"@context\":\"https:\/\/schema.org\",\"@graph\":[{\"@type\":\"WebPage\",\"@id\":\"https:\/\/nuevo-renacer.com\/el-deber\/\",\"url\":\"https:\/\/nuevo-renacer.com\/el-deber\/\",\"name\":\"El deber - Uni\u00f3n Esp\u00edrita\",\"isPartOf\":{\"@id\":\"https:\/\/nuevo-renacer.com\/#website\"},\"primaryImageOfPage\":{\"@id\":\"https:\/\/nuevo-renacer.com\/el-deber\/#primaryimage\"},\"image\":{\"@id\":\"https:\/\/nuevo-renacer.com\/el-deber\/#primaryimage\"},\"thumbnailUrl\":\"https:\/\/nuevo-renacer.com\/wp-content\/uploads\/2024\/09\/wp2268960.jpg\",\"datePublished\":\"2024-09-04T08:00:34+00:00\",\"dateModified\":\"2024-09-04T08:11:56+00:00\",\"breadcrumb\":{\"@id\":\"https:\/\/nuevo-renacer.com\/el-deber\/#breadcrumb\"},\"inLanguage\":\"tr\",\"potentialAction\":[{\"@type\":\"ReadAction\",\"target\":[\"https:\/\/nuevo-renacer.com\/el-deber\/\"]}]},{\"@type\":\"ImageObject\",\"inLanguage\":\"tr\",\"@id\":\"https:\/\/nuevo-renacer.com\/el-deber\/#primaryimage\",\"url\":\"https:\/\/nuevo-renacer.com\/wp-content\/uploads\/2024\/09\/wp2268960.jpg\",\"contentUrl\":\"https:\/\/nuevo-renacer.com\/wp-content\/uploads\/2024\/09\/wp2268960.jpg\",\"width\":1920,\"height\":1080},{\"@type\":\"BreadcrumbList\",\"@id\":\"https:\/\/nuevo-renacer.com\/el-deber\/#breadcrumb\",\"itemListElement\":[{\"@type\":\"ListItem\",\"position\":1,\"name\":\"Startseite\",\"item\":\"https:\/\/nuevo-renacer.com\/\"},{\"@type\":\"ListItem\",\"position\":2,\"name\":\"El deber\"}]},{\"@type\":\"WebSite\",\"@id\":\"https:\/\/nuevo-renacer.com\/#website\",\"url\":\"https:\/\/nuevo-renacer.com\/\",\"name\":\"Uni\u00f3n Esp\u00edrita\",\"description\":\"Nuevo Renacer\",\"publisher\":{\"@id\":\"https:\/\/nuevo-renacer.com\/#organization\"},\"potentialAction\":[{\"@type\":\"SearchAction\",\"target\":{\"@type\":\"EntryPoint\",\"urlTemplate\":\"https:\/\/nuevo-renacer.com\/?s={search_term_string}\"},\"query-input\":{\"@type\":\"PropertyValueSpecification\",\"valueRequired\":true,\"valueName\":\"search_term_string\"}}],\"inLanguage\":\"tr\"},{\"@type\":\"Organization\",\"@id\":\"https:\/\/nuevo-renacer.com\/#organization\",\"name\":\"UFEC\",\"url\":\"https:\/\/nuevo-renacer.com\/\",\"logo\":{\"@type\":\"ImageObject\",\"inLanguage\":\"tr\",\"@id\":\"https:\/\/nuevo-renacer.com\/#\/schema\/logo\/image\/\",\"url\":\"https:\/\/nuevo-renacer.com\/wp-content\/uploads\/2024\/05\/cropped-LOGO-TERMINADO1-3-3.png\",\"contentUrl\":\"https:\/\/nuevo-renacer.com\/wp-content\/uploads\/2024\/05\/cropped-LOGO-TERMINADO1-3-3.png\",\"width\":512,\"height\":512,\"caption\":\"UFEC\"},\"image\":{\"@id\":\"https:\/\/nuevo-renacer.com\/#\/schema\/logo\/image\/\"},\"sameAs\":[\"https:\/\/www.facebook.com\/groups\/3431398063740829\"]}]}<\/script>\n<!-- \/ Yoast SEO Premium plugin. -->","yoast_head_json":{"title":"El deber - Uni\u00f3n Esp\u00edrita","robots":{"index":"index","follow":"follow","max-snippet":"max-snippet:-1","max-image-preview":"max-image-preview:large","max-video-preview":"max-video-preview:-1"},"canonical":"https:\/\/nuevo-renacer.com\/tr\/el-deber\/","og_locale":"tr_TR","og_type":"article","og_title":"El deber","og_description":"El deber El deber es el conjunto de prescripciones de la ley moral, la regla de conducta del hombre en sus relaciones con sus semejantes y con el Universo entero. Noble y santa figura, se cierne por encima de la humanidad, inspira los grandes sacrificios, las puras abnegaciones y los hermosos entusiasmos. Sonriente para unos, [&hellip;]","og_url":"https:\/\/nuevo-renacer.com\/tr\/el-deber\/","og_site_name":"Uni\u00f3n Esp\u00edrita","article_publisher":"https:\/\/www.facebook.com\/groups\/3431398063740829","article_modified_time":"2024-09-04T08:11:56+00:00","og_image":[{"width":1920,"height":1080,"url":"https:\/\/nuevo-renacer.com\/wp-content\/uploads\/2024\/09\/wp2268960.jpg","type":"image\/jpeg"}],"twitter_card":"summary_large_image","twitter_misc":{"Tahmini okuma s\u00fcresi":"6 dakika"},"schema":{"@context":"https:\/\/schema.org","@graph":[{"@type":"WebPage","@id":"https:\/\/nuevo-renacer.com\/el-deber\/","url":"https:\/\/nuevo-renacer.com\/el-deber\/","name":"El deber - Uni\u00f3n Esp\u00edrita","isPartOf":{"@id":"https:\/\/nuevo-renacer.com\/#website"},"primaryImageOfPage":{"@id":"https:\/\/nuevo-renacer.com\/el-deber\/#primaryimage"},"image":{"@id":"https:\/\/nuevo-renacer.com\/el-deber\/#primaryimage"},"thumbnailUrl":"https:\/\/nuevo-renacer.com\/wp-content\/uploads\/2024\/09\/wp2268960.jpg","datePublished":"2024-09-04T08:00:34+00:00","dateModified":"2024-09-04T08:11:56+00:00","breadcrumb":{"@id":"https:\/\/nuevo-renacer.com\/el-deber\/#breadcrumb"},"inLanguage":"tr","potentialAction":[{"@type":"ReadAction","target":["https:\/\/nuevo-renacer.com\/el-deber\/"]}]},{"@type":"ImageObject","inLanguage":"tr","@id":"https:\/\/nuevo-renacer.com\/el-deber\/#primaryimage","url":"https:\/\/nuevo-renacer.com\/wp-content\/uploads\/2024\/09\/wp2268960.jpg","contentUrl":"https:\/\/nuevo-renacer.com\/wp-content\/uploads\/2024\/09\/wp2268960.jpg","width":1920,"height":1080},{"@type":"BreadcrumbList","@id":"https:\/\/nuevo-renacer.com\/el-deber\/#breadcrumb","itemListElement":[{"@type":"ListItem","position":1,"name":"Startseite","item":"https:\/\/nuevo-renacer.com\/"},{"@type":"ListItem","position":2,"name":"El deber"}]},{"@type":"WebSite","@id":"https:\/\/nuevo-renacer.com\/#website","url":"https:\/\/nuevo-renacer.com\/","name":"Uni\u00f3n Esp\u00edrita","description":"Nuevo Renacer","publisher":{"@id":"https:\/\/nuevo-renacer.com\/#organization"},"potentialAction":[{"@type":"SearchAction","target":{"@type":"EntryPoint","urlTemplate":"https:\/\/nuevo-renacer.com\/?s={search_term_string}"},"query-input":{"@type":"PropertyValueSpecification","valueRequired":true,"valueName":"search_term_string"}}],"inLanguage":"tr"},{"@type":"Organization","@id":"https:\/\/nuevo-renacer.com\/#organization","name":"UFEC","url":"https:\/\/nuevo-renacer.com\/","logo":{"@type":"ImageObject","inLanguage":"tr","@id":"https:\/\/nuevo-renacer.com\/#\/schema\/logo\/image\/","url":"https:\/\/nuevo-renacer.com\/wp-content\/uploads\/2024\/05\/cropped-LOGO-TERMINADO1-3-3.png","contentUrl":"https:\/\/nuevo-renacer.com\/wp-content\/uploads\/2024\/05\/cropped-LOGO-TERMINADO1-3-3.png","width":512,"height":512,"caption":"UFEC"},"image":{"@id":"https:\/\/nuevo-renacer.com\/#\/schema\/logo\/image\/"},"sameAs":["https:\/\/www.facebook.com\/groups\/3431398063740829"]}]}},"uagb_featured_image_src":{"full":["https:\/\/nuevo-renacer.com\/wp-content\/uploads\/2024\/09\/wp2268960.jpg",1920,1080,false],"thumbnail":["https:\/\/nuevo-renacer.com\/wp-content\/uploads\/2024\/09\/wp2268960-150x150.jpg",150,150,true],"medium":["https:\/\/nuevo-renacer.com\/wp-content\/uploads\/2024\/09\/wp2268960-300x169.jpg",300,169,true],"medium_large":["https:\/\/nuevo-renacer.com\/wp-content\/uploads\/2024\/09\/wp2268960-768x432.jpg",768,432,true],"large":["https:\/\/nuevo-renacer.com\/wp-content\/uploads\/2024\/09\/wp2268960-1024x576.jpg",1024,576,true],"1536x1536":["https:\/\/nuevo-renacer.com\/wp-content\/uploads\/2024\/09\/wp2268960-1536x864.jpg",1536,864,true],"2048x2048":["https:\/\/nuevo-renacer.com\/wp-content\/uploads\/2024\/09\/wp2268960.jpg",1920,1080,false],"trp-custom-language-flag":["https:\/\/nuevo-renacer.com\/wp-content\/uploads\/2024\/09\/wp2268960-18x10.jpg",18,10,true]},"uagb_author_info":{"display_name":"adbv0","author_link":"https:\/\/nuevo-renacer.com\/tr\/author\/adbv0\/"},"uagb_comment_info":0,"uagb_excerpt":"El deber El deber es el conjunto de prescripciones de la ley moral, la regla de conducta del hombre en sus relaciones con sus semejantes y con el Universo entero. Noble y santa figura, se cierne por encima de la humanidad, inspira los grandes sacrificios, las puras abnegaciones y los hermosos entusiasmos. Sonriente para unos,&hellip;","jetpack_sharing_enabled":true,"_links":{"self":[{"href":"https:\/\/nuevo-renacer.com\/tr\/wp-json\/wp\/v2\/pages\/4464","targetHints":{"allow":["GET"]}}],"collection":[{"href":"https:\/\/nuevo-renacer.com\/tr\/wp-json\/wp\/v2\/pages"}],"about":[{"href":"https:\/\/nuevo-renacer.com\/tr\/wp-json\/wp\/v2\/types\/page"}],"author":[{"embeddable":true,"href":"https:\/\/nuevo-renacer.com\/tr\/wp-json\/wp\/v2\/users\/1"}],"replies":[{"embeddable":true,"href":"https:\/\/nuevo-renacer.com\/tr\/wp-json\/wp\/v2\/comments?post=4464"}],"version-history":[{"count":3,"href":"https:\/\/nuevo-renacer.com\/tr\/wp-json\/wp\/v2\/pages\/4464\/revisions"}],"predecessor-version":[{"id":4470,"href":"https:\/\/nuevo-renacer.com\/tr\/wp-json\/wp\/v2\/pages\/4464\/revisions\/4470"}],"wp:featuredmedia":[{"embeddable":true,"href":"https:\/\/nuevo-renacer.com\/tr\/wp-json\/wp\/v2\/media\/4466"}],"wp:attachment":[{"href":"https:\/\/nuevo-renacer.com\/tr\/wp-json\/wp\/v2\/media?parent=4464"}],"curies":[{"name":"wp","href":"https:\/\/api.w.org\/{rel}","templated":true}]}}