{"id":4407,"date":"2024-09-03T08:15:39","date_gmt":"2024-09-03T08:15:39","guid":{"rendered":"https:\/\/nuevo-renacer.com\/?page_id=4407"},"modified":"2024-09-03T08:15:41","modified_gmt":"2024-09-03T08:15:41","slug":"juana-de-arco","status":"publish","type":"page","link":"https:\/\/nuevo-renacer.com\/tr\/juana-de-arco\/","title":{"rendered":"Jeanne d'Arc"},"content":{"rendered":"<div class=\"wp-block-uagb-container uagb-block-f4634d29 alignfull uagb-is-root-container\"><div class=\"uagb-container-inner-blocks-wrap\">\n<p class=\"has-black-color has-text-color has-link-color has-medium-font-size wp-elements-e80af57ebb19efe42e734ae1dd686d32\"><strong>Jeanne d'Arc<\/strong><\/p>\n<\/div><\/div>\n\n\n\n<div class=\"wp-block-uagb-container uagb-block-e1510548 alignfull uagb-is-root-container\"><div class=\"uagb-container-inner-blocks-wrap\">\n<figure class=\"wp-block-image size-full is-resized\"><img fetchpriority=\"high\" decoding=\"async\" width=\"550\" height=\"757\" src=\"https:\/\/nuevo-renacer.com\/wp-content\/uploads\/2024\/09\/los-ultimos-instantes-en-el-panteon-de-paris-se-exhibe-esta-pintura-en-la-que-jules-eugene-lenepveu-evoco-con-afan-realista-los-ultimos-minutos-de-la-vida-de-juana-de-arco-siglo-xix_b8cfd2e4_550x757.jpg\" alt=\"\" class=\"wp-image-4410\" style=\"width:251px;height:auto\" srcset=\"https:\/\/nuevo-renacer.com\/wp-content\/uploads\/2024\/09\/los-ultimos-instantes-en-el-panteon-de-paris-se-exhibe-esta-pintura-en-la-que-jules-eugene-lenepveu-evoco-con-afan-realista-los-ultimos-minutos-de-la-vida-de-juana-de-arco-siglo-xix_b8cfd2e4_550x757.jpg 550w, https:\/\/nuevo-renacer.com\/wp-content\/uploads\/2024\/09\/los-ultimos-instantes-en-el-panteon-de-paris-se-exhibe-esta-pintura-en-la-que-jules-eugene-lenepveu-evoco-con-afan-realista-los-ultimos-minutos-de-la-vida-de-juana-de-arco-siglo-xix_b8cfd2e4_550x757-218x300.jpg 218w, https:\/\/nuevo-renacer.com\/wp-content\/uploads\/2024\/09\/los-ultimos-instantes-en-el-panteon-de-paris-se-exhibe-esta-pintura-en-la-que-jules-eugene-lenepveu-evoco-con-afan-realista-los-ultimos-minutos-de-la-vida-de-juana-de-arco-siglo-xix_b8cfd2e4_550x757-9x12.jpg 9w\" sizes=\"(max-width: 550px) 100vw, 550px\" \/><\/figure>\n<\/div><\/div>\n\n\n\n<div class=\"wp-block-uagb-container uagb-block-1405f0fd alignfull uagb-is-root-container\"><div class=\"uagb-container-inner-blocks-wrap\">\n<p class=\"has-black-color has-text-color has-link-color has-small-font-size wp-elements-dee2990e251e549c01fdda1aebacb556\">Fransa, \u0130ngiliz g\u00fcc\u00fcne boyun e\u011fen bir \u00fclkeydi. Bug\u00fcn bildi\u011fimiz gibi tam olarak tek bir \u00fclke de\u011fildi. Birka\u00e7 derebeylikten olu\u015fuyordu. Ve 1412 y\u0131l\u0131nda, o zamana kadar bilinmeyen bir k\u00f6yde, \u00fcnl\u00fc ve me\u015fhur Domremy olacak bir k\u0131z do\u011fdu.<\/p>\n\n\n\n<p class=\"has-black-color has-text-color has-link-color has-small-font-size wp-elements-95fbad4078f72ed703a48dd3be00bdc8\">Yoksul bir k\u00f6yl\u00fcn\u00fcn k\u0131z\u0131 olarak annesiyle birlikte y\u00fcn e\u011firmeyi ve koyun s\u00fcr\u00fcs\u00fcne bakmay\u0131 \u00f6\u011frendi. \u00dc\u00e7 erkek ve bir k\u0131z karde\u015fi vard\u0131. Okuma yazma \u00f6\u011frenemedi, \u00e7\u00fcnk\u00fc k\u0131sa s\u00fcrede t\u00fcm saatlerini i\u015f ald\u0131. K\u00f6y olduk\u00e7a uzakt\u0131 ve sava\u015f s\u00f6ylentileri ona yava\u015f ula\u015f\u0131yordu. Nihayet bir g\u00fcn, \u0130ngiliz birlikleri yakla\u015ft\u0131\u011f\u0131nda Joan of Arc sava\u015f\u0131n deh\u015fetiyle y\u00fcz y\u00fcze geldi ve t\u00fcm aile ka\u00e7\u0131p saklanmak zorunda kald\u0131.<\/p>\n\n\n\n<p class=\"has-black-color has-text-color has-link-color has-small-font-size wp-elements-49e65a468bacf00abfda0806e559895b\">12 ya\u015f\u0131ndayken hayaller g\u00f6rmeye ba\u015flad\u0131. Bir yaz g\u00fcn\u00fc \u00f6\u011fle vaktiydi. Jeanne evinin yak\u0131n\u0131ndaki bah\u00e7ede dua ederken ona Rab'be g\u00fcvenmesini s\u00f6yleyen bir ses duydu. G\u00f6rd\u00fc\u011f\u00fc fig\u00fcr\u00fc Ba\u015fmelek Mikail olarak tan\u0131mlad\u0131. Ona e\u015flik eden iki ruhani haberci, Catherine ve Margaret, kat\u0131ld\u0131\u011f\u0131 kiliseye g\u00f6re azizdi.<\/p>\n\n\n\n<p class=\"has-black-color has-text-color has-link-color has-small-font-size wp-elements-45202835b2936fd152d4bdcb99deb567\">Onunla \u00fclkedeki durum hakk\u0131nda konu\u015ftular ve ona g\u00f6revlerini a\u00e7\u0131klad\u0131lar. Dauphin'in yard\u0131m\u0131na ko\u015facak ve onu Fransa kral\u0131 yapacakt\u0131. D\u00f6rt y\u0131l boyunca teredd\u00fct etti ve g\u00f6rd\u00fcklerinin hikayesi yay\u0131lmaya ba\u015flad\u0131. Bir k\u0131\u015f g\u00fcn\u00fc \u015fafak vakti kalkt\u0131. Kararl\u0131yd\u0131. K\u00fc\u00e7\u00fck bir \u00e7anta, k\u00fc\u00e7\u00fck bir paket ve bir seyahat sopas\u0131 haz\u0131rlad\u0131, ailesiyle vedala\u015ft\u0131 ve yola \u00e7\u0131kt\u0131. O Lorraine k\u00f6y\u00fc onu bir daha asla g\u00f6remeyecekti.<\/p>\n\n\n\n<p class=\"has-black-color has-text-color has-link-color has-small-font-size wp-elements-108b590d61ed65ff22e7b08697bacc72\">Ona inanan ve Chinon'a, Kraliyet Saray\u0131'na kadar e\u015flik eden amcalar\u0131ndan birinin ya\u015fad\u0131\u011f\u0131 Vaucouleurs'a gitti. Durum \u00e7ok ciddiydi. Y\u00fcz Y\u0131l Sava\u015flar\u0131 bir d\u00f6n\u00fcm noktas\u0131ndayd\u0131. Veliaht Charles bir karar veremeyecek kadar zay\u0131ft\u0131. \u0130ngiliz kuvvetleri \u00fclkenin b\u00fcy\u00fck b\u00f6l\u00fcm\u00fcn\u00fc ele ge\u00e7irmi\u015fti ve Orleans'a takviye kuvvet g\u00f6ndermek zorundayd\u0131. Ancak emrinde \u00e7ok az asker vard\u0131 ve onlar\u0131 y\u00f6netecek bir lider de yoktu.<\/p>\n\n\n\n<p class=\"has-black-color has-text-color has-link-color has-small-font-size wp-elements-1445048f9f24084bb64f8398636777d0\">\u0130\u015fte o zaman Jeanne sarayda g\u00f6r\u00fcnd\u00fc. Okuma yazma bilmeyen bu k\u00f6yl\u00fc k\u0131z\u0131 Chinon'a ula\u015fmak i\u00e7in on g\u00fcn on gece yol kat etmi\u015ftir. \u0130lahi el\u00e7iler taraf\u0131ndan g\u00f6nderildi\u011fini iddia ediyordu. Dauphin'i g\u00f6recek ve ard\u0131ndan Orleans'\u0131 kurtarmak i\u00e7in orduya liderlik edecekti. Charles bu haberi \u015fa\u015fk\u0131nl\u0131kla kar\u015f\u0131lar ve k\u0131z\u0131 s\u0131namaya karar verir. Saray mensuplar\u0131n\u0131n aras\u0131na saklan\u0131r, ancak k\u0131z odaya girer girmez ona hitap etmekten \u00e7ekinmez ve onu Fransa taht\u0131n\u0131n ger\u00e7ek varisi olarak selamlar.<\/p>\n\n\n\n<p class=\"has-black-color has-text-color has-link-color has-small-font-size wp-elements-c87cae98a901f01fa8389d8425991c91\">Bu bir testti elbette. Ne de olsa \u0130ngilizlerin veliaht\u0131 g\u00f6zden d\u00fc\u015f\u00fcrmek i\u00e7in yayd\u0131klar\u0131 dedikodu, onun ya\u015fl\u0131 Kral 6. Charles'\u0131n me\u015fru o\u011flu olmad\u0131\u011f\u0131 y\u00f6n\u00fcndeydi. Ard\u0131ndan, \u00f6zel bir g\u00f6r\u00fc\u015fmede, Chinon'a varmadan hemen \u00f6nce hitabetinde Tanr\u0131'ya tek ba\u015f\u0131na etti\u011fi duan\u0131n s\u00f6zlerini hat\u0131rlatt\u0131.<\/p>\n\n\n\n<p class=\"has-black-color has-text-color has-link-color has-small-font-size wp-elements-36fb8c06857e19ae38e985a6fd6049cc\">Sesler ona her konuda rehberlik eder. Sava\u015fta kullanaca\u011f\u0131 k\u0131l\u0131\u00e7 Saint Catherine de Fierbois kilisesinde g\u00f6m\u00fcl\u00fc olarak bulunur. Orl\u00e9ans'ta dinlenirken, r\u0131zas\u0131 olmadan yap\u0131lan sald\u0131r\u0131dan habersizken sesler onu uyand\u0131r\u0131r. Ruhani rehberleri ona 7 May\u0131s 1429'da yaralanaca\u011f\u0131n\u0131 ve bir y\u0131ldan fazla dayanamayaca\u011f\u0131n\u0131 s\u00f6yler.<\/p>\n\n\n\n<p class=\"has-black-color has-text-color has-link-color has-small-font-size wp-elements-321b654ad54faefd93e43ee4166ee784\">Bu y\u00fczden acele ediyor. Orleans'\u0131 al\u0131r, Veliaht'tan Reims'e gitmesini ister ve Veliaht kral olarak ta\u00e7 giyer. Art\u0131k ta\u00e7 giymi\u015f olan Charles ba\u015fka bir \u015fey istememektedir. Ancak Jeanne g\u00f6revinin bitmedi\u011fini bilmektedir ve sava\u015fmaya devam eder. Sesler onu tutuklanaca\u011f\u0131 ve trajik sonu konusunda uyar\u0131r.<\/p>\n\n\n\n<p class=\"has-black-color has-text-color has-link-color has-small-font-size wp-elements-7e2ea1c20fd95e961495cefe6f7165d6\">\u0130hanete u\u011fray\u0131nca \u0130ngilizlere sat\u0131l\u0131r, onlar da onu Engizisyon Mahkemesine teslim eder. T\u00fcm s\u00fcre\u00e7 bir sa\u00e7mal\u0131kt\u0131. San\u0131\u011f\u0131n hi\u00e7bir hakk\u0131 yok, savunma avukat\u0131 bile yok. Sadece iddia makam\u0131 i\u00e7in tan\u0131klar vard\u0131r. B\u00fcy\u00fcc\u00fc ve kafir olmakla su\u00e7lan\u0131yor. Her \u015fey kutsala sayg\u0131s\u0131zl\u0131k ve ahlaks\u0131zl\u0131k olarak sunuldu: erkek k\u0131yafetleri giymesi, do\u011frudan azizlerle konu\u015fmas\u0131 ve Kilise'ye sayg\u0131 g\u00f6stermemesi, sava\u015f meydanlar\u0131nda erkeklerle arkada\u015fl\u0131k etmesi, k\u0131l\u0131\u00e7 kullanmas\u0131.<\/p>\n\n\n\n<p class=\"has-black-color has-text-color has-link-color has-small-font-size wp-elements-cc79eb5cd518f2a5b0199d9a390aba6c\">Ama\u00e7 Jeanne'\u0131n \u015feytan\u0131n el\u00e7isi oldu\u011funu kan\u0131tlamakt\u0131. Sonu\u00e7 olarak, Kral 7. Charles'\u0131n morali bozulacakt\u0131. Sonu\u00e7ta, bir cad\u0131 taraf\u0131ndan kand\u0131r\u0131lmas\u0131na izin veren bir kral nas\u0131l bir kral olabilirdi ki? Alt\u0131 ay boyunca ger\u00e7ek bir manevi i\u015fkenceye maruz kal\u0131r. Sorgulamalar uzun ve ac\u0131 vericiydi. Sonunda 30 May\u0131s 1431'de Roeun'un merkez meydan\u0131nda infaz ger\u00e7ekle\u015fir.<\/p>\n\n\n\n<p class=\"has-black-color has-text-color has-link-color has-small-font-size wp-elements-d48b147fd6677ecdf019de552b629f26\">Sa\u00e7lar\u0131 kaz\u0131n\u0131r ve halk\u0131n tepkisinden korkan 120 silahl\u0131 adam ona alana kadar e\u015flik eder. Onu bir dire\u011fe ba\u011flarlar ve \u015fenlik ate\u015fi yakarlar. Alevler onu yutup etini \u0131s\u0131r\u0131rken \u015f\u00f6yle hayk\u0131r\u0131r: \u201cEvet, seslerim Tanr\u0131'dan geldi! Seslerim beni kand\u0131rmad\u0131.<\/p>\n\n\n\n<p class=\"has-black-color has-text-color has-link-color has-small-font-size wp-elements-71892df3d16b27a5eb64e2d481a8351d\">Bu, onun d\u00fcnyevi yolculu\u011funa rehberlik eden medyumlu\u011fun a\u00e7\u0131k bir kan\u0131t\u0131yd\u0131.<\/p>\n\n\n\n<p class=\"has-black-color has-text-color has-link-color has-small-font-size wp-elements-bdeee566758dc731b15fe0534903d13e\">Kodlay\u0131c\u0131, Ruh\u00e7u Tezleri bir araya getirdi\u011fi 1861 y\u0131l\u0131nda yay\u0131nlanan Medyumlar Kitab\u0131'n\u0131n XXXI. b\u00f6l\u00fcm\u00fcnde, Jeanne d'Arc 12 say\u0131s\u0131n\u0131 atfetmi\u015f ve burada \u00f6zellikle medyumlara seslenerek onlar\u0131 medyumluk yapmaya te\u015fvik etmi\u015ftir.<\/p>\n\n\n\n<p class=\"has-black-color has-text-color has-link-color has-small-font-size wp-elements-b8e32b9b0d8631660e35c96558d09db7\">Ayr\u0131ca onlara koruyucu meleklerine g\u00fcvenmelerini ve medyumlu\u011fun \u00f6n\u00fcndeki engel olan gururla m\u00fccadele etmelerini tavsiye eder.<\/p>\n\n\n\n<p class=\"has-black-color has-text-color has-link-color has-small-font-size wp-elements-482787ad57489d79a4aadac756f6d681\">D\u00fcnyevi hayat\u0131nda bir medyumu olarak \u00e7ok iyi takip etti\u011fi tavsiyeler.<\/p>\n<\/div><\/div>","protected":false},"excerpt":{"rendered":"<p>Juana de Arco Francia fue un pa\u00eds que se dobleg\u00f3 ante el poder ingl\u00e9s. No era exactamente un pa\u00eds como se conoce hoy en d\u00eda. Estaba formado por varios feudos. Y fue en un pueblo ignorado hasta entonces donde, en 1412, naci\u00f3 una ni\u00f1a que se convertir\u00eda en una famosa y c\u00e9lebre Domremy. Hija de [&hellip;]<\/p>","protected":false},"author":1,"featured_media":4411,"parent":0,"menu_order":0,"comment_status":"closed","ping_status":"closed","template":"","meta":{"_uag_custom_page_level_css":"","site-sidebar-layout":"default","site-content-layout":"","ast-site-content-layout":"default","site-content-style":"default","site-sidebar-style":"default","ast-global-header-display":"","ast-banner-title-visibility":"","ast-main-header-display":"","ast-hfb-above-header-display":"","ast-hfb-below-header-display":"","ast-hfb-mobile-header-display":"","site-post-title":"","ast-breadcrumbs-content":"","ast-featured-img":"","footer-sml-layout":"","theme-transparent-header-meta":"","adv-header-id-meta":"","stick-header-meta":"","header-above-stick-meta":"","header-main-stick-meta":"","header-below-stick-meta":"","astra-migrate-meta-layouts":"set","ast-page-background-enabled":"default","ast-page-background-meta":{"desktop":{"background-color":"var(--ast-global-color-4)","background-image":"","background-repeat":"repeat","background-position":"center center","background-size":"auto","background-attachment":"scroll","background-type":"","background-media":"","overlay-type":"","overlay-color":"","overlay-opacity":"","overlay-gradient":""},"tablet":{"background-color":"","background-image":"","background-repeat":"repeat","background-position":"center center","background-size":"auto","background-attachment":"scroll","background-type":"","background-media":"","overlay-type":"","overlay-color":"","overlay-opacity":"","overlay-gradient":""},"mobile":{"background-color":"","background-image":"","background-repeat":"repeat","background-position":"center center","background-size":"auto","background-attachment":"scroll","background-type":"","background-media":"","overlay-type":"","overlay-color":"","overlay-opacity":"","overlay-gradient":""}},"ast-content-background-meta":{"desktop":{"background-color":"var(--ast-global-color-5)","background-image":"","background-repeat":"repeat","background-position":"center center","background-size":"auto","background-attachment":"scroll","background-type":"","background-media":"","overlay-type":"","overlay-color":"","overlay-opacity":"","overlay-gradient":""},"tablet":{"background-color":"var(--ast-global-color-5)","background-image":"","background-repeat":"repeat","background-position":"center center","background-size":"auto","background-attachment":"scroll","background-type":"","background-media":"","overlay-type":"","overlay-color":"","overlay-opacity":"","overlay-gradient":""},"mobile":{"background-color":"var(--ast-global-color-5)","background-image":"","background-repeat":"repeat","background-position":"center center","background-size":"auto","background-attachment":"scroll","background-type":"","background-media":"","overlay-type":"","overlay-color":"","overlay-opacity":"","overlay-gradient":""}},"footnotes":""},"class_list":["post-4407","page","type-page","status-publish","has-post-thumbnail","hentry"],"yoast_head":"<!-- This site is optimized with the Yoast SEO Premium plugin v24.2 (Yoast SEO v24.6) - https:\/\/yoast.com\/wordpress\/plugins\/seo\/ -->\n<title>Juana de Arco - Uni\u00f3n Esp\u00edrita<\/title>\n<meta name=\"robots\" content=\"index, follow, max-snippet:-1, max-image-preview:large, max-video-preview:-1\" \/>\n<link rel=\"canonical\" href=\"https:\/\/nuevo-renacer.com\/tr\/juana-de-arco\/\" \/>\n<meta property=\"og:locale\" content=\"tr_TR\" \/>\n<meta property=\"og:type\" content=\"article\" \/>\n<meta property=\"og:title\" content=\"Juana de Arco\" \/>\n<meta property=\"og:description\" content=\"Juana de Arco Francia fue un pa\u00eds que se dobleg\u00f3 ante el poder ingl\u00e9s. No era exactamente un pa\u00eds como se conoce hoy en d\u00eda. Estaba formado por varios feudos. Y fue en un pueblo ignorado hasta entonces donde, en 1412, naci\u00f3 una ni\u00f1a que se convertir\u00eda en una famosa y c\u00e9lebre Domremy. Hija de [&hellip;]\" \/>\n<meta property=\"og:url\" content=\"https:\/\/nuevo-renacer.com\/tr\/juana-de-arco\/\" \/>\n<meta property=\"og:site_name\" content=\"Uni\u00f3n Esp\u00edrita\" \/>\n<meta property=\"article:publisher\" content=\"https:\/\/www.facebook.com\/groups\/3431398063740829\" \/>\n<meta property=\"article:modified_time\" content=\"2024-09-03T08:15:41+00:00\" \/>\n<meta property=\"og:image\" content=\"https:\/\/nuevo-renacer.com\/wp-content\/uploads\/2024\/09\/que-le-pasaba-a-juana-de-arco.webp\" \/>\n\t<meta property=\"og:image:width\" content=\"1200\" \/>\n\t<meta property=\"og:image:height\" content=\"630\" \/>\n\t<meta property=\"og:image:type\" content=\"image\/webp\" \/>\n<meta name=\"twitter:card\" content=\"summary_large_image\" \/>\n<meta name=\"twitter:label1\" content=\"Tahmini okuma s\u00fcresi\" \/>\n\t<meta name=\"twitter:data1\" content=\"5 dakika\" \/>\n<script type=\"application\/ld+json\" class=\"yoast-schema-graph\">{\"@context\":\"https:\/\/schema.org\",\"@graph\":[{\"@type\":\"WebPage\",\"@id\":\"https:\/\/nuevo-renacer.com\/juana-de-arco\/\",\"url\":\"https:\/\/nuevo-renacer.com\/juana-de-arco\/\",\"name\":\"Juana de Arco - Uni\u00f3n Esp\u00edrita\",\"isPartOf\":{\"@id\":\"https:\/\/nuevo-renacer.com\/#website\"},\"primaryImageOfPage\":{\"@id\":\"https:\/\/nuevo-renacer.com\/juana-de-arco\/#primaryimage\"},\"image\":{\"@id\":\"https:\/\/nuevo-renacer.com\/juana-de-arco\/#primaryimage\"},\"thumbnailUrl\":\"https:\/\/nuevo-renacer.com\/wp-content\/uploads\/2024\/09\/que-le-pasaba-a-juana-de-arco.webp\",\"datePublished\":\"2024-09-03T08:15:39+00:00\",\"dateModified\":\"2024-09-03T08:15:41+00:00\",\"breadcrumb\":{\"@id\":\"https:\/\/nuevo-renacer.com\/juana-de-arco\/#breadcrumb\"},\"inLanguage\":\"tr\",\"potentialAction\":[{\"@type\":\"ReadAction\",\"target\":[\"https:\/\/nuevo-renacer.com\/juana-de-arco\/\"]}]},{\"@type\":\"ImageObject\",\"inLanguage\":\"tr\",\"@id\":\"https:\/\/nuevo-renacer.com\/juana-de-arco\/#primaryimage\",\"url\":\"https:\/\/nuevo-renacer.com\/wp-content\/uploads\/2024\/09\/que-le-pasaba-a-juana-de-arco.webp\",\"contentUrl\":\"https:\/\/nuevo-renacer.com\/wp-content\/uploads\/2024\/09\/que-le-pasaba-a-juana-de-arco.webp\",\"width\":1200,\"height\":630},{\"@type\":\"BreadcrumbList\",\"@id\":\"https:\/\/nuevo-renacer.com\/juana-de-arco\/#breadcrumb\",\"itemListElement\":[{\"@type\":\"ListItem\",\"position\":1,\"name\":\"Startseite\",\"item\":\"https:\/\/nuevo-renacer.com\/\"},{\"@type\":\"ListItem\",\"position\":2,\"name\":\"Juana de Arco\"}]},{\"@type\":\"WebSite\",\"@id\":\"https:\/\/nuevo-renacer.com\/#website\",\"url\":\"https:\/\/nuevo-renacer.com\/\",\"name\":\"Uni\u00f3n Esp\u00edrita\",\"description\":\"Nuevo Renacer\",\"publisher\":{\"@id\":\"https:\/\/nuevo-renacer.com\/#organization\"},\"potentialAction\":[{\"@type\":\"SearchAction\",\"target\":{\"@type\":\"EntryPoint\",\"urlTemplate\":\"https:\/\/nuevo-renacer.com\/?s={search_term_string}\"},\"query-input\":{\"@type\":\"PropertyValueSpecification\",\"valueRequired\":true,\"valueName\":\"search_term_string\"}}],\"inLanguage\":\"tr\"},{\"@type\":\"Organization\",\"@id\":\"https:\/\/nuevo-renacer.com\/#organization\",\"name\":\"UFEC\",\"url\":\"https:\/\/nuevo-renacer.com\/\",\"logo\":{\"@type\":\"ImageObject\",\"inLanguage\":\"tr\",\"@id\":\"https:\/\/nuevo-renacer.com\/#\/schema\/logo\/image\/\",\"url\":\"https:\/\/nuevo-renacer.com\/wp-content\/uploads\/2024\/05\/cropped-LOGO-TERMINADO1-3-3.png\",\"contentUrl\":\"https:\/\/nuevo-renacer.com\/wp-content\/uploads\/2024\/05\/cropped-LOGO-TERMINADO1-3-3.png\",\"width\":512,\"height\":512,\"caption\":\"UFEC\"},\"image\":{\"@id\":\"https:\/\/nuevo-renacer.com\/#\/schema\/logo\/image\/\"},\"sameAs\":[\"https:\/\/www.facebook.com\/groups\/3431398063740829\"]}]}<\/script>\n<!-- \/ Yoast SEO Premium plugin. -->","yoast_head_json":{"title":"Juana de Arco - Uni\u00f3n Esp\u00edrita","robots":{"index":"index","follow":"follow","max-snippet":"max-snippet:-1","max-image-preview":"max-image-preview:large","max-video-preview":"max-video-preview:-1"},"canonical":"https:\/\/nuevo-renacer.com\/tr\/juana-de-arco\/","og_locale":"tr_TR","og_type":"article","og_title":"Juana de Arco","og_description":"Juana de Arco Francia fue un pa\u00eds que se dobleg\u00f3 ante el poder ingl\u00e9s. No era exactamente un pa\u00eds como se conoce hoy en d\u00eda. Estaba formado por varios feudos. Y fue en un pueblo ignorado hasta entonces donde, en 1412, naci\u00f3 una ni\u00f1a que se convertir\u00eda en una famosa y c\u00e9lebre Domremy. Hija de [&hellip;]","og_url":"https:\/\/nuevo-renacer.com\/tr\/juana-de-arco\/","og_site_name":"Uni\u00f3n Esp\u00edrita","article_publisher":"https:\/\/www.facebook.com\/groups\/3431398063740829","article_modified_time":"2024-09-03T08:15:41+00:00","og_image":[{"width":1200,"height":630,"url":"https:\/\/nuevo-renacer.com\/wp-content\/uploads\/2024\/09\/que-le-pasaba-a-juana-de-arco.webp","type":"image\/webp"}],"twitter_card":"summary_large_image","twitter_misc":{"Tahmini okuma s\u00fcresi":"5 dakika"},"schema":{"@context":"https:\/\/schema.org","@graph":[{"@type":"WebPage","@id":"https:\/\/nuevo-renacer.com\/juana-de-arco\/","url":"https:\/\/nuevo-renacer.com\/juana-de-arco\/","name":"Juana de Arco - Uni\u00f3n Esp\u00edrita","isPartOf":{"@id":"https:\/\/nuevo-renacer.com\/#website"},"primaryImageOfPage":{"@id":"https:\/\/nuevo-renacer.com\/juana-de-arco\/#primaryimage"},"image":{"@id":"https:\/\/nuevo-renacer.com\/juana-de-arco\/#primaryimage"},"thumbnailUrl":"https:\/\/nuevo-renacer.com\/wp-content\/uploads\/2024\/09\/que-le-pasaba-a-juana-de-arco.webp","datePublished":"2024-09-03T08:15:39+00:00","dateModified":"2024-09-03T08:15:41+00:00","breadcrumb":{"@id":"https:\/\/nuevo-renacer.com\/juana-de-arco\/#breadcrumb"},"inLanguage":"tr","potentialAction":[{"@type":"ReadAction","target":["https:\/\/nuevo-renacer.com\/juana-de-arco\/"]}]},{"@type":"ImageObject","inLanguage":"tr","@id":"https:\/\/nuevo-renacer.com\/juana-de-arco\/#primaryimage","url":"https:\/\/nuevo-renacer.com\/wp-content\/uploads\/2024\/09\/que-le-pasaba-a-juana-de-arco.webp","contentUrl":"https:\/\/nuevo-renacer.com\/wp-content\/uploads\/2024\/09\/que-le-pasaba-a-juana-de-arco.webp","width":1200,"height":630},{"@type":"BreadcrumbList","@id":"https:\/\/nuevo-renacer.com\/juana-de-arco\/#breadcrumb","itemListElement":[{"@type":"ListItem","position":1,"name":"Startseite","item":"https:\/\/nuevo-renacer.com\/"},{"@type":"ListItem","position":2,"name":"Juana de Arco"}]},{"@type":"WebSite","@id":"https:\/\/nuevo-renacer.com\/#website","url":"https:\/\/nuevo-renacer.com\/","name":"Uni\u00f3n Esp\u00edrita","description":"Nuevo Renacer","publisher":{"@id":"https:\/\/nuevo-renacer.com\/#organization"},"potentialAction":[{"@type":"SearchAction","target":{"@type":"EntryPoint","urlTemplate":"https:\/\/nuevo-renacer.com\/?s={search_term_string}"},"query-input":{"@type":"PropertyValueSpecification","valueRequired":true,"valueName":"search_term_string"}}],"inLanguage":"tr"},{"@type":"Organization","@id":"https:\/\/nuevo-renacer.com\/#organization","name":"UFEC","url":"https:\/\/nuevo-renacer.com\/","logo":{"@type":"ImageObject","inLanguage":"tr","@id":"https:\/\/nuevo-renacer.com\/#\/schema\/logo\/image\/","url":"https:\/\/nuevo-renacer.com\/wp-content\/uploads\/2024\/05\/cropped-LOGO-TERMINADO1-3-3.png","contentUrl":"https:\/\/nuevo-renacer.com\/wp-content\/uploads\/2024\/05\/cropped-LOGO-TERMINADO1-3-3.png","width":512,"height":512,"caption":"UFEC"},"image":{"@id":"https:\/\/nuevo-renacer.com\/#\/schema\/logo\/image\/"},"sameAs":["https:\/\/www.facebook.com\/groups\/3431398063740829"]}]}},"uagb_featured_image_src":{"full":["https:\/\/nuevo-renacer.com\/wp-content\/uploads\/2024\/09\/que-le-pasaba-a-juana-de-arco.webp",1200,630,false],"thumbnail":["https:\/\/nuevo-renacer.com\/wp-content\/uploads\/2024\/09\/que-le-pasaba-a-juana-de-arco-150x150.webp",150,150,true],"medium":["https:\/\/nuevo-renacer.com\/wp-content\/uploads\/2024\/09\/que-le-pasaba-a-juana-de-arco-300x158.webp",300,158,true],"medium_large":["https:\/\/nuevo-renacer.com\/wp-content\/uploads\/2024\/09\/que-le-pasaba-a-juana-de-arco-768x403.webp",768,403,true],"large":["https:\/\/nuevo-renacer.com\/wp-content\/uploads\/2024\/09\/que-le-pasaba-a-juana-de-arco-1024x538.webp",1024,538,true],"1536x1536":["https:\/\/nuevo-renacer.com\/wp-content\/uploads\/2024\/09\/que-le-pasaba-a-juana-de-arco.webp",1200,630,false],"2048x2048":["https:\/\/nuevo-renacer.com\/wp-content\/uploads\/2024\/09\/que-le-pasaba-a-juana-de-arco.webp",1200,630,false],"trp-custom-language-flag":["https:\/\/nuevo-renacer.com\/wp-content\/uploads\/2024\/09\/que-le-pasaba-a-juana-de-arco-18x9.webp",18,9,true]},"uagb_author_info":{"display_name":"adbv0","author_link":"https:\/\/nuevo-renacer.com\/tr\/author\/adbv0\/"},"uagb_comment_info":0,"uagb_excerpt":"Juana de Arco Francia fue un pa\u00eds que se dobleg\u00f3 ante el poder ingl\u00e9s. No era exactamente un pa\u00eds como se conoce hoy en d\u00eda. Estaba formado por varios feudos. Y fue en un pueblo ignorado hasta entonces donde, en 1412, naci\u00f3 una ni\u00f1a que se convertir\u00eda en una famosa y c\u00e9lebre Domremy. Hija de&hellip;","jetpack_sharing_enabled":true,"_links":{"self":[{"href":"https:\/\/nuevo-renacer.com\/tr\/wp-json\/wp\/v2\/pages\/4407","targetHints":{"allow":["GET"]}}],"collection":[{"href":"https:\/\/nuevo-renacer.com\/tr\/wp-json\/wp\/v2\/pages"}],"about":[{"href":"https:\/\/nuevo-renacer.com\/tr\/wp-json\/wp\/v2\/types\/page"}],"author":[{"embeddable":true,"href":"https:\/\/nuevo-renacer.com\/tr\/wp-json\/wp\/v2\/users\/1"}],"replies":[{"embeddable":true,"href":"https:\/\/nuevo-renacer.com\/tr\/wp-json\/wp\/v2\/comments?post=4407"}],"version-history":[{"count":2,"href":"https:\/\/nuevo-renacer.com\/tr\/wp-json\/wp\/v2\/pages\/4407\/revisions"}],"predecessor-version":[{"id":4412,"href":"https:\/\/nuevo-renacer.com\/tr\/wp-json\/wp\/v2\/pages\/4407\/revisions\/4412"}],"wp:featuredmedia":[{"embeddable":true,"href":"https:\/\/nuevo-renacer.com\/tr\/wp-json\/wp\/v2\/media\/4411"}],"wp:attachment":[{"href":"https:\/\/nuevo-renacer.com\/tr\/wp-json\/wp\/v2\/media?parent=4407"}],"curies":[{"name":"wp","href":"https:\/\/api.w.org\/{rel}","templated":true}]}}