{"id":4156,"date":"2024-08-27T12:14:43","date_gmt":"2024-08-27T12:14:43","guid":{"rendered":"https:\/\/ufec-mundial.com\/?page_id=4156"},"modified":"2025-01-03T12:51:30","modified_gmt":"2025-01-03T12:51:30","slug":"phillis-wheatley","status":"publish","type":"page","link":"https:\/\/nuevo-renacer.com\/tr\/phillis-wheatley\/","title":{"rendered":"Phillis Wheatley"},"content":{"rendered":"<div class=\"wp-block-uagb-container uagb-block-8ad90be7 alignfull uagb-is-root-container\"><div class=\"uagb-container-inner-blocks-wrap\">\n<p class=\"has-black-color has-text-color has-link-color has-medium-font-size wp-elements-9cb6edabd3c1904eeca27db4aa5de16e\"><strong>Phillis Wheatley<\/strong> <strong>\u2013 O bir kad\u0131nd\u0131, siyaht\u0131, k\u00f6leydi, ama o bir \u015fairdi.<\/strong><\/p>\n<\/div><\/div>\n\n\n\n<div class=\"wp-block-uagb-container uagb-block-241082c4 alignfull uagb-is-root-container\"><div class=\"uagb-container-inner-blocks-wrap\">\n<figure class=\"wp-block-image size-full is-resized\"><img fetchpriority=\"high\" decoding=\"async\" width=\"220\" height=\"305\" src=\"https:\/\/ufec-mundial.com\/wp-content\/uploads\/2024\/08\/Phyllis_Wheatley_Waters-1.jpg\" alt=\"\" class=\"wp-image-4158\" style=\"width:279px;height:auto\" srcset=\"https:\/\/nuevo-renacer.com\/wp-content\/uploads\/2024\/08\/Phyllis_Wheatley_Waters-1.jpg 220w, https:\/\/nuevo-renacer.com\/wp-content\/uploads\/2024\/08\/Phyllis_Wheatley_Waters-1-216x300.jpg 216w, https:\/\/nuevo-renacer.com\/wp-content\/uploads\/2024\/08\/Phyllis_Wheatley_Waters-1-9x12.jpg 9w\" sizes=\"(max-width: 220px) 100vw, 220px\" \/><\/figure>\n<\/div><\/div>\n\n\n\n<div class=\"wp-block-uagb-container uagb-block-d852808b alignfull uagb-is-root-container\"><div class=\"uagb-container-inner-blocks-wrap\">\n<p class=\"has-black-color has-text-color has-link-color has-small-font-size wp-elements-245ab23b90b43c1075d8efe145b4694c\">Phillis Wheatley (1753 \u2013 5 Aral\u0131k 1784), Amerika Birle\u015fik Devletleri&#039;nde bir kitap yay\u0131nlayan ilk Afrikal\u0131 amerikal\u0131 yazard\u0131. \u00c7e\u015fitli Konularda \u015eiirler (\u00c7e\u015fitli konularda \u015eiirler) adl\u0131 eseri, Amerika Birle\u015fik Devletleri Kurtulu\u015f Sava\u015f\u0131&#039;n\u0131n ba\u015flamas\u0131ndan iki y\u0131l \u00f6nce 1773&#039;te yay\u0131nland\u0131 ve afro edebiyat\u0131n\u0131n ilk \u00f6rneklerinden biri olarak g\u00f6r\u00fcl\u00fcyor.<br>Senegal&#039;de do\u011fdu, daha sonra Gambiya olacak yere kuruldu, yedi ya\u015f\u0131ndayken yakaland\u0131 ve k\u00f6leli\u011fe maruz kald\u0131. 1760 y\u0131l\u0131nda Amerika&#039;ya getirildi.<\/p>\n\n\n\n<p class=\"has-black-color has-text-color has-link-color has-small-font-size wp-elements-8088719c154274ba23564b19205a1c19\">Boston&#039;da k\u00f6le sat\u0131\u015fa \u00e7\u0131kar\u0131ld\u0131:<br><strong>- Yedi ya\u015f\u0131nda! \u0130yi bir k\u0131srak olacak!<\/strong><br>Bir\u00e7ok el dokundu, \u00e7\u0131plak.<\/p>\n\n\n\n<p class=\"has-black-color has-text-color has-link-color has-small-font-size wp-elements-8ae0d509816c326f6b173015ba3191d9\">Sonunda Boston, Massachusetts&#039;ten John ve Susannah Wheatley sat\u0131n al\u0131p b\u00fcy\u00fctt\u00fcler. K\u0131z\u0131n Latince, Yunanca, mitoloji ve tarih \u00e7al\u0131\u015fmalar\u0131 da dahil olmak \u00fczere iyi bir e\u011fitim almak i\u00e7in entelekt\u00fcel olarak donan\u0131ml\u0131 olmas\u0131n\u0131 sa\u011flayan bir t\u00fcccar ailesiydi. K\u0131sa s\u00fcre sonra ingilizceye hakim oldu ve ilk \u015fiiri 13 ya\u015f\u0131nda Newport Merk\u00fcr&#039;de 1767&#039;ye g\u00f6nderildi.<br>Phillips olarak adland\u0131r\u0131ld\u0131, \u00e7\u00fcnk\u00fc bu y\u00fczden onu getiren gemi ve al\u0131c\u0131lar\u0131n soyad\u0131 oldu\u011fu i\u00e7in Wheatley olarak adland\u0131r\u0131ld\u0131.<br><br>On \u00fc\u00e7 ya\u015f\u0131ndayken, kendisine ait olmayan bir dilde \u015fiirler yazd\u0131\u011f\u0131ndan beri. Kimse onun yazar oldu\u011funa inanmad\u0131.<\/p>\n\n\n\n<p class=\"has-black-color has-text-color has-link-color has-small-font-size wp-elements-2a8347377341ecb2a06ae744c83b083e\">Wheatley yirmi ya\u015f\u0131ndayken mahkemelerde edebi olma kapasitesini savunmak zorunda kald\u0131. John Erving, rahip Charles Chauncey, John Hancock, Massachusetts valisi Thomas Hutchinson ve vali yard\u0131mc\u0131s\u0131 Andrew Oliver da dahil olmak \u00fczere Boston&#039;dan bir grup entelekt\u00fcel taraf\u0131ndan muayene edildi. Virgil ve Milton&#039;un metinlerini ve \u0130ncil&#039;in baz\u0131 pasajlar\u0131n\u0131 okumak zorunda kald\u0131 ve ayr\u0131ca yazd\u0131\u011f\u0131 \u015fiirlerin intihal edilmedi\u011fine yemin etmek zorunda kald\u0131. Bir sandalyeden, mahkeme kabul edene kadar uzun muayenesinden vazge\u00e7ti: o bir kad\u0131nd\u0131, siyaht\u0131, k\u00f6leydi ama o bir \u015fairdi.<\/p>\n\n\n\n<p class=\"has-black-color has-text-color has-link-color has-small-font-size wp-elements-2165828529a1c780cf6e86e93d2c1ee6\">Kendisine atfedilen \u015fiirlerin yazar\u0131 oldu\u011fu sonucuna vard\u0131lar ve 1773&#039;te Aldgate, Londra&#039;da yay\u0131nlanan Dini ve Ahlaki \u00c7e\u015fitli Konularda \u015eiirler kitab\u0131n\u0131n \u00f6ns\u00f6z\u00fcnde yay\u0131nlanan bir sertifika imzalad\u0131lar.<\/p>\n\n\n\n<p class=\"has-black-color has-text-color has-link-color has-small-font-size wp-elements-dc71b136eb6059e3903a2fc1f1325706\">Bu, Amerika Birle\u015fik Devletleri tarihinde siyah ve beyaz aras\u0131ndaki entelekt\u00fcel e\u015fitli\u011fin ilk tan\u0131nmas\u0131n\u0131 temsil ediyordu. G\u00fcn\u00fcm\u00fczde \u00f6nemsiz g\u00f6r\u00fcnen, ancak zaman\u0131nda bir vahiy olan bir ger\u00e7ek ve kendi a\u011f\u0131rl\u0131\u011f\u0131yla d\u00fc\u015fen bir \u015feyden ba\u015fka bir \u015fey istemediklerine dair \u00e7ok say\u0131da iddiay\u0131 ortaya \u00e7\u0131karan k\u0131v\u0131lc\u0131m, bir insan olarak benim oldu\u011fum haklar\u0131n tan\u0131nmas\u0131.<br>George Washington \u015fiirine hayran kald\u0131, ona &#034;b\u00fcy\u00fck \u015fiir dehas\u0131&#034;ile at\u0131fta bulundu. Ve e\u011fer bu, H\u0131ristiyan i\u00e7eri\u011fiyle bir\u00e7ok kez karakterize edildiyse, al\u0131c\u0131lar\u0131 John ve Susannah Wheatley arac\u0131l\u0131\u011f\u0131yla bu inanca d\u00f6n\u00fc\u015ft\u00fcr\u00fcld\u00fc\u011f\u00fc i\u00e7indir.<\/p>\n\n\n\n<p class=\"has-black-color has-text-color has-link-color has-small-font-size wp-elements-83d967eb07a142991cd70aa8d83da671\">Phillis tan\u0131nm\u0131\u015f bir yazar oldu. 1773&#039;te Nathaniel Wheatley ile birlikte \u0130ngiltere&#039;ye gitti ve orada Benjamin Franklin, Dartmouth kontu ve Londra belediye ba\u015fkan\u0131 gibi bir dizi ileri gelenle tan\u0131\u015ft\u0131. Ayr\u0131ca Smollett&#039;li Don Ki\u015fot&#039;un \u00e7evirisi olan John Milton&#039;un Kay\u0131p Cenneti&#039;nin bir kopyas\u0131n\u0131 ve Huntingdon Kontesi ve \u00fcnl\u00fc misyoner, k\u00f6lelik kar\u015f\u0131t\u0131 Selina Hastings&#039;i ald\u0131, \u015fiir yay\u0131nlamaya devam edece\u011fine deste\u011fini g\u00f6sterdi. Ayn\u0131 y\u0131l Phillis Wheatley, \u00f6zg\u00fcrl\u00fc\u011f\u00fcn\u00fc sat\u0131n ald\u0131\u011f\u0131 Amerika&#039;ya d\u00f6nd\u00fc ve Dini ve Ahlaki \u00c7e\u015fitli Konularda \u015eiirler yay\u0131nlad\u0131.<\/p>\n\n\n\n<p class=\"has-black-color has-text-color has-link-color has-small-font-size wp-elements-224a1d0c8a3820a40d9d66376ba2fafb\">John ve Susannah Wheatley&#039;nin \u00f6l\u00fcm\u00fcnden sonra Phillis, John Peters ad\u0131nda siyah bir \u00f6zg\u00fcr adamla evlendi. Kocas\u0131 onu terk ettikten sonra hizmet\u00e7i olarak ev i\u015fi yapt\u0131. Ne s\u0131k\u0131 \u00e7al\u0131\u015fmas\u0131 ne de sanatsal yetene\u011fi onlara refah vermezdi, bu da 31 ya\u015f\u0131nda yoksulluk i\u00e7inde erken \u00f6l\u00fcm\u00fcne ve birka\u00e7 saat sonra \u00fc\u00e7\u00fcnc\u00fc \u00e7ocuklar\u0131n\u0131n \u00f6lmesine neden oldu.<br>\u015eiirlerinin \u00e7o\u011fu \u00fcnl\u00fc ki\u015filiklere adanm\u0131\u015ft\u0131r. Yazd\u0131\u011f\u0131 \u015fiirlerde kendi durumundan s\u0131n\u0131rl\u0131 bir s\u00fcre bahseder. K\u00f6lelikle u\u011fra\u015fan az say\u0131daki ki\u015fiden biri &#034;Afrika&#039;dan Amerika&#039;ya getirilmek \u00fczerine&#034; :<\/p>\n\n\n\n<p class=\"has-black-color has-text-color has-link-color has-medium-font-size wp-elements-63dba12d72d9336c1b9b76653e50a2e0\"><strong>Afrika&#039;dan Amerika&#039;ya getirilmek \u00fczerine<\/strong><\/p>\n\n\n\n<p class=\"has-black-color has-text-color has-link-color has-small-font-size wp-elements-cddd7c28794b0fbf643e2fceb0bc9f40\"><strong>Beni putperest topraklar\u0131mdan getiren l\u00fctuftu.,<br>anlay\u0131\u015fl\u0131 ruhuma anlamay\u0131 \u00f6\u011fretti<br>bir Tanr\u0131 oldu\u011funu, bir Kurtar\u0131c\u0131n\u0131n da oldu\u011funu:<br>Bir kere ne kefaret istedim ne de kefaretten haberim oldu.<br>Baz\u0131lar\u0131n\u0131z karanl\u0131k \u0131rk\u0131m\u0131za k\u00fc\u00e7\u00fcmseyerek bak\u0131yor,<br>&#034;Senin rengin \u015feytan\u0131n simgesidir.&#034;<br>Unutmay\u0131n, H\u0131ristiyanlar, zenciler, Cain kadar,<br>Rafine edilebilir ve melek trenine kat\u0131labilir.<\/strong><\/p>\n\n\n\n<p class=\"has-black-color has-text-color has-link-color has-medium-font-size wp-elements-9a222677c8bb8a47d679d11d87d066e8\"><strong>Hayal g\u00fcc\u00fc<\/strong><\/p>\n\n\n\n<p class=\"has-black-color has-text-color has-link-color has-small-font-size wp-elements-41ffa5a64500e779ca668ff8496649d6\"><strong>\u00a1Hayal g\u00fcc\u00fc! Senin g\u00fcc\u00fcn\u00fc kim s\u00f6yleyebilir?<br>Kariyerinizin h\u0131z\u0131n\u0131 kime tarif edersiniz?<br>Parlak mesken bulmak i\u00e7in havada y\u00fckselmek,<br>G\u00f6k g\u00fcr\u00fclt\u00fcs\u00fc Tanr\u0131s\u0131n\u0131n imparatorluk saray\u0131,<br>Kanatlar\u0131nda r\u00fczgar\u0131n intikam\u0131,<br>Ve yuvarlanan evreni terk ediyoruz.<br>Y\u0131ld\u0131zdan y\u0131ld\u0131za zihinsel g\u00f6z dola\u015f\u0131r,<br>G\u00f6kleri \u00f6l\u00e7er ve \u00fcst b\u00f6lgelerden ge\u00e7er;<br>Bir sahnede muhte\u015fem olan her \u015feye sahibiz,<br>Ya da yeni d\u00fcnyalarla sonsuz ruh taraf\u0131ndan hayrete d\u00fc\u015ft\u00fcler.<br>\u015eiirleri \u00f6l\u00fcme devam eden bir \u00f6vg\u00fcd\u00fcr, ger\u00e7ek bir \u00f6zg\u00fcrl\u00fck ve daha iyi bir d\u00fcnya umutlar\u0131n\u0131 oraya yerle\u015ftirmi\u015ftir.<\/strong><\/p>\n\n\n\n<p class=\"has-black-color has-text-color has-link-color has-small-font-size wp-elements-20c130d724e9b6005db04bba0c62b7bf\"><strong>Karde\u015fini \u00f6l\u00fclerle g\u00f6r!<br>Esaretten kurtulmu\u015f, ruh co\u015fkulu u\u00e7ar.<br>Mezarda g\u00fcl\u00fcmser ve ac\u0131y\u0131 \u00f6fkeyle yat\u0131\u015ft\u0131r\u0131r.<br>B\u00f6lgelerde daha a\u00e7\u0131k bak\u0131\u015flar\u0131n sabit \u00f6zlem<\/strong><\/p>\n\n\n\n<p class=\"has-black-color has-text-color has-link-color has-small-font-size wp-elements-913a49af18c7899c380ae93bcf62ed2f\">Bunun gibi hikayeler, deham\u0131z\u0131n do\u011fdu\u011fumuz yer olan k\u00f6kenimizle s\u0131n\u0131rl\u0131 olmad\u0131\u011f\u0131n\u0131 ve ta\u015f\u0131d\u0131\u011f\u0131m\u0131z zorluklardan ba\u011f\u0131ms\u0131z olarak ya da onlara te\u015fekk\u00fcr etti\u011fimizden ba\u011f\u0131ms\u0131z olarak, i\u00e7inde ta\u015f\u0131d\u0131\u011f\u0131m\u0131z, f\u0131\u015fk\u0131ran, reenkarnasyonun incelikli ger\u00e7ekli\u011fini g\u00f6steren bir bin y\u0131ll\u0131k oldu\u011fumuzu g\u00f6steriyor.<\/p>\n\n\n\n<p class=\"has-black-color has-text-color has-link-color has-small-font-size wp-elements-76bc2c06c03774ed9eb1964482536279\">O bir kad\u0131nd\u0131, siyaht\u0131, k\u00f6leydi ama o bir \u015fairdi...<\/p>\n<\/div><\/div>\n\n\n\n<div class=\"wp-block-uagb-container uagb-block-183781b1 alignfull uagb-is-root-container\"><div class=\"uagb-container-inner-blocks-wrap\"><\/div><\/div>\n\n\n\n<div class=\"wp-block-uagb-container uagb-block-19e7a0f9 alignfull uagb-is-root-container\"><div class=\"uagb-container-inner-blocks-wrap\"><\/div><\/div>","protected":false},"excerpt":{"rendered":"<p>Phillis Wheatley &#8211; Era mujer, era negra, era esclava, pero era poeta Phillis Wheatley (1753 &#8211; 5 de diciembre de 1784), fue la primera escritora afroamericana en publicar un libro en los Estados Unidos. Su obra Poems on Various Subjects (Poemas sobre Varios Asuntos) fue publicada en 1773, dos a\u00f1os antes de que comenzara la [&hellip;]<\/p>","protected":false},"author":1,"featured_media":4150,"parent":0,"menu_order":0,"comment_status":"closed","ping_status":"closed","template":"","meta":{"_uag_custom_page_level_css":"","site-sidebar-layout":"default","site-content-layout":"","ast-site-content-layout":"default","site-content-style":"default","site-sidebar-style":"default","ast-global-header-display":"","ast-banner-title-visibility":"","ast-main-header-display":"","ast-hfb-above-header-display":"","ast-hfb-below-header-display":"","ast-hfb-mobile-header-display":"","site-post-title":"","ast-breadcrumbs-content":"","ast-featured-img":"","footer-sml-layout":"","theme-transparent-header-meta":"","adv-header-id-meta":"","stick-header-meta":"","header-above-stick-meta":"","header-main-stick-meta":"","header-below-stick-meta":"","astra-migrate-meta-layouts":"set","ast-page-background-enabled":"default","ast-page-background-meta":{"desktop":{"background-color":"var(--ast-global-color-4)","background-image":"","background-repeat":"repeat","background-position":"center center","background-size":"auto","background-attachment":"scroll","background-type":"","background-media":"","overlay-type":"","overlay-color":"","overlay-opacity":"","overlay-gradient":""},"tablet":{"background-color":"","background-image":"","background-repeat":"repeat","background-position":"center center","background-size":"auto","background-attachment":"scroll","background-type":"","background-media":"","overlay-type":"","overlay-color":"","overlay-opacity":"","overlay-gradient":""},"mobile":{"background-color":"","background-image":"","background-repeat":"repeat","background-position":"center center","background-size":"auto","background-attachment":"scroll","background-type":"","background-media":"","overlay-type":"","overlay-color":"","overlay-opacity":"","overlay-gradient":""}},"ast-content-background-meta":{"desktop":{"background-color":"var(--ast-global-color-5)","background-image":"","background-repeat":"repeat","background-position":"center center","background-size":"auto","background-attachment":"scroll","background-type":"","background-media":"","overlay-type":"","overlay-color":"","overlay-opacity":"","overlay-gradient":""},"tablet":{"background-color":"var(--ast-global-color-5)","background-image":"","background-repeat":"repeat","background-position":"center center","background-size":"auto","background-attachment":"scroll","background-type":"","background-media":"","overlay-type":"","overlay-color":"","overlay-opacity":"","overlay-gradient":""},"mobile":{"background-color":"var(--ast-global-color-5)","background-image":"","background-repeat":"repeat","background-position":"center center","background-size":"auto","background-attachment":"scroll","background-type":"","background-media":"","overlay-type":"","overlay-color":"","overlay-opacity":"","overlay-gradient":""}},"footnotes":""},"class_list":["post-4156","page","type-page","status-publish","has-post-thumbnail","hentry"],"yoast_head":"<!-- This site is optimized with the Yoast SEO Premium plugin v24.2 (Yoast SEO v24.6) - https:\/\/yoast.com\/wordpress\/plugins\/seo\/ -->\n<title>Phillis Wheatley - Uni\u00f3n Esp\u00edrita<\/title>\n<meta name=\"robots\" content=\"index, follow, max-snippet:-1, max-image-preview:large, max-video-preview:-1\" \/>\n<link rel=\"canonical\" href=\"https:\/\/nuevo-renacer.com\/tr\/phillis-wheatley\/\" \/>\n<meta property=\"og:locale\" content=\"tr_TR\" \/>\n<meta property=\"og:type\" content=\"article\" \/>\n<meta property=\"og:title\" content=\"Phillis Wheatley\" \/>\n<meta property=\"og:description\" content=\"Phillis Wheatley &#8211; Era mujer, era negra, era esclava, pero era poeta Phillis Wheatley (1753 &#8211; 5 de diciembre de 1784), fue la primera escritora afroamericana en publicar un libro en los Estados Unidos. Su obra Poems on Various Subjects (Poemas sobre Varios Asuntos) fue publicada en 1773, dos a\u00f1os antes de que comenzara la [&hellip;]\" \/>\n<meta property=\"og:url\" content=\"https:\/\/nuevo-renacer.com\/tr\/phillis-wheatley\/\" \/>\n<meta property=\"og:site_name\" content=\"Uni\u00f3n Esp\u00edrita\" \/>\n<meta property=\"article:publisher\" content=\"https:\/\/www.facebook.com\/groups\/3431398063740829\" \/>\n<meta property=\"article:modified_time\" content=\"2025-01-03T12:51:30+00:00\" \/>\n<meta property=\"og:image\" content=\"https:\/\/nuevo-renacer.com\/wp-content\/uploads\/2024\/08\/Phyllis_Wheatley_Waters.jpg\" \/>\n\t<meta property=\"og:image:width\" content=\"220\" \/>\n\t<meta property=\"og:image:height\" content=\"305\" \/>\n\t<meta property=\"og:image:type\" content=\"image\/jpeg\" \/>\n<meta name=\"twitter:card\" content=\"summary_large_image\" \/>\n<meta name=\"twitter:label1\" content=\"Tahmini okuma s\u00fcresi\" \/>\n\t<meta name=\"twitter:data1\" content=\"5 dakika\" \/>\n<script type=\"application\/ld+json\" class=\"yoast-schema-graph\">{\"@context\":\"https:\/\/schema.org\",\"@graph\":[{\"@type\":\"WebPage\",\"@id\":\"https:\/\/nuevo-renacer.com\/phillis-wheatley\/\",\"url\":\"https:\/\/nuevo-renacer.com\/phillis-wheatley\/\",\"name\":\"Phillis Wheatley - Uni\u00f3n Esp\u00edrita\",\"isPartOf\":{\"@id\":\"https:\/\/nuevo-renacer.com\/#website\"},\"primaryImageOfPage\":{\"@id\":\"https:\/\/nuevo-renacer.com\/phillis-wheatley\/#primaryimage\"},\"image\":{\"@id\":\"https:\/\/nuevo-renacer.com\/phillis-wheatley\/#primaryimage\"},\"thumbnailUrl\":\"https:\/\/nuevo-renacer.com\/wp-content\/uploads\/2024\/08\/Phyllis_Wheatley_Waters.jpg\",\"datePublished\":\"2024-08-27T12:14:43+00:00\",\"dateModified\":\"2025-01-03T12:51:30+00:00\",\"breadcrumb\":{\"@id\":\"https:\/\/nuevo-renacer.com\/phillis-wheatley\/#breadcrumb\"},\"inLanguage\":\"tr\",\"potentialAction\":[{\"@type\":\"ReadAction\",\"target\":[\"https:\/\/nuevo-renacer.com\/phillis-wheatley\/\"]}]},{\"@type\":\"ImageObject\",\"inLanguage\":\"tr\",\"@id\":\"https:\/\/nuevo-renacer.com\/phillis-wheatley\/#primaryimage\",\"url\":\"https:\/\/nuevo-renacer.com\/wp-content\/uploads\/2024\/08\/Phyllis_Wheatley_Waters.jpg\",\"contentUrl\":\"https:\/\/nuevo-renacer.com\/wp-content\/uploads\/2024\/08\/Phyllis_Wheatley_Waters.jpg\",\"width\":220,\"height\":305},{\"@type\":\"BreadcrumbList\",\"@id\":\"https:\/\/nuevo-renacer.com\/phillis-wheatley\/#breadcrumb\",\"itemListElement\":[{\"@type\":\"ListItem\",\"position\":1,\"name\":\"Startseite\",\"item\":\"https:\/\/nuevo-renacer.com\/\"},{\"@type\":\"ListItem\",\"position\":2,\"name\":\"Phillis Wheatley\"}]},{\"@type\":\"WebSite\",\"@id\":\"https:\/\/nuevo-renacer.com\/#website\",\"url\":\"https:\/\/nuevo-renacer.com\/\",\"name\":\"Uni\u00f3n Esp\u00edrita\",\"description\":\"Nuevo Renacer\",\"publisher\":{\"@id\":\"https:\/\/nuevo-renacer.com\/#organization\"},\"potentialAction\":[{\"@type\":\"SearchAction\",\"target\":{\"@type\":\"EntryPoint\",\"urlTemplate\":\"https:\/\/nuevo-renacer.com\/?s={search_term_string}\"},\"query-input\":{\"@type\":\"PropertyValueSpecification\",\"valueRequired\":true,\"valueName\":\"search_term_string\"}}],\"inLanguage\":\"tr\"},{\"@type\":\"Organization\",\"@id\":\"https:\/\/nuevo-renacer.com\/#organization\",\"name\":\"UFEC\",\"url\":\"https:\/\/nuevo-renacer.com\/\",\"logo\":{\"@type\":\"ImageObject\",\"inLanguage\":\"tr\",\"@id\":\"https:\/\/nuevo-renacer.com\/#\/schema\/logo\/image\/\",\"url\":\"https:\/\/nuevo-renacer.com\/wp-content\/uploads\/2024\/05\/cropped-LOGO-TERMINADO1-3-3.png\",\"contentUrl\":\"https:\/\/nuevo-renacer.com\/wp-content\/uploads\/2024\/05\/cropped-LOGO-TERMINADO1-3-3.png\",\"width\":512,\"height\":512,\"caption\":\"UFEC\"},\"image\":{\"@id\":\"https:\/\/nuevo-renacer.com\/#\/schema\/logo\/image\/\"},\"sameAs\":[\"https:\/\/www.facebook.com\/groups\/3431398063740829\"]}]}<\/script>\n<!-- \/ Yoast SEO Premium plugin. -->","yoast_head_json":{"title":"Phillis Wheatley - Uni\u00f3n Esp\u00edrita","robots":{"index":"index","follow":"follow","max-snippet":"max-snippet:-1","max-image-preview":"max-image-preview:large","max-video-preview":"max-video-preview:-1"},"canonical":"https:\/\/nuevo-renacer.com\/tr\/phillis-wheatley\/","og_locale":"tr_TR","og_type":"article","og_title":"Phillis Wheatley","og_description":"Phillis Wheatley &#8211; Era mujer, era negra, era esclava, pero era poeta Phillis Wheatley (1753 &#8211; 5 de diciembre de 1784), fue la primera escritora afroamericana en publicar un libro en los Estados Unidos. Su obra Poems on Various Subjects (Poemas sobre Varios Asuntos) fue publicada en 1773, dos a\u00f1os antes de que comenzara la [&hellip;]","og_url":"https:\/\/nuevo-renacer.com\/tr\/phillis-wheatley\/","og_site_name":"Uni\u00f3n Esp\u00edrita","article_publisher":"https:\/\/www.facebook.com\/groups\/3431398063740829","article_modified_time":"2025-01-03T12:51:30+00:00","og_image":[{"width":220,"height":305,"url":"https:\/\/nuevo-renacer.com\/wp-content\/uploads\/2024\/08\/Phyllis_Wheatley_Waters.jpg","type":"image\/jpeg"}],"twitter_card":"summary_large_image","twitter_misc":{"Tahmini okuma s\u00fcresi":"5 dakika"},"schema":{"@context":"https:\/\/schema.org","@graph":[{"@type":"WebPage","@id":"https:\/\/nuevo-renacer.com\/phillis-wheatley\/","url":"https:\/\/nuevo-renacer.com\/phillis-wheatley\/","name":"Phillis Wheatley - Uni\u00f3n Esp\u00edrita","isPartOf":{"@id":"https:\/\/nuevo-renacer.com\/#website"},"primaryImageOfPage":{"@id":"https:\/\/nuevo-renacer.com\/phillis-wheatley\/#primaryimage"},"image":{"@id":"https:\/\/nuevo-renacer.com\/phillis-wheatley\/#primaryimage"},"thumbnailUrl":"https:\/\/nuevo-renacer.com\/wp-content\/uploads\/2024\/08\/Phyllis_Wheatley_Waters.jpg","datePublished":"2024-08-27T12:14:43+00:00","dateModified":"2025-01-03T12:51:30+00:00","breadcrumb":{"@id":"https:\/\/nuevo-renacer.com\/phillis-wheatley\/#breadcrumb"},"inLanguage":"tr","potentialAction":[{"@type":"ReadAction","target":["https:\/\/nuevo-renacer.com\/phillis-wheatley\/"]}]},{"@type":"ImageObject","inLanguage":"tr","@id":"https:\/\/nuevo-renacer.com\/phillis-wheatley\/#primaryimage","url":"https:\/\/nuevo-renacer.com\/wp-content\/uploads\/2024\/08\/Phyllis_Wheatley_Waters.jpg","contentUrl":"https:\/\/nuevo-renacer.com\/wp-content\/uploads\/2024\/08\/Phyllis_Wheatley_Waters.jpg","width":220,"height":305},{"@type":"BreadcrumbList","@id":"https:\/\/nuevo-renacer.com\/phillis-wheatley\/#breadcrumb","itemListElement":[{"@type":"ListItem","position":1,"name":"Startseite","item":"https:\/\/nuevo-renacer.com\/"},{"@type":"ListItem","position":2,"name":"Phillis Wheatley"}]},{"@type":"WebSite","@id":"https:\/\/nuevo-renacer.com\/#website","url":"https:\/\/nuevo-renacer.com\/","name":"Uni\u00f3n Esp\u00edrita","description":"Nuevo Renacer","publisher":{"@id":"https:\/\/nuevo-renacer.com\/#organization"},"potentialAction":[{"@type":"SearchAction","target":{"@type":"EntryPoint","urlTemplate":"https:\/\/nuevo-renacer.com\/?s={search_term_string}"},"query-input":{"@type":"PropertyValueSpecification","valueRequired":true,"valueName":"search_term_string"}}],"inLanguage":"tr"},{"@type":"Organization","@id":"https:\/\/nuevo-renacer.com\/#organization","name":"UFEC","url":"https:\/\/nuevo-renacer.com\/","logo":{"@type":"ImageObject","inLanguage":"tr","@id":"https:\/\/nuevo-renacer.com\/#\/schema\/logo\/image\/","url":"https:\/\/nuevo-renacer.com\/wp-content\/uploads\/2024\/05\/cropped-LOGO-TERMINADO1-3-3.png","contentUrl":"https:\/\/nuevo-renacer.com\/wp-content\/uploads\/2024\/05\/cropped-LOGO-TERMINADO1-3-3.png","width":512,"height":512,"caption":"UFEC"},"image":{"@id":"https:\/\/nuevo-renacer.com\/#\/schema\/logo\/image\/"},"sameAs":["https:\/\/www.facebook.com\/groups\/3431398063740829"]}]}},"uagb_featured_image_src":{"full":["https:\/\/nuevo-renacer.com\/wp-content\/uploads\/2024\/08\/Phyllis_Wheatley_Waters.jpg",220,305,false],"thumbnail":["https:\/\/nuevo-renacer.com\/wp-content\/uploads\/2024\/08\/Phyllis_Wheatley_Waters-150x150.jpg",150,150,true],"medium":["https:\/\/nuevo-renacer.com\/wp-content\/uploads\/2024\/08\/Phyllis_Wheatley_Waters-216x300.jpg",216,300,true],"medium_large":["https:\/\/nuevo-renacer.com\/wp-content\/uploads\/2024\/08\/Phyllis_Wheatley_Waters.jpg",220,305,false],"large":["https:\/\/nuevo-renacer.com\/wp-content\/uploads\/2024\/08\/Phyllis_Wheatley_Waters.jpg",220,305,false],"1536x1536":["https:\/\/nuevo-renacer.com\/wp-content\/uploads\/2024\/08\/Phyllis_Wheatley_Waters.jpg",220,305,false],"2048x2048":["https:\/\/nuevo-renacer.com\/wp-content\/uploads\/2024\/08\/Phyllis_Wheatley_Waters.jpg",220,305,false],"trp-custom-language-flag":["https:\/\/nuevo-renacer.com\/wp-content\/uploads\/2024\/08\/Phyllis_Wheatley_Waters-9x12.jpg",9,12,true]},"uagb_author_info":{"display_name":"adbv0","author_link":"https:\/\/nuevo-renacer.com\/tr\/author\/adbv0\/"},"uagb_comment_info":0,"uagb_excerpt":"Phillis Wheatley &#8211; Era mujer, era negra, era esclava, pero era poeta Phillis Wheatley (1753 &#8211; 5 de diciembre de 1784), fue la primera escritora afroamericana en publicar un libro en los Estados Unidos. Su obra Poems on Various Subjects (Poemas sobre Varios Asuntos) fue publicada en 1773, dos a\u00f1os antes de que comenzara la&hellip;","jetpack_sharing_enabled":true,"_links":{"self":[{"href":"https:\/\/nuevo-renacer.com\/tr\/wp-json\/wp\/v2\/pages\/4156","targetHints":{"allow":["GET"]}}],"collection":[{"href":"https:\/\/nuevo-renacer.com\/tr\/wp-json\/wp\/v2\/pages"}],"about":[{"href":"https:\/\/nuevo-renacer.com\/tr\/wp-json\/wp\/v2\/types\/page"}],"author":[{"embeddable":true,"href":"https:\/\/nuevo-renacer.com\/tr\/wp-json\/wp\/v2\/users\/1"}],"replies":[{"embeddable":true,"href":"https:\/\/nuevo-renacer.com\/tr\/wp-json\/wp\/v2\/comments?post=4156"}],"version-history":[{"count":9,"href":"https:\/\/nuevo-renacer.com\/tr\/wp-json\/wp\/v2\/pages\/4156\/revisions"}],"predecessor-version":[{"id":6658,"href":"https:\/\/nuevo-renacer.com\/tr\/wp-json\/wp\/v2\/pages\/4156\/revisions\/6658"}],"wp:featuredmedia":[{"embeddable":true,"href":"https:\/\/nuevo-renacer.com\/tr\/wp-json\/wp\/v2\/media\/4150"}],"wp:attachment":[{"href":"https:\/\/nuevo-renacer.com\/tr\/wp-json\/wp\/v2\/media?parent=4156"}],"curies":[{"name":"wp","href":"https:\/\/api.w.org\/{rel}","templated":true}]}}