{"id":4053,"date":"2024-07-19T05:52:11","date_gmt":"2024-07-19T05:52:11","guid":{"rendered":"https:\/\/ufec-mundial.com\/?page_id=4053"},"modified":"2024-07-19T05:52:12","modified_gmt":"2024-07-19T05:52:12","slug":"como-lograremos-ser-bienaventurados","status":"publish","type":"page","link":"https:\/\/nuevo-renacer.com\/tr\/como-lograremos-ser-bienaventurados\/","title":{"rendered":"Nas\u0131l kutsanabiliriz?"},"content":{"rendered":"<div class=\"wp-block-uagb-container uagb-block-c3830de0 alignfull uagb-is-root-container\"><div class=\"uagb-container-inner-blocks-wrap\">\n<p class=\"has-black-color has-text-color has-link-color has-medium-font-size wp-elements-d3f75370c1711ead84c9d93811be09c8\"><strong>Nas\u0131l kutsanabiliriz?<\/strong><\/p>\n<\/div><\/div>\n\n\n\n<div class=\"wp-block-uagb-container uagb-block-bc3ff565 alignfull uagb-is-root-container\"><div class=\"uagb-container-inner-blocks-wrap\">\n<figure class=\"wp-block-image size-full is-resized\"><img fetchpriority=\"high\" decoding=\"async\" width=\"1125\" height=\"1046\" src=\"https:\/\/ufec-mundial.com\/wp-content\/uploads\/2024\/07\/400645926_7109491882404566_6709214791623379716_n.jpg\" alt=\"\" class=\"wp-image-4055\" style=\"width:382px;height:auto\" srcset=\"https:\/\/nuevo-renacer.com\/wp-content\/uploads\/2024\/07\/400645926_7109491882404566_6709214791623379716_n.jpg 1125w, https:\/\/nuevo-renacer.com\/wp-content\/uploads\/2024\/07\/400645926_7109491882404566_6709214791623379716_n-300x279.jpg 300w, https:\/\/nuevo-renacer.com\/wp-content\/uploads\/2024\/07\/400645926_7109491882404566_6709214791623379716_n-768x714.jpg 768w, https:\/\/nuevo-renacer.com\/wp-content\/uploads\/2024\/07\/400645926_7109491882404566_6709214791623379716_n-1024x952.jpg 1024w, https:\/\/nuevo-renacer.com\/wp-content\/uploads\/2024\/07\/400645926_7109491882404566_6709214791623379716_n-13x12.jpg 13w\" sizes=\"(max-width: 1125px) 100vw, 1125px\" \/><\/figure>\n<\/div><\/div>\n\n\n\n<div class=\"wp-block-uagb-container uagb-block-d9de15f2 alignfull uagb-is-root-container\"><div class=\"uagb-container-inner-blocks-wrap\">\n<p class=\"has-black-color has-text-color has-link-color has-small-font-size wp-elements-8b781d83a11176c1a41175d3abb33ebc\">\u0130sa b\u00fcy\u00fck bir kalabal\u0131k g\u00f6r\u00fcnce da\u011fa t\u0131rmand\u0131 ve oturduktan sonra \u00f6\u011frencileriyle birlikte yan\u0131na geldi ve onlara \u015funlar\u0131 s\u00f6ylemeyi \u00f6\u011fretti::<\/p>\n\n\n\n<p class=\"has-black-color has-text-color has-link-color has-small-font-size wp-elements-c2140c508f360dd37c4083acddc30e62\">1. &#034;Ruh bak\u0131m\u0131ndan yoksullar kutsanm\u0131\u015ft\u0131r; \u00c7\u00fcnk\u00fc G\u00f6klerin Egemenli\u011fi onlar\u0131nd\u0131r.&#034;Cennetin Krall\u0131\u011f\u0131 Ruh bak\u0131m\u0131ndan fakirler i\u00e7indir, \u00e7\u00fcnk\u00fc Tanr\u0131 gurur duyanlar\u0131 istemez. Gurur duymak, kibir, kibir ve benlik sayg\u0131s\u0131n\u0131n fazlal\u0131\u011f\u0131 anlam\u0131na gelir; bu, bazen asil nedenlerden do\u011fan ve erdemli olarak gizlenebilir; B\u00f6yle bir yakla\u015f\u0131m\u0131n Baba&#039;ya ula\u015fmam\u0131z\u0131 zorla\u015ft\u0131rmas\u0131. Bu nedenle \u0130sa, gururu olmayanlara yoksul Ruhlar\u0131 \u00e7a\u011f\u0131rd\u0131.<\/p>\n\n\n\n<p class=\"has-black-color has-text-color has-link-color has-small-font-size wp-elements-16c0879141f332be42a6dc9d2afd6037\">2. &#034;Uysallar kutsanm\u0131\u015ft\u0131r; \u00e7\u00fcnk\u00fc onlar Yery\u00fcz\u00fcne sahip olacaklard\u0131r.&#034;Uysal olmak, nazik, nazik, dindar, uysal ve nazik olmakla e\u015fde\u011ferdir; Buna kar\u015f\u0131l\u0131k \u015fiddet, \u0131ra taraf\u0131ndan kolayca ta\u015f\u0131nan bir dahinin yakalanmas\u0131n\u0131 veya aceleci olmas\u0131n\u0131 i\u00e7erir. Siz uysal oluncaya kadar \u015fiddet uygulayan insanlar\u0131n alt d\u00fcnyalarda enkarne olmak zorunda kalaca\u011f\u0131n\u0131 biliyoruz; Bu nedenle, \u015fiddet i\u00e7eren herhangi bir \u00f6zelli\u011fi at\u0131n. Unutmayal\u0131m ki, k\u00f6t\u00fcler azar azar Topraktan s\u00fcr\u00fclecek ve burada sadece iyileri somutla\u015ft\u0131racak.<\/p>\n\n\n\n<p class=\"has-black-color has-text-color has-link-color has-small-font-size wp-elements-0aeab66a51655eb6a3065310054c30f9\">3. &#034;Yas tutanlar kutsanm\u0131\u015ft\u0131r; \u00c7\u00fcnk\u00fc teselli edileceklerdir&#034;. D\u00fcnya bir kefaret ve imtihan d\u00fcnyas\u0131d\u0131r, bu y\u00fczden \u00e7ok fazla \u0131st\u0131rap vard\u0131r. Bu anlamda testlerine katlanmak, katlanmak, tahamm\u00fcl etmek veya desteklemek; - Ac\u0131lar\u0131n\u0131, \u00fcz\u00fcnt\u00fclerini, s\u0131k\u0131nt\u0131lar\u0131n\u0131 veya \u00fcz\u00fcnt\u00fclerini ge\u00e7mi\u015fin hatalar\u0131yla d\u00fczeltin. Hatalar\u0131n\u0131 de\u011fi\u015ftirmek ilahi adaleti tatmin eder. Bu nedenle hatalar\u0131m\u0131zdan kurtuldu\u011fumuzda ac\u0131 \u00e7ekece\u011fimizi ve manevi d\u00fcnyada yumu\u015fak teselli alaca\u011f\u0131m\u0131z\u0131 g\u00f6z ard\u0131 etmeyin. Bo\u015funa de\u011fil, \u00e7\u00fcnk\u00fc \u0130sa yas tutanlar\u0131n teselli edilece\u011fini s\u00f6yledi.<\/p>\n\n\n\n<p class=\"has-black-color has-text-color has-link-color has-small-font-size wp-elements-d2bf9ce69f42fdf8dbd6b8c8d5cd9ed5\">4. &#034;Do\u011fruluk i\u00e7in a\u00e7l\u0131k ve susuzluk \u00e7ekenler kutsanm\u0131\u015ft\u0131r; \u00e7\u00fcnk\u00fc onlar doldurulacaklard\u0131r.&#034; \u0130lahi adalet sars\u0131lmazd\u0131r. Uygun zamanda, do\u011fru veya masum, basit ve ba\u015fkalar\u0131na zararl\u0131 olmayanlar\u0131 telafi eder; ancak su\u00e7luyu veya kas\u0131tl\u0131 olarak ba\u015fkalar\u0131na zarar verenleri cezaland\u0131rmak. Bu y\u00fczden \u0130sa, Baba&#039;n\u0131n adalet ve do\u011fruluk isteyenlerin hepsini hesaba kataca\u011f\u0131n\u0131 ve bu \u015fekilde iyi s\u00fcren arzular\u0131ndan tam olarak tatmin olaca\u011f\u0131n\u0131 s\u00f6yledi.<\/p>\n\n\n\n<p class=\"has-black-color has-text-color has-link-color has-small-font-size wp-elements-f9c0d5450bdacd5d1515f5fa96722840\">5. &#034;Merhametli olanlar kutsanm\u0131\u015ft\u0131r; \u00e7\u00fcnk\u00fc onlar merhamet g\u00f6receklerdir.&#034;Merhametli olanlar mutludur \u00e7\u00fcnk\u00fc kom\u015funuza merhamet ederler. Merhametli kom\u015funuz kimdir, i\u015ften, sefaletlerden ve bunlardan muzdarip s\u0131k\u0131nt\u0131lardan dalgalan\u0131r. Bu nedenle, ilahi merhamete ula\u015fmak istiyorsak, herkes i\u00e7in karde\u015flik ve merhamet g\u00f6sterin.<\/p>\n\n\n\n<p class=\"has-black-color has-text-color has-link-color has-small-font-size wp-elements-5a03de3632a311f151d1def320d9be6d\">6. &#034;Temiz y\u00fcrekler kutsanm\u0131\u015ft\u0131r, \u00e7\u00fcnk\u00fc Tanr\u0131&#039;y\u0131 g\u00f6receklerdir.&#034;Tanr\u0131&#039;n\u0131n saf bir ruh oldu\u011funu biliyoruz. Tanr\u0131&#039;y\u0131 g\u00f6rmek, \u00f6zg\u00fcr ve ahlaki kusurlardan muaf olamayacak kadar saf ve d\u00fcr\u00fcst olmam\u0131z i\u00e7in gereklidir. Manevi ve ahlaki ilerlememizin zaman\u0131n\u0131 i\u00e7eren ilahi \u00f6\u011fretileri incelemeye ve uygulamaya devam edersek b\u00f6yle bir durumun olaca\u011f\u0131m\u0131z\u0131n fark\u0131nday\u0131z; Baba&#039;ya giden tek yol bu, insanlar\u0131 temiz kalpli ve saf olarak kabul edece\u011fiz.<\/p>\n\n\n\n<p class=\"has-black-color has-text-color has-link-color has-small-font-size wp-elements-62db944091f539e0fd397f5f63a57987\">7. &#034;Bar\u0131\u015f\u00e7\u0131lar kutsanm\u0131\u015ft\u0131r; \u00c7\u00fcnk\u00fc onlara Tanr\u0131&#039;n\u0131n O\u011fullar\u0131 denilecek.&#034;Bar\u0131\u015f\u00e7\u0131l, zarar vermeyen, kelimelerle veya eylemlerle zarar vermeyen, sakin olan ve kavgaya veya anla\u015fmazl\u0131\u011fa neden olmayanlard\u0131r. Espirita \u00e7evrenizin huzuru ve sessizli\u011fi i\u00e7in \u00e7al\u0131\u015ft\u0131\u011f\u0131nda, mutlu bir insan olur \u00e7\u00fcnk\u00fc birbirleriyle tam bir uyum i\u00e7inde bir arada bulunur; ve b\u00f6yle bir ilerleme g\u00f6z \u00f6n\u00fcne al\u0131nd\u0131\u011f\u0131nda, Tanr\u0131&#039;n\u0131n ger\u00e7ek bir \u00e7ocu\u011fu olacakt\u0131r.<\/p>\n<\/div><\/div>","protected":false},"excerpt":{"rendered":"<p>\u00bfC\u00f3mo lograremos ser bienaventurados? Y viendo Jes\u00fas a la gran multitud, subi\u00f3 el monte y despu\u00e9s de sentarse llegaron hasta \u00c9l sus disc\u00edpulos y \u00c9l les ense\u00f1aba diciendo: 1. \u00abBienaventurados los pobres de Esp\u00edritu; porque de ellos es el Reino de los Cielos\u00bb. El Reino de los Cielos es de los pobres de Esp\u00edritus, porque [&hellip;]<\/p>","protected":false},"author":1,"featured_media":4055,"parent":0,"menu_order":0,"comment_status":"closed","ping_status":"closed","template":"","meta":{"_uag_custom_page_level_css":"","site-sidebar-layout":"default","site-content-layout":"","ast-site-content-layout":"default","site-content-style":"default","site-sidebar-style":"default","ast-global-header-display":"","ast-banner-title-visibility":"","ast-main-header-display":"","ast-hfb-above-header-display":"","ast-hfb-below-header-display":"","ast-hfb-mobile-header-display":"","site-post-title":"","ast-breadcrumbs-content":"","ast-featured-img":"","footer-sml-layout":"","theme-transparent-header-meta":"","adv-header-id-meta":"","stick-header-meta":"","header-above-stick-meta":"","header-main-stick-meta":"","header-below-stick-meta":"","astra-migrate-meta-layouts":"set","ast-page-background-enabled":"default","ast-page-background-meta":{"desktop":{"background-color":"var(--ast-global-color-4)","background-image":"","background-repeat":"repeat","background-position":"center center","background-size":"auto","background-attachment":"scroll","background-type":"","background-media":"","overlay-type":"","overlay-color":"","overlay-opacity":"","overlay-gradient":""},"tablet":{"background-color":"","background-image":"","background-repeat":"repeat","background-position":"center center","background-size":"auto","background-attachment":"scroll","background-type":"","background-media":"","overlay-type":"","overlay-color":"","overlay-opacity":"","overlay-gradient":""},"mobile":{"background-color":"","background-image":"","background-repeat":"repeat","background-position":"center center","background-size":"auto","background-attachment":"scroll","background-type":"","background-media":"","overlay-type":"","overlay-color":"","overlay-opacity":"","overlay-gradient":""}},"ast-content-background-meta":{"desktop":{"background-color":"var(--ast-global-color-5)","background-image":"","background-repeat":"repeat","background-position":"center center","background-size":"auto","background-attachment":"scroll","background-type":"","background-media":"","overlay-type":"","overlay-color":"","overlay-opacity":"","overlay-gradient":""},"tablet":{"background-color":"var(--ast-global-color-5)","background-image":"","background-repeat":"repeat","background-position":"center center","background-size":"auto","background-attachment":"scroll","background-type":"","background-media":"","overlay-type":"","overlay-color":"","overlay-opacity":"","overlay-gradient":""},"mobile":{"background-color":"var(--ast-global-color-5)","background-image":"","background-repeat":"repeat","background-position":"center center","background-size":"auto","background-attachment":"scroll","background-type":"","background-media":"","overlay-type":"","overlay-color":"","overlay-opacity":"","overlay-gradient":""}},"footnotes":""},"class_list":["post-4053","page","type-page","status-publish","has-post-thumbnail","hentry"],"yoast_head":"<!-- This site is optimized with the Yoast SEO Premium plugin v24.2 (Yoast SEO v24.6) - https:\/\/yoast.com\/wordpress\/plugins\/seo\/ -->\n<title>\u00bfC\u00f3mo lograremos ser bienaventurados? - Uni\u00f3n Esp\u00edrita<\/title>\n<meta name=\"robots\" content=\"index, follow, max-snippet:-1, max-image-preview:large, max-video-preview:-1\" \/>\n<link rel=\"canonical\" href=\"https:\/\/nuevo-renacer.com\/tr\/como-lograremos-ser-bienaventurados\/\" \/>\n<meta property=\"og:locale\" content=\"tr_TR\" \/>\n<meta property=\"og:type\" content=\"article\" \/>\n<meta property=\"og:title\" content=\"\u00bfC\u00f3mo lograremos ser bienaventurados?\" \/>\n<meta property=\"og:description\" content=\"\u00bfC\u00f3mo lograremos ser bienaventurados? Y viendo Jes\u00fas a la gran multitud, subi\u00f3 el monte y despu\u00e9s de sentarse llegaron hasta \u00c9l sus disc\u00edpulos y \u00c9l les ense\u00f1aba diciendo: 1. \u00abBienaventurados los pobres de Esp\u00edritu; porque de ellos es el Reino de los Cielos\u00bb. El Reino de los Cielos es de los pobres de Esp\u00edritus, porque [&hellip;]\" \/>\n<meta property=\"og:url\" content=\"https:\/\/nuevo-renacer.com\/tr\/como-lograremos-ser-bienaventurados\/\" \/>\n<meta property=\"og:site_name\" content=\"Uni\u00f3n Esp\u00edrita\" \/>\n<meta property=\"article:publisher\" content=\"https:\/\/www.facebook.com\/groups\/3431398063740829\" \/>\n<meta property=\"article:modified_time\" content=\"2024-07-19T05:52:12+00:00\" \/>\n<meta property=\"og:image\" content=\"https:\/\/nuevo-renacer.com\/wp-content\/uploads\/2024\/07\/400645926_7109491882404566_6709214791623379716_n.jpg\" \/>\n\t<meta property=\"og:image:width\" content=\"1125\" \/>\n\t<meta property=\"og:image:height\" content=\"1046\" \/>\n\t<meta property=\"og:image:type\" content=\"image\/jpeg\" \/>\n<meta name=\"twitter:card\" content=\"summary_large_image\" \/>\n<meta name=\"twitter:label1\" content=\"Tahmini okuma s\u00fcresi\" \/>\n\t<meta name=\"twitter:data1\" content=\"3 dakika\" \/>\n<script type=\"application\/ld+json\" class=\"yoast-schema-graph\">{\"@context\":\"https:\/\/schema.org\",\"@graph\":[{\"@type\":\"WebPage\",\"@id\":\"https:\/\/nuevo-renacer.com\/como-lograremos-ser-bienaventurados\/\",\"url\":\"https:\/\/nuevo-renacer.com\/como-lograremos-ser-bienaventurados\/\",\"name\":\"\u00bfC\u00f3mo lograremos ser bienaventurados? - Uni\u00f3n Esp\u00edrita\",\"isPartOf\":{\"@id\":\"https:\/\/nuevo-renacer.com\/#website\"},\"primaryImageOfPage\":{\"@id\":\"https:\/\/nuevo-renacer.com\/como-lograremos-ser-bienaventurados\/#primaryimage\"},\"image\":{\"@id\":\"https:\/\/nuevo-renacer.com\/como-lograremos-ser-bienaventurados\/#primaryimage\"},\"thumbnailUrl\":\"https:\/\/nuevo-renacer.com\/wp-content\/uploads\/2024\/07\/400645926_7109491882404566_6709214791623379716_n.jpg\",\"datePublished\":\"2024-07-19T05:52:11+00:00\",\"dateModified\":\"2024-07-19T05:52:12+00:00\",\"breadcrumb\":{\"@id\":\"https:\/\/nuevo-renacer.com\/como-lograremos-ser-bienaventurados\/#breadcrumb\"},\"inLanguage\":\"tr\",\"potentialAction\":[{\"@type\":\"ReadAction\",\"target\":[\"https:\/\/nuevo-renacer.com\/como-lograremos-ser-bienaventurados\/\"]}]},{\"@type\":\"ImageObject\",\"inLanguage\":\"tr\",\"@id\":\"https:\/\/nuevo-renacer.com\/como-lograremos-ser-bienaventurados\/#primaryimage\",\"url\":\"https:\/\/nuevo-renacer.com\/wp-content\/uploads\/2024\/07\/400645926_7109491882404566_6709214791623379716_n.jpg\",\"contentUrl\":\"https:\/\/nuevo-renacer.com\/wp-content\/uploads\/2024\/07\/400645926_7109491882404566_6709214791623379716_n.jpg\",\"width\":1125,\"height\":1046},{\"@type\":\"BreadcrumbList\",\"@id\":\"https:\/\/nuevo-renacer.com\/como-lograremos-ser-bienaventurados\/#breadcrumb\",\"itemListElement\":[{\"@type\":\"ListItem\",\"position\":1,\"name\":\"Startseite\",\"item\":\"https:\/\/nuevo-renacer.com\/\"},{\"@type\":\"ListItem\",\"position\":2,\"name\":\"\u00bfC\u00f3mo lograremos ser bienaventurados?\"}]},{\"@type\":\"WebSite\",\"@id\":\"https:\/\/nuevo-renacer.com\/#website\",\"url\":\"https:\/\/nuevo-renacer.com\/\",\"name\":\"Uni\u00f3n Esp\u00edrita\",\"description\":\"Nuevo Renacer\",\"publisher\":{\"@id\":\"https:\/\/nuevo-renacer.com\/#organization\"},\"potentialAction\":[{\"@type\":\"SearchAction\",\"target\":{\"@type\":\"EntryPoint\",\"urlTemplate\":\"https:\/\/nuevo-renacer.com\/?s={search_term_string}\"},\"query-input\":{\"@type\":\"PropertyValueSpecification\",\"valueRequired\":true,\"valueName\":\"search_term_string\"}}],\"inLanguage\":\"tr\"},{\"@type\":\"Organization\",\"@id\":\"https:\/\/nuevo-renacer.com\/#organization\",\"name\":\"UFEC\",\"url\":\"https:\/\/nuevo-renacer.com\/\",\"logo\":{\"@type\":\"ImageObject\",\"inLanguage\":\"tr\",\"@id\":\"https:\/\/nuevo-renacer.com\/#\/schema\/logo\/image\/\",\"url\":\"https:\/\/nuevo-renacer.com\/wp-content\/uploads\/2024\/05\/cropped-LOGO-TERMINADO1-3-3.png\",\"contentUrl\":\"https:\/\/nuevo-renacer.com\/wp-content\/uploads\/2024\/05\/cropped-LOGO-TERMINADO1-3-3.png\",\"width\":512,\"height\":512,\"caption\":\"UFEC\"},\"image\":{\"@id\":\"https:\/\/nuevo-renacer.com\/#\/schema\/logo\/image\/\"},\"sameAs\":[\"https:\/\/www.facebook.com\/groups\/3431398063740829\"]}]}<\/script>\n<!-- \/ Yoast SEO Premium plugin. -->","yoast_head_json":{"title":"\u00bfC\u00f3mo lograremos ser bienaventurados? - Uni\u00f3n Esp\u00edrita","robots":{"index":"index","follow":"follow","max-snippet":"max-snippet:-1","max-image-preview":"max-image-preview:large","max-video-preview":"max-video-preview:-1"},"canonical":"https:\/\/nuevo-renacer.com\/tr\/como-lograremos-ser-bienaventurados\/","og_locale":"tr_TR","og_type":"article","og_title":"\u00bfC\u00f3mo lograremos ser bienaventurados?","og_description":"\u00bfC\u00f3mo lograremos ser bienaventurados? Y viendo Jes\u00fas a la gran multitud, subi\u00f3 el monte y despu\u00e9s de sentarse llegaron hasta \u00c9l sus disc\u00edpulos y \u00c9l les ense\u00f1aba diciendo: 1. \u00abBienaventurados los pobres de Esp\u00edritu; porque de ellos es el Reino de los Cielos\u00bb. El Reino de los Cielos es de los pobres de Esp\u00edritus, porque [&hellip;]","og_url":"https:\/\/nuevo-renacer.com\/tr\/como-lograremos-ser-bienaventurados\/","og_site_name":"Uni\u00f3n Esp\u00edrita","article_publisher":"https:\/\/www.facebook.com\/groups\/3431398063740829","article_modified_time":"2024-07-19T05:52:12+00:00","og_image":[{"width":1125,"height":1046,"url":"https:\/\/nuevo-renacer.com\/wp-content\/uploads\/2024\/07\/400645926_7109491882404566_6709214791623379716_n.jpg","type":"image\/jpeg"}],"twitter_card":"summary_large_image","twitter_misc":{"Tahmini okuma s\u00fcresi":"3 dakika"},"schema":{"@context":"https:\/\/schema.org","@graph":[{"@type":"WebPage","@id":"https:\/\/nuevo-renacer.com\/como-lograremos-ser-bienaventurados\/","url":"https:\/\/nuevo-renacer.com\/como-lograremos-ser-bienaventurados\/","name":"\u00bfC\u00f3mo lograremos ser bienaventurados? - Uni\u00f3n Esp\u00edrita","isPartOf":{"@id":"https:\/\/nuevo-renacer.com\/#website"},"primaryImageOfPage":{"@id":"https:\/\/nuevo-renacer.com\/como-lograremos-ser-bienaventurados\/#primaryimage"},"image":{"@id":"https:\/\/nuevo-renacer.com\/como-lograremos-ser-bienaventurados\/#primaryimage"},"thumbnailUrl":"https:\/\/nuevo-renacer.com\/wp-content\/uploads\/2024\/07\/400645926_7109491882404566_6709214791623379716_n.jpg","datePublished":"2024-07-19T05:52:11+00:00","dateModified":"2024-07-19T05:52:12+00:00","breadcrumb":{"@id":"https:\/\/nuevo-renacer.com\/como-lograremos-ser-bienaventurados\/#breadcrumb"},"inLanguage":"tr","potentialAction":[{"@type":"ReadAction","target":["https:\/\/nuevo-renacer.com\/como-lograremos-ser-bienaventurados\/"]}]},{"@type":"ImageObject","inLanguage":"tr","@id":"https:\/\/nuevo-renacer.com\/como-lograremos-ser-bienaventurados\/#primaryimage","url":"https:\/\/nuevo-renacer.com\/wp-content\/uploads\/2024\/07\/400645926_7109491882404566_6709214791623379716_n.jpg","contentUrl":"https:\/\/nuevo-renacer.com\/wp-content\/uploads\/2024\/07\/400645926_7109491882404566_6709214791623379716_n.jpg","width":1125,"height":1046},{"@type":"BreadcrumbList","@id":"https:\/\/nuevo-renacer.com\/como-lograremos-ser-bienaventurados\/#breadcrumb","itemListElement":[{"@type":"ListItem","position":1,"name":"Startseite","item":"https:\/\/nuevo-renacer.com\/"},{"@type":"ListItem","position":2,"name":"\u00bfC\u00f3mo lograremos ser bienaventurados?"}]},{"@type":"WebSite","@id":"https:\/\/nuevo-renacer.com\/#website","url":"https:\/\/nuevo-renacer.com\/","name":"Uni\u00f3n Esp\u00edrita","description":"Nuevo Renacer","publisher":{"@id":"https:\/\/nuevo-renacer.com\/#organization"},"potentialAction":[{"@type":"SearchAction","target":{"@type":"EntryPoint","urlTemplate":"https:\/\/nuevo-renacer.com\/?s={search_term_string}"},"query-input":{"@type":"PropertyValueSpecification","valueRequired":true,"valueName":"search_term_string"}}],"inLanguage":"tr"},{"@type":"Organization","@id":"https:\/\/nuevo-renacer.com\/#organization","name":"UFEC","url":"https:\/\/nuevo-renacer.com\/","logo":{"@type":"ImageObject","inLanguage":"tr","@id":"https:\/\/nuevo-renacer.com\/#\/schema\/logo\/image\/","url":"https:\/\/nuevo-renacer.com\/wp-content\/uploads\/2024\/05\/cropped-LOGO-TERMINADO1-3-3.png","contentUrl":"https:\/\/nuevo-renacer.com\/wp-content\/uploads\/2024\/05\/cropped-LOGO-TERMINADO1-3-3.png","width":512,"height":512,"caption":"UFEC"},"image":{"@id":"https:\/\/nuevo-renacer.com\/#\/schema\/logo\/image\/"},"sameAs":["https:\/\/www.facebook.com\/groups\/3431398063740829"]}]}},"uagb_featured_image_src":{"full":["https:\/\/nuevo-renacer.com\/wp-content\/uploads\/2024\/07\/400645926_7109491882404566_6709214791623379716_n.jpg",1125,1046,false],"thumbnail":["https:\/\/nuevo-renacer.com\/wp-content\/uploads\/2024\/07\/400645926_7109491882404566_6709214791623379716_n-150x150.jpg",150,150,true],"medium":["https:\/\/nuevo-renacer.com\/wp-content\/uploads\/2024\/07\/400645926_7109491882404566_6709214791623379716_n-300x279.jpg",300,279,true],"medium_large":["https:\/\/nuevo-renacer.com\/wp-content\/uploads\/2024\/07\/400645926_7109491882404566_6709214791623379716_n-768x714.jpg",768,714,true],"large":["https:\/\/nuevo-renacer.com\/wp-content\/uploads\/2024\/07\/400645926_7109491882404566_6709214791623379716_n-1024x952.jpg",1024,952,true],"1536x1536":["https:\/\/nuevo-renacer.com\/wp-content\/uploads\/2024\/07\/400645926_7109491882404566_6709214791623379716_n.jpg",1125,1046,false],"2048x2048":["https:\/\/nuevo-renacer.com\/wp-content\/uploads\/2024\/07\/400645926_7109491882404566_6709214791623379716_n.jpg",1125,1046,false],"trp-custom-language-flag":["https:\/\/nuevo-renacer.com\/wp-content\/uploads\/2024\/07\/400645926_7109491882404566_6709214791623379716_n-13x12.jpg",13,12,true]},"uagb_author_info":{"display_name":"adbv0","author_link":"https:\/\/nuevo-renacer.com\/tr\/author\/adbv0\/"},"uagb_comment_info":0,"uagb_excerpt":"\u00bfC\u00f3mo lograremos ser bienaventurados? Y viendo Jes\u00fas a la gran multitud, subi\u00f3 el monte y despu\u00e9s de sentarse llegaron hasta \u00c9l sus disc\u00edpulos y \u00c9l les ense\u00f1aba diciendo: 1. \u00abBienaventurados los pobres de Esp\u00edritu; porque de ellos es el Reino de los Cielos\u00bb. El Reino de los Cielos es de los pobres de Esp\u00edritus, porque&hellip;","jetpack_sharing_enabled":true,"_links":{"self":[{"href":"https:\/\/nuevo-renacer.com\/tr\/wp-json\/wp\/v2\/pages\/4053","targetHints":{"allow":["GET"]}}],"collection":[{"href":"https:\/\/nuevo-renacer.com\/tr\/wp-json\/wp\/v2\/pages"}],"about":[{"href":"https:\/\/nuevo-renacer.com\/tr\/wp-json\/wp\/v2\/types\/page"}],"author":[{"embeddable":true,"href":"https:\/\/nuevo-renacer.com\/tr\/wp-json\/wp\/v2\/users\/1"}],"replies":[{"embeddable":true,"href":"https:\/\/nuevo-renacer.com\/tr\/wp-json\/wp\/v2\/comments?post=4053"}],"version-history":[{"count":1,"href":"https:\/\/nuevo-renacer.com\/tr\/wp-json\/wp\/v2\/pages\/4053\/revisions"}],"predecessor-version":[{"id":4056,"href":"https:\/\/nuevo-renacer.com\/tr\/wp-json\/wp\/v2\/pages\/4053\/revisions\/4056"}],"wp:featuredmedia":[{"embeddable":true,"href":"https:\/\/nuevo-renacer.com\/tr\/wp-json\/wp\/v2\/media\/4055"}],"wp:attachment":[{"href":"https:\/\/nuevo-renacer.com\/tr\/wp-json\/wp\/v2\/media?parent=4053"}],"curies":[{"name":"wp","href":"https:\/\/api.w.org\/{rel}","templated":true}]}}