{"id":4045,"date":"2024-07-18T11:55:10","date_gmt":"2024-07-18T11:55:10","guid":{"rendered":"https:\/\/ufec-mundial.com\/?page_id=4045"},"modified":"2024-09-26T08:15:37","modified_gmt":"2024-09-26T08:15:37","slug":"pase-magnetico","status":"publish","type":"page","link":"https:\/\/nuevo-renacer.com\/tr\/pase-magnetico\/","title":{"rendered":"Manyetik ge\u00e7i\u015f"},"content":{"rendered":"<div class=\"wp-block-uagb-container uagb-block-e1efae8e alignfull uagb-is-root-container\"><div class=\"uagb-container-inner-blocks-wrap\">\n<p class=\"has-black-color has-text-color has-link-color has-medium-font-size wp-elements-0c7668909e21bd836063687b5b549bfc\"><strong>Manyetik ge\u00e7i\u015f<\/strong><\/p>\n<\/div><\/div>\n\n\n\n<div class=\"wp-block-uagb-container uagb-block-937f6682 alignfull uagb-is-root-container\"><div class=\"uagb-container-inner-blocks-wrap\">\n<figure class=\"wp-block-image size-full is-resized\"><img fetchpriority=\"high\" decoding=\"async\" width=\"557\" height=\"477\" src=\"https:\/\/ufec-mundial.com\/wp-content\/uploads\/2024\/07\/passe-menor.jpg\" alt=\"\" class=\"wp-image-4047\" style=\"width:466px;height:auto\" srcset=\"https:\/\/nuevo-renacer.com\/wp-content\/uploads\/2024\/07\/passe-menor.jpg 557w, https:\/\/nuevo-renacer.com\/wp-content\/uploads\/2024\/07\/passe-menor-300x257.jpg 300w, https:\/\/nuevo-renacer.com\/wp-content\/uploads\/2024\/07\/passe-menor-14x12.jpg 14w\" sizes=\"(max-width: 557px) 100vw, 557px\" \/><\/figure>\n<\/div><\/div>\n\n\n\n<div class=\"wp-block-uagb-container uagb-block-5a96af20 alignfull uagb-is-root-container\"><div class=\"uagb-container-inner-blocks-wrap\">\n<p class=\"has-black-color has-text-color has-link-color has-small-font-size wp-elements-e2ae4b821ab4f8ecb1524c2fceef8342\">En basit ifadesiyle, kan transf\u00fczyonuna benzer bir manyetik enerji ba\u011f\u0131\u015f\u0131d\u0131r. Hasta anemik ise damarlar\u0131n\u0131za aktar\u0131lan kan onu canland\u0131r\u0131r. Ruhunuzla ilgili sorunlar varsa, kendilerini s\u0131k\u0131nt\u0131lar ve rahats\u0131zl\u0131klar i\u00e7inde ifade ediyorsa, ge\u00e7i\u015f par\u00e7alar\u0131 toplamaya yard\u0131mc\u0131 olur.&nbsp;<\/p>\n\n\n\n<p class=\"has-black-color has-text-color has-link-color has-small-font-size wp-elements-bb3f021104826c3af78b6c228fd386d1\"><strong>Bu manyetizmay\u0131 nas\u0131l tan\u0131mlayabiliriz?&nbsp;<\/strong><\/p>\n\n\n\n<p class=\"has-black-color has-text-color has-link-color has-small-font-size wp-elements-2712ab88ac7491632252060a36f119f5\">Canl\u0131lar\u0131 geni\u015fletmek i\u00e7in bir enerji \u015feklidir. Ge\u00e7i\u015fte bir irade eylemi ile kontrol edilir ve d\u0131\u015fsalla\u015ft\u0131r\u0131l\u0131r. Hastan\u0131n yan\u0131na konuldu\u011funda pasistay\u0131 fayda amac\u0131n\u0131 koruyarak yapan \u015fey budur.&nbsp;<\/p>\n\n\n\n<p class=\"has-black-color has-text-color has-link-color has-small-font-size wp-elements-b3f6cc1fa7a72ae910598e50a68578bc\"><strong>Yoldan ge\u00e7en ki\u015fi bir medyum mu?<\/strong><\/p>\n\n\n\n<p class=\"has-black-color has-text-color has-link-color has-small-font-size wp-elements-7528c7df12d06b18b8aa5ca3a9b2b15a\">Tam anlam\u0131yla de\u011fil. Transa ge\u00e7mez, arac\u0131 olarak hareket etmez. Bununla birlikte, hizmeti kontrol eden manevi hay\u0131rseverlerin vazge\u00e7ilmez i\u015fbirli\u011fine dikkat edin. Kendisini insan manyetizmas\u0131yla ili\u015fkilendirerek ge\u00e7i\u015fi daha verimli hale getiren manevi bir manyetizma yayarlar.<\/p>\n\n\n\n<p class=\"has-black-color has-text-color has-link-color has-small-font-size wp-elements-0c4b6e79d174ffdd5d50691db5d38562\"><strong>Ge\u00e7i\u015f sadece ruhun sorunlar\u0131 i\u00e7in ge\u00e7erli midir?&nbsp;<\/strong><\/p>\n\n\n\n<p class=\"has-black-color has-text-color has-link-color has-small-font-size wp-elements-8fee23125d379e7a56b683b1a6803cce\">Hem fiziksel hem de psi\u015fik t\u00fcm hastal\u0131klar\u0131m\u0131za kat\u0131l\u0131r. Ki\u015fi belirli durumlarla ba\u015fa \u00e7\u0131kamad\u0131\u011f\u0131nda, gergin ve gergin hale geldi\u011finde, &#034;kanama manyetik&#034; dedi\u011fimiz \u015feyden muzdariptir. Canl\u0131l\u0131\u011f\u0131 kaybederek k\u0131r\u0131lgan hale gelir. Daha sonra ruhsal zararl\u0131 etkilere kar\u015f\u0131 savunmas\u0131z hale gelir. Revitaliz\u00e1ndola, ge\u00e7i\u015f onlar\u0131n \u00fcstesinden gelmeye yard\u0131mc\u0131 olur.&nbsp;<\/p>\n\n\n\n<p class=\"has-black-color has-text-color has-link-color has-small-font-size wp-elements-eb8386d2fbc0488c66d326be4a08cd2d\"><strong>Hastan\u0131n yararland\u0131\u011f\u0131 temel ko\u015ful nedir?&nbsp;<\/strong><\/p>\n\n\n\n<p class=\"has-black-color has-text-color has-link-color has-small-font-size wp-elements-b57455d3259a0af8e79dcec3154a27ff\">\u0130nan\u00e7. \u0130sa&#039;n\u0131n derslerinde bu \u00e7ok a\u00e7\u0131kt\u0131r. \u0130man\u0131n\u0131z\u0131n sizi kurtard\u0131\u011f\u0131n\u0131 s\u00f6yleyerek onlar\u0131n tedavilerinden yararlananlar\u0131 da\u011f\u0131t\u0131rd\u0131. \u00d6\u011fretmen inanc\u0131 \u00f6d\u00fcllendirdi. Sadece onsuz pasista ile temel uyumu kurman\u0131n zor oldu\u011funu kan\u0131tlad\u0131.&nbsp;<\/p>\n\n\n\n<p class=\"has-black-color has-text-color has-link-color has-small-font-size wp-elements-840a3945732f858f6e64493bfc17700d\"><strong>Ge\u00e7i\u015f an\u0131nda hastan\u0131n duru\u015fu ne olmal\u0131d\u0131r?&nbsp;<\/strong><\/p>\n\n\n\n<p class=\"has-black-color has-text-color has-link-color has-small-font-size wp-elements-157d72411ee1da8d928d92d5535d5c1f\">\u0130lahi koruma isteyerek \u015fevkle dua edin. Dua ve inanc\u0131n \u00f6tesinde, bir ba\u015fka \u00f6nemli fakt\u00f6r daha var: liyakat. \u0130sa&#039;n\u0131n \u00f6\u011fretti\u011fi gibi, \u201cher birine kendi eserlerine g\u00f6re.\u201d O d\u00f6nemde geli\u015ftirdi\u011fimiz duygular \u00f6nemliyse, temelde her zaman yapt\u0131\u011f\u0131m\u0131z iyiliktir.&nbsp;<\/p>\n\n\n\n<p class=\"has-black-color has-text-color has-link-color has-small-font-size wp-elements-6b30da7a36475ef2345fa91d8db9d467\"><strong>Ge\u00e7i\u015f \u201ckanama manyeti\u011fini &#034; keser mi?&nbsp;<\/strong><\/p>\n\n\n\n<p class=\"has-black-color has-text-color has-link-color has-small-font-size wp-elements-c614eb01cbac4ccc7d507aa241e4ea6a\">Hastada k\u00fc\u00e7\u00fck i\u00e7 kanamadan kaynaklanan anemi varsa, kan transf\u00fczyonu sadece palyatif olacakt\u0131r. Bu problemle, ila\u00e7larla veya ameliyatla ba\u015fa \u00e7\u0131kmak gerekir. Canl\u0131l\u0131k eksikli\u011fi ile benzer bir \u015fey olur manyetik. Sebepler ortadan kald\u0131r\u0131lmal\u0131d\u0131r. Aksi takdirde tedavinin kal\u0131c\u0131 bir etkisi olmayacakt\u0131r.&nbsp;<\/p>\n\n\n\n<p class=\"has-black-color has-text-color has-link-color has-small-font-size wp-elements-be4bcdb936b3d11bdecc86ee10724400\"><strong>G\u00fcnl\u00fck sorunlar\u0131 ve rahats\u0131zl\u0131klar\u0131 dikkate alarak bununla nas\u0131l ba\u015fa \u00e7\u0131k\u0131l\u0131r?&nbsp;<\/strong><\/p>\n\n\n\n<p class=\"has-black-color has-text-color has-link-color has-small-font-size wp-elements-bd334d4a21eceabb5c6a1465605db700\">Hastal\u0131klar\u0131m\u0131z, insan varl\u0131\u011f\u0131n\u0131n do\u011fas\u0131nda var olan bu aksiliklerden kaynaklanmaz. K\u00f6keni onlarla ba\u015fa \u00e7\u0131kma bi\u00e7imimizdir. Anlay\u0131\u015f\u0131, ho\u015fg\u00f6r\u00fcy\u00fc, sabr\u0131, sadakay\u0131 ve di\u011fer de\u011ferleri \u0130sa taraf\u0131ndan \u0131srarla vaaz edilir ve \u00f6rneklendirilirsek, dengesizliklerden ka\u00e7\u0131n\u0131r\u0131z.bizi rahats\u0131z eden s\u00f6zl\u00fc ve zihinsel iyilik uyumsuzluklar\u0131.&nbsp;<\/p>\n<\/div><\/div>","protected":false},"excerpt":{"rendered":"<p>Pase magn\u00e9tico En su expresi\u00f3n m\u00e1s simple, es una donaci\u00f3n de energ\u00eda magn\u00e9tica, semejante a la transfusi\u00f3n sangu\u00ednea. Si el paciente est\u00e1 an\u00e9mico, la sangre transferida para sus venas lo revitaliza. Si hay problemas con su Alma, expres\u00e1ndose en angustias y perturbaciones, el pase lo ayuda a recomponerse.&nbsp; \u00bfC\u00f3mo podemos definir ese magnetismo?&nbsp; Se trata [&hellip;]<\/p>","protected":false},"author":1,"featured_media":4047,"parent":0,"menu_order":0,"comment_status":"closed","ping_status":"closed","template":"","meta":{"_uag_custom_page_level_css":"","site-sidebar-layout":"default","site-content-layout":"","ast-site-content-layout":"default","site-content-style":"default","site-sidebar-style":"default","ast-global-header-display":"","ast-banner-title-visibility":"","ast-main-header-display":"","ast-hfb-above-header-display":"","ast-hfb-below-header-display":"","ast-hfb-mobile-header-display":"","site-post-title":"","ast-breadcrumbs-content":"","ast-featured-img":"","footer-sml-layout":"","theme-transparent-header-meta":"","adv-header-id-meta":"","stick-header-meta":"","header-above-stick-meta":"","header-main-stick-meta":"","header-below-stick-meta":"","astra-migrate-meta-layouts":"set","ast-page-background-enabled":"default","ast-page-background-meta":{"desktop":{"background-color":"var(--ast-global-color-4)","background-image":"","background-repeat":"repeat","background-position":"center center","background-size":"auto","background-attachment":"scroll","background-type":"","background-media":"","overlay-type":"","overlay-color":"","overlay-opacity":"","overlay-gradient":""},"tablet":{"background-color":"","background-image":"","background-repeat":"repeat","background-position":"center center","background-size":"auto","background-attachment":"scroll","background-type":"","background-media":"","overlay-type":"","overlay-color":"","overlay-opacity":"","overlay-gradient":""},"mobile":{"background-color":"","background-image":"","background-repeat":"repeat","background-position":"center center","background-size":"auto","background-attachment":"scroll","background-type":"","background-media":"","overlay-type":"","overlay-color":"","overlay-opacity":"","overlay-gradient":""}},"ast-content-background-meta":{"desktop":{"background-color":"var(--ast-global-color-5)","background-image":"","background-repeat":"repeat","background-position":"center center","background-size":"auto","background-attachment":"scroll","background-type":"","background-media":"","overlay-type":"","overlay-color":"","overlay-opacity":"","overlay-gradient":""},"tablet":{"background-color":"var(--ast-global-color-5)","background-image":"","background-repeat":"repeat","background-position":"center center","background-size":"auto","background-attachment":"scroll","background-type":"","background-media":"","overlay-type":"","overlay-color":"","overlay-opacity":"","overlay-gradient":""},"mobile":{"background-color":"var(--ast-global-color-5)","background-image":"","background-repeat":"repeat","background-position":"center center","background-size":"auto","background-attachment":"scroll","background-type":"","background-media":"","overlay-type":"","overlay-color":"","overlay-opacity":"","overlay-gradient":""}},"footnotes":""},"class_list":["post-4045","page","type-page","status-publish","has-post-thumbnail","hentry"],"yoast_head":"<!-- This site is optimized with the Yoast SEO Premium plugin v24.2 (Yoast SEO v24.6) - https:\/\/yoast.com\/wordpress\/plugins\/seo\/ -->\n<title>Pase magn\u00e9tico - Uni\u00f3n Esp\u00edrita<\/title>\n<meta name=\"robots\" content=\"index, follow, max-snippet:-1, max-image-preview:large, max-video-preview:-1\" \/>\n<link rel=\"canonical\" href=\"https:\/\/nuevo-renacer.com\/tr\/pase-magnetico\/\" \/>\n<meta property=\"og:locale\" content=\"tr_TR\" \/>\n<meta property=\"og:type\" content=\"article\" \/>\n<meta property=\"og:title\" content=\"Pase magn\u00e9tico\" \/>\n<meta property=\"og:description\" content=\"Pase magn\u00e9tico En su expresi\u00f3n m\u00e1s simple, es una donaci\u00f3n de energ\u00eda magn\u00e9tica, semejante a la transfusi\u00f3n sangu\u00ednea. Si el paciente est\u00e1 an\u00e9mico, la sangre transferida para sus venas lo revitaliza. Si hay problemas con su Alma, expres\u00e1ndose en angustias y perturbaciones, el pase lo ayuda a recomponerse.&nbsp; \u00bfC\u00f3mo podemos definir ese magnetismo?&nbsp; Se trata [&hellip;]\" \/>\n<meta property=\"og:url\" content=\"https:\/\/nuevo-renacer.com\/tr\/pase-magnetico\/\" \/>\n<meta property=\"og:site_name\" content=\"Uni\u00f3n Esp\u00edrita\" \/>\n<meta property=\"article:publisher\" content=\"https:\/\/www.facebook.com\/groups\/3431398063740829\" \/>\n<meta property=\"article:modified_time\" content=\"2024-09-26T08:15:37+00:00\" \/>\n<meta property=\"og:image\" content=\"https:\/\/nuevo-renacer.com\/wp-content\/uploads\/2024\/07\/passe-menor.jpg\" \/>\n\t<meta property=\"og:image:width\" content=\"557\" \/>\n\t<meta property=\"og:image:height\" content=\"477\" \/>\n\t<meta property=\"og:image:type\" content=\"image\/jpeg\" \/>\n<meta name=\"twitter:card\" content=\"summary_large_image\" \/>\n<meta name=\"twitter:label1\" content=\"Tahmini okuma s\u00fcresi\" \/>\n\t<meta name=\"twitter:data1\" content=\"3 dakika\" \/>\n<script type=\"application\/ld+json\" class=\"yoast-schema-graph\">{\"@context\":\"https:\/\/schema.org\",\"@graph\":[{\"@type\":\"WebPage\",\"@id\":\"https:\/\/nuevo-renacer.com\/pase-magnetico\/\",\"url\":\"https:\/\/nuevo-renacer.com\/pase-magnetico\/\",\"name\":\"Pase magn\u00e9tico - Uni\u00f3n Esp\u00edrita\",\"isPartOf\":{\"@id\":\"https:\/\/nuevo-renacer.com\/#website\"},\"primaryImageOfPage\":{\"@id\":\"https:\/\/nuevo-renacer.com\/pase-magnetico\/#primaryimage\"},\"image\":{\"@id\":\"https:\/\/nuevo-renacer.com\/pase-magnetico\/#primaryimage\"},\"thumbnailUrl\":\"https:\/\/nuevo-renacer.com\/wp-content\/uploads\/2024\/07\/passe-menor.jpg\",\"datePublished\":\"2024-07-18T11:55:10+00:00\",\"dateModified\":\"2024-09-26T08:15:37+00:00\",\"breadcrumb\":{\"@id\":\"https:\/\/nuevo-renacer.com\/pase-magnetico\/#breadcrumb\"},\"inLanguage\":\"tr\",\"potentialAction\":[{\"@type\":\"ReadAction\",\"target\":[\"https:\/\/nuevo-renacer.com\/pase-magnetico\/\"]}]},{\"@type\":\"ImageObject\",\"inLanguage\":\"tr\",\"@id\":\"https:\/\/nuevo-renacer.com\/pase-magnetico\/#primaryimage\",\"url\":\"https:\/\/nuevo-renacer.com\/wp-content\/uploads\/2024\/07\/passe-menor.jpg\",\"contentUrl\":\"https:\/\/nuevo-renacer.com\/wp-content\/uploads\/2024\/07\/passe-menor.jpg\",\"width\":557,\"height\":477},{\"@type\":\"BreadcrumbList\",\"@id\":\"https:\/\/nuevo-renacer.com\/pase-magnetico\/#breadcrumb\",\"itemListElement\":[{\"@type\":\"ListItem\",\"position\":1,\"name\":\"Startseite\",\"item\":\"https:\/\/nuevo-renacer.com\/\"},{\"@type\":\"ListItem\",\"position\":2,\"name\":\"Pase magn\u00e9tico\"}]},{\"@type\":\"WebSite\",\"@id\":\"https:\/\/nuevo-renacer.com\/#website\",\"url\":\"https:\/\/nuevo-renacer.com\/\",\"name\":\"Uni\u00f3n Esp\u00edrita\",\"description\":\"Nuevo Renacer\",\"publisher\":{\"@id\":\"https:\/\/nuevo-renacer.com\/#organization\"},\"potentialAction\":[{\"@type\":\"SearchAction\",\"target\":{\"@type\":\"EntryPoint\",\"urlTemplate\":\"https:\/\/nuevo-renacer.com\/?s={search_term_string}\"},\"query-input\":{\"@type\":\"PropertyValueSpecification\",\"valueRequired\":true,\"valueName\":\"search_term_string\"}}],\"inLanguage\":\"tr\"},{\"@type\":\"Organization\",\"@id\":\"https:\/\/nuevo-renacer.com\/#organization\",\"name\":\"UFEC\",\"url\":\"https:\/\/nuevo-renacer.com\/\",\"logo\":{\"@type\":\"ImageObject\",\"inLanguage\":\"tr\",\"@id\":\"https:\/\/nuevo-renacer.com\/#\/schema\/logo\/image\/\",\"url\":\"https:\/\/nuevo-renacer.com\/wp-content\/uploads\/2024\/05\/cropped-LOGO-TERMINADO1-3-3.png\",\"contentUrl\":\"https:\/\/nuevo-renacer.com\/wp-content\/uploads\/2024\/05\/cropped-LOGO-TERMINADO1-3-3.png\",\"width\":512,\"height\":512,\"caption\":\"UFEC\"},\"image\":{\"@id\":\"https:\/\/nuevo-renacer.com\/#\/schema\/logo\/image\/\"},\"sameAs\":[\"https:\/\/www.facebook.com\/groups\/3431398063740829\"]}]}<\/script>\n<!-- \/ Yoast SEO Premium plugin. -->","yoast_head_json":{"title":"Pase magn\u00e9tico - Uni\u00f3n Esp\u00edrita","robots":{"index":"index","follow":"follow","max-snippet":"max-snippet:-1","max-image-preview":"max-image-preview:large","max-video-preview":"max-video-preview:-1"},"canonical":"https:\/\/nuevo-renacer.com\/tr\/pase-magnetico\/","og_locale":"tr_TR","og_type":"article","og_title":"Pase magn\u00e9tico","og_description":"Pase magn\u00e9tico En su expresi\u00f3n m\u00e1s simple, es una donaci\u00f3n de energ\u00eda magn\u00e9tica, semejante a la transfusi\u00f3n sangu\u00ednea. Si el paciente est\u00e1 an\u00e9mico, la sangre transferida para sus venas lo revitaliza. Si hay problemas con su Alma, expres\u00e1ndose en angustias y perturbaciones, el pase lo ayuda a recomponerse.&nbsp; \u00bfC\u00f3mo podemos definir ese magnetismo?&nbsp; Se trata [&hellip;]","og_url":"https:\/\/nuevo-renacer.com\/tr\/pase-magnetico\/","og_site_name":"Uni\u00f3n Esp\u00edrita","article_publisher":"https:\/\/www.facebook.com\/groups\/3431398063740829","article_modified_time":"2024-09-26T08:15:37+00:00","og_image":[{"width":557,"height":477,"url":"https:\/\/nuevo-renacer.com\/wp-content\/uploads\/2024\/07\/passe-menor.jpg","type":"image\/jpeg"}],"twitter_card":"summary_large_image","twitter_misc":{"Tahmini okuma s\u00fcresi":"3 dakika"},"schema":{"@context":"https:\/\/schema.org","@graph":[{"@type":"WebPage","@id":"https:\/\/nuevo-renacer.com\/pase-magnetico\/","url":"https:\/\/nuevo-renacer.com\/pase-magnetico\/","name":"Pase magn\u00e9tico - Uni\u00f3n Esp\u00edrita","isPartOf":{"@id":"https:\/\/nuevo-renacer.com\/#website"},"primaryImageOfPage":{"@id":"https:\/\/nuevo-renacer.com\/pase-magnetico\/#primaryimage"},"image":{"@id":"https:\/\/nuevo-renacer.com\/pase-magnetico\/#primaryimage"},"thumbnailUrl":"https:\/\/nuevo-renacer.com\/wp-content\/uploads\/2024\/07\/passe-menor.jpg","datePublished":"2024-07-18T11:55:10+00:00","dateModified":"2024-09-26T08:15:37+00:00","breadcrumb":{"@id":"https:\/\/nuevo-renacer.com\/pase-magnetico\/#breadcrumb"},"inLanguage":"tr","potentialAction":[{"@type":"ReadAction","target":["https:\/\/nuevo-renacer.com\/pase-magnetico\/"]}]},{"@type":"ImageObject","inLanguage":"tr","@id":"https:\/\/nuevo-renacer.com\/pase-magnetico\/#primaryimage","url":"https:\/\/nuevo-renacer.com\/wp-content\/uploads\/2024\/07\/passe-menor.jpg","contentUrl":"https:\/\/nuevo-renacer.com\/wp-content\/uploads\/2024\/07\/passe-menor.jpg","width":557,"height":477},{"@type":"BreadcrumbList","@id":"https:\/\/nuevo-renacer.com\/pase-magnetico\/#breadcrumb","itemListElement":[{"@type":"ListItem","position":1,"name":"Startseite","item":"https:\/\/nuevo-renacer.com\/"},{"@type":"ListItem","position":2,"name":"Pase magn\u00e9tico"}]},{"@type":"WebSite","@id":"https:\/\/nuevo-renacer.com\/#website","url":"https:\/\/nuevo-renacer.com\/","name":"Uni\u00f3n Esp\u00edrita","description":"Nuevo Renacer","publisher":{"@id":"https:\/\/nuevo-renacer.com\/#organization"},"potentialAction":[{"@type":"SearchAction","target":{"@type":"EntryPoint","urlTemplate":"https:\/\/nuevo-renacer.com\/?s={search_term_string}"},"query-input":{"@type":"PropertyValueSpecification","valueRequired":true,"valueName":"search_term_string"}}],"inLanguage":"tr"},{"@type":"Organization","@id":"https:\/\/nuevo-renacer.com\/#organization","name":"UFEC","url":"https:\/\/nuevo-renacer.com\/","logo":{"@type":"ImageObject","inLanguage":"tr","@id":"https:\/\/nuevo-renacer.com\/#\/schema\/logo\/image\/","url":"https:\/\/nuevo-renacer.com\/wp-content\/uploads\/2024\/05\/cropped-LOGO-TERMINADO1-3-3.png","contentUrl":"https:\/\/nuevo-renacer.com\/wp-content\/uploads\/2024\/05\/cropped-LOGO-TERMINADO1-3-3.png","width":512,"height":512,"caption":"UFEC"},"image":{"@id":"https:\/\/nuevo-renacer.com\/#\/schema\/logo\/image\/"},"sameAs":["https:\/\/www.facebook.com\/groups\/3431398063740829"]}]}},"uagb_featured_image_src":{"full":["https:\/\/nuevo-renacer.com\/wp-content\/uploads\/2024\/07\/passe-menor.jpg",557,477,false],"thumbnail":["https:\/\/nuevo-renacer.com\/wp-content\/uploads\/2024\/07\/passe-menor-150x150.jpg",150,150,true],"medium":["https:\/\/nuevo-renacer.com\/wp-content\/uploads\/2024\/07\/passe-menor-300x257.jpg",300,257,true],"medium_large":["https:\/\/nuevo-renacer.com\/wp-content\/uploads\/2024\/07\/passe-menor.jpg",557,477,false],"large":["https:\/\/nuevo-renacer.com\/wp-content\/uploads\/2024\/07\/passe-menor.jpg",557,477,false],"1536x1536":["https:\/\/nuevo-renacer.com\/wp-content\/uploads\/2024\/07\/passe-menor.jpg",557,477,false],"2048x2048":["https:\/\/nuevo-renacer.com\/wp-content\/uploads\/2024\/07\/passe-menor.jpg",557,477,false],"trp-custom-language-flag":["https:\/\/nuevo-renacer.com\/wp-content\/uploads\/2024\/07\/passe-menor-14x12.jpg",14,12,true]},"uagb_author_info":{"display_name":"adbv0","author_link":"https:\/\/nuevo-renacer.com\/tr\/author\/adbv0\/"},"uagb_comment_info":0,"uagb_excerpt":"Pase magn\u00e9tico En su expresi\u00f3n m\u00e1s simple, es una donaci\u00f3n de energ\u00eda magn\u00e9tica, semejante a la transfusi\u00f3n sangu\u00ednea. Si el paciente est\u00e1 an\u00e9mico, la sangre transferida para sus venas lo revitaliza. Si hay problemas con su Alma, expres\u00e1ndose en angustias y perturbaciones, el pase lo ayuda a recomponerse.&nbsp; \u00bfC\u00f3mo podemos definir ese magnetismo?&nbsp; Se trata&hellip;","jetpack_sharing_enabled":true,"_links":{"self":[{"href":"https:\/\/nuevo-renacer.com\/tr\/wp-json\/wp\/v2\/pages\/4045","targetHints":{"allow":["GET"]}}],"collection":[{"href":"https:\/\/nuevo-renacer.com\/tr\/wp-json\/wp\/v2\/pages"}],"about":[{"href":"https:\/\/nuevo-renacer.com\/tr\/wp-json\/wp\/v2\/types\/page"}],"author":[{"embeddable":true,"href":"https:\/\/nuevo-renacer.com\/tr\/wp-json\/wp\/v2\/users\/1"}],"replies":[{"embeddable":true,"href":"https:\/\/nuevo-renacer.com\/tr\/wp-json\/wp\/v2\/comments?post=4045"}],"version-history":[{"count":5,"href":"https:\/\/nuevo-renacer.com\/tr\/wp-json\/wp\/v2\/pages\/4045\/revisions"}],"predecessor-version":[{"id":5170,"href":"https:\/\/nuevo-renacer.com\/tr\/wp-json\/wp\/v2\/pages\/4045\/revisions\/5170"}],"wp:featuredmedia":[{"embeddable":true,"href":"https:\/\/nuevo-renacer.com\/tr\/wp-json\/wp\/v2\/media\/4047"}],"wp:attachment":[{"href":"https:\/\/nuevo-renacer.com\/tr\/wp-json\/wp\/v2\/media?parent=4045"}],"curies":[{"name":"wp","href":"https:\/\/api.w.org\/{rel}","templated":true}]}}