{"id":4034,"date":"2024-07-18T11:35:17","date_gmt":"2024-07-18T11:35:17","guid":{"rendered":"https:\/\/ufec-mundial.com\/?page_id=4034"},"modified":"2024-07-18T11:38:46","modified_gmt":"2024-07-18T11:38:46","slug":"influencias-ambientes","status":"publish","type":"page","link":"https:\/\/nuevo-renacer.com\/tr\/influencias-ambientes\/","title":{"rendered":"Etkileyen Ortamlar"},"content":{"rendered":"<div class=\"wp-block-uagb-container uagb-block-f0ba4ee8 alignfull uagb-is-root-container\"><div class=\"uagb-container-inner-blocks-wrap\">\n<p class=\"has-black-color has-text-color has-link-color has-medium-font-size wp-elements-d0f70c11828938a00d5b057c253262ba\"><strong>Etkileyen Ortamlar<\/strong><\/p>\n<\/div><\/div>\n\n\n\n<div class=\"wp-block-uagb-container uagb-block-624955bb alignfull uagb-is-root-container\"><div class=\"uagb-container-inner-blocks-wrap\">\n<figure class=\"wp-block-image size-full is-resized\"><img fetchpriority=\"high\" decoding=\"async\" width=\"770\" height=\"433\" src=\"https:\/\/ufec-mundial.com\/wp-content\/uploads\/2024\/07\/0012762735-1.jpg\" alt=\"\" class=\"wp-image-4039\" style=\"width:407px;height:auto\" srcset=\"https:\/\/nuevo-renacer.com\/wp-content\/uploads\/2024\/07\/0012762735-1.jpg 770w, https:\/\/nuevo-renacer.com\/wp-content\/uploads\/2024\/07\/0012762735-1-300x169.jpg 300w, https:\/\/nuevo-renacer.com\/wp-content\/uploads\/2024\/07\/0012762735-1-768x432.jpg 768w, https:\/\/nuevo-renacer.com\/wp-content\/uploads\/2024\/07\/0012762735-1-18x10.jpg 18w\" sizes=\"(max-width: 770px) 100vw, 770px\" \/><\/figure>\n<\/div><\/div>\n\n\n\n<div class=\"wp-block-uagb-container uagb-block-b9ef915a alignfull uagb-is-root-container\"><div class=\"uagb-container-inner-blocks-wrap\">\n<p class=\"has-black-color has-text-color has-link-color has-small-font-size wp-elements-e5ed6d2becc8866a83b8fa5ca91c98f6\"><strong>Duygusal ve fiziksel olarak m\u00fckemmel dengeyi koruyan insanlar\u0131 bulmak zordur. Medyumluk hassasiyetiyle bir ilgin var m\u0131?<\/strong><\/p>\n\n\n\n<p class=\"has-black-color has-text-color has-link-color has-small-font-size wp-elements-beae9c2c9029de86ea5738972b3a3d6c\">Yapacak \u00e7ok i\u015fi var. Ruhlar taraf\u0131ndan enkarne edilen ve enkarne olmayan bir zihinsel titre\u015fim okyanusuna dalm\u0131\u015f ya\u015f\u0131yoruz. Vir\u00fcsler ve bakteriler taraf\u0131ndan kontamine olabilece\u011fimizin yan\u0131 s\u0131ra, ruh halimizde de\u011fi\u015fikliklere neden olan manevi kirlilikten de muzdaripiz.<\/p>\n\n\n\n<p class=\"has-black-color has-text-color has-link-color has-small-font-size wp-elements-4f2d82d89bf40946131978c796662955\"><strong>Bu, insanlar\u0131n neden bir uyan\u0131\u015fta depresyonda kalma ve bir evlilikte mutlu olma e\u011filiminde olduklar\u0131n\u0131 a\u00e7\u0131kl\u0131yor mu?<\/strong><\/p>\n\n\n\n<p class=\"has-black-color has-text-color has-link-color has-small-font-size wp-elements-b8a28082a0f5419cf61431f0b38a1ada\">\u015e\u00fcphesiz. \u00c7evre ve durumlar b\u00fcy\u00fck etki yarat\u0131r.<\/p>\n\n\n\n<p class=\"has-black-color has-text-color has-link-color has-small-font-size wp-elements-21ca1a3e6c9fa2637f42cf750b32080d\"><strong>Bir sava\u015fta askerlerin i\u015fledi\u011fi zul\u00fcmleri de ne a\u00e7\u0131klar?<\/strong><\/p>\n\n\n\n<p class=\"has-black-color has-text-color has-link-color has-small-font-size wp-elements-3c44968412247009b214ab4ba989c7c6\">A\u015fa\u011f\u0131l\u0131kl\u0131\u011f\u0131m\u0131za dayanarak talihsiz bir k\u00f6t\u00fcl\u00fck salg\u0131n\u0131 \u00fcretir. Hayvanc\u0131l\u0131\u011f\u0131n i\u00e7g\u00fcd\u00fcsel d\u00fcrt\u00fclerinin bile hakim oldu\u011fu kalplerdeki zul\u00fcms\u00fcz eri\u015fim. Bir barut fitili h\u0131z\u0131yla yay\u0131l\u0131r.<\/p>\n\n\n\n<p class=\"has-black-color has-text-color has-link-color has-small-font-size wp-elements-ee76659042ee5e03073d3e8e92bef14d\"><strong>Evde b\u00f6yle bir \u015fey oluyor gibi g\u00f6r\u00fcn\u00fcyor, insanlar kontrol\u00fcn\u00fc kaybedip ba\u011f\u0131rmak ve k\u00fcf\u00fcr etmek gibi olduklar\u0131nda, fiziksel sald\u0131rganl\u0131k g\u00f6z \u00f6n\u00fcne al\u0131nd\u0131\u011f\u0131nda \u015fa\u015f\u0131rt\u0131c\u0131 de\u011fil...<\/strong><\/p>\n\n\n\n<p class=\"has-black-color has-text-color has-link-color has-small-font-size wp-elements-58829125a3adad3a3a8350db14921c0d\">Ba\u015fka hi\u00e7bir yerde a\u015fa\u011f\u0131l\u0131\u011f\u0131m\u0131z\u0131 daha fazla sahiplenerek g\u00f6stermiyoruz. Evde sosyal maskeyi k\u0131rar. \u0130nsanlar ne olduklar\u0131n\u0131 g\u00f6sterir. Yery\u00fcz\u00fcnde aziz olmad\u0131\u011f\u0131 i\u00e7in atmosferi rahats\u0131z eder, evin \u00fcyelerini \u00e7evreleyen sald\u0131rganl\u0131\u011f\u0131n kirlenmesini destekler.<\/p>\n\n\n\n<p class=\"has-black-color has-text-color has-link-color has-small-font-size wp-elements-6d6ab15f6496a6d16121ef27b2fe6f54\"><strong>Bunu nas\u0131l \u00f6nleyebilirim?<\/strong><\/p>\n\n\n\n<p class=\"has-black-color has-text-color has-link-color has-small-font-size wp-elements-8f7a59260765a28ebfc5093f2d86695d\">Ruhsal savunmalar\u0131 geli\u015ftirmek ve g\u00fc\u00e7lendirmek, titre\u015fim d\u00fczenimizi y\u00fckseltmek, \u00e7evrenin tedirginliklerinin \u00fczerine yerle\u015ftirdi\u011fimiz bir frekansa uyum sa\u011flamak gerekir.<\/p>\n\n\n\n<p class=\"has-black-color has-text-color has-link-color has-small-font-size wp-elements-ee68f425f84cfdd56863fc14bed3eb95\"><strong>Bu ayarlama sorunu nas\u0131l?<\/strong><\/p>\n\n\n\n<p class=\"has-black-color has-text-color has-link-color has-small-font-size wp-elements-73b746d9c580094d33d4dd8987c830eb\">\u00d6rne\u011fin, radyo yay\u0131nlar\u0131ndaki hava dalgalar\u0131n\u0131 ele alal\u0131m. Belirli bir frekans i\u00e7inde geni\u015fletilirler. Belirli bir radyo istasyonunu dinlemek i\u00e7in kadran\u0131 \u00e7evirin ve ayarlay\u0131n. Zihnimiz g\u00fc\u00e7l\u00fc bir titre\u015fim vericisi ve al\u0131c\u0131s\u0131d\u0131r ve zihinsel olarak bizimle ayarlanm\u0131\u015f kalabal\u0131klara uyum sa\u011flamak zorunda kalaca\u011f\u0131z.<\/p>\n\n\n\n<p class=\"has-black-color has-text-color has-link-color has-small-font-size wp-elements-bd9e2cd0791ee6da115596f29e439265\"><strong>Bir melodinin sa\u011fl\u0131kl\u0131 olmas\u0131 i\u00e7in almam\u0131z gereken \u00f6nlemler nelerdir?<\/strong><\/p>\n\n\n\n<p class=\"has-black-color has-text-color has-link-color has-small-font-size wp-elements-a9065829eec360da02612ef87345b1ad\">Prensip olarak, d\u00fc\u015f\u00fcncelerimizin do\u011fas\u0131 taraf\u0131ndan belirlendi\u011fini d\u00fc\u015f\u00fcnelim. Eski \u201cbana arkada\u015flar\u0131n\u0131n kim oldu\u011funu s\u00f6yle, ben de sana kim oldu\u011funu s\u00f6yleyeyim &#034;s\u00f6z\u00fcn\u00fc hat\u0131rlatarak, \u201cbana d\u00fc\u015f\u00fcncelerinin do\u011fas\u0131n\u0131 s\u00f6yle, ben de sana asimile edece\u011fin etkileri s\u00f6yleyeyim&#034; diyebiliriz.<\/p>\n\n\n\n<p class=\"has-black-color has-text-color has-link-color has-small-font-size wp-elements-c3c037cf5bc55d0ec62a4624e51f7f3c\">\u00bf<strong>Bu, denge ve dengesizlik, huzur veya endi\u015fe, ne\u015fe veya \u00fcz\u00fcnt\u00fc, sald\u0131rganl\u0131k veya uysall\u0131\u011f\u0131n esasen bize ba\u011fl\u0131 oldu\u011fu anlam\u0131na m\u0131 geliyor?<\/strong><\/p>\n\n\n\n<p class=\"has-black-color has-text-color has-link-color has-small-font-size wp-elements-8484fcc9c3a0551747c6debcaea81478\">Kesinlikle. Her ne kadar fiziksel ve psi\u015fikli\u011fimiz ortamlar\u0131n etkileri nedeniyle geni\u015fleyebilse de, bunlar\u0131n k\u00f6keni bizim d\u00fc\u015f\u00fcnme ve hareket tarz\u0131m\u0131zdad\u0131r. Hayat\u0131m\u0131zdaki iyili\u011fi istiyorsan\u0131z, iyi d\u00fc\u015f\u00fcnmemiz ve iyi performans g\u00f6stermemiz \u00e7ok \u00f6nemlidir.<\/p>\n<\/div><\/div>","protected":false},"excerpt":{"rendered":"<p>Influencias Ambientes Es dif\u00edcil encontrar personas que guardan perfecta estabilidad emocional y f\u00edsica. \u00bfTiene algo que ver con la sensibilidad medi\u00famnica? Tiene mucho que ver. Vivimos sumergidos en un oc\u00e9ano de vibraciones mentales, emitidas por Esp\u00edritus encarnados y desencarnados. As\u00ed como podemos ser contaminados por virus y bacterias, tambi\u00e9n sufrimos contaminaciones espirituales que generan alteraciones [&hellip;]<\/p>","protected":false},"author":1,"featured_media":4039,"parent":0,"menu_order":0,"comment_status":"closed","ping_status":"closed","template":"","meta":{"_uag_custom_page_level_css":"","site-sidebar-layout":"default","site-content-layout":"","ast-site-content-layout":"default","site-content-style":"default","site-sidebar-style":"default","ast-global-header-display":"","ast-banner-title-visibility":"","ast-main-header-display":"","ast-hfb-above-header-display":"","ast-hfb-below-header-display":"","ast-hfb-mobile-header-display":"","site-post-title":"","ast-breadcrumbs-content":"","ast-featured-img":"","footer-sml-layout":"","theme-transparent-header-meta":"","adv-header-id-meta":"","stick-header-meta":"","header-above-stick-meta":"","header-main-stick-meta":"","header-below-stick-meta":"","astra-migrate-meta-layouts":"set","ast-page-background-enabled":"default","ast-page-background-meta":{"desktop":{"background-color":"var(--ast-global-color-4)","background-image":"","background-repeat":"repeat","background-position":"center center","background-size":"auto","background-attachment":"scroll","background-type":"","background-media":"","overlay-type":"","overlay-color":"","overlay-opacity":"","overlay-gradient":""},"tablet":{"background-color":"","background-image":"","background-repeat":"repeat","background-position":"center center","background-size":"auto","background-attachment":"scroll","background-type":"","background-media":"","overlay-type":"","overlay-color":"","overlay-opacity":"","overlay-gradient":""},"mobile":{"background-color":"","background-image":"","background-repeat":"repeat","background-position":"center center","background-size":"auto","background-attachment":"scroll","background-type":"","background-media":"","overlay-type":"","overlay-color":"","overlay-opacity":"","overlay-gradient":""}},"ast-content-background-meta":{"desktop":{"background-color":"var(--ast-global-color-5)","background-image":"","background-repeat":"repeat","background-position":"center center","background-size":"auto","background-attachment":"scroll","background-type":"","background-media":"","overlay-type":"","overlay-color":"","overlay-opacity":"","overlay-gradient":""},"tablet":{"background-color":"var(--ast-global-color-5)","background-image":"","background-repeat":"repeat","background-position":"center center","background-size":"auto","background-attachment":"scroll","background-type":"","background-media":"","overlay-type":"","overlay-color":"","overlay-opacity":"","overlay-gradient":""},"mobile":{"background-color":"var(--ast-global-color-5)","background-image":"","background-repeat":"repeat","background-position":"center center","background-size":"auto","background-attachment":"scroll","background-type":"","background-media":"","overlay-type":"","overlay-color":"","overlay-opacity":"","overlay-gradient":""}},"footnotes":""},"class_list":["post-4034","page","type-page","status-publish","has-post-thumbnail","hentry"],"yoast_head":"<!-- This site is optimized with the Yoast SEO Premium plugin v24.2 (Yoast SEO v24.6) - https:\/\/yoast.com\/wordpress\/plugins\/seo\/ -->\n<title>Influencias Ambientes - Uni\u00f3n Esp\u00edrita<\/title>\n<meta name=\"robots\" content=\"index, follow, max-snippet:-1, max-image-preview:large, max-video-preview:-1\" \/>\n<link rel=\"canonical\" href=\"https:\/\/nuevo-renacer.com\/tr\/influencias-ambientes\/\" \/>\n<meta property=\"og:locale\" content=\"tr_TR\" \/>\n<meta property=\"og:type\" content=\"article\" \/>\n<meta property=\"og:title\" content=\"Influencias Ambientes\" \/>\n<meta property=\"og:description\" content=\"Influencias Ambientes Es dif\u00edcil encontrar personas que guardan perfecta estabilidad emocional y f\u00edsica. \u00bfTiene algo que ver con la sensibilidad medi\u00famnica? Tiene mucho que ver. Vivimos sumergidos en un oc\u00e9ano de vibraciones mentales, emitidas por Esp\u00edritus encarnados y desencarnados. As\u00ed como podemos ser contaminados por virus y bacterias, tambi\u00e9n sufrimos contaminaciones espirituales que generan alteraciones [&hellip;]\" \/>\n<meta property=\"og:url\" content=\"https:\/\/nuevo-renacer.com\/tr\/influencias-ambientes\/\" \/>\n<meta property=\"og:site_name\" content=\"Uni\u00f3n Esp\u00edrita\" \/>\n<meta property=\"article:publisher\" content=\"https:\/\/www.facebook.com\/groups\/3431398063740829\" \/>\n<meta property=\"article:modified_time\" content=\"2024-07-18T11:38:46+00:00\" \/>\n<meta property=\"og:image\" content=\"https:\/\/nuevo-renacer.com\/wp-content\/uploads\/2024\/07\/0012762735-1.jpg\" \/>\n\t<meta property=\"og:image:width\" content=\"770\" \/>\n\t<meta property=\"og:image:height\" content=\"433\" \/>\n\t<meta property=\"og:image:type\" content=\"image\/jpeg\" \/>\n<meta name=\"twitter:card\" content=\"summary_large_image\" \/>\n<meta name=\"twitter:label1\" content=\"Tahmini okuma s\u00fcresi\" \/>\n\t<meta name=\"twitter:data1\" content=\"2 dakika\" \/>\n<script type=\"application\/ld+json\" class=\"yoast-schema-graph\">{\"@context\":\"https:\/\/schema.org\",\"@graph\":[{\"@type\":\"WebPage\",\"@id\":\"https:\/\/nuevo-renacer.com\/influencias-ambientes\/\",\"url\":\"https:\/\/nuevo-renacer.com\/influencias-ambientes\/\",\"name\":\"Influencias Ambientes - Uni\u00f3n Esp\u00edrita\",\"isPartOf\":{\"@id\":\"https:\/\/nuevo-renacer.com\/#website\"},\"primaryImageOfPage\":{\"@id\":\"https:\/\/nuevo-renacer.com\/influencias-ambientes\/#primaryimage\"},\"image\":{\"@id\":\"https:\/\/nuevo-renacer.com\/influencias-ambientes\/#primaryimage\"},\"thumbnailUrl\":\"https:\/\/nuevo-renacer.com\/wp-content\/uploads\/2024\/07\/0012762735-1.jpg\",\"datePublished\":\"2024-07-18T11:35:17+00:00\",\"dateModified\":\"2024-07-18T11:38:46+00:00\",\"breadcrumb\":{\"@id\":\"https:\/\/nuevo-renacer.com\/influencias-ambientes\/#breadcrumb\"},\"inLanguage\":\"tr\",\"potentialAction\":[{\"@type\":\"ReadAction\",\"target\":[\"https:\/\/nuevo-renacer.com\/influencias-ambientes\/\"]}]},{\"@type\":\"ImageObject\",\"inLanguage\":\"tr\",\"@id\":\"https:\/\/nuevo-renacer.com\/influencias-ambientes\/#primaryimage\",\"url\":\"https:\/\/nuevo-renacer.com\/wp-content\/uploads\/2024\/07\/0012762735-1.jpg\",\"contentUrl\":\"https:\/\/nuevo-renacer.com\/wp-content\/uploads\/2024\/07\/0012762735-1.jpg\",\"width\":770,\"height\":433},{\"@type\":\"BreadcrumbList\",\"@id\":\"https:\/\/nuevo-renacer.com\/influencias-ambientes\/#breadcrumb\",\"itemListElement\":[{\"@type\":\"ListItem\",\"position\":1,\"name\":\"Startseite\",\"item\":\"https:\/\/nuevo-renacer.com\/\"},{\"@type\":\"ListItem\",\"position\":2,\"name\":\"Influencias Ambientes\"}]},{\"@type\":\"WebSite\",\"@id\":\"https:\/\/nuevo-renacer.com\/#website\",\"url\":\"https:\/\/nuevo-renacer.com\/\",\"name\":\"Uni\u00f3n Esp\u00edrita\",\"description\":\"Nuevo Renacer\",\"publisher\":{\"@id\":\"https:\/\/nuevo-renacer.com\/#organization\"},\"potentialAction\":[{\"@type\":\"SearchAction\",\"target\":{\"@type\":\"EntryPoint\",\"urlTemplate\":\"https:\/\/nuevo-renacer.com\/?s={search_term_string}\"},\"query-input\":{\"@type\":\"PropertyValueSpecification\",\"valueRequired\":true,\"valueName\":\"search_term_string\"}}],\"inLanguage\":\"tr\"},{\"@type\":\"Organization\",\"@id\":\"https:\/\/nuevo-renacer.com\/#organization\",\"name\":\"UFEC\",\"url\":\"https:\/\/nuevo-renacer.com\/\",\"logo\":{\"@type\":\"ImageObject\",\"inLanguage\":\"tr\",\"@id\":\"https:\/\/nuevo-renacer.com\/#\/schema\/logo\/image\/\",\"url\":\"https:\/\/nuevo-renacer.com\/wp-content\/uploads\/2024\/05\/cropped-LOGO-TERMINADO1-3-3.png\",\"contentUrl\":\"https:\/\/nuevo-renacer.com\/wp-content\/uploads\/2024\/05\/cropped-LOGO-TERMINADO1-3-3.png\",\"width\":512,\"height\":512,\"caption\":\"UFEC\"},\"image\":{\"@id\":\"https:\/\/nuevo-renacer.com\/#\/schema\/logo\/image\/\"},\"sameAs\":[\"https:\/\/www.facebook.com\/groups\/3431398063740829\"]}]}<\/script>\n<!-- \/ Yoast SEO Premium plugin. -->","yoast_head_json":{"title":"Influencias Ambientes - Uni\u00f3n Esp\u00edrita","robots":{"index":"index","follow":"follow","max-snippet":"max-snippet:-1","max-image-preview":"max-image-preview:large","max-video-preview":"max-video-preview:-1"},"canonical":"https:\/\/nuevo-renacer.com\/tr\/influencias-ambientes\/","og_locale":"tr_TR","og_type":"article","og_title":"Influencias Ambientes","og_description":"Influencias Ambientes Es dif\u00edcil encontrar personas que guardan perfecta estabilidad emocional y f\u00edsica. \u00bfTiene algo que ver con la sensibilidad medi\u00famnica? Tiene mucho que ver. Vivimos sumergidos en un oc\u00e9ano de vibraciones mentales, emitidas por Esp\u00edritus encarnados y desencarnados. As\u00ed como podemos ser contaminados por virus y bacterias, tambi\u00e9n sufrimos contaminaciones espirituales que generan alteraciones [&hellip;]","og_url":"https:\/\/nuevo-renacer.com\/tr\/influencias-ambientes\/","og_site_name":"Uni\u00f3n Esp\u00edrita","article_publisher":"https:\/\/www.facebook.com\/groups\/3431398063740829","article_modified_time":"2024-07-18T11:38:46+00:00","og_image":[{"width":770,"height":433,"url":"https:\/\/nuevo-renacer.com\/wp-content\/uploads\/2024\/07\/0012762735-1.jpg","type":"image\/jpeg"}],"twitter_card":"summary_large_image","twitter_misc":{"Tahmini okuma s\u00fcresi":"2 dakika"},"schema":{"@context":"https:\/\/schema.org","@graph":[{"@type":"WebPage","@id":"https:\/\/nuevo-renacer.com\/influencias-ambientes\/","url":"https:\/\/nuevo-renacer.com\/influencias-ambientes\/","name":"Influencias Ambientes - Uni\u00f3n Esp\u00edrita","isPartOf":{"@id":"https:\/\/nuevo-renacer.com\/#website"},"primaryImageOfPage":{"@id":"https:\/\/nuevo-renacer.com\/influencias-ambientes\/#primaryimage"},"image":{"@id":"https:\/\/nuevo-renacer.com\/influencias-ambientes\/#primaryimage"},"thumbnailUrl":"https:\/\/nuevo-renacer.com\/wp-content\/uploads\/2024\/07\/0012762735-1.jpg","datePublished":"2024-07-18T11:35:17+00:00","dateModified":"2024-07-18T11:38:46+00:00","breadcrumb":{"@id":"https:\/\/nuevo-renacer.com\/influencias-ambientes\/#breadcrumb"},"inLanguage":"tr","potentialAction":[{"@type":"ReadAction","target":["https:\/\/nuevo-renacer.com\/influencias-ambientes\/"]}]},{"@type":"ImageObject","inLanguage":"tr","@id":"https:\/\/nuevo-renacer.com\/influencias-ambientes\/#primaryimage","url":"https:\/\/nuevo-renacer.com\/wp-content\/uploads\/2024\/07\/0012762735-1.jpg","contentUrl":"https:\/\/nuevo-renacer.com\/wp-content\/uploads\/2024\/07\/0012762735-1.jpg","width":770,"height":433},{"@type":"BreadcrumbList","@id":"https:\/\/nuevo-renacer.com\/influencias-ambientes\/#breadcrumb","itemListElement":[{"@type":"ListItem","position":1,"name":"Startseite","item":"https:\/\/nuevo-renacer.com\/"},{"@type":"ListItem","position":2,"name":"Influencias Ambientes"}]},{"@type":"WebSite","@id":"https:\/\/nuevo-renacer.com\/#website","url":"https:\/\/nuevo-renacer.com\/","name":"Uni\u00f3n Esp\u00edrita","description":"Nuevo Renacer","publisher":{"@id":"https:\/\/nuevo-renacer.com\/#organization"},"potentialAction":[{"@type":"SearchAction","target":{"@type":"EntryPoint","urlTemplate":"https:\/\/nuevo-renacer.com\/?s={search_term_string}"},"query-input":{"@type":"PropertyValueSpecification","valueRequired":true,"valueName":"search_term_string"}}],"inLanguage":"tr"},{"@type":"Organization","@id":"https:\/\/nuevo-renacer.com\/#organization","name":"UFEC","url":"https:\/\/nuevo-renacer.com\/","logo":{"@type":"ImageObject","inLanguage":"tr","@id":"https:\/\/nuevo-renacer.com\/#\/schema\/logo\/image\/","url":"https:\/\/nuevo-renacer.com\/wp-content\/uploads\/2024\/05\/cropped-LOGO-TERMINADO1-3-3.png","contentUrl":"https:\/\/nuevo-renacer.com\/wp-content\/uploads\/2024\/05\/cropped-LOGO-TERMINADO1-3-3.png","width":512,"height":512,"caption":"UFEC"},"image":{"@id":"https:\/\/nuevo-renacer.com\/#\/schema\/logo\/image\/"},"sameAs":["https:\/\/www.facebook.com\/groups\/3431398063740829"]}]}},"uagb_featured_image_src":{"full":["https:\/\/nuevo-renacer.com\/wp-content\/uploads\/2024\/07\/0012762735-1.jpg",770,433,false],"thumbnail":["https:\/\/nuevo-renacer.com\/wp-content\/uploads\/2024\/07\/0012762735-1-150x150.jpg",150,150,true],"medium":["https:\/\/nuevo-renacer.com\/wp-content\/uploads\/2024\/07\/0012762735-1-300x169.jpg",300,169,true],"medium_large":["https:\/\/nuevo-renacer.com\/wp-content\/uploads\/2024\/07\/0012762735-1-768x432.jpg",768,432,true],"large":["https:\/\/nuevo-renacer.com\/wp-content\/uploads\/2024\/07\/0012762735-1.jpg",770,433,false],"1536x1536":["https:\/\/nuevo-renacer.com\/wp-content\/uploads\/2024\/07\/0012762735-1.jpg",770,433,false],"2048x2048":["https:\/\/nuevo-renacer.com\/wp-content\/uploads\/2024\/07\/0012762735-1.jpg",770,433,false],"trp-custom-language-flag":["https:\/\/nuevo-renacer.com\/wp-content\/uploads\/2024\/07\/0012762735-1-18x10.jpg",18,10,true]},"uagb_author_info":{"display_name":"adbv0","author_link":"https:\/\/nuevo-renacer.com\/tr\/author\/adbv0\/"},"uagb_comment_info":0,"uagb_excerpt":"Influencias Ambientes Es dif\u00edcil encontrar personas que guardan perfecta estabilidad emocional y f\u00edsica. \u00bfTiene algo que ver con la sensibilidad medi\u00famnica? Tiene mucho que ver. Vivimos sumergidos en un oc\u00e9ano de vibraciones mentales, emitidas por Esp\u00edritus encarnados y desencarnados. As\u00ed como podemos ser contaminados por virus y bacterias, tambi\u00e9n sufrimos contaminaciones espirituales que generan alteraciones&hellip;","jetpack_sharing_enabled":true,"_links":{"self":[{"href":"https:\/\/nuevo-renacer.com\/tr\/wp-json\/wp\/v2\/pages\/4034","targetHints":{"allow":["GET"]}}],"collection":[{"href":"https:\/\/nuevo-renacer.com\/tr\/wp-json\/wp\/v2\/pages"}],"about":[{"href":"https:\/\/nuevo-renacer.com\/tr\/wp-json\/wp\/v2\/types\/page"}],"author":[{"embeddable":true,"href":"https:\/\/nuevo-renacer.com\/tr\/wp-json\/wp\/v2\/users\/1"}],"replies":[{"embeddable":true,"href":"https:\/\/nuevo-renacer.com\/tr\/wp-json\/wp\/v2\/comments?post=4034"}],"version-history":[{"count":3,"href":"https:\/\/nuevo-renacer.com\/tr\/wp-json\/wp\/v2\/pages\/4034\/revisions"}],"predecessor-version":[{"id":4041,"href":"https:\/\/nuevo-renacer.com\/tr\/wp-json\/wp\/v2\/pages\/4034\/revisions\/4041"}],"wp:featuredmedia":[{"embeddable":true,"href":"https:\/\/nuevo-renacer.com\/tr\/wp-json\/wp\/v2\/media\/4039"}],"wp:attachment":[{"href":"https:\/\/nuevo-renacer.com\/tr\/wp-json\/wp\/v2\/media?parent=4034"}],"curies":[{"name":"wp","href":"https:\/\/api.w.org\/{rel}","templated":true}]}}