{"id":4029,"date":"2024-07-18T11:08:50","date_gmt":"2024-07-18T11:08:50","guid":{"rendered":"https:\/\/ufec-mundial.com\/?page_id=4029"},"modified":"2024-07-18T11:08:52","modified_gmt":"2024-07-18T11:08:52","slug":"desajustes-espirituales","status":"publish","type":"page","link":"https:\/\/nuevo-renacer.com\/tr\/desajustes-espirituales\/","title":{"rendered":"Ruhsal Uyumsuzluklar"},"content":{"rendered":"<div class=\"wp-block-uagb-container uagb-block-1786cca6 alignfull uagb-is-root-container\"><div class=\"uagb-container-inner-blocks-wrap\">\n<p class=\"has-black-color has-text-color has-link-color has-medium-font-size wp-elements-8a32aa4b463a94a59a93e7c0eeaf3cf6\"><strong>Ruhsal Uyumsuzluklar<\/strong><\/p>\n<\/div><\/div>\n\n\n\n<div class=\"wp-block-uagb-container uagb-block-a1ff78ec alignfull uagb-is-root-container\"><div class=\"uagb-container-inner-blocks-wrap\">\n<figure class=\"wp-block-image size-large is-resized\"><img fetchpriority=\"high\" decoding=\"async\" width=\"1024\" height=\"1024\" src=\"https:\/\/ufec-mundial.com\/wp-content\/uploads\/2024\/07\/9006844-kognitiv-dissonans-platt-stil-illustration-design-gratis-vector-1024x1024.jpg\" alt=\"\" class=\"wp-image-4030\" style=\"width:330px;height:auto\" srcset=\"https:\/\/nuevo-renacer.com\/wp-content\/uploads\/2024\/07\/9006844-kognitiv-dissonans-platt-stil-illustration-design-gratis-vector-1024x1024.jpg 1024w, https:\/\/nuevo-renacer.com\/wp-content\/uploads\/2024\/07\/9006844-kognitiv-dissonans-platt-stil-illustration-design-gratis-vector-150x150.jpg 150w, https:\/\/nuevo-renacer.com\/wp-content\/uploads\/2024\/07\/9006844-kognitiv-dissonans-platt-stil-illustration-design-gratis-vector-300x300.jpg 300w, https:\/\/nuevo-renacer.com\/wp-content\/uploads\/2024\/07\/9006844-kognitiv-dissonans-platt-stil-illustration-design-gratis-vector-768x768.jpg 768w, https:\/\/nuevo-renacer.com\/wp-content\/uploads\/2024\/07\/9006844-kognitiv-dissonans-platt-stil-illustration-design-gratis-vector-1536x1536.jpg 1536w, https:\/\/nuevo-renacer.com\/wp-content\/uploads\/2024\/07\/9006844-kognitiv-dissonans-platt-stil-illustration-design-gratis-vector-12x12.jpg 12w, https:\/\/nuevo-renacer.com\/wp-content\/uploads\/2024\/07\/9006844-kognitiv-dissonans-platt-stil-illustration-design-gratis-vector.jpg 1920w\" sizes=\"(max-width: 1024px) 100vw, 1024px\" \/><\/figure>\n<\/div><\/div>\n\n\n\n<div class=\"wp-block-uagb-container uagb-block-79071ef2 alignfull uagb-is-root-container\"><div class=\"uagb-container-inner-blocks-wrap\">\n<p class=\"has-black-color has-text-color has-link-color has-small-font-size wp-elements-0be3dcbf84a44e299ff9339ee74abfaa\"><strong>Depresyon, anksiyete, kronik rahats\u0131zl\u0131klar\u0131 i\u00e7eren sorunlar\u0131 olan ki\u015finin Merkezde bilgilendirilmesi yayg\u0131nd\u0131r. Ruh\u00e7u: &#034;Sen bir medyumsun&#034;. \u0130yile\u015fmek i\u00e7in medyumlu\u011funuzu geli\u015ftirmeniz mi gerekiyor?<\/strong><\/p>\n\n\n\n<p class=\"has-black-color has-text-color has-link-color has-small-font-size wp-elements-8b0f8025e72c65e748c9fc4ef8bc8697\">Liderlerin s\u00f6yledi\u011fi \u015fey bu esp\u00edritas daha az bilgili. Geli\u015fmek i\u00e7in uyumsuzluk ruhsal ortam\u0131n\u0131 kar\u0131\u015ft\u0131ramay\u0131z.<\/p>\n\n\n\n<p class=\"has-black-color has-text-color has-link-color has-small-font-size wp-elements-be18ac972944e30a84f99038ba344624\"><strong>Ancak ki\u015finin ruhsal fenomenlerle ya\u015fad\u0131\u011f\u0131, Ruhlar\u0131 g\u00f6rd\u00fc\u011f\u00fc ve hissetti\u011fi durumlar vard\u0131r...<\/strong><\/p>\n\n\n\n<p class=\"has-black-color has-text-color has-link-color has-small-font-size wp-elements-1b656040b2df12eecb3d82d04fc8df4c\">Gergin, hasta ve gergin olsayd\u0131n\u0131z, varolu\u015fsal sorunlar\u0131na dayanarak, sizi ruhsal d\u00fcnyay\u0131 g\u00f6rmeye ve hissetmeye g\u00f6t\u00fcrebilecek bir s\u00fcper-uyar\u0131lma psi\u015fi\u011fi ya\u015fayacaks\u0131n\u0131z. geli\u015fmen gereken medyumlu\u011fun oldu\u011fu anlam\u0131na gelmez.<\/p>\n\n\n\n<p class=\"has-black-color has-text-color has-link-color has-small-font-size wp-elements-71e1a1ae7b79fdab5b72d3e8c51b128d\"><strong>Ne yapmal\u0131s\u0131n?<\/strong><\/p>\n\n\n\n<p class=\"has-black-color has-text-color has-link-color has-small-font-size wp-elements-154097fc8b9c2fa20c4fbc67338eadc3\">Ruhsal olarak, \u201csevgi dolu bak\u0131m\u0131n\u201d i\u015fleyi\u015finin ve bir refakat\u00e7inin do\u011fu&#039;yu fiziksel ve zihinsel istikrarlar\u0131 i\u00e7in gerekli \u00e7\u00f6z\u00fcmler a\u00e7\u0131s\u0131ndan netle\u015ftirdi\u011fi, iyi y\u00f6nlendirilmi\u015f bir Merkez Ruh\u00e7usu arayarak olun.<\/p>\n\n\n\n<p class=\"has-black-color has-text-color has-link-color has-small-font-size wp-elements-b083bdf6e7ef6b9075194a02c7ab0998\"><strong>Hakk\u0131nda nas\u0131l konu\u015fulur Merkez Ruh\u00e7u iyi y\u00f6nlendirilmi\u015f iyi rehberli\u011fe sahip olmayan ba\u015fkalar\u0131 oldu\u011funu s\u00f6ylemek ister misiniz?<\/strong><\/p>\n\n\n\n<p class=\"has-black-color has-text-color has-link-color has-small-font-size wp-elements-87443cbee18458bd16b31d03d4af4a97\">Maalesef hay\u0131r. Liderler her zaman Doktrinin temel eserlerinin, \u00f6zellikle de Medyumlar Kitab\u0131n\u0131n, medyumluk durumunda incelenmesiyle ilgilenmezler. Kendilerini kurallardan uzakla\u015ft\u0131rarak bir Maneviyat \u201cevin modas\u0131\u201d yap\u0131n.<\/p>\n\n\n\n<p class=\"has-black-color has-text-color has-link-color has-small-font-size wp-elements-c53290ebba6a49fd6e602fb9f0b7beb5\"><strong>Bir ki\u015fi, sorunlar\u0131n\u0131z\u0131n bir medyumluk geli\u015fiminin do\u011fu\u015fundan m\u0131 yoksa sadece bir desajusteespirituales meyvesinden mi kaynakland\u0131\u011f\u0131n\u0131 nas\u0131l bilecek?<\/strong><\/p>\n\n\n\n<p class=\"has-black-color has-text-color has-link-color has-small-font-size wp-elements-4abf67663703ec7fe50a259e0664947f\">Prensip olarak bununla ilgilenmemelisiniz. Geli\u015fecek medyumlu\u011funuz olsa bile, ruhsal muameleyi yapman\u0131z ve onlar\u0131n uyumsuzluklar\u0131n\u0131 a\u015fman\u0131z esast\u0131r. Daha sonra bu olas\u0131l\u0131\u011f\u0131 d\u00fc\u015f\u00fcnece\u011fiz.<\/p>\n\n\n\n<p class=\"has-black-color has-text-color has-link-color has-small-font-size wp-elements-2a03f3f1fab4adc7bec8e62538996df2\"><strong>Ancak, s\u0131k s\u0131k bir araya gelme ortam\u0131na g\u00f6re ayarlanabilecek bir medyum olsayd\u0131n\u0131z ne olurdu?<\/strong><\/p>\n\n\n\n<p class=\"has-black-color has-text-color has-link-color has-small-font-size wp-elements-f6055890bd08a607eb99a031c93f29c1\">Bakiyeniz bu kat\u0131l\u0131ma tabi de\u011fildir. Onlar\u0131n varl\u0131\u011f\u0131, prensip olarak, verimsizdir. E\u011fer psi\u015fik olsayd\u0131, onu nas\u0131l kontrol edece\u011fini bilmeden hassasiyetini geni\u015fletirdi. Kendi dengesizliklerine katk\u0131da bulunmak.<\/p>\n\n\n\n<p class=\"has-black-color has-text-color has-link-color has-small-font-size wp-elements-b9d534781b476a581fef49b449cc2580\"><strong>Bu \u201cmanevi muamele &#034; nedir?<\/strong><\/p>\n\n\n\n<p class=\"has-black-color has-text-color has-link-color has-small-font-size wp-elements-a579c8f98ed7156cdc13131114e9b4cc\">Temel olarak, uygulaman\u0131n manyetik bir bile\u015feni ge\u00e7mesi, ad\u0131n\u0131n toplant\u0131lara y\u00f6nlendirilmesi olacakt\u0131r. medyumlar bu t\u00fcr yard\u0131m hakk\u0131, ak\u0131\u015fkan su kullan\u0131m\u0131 ve \u00f6\u011fretinin y\u00f6neliminin asimilasyonu, toplant\u0131lar\u0131 ve esp\u00edritas&#039;\u0131n belirtti\u011fi kitaplar\u0131n halka a\u00e7\u0131k okunmas\u0131n\u0131 i\u00e7erir.<\/p>\n\n\n\n<p class=\"has-black-color has-text-color has-link-color has-small-font-size wp-elements-201097b72a4b4be8ba457dceb8cb3df3\"><strong>Ki\u015finin t\u0131bbi bak\u0131m alt\u0131nda olmas\u0131 nadir de\u011fildir. Bunu nas\u0131l \u00e7\u00f6zebiliriz?<\/strong><\/p>\n\n\n\n<p class=\"has-black-color has-text-color has-link-color has-small-font-size wp-elements-586d5cb7fd227b913818f4c7ed613f6d\">Ruhsal tedavinin doktorun rekabeti taraf\u0131ndan sunulmad\u0131\u011f\u0131 konusunda uyar\u0131lmal\u0131s\u0131n\u0131z. Etkilerle \u015fiddetlenen bir ruh ruhsal veya uyumsuzluklar medi\u00famnicos&#039;un fiziksel beden \u00fczerinde etkisi vard\u0131r, ola\u011fand\u0131\u015f\u0131 hi\u00e7bir \u015feyden kaynaklanmaz, uzmanlar\u0131n dikkatini gerektiren sorunlar. Bu nedenle ideal olarak, her iki tedaviyi birle\u015ftirmek olacakt\u0131r.<\/p>\n<\/div><\/div>","protected":false},"excerpt":{"rendered":"<p>Desajustes Espirituales Es com\u00fan que la persona con problemas, envolviendo depresi\u00f3n, angustia, dolencias cr\u00f3nicas, sea informada en el Centro Esp\u00edrita: \u201cUsted es m\u00e9dium\u201d. \u00bfDebe desenvolver su mediumnidad para sanar? Es lo que dicen los dirigentes esp\u00edritas menos informados. No podemos confundir desajuste espiritual con mediumnidad para desarrollar. Pero hay casos en que la persona vive [&hellip;]<\/p>","protected":false},"author":1,"featured_media":0,"parent":0,"menu_order":0,"comment_status":"closed","ping_status":"closed","template":"","meta":{"_uag_custom_page_level_css":"","site-sidebar-layout":"default","site-content-layout":"","ast-site-content-layout":"default","site-content-style":"default","site-sidebar-style":"default","ast-global-header-display":"","ast-banner-title-visibility":"","ast-main-header-display":"","ast-hfb-above-header-display":"","ast-hfb-below-header-display":"","ast-hfb-mobile-header-display":"","site-post-title":"","ast-breadcrumbs-content":"","ast-featured-img":"","footer-sml-layout":"","theme-transparent-header-meta":"","adv-header-id-meta":"","stick-header-meta":"","header-above-stick-meta":"","header-main-stick-meta":"","header-below-stick-meta":"","astra-migrate-meta-layouts":"set","ast-page-background-enabled":"default","ast-page-background-meta":{"desktop":{"background-color":"var(--ast-global-color-4)","background-image":"","background-repeat":"repeat","background-position":"center center","background-size":"auto","background-attachment":"scroll","background-type":"","background-media":"","overlay-type":"","overlay-color":"","overlay-opacity":"","overlay-gradient":""},"tablet":{"background-color":"","background-image":"","background-repeat":"repeat","background-position":"center center","background-size":"auto","background-attachment":"scroll","background-type":"","background-media":"","overlay-type":"","overlay-color":"","overlay-opacity":"","overlay-gradient":""},"mobile":{"background-color":"","background-image":"","background-repeat":"repeat","background-position":"center center","background-size":"auto","background-attachment":"scroll","background-type":"","background-media":"","overlay-type":"","overlay-color":"","overlay-opacity":"","overlay-gradient":""}},"ast-content-background-meta":{"desktop":{"background-color":"var(--ast-global-color-5)","background-image":"","background-repeat":"repeat","background-position":"center center","background-size":"auto","background-attachment":"scroll","background-type":"","background-media":"","overlay-type":"","overlay-color":"","overlay-opacity":"","overlay-gradient":""},"tablet":{"background-color":"var(--ast-global-color-5)","background-image":"","background-repeat":"repeat","background-position":"center center","background-size":"auto","background-attachment":"scroll","background-type":"","background-media":"","overlay-type":"","overlay-color":"","overlay-opacity":"","overlay-gradient":""},"mobile":{"background-color":"var(--ast-global-color-5)","background-image":"","background-repeat":"repeat","background-position":"center center","background-size":"auto","background-attachment":"scroll","background-type":"","background-media":"","overlay-type":"","overlay-color":"","overlay-opacity":"","overlay-gradient":""}},"footnotes":""},"class_list":["post-4029","page","type-page","status-publish","hentry"],"yoast_head":"<!-- This site is optimized with the Yoast SEO Premium plugin v24.2 (Yoast SEO v24.6) - https:\/\/yoast.com\/wordpress\/plugins\/seo\/ -->\n<title>Desajustes Espirituales - Uni\u00f3n Esp\u00edrita<\/title>\n<meta name=\"robots\" content=\"index, follow, max-snippet:-1, max-image-preview:large, max-video-preview:-1\" \/>\n<link rel=\"canonical\" href=\"https:\/\/nuevo-renacer.com\/tr\/desajustes-espirituales\/\" \/>\n<meta property=\"og:locale\" content=\"tr_TR\" \/>\n<meta property=\"og:type\" content=\"article\" \/>\n<meta property=\"og:title\" content=\"Desajustes Espirituales\" \/>\n<meta property=\"og:description\" content=\"Desajustes Espirituales Es com\u00fan que la persona con problemas, envolviendo depresi\u00f3n, angustia, dolencias cr\u00f3nicas, sea informada en el Centro Esp\u00edrita: \u201cUsted es m\u00e9dium\u201d. \u00bfDebe desenvolver su mediumnidad para sanar? Es lo que dicen los dirigentes esp\u00edritas menos informados. No podemos confundir desajuste espiritual con mediumnidad para desarrollar. Pero hay casos en que la persona vive [&hellip;]\" \/>\n<meta property=\"og:url\" content=\"https:\/\/nuevo-renacer.com\/tr\/desajustes-espirituales\/\" \/>\n<meta property=\"og:site_name\" content=\"Uni\u00f3n Esp\u00edrita\" \/>\n<meta property=\"article:publisher\" content=\"https:\/\/www.facebook.com\/groups\/3431398063740829\" \/>\n<meta property=\"article:modified_time\" content=\"2024-07-18T11:08:52+00:00\" \/>\n<meta property=\"og:image\" content=\"https:\/\/ufec-mundial.com\/wp-content\/uploads\/2024\/07\/9006844-kognitiv-dissonans-platt-stil-illustration-design-gratis-vector-1024x1024.jpg\" \/>\n<meta name=\"twitter:card\" content=\"summary_large_image\" \/>\n<meta name=\"twitter:label1\" content=\"Tahmini okuma s\u00fcresi\" \/>\n\t<meta name=\"twitter:data1\" content=\"2 dakika\" \/>\n<script type=\"application\/ld+json\" class=\"yoast-schema-graph\">{\"@context\":\"https:\/\/schema.org\",\"@graph\":[{\"@type\":\"WebPage\",\"@id\":\"https:\/\/nuevo-renacer.com\/desajustes-espirituales\/\",\"url\":\"https:\/\/nuevo-renacer.com\/desajustes-espirituales\/\",\"name\":\"Desajustes Espirituales - Uni\u00f3n Esp\u00edrita\",\"isPartOf\":{\"@id\":\"https:\/\/nuevo-renacer.com\/#website\"},\"primaryImageOfPage\":{\"@id\":\"https:\/\/nuevo-renacer.com\/desajustes-espirituales\/#primaryimage\"},\"image\":{\"@id\":\"https:\/\/nuevo-renacer.com\/desajustes-espirituales\/#primaryimage\"},\"thumbnailUrl\":\"https:\/\/ufec-mundial.com\/wp-content\/uploads\/2024\/07\/9006844-kognitiv-dissonans-platt-stil-illustration-design-gratis-vector-1024x1024.jpg\",\"datePublished\":\"2024-07-18T11:08:50+00:00\",\"dateModified\":\"2024-07-18T11:08:52+00:00\",\"breadcrumb\":{\"@id\":\"https:\/\/nuevo-renacer.com\/desajustes-espirituales\/#breadcrumb\"},\"inLanguage\":\"tr\",\"potentialAction\":[{\"@type\":\"ReadAction\",\"target\":[\"https:\/\/nuevo-renacer.com\/desajustes-espirituales\/\"]}]},{\"@type\":\"ImageObject\",\"inLanguage\":\"tr\",\"@id\":\"https:\/\/nuevo-renacer.com\/desajustes-espirituales\/#primaryimage\",\"url\":\"https:\/\/ufec-mundial.com\/wp-content\/uploads\/2024\/07\/9006844-kognitiv-dissonans-platt-stil-illustration-design-gratis-vector-1024x1024.jpg\",\"contentUrl\":\"https:\/\/ufec-mundial.com\/wp-content\/uploads\/2024\/07\/9006844-kognitiv-dissonans-platt-stil-illustration-design-gratis-vector-1024x1024.jpg\"},{\"@type\":\"BreadcrumbList\",\"@id\":\"https:\/\/nuevo-renacer.com\/desajustes-espirituales\/#breadcrumb\",\"itemListElement\":[{\"@type\":\"ListItem\",\"position\":1,\"name\":\"Startseite\",\"item\":\"https:\/\/nuevo-renacer.com\/\"},{\"@type\":\"ListItem\",\"position\":2,\"name\":\"Desajustes Espirituales\"}]},{\"@type\":\"WebSite\",\"@id\":\"https:\/\/nuevo-renacer.com\/#website\",\"url\":\"https:\/\/nuevo-renacer.com\/\",\"name\":\"Uni\u00f3n Esp\u00edrita\",\"description\":\"Nuevo Renacer\",\"publisher\":{\"@id\":\"https:\/\/nuevo-renacer.com\/#organization\"},\"potentialAction\":[{\"@type\":\"SearchAction\",\"target\":{\"@type\":\"EntryPoint\",\"urlTemplate\":\"https:\/\/nuevo-renacer.com\/?s={search_term_string}\"},\"query-input\":{\"@type\":\"PropertyValueSpecification\",\"valueRequired\":true,\"valueName\":\"search_term_string\"}}],\"inLanguage\":\"tr\"},{\"@type\":\"Organization\",\"@id\":\"https:\/\/nuevo-renacer.com\/#organization\",\"name\":\"UFEC\",\"url\":\"https:\/\/nuevo-renacer.com\/\",\"logo\":{\"@type\":\"ImageObject\",\"inLanguage\":\"tr\",\"@id\":\"https:\/\/nuevo-renacer.com\/#\/schema\/logo\/image\/\",\"url\":\"https:\/\/nuevo-renacer.com\/wp-content\/uploads\/2024\/05\/cropped-LOGO-TERMINADO1-3-3.png\",\"contentUrl\":\"https:\/\/nuevo-renacer.com\/wp-content\/uploads\/2024\/05\/cropped-LOGO-TERMINADO1-3-3.png\",\"width\":512,\"height\":512,\"caption\":\"UFEC\"},\"image\":{\"@id\":\"https:\/\/nuevo-renacer.com\/#\/schema\/logo\/image\/\"},\"sameAs\":[\"https:\/\/www.facebook.com\/groups\/3431398063740829\"]}]}<\/script>\n<!-- \/ Yoast SEO Premium plugin. -->","yoast_head_json":{"title":"Desajustes Espirituales - Uni\u00f3n Esp\u00edrita","robots":{"index":"index","follow":"follow","max-snippet":"max-snippet:-1","max-image-preview":"max-image-preview:large","max-video-preview":"max-video-preview:-1"},"canonical":"https:\/\/nuevo-renacer.com\/tr\/desajustes-espirituales\/","og_locale":"tr_TR","og_type":"article","og_title":"Desajustes Espirituales","og_description":"Desajustes Espirituales Es com\u00fan que la persona con problemas, envolviendo depresi\u00f3n, angustia, dolencias cr\u00f3nicas, sea informada en el Centro Esp\u00edrita: \u201cUsted es m\u00e9dium\u201d. \u00bfDebe desenvolver su mediumnidad para sanar? Es lo que dicen los dirigentes esp\u00edritas menos informados. No podemos confundir desajuste espiritual con mediumnidad para desarrollar. Pero hay casos en que la persona vive [&hellip;]","og_url":"https:\/\/nuevo-renacer.com\/tr\/desajustes-espirituales\/","og_site_name":"Uni\u00f3n Esp\u00edrita","article_publisher":"https:\/\/www.facebook.com\/groups\/3431398063740829","article_modified_time":"2024-07-18T11:08:52+00:00","og_image":[{"url":"https:\/\/ufec-mundial.com\/wp-content\/uploads\/2024\/07\/9006844-kognitiv-dissonans-platt-stil-illustration-design-gratis-vector-1024x1024.jpg","type":"","width":"","height":""}],"twitter_card":"summary_large_image","twitter_misc":{"Tahmini okuma s\u00fcresi":"2 dakika"},"schema":{"@context":"https:\/\/schema.org","@graph":[{"@type":"WebPage","@id":"https:\/\/nuevo-renacer.com\/desajustes-espirituales\/","url":"https:\/\/nuevo-renacer.com\/desajustes-espirituales\/","name":"Desajustes Espirituales - Uni\u00f3n Esp\u00edrita","isPartOf":{"@id":"https:\/\/nuevo-renacer.com\/#website"},"primaryImageOfPage":{"@id":"https:\/\/nuevo-renacer.com\/desajustes-espirituales\/#primaryimage"},"image":{"@id":"https:\/\/nuevo-renacer.com\/desajustes-espirituales\/#primaryimage"},"thumbnailUrl":"https:\/\/ufec-mundial.com\/wp-content\/uploads\/2024\/07\/9006844-kognitiv-dissonans-platt-stil-illustration-design-gratis-vector-1024x1024.jpg","datePublished":"2024-07-18T11:08:50+00:00","dateModified":"2024-07-18T11:08:52+00:00","breadcrumb":{"@id":"https:\/\/nuevo-renacer.com\/desajustes-espirituales\/#breadcrumb"},"inLanguage":"tr","potentialAction":[{"@type":"ReadAction","target":["https:\/\/nuevo-renacer.com\/desajustes-espirituales\/"]}]},{"@type":"ImageObject","inLanguage":"tr","@id":"https:\/\/nuevo-renacer.com\/desajustes-espirituales\/#primaryimage","url":"https:\/\/ufec-mundial.com\/wp-content\/uploads\/2024\/07\/9006844-kognitiv-dissonans-platt-stil-illustration-design-gratis-vector-1024x1024.jpg","contentUrl":"https:\/\/ufec-mundial.com\/wp-content\/uploads\/2024\/07\/9006844-kognitiv-dissonans-platt-stil-illustration-design-gratis-vector-1024x1024.jpg"},{"@type":"BreadcrumbList","@id":"https:\/\/nuevo-renacer.com\/desajustes-espirituales\/#breadcrumb","itemListElement":[{"@type":"ListItem","position":1,"name":"Startseite","item":"https:\/\/nuevo-renacer.com\/"},{"@type":"ListItem","position":2,"name":"Desajustes Espirituales"}]},{"@type":"WebSite","@id":"https:\/\/nuevo-renacer.com\/#website","url":"https:\/\/nuevo-renacer.com\/","name":"Uni\u00f3n Esp\u00edrita","description":"Nuevo Renacer","publisher":{"@id":"https:\/\/nuevo-renacer.com\/#organization"},"potentialAction":[{"@type":"SearchAction","target":{"@type":"EntryPoint","urlTemplate":"https:\/\/nuevo-renacer.com\/?s={search_term_string}"},"query-input":{"@type":"PropertyValueSpecification","valueRequired":true,"valueName":"search_term_string"}}],"inLanguage":"tr"},{"@type":"Organization","@id":"https:\/\/nuevo-renacer.com\/#organization","name":"UFEC","url":"https:\/\/nuevo-renacer.com\/","logo":{"@type":"ImageObject","inLanguage":"tr","@id":"https:\/\/nuevo-renacer.com\/#\/schema\/logo\/image\/","url":"https:\/\/nuevo-renacer.com\/wp-content\/uploads\/2024\/05\/cropped-LOGO-TERMINADO1-3-3.png","contentUrl":"https:\/\/nuevo-renacer.com\/wp-content\/uploads\/2024\/05\/cropped-LOGO-TERMINADO1-3-3.png","width":512,"height":512,"caption":"UFEC"},"image":{"@id":"https:\/\/nuevo-renacer.com\/#\/schema\/logo\/image\/"},"sameAs":["https:\/\/www.facebook.com\/groups\/3431398063740829"]}]}},"uagb_featured_image_src":{"full":false,"thumbnail":false,"medium":false,"medium_large":false,"large":false,"1536x1536":false,"2048x2048":false,"trp-custom-language-flag":false},"uagb_author_info":{"display_name":"adbv0","author_link":"https:\/\/nuevo-renacer.com\/tr\/author\/adbv0\/"},"uagb_comment_info":0,"uagb_excerpt":"Desajustes Espirituales Es com\u00fan que la persona con problemas, envolviendo depresi\u00f3n, angustia, dolencias cr\u00f3nicas, sea informada en el Centro Esp\u00edrita: \u201cUsted es m\u00e9dium\u201d. \u00bfDebe desenvolver su mediumnidad para sanar? Es lo que dicen los dirigentes esp\u00edritas menos informados. No podemos confundir desajuste espiritual con mediumnidad para desarrollar. Pero hay casos en que la persona vive&hellip;","jetpack_sharing_enabled":true,"_links":{"self":[{"href":"https:\/\/nuevo-renacer.com\/tr\/wp-json\/wp\/v2\/pages\/4029","targetHints":{"allow":["GET"]}}],"collection":[{"href":"https:\/\/nuevo-renacer.com\/tr\/wp-json\/wp\/v2\/pages"}],"about":[{"href":"https:\/\/nuevo-renacer.com\/tr\/wp-json\/wp\/v2\/types\/page"}],"author":[{"embeddable":true,"href":"https:\/\/nuevo-renacer.com\/tr\/wp-json\/wp\/v2\/users\/1"}],"replies":[{"embeddable":true,"href":"https:\/\/nuevo-renacer.com\/tr\/wp-json\/wp\/v2\/comments?post=4029"}],"version-history":[{"count":1,"href":"https:\/\/nuevo-renacer.com\/tr\/wp-json\/wp\/v2\/pages\/4029\/revisions"}],"predecessor-version":[{"id":4031,"href":"https:\/\/nuevo-renacer.com\/tr\/wp-json\/wp\/v2\/pages\/4029\/revisions\/4031"}],"wp:attachment":[{"href":"https:\/\/nuevo-renacer.com\/tr\/wp-json\/wp\/v2\/media?parent=4029"}],"curies":[{"name":"wp","href":"https:\/\/api.w.org\/{rel}","templated":true}]}}