{"id":4021,"date":"2024-07-18T10:34:49","date_gmt":"2024-07-18T10:34:49","guid":{"rendered":"https:\/\/ufec-mundial.com\/?page_id=4021"},"modified":"2024-07-18T10:40:38","modified_gmt":"2024-07-18T10:40:38","slug":"influencias-espirituales","status":"publish","type":"page","link":"https:\/\/nuevo-renacer.com\/tr\/influencias-espirituales\/","title":{"rendered":"Manevi Etkiler"},"content":{"rendered":"<div class=\"wp-block-uagb-container uagb-block-29346cad alignfull uagb-is-root-container\"><div class=\"uagb-container-inner-blocks-wrap\">\n<p class=\"has-black-color has-text-color has-link-color has-medium-font-size wp-elements-0382b94ed58e370d12d396a0b08b76db\"><strong>Manevi Etkiler<\/strong><\/p>\n<\/div><\/div>\n\n\n\n<div class=\"wp-block-uagb-container uagb-block-1ae25de6 alignfull uagb-is-root-container\"><div class=\"uagb-container-inner-blocks-wrap\">\n<figure class=\"wp-block-image size-full is-resized\"><img fetchpriority=\"high\" decoding=\"async\" width=\"1024\" height=\"1024\" src=\"https:\/\/ufec-mundial.com\/wp-content\/uploads\/2024\/07\/present-in-nol.jpg\" alt=\"\" class=\"wp-image-4024\" style=\"width:376px;height:auto\" srcset=\"https:\/\/nuevo-renacer.com\/wp-content\/uploads\/2024\/07\/present-in-nol.jpg 1024w, https:\/\/nuevo-renacer.com\/wp-content\/uploads\/2024\/07\/present-in-nol-150x150.jpg 150w, https:\/\/nuevo-renacer.com\/wp-content\/uploads\/2024\/07\/present-in-nol-300x300.jpg 300w, https:\/\/nuevo-renacer.com\/wp-content\/uploads\/2024\/07\/present-in-nol-768x768.jpg 768w, https:\/\/nuevo-renacer.com\/wp-content\/uploads\/2024\/07\/present-in-nol-12x12.jpg 12w\" sizes=\"(max-width: 1024px) 100vw, 1024px\" \/><\/figure>\n<\/div><\/div>\n\n\n\n<div class=\"wp-block-uagb-container uagb-block-9a7bf73b alignfull uagb-is-root-container\"><div class=\"uagb-container-inner-blocks-wrap\">\n<p class=\"has-black-color has-text-color has-link-color has-small-font-size wp-elements-2666fd4eb8ac5c6a0b1eb5485d186c02\"><strong>Genellikle insanlar duygusal istikrar\u0131 korumakta zorluk \u00e7ekerler. \u00dcz\u00fcnt\u00fcden ne\u015feye, depresyondan \u00f6foriye, ne\u015feden umutsuzlu\u011fa kadar \u00e7ok \u015fey de\u011fi\u015fir. Her zaman bu duygular g\u00fcnden g\u00fcne ili\u015fkili de\u011fildir. Medyumlukla bir ilgin var m\u0131?<\/strong><\/p>\n\n\n\n<p class=\"has-black-color has-text-color has-link-color has-small-font-size wp-elements-b8dc3038410f1047125d1f43d837da6d\">&nbsp;Hi\u00e7 \u015f\u00fcphe yok! Bu (manyak-depresif psikoz), a\u00e7\u0131klanamayan duygusal durumlar\u0131n \u00e7e\u015fitlendirilmesidir, bize gelen Ruhlar\u0131n do\u011fas\u0131, ac\u0131 \u00e7ekti\u011fimiz etkilerle ili\u015fkilidir.<\/p>\n\n\n\n<p class=\"has-black-color has-text-color has-link-color has-small-font-size wp-elements-fad7adc57476f6b63c22a5facad25197\"><strong>\u00d6l\u00fclerin ruhlar\u0131 m\u0131?<\/strong><\/p>\n\n\n\n<p class=\"has-black-color has-text-color has-link-color has-small-font-size wp-elements-d2edc368eda52d7369a3051aed18022e\">Evet. \u0130nsanlar bedensiz kald\u0131lar, maddeden kurtuldular, ancak insan \u00e7\u0131kar\u0131na mahkumlar. Bizimle aram\u0131zda kal\u0131n, bizi etkileyin, motive edin ve y\u00f6nlendirin. Kardec&#039;e cevap veren ruhani ak\u0131l hocalar\u0131 Ruhlar Kitab\u0131 459.Soruda bu etkinin o kadar yo\u011fun oldu\u011funu ve bizi y\u00f6nlendirmelerinin nadir olmad\u0131\u011f\u0131n\u0131 bildirmektedir.<\/p>\n\n\n\n<p class=\"has-black-color has-text-color has-link-color has-small-font-size wp-elements-22ad0dae4db42d4020437ee0d29df8fe\"><strong>Bunu neden yap\u0131yorsun? Amac\u0131n nedir?<\/strong><\/p>\n\n\n\n<p class=\"has-black-color has-text-color has-link-color has-small-font-size wp-elements-f9b415bde9efc1acd54a6eb65bc24b9a\">Bu Ruhlar\u0131n motivasyonlar\u0131 kendi durumlar\u0131na kat\u0131l\u0131r. \u015ea\u015fk\u0131n ve yard\u0131m etmek isteyenler var; atenazar&#039;da ete kemi\u011fe e\u011flenenler; intikam alanlar; ahlaks\u0131zl\u0131klarla ba\u011flant\u0131l\u0131 olan ve tatmin etmek i\u00e7in arac\u0131lar isteyenler...<\/p>\n\n\n\n<p class=\"has-black-color has-text-color has-link-color has-small-font-size wp-elements-bd32bf54f16cfed2457f41f1f3c1b537\">\u00bf<strong>Bedensiz bir ki\u015fiden ilham alan ki\u015fi hakk\u0131ndaki d\u00fc\u015f\u00fcncemizi nas\u0131l ay\u0131rt edebiliriz?<\/strong><\/p>\n\n\n\n<p class=\"has-black-color has-text-color has-link-color has-small-font-size wp-elements-fee7a187f0be04bcdf6da477cb5bd027\">Prensip olarak, ortak oldu\u011fumuz Ruhlar\u0131n zihinsel ak\u0131\u015f\u0131 zihnimizde sanki d\u00fc\u015f\u00fcncelerimizmi\u015f gibi, samimiyetimizden bir \u015feymi\u015f gibi ifade edildi\u011finden zordur.<\/p>\n\n\n\n<p class=\"has-black-color has-text-color has-link-color has-small-font-size wp-elements-25a54593ede603c99e096b1594f5427a\"><strong>Bu, hem d\u00fc\u015f\u00fcncelerin hem de duygular\u0131n, yakla\u015fan Ruhla neler oldu\u011funu basit\u00e7e yans\u0131tabilece\u011fi anlam\u0131na m\u0131 geliyor?<\/strong><\/p>\n\n\n\n<p class=\"has-black-color has-text-color has-link-color has-small-font-size wp-elements-cd4c6b7205c470c2138dc45a5485c291\">Tam olarak, ancak uyum sorununu dikkate almak gerekir. Genellikle bu varl\u0131klar, varl\u0131k bi\u00e7imimiz, e\u011filimlerimiz ve fikirlerimizle uyumluluktur.<\/p>\n\n\n\n<p class=\"has-black-color has-text-color has-link-color has-small-font-size wp-elements-c38f67d2baa382752ffd7e3035c81856\"><strong>Bu ilkeye g\u00f6re, \u00f6rne\u011fin, bir Ruhun onlar\u0131 bu inisiyatifi hi\u00e7 d\u00fc\u015f\u00fcnmemi\u015f birine intihara s\u00fcr\u00fcklemesi m\u00fcmk\u00fcn olabilir mi?<\/strong><\/p>\n\n\n\n<p class=\"has-black-color has-text-color has-link-color has-small-font-size wp-elements-7acd1c80314ae3a825f0311ee0fe70b2\">Evet, bedensiz ki\u015fi ki\u015finin kendini \u00f6ld\u00fcrme arzusunu uyand\u0131r\u0131rsa, kesinlikle bu fikre, deste\u011fe benzer ve onu kabul etmeye ba\u015flar.<\/p>\n\n\n\n<p class=\"has-black-color has-text-color has-link-color has-small-font-size wp-elements-34ab789d86a3cf76877871b3948d4da5\"><strong>Sadece iyi etkiler almak i\u00e7in bu olumsuz etkilerin, habilit\u00e1ndonos&#039;un \u00fcstesinden nas\u0131l gelebiliriz?<\/strong><\/p>\n\n\n\n<p class=\"has-black-color has-text-color has-link-color has-small-font-size wp-elements-c6d7c6b2a19d415cddfdbd17fdcdf43c\">Ruhlar Kitab\u0131&#039;n\u0131n 469. Sorusunda Kardec de ayn\u0131 soruyu sorar. Ak\u0131l hocas\u0131, incisivamente&#039;yi \u015f\u00f6yle ilan eder: \u0130yili\u011fi Uygulamak ve Tanr\u0131&#039;ya olan g\u00fcveniniz...Olumsuz etkilerden kurtulmak i\u00e7in g\u00fczel bir pusulam\u0131z var.<\/p>\n\n\n\n<p class=\"has-black-color has-text-color has-link-color has-small-font-size wp-elements-f186c349bc91178c58dd1cf8655f030b\"><strong>Nas\u0131l \u00e7al\u0131\u015f\u0131yor?<\/strong><\/p>\n\n\n\n<p class=\"has-black-color has-text-color has-link-color has-small-font-size wp-elements-00eae23053346140ce03cdf8c34faf45\">Tanr\u0131&#039;ya olan g\u00fcven, a\u015fa\u011f\u0131n\u0131n etkilerine kar\u015f\u0131 savunmas\u0131z hale geldi\u011fimiz depresif durumlardan ka\u00e7\u0131narak zor durumlarda duygular\u0131n dengesini korur; \u0130yilik prati\u011fi bizi Ya\u015fam kaynaklar\u0131yla uyumlu hale getirerek hay\u0131rseverlerin kusursuz korunmas\u0131n\u0131 g\u00fc\u00e7lendirir.manevi.<\/p>\n<\/div><\/div>","protected":false},"excerpt":{"rendered":"<p>Influencias Espirituales Generalmente las personas tienen dificultades para mantener la estabilidad emocional. Var\u00edan mucho, de la tristeza a la alegr\u00eda, de la depresi\u00f3n a la euforia, del buen \u00e1nimo al desaliento. No siempre esas emociones est\u00e1n asociadas al d\u00eda a d\u00eda. \u00bfTienen algo que ver con la mediumnidad? &nbsp;\u00a1Sin duda! Esa (psicosis maniaco-depresiva), es una [&hellip;]<\/p>","protected":false},"author":1,"featured_media":4024,"parent":0,"menu_order":0,"comment_status":"closed","ping_status":"closed","template":"","meta":{"_uag_custom_page_level_css":"","site-sidebar-layout":"default","site-content-layout":"","ast-site-content-layout":"default","site-content-style":"default","site-sidebar-style":"default","ast-global-header-display":"","ast-banner-title-visibility":"","ast-main-header-display":"","ast-hfb-above-header-display":"","ast-hfb-below-header-display":"","ast-hfb-mobile-header-display":"","site-post-title":"","ast-breadcrumbs-content":"","ast-featured-img":"","footer-sml-layout":"","theme-transparent-header-meta":"","adv-header-id-meta":"","stick-header-meta":"","header-above-stick-meta":"","header-main-stick-meta":"","header-below-stick-meta":"","astra-migrate-meta-layouts":"set","ast-page-background-enabled":"default","ast-page-background-meta":{"desktop":{"background-color":"var(--ast-global-color-4)","background-image":"","background-repeat":"repeat","background-position":"center center","background-size":"auto","background-attachment":"scroll","background-type":"","background-media":"","overlay-type":"","overlay-color":"","overlay-opacity":"","overlay-gradient":""},"tablet":{"background-color":"","background-image":"","background-repeat":"repeat","background-position":"center center","background-size":"auto","background-attachment":"scroll","background-type":"","background-media":"","overlay-type":"","overlay-color":"","overlay-opacity":"","overlay-gradient":""},"mobile":{"background-color":"","background-image":"","background-repeat":"repeat","background-position":"center center","background-size":"auto","background-attachment":"scroll","background-type":"","background-media":"","overlay-type":"","overlay-color":"","overlay-opacity":"","overlay-gradient":""}},"ast-content-background-meta":{"desktop":{"background-color":"var(--ast-global-color-5)","background-image":"","background-repeat":"repeat","background-position":"center center","background-size":"auto","background-attachment":"scroll","background-type":"","background-media":"","overlay-type":"","overlay-color":"","overlay-opacity":"","overlay-gradient":""},"tablet":{"background-color":"var(--ast-global-color-5)","background-image":"","background-repeat":"repeat","background-position":"center center","background-size":"auto","background-attachment":"scroll","background-type":"","background-media":"","overlay-type":"","overlay-color":"","overlay-opacity":"","overlay-gradient":""},"mobile":{"background-color":"var(--ast-global-color-5)","background-image":"","background-repeat":"repeat","background-position":"center center","background-size":"auto","background-attachment":"scroll","background-type":"","background-media":"","overlay-type":"","overlay-color":"","overlay-opacity":"","overlay-gradient":""}},"footnotes":""},"class_list":["post-4021","page","type-page","status-publish","has-post-thumbnail","hentry"],"yoast_head":"<!-- This site is optimized with the Yoast SEO Premium plugin v24.2 (Yoast SEO v24.6) - https:\/\/yoast.com\/wordpress\/plugins\/seo\/ -->\n<title>Influencias Espirituales - Uni\u00f3n Esp\u00edrita<\/title>\n<meta name=\"robots\" content=\"index, follow, max-snippet:-1, max-image-preview:large, max-video-preview:-1\" \/>\n<link rel=\"canonical\" href=\"https:\/\/nuevo-renacer.com\/tr\/influencias-espirituales\/\" \/>\n<meta property=\"og:locale\" content=\"tr_TR\" \/>\n<meta property=\"og:type\" content=\"article\" \/>\n<meta property=\"og:title\" content=\"Influencias Espirituales\" \/>\n<meta property=\"og:description\" content=\"Influencias Espirituales Generalmente las personas tienen dificultades para mantener la estabilidad emocional. Var\u00edan mucho, de la tristeza a la alegr\u00eda, de la depresi\u00f3n a la euforia, del buen \u00e1nimo al desaliento. No siempre esas emociones est\u00e1n asociadas al d\u00eda a d\u00eda. \u00bfTienen algo que ver con la mediumnidad? &nbsp;\u00a1Sin duda! Esa (psicosis maniaco-depresiva), es una [&hellip;]\" \/>\n<meta property=\"og:url\" content=\"https:\/\/nuevo-renacer.com\/tr\/influencias-espirituales\/\" \/>\n<meta property=\"og:site_name\" content=\"Uni\u00f3n Esp\u00edrita\" \/>\n<meta property=\"article:publisher\" content=\"https:\/\/www.facebook.com\/groups\/3431398063740829\" \/>\n<meta property=\"article:modified_time\" content=\"2024-07-18T10:40:38+00:00\" \/>\n<meta property=\"og:image\" content=\"https:\/\/nuevo-renacer.com\/wp-content\/uploads\/2024\/07\/present-in-nol.jpg\" \/>\n\t<meta property=\"og:image:width\" content=\"1024\" \/>\n\t<meta property=\"og:image:height\" content=\"1024\" \/>\n\t<meta property=\"og:image:type\" content=\"image\/jpeg\" \/>\n<meta name=\"twitter:card\" content=\"summary_large_image\" \/>\n<meta name=\"twitter:label1\" content=\"Tahmini okuma s\u00fcresi\" \/>\n\t<meta name=\"twitter:data1\" content=\"2 dakika\" \/>\n<script type=\"application\/ld+json\" class=\"yoast-schema-graph\">{\"@context\":\"https:\/\/schema.org\",\"@graph\":[{\"@type\":\"WebPage\",\"@id\":\"https:\/\/nuevo-renacer.com\/influencias-espirituales\/\",\"url\":\"https:\/\/nuevo-renacer.com\/influencias-espirituales\/\",\"name\":\"Influencias Espirituales - Uni\u00f3n Esp\u00edrita\",\"isPartOf\":{\"@id\":\"https:\/\/nuevo-renacer.com\/#website\"},\"primaryImageOfPage\":{\"@id\":\"https:\/\/nuevo-renacer.com\/influencias-espirituales\/#primaryimage\"},\"image\":{\"@id\":\"https:\/\/nuevo-renacer.com\/influencias-espirituales\/#primaryimage\"},\"thumbnailUrl\":\"https:\/\/nuevo-renacer.com\/wp-content\/uploads\/2024\/07\/present-in-nol.jpg\",\"datePublished\":\"2024-07-18T10:34:49+00:00\",\"dateModified\":\"2024-07-18T10:40:38+00:00\",\"breadcrumb\":{\"@id\":\"https:\/\/nuevo-renacer.com\/influencias-espirituales\/#breadcrumb\"},\"inLanguage\":\"tr\",\"potentialAction\":[{\"@type\":\"ReadAction\",\"target\":[\"https:\/\/nuevo-renacer.com\/influencias-espirituales\/\"]}]},{\"@type\":\"ImageObject\",\"inLanguage\":\"tr\",\"@id\":\"https:\/\/nuevo-renacer.com\/influencias-espirituales\/#primaryimage\",\"url\":\"https:\/\/nuevo-renacer.com\/wp-content\/uploads\/2024\/07\/present-in-nol.jpg\",\"contentUrl\":\"https:\/\/nuevo-renacer.com\/wp-content\/uploads\/2024\/07\/present-in-nol.jpg\",\"width\":1024,\"height\":1024},{\"@type\":\"BreadcrumbList\",\"@id\":\"https:\/\/nuevo-renacer.com\/influencias-espirituales\/#breadcrumb\",\"itemListElement\":[{\"@type\":\"ListItem\",\"position\":1,\"name\":\"Startseite\",\"item\":\"https:\/\/nuevo-renacer.com\/\"},{\"@type\":\"ListItem\",\"position\":2,\"name\":\"Influencias Espirituales\"}]},{\"@type\":\"WebSite\",\"@id\":\"https:\/\/nuevo-renacer.com\/#website\",\"url\":\"https:\/\/nuevo-renacer.com\/\",\"name\":\"Uni\u00f3n Esp\u00edrita\",\"description\":\"Nuevo Renacer\",\"publisher\":{\"@id\":\"https:\/\/nuevo-renacer.com\/#organization\"},\"potentialAction\":[{\"@type\":\"SearchAction\",\"target\":{\"@type\":\"EntryPoint\",\"urlTemplate\":\"https:\/\/nuevo-renacer.com\/?s={search_term_string}\"},\"query-input\":{\"@type\":\"PropertyValueSpecification\",\"valueRequired\":true,\"valueName\":\"search_term_string\"}}],\"inLanguage\":\"tr\"},{\"@type\":\"Organization\",\"@id\":\"https:\/\/nuevo-renacer.com\/#organization\",\"name\":\"UFEC\",\"url\":\"https:\/\/nuevo-renacer.com\/\",\"logo\":{\"@type\":\"ImageObject\",\"inLanguage\":\"tr\",\"@id\":\"https:\/\/nuevo-renacer.com\/#\/schema\/logo\/image\/\",\"url\":\"https:\/\/nuevo-renacer.com\/wp-content\/uploads\/2024\/05\/cropped-LOGO-TERMINADO1-3-3.png\",\"contentUrl\":\"https:\/\/nuevo-renacer.com\/wp-content\/uploads\/2024\/05\/cropped-LOGO-TERMINADO1-3-3.png\",\"width\":512,\"height\":512,\"caption\":\"UFEC\"},\"image\":{\"@id\":\"https:\/\/nuevo-renacer.com\/#\/schema\/logo\/image\/\"},\"sameAs\":[\"https:\/\/www.facebook.com\/groups\/3431398063740829\"]}]}<\/script>\n<!-- \/ Yoast SEO Premium plugin. -->","yoast_head_json":{"title":"Influencias Espirituales - Uni\u00f3n Esp\u00edrita","robots":{"index":"index","follow":"follow","max-snippet":"max-snippet:-1","max-image-preview":"max-image-preview:large","max-video-preview":"max-video-preview:-1"},"canonical":"https:\/\/nuevo-renacer.com\/tr\/influencias-espirituales\/","og_locale":"tr_TR","og_type":"article","og_title":"Influencias Espirituales","og_description":"Influencias Espirituales Generalmente las personas tienen dificultades para mantener la estabilidad emocional. Var\u00edan mucho, de la tristeza a la alegr\u00eda, de la depresi\u00f3n a la euforia, del buen \u00e1nimo al desaliento. No siempre esas emociones est\u00e1n asociadas al d\u00eda a d\u00eda. \u00bfTienen algo que ver con la mediumnidad? &nbsp;\u00a1Sin duda! Esa (psicosis maniaco-depresiva), es una [&hellip;]","og_url":"https:\/\/nuevo-renacer.com\/tr\/influencias-espirituales\/","og_site_name":"Uni\u00f3n Esp\u00edrita","article_publisher":"https:\/\/www.facebook.com\/groups\/3431398063740829","article_modified_time":"2024-07-18T10:40:38+00:00","og_image":[{"width":1024,"height":1024,"url":"https:\/\/nuevo-renacer.com\/wp-content\/uploads\/2024\/07\/present-in-nol.jpg","type":"image\/jpeg"}],"twitter_card":"summary_large_image","twitter_misc":{"Tahmini okuma s\u00fcresi":"2 dakika"},"schema":{"@context":"https:\/\/schema.org","@graph":[{"@type":"WebPage","@id":"https:\/\/nuevo-renacer.com\/influencias-espirituales\/","url":"https:\/\/nuevo-renacer.com\/influencias-espirituales\/","name":"Influencias Espirituales - Uni\u00f3n Esp\u00edrita","isPartOf":{"@id":"https:\/\/nuevo-renacer.com\/#website"},"primaryImageOfPage":{"@id":"https:\/\/nuevo-renacer.com\/influencias-espirituales\/#primaryimage"},"image":{"@id":"https:\/\/nuevo-renacer.com\/influencias-espirituales\/#primaryimage"},"thumbnailUrl":"https:\/\/nuevo-renacer.com\/wp-content\/uploads\/2024\/07\/present-in-nol.jpg","datePublished":"2024-07-18T10:34:49+00:00","dateModified":"2024-07-18T10:40:38+00:00","breadcrumb":{"@id":"https:\/\/nuevo-renacer.com\/influencias-espirituales\/#breadcrumb"},"inLanguage":"tr","potentialAction":[{"@type":"ReadAction","target":["https:\/\/nuevo-renacer.com\/influencias-espirituales\/"]}]},{"@type":"ImageObject","inLanguage":"tr","@id":"https:\/\/nuevo-renacer.com\/influencias-espirituales\/#primaryimage","url":"https:\/\/nuevo-renacer.com\/wp-content\/uploads\/2024\/07\/present-in-nol.jpg","contentUrl":"https:\/\/nuevo-renacer.com\/wp-content\/uploads\/2024\/07\/present-in-nol.jpg","width":1024,"height":1024},{"@type":"BreadcrumbList","@id":"https:\/\/nuevo-renacer.com\/influencias-espirituales\/#breadcrumb","itemListElement":[{"@type":"ListItem","position":1,"name":"Startseite","item":"https:\/\/nuevo-renacer.com\/"},{"@type":"ListItem","position":2,"name":"Influencias Espirituales"}]},{"@type":"WebSite","@id":"https:\/\/nuevo-renacer.com\/#website","url":"https:\/\/nuevo-renacer.com\/","name":"Uni\u00f3n Esp\u00edrita","description":"Nuevo Renacer","publisher":{"@id":"https:\/\/nuevo-renacer.com\/#organization"},"potentialAction":[{"@type":"SearchAction","target":{"@type":"EntryPoint","urlTemplate":"https:\/\/nuevo-renacer.com\/?s={search_term_string}"},"query-input":{"@type":"PropertyValueSpecification","valueRequired":true,"valueName":"search_term_string"}}],"inLanguage":"tr"},{"@type":"Organization","@id":"https:\/\/nuevo-renacer.com\/#organization","name":"UFEC","url":"https:\/\/nuevo-renacer.com\/","logo":{"@type":"ImageObject","inLanguage":"tr","@id":"https:\/\/nuevo-renacer.com\/#\/schema\/logo\/image\/","url":"https:\/\/nuevo-renacer.com\/wp-content\/uploads\/2024\/05\/cropped-LOGO-TERMINADO1-3-3.png","contentUrl":"https:\/\/nuevo-renacer.com\/wp-content\/uploads\/2024\/05\/cropped-LOGO-TERMINADO1-3-3.png","width":512,"height":512,"caption":"UFEC"},"image":{"@id":"https:\/\/nuevo-renacer.com\/#\/schema\/logo\/image\/"},"sameAs":["https:\/\/www.facebook.com\/groups\/3431398063740829"]}]}},"uagb_featured_image_src":{"full":["https:\/\/nuevo-renacer.com\/wp-content\/uploads\/2024\/07\/present-in-nol.jpg",1024,1024,false],"thumbnail":["https:\/\/nuevo-renacer.com\/wp-content\/uploads\/2024\/07\/present-in-nol-150x150.jpg",150,150,true],"medium":["https:\/\/nuevo-renacer.com\/wp-content\/uploads\/2024\/07\/present-in-nol-300x300.jpg",300,300,true],"medium_large":["https:\/\/nuevo-renacer.com\/wp-content\/uploads\/2024\/07\/present-in-nol-768x768.jpg",768,768,true],"large":["https:\/\/nuevo-renacer.com\/wp-content\/uploads\/2024\/07\/present-in-nol.jpg",1024,1024,false],"1536x1536":["https:\/\/nuevo-renacer.com\/wp-content\/uploads\/2024\/07\/present-in-nol.jpg",1024,1024,false],"2048x2048":["https:\/\/nuevo-renacer.com\/wp-content\/uploads\/2024\/07\/present-in-nol.jpg",1024,1024,false],"trp-custom-language-flag":["https:\/\/nuevo-renacer.com\/wp-content\/uploads\/2024\/07\/present-in-nol-12x12.jpg",12,12,true]},"uagb_author_info":{"display_name":"adbv0","author_link":"https:\/\/nuevo-renacer.com\/tr\/author\/adbv0\/"},"uagb_comment_info":0,"uagb_excerpt":"Influencias Espirituales Generalmente las personas tienen dificultades para mantener la estabilidad emocional. Var\u00edan mucho, de la tristeza a la alegr\u00eda, de la depresi\u00f3n a la euforia, del buen \u00e1nimo al desaliento. No siempre esas emociones est\u00e1n asociadas al d\u00eda a d\u00eda. \u00bfTienen algo que ver con la mediumnidad? &nbsp;\u00a1Sin duda! Esa (psicosis maniaco-depresiva), es una&hellip;","jetpack_sharing_enabled":true,"_links":{"self":[{"href":"https:\/\/nuevo-renacer.com\/tr\/wp-json\/wp\/v2\/pages\/4021","targetHints":{"allow":["GET"]}}],"collection":[{"href":"https:\/\/nuevo-renacer.com\/tr\/wp-json\/wp\/v2\/pages"}],"about":[{"href":"https:\/\/nuevo-renacer.com\/tr\/wp-json\/wp\/v2\/types\/page"}],"author":[{"embeddable":true,"href":"https:\/\/nuevo-renacer.com\/tr\/wp-json\/wp\/v2\/users\/1"}],"replies":[{"embeddable":true,"href":"https:\/\/nuevo-renacer.com\/tr\/wp-json\/wp\/v2\/comments?post=4021"}],"version-history":[{"count":3,"href":"https:\/\/nuevo-renacer.com\/tr\/wp-json\/wp\/v2\/pages\/4021\/revisions"}],"predecessor-version":[{"id":4026,"href":"https:\/\/nuevo-renacer.com\/tr\/wp-json\/wp\/v2\/pages\/4021\/revisions\/4026"}],"wp:featuredmedia":[{"embeddable":true,"href":"https:\/\/nuevo-renacer.com\/tr\/wp-json\/wp\/v2\/media\/4024"}],"wp:attachment":[{"href":"https:\/\/nuevo-renacer.com\/tr\/wp-json\/wp\/v2\/media?parent=4021"}],"curies":[{"name":"wp","href":"https:\/\/api.w.org\/{rel}","templated":true}]}}