{"id":4015,"date":"2024-07-18T10:10:20","date_gmt":"2024-07-18T10:10:20","guid":{"rendered":"https:\/\/ufec-mundial.com\/?page_id=4015"},"modified":"2024-07-18T10:14:22","modified_gmt":"2024-07-18T10:14:22","slug":"casamiento","status":"publish","type":"page","link":"https:\/\/nuevo-renacer.com\/tr\/casamiento\/","title":{"rendered":"Evlilik"},"content":{"rendered":"<div class=\"wp-block-uagb-container uagb-block-33305a38 alignfull uagb-is-root-container\"><div class=\"uagb-container-inner-blocks-wrap\">\n<p class=\"has-black-color has-text-color has-link-color has-medium-font-size wp-elements-63d2957ef5a5f79559ba5afb53ed3574\"><strong>Evlilik<\/strong><\/p>\n<\/div><\/div>\n\n\n\n<div class=\"wp-block-uagb-container uagb-block-03373349 alignfull uagb-is-root-container\"><div class=\"uagb-container-inner-blocks-wrap\">\n<figure class=\"wp-block-image size-full is-resized\"><img fetchpriority=\"high\" decoding=\"async\" width=\"626\" height=\"626\" src=\"https:\/\/ufec-mundial.com\/wp-content\/uploads\/2024\/07\/448154796_7983836344970111_6208603129206741217_n.jpg\" alt=\"\" class=\"wp-image-4016\" style=\"width:321px;height:auto\" srcset=\"https:\/\/nuevo-renacer.com\/wp-content\/uploads\/2024\/07\/448154796_7983836344970111_6208603129206741217_n.jpg 626w, https:\/\/nuevo-renacer.com\/wp-content\/uploads\/2024\/07\/448154796_7983836344970111_6208603129206741217_n-150x150.jpg 150w, https:\/\/nuevo-renacer.com\/wp-content\/uploads\/2024\/07\/448154796_7983836344970111_6208603129206741217_n-300x300.jpg 300w, https:\/\/nuevo-renacer.com\/wp-content\/uploads\/2024\/07\/448154796_7983836344970111_6208603129206741217_n-12x12.jpg 12w\" sizes=\"(max-width: 626px) 100vw, 626px\" \/><\/figure>\n<\/div><\/div>\n\n\n\n<div class=\"wp-block-uagb-container uagb-block-1a4a2a5c alignfull uagb-is-root-container\"><div class=\"uagb-container-inner-blocks-wrap\">\n<p class=\"has-black-color has-text-color has-link-color has-small-font-size wp-elements-c8c24fba372c70e2b2b73f7bab6836e5\"><strong>Evlilik gelecekte nas\u0131l planlan\u0131yor?<\/strong><\/p>\n\n\n\n<p class=\"has-black-color has-text-color has-link-color has-small-font-size wp-elements-ae1c205080a2c4131723546d969fa756\">Genellikle evlilik birli\u011fi, yaln\u0131zca \u00e7ifti i\u00e7eren bir uyum anlam\u0131na gelir, ayn\u0131 zamanda Ruhlar da \u00e7ocukken reenkarne olur. A\u00e7\u0131k\u00e7as\u0131, planlamak gerekiyor.<\/p>\n\n\n\n<p class=\"has-black-color has-text-color has-link-color has-small-font-size wp-elements-3ef8fd3c70d465ff4d59c40bb98ee484\">&nbsp;<strong>\u0130nsanlar ne d\u00fc\u015f\u00fcn\u00fcyor?<\/strong><\/p>\n\n\n\n<p class=\"has-black-color has-text-color has-link-color has-small-font-size wp-elements-fba8716425c627e88775cbed261fcba2\">Kendi inisiyatifimizle verdi\u011fimiz taahh\u00fctleri daha ciddiye alma e\u011filiminde oldu\u011fumuz i\u00e7in bu ideal olacakt\u0131r. Bununla birlikte, her zaman de\u011fil, reencarnantlar bunu yapmak i\u00e7in yeterli olgunlu\u011fa ve anlay\u0131\u015fa sahiptir. Planlama, ruhsal ak\u0131l hocalar\u0131n\u0131n hesab\u0131 i\u00e7indir.<\/p>\n\n\n\n<p class=\"has-black-color has-text-color has-link-color has-small-font-size wp-elements-9fc10fcd385a4c58aeac63cb4ad0ef44\"><strong>Olas\u0131 bir ikinci evlilik veya sonraki evlilik de planlamadan m\u0131 kaynaklan\u0131yor?<\/strong><\/p>\n\n\n\n<p class=\"has-black-color has-text-color has-link-color has-small-font-size wp-elements-d8cceaf11e7da214f5fa60d373928cde\">Evlilik hayat\u0131n\u0131n yolda\u015flar\u0131, a\u015f\u0131lmaz \u00e7at\u0131\u015fmalar nedeniyle geri d\u00f6n\u00fc\u015f\u00fc olmayan bir \u015fekilde ayr\u0131ld\u0131klar\u0131nda, sadece duygusal ya\u015fam\u0131n\u0131z\u0131 yeniden olu\u015fturmaya, yeni bir deneyim aramaya \u00e7al\u0131\u015f\u0131rs\u0131n\u0131z. G\u00fcn\u00fcm\u00fczde bu kadar yayg\u0131n olan, yaln\u0131zca cinsel ahlaks\u0131zl\u0131k yapmak yerine ciddi bir niyet varsa, manevi ak\u0131l hocalar\u0131 bu ama\u00e7la onlara yeni bir birlikteli\u011fi y\u00f6nlendirerek yard\u0131mc\u0131 olabilirler.<\/p>\n\n\n\n<p class=\"has-black-color has-text-color has-link-color has-small-font-size wp-elements-24645ecec5d3350627de903467928a20\">&nbsp;<strong>Ya bir dizi hata varsa, her zaman yeni planlar olacakt\u0131r?<\/strong><\/p>\n\n\n\n<p class=\"has-black-color has-text-color has-link-color has-small-font-size wp-elements-393f1ba1cd53524b60abd89110d507e6\">Mentorlar bize yollar g\u00f6stererek yard\u0131m etmeye \u00e7al\u0131\u015f\u0131rlar, ancak asla aptall\u0131klar\u0131m\u0131za ba\u011fl\u0131 kalmazlar. Sendikalar\u0131n birbirini izlemesi, taahh\u00fctte bulunamamay\u0131 ve birlikte ya\u015fayamamay\u0131 g\u00f6sterir. Bu durumlarda, menteelerin hatalar\u0131yla \u00f6\u011frenmeleri i\u00e7in koruma kalkanlar\u0131n\u0131 kald\u0131rarak y\u00fcz \u00e7evirmeleri do\u011fald\u0131r.<\/p>\n\n\n\n<p class=\"has-black-color has-text-color has-link-color has-small-font-size wp-elements-3056abd94ea3dda2214a238289f5ec0d\"><strong>Bu nedenle, maneviyat\u0131n deste\u011fini hak etmek i\u00e7in e\u015fi \u201cdesteklemek\u201d ne kadar harika olurdu?<\/strong><\/p>\n\n\n\n<p class=\"has-black-color has-text-color has-link-color has-small-font-size wp-elements-93e561adf4d6151613980a13ddd47d9e\">Bu belki de en b\u00fcy\u00fck hatad\u0131r. \u00c7ocuklar u\u011fruna e\u015fe \u201cdestek veren\u201d veya dine sayg\u0131 duyan, uyum sa\u011flamak i\u00e7in birlikte olduklar\u0131n\u0131 unutan, karde\u015f olarak birlikte ya\u015famay\u0131 \u00f6\u011frenen insanlar. Bu, zamir de\u011fi\u015fikli\u011fi, eylemin fiili evlilik: birinci tekil \u015fah\u0131s, \u00e7o\u011fulun ilki i\u00e7in yapabilirim, yapar\u0131m, yapar\u0131m: yapabiliriz, isteriz, yapar\u0131z. Evlilikte bireycili\u011fi geli\u015ftirmek, onu ba\u015far\u0131s\u0131zl\u0131\u011fa mahkum etmektir.<\/p>\n\n\n\n<p class=\"has-black-color has-text-color has-link-color has-small-font-size wp-elements-f96ae4d3de7f390a6bc0a18c2a149905\"><strong>Evlilikte mutlu olmak i\u00e7in bu ne yeterli olurdu?<\/strong><\/p>\n\n\n\n<p class=\"has-black-color has-text-color has-link-color has-small-font-size wp-elements-db4fcd0fb4699b2965d9277b33da3dc0\">Daha fazlas\u0131 var. \u0130nsanlar evlili\u011fin ba\u015far\u0131l\u0131 olabilmesi i\u00e7in mutlu olman\u0131n gerekli oldu\u011funu anlamadan mutlu olmak i\u00e7in evlili\u011fin ba\u015far\u0131l\u0131 olmas\u0131n\u0131 beklemektedir. Ac\u0131 bir kalp, k\u00fcstah bir karakter, sald\u0131rganl\u0131k i\u00e7in bir meslek, bunlar\u0131n hepsi varl\u0131\u011f\u0131 g\u00f6lgede b\u0131rak\u0131r ve bizi \u00f6zellikle evde birlikte ya\u015fayamaz hale getirir.<\/p>\n\n\n\n<p class=\"has-black-color has-text-color has-link-color has-small-font-size wp-elements-a7683fba9c0edba2ac6f1b89b320629f\"><strong>Ve evlili\u011fin ba\u015far\u0131l\u0131 olmas\u0131 i\u00e7in nas\u0131l mutlu olunur?<\/strong><\/p>\n\n\n\n<p class=\"has-black-color has-text-color has-link-color has-small-font-size wp-elements-1eaaa2b8a54f4fd1f163308b9af260aa\">Mutlulu\u011fun, Ya\u015famdaki arzular\u0131m\u0131z\u0131n tatminine de\u011fil, bizden ne bekledi\u011fini anlama \u00e7abas\u0131na ba\u011fl\u0131 oldu\u011funu her zaman ak\u0131lda tutmak gerekir. Bunu yapmak \u00e7ok zaman almaz. \u0130sa&#039;n\u0131n temel dersine uymak yeterlidir: O&#039;nun bizi yaratmas\u0131 i\u00e7in arzulad\u0131\u011f\u0131m\u0131z iyili\u011fi be\u011fenmek. \u00d6zellikle evdeki insanlar\u0131 uyumlu hale getirmek s\u00f6z konusu oldu\u011funda harika \u00e7al\u0131\u015f\u0131yor.<\/p>\n\n\n\n<p class=\"has-black-color has-text-color has-link-color has-small-font-size wp-elements-61a921b50d087c8496a0fdc2553a7bab\">\u00a0<strong>Maneviyatta duygusal hayat\u0131m\u0131za damgas\u0131n\u0131 vuran Ruhlarla, e\u015fimizle, ebeveynlerimizle ve \u00e7ocuklar\u0131m\u0131zla bir arada ya\u015fama e\u011filiminde oldu\u011fumuzu biliyoruz. \u00d6yle olmak, d\u00f6rt ya da be\u015f kez evlenen adamla kiminle birlikte olunur?<\/strong><\/p>\n\n\n\n<p class=\"has-black-color has-text-color has-link-color has-small-font-size wp-elements-708e7b3fdc3554f34e0cb91e32dc7199\">Herhangi biriyle. Muhtemelen e\u015fi\u011finde bir durdurma kanalizasyon ar\u0131tma tesisi yapacak, manevi d\u00fcnyada ac\u0131 \u00e7eken b\u00f6lge, anlams\u0131zl\u0131klar\u0131 \u00fczerinde meditasyon yapma f\u0131rsat\u0131na sahip olaca\u011f\u0131n\u0131z bir araf.<\/p>\n<\/div><\/div>","protected":false},"excerpt":{"rendered":"<p>Casamiento \u00bfEl casamiento est\u00e1 planeado en el M\u00e1s All\u00e1? Generalmente la uni\u00f3n matrimonial implica una armonizaci\u00f3n que envuelve tan s\u00f3lo a la pareja, pero tambi\u00e9n los Esp\u00edritus que reencarnar\u00e1n como hijos. Obviamente, es preciso planear. &nbsp;\u00bfLo hacen los propios interesados? Ser\u00eda lo ideal, ya que tendemos a encarar con mayor seriedad los compromisos que asumimos [&hellip;]<\/p>","protected":false},"author":1,"featured_media":4016,"parent":0,"menu_order":0,"comment_status":"closed","ping_status":"closed","template":"","meta":{"_uag_custom_page_level_css":"","site-sidebar-layout":"default","site-content-layout":"","ast-site-content-layout":"default","site-content-style":"default","site-sidebar-style":"default","ast-global-header-display":"","ast-banner-title-visibility":"","ast-main-header-display":"","ast-hfb-above-header-display":"","ast-hfb-below-header-display":"","ast-hfb-mobile-header-display":"","site-post-title":"","ast-breadcrumbs-content":"","ast-featured-img":"","footer-sml-layout":"","theme-transparent-header-meta":"","adv-header-id-meta":"","stick-header-meta":"","header-above-stick-meta":"","header-main-stick-meta":"","header-below-stick-meta":"","astra-migrate-meta-layouts":"set","ast-page-background-enabled":"default","ast-page-background-meta":{"desktop":{"background-color":"var(--ast-global-color-4)","background-image":"","background-repeat":"repeat","background-position":"center center","background-size":"auto","background-attachment":"scroll","background-type":"","background-media":"","overlay-type":"","overlay-color":"","overlay-opacity":"","overlay-gradient":""},"tablet":{"background-color":"","background-image":"","background-repeat":"repeat","background-position":"center center","background-size":"auto","background-attachment":"scroll","background-type":"","background-media":"","overlay-type":"","overlay-color":"","overlay-opacity":"","overlay-gradient":""},"mobile":{"background-color":"","background-image":"","background-repeat":"repeat","background-position":"center center","background-size":"auto","background-attachment":"scroll","background-type":"","background-media":"","overlay-type":"","overlay-color":"","overlay-opacity":"","overlay-gradient":""}},"ast-content-background-meta":{"desktop":{"background-color":"var(--ast-global-color-5)","background-image":"","background-repeat":"repeat","background-position":"center center","background-size":"auto","background-attachment":"scroll","background-type":"","background-media":"","overlay-type":"","overlay-color":"","overlay-opacity":"","overlay-gradient":""},"tablet":{"background-color":"var(--ast-global-color-5)","background-image":"","background-repeat":"repeat","background-position":"center center","background-size":"auto","background-attachment":"scroll","background-type":"","background-media":"","overlay-type":"","overlay-color":"","overlay-opacity":"","overlay-gradient":""},"mobile":{"background-color":"var(--ast-global-color-5)","background-image":"","background-repeat":"repeat","background-position":"center center","background-size":"auto","background-attachment":"scroll","background-type":"","background-media":"","overlay-type":"","overlay-color":"","overlay-opacity":"","overlay-gradient":""}},"footnotes":""},"class_list":["post-4015","page","type-page","status-publish","has-post-thumbnail","hentry"],"yoast_head":"<!-- This site is optimized with the Yoast SEO Premium plugin v24.2 (Yoast SEO v24.6) - https:\/\/yoast.com\/wordpress\/plugins\/seo\/ -->\n<title>Casamiento - Uni\u00f3n Esp\u00edrita<\/title>\n<meta name=\"robots\" content=\"index, follow, max-snippet:-1, max-image-preview:large, max-video-preview:-1\" \/>\n<link rel=\"canonical\" href=\"https:\/\/nuevo-renacer.com\/tr\/casamiento\/\" \/>\n<meta property=\"og:locale\" content=\"tr_TR\" \/>\n<meta property=\"og:type\" content=\"article\" \/>\n<meta property=\"og:title\" content=\"Casamiento\" \/>\n<meta property=\"og:description\" content=\"Casamiento \u00bfEl casamiento est\u00e1 planeado en el M\u00e1s All\u00e1? Generalmente la uni\u00f3n matrimonial implica una armonizaci\u00f3n que envuelve tan s\u00f3lo a la pareja, pero tambi\u00e9n los Esp\u00edritus que reencarnar\u00e1n como hijos. Obviamente, es preciso planear. &nbsp;\u00bfLo hacen los propios interesados? Ser\u00eda lo ideal, ya que tendemos a encarar con mayor seriedad los compromisos que asumimos [&hellip;]\" \/>\n<meta property=\"og:url\" content=\"https:\/\/nuevo-renacer.com\/tr\/casamiento\/\" \/>\n<meta property=\"og:site_name\" content=\"Uni\u00f3n Esp\u00edrita\" \/>\n<meta property=\"article:publisher\" content=\"https:\/\/www.facebook.com\/groups\/3431398063740829\" \/>\n<meta property=\"article:modified_time\" content=\"2024-07-18T10:14:22+00:00\" \/>\n<meta property=\"og:image\" content=\"https:\/\/nuevo-renacer.com\/wp-content\/uploads\/2024\/07\/448154796_7983836344970111_6208603129206741217_n.jpg\" \/>\n\t<meta property=\"og:image:width\" content=\"626\" \/>\n\t<meta property=\"og:image:height\" content=\"626\" \/>\n\t<meta property=\"og:image:type\" content=\"image\/jpeg\" \/>\n<meta name=\"twitter:card\" content=\"summary_large_image\" \/>\n<meta name=\"twitter:label1\" content=\"Tahmini okuma s\u00fcresi\" \/>\n\t<meta name=\"twitter:data1\" content=\"3 dakika\" \/>\n<script type=\"application\/ld+json\" class=\"yoast-schema-graph\">{\"@context\":\"https:\/\/schema.org\",\"@graph\":[{\"@type\":\"WebPage\",\"@id\":\"https:\/\/nuevo-renacer.com\/casamiento\/\",\"url\":\"https:\/\/nuevo-renacer.com\/casamiento\/\",\"name\":\"Casamiento - Uni\u00f3n Esp\u00edrita\",\"isPartOf\":{\"@id\":\"https:\/\/nuevo-renacer.com\/#website\"},\"primaryImageOfPage\":{\"@id\":\"https:\/\/nuevo-renacer.com\/casamiento\/#primaryimage\"},\"image\":{\"@id\":\"https:\/\/nuevo-renacer.com\/casamiento\/#primaryimage\"},\"thumbnailUrl\":\"https:\/\/nuevo-renacer.com\/wp-content\/uploads\/2024\/07\/448154796_7983836344970111_6208603129206741217_n.jpg\",\"datePublished\":\"2024-07-18T10:10:20+00:00\",\"dateModified\":\"2024-07-18T10:14:22+00:00\",\"breadcrumb\":{\"@id\":\"https:\/\/nuevo-renacer.com\/casamiento\/#breadcrumb\"},\"inLanguage\":\"tr\",\"potentialAction\":[{\"@type\":\"ReadAction\",\"target\":[\"https:\/\/nuevo-renacer.com\/casamiento\/\"]}]},{\"@type\":\"ImageObject\",\"inLanguage\":\"tr\",\"@id\":\"https:\/\/nuevo-renacer.com\/casamiento\/#primaryimage\",\"url\":\"https:\/\/nuevo-renacer.com\/wp-content\/uploads\/2024\/07\/448154796_7983836344970111_6208603129206741217_n.jpg\",\"contentUrl\":\"https:\/\/nuevo-renacer.com\/wp-content\/uploads\/2024\/07\/448154796_7983836344970111_6208603129206741217_n.jpg\",\"width\":626,\"height\":626},{\"@type\":\"BreadcrumbList\",\"@id\":\"https:\/\/nuevo-renacer.com\/casamiento\/#breadcrumb\",\"itemListElement\":[{\"@type\":\"ListItem\",\"position\":1,\"name\":\"Startseite\",\"item\":\"https:\/\/nuevo-renacer.com\/\"},{\"@type\":\"ListItem\",\"position\":2,\"name\":\"Casamiento\"}]},{\"@type\":\"WebSite\",\"@id\":\"https:\/\/nuevo-renacer.com\/#website\",\"url\":\"https:\/\/nuevo-renacer.com\/\",\"name\":\"Uni\u00f3n Esp\u00edrita\",\"description\":\"Nuevo Renacer\",\"publisher\":{\"@id\":\"https:\/\/nuevo-renacer.com\/#organization\"},\"potentialAction\":[{\"@type\":\"SearchAction\",\"target\":{\"@type\":\"EntryPoint\",\"urlTemplate\":\"https:\/\/nuevo-renacer.com\/?s={search_term_string}\"},\"query-input\":{\"@type\":\"PropertyValueSpecification\",\"valueRequired\":true,\"valueName\":\"search_term_string\"}}],\"inLanguage\":\"tr\"},{\"@type\":\"Organization\",\"@id\":\"https:\/\/nuevo-renacer.com\/#organization\",\"name\":\"UFEC\",\"url\":\"https:\/\/nuevo-renacer.com\/\",\"logo\":{\"@type\":\"ImageObject\",\"inLanguage\":\"tr\",\"@id\":\"https:\/\/nuevo-renacer.com\/#\/schema\/logo\/image\/\",\"url\":\"https:\/\/nuevo-renacer.com\/wp-content\/uploads\/2024\/05\/cropped-LOGO-TERMINADO1-3-3.png\",\"contentUrl\":\"https:\/\/nuevo-renacer.com\/wp-content\/uploads\/2024\/05\/cropped-LOGO-TERMINADO1-3-3.png\",\"width\":512,\"height\":512,\"caption\":\"UFEC\"},\"image\":{\"@id\":\"https:\/\/nuevo-renacer.com\/#\/schema\/logo\/image\/\"},\"sameAs\":[\"https:\/\/www.facebook.com\/groups\/3431398063740829\"]}]}<\/script>\n<!-- \/ Yoast SEO Premium plugin. -->","yoast_head_json":{"title":"Casamiento - Uni\u00f3n Esp\u00edrita","robots":{"index":"index","follow":"follow","max-snippet":"max-snippet:-1","max-image-preview":"max-image-preview:large","max-video-preview":"max-video-preview:-1"},"canonical":"https:\/\/nuevo-renacer.com\/tr\/casamiento\/","og_locale":"tr_TR","og_type":"article","og_title":"Casamiento","og_description":"Casamiento \u00bfEl casamiento est\u00e1 planeado en el M\u00e1s All\u00e1? Generalmente la uni\u00f3n matrimonial implica una armonizaci\u00f3n que envuelve tan s\u00f3lo a la pareja, pero tambi\u00e9n los Esp\u00edritus que reencarnar\u00e1n como hijos. Obviamente, es preciso planear. &nbsp;\u00bfLo hacen los propios interesados? Ser\u00eda lo ideal, ya que tendemos a encarar con mayor seriedad los compromisos que asumimos [&hellip;]","og_url":"https:\/\/nuevo-renacer.com\/tr\/casamiento\/","og_site_name":"Uni\u00f3n Esp\u00edrita","article_publisher":"https:\/\/www.facebook.com\/groups\/3431398063740829","article_modified_time":"2024-07-18T10:14:22+00:00","og_image":[{"width":626,"height":626,"url":"https:\/\/nuevo-renacer.com\/wp-content\/uploads\/2024\/07\/448154796_7983836344970111_6208603129206741217_n.jpg","type":"image\/jpeg"}],"twitter_card":"summary_large_image","twitter_misc":{"Tahmini okuma s\u00fcresi":"3 dakika"},"schema":{"@context":"https:\/\/schema.org","@graph":[{"@type":"WebPage","@id":"https:\/\/nuevo-renacer.com\/casamiento\/","url":"https:\/\/nuevo-renacer.com\/casamiento\/","name":"Casamiento - Uni\u00f3n Esp\u00edrita","isPartOf":{"@id":"https:\/\/nuevo-renacer.com\/#website"},"primaryImageOfPage":{"@id":"https:\/\/nuevo-renacer.com\/casamiento\/#primaryimage"},"image":{"@id":"https:\/\/nuevo-renacer.com\/casamiento\/#primaryimage"},"thumbnailUrl":"https:\/\/nuevo-renacer.com\/wp-content\/uploads\/2024\/07\/448154796_7983836344970111_6208603129206741217_n.jpg","datePublished":"2024-07-18T10:10:20+00:00","dateModified":"2024-07-18T10:14:22+00:00","breadcrumb":{"@id":"https:\/\/nuevo-renacer.com\/casamiento\/#breadcrumb"},"inLanguage":"tr","potentialAction":[{"@type":"ReadAction","target":["https:\/\/nuevo-renacer.com\/casamiento\/"]}]},{"@type":"ImageObject","inLanguage":"tr","@id":"https:\/\/nuevo-renacer.com\/casamiento\/#primaryimage","url":"https:\/\/nuevo-renacer.com\/wp-content\/uploads\/2024\/07\/448154796_7983836344970111_6208603129206741217_n.jpg","contentUrl":"https:\/\/nuevo-renacer.com\/wp-content\/uploads\/2024\/07\/448154796_7983836344970111_6208603129206741217_n.jpg","width":626,"height":626},{"@type":"BreadcrumbList","@id":"https:\/\/nuevo-renacer.com\/casamiento\/#breadcrumb","itemListElement":[{"@type":"ListItem","position":1,"name":"Startseite","item":"https:\/\/nuevo-renacer.com\/"},{"@type":"ListItem","position":2,"name":"Casamiento"}]},{"@type":"WebSite","@id":"https:\/\/nuevo-renacer.com\/#website","url":"https:\/\/nuevo-renacer.com\/","name":"Uni\u00f3n Esp\u00edrita","description":"Nuevo Renacer","publisher":{"@id":"https:\/\/nuevo-renacer.com\/#organization"},"potentialAction":[{"@type":"SearchAction","target":{"@type":"EntryPoint","urlTemplate":"https:\/\/nuevo-renacer.com\/?s={search_term_string}"},"query-input":{"@type":"PropertyValueSpecification","valueRequired":true,"valueName":"search_term_string"}}],"inLanguage":"tr"},{"@type":"Organization","@id":"https:\/\/nuevo-renacer.com\/#organization","name":"UFEC","url":"https:\/\/nuevo-renacer.com\/","logo":{"@type":"ImageObject","inLanguage":"tr","@id":"https:\/\/nuevo-renacer.com\/#\/schema\/logo\/image\/","url":"https:\/\/nuevo-renacer.com\/wp-content\/uploads\/2024\/05\/cropped-LOGO-TERMINADO1-3-3.png","contentUrl":"https:\/\/nuevo-renacer.com\/wp-content\/uploads\/2024\/05\/cropped-LOGO-TERMINADO1-3-3.png","width":512,"height":512,"caption":"UFEC"},"image":{"@id":"https:\/\/nuevo-renacer.com\/#\/schema\/logo\/image\/"},"sameAs":["https:\/\/www.facebook.com\/groups\/3431398063740829"]}]}},"uagb_featured_image_src":{"full":["https:\/\/nuevo-renacer.com\/wp-content\/uploads\/2024\/07\/448154796_7983836344970111_6208603129206741217_n.jpg",626,626,false],"thumbnail":["https:\/\/nuevo-renacer.com\/wp-content\/uploads\/2024\/07\/448154796_7983836344970111_6208603129206741217_n-150x150.jpg",150,150,true],"medium":["https:\/\/nuevo-renacer.com\/wp-content\/uploads\/2024\/07\/448154796_7983836344970111_6208603129206741217_n-300x300.jpg",300,300,true],"medium_large":["https:\/\/nuevo-renacer.com\/wp-content\/uploads\/2024\/07\/448154796_7983836344970111_6208603129206741217_n.jpg",626,626,false],"large":["https:\/\/nuevo-renacer.com\/wp-content\/uploads\/2024\/07\/448154796_7983836344970111_6208603129206741217_n.jpg",626,626,false],"1536x1536":["https:\/\/nuevo-renacer.com\/wp-content\/uploads\/2024\/07\/448154796_7983836344970111_6208603129206741217_n.jpg",626,626,false],"2048x2048":["https:\/\/nuevo-renacer.com\/wp-content\/uploads\/2024\/07\/448154796_7983836344970111_6208603129206741217_n.jpg",626,626,false],"trp-custom-language-flag":["https:\/\/nuevo-renacer.com\/wp-content\/uploads\/2024\/07\/448154796_7983836344970111_6208603129206741217_n-12x12.jpg",12,12,true]},"uagb_author_info":{"display_name":"adbv0","author_link":"https:\/\/nuevo-renacer.com\/tr\/author\/adbv0\/"},"uagb_comment_info":0,"uagb_excerpt":"Casamiento \u00bfEl casamiento est\u00e1 planeado en el M\u00e1s All\u00e1? Generalmente la uni\u00f3n matrimonial implica una armonizaci\u00f3n que envuelve tan s\u00f3lo a la pareja, pero tambi\u00e9n los Esp\u00edritus que reencarnar\u00e1n como hijos. Obviamente, es preciso planear. &nbsp;\u00bfLo hacen los propios interesados? Ser\u00eda lo ideal, ya que tendemos a encarar con mayor seriedad los compromisos que asumimos&hellip;","jetpack_sharing_enabled":true,"_links":{"self":[{"href":"https:\/\/nuevo-renacer.com\/tr\/wp-json\/wp\/v2\/pages\/4015","targetHints":{"allow":["GET"]}}],"collection":[{"href":"https:\/\/nuevo-renacer.com\/tr\/wp-json\/wp\/v2\/pages"}],"about":[{"href":"https:\/\/nuevo-renacer.com\/tr\/wp-json\/wp\/v2\/types\/page"}],"author":[{"embeddable":true,"href":"https:\/\/nuevo-renacer.com\/tr\/wp-json\/wp\/v2\/users\/1"}],"replies":[{"embeddable":true,"href":"https:\/\/nuevo-renacer.com\/tr\/wp-json\/wp\/v2\/comments?post=4015"}],"version-history":[{"count":2,"href":"https:\/\/nuevo-renacer.com\/tr\/wp-json\/wp\/v2\/pages\/4015\/revisions"}],"predecessor-version":[{"id":4018,"href":"https:\/\/nuevo-renacer.com\/tr\/wp-json\/wp\/v2\/pages\/4015\/revisions\/4018"}],"wp:featuredmedia":[{"embeddable":true,"href":"https:\/\/nuevo-renacer.com\/tr\/wp-json\/wp\/v2\/media\/4016"}],"wp:attachment":[{"href":"https:\/\/nuevo-renacer.com\/tr\/wp-json\/wp\/v2\/media?parent=4015"}],"curies":[{"name":"wp","href":"https:\/\/api.w.org\/{rel}","templated":true}]}}