{"id":4003,"date":"2024-07-18T07:26:09","date_gmt":"2024-07-18T07:26:09","guid":{"rendered":"https:\/\/ufec-mundial.com\/?page_id=4003"},"modified":"2024-07-18T07:29:24","modified_gmt":"2024-07-18T07:29:24","slug":"los-muertos-son-los-invisibles-pero-no-los-ausentes","status":"publish","type":"page","link":"https:\/\/nuevo-renacer.com\/tr\/los-muertos-son-los-invisibles-pero-no-los-ausentes\/","title":{"rendered":"\u00d6l\u00fcler g\u00f6r\u00fcnmez, ama yok de\u011fil"},"content":{"rendered":"<div class=\"wp-block-uagb-container uagb-block-509c5750 alignfull uagb-is-root-container\"><div class=\"uagb-container-inner-blocks-wrap\">\n<p class=\"has-black-color has-text-color has-link-color has-medium-font-size wp-elements-fdfe249e89a36fcbcb0ff11f86ba6800\"><strong>\u00d6l\u00fcler g\u00f6r\u00fcnmez, ama yok de\u011fil<\/strong><\/p>\n<\/div><\/div>\n\n\n\n<div class=\"wp-block-uagb-container uagb-block-af6aa265 alignfull uagb-is-root-container\"><div class=\"uagb-container-inner-blocks-wrap\">\n<figure class=\"wp-block-image size-full\"><img fetchpriority=\"high\" decoding=\"async\" width=\"410\" height=\"410\" src=\"https:\/\/ufec-mundial.com\/wp-content\/uploads\/2024\/07\/440889529_7788030851217329_6529675823081718258_n.jpg\" alt=\"\" class=\"wp-image-4007\" srcset=\"https:\/\/nuevo-renacer.com\/wp-content\/uploads\/2024\/07\/440889529_7788030851217329_6529675823081718258_n.jpg 410w, https:\/\/nuevo-renacer.com\/wp-content\/uploads\/2024\/07\/440889529_7788030851217329_6529675823081718258_n-150x150.jpg 150w, https:\/\/nuevo-renacer.com\/wp-content\/uploads\/2024\/07\/440889529_7788030851217329_6529675823081718258_n-300x300.jpg 300w, https:\/\/nuevo-renacer.com\/wp-content\/uploads\/2024\/07\/440889529_7788030851217329_6529675823081718258_n-12x12.jpg 12w\" sizes=\"(max-width: 410px) 100vw, 410px\" \/><\/figure>\n<\/div><\/div>\n\n\n\n<div class=\"wp-block-uagb-container uagb-block-539f0cda alignfull uagb-is-root-container\"><div class=\"uagb-container-inner-blocks-wrap\">\n<p class=\"has-black-color has-text-color has-link-color has-small-font-size wp-elements-aa6f7f9b00bf73fcf2ad2204a9a47a57\">Ger\u00e7ekten de \u00f6yle. Ancak farkl\u0131 bir fikre ya da yanl\u0131\u015f bir d\u00fc\u015f\u00fcnce tarz\u0131na sahip olabilece\u011finizden, sizi a\u015fa\u011f\u0131dakiler \u00fczerinde d\u00fc\u015f\u00fcnmeye davet ediyoruz: E\u011fer var olan her \u015feyin Yarat\u0131c\u0131s\u0131, bilgeli\u011fin, iyili\u011fin ve adaletin kayna\u011f\u0131 olan Tanr\u0131'n\u0131n varl\u0131\u011f\u0131na inan\u0131yorsan\u0131z, neden \u201cyanl\u0131\u015f bir \u015fekilde \u00f6l\u00fcm olarak adland\u0131r\u0131lan\u201d bu do\u011fal Ya\u015fam s\u00fcrecine, gidene verilen bir zarar ve kalanlar i\u00e7in telafisi m\u00fcmk\u00fcn olmayan bir kay\u0131p olarak bak\u0131yorsunuz? Belki de bunun nedeni, ger\u00e7ekte ne oldu\u011funa dair karanl\u0131k bir fikre sahip olman\u0131z ve ruhani izd\u00fc\u015f\u00fcm\u00fc hakk\u0131nda ger\u00e7ek bir bilgiye sahip olmaman\u0131z de\u011fil midir? Bir an i\u00e7in, insanlar\u0131n da iki par\u00e7adan olu\u015fan bir araba gibi oldu\u011funu d\u00fc\u015f\u00fcn\u00fcn: Ruh'a e\u015fde\u011fer olan temel bir par\u00e7a, motor ve fiziksel bedene e\u015fde\u011fer olan ikincil bir par\u00e7a, g\u00f6vde.<\/p>\n\n\n\n<p class=\"has-black-color has-text-color has-link-color has-small-font-size wp-elements-c548229e436f7aa86e367729cc646816\">Ruh, \u0130lahi do\u011fadan yap\u0131lm\u0131\u015ft\u0131r ve \u201c\u00d6L\u00dcMS\u00dcZD\u00dcR\u201d. Ondan \u201cs\u00fcrekli deneyim\u201d ve \u201cartan ilerleme\u201d i\u00e7inde k\u00fc\u00e7\u00fck veya b\u00fcy\u00fck manevi de\u011ferleri (ula\u015f\u0131lan evrim derecesine g\u00f6re) al\u0131r\u0131z: Duygular, zeka, irade, muhakeme, dayan\u0131\u015fma. \u0130kincil k\u0131s\u0131m, vazge\u00e7ilmez olsa da, fiziksel bedene kar\u015f\u0131l\u0131k gelir ve Ruh'un hizmetindeki ara\u00e7 ya da alettir. \u0130kincisinden farkl\u0131 olarak beden \u00f6l\u00fcml\u00fcd\u00fcr, yani maddi maddelerden yap\u0131lm\u0131\u015f di\u011fer her \u015fey gibi bir varolu\u015f s\u00fcresine sahiptir. Ayn\u0131 zamanda irrasyonel olan\u0131n miras\u0131 olan ve yine de baz\u0131 insanlar\u0131n sorunlar\u0131ndan kurtulmak i\u00e7in bilin\u00e7sizce irrasyonel olan\u0131n seviyesine inerek benimsedikleri \u201cg\u00fcc\u00fc\u201d temsil eder.<\/p>\n\n\n\n<p class=\"has-black-color has-text-color has-link-color has-small-font-size wp-elements-6bd1511dd051bf8fc472a24154ca5bff\">Gezegenimiz, insanl\u0131k tarihinin farkl\u0131 d\u00f6nemlerinde ve farkl\u0131 reenkarnasyonlarda bir\u00e7ok kez bu D\u00fcnya'ya gelmemize ra\u011fmen, hepimizi ge\u00e7ici olarak bar\u0131nd\u0131ran \u201cs\u0131n\u0131rlar\u0131n ya da \u0131rk, renk ve milliyet ayr\u0131m\u0131n\u0131n olmad\u0131\u011f\u0131\u201d bir yerdir. Hangi ama\u00e7la? \u201c\u00d6\u011frenmek\u201d, \u2018deneyim kazanmak\u2019, kendimizi parlatmak ve b\u00f6ylece evrimle\u015fmek i\u00e7in. Sonu\u00e7lar\u0131n toplam\u0131, yani dayan\u0131\u015fma ve ahlak\u0131m\u0131z\u0131n, varl\u0131\u011f\u0131m\u0131z\u0131n geli\u015fimi a\u00e7\u0131s\u0131ndan olumlu olan\u0131. Ki\u015fili\u011fimiz bizi, hen\u00fcz baz\u0131 insanlar taraf\u0131ndan anla\u015f\u0131lmam\u0131\u015f olan di\u011fer d\u00fcnyalara veya daha mutlu varolu\u015f d\u00fczlemlerine do\u011fru hareket etmeye haz\u0131rlayacakt\u0131r.<\/p>\n\n\n\n<p class=\"has-black-color has-text-color has-link-color has-small-font-size wp-elements-d79894c3643620e085a61205cd9f40c7\">\u00d6te yandan, her ne kadar gerilemeseler de, dura\u011fan olsalar da, ahlak d\u0131\u015f\u0131 eylem ve eylemlerdeki olumsuzluklar\u0131n toplam\u0131 ona deneyim ve \u00f6\u011freti b\u0131rakacakt\u0131r, ancak cehalet yoluyla Ruhuna kaz\u0131nm\u0131\u015f olarak b\u0131rakt\u0131\u011f\u0131 bu \u201cahlaki lekeleri\u201d silmek i\u00e7in, k\u00f6t\u00fc huylu bir t\u00fcm\u00f6r\u00fc \u00e7\u0131karmak zorunda kald\u0131\u011f\u0131nda cerrah\u0131n yapt\u0131\u011f\u0131 eyleme benzer \u015fekilde, onlar\u0131 \u201cac\u0131 potas\u0131ndan\u201d ge\u00e7irmesi gerekebilir. \u00d6rne\u011fin. Bu t\u00fcm\u00f6r, k\u00f6r, sa\u011f\u0131r, dilsiz, sakat do\u011fmak, tedavisi olmayan hastal\u0131klar, kazalar gibi ac\u0131 ve \u00fcz\u00fcnt\u00fc veren kaderlerdir.<\/p>\n\n\n\n<p class=\"has-black-color has-text-color has-link-color has-small-font-size wp-elements-40e773c6f5b5155d986748a2a01e9f14\">Bedenin i\u00e7ine kapat\u0131lm\u0131\u015f olan Ruh, h\u00fccresindeki bir mahkum gibidir ve h\u00fccrenin penceresi de Ruh'un d\u0131\u015far\u0131yla ileti\u015fim kurmas\u0131n\u0131 sa\u011flayan bedenin be\u015f duyusu gibidir. Bedenin \u201cayr\u0131lma\u201d ya da \u201c\u00f6lme\u201d zaman\u0131 geldi\u011finde, beden maddi maddelerden olu\u015ftu\u011fu i\u00e7in par\u00e7alan\u0131r ve ruh \u00f6zg\u00fcrl\u00fc\u011f\u00fcne kavu\u015fur. O anda meydana gelen s\u00fcre\u00e7, bedenle e\u015fanlaml\u0131 olan solucan \u00f6ld\u00fc\u011f\u00fcnde ve onun i\u00e7sel \u00f6z\u00fc olan ruh kelebek olup h\u00fccresinden u\u00e7up gitti\u011finde meydana gelen d\u00f6n\u00fc\u015f\u00fcme \u00e7ok benzer.<\/p>\n\n\n\n<p class=\"has-black-color has-text-color has-link-color has-small-font-size wp-elements-6464372251b570317d4c939af853d74d\">Ruh \u201cRuhani D\u00fcnya \u2018dan gelir ve bizim \u2019Maddi D\u00fcnya \u201dm\u0131zda do\u011far. Buradaki varl\u0131\u011f\u0131n\u0131 tamamlad\u0131ktan sonra \u201cRuhani D\u00fcnya \u201dya geri d\u00f6ner.<\/p>\n<\/div><\/div>","protected":false},"excerpt":{"rendered":"<p>Los muertos son los invisibles, pero no los ausentes En efecto. Pero como quiz\u00e1s Ud. Tenga una idea diferente o un pensamiento equivocado, lo invitamos a reflexionar sobre lo siguiente: Si Ud. Cree en la existencia de Dios Creador de todo lo que existe y fuente de sabidur\u00eda, de bondad y de justicia \u00bfporqu\u00e9 mira [&hellip;]<\/p>","protected":false},"author":1,"featured_media":4007,"parent":0,"menu_order":0,"comment_status":"closed","ping_status":"closed","template":"","meta":{"_uag_custom_page_level_css":"","site-sidebar-layout":"default","site-content-layout":"","ast-site-content-layout":"default","site-content-style":"default","site-sidebar-style":"default","ast-global-header-display":"","ast-banner-title-visibility":"","ast-main-header-display":"","ast-hfb-above-header-display":"","ast-hfb-below-header-display":"","ast-hfb-mobile-header-display":"","site-post-title":"","ast-breadcrumbs-content":"","ast-featured-img":"","footer-sml-layout":"","theme-transparent-header-meta":"","adv-header-id-meta":"","stick-header-meta":"","header-above-stick-meta":"","header-main-stick-meta":"","header-below-stick-meta":"","astra-migrate-meta-layouts":"set","ast-page-background-enabled":"default","ast-page-background-meta":{"desktop":{"background-color":"var(--ast-global-color-4)","background-image":"","background-repeat":"repeat","background-position":"center center","background-size":"auto","background-attachment":"scroll","background-type":"","background-media":"","overlay-type":"","overlay-color":"","overlay-opacity":"","overlay-gradient":""},"tablet":{"background-color":"","background-image":"","background-repeat":"repeat","background-position":"center center","background-size":"auto","background-attachment":"scroll","background-type":"","background-media":"","overlay-type":"","overlay-color":"","overlay-opacity":"","overlay-gradient":""},"mobile":{"background-color":"","background-image":"","background-repeat":"repeat","background-position":"center center","background-size":"auto","background-attachment":"scroll","background-type":"","background-media":"","overlay-type":"","overlay-color":"","overlay-opacity":"","overlay-gradient":""}},"ast-content-background-meta":{"desktop":{"background-color":"var(--ast-global-color-5)","background-image":"","background-repeat":"repeat","background-position":"center center","background-size":"auto","background-attachment":"scroll","background-type":"","background-media":"","overlay-type":"","overlay-color":"","overlay-opacity":"","overlay-gradient":""},"tablet":{"background-color":"var(--ast-global-color-5)","background-image":"","background-repeat":"repeat","background-position":"center center","background-size":"auto","background-attachment":"scroll","background-type":"","background-media":"","overlay-type":"","overlay-color":"","overlay-opacity":"","overlay-gradient":""},"mobile":{"background-color":"var(--ast-global-color-5)","background-image":"","background-repeat":"repeat","background-position":"center center","background-size":"auto","background-attachment":"scroll","background-type":"","background-media":"","overlay-type":"","overlay-color":"","overlay-opacity":"","overlay-gradient":""}},"footnotes":""},"class_list":["post-4003","page","type-page","status-publish","has-post-thumbnail","hentry"],"yoast_head":"<!-- This site is optimized with the Yoast SEO Premium plugin v24.2 (Yoast SEO v24.6) - https:\/\/yoast.com\/wordpress\/plugins\/seo\/ -->\n<title>Los muertos son los invisibles, pero no los ausentes - Uni\u00f3n Esp\u00edrita<\/title>\n<meta name=\"robots\" content=\"index, follow, max-snippet:-1, max-image-preview:large, max-video-preview:-1\" \/>\n<link rel=\"canonical\" href=\"https:\/\/nuevo-renacer.com\/tr\/los-muertos-son-los-invisibles-pero-no-los-ausentes\/\" \/>\n<meta property=\"og:locale\" content=\"tr_TR\" \/>\n<meta property=\"og:type\" content=\"article\" \/>\n<meta property=\"og:title\" content=\"Los muertos son los invisibles, pero no los ausentes\" \/>\n<meta property=\"og:description\" content=\"Los muertos son los invisibles, pero no los ausentes En efecto. Pero como quiz\u00e1s Ud. Tenga una idea diferente o un pensamiento equivocado, lo invitamos a reflexionar sobre lo siguiente: Si Ud. Cree en la existencia de Dios Creador de todo lo que existe y fuente de sabidur\u00eda, de bondad y de justicia \u00bfporqu\u00e9 mira [&hellip;]\" \/>\n<meta property=\"og:url\" content=\"https:\/\/nuevo-renacer.com\/tr\/los-muertos-son-los-invisibles-pero-no-los-ausentes\/\" \/>\n<meta property=\"og:site_name\" content=\"Uni\u00f3n Esp\u00edrita\" \/>\n<meta property=\"article:publisher\" content=\"https:\/\/www.facebook.com\/groups\/3431398063740829\" \/>\n<meta property=\"article:modified_time\" content=\"2024-07-18T07:29:24+00:00\" \/>\n<meta property=\"og:image\" content=\"https:\/\/nuevo-renacer.com\/wp-content\/uploads\/2024\/07\/440889529_7788030851217329_6529675823081718258_n.jpg\" \/>\n\t<meta property=\"og:image:width\" content=\"410\" \/>\n\t<meta property=\"og:image:height\" content=\"410\" \/>\n\t<meta property=\"og:image:type\" content=\"image\/jpeg\" \/>\n<meta name=\"twitter:card\" content=\"summary_large_image\" \/>\n<meta name=\"twitter:label1\" content=\"Tahmini okuma s\u00fcresi\" \/>\n\t<meta name=\"twitter:data1\" content=\"3 dakika\" \/>\n<script type=\"application\/ld+json\" class=\"yoast-schema-graph\">{\"@context\":\"https:\/\/schema.org\",\"@graph\":[{\"@type\":\"WebPage\",\"@id\":\"https:\/\/nuevo-renacer.com\/los-muertos-son-los-invisibles-pero-no-los-ausentes\/\",\"url\":\"https:\/\/nuevo-renacer.com\/los-muertos-son-los-invisibles-pero-no-los-ausentes\/\",\"name\":\"Los muertos son los invisibles, pero no los ausentes - Uni\u00f3n Esp\u00edrita\",\"isPartOf\":{\"@id\":\"https:\/\/nuevo-renacer.com\/#website\"},\"primaryImageOfPage\":{\"@id\":\"https:\/\/nuevo-renacer.com\/los-muertos-son-los-invisibles-pero-no-los-ausentes\/#primaryimage\"},\"image\":{\"@id\":\"https:\/\/nuevo-renacer.com\/los-muertos-son-los-invisibles-pero-no-los-ausentes\/#primaryimage\"},\"thumbnailUrl\":\"https:\/\/nuevo-renacer.com\/wp-content\/uploads\/2024\/07\/440889529_7788030851217329_6529675823081718258_n.jpg\",\"datePublished\":\"2024-07-18T07:26:09+00:00\",\"dateModified\":\"2024-07-18T07:29:24+00:00\",\"breadcrumb\":{\"@id\":\"https:\/\/nuevo-renacer.com\/los-muertos-son-los-invisibles-pero-no-los-ausentes\/#breadcrumb\"},\"inLanguage\":\"tr\",\"potentialAction\":[{\"@type\":\"ReadAction\",\"target\":[\"https:\/\/nuevo-renacer.com\/los-muertos-son-los-invisibles-pero-no-los-ausentes\/\"]}]},{\"@type\":\"ImageObject\",\"inLanguage\":\"tr\",\"@id\":\"https:\/\/nuevo-renacer.com\/los-muertos-son-los-invisibles-pero-no-los-ausentes\/#primaryimage\",\"url\":\"https:\/\/nuevo-renacer.com\/wp-content\/uploads\/2024\/07\/440889529_7788030851217329_6529675823081718258_n.jpg\",\"contentUrl\":\"https:\/\/nuevo-renacer.com\/wp-content\/uploads\/2024\/07\/440889529_7788030851217329_6529675823081718258_n.jpg\",\"width\":410,\"height\":410},{\"@type\":\"BreadcrumbList\",\"@id\":\"https:\/\/nuevo-renacer.com\/los-muertos-son-los-invisibles-pero-no-los-ausentes\/#breadcrumb\",\"itemListElement\":[{\"@type\":\"ListItem\",\"position\":1,\"name\":\"Startseite\",\"item\":\"https:\/\/nuevo-renacer.com\/\"},{\"@type\":\"ListItem\",\"position\":2,\"name\":\"Los muertos son los invisibles, pero no los ausentes\"}]},{\"@type\":\"WebSite\",\"@id\":\"https:\/\/nuevo-renacer.com\/#website\",\"url\":\"https:\/\/nuevo-renacer.com\/\",\"name\":\"Uni\u00f3n Esp\u00edrita\",\"description\":\"Nuevo Renacer\",\"publisher\":{\"@id\":\"https:\/\/nuevo-renacer.com\/#organization\"},\"potentialAction\":[{\"@type\":\"SearchAction\",\"target\":{\"@type\":\"EntryPoint\",\"urlTemplate\":\"https:\/\/nuevo-renacer.com\/?s={search_term_string}\"},\"query-input\":{\"@type\":\"PropertyValueSpecification\",\"valueRequired\":true,\"valueName\":\"search_term_string\"}}],\"inLanguage\":\"tr\"},{\"@type\":\"Organization\",\"@id\":\"https:\/\/nuevo-renacer.com\/#organization\",\"name\":\"UFEC\",\"url\":\"https:\/\/nuevo-renacer.com\/\",\"logo\":{\"@type\":\"ImageObject\",\"inLanguage\":\"tr\",\"@id\":\"https:\/\/nuevo-renacer.com\/#\/schema\/logo\/image\/\",\"url\":\"https:\/\/nuevo-renacer.com\/wp-content\/uploads\/2024\/05\/cropped-LOGO-TERMINADO1-3-3.png\",\"contentUrl\":\"https:\/\/nuevo-renacer.com\/wp-content\/uploads\/2024\/05\/cropped-LOGO-TERMINADO1-3-3.png\",\"width\":512,\"height\":512,\"caption\":\"UFEC\"},\"image\":{\"@id\":\"https:\/\/nuevo-renacer.com\/#\/schema\/logo\/image\/\"},\"sameAs\":[\"https:\/\/www.facebook.com\/groups\/3431398063740829\"]}]}<\/script>\n<!-- \/ Yoast SEO Premium plugin. -->","yoast_head_json":{"title":"Los muertos son los invisibles, pero no los ausentes - Uni\u00f3n Esp\u00edrita","robots":{"index":"index","follow":"follow","max-snippet":"max-snippet:-1","max-image-preview":"max-image-preview:large","max-video-preview":"max-video-preview:-1"},"canonical":"https:\/\/nuevo-renacer.com\/tr\/los-muertos-son-los-invisibles-pero-no-los-ausentes\/","og_locale":"tr_TR","og_type":"article","og_title":"Los muertos son los invisibles, pero no los ausentes","og_description":"Los muertos son los invisibles, pero no los ausentes En efecto. Pero como quiz\u00e1s Ud. Tenga una idea diferente o un pensamiento equivocado, lo invitamos a reflexionar sobre lo siguiente: Si Ud. Cree en la existencia de Dios Creador de todo lo que existe y fuente de sabidur\u00eda, de bondad y de justicia \u00bfporqu\u00e9 mira [&hellip;]","og_url":"https:\/\/nuevo-renacer.com\/tr\/los-muertos-son-los-invisibles-pero-no-los-ausentes\/","og_site_name":"Uni\u00f3n Esp\u00edrita","article_publisher":"https:\/\/www.facebook.com\/groups\/3431398063740829","article_modified_time":"2024-07-18T07:29:24+00:00","og_image":[{"width":410,"height":410,"url":"https:\/\/nuevo-renacer.com\/wp-content\/uploads\/2024\/07\/440889529_7788030851217329_6529675823081718258_n.jpg","type":"image\/jpeg"}],"twitter_card":"summary_large_image","twitter_misc":{"Tahmini okuma s\u00fcresi":"3 dakika"},"schema":{"@context":"https:\/\/schema.org","@graph":[{"@type":"WebPage","@id":"https:\/\/nuevo-renacer.com\/los-muertos-son-los-invisibles-pero-no-los-ausentes\/","url":"https:\/\/nuevo-renacer.com\/los-muertos-son-los-invisibles-pero-no-los-ausentes\/","name":"Los muertos son los invisibles, pero no los ausentes - Uni\u00f3n Esp\u00edrita","isPartOf":{"@id":"https:\/\/nuevo-renacer.com\/#website"},"primaryImageOfPage":{"@id":"https:\/\/nuevo-renacer.com\/los-muertos-son-los-invisibles-pero-no-los-ausentes\/#primaryimage"},"image":{"@id":"https:\/\/nuevo-renacer.com\/los-muertos-son-los-invisibles-pero-no-los-ausentes\/#primaryimage"},"thumbnailUrl":"https:\/\/nuevo-renacer.com\/wp-content\/uploads\/2024\/07\/440889529_7788030851217329_6529675823081718258_n.jpg","datePublished":"2024-07-18T07:26:09+00:00","dateModified":"2024-07-18T07:29:24+00:00","breadcrumb":{"@id":"https:\/\/nuevo-renacer.com\/los-muertos-son-los-invisibles-pero-no-los-ausentes\/#breadcrumb"},"inLanguage":"tr","potentialAction":[{"@type":"ReadAction","target":["https:\/\/nuevo-renacer.com\/los-muertos-son-los-invisibles-pero-no-los-ausentes\/"]}]},{"@type":"ImageObject","inLanguage":"tr","@id":"https:\/\/nuevo-renacer.com\/los-muertos-son-los-invisibles-pero-no-los-ausentes\/#primaryimage","url":"https:\/\/nuevo-renacer.com\/wp-content\/uploads\/2024\/07\/440889529_7788030851217329_6529675823081718258_n.jpg","contentUrl":"https:\/\/nuevo-renacer.com\/wp-content\/uploads\/2024\/07\/440889529_7788030851217329_6529675823081718258_n.jpg","width":410,"height":410},{"@type":"BreadcrumbList","@id":"https:\/\/nuevo-renacer.com\/los-muertos-son-los-invisibles-pero-no-los-ausentes\/#breadcrumb","itemListElement":[{"@type":"ListItem","position":1,"name":"Startseite","item":"https:\/\/nuevo-renacer.com\/"},{"@type":"ListItem","position":2,"name":"Los muertos son los invisibles, pero no los ausentes"}]},{"@type":"WebSite","@id":"https:\/\/nuevo-renacer.com\/#website","url":"https:\/\/nuevo-renacer.com\/","name":"Uni\u00f3n Esp\u00edrita","description":"Nuevo Renacer","publisher":{"@id":"https:\/\/nuevo-renacer.com\/#organization"},"potentialAction":[{"@type":"SearchAction","target":{"@type":"EntryPoint","urlTemplate":"https:\/\/nuevo-renacer.com\/?s={search_term_string}"},"query-input":{"@type":"PropertyValueSpecification","valueRequired":true,"valueName":"search_term_string"}}],"inLanguage":"tr"},{"@type":"Organization","@id":"https:\/\/nuevo-renacer.com\/#organization","name":"UFEC","url":"https:\/\/nuevo-renacer.com\/","logo":{"@type":"ImageObject","inLanguage":"tr","@id":"https:\/\/nuevo-renacer.com\/#\/schema\/logo\/image\/","url":"https:\/\/nuevo-renacer.com\/wp-content\/uploads\/2024\/05\/cropped-LOGO-TERMINADO1-3-3.png","contentUrl":"https:\/\/nuevo-renacer.com\/wp-content\/uploads\/2024\/05\/cropped-LOGO-TERMINADO1-3-3.png","width":512,"height":512,"caption":"UFEC"},"image":{"@id":"https:\/\/nuevo-renacer.com\/#\/schema\/logo\/image\/"},"sameAs":["https:\/\/www.facebook.com\/groups\/3431398063740829"]}]}},"uagb_featured_image_src":{"full":["https:\/\/nuevo-renacer.com\/wp-content\/uploads\/2024\/07\/440889529_7788030851217329_6529675823081718258_n.jpg",410,410,false],"thumbnail":["https:\/\/nuevo-renacer.com\/wp-content\/uploads\/2024\/07\/440889529_7788030851217329_6529675823081718258_n-150x150.jpg",150,150,true],"medium":["https:\/\/nuevo-renacer.com\/wp-content\/uploads\/2024\/07\/440889529_7788030851217329_6529675823081718258_n-300x300.jpg",300,300,true],"medium_large":["https:\/\/nuevo-renacer.com\/wp-content\/uploads\/2024\/07\/440889529_7788030851217329_6529675823081718258_n.jpg",410,410,false],"large":["https:\/\/nuevo-renacer.com\/wp-content\/uploads\/2024\/07\/440889529_7788030851217329_6529675823081718258_n.jpg",410,410,false],"1536x1536":["https:\/\/nuevo-renacer.com\/wp-content\/uploads\/2024\/07\/440889529_7788030851217329_6529675823081718258_n.jpg",410,410,false],"2048x2048":["https:\/\/nuevo-renacer.com\/wp-content\/uploads\/2024\/07\/440889529_7788030851217329_6529675823081718258_n.jpg",410,410,false],"trp-custom-language-flag":["https:\/\/nuevo-renacer.com\/wp-content\/uploads\/2024\/07\/440889529_7788030851217329_6529675823081718258_n-12x12.jpg",12,12,true]},"uagb_author_info":{"display_name":"adbv0","author_link":"https:\/\/nuevo-renacer.com\/tr\/author\/adbv0\/"},"uagb_comment_info":0,"uagb_excerpt":"Los muertos son los invisibles, pero no los ausentes En efecto. Pero como quiz\u00e1s Ud. Tenga una idea diferente o un pensamiento equivocado, lo invitamos a reflexionar sobre lo siguiente: Si Ud. Cree en la existencia de Dios Creador de todo lo que existe y fuente de sabidur\u00eda, de bondad y de justicia \u00bfporqu\u00e9 mira&hellip;","jetpack_sharing_enabled":true,"_links":{"self":[{"href":"https:\/\/nuevo-renacer.com\/tr\/wp-json\/wp\/v2\/pages\/4003","targetHints":{"allow":["GET"]}}],"collection":[{"href":"https:\/\/nuevo-renacer.com\/tr\/wp-json\/wp\/v2\/pages"}],"about":[{"href":"https:\/\/nuevo-renacer.com\/tr\/wp-json\/wp\/v2\/types\/page"}],"author":[{"embeddable":true,"href":"https:\/\/nuevo-renacer.com\/tr\/wp-json\/wp\/v2\/users\/1"}],"replies":[{"embeddable":true,"href":"https:\/\/nuevo-renacer.com\/tr\/wp-json\/wp\/v2\/comments?post=4003"}],"version-history":[{"count":5,"href":"https:\/\/nuevo-renacer.com\/tr\/wp-json\/wp\/v2\/pages\/4003\/revisions"}],"predecessor-version":[{"id":4009,"href":"https:\/\/nuevo-renacer.com\/tr\/wp-json\/wp\/v2\/pages\/4003\/revisions\/4009"}],"wp:featuredmedia":[{"embeddable":true,"href":"https:\/\/nuevo-renacer.com\/tr\/wp-json\/wp\/v2\/media\/4007"}],"wp:attachment":[{"href":"https:\/\/nuevo-renacer.com\/tr\/wp-json\/wp\/v2\/media?parent=4003"}],"curies":[{"name":"wp","href":"https:\/\/api.w.org\/{rel}","templated":true}]}}