{"id":3973,"date":"2024-07-18T06:02:25","date_gmt":"2024-07-18T06:02:25","guid":{"rendered":"https:\/\/ufec-mundial.com\/?page_id=3973"},"modified":"2024-07-18T06:04:12","modified_gmt":"2024-07-18T06:04:12","slug":"amor-materno-y-filial","status":"publish","type":"page","link":"https:\/\/nuevo-renacer.com\/tr\/amor-materno-y-filial\/","title":{"rendered":"Anne sevgisi ve evlada"},"content":{"rendered":"<div class=\"wp-block-uagb-container uagb-block-905de1c9 alignfull uagb-is-root-container\"><div class=\"uagb-container-inner-blocks-wrap\">\n<p class=\"has-black-color has-text-color has-link-color has-medium-font-size wp-elements-e64732719cefa133572deac09f90442c\"><strong>Anne sevgisi ve evlada<\/strong><\/p>\n<\/div><\/div>\n\n\n\n<div class=\"wp-block-uagb-container uagb-block-28667df4 alignfull uagb-is-root-container\"><div class=\"uagb-container-inner-blocks-wrap\">\n<figure class=\"wp-block-image size-large is-resized\"><img fetchpriority=\"high\" decoding=\"async\" width=\"681\" height=\"1024\" src=\"https:\/\/ufec-mundial.com\/wp-content\/uploads\/2024\/07\/437081074_7730973676923047_3700388414688601690_n-681x1024.jpg\" alt=\"\" class=\"wp-image-3975\" style=\"width:277px;height:auto\" srcset=\"https:\/\/nuevo-renacer.com\/wp-content\/uploads\/2024\/07\/437081074_7730973676923047_3700388414688601690_n-681x1024.jpg 681w, https:\/\/nuevo-renacer.com\/wp-content\/uploads\/2024\/07\/437081074_7730973676923047_3700388414688601690_n-199x300.jpg 199w, https:\/\/nuevo-renacer.com\/wp-content\/uploads\/2024\/07\/437081074_7730973676923047_3700388414688601690_n-768x1155.jpg 768w, https:\/\/nuevo-renacer.com\/wp-content\/uploads\/2024\/07\/437081074_7730973676923047_3700388414688601690_n-8x12.jpg 8w, https:\/\/nuevo-renacer.com\/wp-content\/uploads\/2024\/07\/437081074_7730973676923047_3700388414688601690_n.jpg 851w\" sizes=\"(max-width: 681px) 100vw, 681px\" \/><\/figure>\n<\/div><\/div>\n\n\n\n<div class=\"wp-block-uagb-container uagb-block-7a8c4829 alignfull uagb-is-root-container\"><div class=\"uagb-container-inner-blocks-wrap\">\n<p class=\"has-black-color has-text-color has-link-color has-small-font-size wp-elements-ec8c971be2a2f69ee313e2cb1f55e901\"><strong>Anne sevgisi, insanlar ve hayvanlar i\u00e7in ortak olan bir erdem mi yoksa i\u00e7g\u00fcd\u00fcsel bir duygu mudur?<\/strong><\/p>\n\n\n\n<p class=\"has-black-color has-text-color has-link-color has-small-font-size wp-elements-151071d5272db7c0915df94b54145cf8\">&#034;Biri di\u011feri. Do\u011fa, anneye, \u00e7ocuklar\u0131n\u0131 onlar\u0131 korumak amac\u0131yla sevmesini sa\u011flam\u0131\u015ft\u0131r. ancak hayvanda bu sevgi maddi ihtiya\u00e7larla s\u0131n\u0131rl\u0131d\u0131r; bak\u0131m gereksiz hale geldi\u011finde durur. Bununla birlikte, insanda ya\u015fam boyunca kal\u0131r ve alt\u0131nda olduklar\u0131 bir \u00f6zveri ve kendini inkar etmeyi i\u00e7erir. \u00d6l\u00fcmden bile kurtulur ve mezar\u0131n \u00f6tesinden \u00e7ocukta devam eder. O zaman onun i\u00e7inde hayvandan daha fazlas\u0131 oldu\u011funu g\u00f6rebilirsiniz.\u201d<\/p>\n\n\n\n<p class=\"has-black-color has-text-color has-link-color has-small-font-size wp-elements-5e30142893ee8c989e388020fe9bda2d\"><strong>Annenin sevgisinin do\u011fada bulundu\u011fu g\u00f6z \u00f6n\u00fcne al\u0131nd\u0131\u011f\u0131nda, neden \u00e7ocuklar\u0131ndan nefret eden anneler var, genellikle do\u011fumdan itibaren?<\/strong><\/p>\n\n\n\n<p class=\"has-black-color has-text-color has-link-color has-small-font-size wp-elements-4a3e40b5ae36dac33c2a8b0f1533bd6b\">&#034;Bazen bu, o\u011flunun Ruhu taraf\u0131ndan se\u00e7ilen bir s\u0131navd\u0131r ya da ba\u015fka bir varolu\u015fta k\u00f6t\u00fc bir baba ya da k\u00f6t\u00fc bir anne ya da k\u00f6t\u00fc bir o\u011ful olmas\u0131 durumunda bir kefarettir. Her durumda, zavall\u0131 anne, yaln\u0131zca se\u00e7ti\u011finiz teste yenik d\u00fc\u015fmesi i\u00e7in \u00e7ocu\u011fu engellemeye \u00e7al\u0131\u015fan k\u00f6t\u00fc bir Ruh taraf\u0131ndan canland\u0131r\u0131labilir. Sonu\u00e7ta, do\u011fa yasalar\u0131n\u0131n bu ihlali cezas\u0131z kalmayacak, \u00e7ocu\u011fun Ruhu ise \u00fcstesinden geldi\u011finiz engellerle \u00f6d\u00fcllendirilecek.\u201d<\/p>\n\n\n\n<p class=\"has-black-color has-text-color has-link-color has-small-font-size wp-elements-77f559ec01c0fc187aa24fea5c1e5c9b\"><strong>Ebeveynlerin kendilerine keder veren \u00e7ocuklar\u0131 oldu\u011funda, aksi takdirde yanlar\u0131nda olmas\u0131 gereken en b\u00fcy\u00fck hassasiyetlerini yapmamalar\u0131n\u0131n mazeretleri nelerdir?<\/strong><\/p>\n\n\n\n<p class=\"has-black-color has-text-color has-link-color has-small-font-size wp-elements-04db3665fc07e00c0dfe70374cbcfc54\">&#034;Hay\u0131r, \u00e7\u00fcnk\u00fc bu size emanet edilmi\u015f bir y\u00fckt\u00fcr ve g\u00f6reviniz kuyuya geri d\u00f6nmek i\u00e7in azami \u00e7abay\u0131 g\u00f6stermektir. Ancak, bu \u00fcz\u00fcnt\u00fcler genellikle be\u015fikten almay\u0131 b\u0131rakt\u0131\u011f\u0131m k\u00f6t\u00fc bir al\u0131\u015fkanl\u0131\u011f\u0131n sonucudur. Bu durumda ne ekersen onu bi\u00e7ersin.\u201d<\/p>\n<\/div><\/div>","protected":false},"excerpt":{"rendered":"<p>Amor materno y filial El amor materno, \u00bfes una virtud o un sentimiento instintivo com\u00fan a los hombres y a los animales? \u201cLo uno y lo otro. La naturaleza ha dado a la madre el amor a sus hijos con vistas a la conservaci\u00f3n de estos. no obstante, en el animal ese amor se limita [&hellip;]<\/p>","protected":false},"author":1,"featured_media":3975,"parent":0,"menu_order":0,"comment_status":"closed","ping_status":"closed","template":"","meta":{"_uag_custom_page_level_css":"","site-sidebar-layout":"default","site-content-layout":"","ast-site-content-layout":"default","site-content-style":"default","site-sidebar-style":"default","ast-global-header-display":"","ast-banner-title-visibility":"","ast-main-header-display":"","ast-hfb-above-header-display":"","ast-hfb-below-header-display":"","ast-hfb-mobile-header-display":"","site-post-title":"","ast-breadcrumbs-content":"","ast-featured-img":"","footer-sml-layout":"","theme-transparent-header-meta":"","adv-header-id-meta":"","stick-header-meta":"","header-above-stick-meta":"","header-main-stick-meta":"","header-below-stick-meta":"","astra-migrate-meta-layouts":"set","ast-page-background-enabled":"default","ast-page-background-meta":{"desktop":{"background-color":"var(--ast-global-color-4)","background-image":"","background-repeat":"repeat","background-position":"center center","background-size":"auto","background-attachment":"scroll","background-type":"","background-media":"","overlay-type":"","overlay-color":"","overlay-opacity":"","overlay-gradient":""},"tablet":{"background-color":"","background-image":"","background-repeat":"repeat","background-position":"center center","background-size":"auto","background-attachment":"scroll","background-type":"","background-media":"","overlay-type":"","overlay-color":"","overlay-opacity":"","overlay-gradient":""},"mobile":{"background-color":"","background-image":"","background-repeat":"repeat","background-position":"center center","background-size":"auto","background-attachment":"scroll","background-type":"","background-media":"","overlay-type":"","overlay-color":"","overlay-opacity":"","overlay-gradient":""}},"ast-content-background-meta":{"desktop":{"background-color":"var(--ast-global-color-5)","background-image":"","background-repeat":"repeat","background-position":"center center","background-size":"auto","background-attachment":"scroll","background-type":"","background-media":"","overlay-type":"","overlay-color":"","overlay-opacity":"","overlay-gradient":""},"tablet":{"background-color":"var(--ast-global-color-5)","background-image":"","background-repeat":"repeat","background-position":"center center","background-size":"auto","background-attachment":"scroll","background-type":"","background-media":"","overlay-type":"","overlay-color":"","overlay-opacity":"","overlay-gradient":""},"mobile":{"background-color":"var(--ast-global-color-5)","background-image":"","background-repeat":"repeat","background-position":"center center","background-size":"auto","background-attachment":"scroll","background-type":"","background-media":"","overlay-type":"","overlay-color":"","overlay-opacity":"","overlay-gradient":""}},"footnotes":""},"class_list":["post-3973","page","type-page","status-publish","has-post-thumbnail","hentry"],"yoast_head":"<!-- This site is optimized with the Yoast SEO Premium plugin v24.2 (Yoast SEO v24.6) - https:\/\/yoast.com\/wordpress\/plugins\/seo\/ -->\n<title>Amor materno y filial - Uni\u00f3n Esp\u00edrita<\/title>\n<meta name=\"robots\" content=\"index, follow, max-snippet:-1, max-image-preview:large, max-video-preview:-1\" \/>\n<link rel=\"canonical\" href=\"https:\/\/nuevo-renacer.com\/tr\/amor-materno-y-filial\/\" \/>\n<meta property=\"og:locale\" content=\"tr_TR\" \/>\n<meta property=\"og:type\" content=\"article\" \/>\n<meta property=\"og:title\" content=\"Amor materno y filial\" \/>\n<meta property=\"og:description\" content=\"Amor materno y filial El amor materno, \u00bfes una virtud o un sentimiento instintivo com\u00fan a los hombres y a los animales? \u201cLo uno y lo otro. La naturaleza ha dado a la madre el amor a sus hijos con vistas a la conservaci\u00f3n de estos. no obstante, en el animal ese amor se limita [&hellip;]\" \/>\n<meta property=\"og:url\" content=\"https:\/\/nuevo-renacer.com\/tr\/amor-materno-y-filial\/\" \/>\n<meta property=\"og:site_name\" content=\"Uni\u00f3n Esp\u00edrita\" \/>\n<meta property=\"article:publisher\" content=\"https:\/\/www.facebook.com\/groups\/3431398063740829\" \/>\n<meta property=\"article:modified_time\" content=\"2024-07-18T06:04:12+00:00\" \/>\n<meta property=\"og:image\" content=\"https:\/\/nuevo-renacer.com\/wp-content\/uploads\/2024\/07\/437081074_7730973676923047_3700388414688601690_n.jpg\" \/>\n\t<meta property=\"og:image:width\" content=\"851\" \/>\n\t<meta property=\"og:image:height\" content=\"1280\" \/>\n\t<meta property=\"og:image:type\" content=\"image\/jpeg\" \/>\n<meta name=\"twitter:card\" content=\"summary_large_image\" \/>\n<meta name=\"twitter:label1\" content=\"Tahmini okuma s\u00fcresi\" \/>\n\t<meta name=\"twitter:data1\" content=\"2 dakika\" \/>\n<script type=\"application\/ld+json\" class=\"yoast-schema-graph\">{\"@context\":\"https:\/\/schema.org\",\"@graph\":[{\"@type\":\"WebPage\",\"@id\":\"https:\/\/nuevo-renacer.com\/amor-materno-y-filial\/\",\"url\":\"https:\/\/nuevo-renacer.com\/amor-materno-y-filial\/\",\"name\":\"Amor materno y filial - Uni\u00f3n Esp\u00edrita\",\"isPartOf\":{\"@id\":\"https:\/\/nuevo-renacer.com\/#website\"},\"primaryImageOfPage\":{\"@id\":\"https:\/\/nuevo-renacer.com\/amor-materno-y-filial\/#primaryimage\"},\"image\":{\"@id\":\"https:\/\/nuevo-renacer.com\/amor-materno-y-filial\/#primaryimage\"},\"thumbnailUrl\":\"https:\/\/nuevo-renacer.com\/wp-content\/uploads\/2024\/07\/437081074_7730973676923047_3700388414688601690_n.jpg\",\"datePublished\":\"2024-07-18T06:02:25+00:00\",\"dateModified\":\"2024-07-18T06:04:12+00:00\",\"breadcrumb\":{\"@id\":\"https:\/\/nuevo-renacer.com\/amor-materno-y-filial\/#breadcrumb\"},\"inLanguage\":\"tr\",\"potentialAction\":[{\"@type\":\"ReadAction\",\"target\":[\"https:\/\/nuevo-renacer.com\/amor-materno-y-filial\/\"]}]},{\"@type\":\"ImageObject\",\"inLanguage\":\"tr\",\"@id\":\"https:\/\/nuevo-renacer.com\/amor-materno-y-filial\/#primaryimage\",\"url\":\"https:\/\/nuevo-renacer.com\/wp-content\/uploads\/2024\/07\/437081074_7730973676923047_3700388414688601690_n.jpg\",\"contentUrl\":\"https:\/\/nuevo-renacer.com\/wp-content\/uploads\/2024\/07\/437081074_7730973676923047_3700388414688601690_n.jpg\",\"width\":851,\"height\":1280},{\"@type\":\"BreadcrumbList\",\"@id\":\"https:\/\/nuevo-renacer.com\/amor-materno-y-filial\/#breadcrumb\",\"itemListElement\":[{\"@type\":\"ListItem\",\"position\":1,\"name\":\"Startseite\",\"item\":\"https:\/\/nuevo-renacer.com\/\"},{\"@type\":\"ListItem\",\"position\":2,\"name\":\"Amor materno y filial\"}]},{\"@type\":\"WebSite\",\"@id\":\"https:\/\/nuevo-renacer.com\/#website\",\"url\":\"https:\/\/nuevo-renacer.com\/\",\"name\":\"Uni\u00f3n Esp\u00edrita\",\"description\":\"Nuevo Renacer\",\"publisher\":{\"@id\":\"https:\/\/nuevo-renacer.com\/#organization\"},\"potentialAction\":[{\"@type\":\"SearchAction\",\"target\":{\"@type\":\"EntryPoint\",\"urlTemplate\":\"https:\/\/nuevo-renacer.com\/?s={search_term_string}\"},\"query-input\":{\"@type\":\"PropertyValueSpecification\",\"valueRequired\":true,\"valueName\":\"search_term_string\"}}],\"inLanguage\":\"tr\"},{\"@type\":\"Organization\",\"@id\":\"https:\/\/nuevo-renacer.com\/#organization\",\"name\":\"UFEC\",\"url\":\"https:\/\/nuevo-renacer.com\/\",\"logo\":{\"@type\":\"ImageObject\",\"inLanguage\":\"tr\",\"@id\":\"https:\/\/nuevo-renacer.com\/#\/schema\/logo\/image\/\",\"url\":\"https:\/\/nuevo-renacer.com\/wp-content\/uploads\/2024\/05\/cropped-LOGO-TERMINADO1-3-3.png\",\"contentUrl\":\"https:\/\/nuevo-renacer.com\/wp-content\/uploads\/2024\/05\/cropped-LOGO-TERMINADO1-3-3.png\",\"width\":512,\"height\":512,\"caption\":\"UFEC\"},\"image\":{\"@id\":\"https:\/\/nuevo-renacer.com\/#\/schema\/logo\/image\/\"},\"sameAs\":[\"https:\/\/www.facebook.com\/groups\/3431398063740829\"]}]}<\/script>\n<!-- \/ Yoast SEO Premium plugin. -->","yoast_head_json":{"title":"Amor materno y filial - Uni\u00f3n Esp\u00edrita","robots":{"index":"index","follow":"follow","max-snippet":"max-snippet:-1","max-image-preview":"max-image-preview:large","max-video-preview":"max-video-preview:-1"},"canonical":"https:\/\/nuevo-renacer.com\/tr\/amor-materno-y-filial\/","og_locale":"tr_TR","og_type":"article","og_title":"Amor materno y filial","og_description":"Amor materno y filial El amor materno, \u00bfes una virtud o un sentimiento instintivo com\u00fan a los hombres y a los animales? \u201cLo uno y lo otro. La naturaleza ha dado a la madre el amor a sus hijos con vistas a la conservaci\u00f3n de estos. no obstante, en el animal ese amor se limita [&hellip;]","og_url":"https:\/\/nuevo-renacer.com\/tr\/amor-materno-y-filial\/","og_site_name":"Uni\u00f3n Esp\u00edrita","article_publisher":"https:\/\/www.facebook.com\/groups\/3431398063740829","article_modified_time":"2024-07-18T06:04:12+00:00","og_image":[{"width":851,"height":1280,"url":"https:\/\/nuevo-renacer.com\/wp-content\/uploads\/2024\/07\/437081074_7730973676923047_3700388414688601690_n.jpg","type":"image\/jpeg"}],"twitter_card":"summary_large_image","twitter_misc":{"Tahmini okuma s\u00fcresi":"2 dakika"},"schema":{"@context":"https:\/\/schema.org","@graph":[{"@type":"WebPage","@id":"https:\/\/nuevo-renacer.com\/amor-materno-y-filial\/","url":"https:\/\/nuevo-renacer.com\/amor-materno-y-filial\/","name":"Amor materno y filial - Uni\u00f3n Esp\u00edrita","isPartOf":{"@id":"https:\/\/nuevo-renacer.com\/#website"},"primaryImageOfPage":{"@id":"https:\/\/nuevo-renacer.com\/amor-materno-y-filial\/#primaryimage"},"image":{"@id":"https:\/\/nuevo-renacer.com\/amor-materno-y-filial\/#primaryimage"},"thumbnailUrl":"https:\/\/nuevo-renacer.com\/wp-content\/uploads\/2024\/07\/437081074_7730973676923047_3700388414688601690_n.jpg","datePublished":"2024-07-18T06:02:25+00:00","dateModified":"2024-07-18T06:04:12+00:00","breadcrumb":{"@id":"https:\/\/nuevo-renacer.com\/amor-materno-y-filial\/#breadcrumb"},"inLanguage":"tr","potentialAction":[{"@type":"ReadAction","target":["https:\/\/nuevo-renacer.com\/amor-materno-y-filial\/"]}]},{"@type":"ImageObject","inLanguage":"tr","@id":"https:\/\/nuevo-renacer.com\/amor-materno-y-filial\/#primaryimage","url":"https:\/\/nuevo-renacer.com\/wp-content\/uploads\/2024\/07\/437081074_7730973676923047_3700388414688601690_n.jpg","contentUrl":"https:\/\/nuevo-renacer.com\/wp-content\/uploads\/2024\/07\/437081074_7730973676923047_3700388414688601690_n.jpg","width":851,"height":1280},{"@type":"BreadcrumbList","@id":"https:\/\/nuevo-renacer.com\/amor-materno-y-filial\/#breadcrumb","itemListElement":[{"@type":"ListItem","position":1,"name":"Startseite","item":"https:\/\/nuevo-renacer.com\/"},{"@type":"ListItem","position":2,"name":"Amor materno y filial"}]},{"@type":"WebSite","@id":"https:\/\/nuevo-renacer.com\/#website","url":"https:\/\/nuevo-renacer.com\/","name":"Uni\u00f3n Esp\u00edrita","description":"Nuevo Renacer","publisher":{"@id":"https:\/\/nuevo-renacer.com\/#organization"},"potentialAction":[{"@type":"SearchAction","target":{"@type":"EntryPoint","urlTemplate":"https:\/\/nuevo-renacer.com\/?s={search_term_string}"},"query-input":{"@type":"PropertyValueSpecification","valueRequired":true,"valueName":"search_term_string"}}],"inLanguage":"tr"},{"@type":"Organization","@id":"https:\/\/nuevo-renacer.com\/#organization","name":"UFEC","url":"https:\/\/nuevo-renacer.com\/","logo":{"@type":"ImageObject","inLanguage":"tr","@id":"https:\/\/nuevo-renacer.com\/#\/schema\/logo\/image\/","url":"https:\/\/nuevo-renacer.com\/wp-content\/uploads\/2024\/05\/cropped-LOGO-TERMINADO1-3-3.png","contentUrl":"https:\/\/nuevo-renacer.com\/wp-content\/uploads\/2024\/05\/cropped-LOGO-TERMINADO1-3-3.png","width":512,"height":512,"caption":"UFEC"},"image":{"@id":"https:\/\/nuevo-renacer.com\/#\/schema\/logo\/image\/"},"sameAs":["https:\/\/www.facebook.com\/groups\/3431398063740829"]}]}},"uagb_featured_image_src":{"full":["https:\/\/nuevo-renacer.com\/wp-content\/uploads\/2024\/07\/437081074_7730973676923047_3700388414688601690_n.jpg",851,1280,false],"thumbnail":["https:\/\/nuevo-renacer.com\/wp-content\/uploads\/2024\/07\/437081074_7730973676923047_3700388414688601690_n-150x150.jpg",150,150,true],"medium":["https:\/\/nuevo-renacer.com\/wp-content\/uploads\/2024\/07\/437081074_7730973676923047_3700388414688601690_n-199x300.jpg",199,300,true],"medium_large":["https:\/\/nuevo-renacer.com\/wp-content\/uploads\/2024\/07\/437081074_7730973676923047_3700388414688601690_n-768x1155.jpg",768,1155,true],"large":["https:\/\/nuevo-renacer.com\/wp-content\/uploads\/2024\/07\/437081074_7730973676923047_3700388414688601690_n-681x1024.jpg",681,1024,true],"1536x1536":["https:\/\/nuevo-renacer.com\/wp-content\/uploads\/2024\/07\/437081074_7730973676923047_3700388414688601690_n.jpg",851,1280,false],"2048x2048":["https:\/\/nuevo-renacer.com\/wp-content\/uploads\/2024\/07\/437081074_7730973676923047_3700388414688601690_n.jpg",851,1280,false],"trp-custom-language-flag":["https:\/\/nuevo-renacer.com\/wp-content\/uploads\/2024\/07\/437081074_7730973676923047_3700388414688601690_n-8x12.jpg",8,12,true]},"uagb_author_info":{"display_name":"adbv0","author_link":"https:\/\/nuevo-renacer.com\/tr\/author\/adbv0\/"},"uagb_comment_info":0,"uagb_excerpt":"Amor materno y filial El amor materno, \u00bfes una virtud o un sentimiento instintivo com\u00fan a los hombres y a los animales? \u201cLo uno y lo otro. La naturaleza ha dado a la madre el amor a sus hijos con vistas a la conservaci\u00f3n de estos. no obstante, en el animal ese amor se limita&hellip;","jetpack_sharing_enabled":true,"_links":{"self":[{"href":"https:\/\/nuevo-renacer.com\/tr\/wp-json\/wp\/v2\/pages\/3973","targetHints":{"allow":["GET"]}}],"collection":[{"href":"https:\/\/nuevo-renacer.com\/tr\/wp-json\/wp\/v2\/pages"}],"about":[{"href":"https:\/\/nuevo-renacer.com\/tr\/wp-json\/wp\/v2\/types\/page"}],"author":[{"embeddable":true,"href":"https:\/\/nuevo-renacer.com\/tr\/wp-json\/wp\/v2\/users\/1"}],"replies":[{"embeddable":true,"href":"https:\/\/nuevo-renacer.com\/tr\/wp-json\/wp\/v2\/comments?post=3973"}],"version-history":[{"count":3,"href":"https:\/\/nuevo-renacer.com\/tr\/wp-json\/wp\/v2\/pages\/3973\/revisions"}],"predecessor-version":[{"id":3977,"href":"https:\/\/nuevo-renacer.com\/tr\/wp-json\/wp\/v2\/pages\/3973\/revisions\/3977"}],"wp:featuredmedia":[{"embeddable":true,"href":"https:\/\/nuevo-renacer.com\/tr\/wp-json\/wp\/v2\/media\/3975"}],"wp:attachment":[{"href":"https:\/\/nuevo-renacer.com\/tr\/wp-json\/wp\/v2\/media?parent=3973"}],"curies":[{"name":"wp","href":"https:\/\/api.w.org\/{rel}","templated":true}]}}