{"id":3955,"date":"2024-07-17T09:45:22","date_gmt":"2024-07-17T09:45:22","guid":{"rendered":"https:\/\/ufec-mundial.com\/?page_id=3955"},"modified":"2025-01-03T13:17:28","modified_gmt":"2025-01-03T13:17:28","slug":"rufina-noeggerath","status":"publish","type":"page","link":"https:\/\/nuevo-renacer.com\/tr\/rufina-noeggerath\/","title":{"rendered":"Rufina Noeggerath"},"content":{"rendered":"<div class=\"wp-block-uagb-container uagb-block-b473ac0a alignfull uagb-is-root-container\"><div class=\"uagb-container-inner-blocks-wrap\">\n<p class=\"has-black-color has-text-color has-link-color has-medium-font-size wp-elements-9ee01b450ef5c565f987446f7276bd8b\"><strong>Rufina Noeggerath (Buena Madre)<\/strong><\/p>\n<\/div><\/div>\n\n\n\n<div class=\"wp-block-uagb-container uagb-block-b913fdef alignfull uagb-is-root-container\"><div class=\"uagb-container-inner-blocks-wrap\">\n<figure class=\"wp-block-image size-full is-resized\"><img fetchpriority=\"high\" decoding=\"async\" width=\"640\" height=\"735\" src=\"https:\/\/ufec-mundial.com\/wp-content\/uploads\/2024\/07\/Rufina_Noeggerath.tif.png\" alt=\"\" class=\"wp-image-3957\" style=\"width:317px;height:auto\" srcset=\"https:\/\/nuevo-renacer.com\/wp-content\/uploads\/2024\/07\/Rufina_Noeggerath.tif.png 640w, https:\/\/nuevo-renacer.com\/wp-content\/uploads\/2024\/07\/Rufina_Noeggerath.tif-261x300.png 261w, https:\/\/nuevo-renacer.com\/wp-content\/uploads\/2024\/07\/Rufina_Noeggerath.tif-10x12.png 10w\" sizes=\"(max-width: 640px) 100vw, 640px\" \/><\/figure>\n<\/div><\/div>\n\n\n\n<div class=\"wp-block-uagb-container uagb-block-e5636570 alignfull uagb-is-root-container\"><div class=\"uagb-container-inner-blocks-wrap\">\n<p class=\"has-black-color has-text-color has-link-color has-small-font-size wp-elements-13e58ce6d1f5f1f04d047c71090affb3\">Rufina Noeggerath 10 Ekim 1821 tarihinde Br\u00fcksel'de do\u011fdu.<\/p>\n\n\n\n<p class=\"has-black-color has-text-color has-link-color has-small-font-size wp-elements-9b0786dbb68f643d6186bb65c496ec16\">Bir doktor ve hipnotizmac\u0131 ile evliydi ve kocas\u0131n\u0131n onu hayvan manyetizmas\u0131 ve manyetik uyurgezerlik bilgilerine inisiye etti\u011fi varsay\u0131lmaktad\u0131r. Kocas\u0131n\u0131n 1852'deki \u00f6l\u00fcm\u00fcnden sonra onunla ileti\u015fim kurmaya \u00e7al\u0131\u015fm\u0131\u015f, bu da onu \u0130kinci \u0130mparatorlu\u011fun sonunda (1852 ile 1870 aras\u0131ndaki tarihsel d\u00f6nem) ruh\u00e7ulu\u011fa y\u00f6neltmi\u015ftir. Bu motivasyona ek olarak, bilimsel bir yakla\u015f\u0131m izleyerek \u00f6l\u00fcmden sonra hayatta kalmay\u0131 kan\u0131tlamakla ilgilenmi\u015ftir.<\/p>\n\n\n\n<p class=\"has-black-color has-text-color has-link-color has-small-font-size wp-elements-291255564b19fcc12288d44d0b808d9b\">Bir medyum olarak, her \u00c7ar\u015famba toplanan ve o d\u00f6nemde Fransa'daki sanat ve edebiyat\u0131n b\u00fcy\u00fck \u015fahsiyetlerinin veya spirit\u00fcalizmin en yak\u0131n takip\u00e7ilerinin aktif olarak kat\u0131ld\u0131\u011f\u0131 kendi ruh\u00e7u grubunu kurdu. As\u0131l amac\u0131, spirit\u00fcalist bilimlere olan tutkular\u0131n\u0131 derinle\u015ftirmek isteyen herkese yard\u0131mc\u0131 olmakt\u0131. Ahlaki nitelikleri, do\u011fal nezaketi ve t\u00fckenmez hay\u0131rseverli\u011fi ona Bonne Maman (\u0130yi Anne) lakab\u0131n\u0131 kazand\u0131rd\u0131.<\/p>\n\n\n\n<p class=\"has-black-color has-text-color has-link-color has-small-font-size wp-elements-aae25a023e01a67a46e43a48b7d0ad5e\">1897 y\u0131l\u0131nda, 76 ya\u015f\u0131ndayken, Camille Flammarion'un \u00f6ns\u00f6z\u00fcyle birlikte ana spirit\u00fcalist eserini (La Survie) yay\u0131nlad\u0131.<\/p>\n\n\n\n<p class=\"has-black-color has-text-color has-link-color has-small-font-size wp-elements-0d0ac9360708aebd41c61b94a15cc9e3\">Rufina Noeggerath 1908 y\u0131l\u0131nda 87 ya\u015f\u0131nda \u00f6lm\u00fc\u015ft\u00fcr. Mezar\u0131 Paris'teki (Fransa) P\u00e8re Lachaise'dedir.<\/p>\n<\/div><\/div>\n\n\n\n<div class=\"wp-block-uagb-container uagb-block-4b2c605c alignfull uagb-is-root-container\"><div class=\"uagb-container-inner-blocks-wrap\"><\/div><\/div>\n\n\n\n<div class=\"wp-block-uagb-container uagb-block-3165ec87 alignfull uagb-is-root-container\"><div class=\"uagb-container-inner-blocks-wrap\"><\/div><\/div>","protected":false},"excerpt":{"rendered":"<p>Rufina Noeggerath (Buena Madre) Rufina Noeggerath naci\u00f3 en Bruselas el 10 de octubre de 1821. Estaba casada con un m\u00e9dico e hipnotizador y se supone que \u00e9l la inici\u00f3 en el conocimiento del magnetismo animal y el sonambulismo magn\u00e9tico. A la muerte de su marido, en 1852, intent\u00f3 comunicarse con \u00e9l, lo que la condujo [&hellip;]<\/p>","protected":false},"author":1,"featured_media":3957,"parent":0,"menu_order":0,"comment_status":"closed","ping_status":"closed","template":"","meta":{"_uag_custom_page_level_css":"","site-sidebar-layout":"default","site-content-layout":"","ast-site-content-layout":"default","site-content-style":"default","site-sidebar-style":"default","ast-global-header-display":"","ast-banner-title-visibility":"","ast-main-header-display":"","ast-hfb-above-header-display":"","ast-hfb-below-header-display":"","ast-hfb-mobile-header-display":"","site-post-title":"","ast-breadcrumbs-content":"","ast-featured-img":"","footer-sml-layout":"","theme-transparent-header-meta":"","adv-header-id-meta":"","stick-header-meta":"","header-above-stick-meta":"","header-main-stick-meta":"","header-below-stick-meta":"","astra-migrate-meta-layouts":"set","ast-page-background-enabled":"default","ast-page-background-meta":{"desktop":{"background-color":"var(--ast-global-color-4)","background-image":"","background-repeat":"repeat","background-position":"center center","background-size":"auto","background-attachment":"scroll","background-type":"","background-media":"","overlay-type":"","overlay-color":"","overlay-opacity":"","overlay-gradient":""},"tablet":{"background-color":"","background-image":"","background-repeat":"repeat","background-position":"center center","background-size":"auto","background-attachment":"scroll","background-type":"","background-media":"","overlay-type":"","overlay-color":"","overlay-opacity":"","overlay-gradient":""},"mobile":{"background-color":"","background-image":"","background-repeat":"repeat","background-position":"center center","background-size":"auto","background-attachment":"scroll","background-type":"","background-media":"","overlay-type":"","overlay-color":"","overlay-opacity":"","overlay-gradient":""}},"ast-content-background-meta":{"desktop":{"background-color":"var(--ast-global-color-5)","background-image":"","background-repeat":"repeat","background-position":"center center","background-size":"auto","background-attachment":"scroll","background-type":"","background-media":"","overlay-type":"","overlay-color":"","overlay-opacity":"","overlay-gradient":""},"tablet":{"background-color":"var(--ast-global-color-5)","background-image":"","background-repeat":"repeat","background-position":"center center","background-size":"auto","background-attachment":"scroll","background-type":"","background-media":"","overlay-type":"","overlay-color":"","overlay-opacity":"","overlay-gradient":""},"mobile":{"background-color":"var(--ast-global-color-5)","background-image":"","background-repeat":"repeat","background-position":"center center","background-size":"auto","background-attachment":"scroll","background-type":"","background-media":"","overlay-type":"","overlay-color":"","overlay-opacity":"","overlay-gradient":""}},"footnotes":""},"class_list":["post-3955","page","type-page","status-publish","has-post-thumbnail","hentry"],"yoast_head":"<!-- This site is optimized with the Yoast SEO Premium plugin v24.2 (Yoast SEO v24.6) - https:\/\/yoast.com\/wordpress\/plugins\/seo\/ -->\n<title>Rufina Noeggerath - Uni\u00f3n Esp\u00edrita<\/title>\n<meta name=\"robots\" content=\"index, follow, max-snippet:-1, max-image-preview:large, max-video-preview:-1\" \/>\n<link rel=\"canonical\" href=\"https:\/\/nuevo-renacer.com\/tr\/rufina-noeggerath\/\" \/>\n<meta property=\"og:locale\" content=\"tr_TR\" \/>\n<meta property=\"og:type\" content=\"article\" \/>\n<meta property=\"og:title\" content=\"Rufina Noeggerath\" \/>\n<meta property=\"og:description\" content=\"Rufina Noeggerath (Buena Madre) Rufina Noeggerath naci\u00f3 en Bruselas el 10 de octubre de 1821. Estaba casada con un m\u00e9dico e hipnotizador y se supone que \u00e9l la inici\u00f3 en el conocimiento del magnetismo animal y el sonambulismo magn\u00e9tico. A la muerte de su marido, en 1852, intent\u00f3 comunicarse con \u00e9l, lo que la condujo [&hellip;]\" \/>\n<meta property=\"og:url\" content=\"https:\/\/nuevo-renacer.com\/tr\/rufina-noeggerath\/\" \/>\n<meta property=\"og:site_name\" content=\"Uni\u00f3n Esp\u00edrita\" \/>\n<meta property=\"article:publisher\" content=\"https:\/\/www.facebook.com\/groups\/3431398063740829\" \/>\n<meta property=\"article:modified_time\" content=\"2025-01-03T13:17:28+00:00\" \/>\n<meta property=\"og:image\" content=\"https:\/\/nuevo-renacer.com\/wp-content\/uploads\/2024\/07\/Rufina_Noeggerath.tif.png\" \/>\n\t<meta property=\"og:image:width\" content=\"640\" \/>\n\t<meta property=\"og:image:height\" content=\"735\" \/>\n\t<meta property=\"og:image:type\" content=\"image\/png\" \/>\n<meta name=\"twitter:card\" content=\"summary_large_image\" \/>\n<meta name=\"twitter:label1\" content=\"Tahmini okuma s\u00fcresi\" \/>\n\t<meta name=\"twitter:data1\" content=\"1 dakika\" \/>\n<script type=\"application\/ld+json\" class=\"yoast-schema-graph\">{\"@context\":\"https:\/\/schema.org\",\"@graph\":[{\"@type\":\"WebPage\",\"@id\":\"https:\/\/nuevo-renacer.com\/rufina-noeggerath\/\",\"url\":\"https:\/\/nuevo-renacer.com\/rufina-noeggerath\/\",\"name\":\"Rufina Noeggerath - Uni\u00f3n Esp\u00edrita\",\"isPartOf\":{\"@id\":\"https:\/\/nuevo-renacer.com\/#website\"},\"primaryImageOfPage\":{\"@id\":\"https:\/\/nuevo-renacer.com\/rufina-noeggerath\/#primaryimage\"},\"image\":{\"@id\":\"https:\/\/nuevo-renacer.com\/rufina-noeggerath\/#primaryimage\"},\"thumbnailUrl\":\"https:\/\/nuevo-renacer.com\/wp-content\/uploads\/2024\/07\/Rufina_Noeggerath.tif.png\",\"datePublished\":\"2024-07-17T09:45:22+00:00\",\"dateModified\":\"2025-01-03T13:17:28+00:00\",\"breadcrumb\":{\"@id\":\"https:\/\/nuevo-renacer.com\/rufina-noeggerath\/#breadcrumb\"},\"inLanguage\":\"tr\",\"potentialAction\":[{\"@type\":\"ReadAction\",\"target\":[\"https:\/\/nuevo-renacer.com\/rufina-noeggerath\/\"]}]},{\"@type\":\"ImageObject\",\"inLanguage\":\"tr\",\"@id\":\"https:\/\/nuevo-renacer.com\/rufina-noeggerath\/#primaryimage\",\"url\":\"https:\/\/nuevo-renacer.com\/wp-content\/uploads\/2024\/07\/Rufina_Noeggerath.tif.png\",\"contentUrl\":\"https:\/\/nuevo-renacer.com\/wp-content\/uploads\/2024\/07\/Rufina_Noeggerath.tif.png\",\"width\":640,\"height\":735},{\"@type\":\"BreadcrumbList\",\"@id\":\"https:\/\/nuevo-renacer.com\/rufina-noeggerath\/#breadcrumb\",\"itemListElement\":[{\"@type\":\"ListItem\",\"position\":1,\"name\":\"Startseite\",\"item\":\"https:\/\/nuevo-renacer.com\/\"},{\"@type\":\"ListItem\",\"position\":2,\"name\":\"Rufina Noeggerath\"}]},{\"@type\":\"WebSite\",\"@id\":\"https:\/\/nuevo-renacer.com\/#website\",\"url\":\"https:\/\/nuevo-renacer.com\/\",\"name\":\"Uni\u00f3n Esp\u00edrita\",\"description\":\"Nuevo Renacer\",\"publisher\":{\"@id\":\"https:\/\/nuevo-renacer.com\/#organization\"},\"potentialAction\":[{\"@type\":\"SearchAction\",\"target\":{\"@type\":\"EntryPoint\",\"urlTemplate\":\"https:\/\/nuevo-renacer.com\/?s={search_term_string}\"},\"query-input\":{\"@type\":\"PropertyValueSpecification\",\"valueRequired\":true,\"valueName\":\"search_term_string\"}}],\"inLanguage\":\"tr\"},{\"@type\":\"Organization\",\"@id\":\"https:\/\/nuevo-renacer.com\/#organization\",\"name\":\"UFEC\",\"url\":\"https:\/\/nuevo-renacer.com\/\",\"logo\":{\"@type\":\"ImageObject\",\"inLanguage\":\"tr\",\"@id\":\"https:\/\/nuevo-renacer.com\/#\/schema\/logo\/image\/\",\"url\":\"https:\/\/nuevo-renacer.com\/wp-content\/uploads\/2024\/05\/cropped-LOGO-TERMINADO1-3-3.png\",\"contentUrl\":\"https:\/\/nuevo-renacer.com\/wp-content\/uploads\/2024\/05\/cropped-LOGO-TERMINADO1-3-3.png\",\"width\":512,\"height\":512,\"caption\":\"UFEC\"},\"image\":{\"@id\":\"https:\/\/nuevo-renacer.com\/#\/schema\/logo\/image\/\"},\"sameAs\":[\"https:\/\/www.facebook.com\/groups\/3431398063740829\"]}]}<\/script>\n<!-- \/ Yoast SEO Premium plugin. -->","yoast_head_json":{"title":"Rufina Noeggerath - Uni\u00f3n Esp\u00edrita","robots":{"index":"index","follow":"follow","max-snippet":"max-snippet:-1","max-image-preview":"max-image-preview:large","max-video-preview":"max-video-preview:-1"},"canonical":"https:\/\/nuevo-renacer.com\/tr\/rufina-noeggerath\/","og_locale":"tr_TR","og_type":"article","og_title":"Rufina Noeggerath","og_description":"Rufina Noeggerath (Buena Madre) Rufina Noeggerath naci\u00f3 en Bruselas el 10 de octubre de 1821. Estaba casada con un m\u00e9dico e hipnotizador y se supone que \u00e9l la inici\u00f3 en el conocimiento del magnetismo animal y el sonambulismo magn\u00e9tico. A la muerte de su marido, en 1852, intent\u00f3 comunicarse con \u00e9l, lo que la condujo [&hellip;]","og_url":"https:\/\/nuevo-renacer.com\/tr\/rufina-noeggerath\/","og_site_name":"Uni\u00f3n Esp\u00edrita","article_publisher":"https:\/\/www.facebook.com\/groups\/3431398063740829","article_modified_time":"2025-01-03T13:17:28+00:00","og_image":[{"width":640,"height":735,"url":"https:\/\/nuevo-renacer.com\/wp-content\/uploads\/2024\/07\/Rufina_Noeggerath.tif.png","type":"image\/png"}],"twitter_card":"summary_large_image","twitter_misc":{"Tahmini okuma s\u00fcresi":"1 dakika"},"schema":{"@context":"https:\/\/schema.org","@graph":[{"@type":"WebPage","@id":"https:\/\/nuevo-renacer.com\/rufina-noeggerath\/","url":"https:\/\/nuevo-renacer.com\/rufina-noeggerath\/","name":"Rufina Noeggerath - Uni\u00f3n Esp\u00edrita","isPartOf":{"@id":"https:\/\/nuevo-renacer.com\/#website"},"primaryImageOfPage":{"@id":"https:\/\/nuevo-renacer.com\/rufina-noeggerath\/#primaryimage"},"image":{"@id":"https:\/\/nuevo-renacer.com\/rufina-noeggerath\/#primaryimage"},"thumbnailUrl":"https:\/\/nuevo-renacer.com\/wp-content\/uploads\/2024\/07\/Rufina_Noeggerath.tif.png","datePublished":"2024-07-17T09:45:22+00:00","dateModified":"2025-01-03T13:17:28+00:00","breadcrumb":{"@id":"https:\/\/nuevo-renacer.com\/rufina-noeggerath\/#breadcrumb"},"inLanguage":"tr","potentialAction":[{"@type":"ReadAction","target":["https:\/\/nuevo-renacer.com\/rufina-noeggerath\/"]}]},{"@type":"ImageObject","inLanguage":"tr","@id":"https:\/\/nuevo-renacer.com\/rufina-noeggerath\/#primaryimage","url":"https:\/\/nuevo-renacer.com\/wp-content\/uploads\/2024\/07\/Rufina_Noeggerath.tif.png","contentUrl":"https:\/\/nuevo-renacer.com\/wp-content\/uploads\/2024\/07\/Rufina_Noeggerath.tif.png","width":640,"height":735},{"@type":"BreadcrumbList","@id":"https:\/\/nuevo-renacer.com\/rufina-noeggerath\/#breadcrumb","itemListElement":[{"@type":"ListItem","position":1,"name":"Startseite","item":"https:\/\/nuevo-renacer.com\/"},{"@type":"ListItem","position":2,"name":"Rufina Noeggerath"}]},{"@type":"WebSite","@id":"https:\/\/nuevo-renacer.com\/#website","url":"https:\/\/nuevo-renacer.com\/","name":"Uni\u00f3n Esp\u00edrita","description":"Nuevo Renacer","publisher":{"@id":"https:\/\/nuevo-renacer.com\/#organization"},"potentialAction":[{"@type":"SearchAction","target":{"@type":"EntryPoint","urlTemplate":"https:\/\/nuevo-renacer.com\/?s={search_term_string}"},"query-input":{"@type":"PropertyValueSpecification","valueRequired":true,"valueName":"search_term_string"}}],"inLanguage":"tr"},{"@type":"Organization","@id":"https:\/\/nuevo-renacer.com\/#organization","name":"UFEC","url":"https:\/\/nuevo-renacer.com\/","logo":{"@type":"ImageObject","inLanguage":"tr","@id":"https:\/\/nuevo-renacer.com\/#\/schema\/logo\/image\/","url":"https:\/\/nuevo-renacer.com\/wp-content\/uploads\/2024\/05\/cropped-LOGO-TERMINADO1-3-3.png","contentUrl":"https:\/\/nuevo-renacer.com\/wp-content\/uploads\/2024\/05\/cropped-LOGO-TERMINADO1-3-3.png","width":512,"height":512,"caption":"UFEC"},"image":{"@id":"https:\/\/nuevo-renacer.com\/#\/schema\/logo\/image\/"},"sameAs":["https:\/\/www.facebook.com\/groups\/3431398063740829"]}]}},"uagb_featured_image_src":{"full":["https:\/\/nuevo-renacer.com\/wp-content\/uploads\/2024\/07\/Rufina_Noeggerath.tif.png",640,735,false],"thumbnail":["https:\/\/nuevo-renacer.com\/wp-content\/uploads\/2024\/07\/Rufina_Noeggerath.tif-150x150.png",150,150,true],"medium":["https:\/\/nuevo-renacer.com\/wp-content\/uploads\/2024\/07\/Rufina_Noeggerath.tif-261x300.png",261,300,true],"medium_large":["https:\/\/nuevo-renacer.com\/wp-content\/uploads\/2024\/07\/Rufina_Noeggerath.tif.png",640,735,false],"large":["https:\/\/nuevo-renacer.com\/wp-content\/uploads\/2024\/07\/Rufina_Noeggerath.tif.png",640,735,false],"1536x1536":["https:\/\/nuevo-renacer.com\/wp-content\/uploads\/2024\/07\/Rufina_Noeggerath.tif.png",640,735,false],"2048x2048":["https:\/\/nuevo-renacer.com\/wp-content\/uploads\/2024\/07\/Rufina_Noeggerath.tif.png",640,735,false],"trp-custom-language-flag":["https:\/\/nuevo-renacer.com\/wp-content\/uploads\/2024\/07\/Rufina_Noeggerath.tif-10x12.png",10,12,true]},"uagb_author_info":{"display_name":"adbv0","author_link":"https:\/\/nuevo-renacer.com\/tr\/author\/adbv0\/"},"uagb_comment_info":0,"uagb_excerpt":"Rufina Noeggerath (Buena Madre) Rufina Noeggerath naci\u00f3 en Bruselas el 10 de octubre de 1821. Estaba casada con un m\u00e9dico e hipnotizador y se supone que \u00e9l la inici\u00f3 en el conocimiento del magnetismo animal y el sonambulismo magn\u00e9tico. A la muerte de su marido, en 1852, intent\u00f3 comunicarse con \u00e9l, lo que la condujo&hellip;","jetpack_sharing_enabled":true,"_links":{"self":[{"href":"https:\/\/nuevo-renacer.com\/tr\/wp-json\/wp\/v2\/pages\/3955","targetHints":{"allow":["GET"]}}],"collection":[{"href":"https:\/\/nuevo-renacer.com\/tr\/wp-json\/wp\/v2\/pages"}],"about":[{"href":"https:\/\/nuevo-renacer.com\/tr\/wp-json\/wp\/v2\/types\/page"}],"author":[{"embeddable":true,"href":"https:\/\/nuevo-renacer.com\/tr\/wp-json\/wp\/v2\/users\/1"}],"replies":[{"embeddable":true,"href":"https:\/\/nuevo-renacer.com\/tr\/wp-json\/wp\/v2\/comments?post=3955"}],"version-history":[{"count":3,"href":"https:\/\/nuevo-renacer.com\/tr\/wp-json\/wp\/v2\/pages\/3955\/revisions"}],"predecessor-version":[{"id":6661,"href":"https:\/\/nuevo-renacer.com\/tr\/wp-json\/wp\/v2\/pages\/3955\/revisions\/6661"}],"wp:featuredmedia":[{"embeddable":true,"href":"https:\/\/nuevo-renacer.com\/tr\/wp-json\/wp\/v2\/media\/3957"}],"wp:attachment":[{"href":"https:\/\/nuevo-renacer.com\/tr\/wp-json\/wp\/v2\/media?parent=3955"}],"curies":[{"name":"wp","href":"https:\/\/api.w.org\/{rel}","templated":true}]}}