{"id":3949,"date":"2024-07-17T09:19:50","date_gmt":"2024-07-17T09:19:50","guid":{"rendered":"https:\/\/ufec-mundial.com\/?page_id=3949"},"modified":"2024-07-17T09:19:53","modified_gmt":"2024-07-17T09:19:53","slug":"lazaro-luiz-zamenhof","status":"publish","type":"page","link":"https:\/\/nuevo-renacer.com\/tr\/lazaro-luiz-zamenhof\/","title":{"rendered":"L\u00e1zaro Luiz Zamenhof"},"content":{"rendered":"<div class=\"wp-block-uagb-container uagb-block-a34e48a2 alignfull uagb-is-root-container\"><div class=\"uagb-container-inner-blocks-wrap\">\n<p class=\"has-black-color has-text-color has-link-color has-medium-font-size wp-elements-d4e41a2b43a03df6b2bbdb496301b3c0\"><strong>L\u00e1zaro Luiz Zamenhof<\/strong><\/p>\n<\/div><\/div>\n\n\n\n<div class=\"wp-block-uagb-container uagb-block-18a90863 alignfull uagb-is-root-container\"><div class=\"uagb-container-inner-blocks-wrap\">\n<figure class=\"wp-block-image size-full is-resized\"><img fetchpriority=\"high\" decoding=\"async\" width=\"427\" height=\"599\" src=\"https:\/\/ufec-mundial.com\/wp-content\/uploads\/2024\/07\/427px-1908-kl-t-zamenhof.jpg\" alt=\"\" class=\"wp-image-3951\" style=\"width:232px;height:auto\" srcset=\"https:\/\/nuevo-renacer.com\/wp-content\/uploads\/2024\/07\/427px-1908-kl-t-zamenhof.jpg 427w, https:\/\/nuevo-renacer.com\/wp-content\/uploads\/2024\/07\/427px-1908-kl-t-zamenhof-214x300.jpg 214w, https:\/\/nuevo-renacer.com\/wp-content\/uploads\/2024\/07\/427px-1908-kl-t-zamenhof-9x12.jpg 9w\" sizes=\"(max-width: 427px) 100vw, 427px\" \/><\/figure>\n<\/div><\/div>\n\n\n\n<div class=\"wp-block-uagb-container uagb-block-f082a313 alignfull uagb-is-root-container\"><div class=\"uagb-container-inner-blocks-wrap\">\n<p class=\"has-black-color has-text-color has-link-color has-small-font-size wp-elements-06145272d7092ef308f4d2583063442b\">L\u00e1zaro Luiz Zamenhof (veya Ludwik Lejzer Zamenhof, 15 Aral\u0131k 1859&#039;da Polonya&#039;n\u0131n Bialystok \u015fehrinde do\u011fdu. Co\u011frafya ve modern diller konusunda anlay\u0131\u015fl\u0131 bir \u00f6\u011fretmen olan Rosalia ve Frameworks Zamenhof&#039;un o\u011fluydu. \u00c7ocu\u011fun hayat\u0131n\u0131n hikayesi Lazarus, do\u011fdu\u011fu \u015fehir ve tarihi an, esperanto&#039;nun yarat\u0131lmas\u0131yla sonu\u00e7lanan baz\u0131 yans\u0131malar\u0131 tetiklemek i\u00e7in \u00e7ok \u00f6nemlidir.<\/p>\n\n\n\n<p class=\"has-black-color has-text-color has-link-color has-small-font-size wp-elements-c27f78fbc14348c0728dbec0a3f1463c\">Daha sonra Rus \u0130mparatorlu\u011fu&#039;na kat\u0131lan Bialystok, dini ve dilbilimsel siyasi farkl\u0131l\u0131klarla par\u00e7alanm\u0131\u015f bir \u015fehirdi; Orada d\u00f6rt dil konu\u015ftu: Leh\u00e7e, yidi\u015f\u00e7e, Rus\u00e7a ve Almanca ve \u00e7ocuk Lazarus, genellikle g\u00f6zya\u015f\u0131, kan ve hatta \u015fiddetli \u00f6l\u00fcmle sonu\u00e7lanan tart\u0131\u015fmalara ve anla\u015fmazl\u0131klara tan\u0131k oldu. Bu korkun\u00e7 izlenim asla akl\u0131n\u0131zdan silinmeyecek, b\u00f6ylece bir \u00e7ocuktan \u015fehirlerinin ve t\u00fcm d\u00fcnyan\u0131n sakinlerinin anla\u015f\u0131labilece\u011fi bir dil yaratma hayalini besledi.<\/p>\n\n\n\n<p class=\"has-black-color has-text-color has-link-color has-small-font-size wp-elements-f29f72885fe07dda78e287292143872a\">Birka\u00e7 dil \u00f6\u011frendi (memleketinden d\u00f6rd\u00fcne ek olarak): di\u011ferlerinin yan\u0131 s\u0131ra Latince, \u0130branice, Frans\u0131zca, Yunanca ve italyanca. 1878&#039;de esperanto&#039;nun selefi olacak olan &#034;Lingve D\u00fcnyas\u0131&#034; n\u0131 yazd\u0131.<\/p>\n\n\n\n<p class=\"has-black-color has-text-color has-link-color has-small-font-size wp-elements-cd7a783692a22428038306fc45dba0dc\">Aile Var\u015fova&#039;ya ta\u015f\u0131nd\u0131 ve okulu bitirdikten sonra t\u0131p okumak i\u00e7in Moskova&#039;ya g\u00f6nderildi. Kald\u0131\u011f\u0131 s\u00fcre boyunca, o\u011flunun gelece\u011fi konusunda endi\u015felenen babas\u0131, Uluslararas\u0131 Dil hakk\u0131ndaki el yazmalar\u0131n\u0131 yakt\u0131.<\/p>\n\n\n\n<p class=\"has-black-color has-text-color has-link-color has-small-font-size wp-elements-5b513e80da288b85df158ffc73b412ba\">Babas\u0131n\u0131n evine d\u00f6nen ve ne oldu\u011funu anlayan Lazarus, t\u00fcm projenizi sab\u0131rla yeniden in\u015fa etmeye ba\u015flad\u0131. Ancak kapsaml\u0131 deneyler ve yo\u011fun bir \u015fekilde deneyimledi\u011fi ve kan\u0131tlad\u0131\u011f\u0131 dilbilgisi ve kelime da\u011farc\u0131\u011f\u0131n\u0131n kapsaml\u0131 bir \u015fekilde test edilmesinden sonra, \u00e7al\u0131\u015fmas\u0131n\u0131n haz\u0131r oldu\u011funu hissetti. Shakespeare&#039;in \u0130ncil&#039;i (Eski Ahit) ve Hamlet&#039;i de i\u00e7eren d\u00fcnya edebiyat\u0131n\u0131n b\u00fcy\u00fck eserleri esperanto&#039;ya \u00e7evrildi. O zaman 28 ya\u015f\u0131ndayd\u0131.<\/p>\n\n\n\n<p class=\"has-black-color has-text-color has-link-color has-small-font-size wp-elements-4fdbf1e9155b8182157d4a841dc77cc0\">26 Temmuz 1887&#039;de, m\u00fcstakbel kay\u0131npederinin maddi yard\u0131m\u0131yla, &#034;Doktoro Esperanto&#034; (yeni dilde &#034;umut eden doktor&#034; anlam\u0131na gelen takma ad) taraf\u0131ndan yaz\u0131lan Rus\u00e7a k\u00fc\u00e7\u00fck bir dilbilgisi olan &#034;Lingvo Internacia&#034;ile d\u00fcnyaya esperanto lanse edildi. Zamanla, takma ad kendi diline at\u0131fta bulunmak i\u00e7in kullan\u0131lmaya devam etti: esperanto.<\/p>\n\n\n\n<p class=\"has-black-color has-text-color has-link-color has-small-font-size wp-elements-eb0627df64565f55cec5e7eaa910dc61\">G\u00f6z doktoru olarak mesle\u011finden ayr\u0131lmadan Lazarus, Uluslararas\u0131 Dili duyurmak i\u00e7in \u00e7ok \u00e7al\u0131\u015ft\u0131. Sadece i\u015fini bitirip yay\u0131nlad\u0131ktan sonra evlenmeye karar verdi. 9 A\u011fustos 1887&#039;de \u00fc\u00e7 \u00e7ocu\u011fu olan Klara Silbernik ile evlendi: Lidya, Adem ve Sophia.<\/p>\n\n\n\n<p class=\"has-black-color has-text-color has-link-color has-small-font-size wp-elements-23ef5223ce256e7d1dcd01af811a66e4\">A\u011fustos 1905&#039;te Zamenhof, alt\u0131 g\u00fcnl\u00fck etkinlik boyunca farkl\u0131 \u00fclkelerden y\u00fczlerce insan\u0131n tek bir dilde ileti\u015fim kurmak i\u00e7in bir araya geldi\u011fi Fransa&#039;n\u0131n Boulogne-sur-Mer kentinde d\u00fczenlenen Birinci Evrensel Esperanto Kongresi&#039;nde idealinizin ger\u00e7e\u011fe d\u00f6n\u00fc\u015ft\u00fc\u011f\u00fcn\u00fc g\u00f6rd\u00fc. Karde\u015fli\u011fin Dilinin yarat\u0131c\u0131s\u0131, evrensel olan sekiz konferansa daha kat\u0131ld\u0131, neredeyse hepsinde konu\u015fmalar yapt\u0131, kendi ba\u015f\u0131n\u0131za, zorlukla, ancak prestijinden asla yararlanmadan seyahat etti.<\/p>\n\n\n\n<p class=\"has-black-color has-text-color has-link-color has-small-font-size wp-elements-3fd8b217f8015c975f51221d262bbdf0\">1914&#039;te Birinci D\u00fcnya Sava\u015f\u0131&#039;n\u0131n patlak vermesi bir s\u00fcreli\u011fine esperanto&#039;nun geni\u015flemesini kesintiye u\u011fratt\u0131. Sars\u0131lan ve kalp sorunlar\u0131 ya\u015fayan Zamenhof, \u00fc\u00e7 y\u0131l sonra 14 Nisan 1917&#039;de Polonya&#039;n\u0131n Var\u015fova kentinde \u00f6ld\u00fc.<\/p>\n\n\n\n<p class=\"has-black-color has-text-color has-link-color has-small-font-size wp-elements-575b06b6ddfcf2a82c16cb3df5afb42d\">L\u00e1zaro Luiz Zamenhof, h\u00fcmanist idealini yaymak i\u00e7in ola\u011fan\u00fcst\u00fc bir irade g\u00fcc\u00fcne sahip bir adamd\u0131. Mezhep\u00e7ili\u011fe kar\u015f\u0131 sava\u015fan ger\u00e7ek bir evrenselciydi, pasifist bir d\u00fc\u015f\u00fcn\u00fcrd\u00fc. Hayat\u0131 fedakarl\u0131k, kendini inkar ve ba\u011fl\u0131l\u0131ktan \u00f6r\u00fclm\u00fc\u015ft\u00fc, son derece sempatik bir adamd\u0131, herkese kar\u015f\u0131 ho\u015fg\u00f6r\u00fcy\u00fc ve nezaketi geli\u015ftirdi, hay\u0131rsever olma f\u0131rsat\u0131n\u0131 asla kaybetmedi. Bu nedenle UNESCO, insan ailesine miras b\u0131rakt\u0131\u011f\u0131 bir ruh olan &#034;insanl\u0131\u011f\u0131n hay\u0131rseveri&#034; olarak liyakatle tan\u0131nan, \u00fcyeleri aras\u0131ndaki ileti\u015fim ve evrensel karde\u015fli\u011fe dayal\u0131 ilerlemesi i\u00e7in ideal bir ara\u00e7t\u0131r.<\/p>\n<\/div><\/div>","protected":false},"excerpt":{"rendered":"<p>L\u00e1zaro Luiz Zamenhof L\u00e1zaro Luiz Zamenhof (o Ludwik Lejzer Zamenhof) naci\u00f3 el 15 de diciembre de 1859 en Bialystok, Polonia. Era hijo de Rosal\u00eda y Marcos Zamenhof, un perspicaz profesor de geograf\u00eda y lenguas modernas. La historia de la vida del ni\u00f1o L\u00e1zaro, la ciudad donde naci\u00f3 y el momento hist\u00f3rico son cruciales para desencadenar [&hellip;]<\/p>","protected":false},"author":1,"featured_media":3951,"parent":0,"menu_order":0,"comment_status":"closed","ping_status":"closed","template":"","meta":{"_uag_custom_page_level_css":"","site-sidebar-layout":"default","site-content-layout":"","ast-site-content-layout":"default","site-content-style":"default","site-sidebar-style":"default","ast-global-header-display":"","ast-banner-title-visibility":"","ast-main-header-display":"","ast-hfb-above-header-display":"","ast-hfb-below-header-display":"","ast-hfb-mobile-header-display":"","site-post-title":"","ast-breadcrumbs-content":"","ast-featured-img":"","footer-sml-layout":"","theme-transparent-header-meta":"","adv-header-id-meta":"","stick-header-meta":"","header-above-stick-meta":"","header-main-stick-meta":"","header-below-stick-meta":"","astra-migrate-meta-layouts":"set","ast-page-background-enabled":"default","ast-page-background-meta":{"desktop":{"background-color":"var(--ast-global-color-4)","background-image":"","background-repeat":"repeat","background-position":"center center","background-size":"auto","background-attachment":"scroll","background-type":"","background-media":"","overlay-type":"","overlay-color":"","overlay-opacity":"","overlay-gradient":""},"tablet":{"background-color":"","background-image":"","background-repeat":"repeat","background-position":"center center","background-size":"auto","background-attachment":"scroll","background-type":"","background-media":"","overlay-type":"","overlay-color":"","overlay-opacity":"","overlay-gradient":""},"mobile":{"background-color":"","background-image":"","background-repeat":"repeat","background-position":"center center","background-size":"auto","background-attachment":"scroll","background-type":"","background-media":"","overlay-type":"","overlay-color":"","overlay-opacity":"","overlay-gradient":""}},"ast-content-background-meta":{"desktop":{"background-color":"var(--ast-global-color-5)","background-image":"","background-repeat":"repeat","background-position":"center center","background-size":"auto","background-attachment":"scroll","background-type":"","background-media":"","overlay-type":"","overlay-color":"","overlay-opacity":"","overlay-gradient":""},"tablet":{"background-color":"var(--ast-global-color-5)","background-image":"","background-repeat":"repeat","background-position":"center center","background-size":"auto","background-attachment":"scroll","background-type":"","background-media":"","overlay-type":"","overlay-color":"","overlay-opacity":"","overlay-gradient":""},"mobile":{"background-color":"var(--ast-global-color-5)","background-image":"","background-repeat":"repeat","background-position":"center center","background-size":"auto","background-attachment":"scroll","background-type":"","background-media":"","overlay-type":"","overlay-color":"","overlay-opacity":"","overlay-gradient":""}},"footnotes":""},"class_list":["post-3949","page","type-page","status-publish","has-post-thumbnail","hentry"],"yoast_head":"<!-- This site is optimized with the Yoast SEO Premium plugin v24.2 (Yoast SEO v24.6) - https:\/\/yoast.com\/wordpress\/plugins\/seo\/ -->\n<title>L\u00e1zaro Luiz Zamenhof - Uni\u00f3n Esp\u00edrita<\/title>\n<meta name=\"robots\" content=\"index, follow, max-snippet:-1, max-image-preview:large, max-video-preview:-1\" \/>\n<link rel=\"canonical\" href=\"https:\/\/nuevo-renacer.com\/tr\/lazaro-luiz-zamenhof\/\" \/>\n<meta property=\"og:locale\" content=\"tr_TR\" \/>\n<meta property=\"og:type\" content=\"article\" \/>\n<meta property=\"og:title\" content=\"L\u00e1zaro Luiz Zamenhof\" \/>\n<meta property=\"og:description\" content=\"L\u00e1zaro Luiz Zamenhof L\u00e1zaro Luiz Zamenhof (o Ludwik Lejzer Zamenhof) naci\u00f3 el 15 de diciembre de 1859 en Bialystok, Polonia. Era hijo de Rosal\u00eda y Marcos Zamenhof, un perspicaz profesor de geograf\u00eda y lenguas modernas. La historia de la vida del ni\u00f1o L\u00e1zaro, la ciudad donde naci\u00f3 y el momento hist\u00f3rico son cruciales para desencadenar [&hellip;]\" \/>\n<meta property=\"og:url\" content=\"https:\/\/nuevo-renacer.com\/tr\/lazaro-luiz-zamenhof\/\" \/>\n<meta property=\"og:site_name\" content=\"Uni\u00f3n Esp\u00edrita\" \/>\n<meta property=\"article:publisher\" content=\"https:\/\/www.facebook.com\/groups\/3431398063740829\" \/>\n<meta property=\"article:modified_time\" content=\"2024-07-17T09:19:53+00:00\" \/>\n<meta property=\"og:image\" content=\"https:\/\/nuevo-renacer.com\/wp-content\/uploads\/2024\/07\/427px-1908-kl-t-zamenhof.jpg\" \/>\n\t<meta property=\"og:image:width\" content=\"427\" \/>\n\t<meta property=\"og:image:height\" content=\"599\" \/>\n\t<meta property=\"og:image:type\" content=\"image\/jpeg\" \/>\n<meta name=\"twitter:card\" content=\"summary_large_image\" \/>\n<meta name=\"twitter:label1\" content=\"Tahmini okuma s\u00fcresi\" \/>\n\t<meta name=\"twitter:data1\" content=\"3 dakika\" \/>\n<script type=\"application\/ld+json\" class=\"yoast-schema-graph\">{\"@context\":\"https:\/\/schema.org\",\"@graph\":[{\"@type\":\"WebPage\",\"@id\":\"https:\/\/nuevo-renacer.com\/lazaro-luiz-zamenhof\/\",\"url\":\"https:\/\/nuevo-renacer.com\/lazaro-luiz-zamenhof\/\",\"name\":\"L\u00e1zaro Luiz Zamenhof - Uni\u00f3n Esp\u00edrita\",\"isPartOf\":{\"@id\":\"https:\/\/nuevo-renacer.com\/#website\"},\"primaryImageOfPage\":{\"@id\":\"https:\/\/nuevo-renacer.com\/lazaro-luiz-zamenhof\/#primaryimage\"},\"image\":{\"@id\":\"https:\/\/nuevo-renacer.com\/lazaro-luiz-zamenhof\/#primaryimage\"},\"thumbnailUrl\":\"https:\/\/nuevo-renacer.com\/wp-content\/uploads\/2024\/07\/427px-1908-kl-t-zamenhof.jpg\",\"datePublished\":\"2024-07-17T09:19:50+00:00\",\"dateModified\":\"2024-07-17T09:19:53+00:00\",\"breadcrumb\":{\"@id\":\"https:\/\/nuevo-renacer.com\/lazaro-luiz-zamenhof\/#breadcrumb\"},\"inLanguage\":\"tr\",\"potentialAction\":[{\"@type\":\"ReadAction\",\"target\":[\"https:\/\/nuevo-renacer.com\/lazaro-luiz-zamenhof\/\"]}]},{\"@type\":\"ImageObject\",\"inLanguage\":\"tr\",\"@id\":\"https:\/\/nuevo-renacer.com\/lazaro-luiz-zamenhof\/#primaryimage\",\"url\":\"https:\/\/nuevo-renacer.com\/wp-content\/uploads\/2024\/07\/427px-1908-kl-t-zamenhof.jpg\",\"contentUrl\":\"https:\/\/nuevo-renacer.com\/wp-content\/uploads\/2024\/07\/427px-1908-kl-t-zamenhof.jpg\",\"width\":427,\"height\":599},{\"@type\":\"BreadcrumbList\",\"@id\":\"https:\/\/nuevo-renacer.com\/lazaro-luiz-zamenhof\/#breadcrumb\",\"itemListElement\":[{\"@type\":\"ListItem\",\"position\":1,\"name\":\"Startseite\",\"item\":\"https:\/\/nuevo-renacer.com\/\"},{\"@type\":\"ListItem\",\"position\":2,\"name\":\"L\u00e1zaro Luiz Zamenhof\"}]},{\"@type\":\"WebSite\",\"@id\":\"https:\/\/nuevo-renacer.com\/#website\",\"url\":\"https:\/\/nuevo-renacer.com\/\",\"name\":\"Uni\u00f3n Esp\u00edrita\",\"description\":\"Nuevo Renacer\",\"publisher\":{\"@id\":\"https:\/\/nuevo-renacer.com\/#organization\"},\"potentialAction\":[{\"@type\":\"SearchAction\",\"target\":{\"@type\":\"EntryPoint\",\"urlTemplate\":\"https:\/\/nuevo-renacer.com\/?s={search_term_string}\"},\"query-input\":{\"@type\":\"PropertyValueSpecification\",\"valueRequired\":true,\"valueName\":\"search_term_string\"}}],\"inLanguage\":\"tr\"},{\"@type\":\"Organization\",\"@id\":\"https:\/\/nuevo-renacer.com\/#organization\",\"name\":\"UFEC\",\"url\":\"https:\/\/nuevo-renacer.com\/\",\"logo\":{\"@type\":\"ImageObject\",\"inLanguage\":\"tr\",\"@id\":\"https:\/\/nuevo-renacer.com\/#\/schema\/logo\/image\/\",\"url\":\"https:\/\/nuevo-renacer.com\/wp-content\/uploads\/2024\/05\/cropped-LOGO-TERMINADO1-3-3.png\",\"contentUrl\":\"https:\/\/nuevo-renacer.com\/wp-content\/uploads\/2024\/05\/cropped-LOGO-TERMINADO1-3-3.png\",\"width\":512,\"height\":512,\"caption\":\"UFEC\"},\"image\":{\"@id\":\"https:\/\/nuevo-renacer.com\/#\/schema\/logo\/image\/\"},\"sameAs\":[\"https:\/\/www.facebook.com\/groups\/3431398063740829\"]}]}<\/script>\n<!-- \/ Yoast SEO Premium plugin. -->","yoast_head_json":{"title":"L\u00e1zaro Luiz Zamenhof - Uni\u00f3n Esp\u00edrita","robots":{"index":"index","follow":"follow","max-snippet":"max-snippet:-1","max-image-preview":"max-image-preview:large","max-video-preview":"max-video-preview:-1"},"canonical":"https:\/\/nuevo-renacer.com\/tr\/lazaro-luiz-zamenhof\/","og_locale":"tr_TR","og_type":"article","og_title":"L\u00e1zaro Luiz Zamenhof","og_description":"L\u00e1zaro Luiz Zamenhof L\u00e1zaro Luiz Zamenhof (o Ludwik Lejzer Zamenhof) naci\u00f3 el 15 de diciembre de 1859 en Bialystok, Polonia. Era hijo de Rosal\u00eda y Marcos Zamenhof, un perspicaz profesor de geograf\u00eda y lenguas modernas. La historia de la vida del ni\u00f1o L\u00e1zaro, la ciudad donde naci\u00f3 y el momento hist\u00f3rico son cruciales para desencadenar [&hellip;]","og_url":"https:\/\/nuevo-renacer.com\/tr\/lazaro-luiz-zamenhof\/","og_site_name":"Uni\u00f3n Esp\u00edrita","article_publisher":"https:\/\/www.facebook.com\/groups\/3431398063740829","article_modified_time":"2024-07-17T09:19:53+00:00","og_image":[{"width":427,"height":599,"url":"https:\/\/nuevo-renacer.com\/wp-content\/uploads\/2024\/07\/427px-1908-kl-t-zamenhof.jpg","type":"image\/jpeg"}],"twitter_card":"summary_large_image","twitter_misc":{"Tahmini okuma s\u00fcresi":"3 dakika"},"schema":{"@context":"https:\/\/schema.org","@graph":[{"@type":"WebPage","@id":"https:\/\/nuevo-renacer.com\/lazaro-luiz-zamenhof\/","url":"https:\/\/nuevo-renacer.com\/lazaro-luiz-zamenhof\/","name":"L\u00e1zaro Luiz Zamenhof - Uni\u00f3n Esp\u00edrita","isPartOf":{"@id":"https:\/\/nuevo-renacer.com\/#website"},"primaryImageOfPage":{"@id":"https:\/\/nuevo-renacer.com\/lazaro-luiz-zamenhof\/#primaryimage"},"image":{"@id":"https:\/\/nuevo-renacer.com\/lazaro-luiz-zamenhof\/#primaryimage"},"thumbnailUrl":"https:\/\/nuevo-renacer.com\/wp-content\/uploads\/2024\/07\/427px-1908-kl-t-zamenhof.jpg","datePublished":"2024-07-17T09:19:50+00:00","dateModified":"2024-07-17T09:19:53+00:00","breadcrumb":{"@id":"https:\/\/nuevo-renacer.com\/lazaro-luiz-zamenhof\/#breadcrumb"},"inLanguage":"tr","potentialAction":[{"@type":"ReadAction","target":["https:\/\/nuevo-renacer.com\/lazaro-luiz-zamenhof\/"]}]},{"@type":"ImageObject","inLanguage":"tr","@id":"https:\/\/nuevo-renacer.com\/lazaro-luiz-zamenhof\/#primaryimage","url":"https:\/\/nuevo-renacer.com\/wp-content\/uploads\/2024\/07\/427px-1908-kl-t-zamenhof.jpg","contentUrl":"https:\/\/nuevo-renacer.com\/wp-content\/uploads\/2024\/07\/427px-1908-kl-t-zamenhof.jpg","width":427,"height":599},{"@type":"BreadcrumbList","@id":"https:\/\/nuevo-renacer.com\/lazaro-luiz-zamenhof\/#breadcrumb","itemListElement":[{"@type":"ListItem","position":1,"name":"Startseite","item":"https:\/\/nuevo-renacer.com\/"},{"@type":"ListItem","position":2,"name":"L\u00e1zaro Luiz Zamenhof"}]},{"@type":"WebSite","@id":"https:\/\/nuevo-renacer.com\/#website","url":"https:\/\/nuevo-renacer.com\/","name":"Uni\u00f3n Esp\u00edrita","description":"Nuevo Renacer","publisher":{"@id":"https:\/\/nuevo-renacer.com\/#organization"},"potentialAction":[{"@type":"SearchAction","target":{"@type":"EntryPoint","urlTemplate":"https:\/\/nuevo-renacer.com\/?s={search_term_string}"},"query-input":{"@type":"PropertyValueSpecification","valueRequired":true,"valueName":"search_term_string"}}],"inLanguage":"tr"},{"@type":"Organization","@id":"https:\/\/nuevo-renacer.com\/#organization","name":"UFEC","url":"https:\/\/nuevo-renacer.com\/","logo":{"@type":"ImageObject","inLanguage":"tr","@id":"https:\/\/nuevo-renacer.com\/#\/schema\/logo\/image\/","url":"https:\/\/nuevo-renacer.com\/wp-content\/uploads\/2024\/05\/cropped-LOGO-TERMINADO1-3-3.png","contentUrl":"https:\/\/nuevo-renacer.com\/wp-content\/uploads\/2024\/05\/cropped-LOGO-TERMINADO1-3-3.png","width":512,"height":512,"caption":"UFEC"},"image":{"@id":"https:\/\/nuevo-renacer.com\/#\/schema\/logo\/image\/"},"sameAs":["https:\/\/www.facebook.com\/groups\/3431398063740829"]}]}},"uagb_featured_image_src":{"full":["https:\/\/nuevo-renacer.com\/wp-content\/uploads\/2024\/07\/427px-1908-kl-t-zamenhof.jpg",427,599,false],"thumbnail":["https:\/\/nuevo-renacer.com\/wp-content\/uploads\/2024\/07\/427px-1908-kl-t-zamenhof-150x150.jpg",150,150,true],"medium":["https:\/\/nuevo-renacer.com\/wp-content\/uploads\/2024\/07\/427px-1908-kl-t-zamenhof-214x300.jpg",214,300,true],"medium_large":["https:\/\/nuevo-renacer.com\/wp-content\/uploads\/2024\/07\/427px-1908-kl-t-zamenhof.jpg",427,599,false],"large":["https:\/\/nuevo-renacer.com\/wp-content\/uploads\/2024\/07\/427px-1908-kl-t-zamenhof.jpg",427,599,false],"1536x1536":["https:\/\/nuevo-renacer.com\/wp-content\/uploads\/2024\/07\/427px-1908-kl-t-zamenhof.jpg",427,599,false],"2048x2048":["https:\/\/nuevo-renacer.com\/wp-content\/uploads\/2024\/07\/427px-1908-kl-t-zamenhof.jpg",427,599,false],"trp-custom-language-flag":["https:\/\/nuevo-renacer.com\/wp-content\/uploads\/2024\/07\/427px-1908-kl-t-zamenhof-9x12.jpg",9,12,true]},"uagb_author_info":{"display_name":"adbv0","author_link":"https:\/\/nuevo-renacer.com\/tr\/author\/adbv0\/"},"uagb_comment_info":0,"uagb_excerpt":"L\u00e1zaro Luiz Zamenhof L\u00e1zaro Luiz Zamenhof (o Ludwik Lejzer Zamenhof) naci\u00f3 el 15 de diciembre de 1859 en Bialystok, Polonia. Era hijo de Rosal\u00eda y Marcos Zamenhof, un perspicaz profesor de geograf\u00eda y lenguas modernas. La historia de la vida del ni\u00f1o L\u00e1zaro, la ciudad donde naci\u00f3 y el momento hist\u00f3rico son cruciales para desencadenar&hellip;","jetpack_sharing_enabled":true,"_links":{"self":[{"href":"https:\/\/nuevo-renacer.com\/tr\/wp-json\/wp\/v2\/pages\/3949","targetHints":{"allow":["GET"]}}],"collection":[{"href":"https:\/\/nuevo-renacer.com\/tr\/wp-json\/wp\/v2\/pages"}],"about":[{"href":"https:\/\/nuevo-renacer.com\/tr\/wp-json\/wp\/v2\/types\/page"}],"author":[{"embeddable":true,"href":"https:\/\/nuevo-renacer.com\/tr\/wp-json\/wp\/v2\/users\/1"}],"replies":[{"embeddable":true,"href":"https:\/\/nuevo-renacer.com\/tr\/wp-json\/wp\/v2\/comments?post=3949"}],"version-history":[{"count":2,"href":"https:\/\/nuevo-renacer.com\/tr\/wp-json\/wp\/v2\/pages\/3949\/revisions"}],"predecessor-version":[{"id":3952,"href":"https:\/\/nuevo-renacer.com\/tr\/wp-json\/wp\/v2\/pages\/3949\/revisions\/3952"}],"wp:featuredmedia":[{"embeddable":true,"href":"https:\/\/nuevo-renacer.com\/tr\/wp-json\/wp\/v2\/media\/3951"}],"wp:attachment":[{"href":"https:\/\/nuevo-renacer.com\/tr\/wp-json\/wp\/v2\/media?parent=3949"}],"curies":[{"name":"wp","href":"https:\/\/api.w.org\/{rel}","templated":true}]}}