{"id":3940,"date":"2024-07-17T08:54:03","date_gmt":"2024-07-17T08:54:03","guid":{"rendered":"https:\/\/ufec-mundial.com\/?page_id=3940"},"modified":"2024-12-17T10:37:59","modified_gmt":"2024-12-17T10:37:59","slug":"antonio-lima","status":"publish","type":"page","link":"https:\/\/nuevo-renacer.com\/tr\/antonio-lima\/","title":{"rendered":"Ant\u00f4nio Lima"},"content":{"rendered":"<div class=\"wp-block-uagb-container uagb-block-e787a7b1 alignfull uagb-is-root-container\"><div class=\"uagb-container-inner-blocks-wrap\">\n<p class=\"has-black-color has-text-color has-link-color has-medium-font-size wp-elements-1cfbea983fa2d4ff649ba0785cd4238d\"><strong>Ant\u00f4nio Lima<\/strong><\/p>\n<\/div><\/div>\n\n\n\n<div class=\"wp-block-uagb-container uagb-block-840cfe58 alignfull uagb-is-root-container\"><div class=\"uagb-container-inner-blocks-wrap\">\n<figure class=\"wp-block-image size-full is-resized\"><img fetchpriority=\"high\" decoding=\"async\" width=\"400\" height=\"576\" src=\"https:\/\/ufec-mundial.com\/wp-content\/uploads\/2024\/07\/antonio.jpg\" alt=\"\" class=\"wp-image-3942\" style=\"width:211px;height:auto\" srcset=\"https:\/\/nuevo-renacer.com\/wp-content\/uploads\/2024\/07\/antonio.jpg 400w, https:\/\/nuevo-renacer.com\/wp-content\/uploads\/2024\/07\/antonio-208x300.jpg 208w, https:\/\/nuevo-renacer.com\/wp-content\/uploads\/2024\/07\/antonio-8x12.jpg 8w\" sizes=\"(max-width: 400px) 100vw, 400px\" \/><\/figure>\n<\/div><\/div>\n\n\n\n<div class=\"wp-block-uagb-container uagb-block-6dae8df8 alignfull uagb-is-root-container\"><div class=\"uagb-container-inner-blocks-wrap\">\n<p class=\"has-black-color has-text-color has-link-color has-small-font-size wp-elements-21a9ab90e1af9ac8309550f8adf824c5\">Ant\u00f4nio Lima, 30 mart 1864&#039;te imparatorlu\u011fun eski ba\u015fkenti Rio de Janeiro&#039;da do\u011fdu. Rio de Janeiro&#039;da Spirit\u00fcalizmin \u00f6nc\u00fclerinden biriydi ve Doktrini tam olarak nas\u0131l \u00f6\u011frendi\u011fi bilinmiyor. 1904&#039;te Federasyon Ruh\u00e7u Brezilya (\u015eUBAT), Allan Kardec&#039;in do\u011fumunun ilk y\u00fcz\u00fcnc\u00fc y\u0131l\u0131 an\u0131s\u0131na \u00f6zel bask\u0131 olan onun i\u00e7in \u00e7evrilen Kodlama kitaplar\u0131n\u0131 yay\u0131nlad\u0131.<\/p>\n\n\n\n<p class=\"has-black-color has-text-color has-link-color has-small-font-size wp-elements-b1ad00f51477aefac9a2649f86d3ea28\">Bir yazar, gazeteci ve Doktrinin b\u00fcy\u00fck bir a\u00e7\u0131klay\u0131c\u0131s\u0131 olan Lima, Frans\u0131zca, ingilizce ve ispanyolca&#039;dan birka\u00e7 \u00e7eviriye ek olarak esp\u00edritas de\u011fil esp\u00edritas eserlerinden olu\u015fan geni\u015f bir bibliyografya yapt\u0131. Kitaplar\u0131 \u015funlar\u0131 i\u00e7erir: G\u00fczel, \u00c7i\u00e7ekler Fanadas ve Canto do Cisne (ayetler), Epopeia da Natureza (b\u00f6l\u00fcm lirik) Veya Cora\u00e7\u00e3o de Jesus (\u015fiir incili), Kurtulu\u015f Ha\u00e7\u0131, \u00fc\u00e7 romandan olu\u015fan: Bir Caminho do Abismo, Espinhos Yolu ve Estrada \u015eam (birbirini izleyen ya\u015famlar zinciri, ilahi Adaletle reenkarnasyonun vurgulanmas\u0131) ve ayr\u0131ca Uyurgezer ve \u0130sa&#039;n\u0131n Hayat\u0131.<\/p>\n\n\n\n<p class=\"has-black-color has-text-color has-link-color has-small-font-size wp-elements-83ced91f0f1d5ea40a0f6c8625fdf131\">En \u00e7ok talep edilen kat\u0131l\u0131mc\u0131lardan biri olarak d\u00f6nemin t\u00fcm bas\u0131n maneviyat\u00e7\u0131lar\u0131yla i\u015fbirli\u011fi yapt\u0131. Medyumlu\u011fa sahipti, sezgiseldi ve t\u00fcm kitaplar\u0131n\u0131n ilham i\u00e7in geldi\u011fini s\u00f6yledi; Ancak yazar\u0131 veya yazarlar\u0131 tan\u0131mlamak i\u00e7in de\u011fil, ruhani ve bununla t\u00fcm kitaplar\u0131n\u0131 imzalad\u0131.<\/p>\n\n\n\n<p class=\"has-black-color has-text-color has-link-color has-small-font-size wp-elements-9ac4e602a35ec49401586550efe90a1b\">Doktrinin safl\u0131\u011f\u0131n\u0131n sert savunucusu olan s\u00f6zleri, hem m\u00fcjde olarak doktrin konular\u0131nda sayg\u0131 ve hayranl\u0131kla dinlendi. Gen\u00e7 ya\u015flardan itibaren, Spirit\u00fcalizmin \u00e7e\u015fitli \u00e7al\u0131\u015fma cephelerinde yay\u0131lmas\u0131nda \u00f6nemli bir rol oynamak i\u00e7in \u0130sa&#039;n\u0131n hizmetine ger\u00e7ek bir ekiciydi. Tr\u00eas Rios, Te\u00f3filo Otoni, Astolfo Dutra, Bicas, Juiz de Fora ve di\u011ferleri \u015fehirleri, unutulmaz konferanslarda halka a\u00e7\u0131k konu\u015fmas\u0131n\u0131n tan\u0131klar\u0131yd\u0131.<\/p>\n\n\n\n<p class=\"has-black-color has-text-color has-link-color has-small-font-size wp-elements-ae8f1a32acc4cb1a5ecc9cd1fed19223\">Uzun y\u0131llar Belo Horizonte&#039;de ya\u015fad\u0131 ve burada topluluk ruh\u00e7usuna uzun bir hizmet sayfas\u0131 b\u0131rakt\u0131, aralar\u0131nda Minas Gerais Ruh\u00e7ular Birli\u011fi&#039;nin kurucular\u0131ndan ve ilk Ba\u015fkan\u0131yd\u0131 ve burada \u00e7al\u0131\u015fma lehine b\u00fcy\u00fck bir kampanya y\u00fcr\u00fctt\u00fc. \u00e7ok say\u0131da kay\u0131tl\u0131 ki\u015fiyi \u00e7eken bir \u00e7al\u0131\u015fma.<\/p>\n\n\n\n<p class=\"has-black-color has-text-color has-link-color has-small-font-size wp-elements-ae278467c24dd3e47f789d96b6f82f39\">Sonu\u00e7lar \u00e7ok umut vericiydi ve bu \u00f6\u011frenenlerin \u00e7o\u011fu Doktrinin ilk sat\u0131r\u0131na dahil edildi. Bu \u015fekilde Ant\u00f4nio Lima, nesline gazeteci, \u015fair, yazar olarak ve di\u011fer bir\u00e7ok \u00e7al\u0131\u015fma cephesinde Ruh\u00e7ulu\u011fa verilen de\u011ferli hizmetlerin bir kayd\u0131n\u0131 yapt\u0131. \u00d6zellikle \u00fc\u00e7\u00fcnc\u00fc biny\u0131l i\u00e7in zeminin haz\u0131rlanmas\u0131nda Mesih&#039;in bir \u00f6\u011frencisi olarak uzun bir ya\u015fam ve her \u015fekilde yard\u0131mc\u0131 olur.<\/p>\n\n\n\n<p class=\"has-black-color has-text-color has-link-color has-small-font-size wp-elements-00d2083e87cd5ae8b6b01d2e69e01a5f\">Federasyon ba\u015fkan\u0131 iken Dr. Bezerra de Menezes&#039;in savundu\u011fu Birle\u015fme hareketinin destek\u00e7ilerinden biriydi. Ruh\u00e7u Brezilya. 1922&#039;de, neredeyse t\u00fcm Federasyon Devletinin temsilcileri Rio de Janeiro&#039;da, yaln\u0131zca 1949&#039;da meyve veren Alt\u0131n Antla\u015fmas\u0131&#039;n\u0131n \u00f6ns\u00f6z\u00fcnde bir araya geldi.<\/p>\n\n\n\n<p class=\"has-black-color has-text-color has-link-color has-small-font-size wp-elements-053ab0a987b47d14831067c3acd7f2e4\">1940&#039;larda, Rio de Janeiro&#039;da ve hatta t\u00fcm Brezilya&#039;da geni\u015f tirajl\u0131 ve prestijli olan Vanguarda&#039;ya ge\u00e7 gazete, &#034;M\u00fczi\u011fin medyadaki etkisi esp\u00edritas&#034;konulu Spirit\u00fcalizmin \u00f6nde gelen isimleriyle bir dizi r\u00f6portaj yapt\u0131. \u00c1lvaro Brand\u00e3o da Rocha, Ant\u00f4nio Lima ile r\u00f6portaj yapt\u0131 ve \u015f\u00f6yle dedi: &#034;Bellini&#039;nin&#034; Cennetin m\u00fczi\u011finin D\u00fcnya m\u00fczi\u011fine k\u0131yasla bir y\u00fccelik oldu\u011funu &#034;s\u00f6yledi\u011fi Kardec Efendisi&#039;nin \u00d6l\u00fcm\u00fcnden Sonraki Eserlerinin sayfalar\u0131n\u0131 hepimiz biliyoruz ve Uyurgezerin ilham veren yazar\u0131 ekliyor:&#034; Bunu yapm\u0131yoruzg\u00fczel m\u00fczik-diyar bulamay\u0131n, \u00e7\u00fcnk\u00fc en g\u00fczel sesler veya enstr\u00fcmanlar, materyaller bize cennetin m\u00fczi\u011fi ve onun yumu\u015fak uyumu hakk\u0131nda bir fikir vermeyebilir&#034;&#034;.<\/p>\n\n\n\n<p class=\"has-black-color has-text-color has-link-color has-small-font-size wp-elements-44b1aa85b32efd8fd94d59fb114d8b72\">1944&#039;te, Bir \u00d6nc\u00fcn\u00fcn adresi taraf\u0131ndan usul\u00fcne uygun olarak yetkilendirilen profes\u00f6r Leopoldo Machado, Ant\u00f4nio Lima ile yap\u0131lan bir r\u00f6portaja ve Nova Igua\u00e7u&#039;nun yetim \u00e7ocuklar\u0131 i\u00e7in bir hay\u0131r kurumunun yarar\u0131na veya Lar de Jesus&#039;un yarar\u0131na Um Inqu\u00e9rito Original (Orijinal Ara\u015ft\u0131rma) adl\u0131 bir kitap yay\u0131nlad\u0131., RJ.<\/p>\n\n\n\n<p class=\"has-black-color has-text-color has-link-color has-small-font-size wp-elements-a6e21696f68f92949d1968cc93503df7\">Yakla\u015f\u0131k 80 y\u0131l ile Spirit\u00fcalizmin temel kitaplar\u0131n\u0131 k\u00fc\u00e7\u00fcltmek amac\u0131yla k\u0131saltmas\u0131 &#034;M\u00dcH\u00dcR&#034; olan Allan Kardec&#039;in Kitaplar\u0131n\u0131n Cemiyet Edit\u00f6rl\u00fc\u011f\u00fcn\u00fc kurma giri\u015fiminde bulundu. Biyografilerinden biri, Ant\u00f4nio Lima&#039;n\u0131n yaln\u0131zca okumay\u0131 \u00f6\u011frendi\u011fi i\u00e7in ger\u00e7ek bir kendi kendini yeti\u015ftirdi\u011fini belirtiyor.<\/p>\n\n\n\n<p class=\"has-black-color has-text-color has-link-color has-small-font-size wp-elements-665a586974ce384d60f66b2143db41e0\">Ant\u00f4nio Lima, 82 ya\u015f\u0131ndan sadece d\u00f6rt g\u00fcn \u00f6nce 26 mart 1946&#039;da Para\u00edba do Sul&#039;da \u00f6ld\u00fc. O \u015fehirde, bir otel odas\u0131nda tek ba\u015f\u0131na Maneviyata y\u00f6neldi\u011fi bir sezon ge\u00e7iriyordum.<\/p>\n\n\n\n<p class=\"has-black-color has-text-color has-link-color has-small-font-size wp-elements-11d5677d8f3675933029171dce81991f\">Hem bilime hem de dogmatik dinlere kar\u015f\u0131 Spirit\u00fcalizme kar\u015f\u0131 her t\u00fcrl\u00fc d\u00fc\u015fmanl\u0131kla kar\u015f\u0131 kar\u015f\u0131ya kalan kalibreli adamlar sayesinde bug\u00fcn Ruhlar Doktrinine ba\u015fka bir sayg\u0131 ve sempati atmosferi soluyabiliriz.<\/p>\n<\/div><\/div>\n\n\n\n<div class=\"wp-block-uagb-container uagb-block-c5301b95 alignfull uagb-is-root-container\"><div class=\"uagb-container-inner-blocks-wrap\"><\/div><\/div>\n\n\n\n<div class=\"wp-block-uagb-container uagb-block-37a6c433 alignfull uagb-is-root-container\"><div class=\"uagb-container-inner-blocks-wrap\"><\/div><\/div>","protected":false},"excerpt":{"rendered":"<p>Ant\u00f4nio Lima Ant\u00f4nio Lima naci\u00f3 en la antigua capital del Imperio, R\u00edo de Janeiro, el 30 de marzo de 1864. Fue uno de los pioneros del Espiritismo en R\u00edo de Janeiro, y no se sabe exactamente c\u00f3mo conoci\u00f3 la Doctrina. En 1904, la Federaci\u00f3n Esp\u00edrita Brasile\u00f1a (FEB) public\u00f3 los libros de la Codificaci\u00f3n traducidos por [&hellip;]<\/p>","protected":false},"author":1,"featured_media":3942,"parent":0,"menu_order":0,"comment_status":"closed","ping_status":"closed","template":"","meta":{"_uag_custom_page_level_css":"","site-sidebar-layout":"default","site-content-layout":"","ast-site-content-layout":"default","site-content-style":"default","site-sidebar-style":"default","ast-global-header-display":"","ast-banner-title-visibility":"","ast-main-header-display":"","ast-hfb-above-header-display":"","ast-hfb-below-header-display":"","ast-hfb-mobile-header-display":"","site-post-title":"","ast-breadcrumbs-content":"","ast-featured-img":"","footer-sml-layout":"","theme-transparent-header-meta":"","adv-header-id-meta":"","stick-header-meta":"","header-above-stick-meta":"","header-main-stick-meta":"","header-below-stick-meta":"","astra-migrate-meta-layouts":"set","ast-page-background-enabled":"default","ast-page-background-meta":{"desktop":{"background-color":"var(--ast-global-color-4)","background-image":"","background-repeat":"repeat","background-position":"center center","background-size":"auto","background-attachment":"scroll","background-type":"","background-media":"","overlay-type":"","overlay-color":"","overlay-opacity":"","overlay-gradient":""},"tablet":{"background-color":"","background-image":"","background-repeat":"repeat","background-position":"center center","background-size":"auto","background-attachment":"scroll","background-type":"","background-media":"","overlay-type":"","overlay-color":"","overlay-opacity":"","overlay-gradient":""},"mobile":{"background-color":"","background-image":"","background-repeat":"repeat","background-position":"center center","background-size":"auto","background-attachment":"scroll","background-type":"","background-media":"","overlay-type":"","overlay-color":"","overlay-opacity":"","overlay-gradient":""}},"ast-content-background-meta":{"desktop":{"background-color":"var(--ast-global-color-5)","background-image":"","background-repeat":"repeat","background-position":"center center","background-size":"auto","background-attachment":"scroll","background-type":"","background-media":"","overlay-type":"","overlay-color":"","overlay-opacity":"","overlay-gradient":""},"tablet":{"background-color":"var(--ast-global-color-5)","background-image":"","background-repeat":"repeat","background-position":"center center","background-size":"auto","background-attachment":"scroll","background-type":"","background-media":"","overlay-type":"","overlay-color":"","overlay-opacity":"","overlay-gradient":""},"mobile":{"background-color":"var(--ast-global-color-5)","background-image":"","background-repeat":"repeat","background-position":"center center","background-size":"auto","background-attachment":"scroll","background-type":"","background-media":"","overlay-type":"","overlay-color":"","overlay-opacity":"","overlay-gradient":""}},"footnotes":""},"class_list":["post-3940","page","type-page","status-publish","has-post-thumbnail","hentry"],"yoast_head":"<!-- This site is optimized with the Yoast SEO Premium plugin v24.2 (Yoast SEO v24.6) - https:\/\/yoast.com\/wordpress\/plugins\/seo\/ -->\n<title>Ant\u00f4nio Lima - Uni\u00f3n Esp\u00edrita<\/title>\n<meta name=\"robots\" content=\"index, follow, max-snippet:-1, max-image-preview:large, max-video-preview:-1\" \/>\n<link rel=\"canonical\" href=\"https:\/\/nuevo-renacer.com\/tr\/antonio-lima\/\" \/>\n<meta property=\"og:locale\" content=\"tr_TR\" \/>\n<meta property=\"og:type\" content=\"article\" \/>\n<meta property=\"og:title\" content=\"Ant\u00f4nio Lima\" \/>\n<meta property=\"og:description\" content=\"Ant\u00f4nio Lima Ant\u00f4nio Lima naci\u00f3 en la antigua capital del Imperio, R\u00edo de Janeiro, el 30 de marzo de 1864. Fue uno de los pioneros del Espiritismo en R\u00edo de Janeiro, y no se sabe exactamente c\u00f3mo conoci\u00f3 la Doctrina. En 1904, la Federaci\u00f3n Esp\u00edrita Brasile\u00f1a (FEB) public\u00f3 los libros de la Codificaci\u00f3n traducidos por [&hellip;]\" \/>\n<meta property=\"og:url\" content=\"https:\/\/nuevo-renacer.com\/tr\/antonio-lima\/\" \/>\n<meta property=\"og:site_name\" content=\"Uni\u00f3n Esp\u00edrita\" \/>\n<meta property=\"article:publisher\" content=\"https:\/\/www.facebook.com\/groups\/3431398063740829\" \/>\n<meta property=\"article:modified_time\" content=\"2024-12-17T10:37:59+00:00\" \/>\n<meta property=\"og:image\" content=\"https:\/\/nuevo-renacer.com\/wp-content\/uploads\/2024\/07\/antonio.jpg\" \/>\n\t<meta property=\"og:image:width\" content=\"400\" \/>\n\t<meta property=\"og:image:height\" content=\"576\" \/>\n\t<meta property=\"og:image:type\" content=\"image\/jpeg\" \/>\n<meta name=\"twitter:card\" content=\"summary_large_image\" \/>\n<meta name=\"twitter:label1\" content=\"Tahmini okuma s\u00fcresi\" \/>\n\t<meta name=\"twitter:data1\" content=\"4 dakika\" \/>\n<script type=\"application\/ld+json\" class=\"yoast-schema-graph\">{\"@context\":\"https:\/\/schema.org\",\"@graph\":[{\"@type\":\"WebPage\",\"@id\":\"https:\/\/nuevo-renacer.com\/antonio-lima\/\",\"url\":\"https:\/\/nuevo-renacer.com\/antonio-lima\/\",\"name\":\"Ant\u00f4nio Lima - Uni\u00f3n Esp\u00edrita\",\"isPartOf\":{\"@id\":\"https:\/\/nuevo-renacer.com\/#website\"},\"primaryImageOfPage\":{\"@id\":\"https:\/\/nuevo-renacer.com\/antonio-lima\/#primaryimage\"},\"image\":{\"@id\":\"https:\/\/nuevo-renacer.com\/antonio-lima\/#primaryimage\"},\"thumbnailUrl\":\"https:\/\/nuevo-renacer.com\/wp-content\/uploads\/2024\/07\/antonio.jpg\",\"datePublished\":\"2024-07-17T08:54:03+00:00\",\"dateModified\":\"2024-12-17T10:37:59+00:00\",\"breadcrumb\":{\"@id\":\"https:\/\/nuevo-renacer.com\/antonio-lima\/#breadcrumb\"},\"inLanguage\":\"tr\",\"potentialAction\":[{\"@type\":\"ReadAction\",\"target\":[\"https:\/\/nuevo-renacer.com\/antonio-lima\/\"]}]},{\"@type\":\"ImageObject\",\"inLanguage\":\"tr\",\"@id\":\"https:\/\/nuevo-renacer.com\/antonio-lima\/#primaryimage\",\"url\":\"https:\/\/nuevo-renacer.com\/wp-content\/uploads\/2024\/07\/antonio.jpg\",\"contentUrl\":\"https:\/\/nuevo-renacer.com\/wp-content\/uploads\/2024\/07\/antonio.jpg\",\"width\":400,\"height\":576},{\"@type\":\"BreadcrumbList\",\"@id\":\"https:\/\/nuevo-renacer.com\/antonio-lima\/#breadcrumb\",\"itemListElement\":[{\"@type\":\"ListItem\",\"position\":1,\"name\":\"Startseite\",\"item\":\"https:\/\/nuevo-renacer.com\/\"},{\"@type\":\"ListItem\",\"position\":2,\"name\":\"Ant\u00f4nio Lima\"}]},{\"@type\":\"WebSite\",\"@id\":\"https:\/\/nuevo-renacer.com\/#website\",\"url\":\"https:\/\/nuevo-renacer.com\/\",\"name\":\"Uni\u00f3n Esp\u00edrita\",\"description\":\"Nuevo Renacer\",\"publisher\":{\"@id\":\"https:\/\/nuevo-renacer.com\/#organization\"},\"potentialAction\":[{\"@type\":\"SearchAction\",\"target\":{\"@type\":\"EntryPoint\",\"urlTemplate\":\"https:\/\/nuevo-renacer.com\/?s={search_term_string}\"},\"query-input\":{\"@type\":\"PropertyValueSpecification\",\"valueRequired\":true,\"valueName\":\"search_term_string\"}}],\"inLanguage\":\"tr\"},{\"@type\":\"Organization\",\"@id\":\"https:\/\/nuevo-renacer.com\/#organization\",\"name\":\"UFEC\",\"url\":\"https:\/\/nuevo-renacer.com\/\",\"logo\":{\"@type\":\"ImageObject\",\"inLanguage\":\"tr\",\"@id\":\"https:\/\/nuevo-renacer.com\/#\/schema\/logo\/image\/\",\"url\":\"https:\/\/nuevo-renacer.com\/wp-content\/uploads\/2024\/05\/cropped-LOGO-TERMINADO1-3-3.png\",\"contentUrl\":\"https:\/\/nuevo-renacer.com\/wp-content\/uploads\/2024\/05\/cropped-LOGO-TERMINADO1-3-3.png\",\"width\":512,\"height\":512,\"caption\":\"UFEC\"},\"image\":{\"@id\":\"https:\/\/nuevo-renacer.com\/#\/schema\/logo\/image\/\"},\"sameAs\":[\"https:\/\/www.facebook.com\/groups\/3431398063740829\"]}]}<\/script>\n<!-- \/ Yoast SEO Premium plugin. -->","yoast_head_json":{"title":"Ant\u00f4nio Lima - Uni\u00f3n Esp\u00edrita","robots":{"index":"index","follow":"follow","max-snippet":"max-snippet:-1","max-image-preview":"max-image-preview:large","max-video-preview":"max-video-preview:-1"},"canonical":"https:\/\/nuevo-renacer.com\/tr\/antonio-lima\/","og_locale":"tr_TR","og_type":"article","og_title":"Ant\u00f4nio Lima","og_description":"Ant\u00f4nio Lima Ant\u00f4nio Lima naci\u00f3 en la antigua capital del Imperio, R\u00edo de Janeiro, el 30 de marzo de 1864. Fue uno de los pioneros del Espiritismo en R\u00edo de Janeiro, y no se sabe exactamente c\u00f3mo conoci\u00f3 la Doctrina. En 1904, la Federaci\u00f3n Esp\u00edrita Brasile\u00f1a (FEB) public\u00f3 los libros de la Codificaci\u00f3n traducidos por [&hellip;]","og_url":"https:\/\/nuevo-renacer.com\/tr\/antonio-lima\/","og_site_name":"Uni\u00f3n Esp\u00edrita","article_publisher":"https:\/\/www.facebook.com\/groups\/3431398063740829","article_modified_time":"2024-12-17T10:37:59+00:00","og_image":[{"width":400,"height":576,"url":"https:\/\/nuevo-renacer.com\/wp-content\/uploads\/2024\/07\/antonio.jpg","type":"image\/jpeg"}],"twitter_card":"summary_large_image","twitter_misc":{"Tahmini okuma s\u00fcresi":"4 dakika"},"schema":{"@context":"https:\/\/schema.org","@graph":[{"@type":"WebPage","@id":"https:\/\/nuevo-renacer.com\/antonio-lima\/","url":"https:\/\/nuevo-renacer.com\/antonio-lima\/","name":"Ant\u00f4nio Lima - Uni\u00f3n Esp\u00edrita","isPartOf":{"@id":"https:\/\/nuevo-renacer.com\/#website"},"primaryImageOfPage":{"@id":"https:\/\/nuevo-renacer.com\/antonio-lima\/#primaryimage"},"image":{"@id":"https:\/\/nuevo-renacer.com\/antonio-lima\/#primaryimage"},"thumbnailUrl":"https:\/\/nuevo-renacer.com\/wp-content\/uploads\/2024\/07\/antonio.jpg","datePublished":"2024-07-17T08:54:03+00:00","dateModified":"2024-12-17T10:37:59+00:00","breadcrumb":{"@id":"https:\/\/nuevo-renacer.com\/antonio-lima\/#breadcrumb"},"inLanguage":"tr","potentialAction":[{"@type":"ReadAction","target":["https:\/\/nuevo-renacer.com\/antonio-lima\/"]}]},{"@type":"ImageObject","inLanguage":"tr","@id":"https:\/\/nuevo-renacer.com\/antonio-lima\/#primaryimage","url":"https:\/\/nuevo-renacer.com\/wp-content\/uploads\/2024\/07\/antonio.jpg","contentUrl":"https:\/\/nuevo-renacer.com\/wp-content\/uploads\/2024\/07\/antonio.jpg","width":400,"height":576},{"@type":"BreadcrumbList","@id":"https:\/\/nuevo-renacer.com\/antonio-lima\/#breadcrumb","itemListElement":[{"@type":"ListItem","position":1,"name":"Startseite","item":"https:\/\/nuevo-renacer.com\/"},{"@type":"ListItem","position":2,"name":"Ant\u00f4nio Lima"}]},{"@type":"WebSite","@id":"https:\/\/nuevo-renacer.com\/#website","url":"https:\/\/nuevo-renacer.com\/","name":"Uni\u00f3n Esp\u00edrita","description":"Nuevo Renacer","publisher":{"@id":"https:\/\/nuevo-renacer.com\/#organization"},"potentialAction":[{"@type":"SearchAction","target":{"@type":"EntryPoint","urlTemplate":"https:\/\/nuevo-renacer.com\/?s={search_term_string}"},"query-input":{"@type":"PropertyValueSpecification","valueRequired":true,"valueName":"search_term_string"}}],"inLanguage":"tr"},{"@type":"Organization","@id":"https:\/\/nuevo-renacer.com\/#organization","name":"UFEC","url":"https:\/\/nuevo-renacer.com\/","logo":{"@type":"ImageObject","inLanguage":"tr","@id":"https:\/\/nuevo-renacer.com\/#\/schema\/logo\/image\/","url":"https:\/\/nuevo-renacer.com\/wp-content\/uploads\/2024\/05\/cropped-LOGO-TERMINADO1-3-3.png","contentUrl":"https:\/\/nuevo-renacer.com\/wp-content\/uploads\/2024\/05\/cropped-LOGO-TERMINADO1-3-3.png","width":512,"height":512,"caption":"UFEC"},"image":{"@id":"https:\/\/nuevo-renacer.com\/#\/schema\/logo\/image\/"},"sameAs":["https:\/\/www.facebook.com\/groups\/3431398063740829"]}]}},"uagb_featured_image_src":{"full":["https:\/\/nuevo-renacer.com\/wp-content\/uploads\/2024\/07\/antonio.jpg",400,576,false],"thumbnail":["https:\/\/nuevo-renacer.com\/wp-content\/uploads\/2024\/07\/antonio-150x150.jpg",150,150,true],"medium":["https:\/\/nuevo-renacer.com\/wp-content\/uploads\/2024\/07\/antonio-208x300.jpg",208,300,true],"medium_large":["https:\/\/nuevo-renacer.com\/wp-content\/uploads\/2024\/07\/antonio.jpg",400,576,false],"large":["https:\/\/nuevo-renacer.com\/wp-content\/uploads\/2024\/07\/antonio.jpg",400,576,false],"1536x1536":["https:\/\/nuevo-renacer.com\/wp-content\/uploads\/2024\/07\/antonio.jpg",400,576,false],"2048x2048":["https:\/\/nuevo-renacer.com\/wp-content\/uploads\/2024\/07\/antonio.jpg",400,576,false],"trp-custom-language-flag":["https:\/\/nuevo-renacer.com\/wp-content\/uploads\/2024\/07\/antonio-8x12.jpg",8,12,true]},"uagb_author_info":{"display_name":"adbv0","author_link":"https:\/\/nuevo-renacer.com\/tr\/author\/adbv0\/"},"uagb_comment_info":0,"uagb_excerpt":"Ant\u00f4nio Lima Ant\u00f4nio Lima naci\u00f3 en la antigua capital del Imperio, R\u00edo de Janeiro, el 30 de marzo de 1864. Fue uno de los pioneros del Espiritismo en R\u00edo de Janeiro, y no se sabe exactamente c\u00f3mo conoci\u00f3 la Doctrina. En 1904, la Federaci\u00f3n Esp\u00edrita Brasile\u00f1a (FEB) public\u00f3 los libros de la Codificaci\u00f3n traducidos por&hellip;","jetpack_sharing_enabled":true,"_links":{"self":[{"href":"https:\/\/nuevo-renacer.com\/tr\/wp-json\/wp\/v2\/pages\/3940","targetHints":{"allow":["GET"]}}],"collection":[{"href":"https:\/\/nuevo-renacer.com\/tr\/wp-json\/wp\/v2\/pages"}],"about":[{"href":"https:\/\/nuevo-renacer.com\/tr\/wp-json\/wp\/v2\/types\/page"}],"author":[{"embeddable":true,"href":"https:\/\/nuevo-renacer.com\/tr\/wp-json\/wp\/v2\/users\/1"}],"replies":[{"embeddable":true,"href":"https:\/\/nuevo-renacer.com\/tr\/wp-json\/wp\/v2\/comments?post=3940"}],"version-history":[{"count":3,"href":"https:\/\/nuevo-renacer.com\/tr\/wp-json\/wp\/v2\/pages\/3940\/revisions"}],"predecessor-version":[{"id":6547,"href":"https:\/\/nuevo-renacer.com\/tr\/wp-json\/wp\/v2\/pages\/3940\/revisions\/6547"}],"wp:featuredmedia":[{"embeddable":true,"href":"https:\/\/nuevo-renacer.com\/tr\/wp-json\/wp\/v2\/media\/3942"}],"wp:attachment":[{"href":"https:\/\/nuevo-renacer.com\/tr\/wp-json\/wp\/v2\/media?parent=3940"}],"curies":[{"name":"wp","href":"https:\/\/api.w.org\/{rel}","templated":true}]}}