{"id":3928,"date":"2024-07-17T08:15:01","date_gmt":"2024-07-17T08:15:01","guid":{"rendered":"https:\/\/ufec-mundial.com\/?page_id=3928"},"modified":"2024-07-17T08:15:05","modified_gmt":"2024-07-17T08:15:05","slug":"amelia-rodrigues","status":"publish","type":"page","link":"https:\/\/nuevo-renacer.com\/tr\/amelia-rodrigues\/","title":{"rendered":"Am\u00e9lia Rodrigues"},"content":{"rendered":"<div class=\"wp-block-uagb-container uagb-block-a180046c alignfull uagb-is-root-container\"><div class=\"uagb-container-inner-blocks-wrap\">\n<p class=\"has-medium-font-size\"><strong>Am\u00e9lia Rodrigues<\/strong><\/p>\n<\/div><\/div>\n\n\n\n<div class=\"wp-block-uagb-container uagb-block-ff4656c6 alignfull uagb-is-root-container\"><div class=\"uagb-container-inner-blocks-wrap\">\n<figure class=\"wp-block-image size-full is-resized\"><img fetchpriority=\"high\" decoding=\"async\" width=\"500\" height=\"708\" src=\"https:\/\/ufec-mundial.com\/wp-content\/uploads\/2024\/07\/foto_amelia.jpg\" alt=\"\" class=\"wp-image-3930\" style=\"width:253px;height:auto\" srcset=\"https:\/\/nuevo-renacer.com\/wp-content\/uploads\/2024\/07\/foto_amelia.jpg 500w, https:\/\/nuevo-renacer.com\/wp-content\/uploads\/2024\/07\/foto_amelia-212x300.jpg 212w, https:\/\/nuevo-renacer.com\/wp-content\/uploads\/2024\/07\/foto_amelia-8x12.jpg 8w\" sizes=\"(max-width: 500px) 100vw, 500px\" \/><\/figure>\n<\/div><\/div>\n\n\n\n<div class=\"wp-block-uagb-container uagb-block-4b0a6c6a alignfull uagb-is-root-container\"><div class=\"uagb-container-inner-blocks-wrap\">\n<p class=\"has-black-color has-text-color has-link-color has-small-font-size wp-elements-b5fcdfa9c71f33b14813c0db3a8236b6\">Am\u00e9lia Augusta do Sacramento Rodrigues, 26 May\u0131s 1861&#039;de Bahia eyaletinin Santo Amaro da Purifica\u00e7\u00e3o belediyesine ba\u011fl\u0131 Oliveira dos Campinhos mahallesinde bulunan Fazenda Fields&#039;ta do\u011fdu. Felix Rodrigues ve do\u00f1a Maria Raquelina Rodrigues&#039;in k\u0131z\u0131, \u00e7ocukluktan itibaren 12 ya\u015f\u0131nda \u015fiir yazmaya ba\u015flayan y\u00fcksek bir manevi durum g\u00f6sterdi.<\/p>\n\n\n\n<p class=\"has-black-color has-text-color has-link-color has-small-font-size wp-elements-da12c4fcab1d5d83057709500f41f396\">Kanon Alexandrino do Prado ile \u00e7al\u0131\u015ft\u0131 ve profes\u00f6rler Ant\u00f4nio de Ara\u00fajo Gomes de S\u00e1 ve Manuel Rodrigues M. de Almeida&#039;n\u0131n \u00f6\u011frencisiydi. \u00d6\u011fretme mesle\u011fi do\u011fu\u015ftan geliyordu. Profes\u00f6r Candida Alvares dos Santos&#039;un okuluna kaydoldu ve Arraial da Lapa&#039;da ders vermeye ba\u015flad\u0131.<\/p>\n\n\n\n<p class=\"has-black-color has-text-color has-link-color has-small-font-size wp-elements-6dfafabafa4f18973f99a416d05e7489\">Birka\u00e7 y\u0131l sonra Santo Amaro da Purifica\u00e7\u00e3o&#039;da bir plaza talep etti. Ba\u015far\u0131l\u0131 oldu ve sekiz y\u0131l \u00fcst \u00fcste orada ders verdi. 1891&#039;de pedagojik yetene\u011fi ve e\u011fitim nedenine olan sevgisi sayesinde Salvador&#039;a ta\u015f\u0131nd\u0131 ve Okulun Merkezi mahallesi Santo Ant\u00f4nio&#039;ya g\u00f6nderildi.<\/p>\n\n\n\n<p class=\"has-black-color has-text-color has-link-color has-small-font-size wp-elements-acce882e50dc1ecd23561d145673aaf5\">1905&#039;te, hala gen\u00e7 olan \u00f6\u011frencilerinden biri, filozof Spencer&#039;\u0131n sistemini kullanarak ingilizce \u00f6\u011fretmek \u00fczere se\u00e7ildi. Am\u00e9lia Rodrigues sadece filozofun d\u00fc\u015f\u00fcncesini anlamas\u0131na yard\u0131mc\u0131 olmakla kalmad\u0131, ayn\u0131 zamanda \u00f6\u011frenmelerini de tamamlad\u0131. Dedi ki: &#034;Sosyal disiplinin temel ilkesi olan ahlak e\u011fitimine muhta\u00e7 gen\u00e7ler; kalbe hitap etmeden e\u011fitmek, insanda toplumsal d\u00fczenin daha dayan\u0131kl\u0131 g\u00fc\u00e7lerini olu\u015fturmakt\u0131r.&#034;<\/p>\n\n\n\n<p class=\"has-black-color has-text-color has-link-color has-small-font-size wp-elements-ff0861bf0f8cfdc4edff976834c58410\">Am\u00e9lia Rodrigues&#039;in d\u00fc\u015f\u00fcncesi, Ruh\u00e7ulu\u011fa g\u00f6re \u0130ncil&#039;deki F\u00e9nelon&#039;unkiyle \u00f6rt\u00fc\u015f\u00fcr: &#034;E\u011fitmek, kad\u0131n ve erkekleri sadece onlara talimat vermeleri i\u00e7in e\u011fitmektir&#034;. Ola\u011fan\u00fcst\u00fc \u00f6\u011fretmen, ayn\u0131 zamanda, kutsanm\u0131\u015f yazar ve tiyatronun yan\u0131 s\u0131ra, yani K\u00f6rfez Mektuplar\u0131n\u0131n me\u015fru \u00fcs k\u00fclt\u00fcr\u00fcne ek olarak, onursal bir \u015fairdi. Yazd\u0131\u011f\u0131 oyunlar aras\u0131nda &#034;\u015eansl\u0131&#034; ve &#034;Do\u011fu\u015f&#034;yer al\u0131yor. Ayr\u0131ca \u00e7ocuk edebiyat\u0131, \u00f6\u011fretmenlik ve roman eserleri yazd\u0131.<\/p>\n\n\n\n<p class=\"has-black-color has-text-color has-link-color has-small-font-size wp-elements-e1ff88375c7faa9a100d89886f505475\">Emekli olunca dinlenmek i\u00e7in m\u00fccadele etti. \u00d6\u011fretme ideali hala hayattayd\u0131. Enerjisini geri kazand\u0131ktan sonra, daha da belirgin bir \u015fekilde \u00f6\u011fretime geri d\u00f6nd\u00fc ve daha sonra &#034;Eylem seti&#034;olacak olan H\u0131ristiyanlar\u0131n Meryem Ana Yard\u0131m Enstit\u00fcs\u00fc&#039;n\u00fc kurdu.<\/p>\n\n\n\n<p class=\"has-black-color has-text-color has-link-color has-small-font-size wp-elements-4fe3ed9fa0b265721c70ab0b074c1b93\">\u0130deolojisini a\u00e7\u0131k\u00e7a g\u00f6stermenin yan\u0131 s\u0131ra k\u00f6lelik kar\u015f\u0131t\u0131, mevcut zamandan yararlanarak kendini edebiyata ve gazetecili\u011fe adad\u0131, aralar\u0131nda &#034;O Mensageiro da F\u00e9&#034;nin de bulundu\u011fu dini yay\u0131nlarda \u00e7al\u0131\u015ft\u0131. Sonra Paladina dergisinde ve daha sonra the Voice&#039;da.<\/p>\n\n\n\n<p class=\"has-black-color has-text-color has-link-color has-small-font-size wp-elements-b85cf98a0b79ed9a0b0fe9e19c8c9f9f\">Am\u00e9lia Rodrigues desencarn\u00f3 22 A\u011fustos 1926&#039;da 65 ya\u015f\u0131nda Salvador&#039;da, hem E\u011fitimde hem de Edebiyatta ve Sosyal Yard\u0131mda benzersiz sanat eserlerine damgas\u0131n\u0131 vurdu.<\/p>\n\n\n\n<p class=\"has-black-color has-text-color has-link-color has-small-font-size wp-elements-93c4bbd0d92320c24f51eed143f3b89c\">Manevi D\u00fczlemde, enkarne oldu\u011fu zaman eserleri i\u00e7in ilham kayna\u011f\u0131 olan \u0130sa \u0130ncili&#039;ne dayanarak ayd\u0131nlat\u0131c\u0131 ve e\u011fitici \u00e7al\u0131\u015fmalar\u0131na devam etti. Maneviyatta bulunur-sonsuz \u00f6l\u00fcms\u00fczl\u00fc\u011f\u00fcn hasad\u0131-ruhunuza en b\u00fcy\u00fck geni\u015fleme, bilgiye susam\u0131\u015f ve sevgiye a\u00e7, en asil arzular\u0131n\u0131 serbest b\u0131rak\u0131r.<\/p>\n\n\n\n<p class=\"has-black-color has-text-color has-link-color has-small-font-size wp-elements-882663872711125ce1ffbdd8c7ec926b\">\u0130sa&#039;n\u0131n mesaj\u0131nda derinle\u015fti ve \u015fu anda ak\u0131l hocas\u0131 Joanna de Angelis&#039;in falanks\u0131n\u0131n bir \u00fcyesi Divaldo Pereira Franco. \u00d6zverili ortam\u0131n psikografileri arac\u0131l\u0131\u011f\u0131yla, \u00f6rne\u011fin M\u00fcjde&#039;nin en \u00e7e\u015fitli konular\u0131n\u0131-en sevdi\u011fi konuyu-ele alan, yorgun ve bunalm\u0131\u015f, rehberli\u011fe ihtiyac\u0131 olanlara \u00f6\u011fretici dersler \u00e7\u0131karan bir g\u00fczelli\u011fin bir\u00e7ok sayfas\u0131n\u0131 sa\u011flad\u0131.ve rahatl\u0131k.<\/p>\n\n\n\n<p class=\"has-black-color has-text-color has-link-color has-small-font-size wp-elements-ba27b46bc42d2c36af0979233543d501\">Am\u00e9lia Rodrigues, Divaldo&#039;nun psikografisi arac\u0131l\u0131\u011f\u0131yla \u015fu eserleri getirdi: Zaman\u0131n sonuna kadar; Yolda \u00e7i\u00e7ekler var; d\u00fcnyan\u0131n \u0131\u015f\u0131\u011f\u0131; Ekici (\u00e7ocuklar i\u00e7in); \u0130sa&#039;n\u0131n yollar\u0131 i\u00e7in; Krall\u0131\u011f\u0131n ilk meyveleri; Bahar dola\u015ft\u0131\u011f\u0131nda ve Bu\u011fday Tanr\u0131m.<\/p>\n<\/div><\/div>","protected":false},"excerpt":{"rendered":"<p>Am\u00e9lia Rodrigues Am\u00e9lia Augusta do Sacramento Rodrigues naci\u00f3 el 26 de mayo de 1861 en Fazenda Campos, situada en la parroquia de Oliveira dos Campinhos, en el municipio de Santo Amaro da Purifica\u00e7\u00e3o, en el estado de Bah\u00eda. Hija de F\u00e9lix Rodrigues y de do\u00f1a Maria Raquelina Rodrigues, ya desde la infancia mostr\u00f3 una elevada [&hellip;]<\/p>","protected":false},"author":1,"featured_media":3930,"parent":0,"menu_order":0,"comment_status":"closed","ping_status":"closed","template":"","meta":{"_uag_custom_page_level_css":"","site-sidebar-layout":"default","site-content-layout":"","ast-site-content-layout":"default","site-content-style":"default","site-sidebar-style":"default","ast-global-header-display":"","ast-banner-title-visibility":"","ast-main-header-display":"","ast-hfb-above-header-display":"","ast-hfb-below-header-display":"","ast-hfb-mobile-header-display":"","site-post-title":"","ast-breadcrumbs-content":"","ast-featured-img":"","footer-sml-layout":"","theme-transparent-header-meta":"","adv-header-id-meta":"","stick-header-meta":"","header-above-stick-meta":"","header-main-stick-meta":"","header-below-stick-meta":"","astra-migrate-meta-layouts":"set","ast-page-background-enabled":"default","ast-page-background-meta":{"desktop":{"background-color":"var(--ast-global-color-4)","background-image":"","background-repeat":"repeat","background-position":"center center","background-size":"auto","background-attachment":"scroll","background-type":"","background-media":"","overlay-type":"","overlay-color":"","overlay-opacity":"","overlay-gradient":""},"tablet":{"background-color":"","background-image":"","background-repeat":"repeat","background-position":"center center","background-size":"auto","background-attachment":"scroll","background-type":"","background-media":"","overlay-type":"","overlay-color":"","overlay-opacity":"","overlay-gradient":""},"mobile":{"background-color":"","background-image":"","background-repeat":"repeat","background-position":"center center","background-size":"auto","background-attachment":"scroll","background-type":"","background-media":"","overlay-type":"","overlay-color":"","overlay-opacity":"","overlay-gradient":""}},"ast-content-background-meta":{"desktop":{"background-color":"var(--ast-global-color-5)","background-image":"","background-repeat":"repeat","background-position":"center center","background-size":"auto","background-attachment":"scroll","background-type":"","background-media":"","overlay-type":"","overlay-color":"","overlay-opacity":"","overlay-gradient":""},"tablet":{"background-color":"var(--ast-global-color-5)","background-image":"","background-repeat":"repeat","background-position":"center center","background-size":"auto","background-attachment":"scroll","background-type":"","background-media":"","overlay-type":"","overlay-color":"","overlay-opacity":"","overlay-gradient":""},"mobile":{"background-color":"var(--ast-global-color-5)","background-image":"","background-repeat":"repeat","background-position":"center center","background-size":"auto","background-attachment":"scroll","background-type":"","background-media":"","overlay-type":"","overlay-color":"","overlay-opacity":"","overlay-gradient":""}},"footnotes":""},"class_list":["post-3928","page","type-page","status-publish","has-post-thumbnail","hentry"],"yoast_head":"<!-- This site is optimized with the Yoast SEO Premium plugin v24.2 (Yoast SEO v24.6) - https:\/\/yoast.com\/wordpress\/plugins\/seo\/ -->\n<title>Am\u00e9lia Rodrigues - Uni\u00f3n Esp\u00edrita<\/title>\n<meta name=\"robots\" content=\"index, follow, max-snippet:-1, max-image-preview:large, max-video-preview:-1\" \/>\n<link rel=\"canonical\" href=\"https:\/\/nuevo-renacer.com\/tr\/amelia-rodrigues\/\" \/>\n<meta property=\"og:locale\" content=\"tr_TR\" \/>\n<meta property=\"og:type\" content=\"article\" \/>\n<meta property=\"og:title\" content=\"Am\u00e9lia Rodrigues\" \/>\n<meta property=\"og:description\" content=\"Am\u00e9lia Rodrigues Am\u00e9lia Augusta do Sacramento Rodrigues naci\u00f3 el 26 de mayo de 1861 en Fazenda Campos, situada en la parroquia de Oliveira dos Campinhos, en el municipio de Santo Amaro da Purifica\u00e7\u00e3o, en el estado de Bah\u00eda. Hija de F\u00e9lix Rodrigues y de do\u00f1a Maria Raquelina Rodrigues, ya desde la infancia mostr\u00f3 una elevada [&hellip;]\" \/>\n<meta property=\"og:url\" content=\"https:\/\/nuevo-renacer.com\/tr\/amelia-rodrigues\/\" \/>\n<meta property=\"og:site_name\" content=\"Uni\u00f3n Esp\u00edrita\" \/>\n<meta property=\"article:publisher\" content=\"https:\/\/www.facebook.com\/groups\/3431398063740829\" \/>\n<meta property=\"article:modified_time\" content=\"2024-07-17T08:15:05+00:00\" \/>\n<meta property=\"og:image\" content=\"https:\/\/nuevo-renacer.com\/wp-content\/uploads\/2024\/07\/foto_amelia.jpg\" \/>\n\t<meta property=\"og:image:width\" content=\"500\" \/>\n\t<meta property=\"og:image:height\" content=\"708\" \/>\n\t<meta property=\"og:image:type\" content=\"image\/jpeg\" \/>\n<meta name=\"twitter:card\" content=\"summary_large_image\" \/>\n<meta name=\"twitter:label1\" content=\"Tahmini okuma s\u00fcresi\" \/>\n\t<meta name=\"twitter:data1\" content=\"3 dakika\" \/>\n<script type=\"application\/ld+json\" class=\"yoast-schema-graph\">{\"@context\":\"https:\/\/schema.org\",\"@graph\":[{\"@type\":\"WebPage\",\"@id\":\"https:\/\/nuevo-renacer.com\/de\/amelia-rodrigues\/\",\"url\":\"https:\/\/nuevo-renacer.com\/de\/amelia-rodrigues\/\",\"name\":\"Am\u00e9lia Rodrigues - Uni\u00f3n Esp\u00edrita\",\"isPartOf\":{\"@id\":\"https:\/\/nuevo-renacer.com\/#website\"},\"primaryImageOfPage\":{\"@id\":\"https:\/\/nuevo-renacer.com\/de\/amelia-rodrigues\/#primaryimage\"},\"image\":{\"@id\":\"https:\/\/nuevo-renacer.com\/de\/amelia-rodrigues\/#primaryimage\"},\"thumbnailUrl\":\"https:\/\/nuevo-renacer.com\/wp-content\/uploads\/2024\/07\/foto_amelia.jpg\",\"datePublished\":\"2024-07-17T08:15:01+00:00\",\"dateModified\":\"2024-07-17T08:15:05+00:00\",\"breadcrumb\":{\"@id\":\"https:\/\/nuevo-renacer.com\/de\/amelia-rodrigues\/#breadcrumb\"},\"inLanguage\":\"tr\",\"potentialAction\":[{\"@type\":\"ReadAction\",\"target\":[\"https:\/\/nuevo-renacer.com\/de\/amelia-rodrigues\/\"]}]},{\"@type\":\"ImageObject\",\"inLanguage\":\"tr\",\"@id\":\"https:\/\/nuevo-renacer.com\/de\/amelia-rodrigues\/#primaryimage\",\"url\":\"https:\/\/nuevo-renacer.com\/wp-content\/uploads\/2024\/07\/foto_amelia.jpg\",\"contentUrl\":\"https:\/\/nuevo-renacer.com\/wp-content\/uploads\/2024\/07\/foto_amelia.jpg\",\"width\":500,\"height\":708},{\"@type\":\"BreadcrumbList\",\"@id\":\"https:\/\/nuevo-renacer.com\/de\/amelia-rodrigues\/#breadcrumb\",\"itemListElement\":[{\"@type\":\"ListItem\",\"position\":1,\"name\":\"Startseite\",\"item\":\"https:\/\/nuevo-renacer.com\/\"},{\"@type\":\"ListItem\",\"position\":2,\"name\":\"Am\u00e9lia Rodrigues\"}]},{\"@type\":\"WebSite\",\"@id\":\"https:\/\/nuevo-renacer.com\/#website\",\"url\":\"https:\/\/nuevo-renacer.com\/\",\"name\":\"Uni\u00f3n Esp\u00edrita\",\"description\":\"Nuevo Renacer\",\"publisher\":{\"@id\":\"https:\/\/nuevo-renacer.com\/#organization\"},\"potentialAction\":[{\"@type\":\"SearchAction\",\"target\":{\"@type\":\"EntryPoint\",\"urlTemplate\":\"https:\/\/nuevo-renacer.com\/?s={search_term_string}\"},\"query-input\":{\"@type\":\"PropertyValueSpecification\",\"valueRequired\":true,\"valueName\":\"search_term_string\"}}],\"inLanguage\":\"tr\"},{\"@type\":\"Organization\",\"@id\":\"https:\/\/nuevo-renacer.com\/#organization\",\"name\":\"UFEC\",\"url\":\"https:\/\/nuevo-renacer.com\/\",\"logo\":{\"@type\":\"ImageObject\",\"inLanguage\":\"tr\",\"@id\":\"https:\/\/nuevo-renacer.com\/#\/schema\/logo\/image\/\",\"url\":\"https:\/\/nuevo-renacer.com\/wp-content\/uploads\/2024\/05\/cropped-LOGO-TERMINADO1-3-3.png\",\"contentUrl\":\"https:\/\/nuevo-renacer.com\/wp-content\/uploads\/2024\/05\/cropped-LOGO-TERMINADO1-3-3.png\",\"width\":512,\"height\":512,\"caption\":\"UFEC\"},\"image\":{\"@id\":\"https:\/\/nuevo-renacer.com\/#\/schema\/logo\/image\/\"},\"sameAs\":[\"https:\/\/www.facebook.com\/groups\/3431398063740829\"]}]}<\/script>\n<!-- \/ Yoast SEO Premium plugin. -->","yoast_head_json":{"title":"Am\u00e9lia Rodrigues - Uni\u00f3n Esp\u00edrita","robots":{"index":"index","follow":"follow","max-snippet":"max-snippet:-1","max-image-preview":"max-image-preview:large","max-video-preview":"max-video-preview:-1"},"canonical":"https:\/\/nuevo-renacer.com\/tr\/amelia-rodrigues\/","og_locale":"tr_TR","og_type":"article","og_title":"Am\u00e9lia Rodrigues","og_description":"Am\u00e9lia Rodrigues Am\u00e9lia Augusta do Sacramento Rodrigues naci\u00f3 el 26 de mayo de 1861 en Fazenda Campos, situada en la parroquia de Oliveira dos Campinhos, en el municipio de Santo Amaro da Purifica\u00e7\u00e3o, en el estado de Bah\u00eda. Hija de F\u00e9lix Rodrigues y de do\u00f1a Maria Raquelina Rodrigues, ya desde la infancia mostr\u00f3 una elevada [&hellip;]","og_url":"https:\/\/nuevo-renacer.com\/tr\/amelia-rodrigues\/","og_site_name":"Uni\u00f3n Esp\u00edrita","article_publisher":"https:\/\/www.facebook.com\/groups\/3431398063740829","article_modified_time":"2024-07-17T08:15:05+00:00","og_image":[{"width":500,"height":708,"url":"https:\/\/nuevo-renacer.com\/wp-content\/uploads\/2024\/07\/foto_amelia.jpg","type":"image\/jpeg"}],"twitter_card":"summary_large_image","twitter_misc":{"Tahmini okuma s\u00fcresi":"3 dakika"},"schema":{"@context":"https:\/\/schema.org","@graph":[{"@type":"WebPage","@id":"https:\/\/nuevo-renacer.com\/de\/amelia-rodrigues\/","url":"https:\/\/nuevo-renacer.com\/de\/amelia-rodrigues\/","name":"Am\u00e9lia Rodrigues - Uni\u00f3n Esp\u00edrita","isPartOf":{"@id":"https:\/\/nuevo-renacer.com\/#website"},"primaryImageOfPage":{"@id":"https:\/\/nuevo-renacer.com\/de\/amelia-rodrigues\/#primaryimage"},"image":{"@id":"https:\/\/nuevo-renacer.com\/de\/amelia-rodrigues\/#primaryimage"},"thumbnailUrl":"https:\/\/nuevo-renacer.com\/wp-content\/uploads\/2024\/07\/foto_amelia.jpg","datePublished":"2024-07-17T08:15:01+00:00","dateModified":"2024-07-17T08:15:05+00:00","breadcrumb":{"@id":"https:\/\/nuevo-renacer.com\/de\/amelia-rodrigues\/#breadcrumb"},"inLanguage":"tr","potentialAction":[{"@type":"ReadAction","target":["https:\/\/nuevo-renacer.com\/de\/amelia-rodrigues\/"]}]},{"@type":"ImageObject","inLanguage":"tr","@id":"https:\/\/nuevo-renacer.com\/de\/amelia-rodrigues\/#primaryimage","url":"https:\/\/nuevo-renacer.com\/wp-content\/uploads\/2024\/07\/foto_amelia.jpg","contentUrl":"https:\/\/nuevo-renacer.com\/wp-content\/uploads\/2024\/07\/foto_amelia.jpg","width":500,"height":708},{"@type":"BreadcrumbList","@id":"https:\/\/nuevo-renacer.com\/de\/amelia-rodrigues\/#breadcrumb","itemListElement":[{"@type":"ListItem","position":1,"name":"Startseite","item":"https:\/\/nuevo-renacer.com\/"},{"@type":"ListItem","position":2,"name":"Am\u00e9lia Rodrigues"}]},{"@type":"WebSite","@id":"https:\/\/nuevo-renacer.com\/#website","url":"https:\/\/nuevo-renacer.com\/","name":"Uni\u00f3n Esp\u00edrita","description":"Nuevo Renacer","publisher":{"@id":"https:\/\/nuevo-renacer.com\/#organization"},"potentialAction":[{"@type":"SearchAction","target":{"@type":"EntryPoint","urlTemplate":"https:\/\/nuevo-renacer.com\/?s={search_term_string}"},"query-input":{"@type":"PropertyValueSpecification","valueRequired":true,"valueName":"search_term_string"}}],"inLanguage":"tr"},{"@type":"Organization","@id":"https:\/\/nuevo-renacer.com\/#organization","name":"UFEC","url":"https:\/\/nuevo-renacer.com\/","logo":{"@type":"ImageObject","inLanguage":"tr","@id":"https:\/\/nuevo-renacer.com\/#\/schema\/logo\/image\/","url":"https:\/\/nuevo-renacer.com\/wp-content\/uploads\/2024\/05\/cropped-LOGO-TERMINADO1-3-3.png","contentUrl":"https:\/\/nuevo-renacer.com\/wp-content\/uploads\/2024\/05\/cropped-LOGO-TERMINADO1-3-3.png","width":512,"height":512,"caption":"UFEC"},"image":{"@id":"https:\/\/nuevo-renacer.com\/#\/schema\/logo\/image\/"},"sameAs":["https:\/\/www.facebook.com\/groups\/3431398063740829"]}]}},"uagb_featured_image_src":{"full":["https:\/\/nuevo-renacer.com\/wp-content\/uploads\/2024\/07\/foto_amelia.jpg",500,708,false],"thumbnail":["https:\/\/nuevo-renacer.com\/wp-content\/uploads\/2024\/07\/foto_amelia-150x150.jpg",150,150,true],"medium":["https:\/\/nuevo-renacer.com\/wp-content\/uploads\/2024\/07\/foto_amelia-212x300.jpg",212,300,true],"medium_large":["https:\/\/nuevo-renacer.com\/wp-content\/uploads\/2024\/07\/foto_amelia.jpg",500,708,false],"large":["https:\/\/nuevo-renacer.com\/wp-content\/uploads\/2024\/07\/foto_amelia.jpg",500,708,false],"1536x1536":["https:\/\/nuevo-renacer.com\/wp-content\/uploads\/2024\/07\/foto_amelia.jpg",500,708,false],"2048x2048":["https:\/\/nuevo-renacer.com\/wp-content\/uploads\/2024\/07\/foto_amelia.jpg",500,708,false],"trp-custom-language-flag":["https:\/\/nuevo-renacer.com\/wp-content\/uploads\/2024\/07\/foto_amelia-8x12.jpg",8,12,true]},"uagb_author_info":{"display_name":"adbv0","author_link":"https:\/\/nuevo-renacer.com\/tr\/author\/adbv0\/"},"uagb_comment_info":0,"uagb_excerpt":"Am\u00e9lia Rodrigues Am\u00e9lia Augusta do Sacramento Rodrigues naci\u00f3 el 26 de mayo de 1861 en Fazenda Campos, situada en la parroquia de Oliveira dos Campinhos, en el municipio de Santo Amaro da Purifica\u00e7\u00e3o, en el estado de Bah\u00eda. Hija de F\u00e9lix Rodrigues y de do\u00f1a Maria Raquelina Rodrigues, ya desde la infancia mostr\u00f3 una elevada&hellip;","jetpack_sharing_enabled":true,"_links":{"self":[{"href":"https:\/\/nuevo-renacer.com\/tr\/wp-json\/wp\/v2\/pages\/3928","targetHints":{"allow":["GET"]}}],"collection":[{"href":"https:\/\/nuevo-renacer.com\/tr\/wp-json\/wp\/v2\/pages"}],"about":[{"href":"https:\/\/nuevo-renacer.com\/tr\/wp-json\/wp\/v2\/types\/page"}],"author":[{"embeddable":true,"href":"https:\/\/nuevo-renacer.com\/tr\/wp-json\/wp\/v2\/users\/1"}],"replies":[{"embeddable":true,"href":"https:\/\/nuevo-renacer.com\/tr\/wp-json\/wp\/v2\/comments?post=3928"}],"version-history":[{"count":2,"href":"https:\/\/nuevo-renacer.com\/tr\/wp-json\/wp\/v2\/pages\/3928\/revisions"}],"predecessor-version":[{"id":3931,"href":"https:\/\/nuevo-renacer.com\/tr\/wp-json\/wp\/v2\/pages\/3928\/revisions\/3931"}],"wp:featuredmedia":[{"embeddable":true,"href":"https:\/\/nuevo-renacer.com\/tr\/wp-json\/wp\/v2\/media\/3930"}],"wp:attachment":[{"href":"https:\/\/nuevo-renacer.com\/tr\/wp-json\/wp\/v2\/media?parent=3928"}],"curies":[{"name":"wp","href":"https:\/\/api.w.org\/{rel}","templated":true}]}}