{"id":3921,"date":"2024-07-17T07:47:00","date_gmt":"2024-07-17T07:47:00","guid":{"rendered":"https:\/\/ufec-mundial.com\/?page_id=3921"},"modified":"2024-12-18T13:47:28","modified_gmt":"2024-12-18T13:47:28","slug":"breve-ensayo-sobre-los-estados-del-alma","status":"publish","type":"page","link":"https:\/\/nuevo-renacer.com\/tr\/breve-ensayo-sobre-los-estados-del-alma\/","title":{"rendered":"Ruhun halleri \u00fczerine k\u0131sa bir deneme"},"content":{"rendered":"<div class=\"wp-block-uagb-container uagb-block-3076a10b alignfull uagb-is-root-container\"><div class=\"uagb-container-inner-blocks-wrap\">\n<p class=\"has-black-color has-text-color has-link-color has-medium-font-size wp-elements-9dd737c190bec2055b19f3b3e854a7ea\"><strong>Ruhun halleri \u00fczerine k\u0131sa bir deneme&nbsp;<\/strong><\/p>\n<\/div><\/div>\n\n\n\n<div class=\"wp-block-uagb-container uagb-block-d53c0716 alignfull uagb-is-root-container\"><div class=\"uagb-container-inner-blocks-wrap\">\n<figure class=\"wp-block-image size-full is-resized\"><img fetchpriority=\"high\" decoding=\"async\" width=\"338\" height=\"383\" src=\"https:\/\/ufec-mundial.com\/wp-content\/uploads\/2024\/07\/HD-wallpaper-soul-light-alma-aura-light-luz-myself-soul-spirit-spiritual-univers-white-thumbnail-1.jpg\" alt=\"\" class=\"wp-image-3924\" style=\"width:353px;height:auto\" srcset=\"https:\/\/nuevo-renacer.com\/wp-content\/uploads\/2024\/07\/HD-wallpaper-soul-light-alma-aura-light-luz-myself-soul-spirit-spiritual-univers-white-thumbnail-1.jpg 338w, https:\/\/nuevo-renacer.com\/wp-content\/uploads\/2024\/07\/HD-wallpaper-soul-light-alma-aura-light-luz-myself-soul-spirit-spiritual-univers-white-thumbnail-1-265x300.jpg 265w, https:\/\/nuevo-renacer.com\/wp-content\/uploads\/2024\/07\/HD-wallpaper-soul-light-alma-aura-light-luz-myself-soul-spirit-spiritual-univers-white-thumbnail-1-11x12.jpg 11w\" sizes=\"(max-width: 338px) 100vw, 338px\" \/><\/figure>\n<\/div><\/div>\n\n\n\n<div class=\"wp-block-uagb-container uagb-block-6d8058a6 alignfull uagb-is-root-container\"><div class=\"uagb-container-inner-blocks-wrap\">\n<p class=\"has-black-color has-text-color has-link-color has-small-font-size wp-elements-6385e2461273dcfd9acc0885c0c0dc43\">Hayat adil, g\u00fcvenilir ve otantiktir ve ya\u015fad\u0131\u011f\u0131m\u0131z yoldan, yani ba\u015f\u0131m\u0131za gelen her \u015feyden \u015fikayet etmemeliyiz, \u00e7\u00fcnk\u00fc ba\u015flang\u0131\u00e7ta \u015fu an i\u00e7in yaratt\u0131klar\u0131 \u015feydi-ba\u015fka hi\u00e7 kimse hayat\u0131m\u0131zdan sorumlu de\u011fil, asla olmad\u0131 ve olmayacak ol. D\u00fc\u015f\u00fcncelerimizle, duygular\u0131m\u0131zla, tutumlar\u0131m\u0131zla, s\u00f6zlerimizle, \u0131srarla s\u00fcrd\u00fcrd\u00fc\u011f\u00fcm\u00fcz t\u00fcm yak\u0131nl\u0131klar\u0131m\u0131zla hayat\u0131m\u0131zdaki her \u015feye ger\u00e7ekten inan\u0131yoruz; Mutludan bile mutsuz daha \u00e7ok insan var. Ancak \u015fu anda ba\u011flam\u0131 de\u011fi\u015ftirebiliriz, eksik olan tek \u015fey ilerleme iste\u011fimizdir, \u00e7\u00fcnk\u00fc birle\u015fik \u00e7ocuksu ruhta zaten \u00e7ok zaman harcad\u0131k.&nbsp;<\/p>\n\n\n\n<p class=\"has-black-color has-text-color has-link-color has-small-font-size wp-elements-02b348571aeb83a0e548aa410dee5336\">G\u00f6zlemlersek, g\u00fcn\u00fcn farkl\u0131 saatlerinde bile farkl\u0131 bir durum alg\u0131s\u0131 olur ya da daha mutlu, daha sinirli, daha umutlu oluruz ya da birka\u00e7 saniyeli\u011fine ve sonra ba\u015fka bir duruma yerle\u015firiz. Bir g\u00fcnde bu kadar \u00e7ok alg\u0131 varsa, say\u0131s\u0131z deneyimin deneyimlerini hayal edin. Bununla birlikte, bu kadar \u00e7ok olay\u0131n ortas\u0131nda ve dikkate al\u0131nmas\u0131 gereken ge\u00e7en s\u00fcre, hissetmek istedi\u011fimiz hissin ne oldu\u011fudur, \u00e7\u00fcnk\u00fc beslenen her duygu hisseden ayn\u0131 yans\u0131may\u0131 yaratacakt\u0131r; ayr\u0131ca bizi izleyen bir ruhlar denizi oldu\u011funu asla unutmay\u0131n ve bu, titre\u015fimimize g\u00f6re \u00e7ekti\u011fimizi hat\u0131rlayarak g\u00fcn\u00fcm\u00fcz boyunca belirleyicidir.&nbsp;<\/p>\n\n\n\n<p class=\"has-black-color has-text-color has-link-color has-small-font-size wp-elements-20b3c913f0994a15bcaada0c9e4132f6\">Ne kadar \u00e7ok analiz edersek, hissetti\u011fimiz ruhun \u00e7oklu durumlar\u0131n\u0131 o kadar \u00e7ok fark ederiz; En iyi se\u00e7ene\u011fe sahibiz. Ve daha dikkat \u00e7ekici olan \u015fey, sorumlulu\u011fumuzu devretmek isteme d\u00fcrt\u00fcs\u00fcne sahip olmam\u0131z, ancak bunun m\u00fcmk\u00fcn olmamas\u0131 ve ek olarak, yarat\u0131l\u0131\u015f\u0131m\u0131zda bize neyin faydal\u0131 olup neyin olmad\u0131\u011f\u0131 aras\u0131nda bir ayr\u0131m yap\u0131lmas\u0131d\u0131r. Bir \u015feye karar verdi\u011fimizde, kar\u015f\u0131l\u0131k gelen durumu tetikler ve tepkisi hayat yarat\u0131r ve inkar edilmez. Bu herkes i\u00e7in zorunludur.&nbsp;<\/p>\n\n\n\n<p class=\"has-black-color has-text-color has-link-color has-small-font-size wp-elements-227d00e445efe28c9732dfd10139d64b\">Ruhun hallerinden bahsetti\u011fimizde, bu halleri ya\u015famlar\u0131m\u0131z\u0131n, g\u00fcnl\u00fck ya\u015famlar\u0131m\u0131z\u0131n i\u015flevinde, ya\u015fayan bir deneyime ve d\u00fczensiz d\u00fcnyaya yans\u0131tmal\u0131y\u0131z. Bulundu\u011fumuz yerdeyiz, ruhumuz her zaman do\u011fal olarak uyan\u0131k, d\u00fc\u015f\u00fcn\u00fcyor, yarat\u0131yor ve hissediyor.&nbsp;<\/p>\n\n\n\n<p class=\"has-black-color has-text-color has-link-color has-small-font-size wp-elements-4d1e305ac13795032a6d38700bddf6af\">Ve \u00f6zg\u00fcr irade herkesin do\u011fas\u0131nda oldu\u011fu i\u00e7in, g\u00fcn\u00fcm\u00fcz\u00fcn en \u015fansl\u0131 olan\u0131n\u0131 haz\u0131rlamak i\u00e7in b\u00fcy\u00fcmek ya da tak\u0131lmak bizim karar\u0131m\u0131zd\u0131r. Ve bu o kadar \u00f6nemlidir ki, belirli harcamalar\u0131n her zaman tam olarak toparlanamayaca\u011f\u0131n\u0131 hat\u0131rlayarak, b\u00fcy\u00fck miktarda enerji t\u00fcketebilecek \u0131st\u0131rap ve huzursuzluk anlar\u0131n\u0131 tetiklemek i\u00e7in \u015fanss\u0131z bir d\u00fc\u015f\u00fcnce. \u00d6te yandan, hayat\u0131n\u0131z\u0131 kurtarabilecek iyi duygu, d\u00fc\u015f\u00fcnce ve tutumlar\u0131n ba\u011flant\u0131s\u0131yla yaratt\u0131\u011f\u0131m\u0131z o kadar de\u011ferli anlar var ki.&nbsp;<\/p>\n\n\n\n<p class=\"has-black-color has-text-color has-link-color has-small-font-size wp-elements-13112024349425382351e19a2cd94586\">Ba\u015fka bir deyi\u015fle, se\u00e7imimiz g\u00f6ky\u00fcz\u00fcn\u00fc bizden uzakla\u015ft\u0131r\u0131r veya uzakla\u015ft\u0131r\u0131r.&nbsp;<\/p>\n<\/div><\/div>\n\n\n\n<div class=\"wp-block-uagb-container uagb-block-0f92416a alignfull uagb-is-root-container\"><div class=\"uagb-container-inner-blocks-wrap\"><\/div><\/div>\n\n\n\n<div class=\"wp-block-uagb-container uagb-block-e416ba4e alignfull uagb-is-root-container\"><div class=\"uagb-container-inner-blocks-wrap\"><\/div><\/div>","protected":false},"excerpt":{"rendered":"<p>Breve ensayo sobre los estados del alma&nbsp; La vida es justa, fiable y aut\u00e9ntica y no deber\u00edamos quejarnos de la forma en que vivimos, es decir, de lo que nos pasa, porque fue lo que originalmente creamos para ahora &#8211; nadie m\u00e1s es responsable de nuestra vida, nunca lo ha sido y nunca lo ser\u00e1. [&hellip;]<\/p>","protected":false},"author":1,"featured_media":3924,"parent":0,"menu_order":0,"comment_status":"closed","ping_status":"closed","template":"","meta":{"_uag_custom_page_level_css":"","site-sidebar-layout":"default","site-content-layout":"","ast-site-content-layout":"default","site-content-style":"default","site-sidebar-style":"default","ast-global-header-display":"","ast-banner-title-visibility":"","ast-main-header-display":"","ast-hfb-above-header-display":"","ast-hfb-below-header-display":"","ast-hfb-mobile-header-display":"","site-post-title":"","ast-breadcrumbs-content":"","ast-featured-img":"","footer-sml-layout":"","theme-transparent-header-meta":"","adv-header-id-meta":"","stick-header-meta":"","header-above-stick-meta":"","header-main-stick-meta":"","header-below-stick-meta":"","astra-migrate-meta-layouts":"set","ast-page-background-enabled":"default","ast-page-background-meta":{"desktop":{"background-color":"var(--ast-global-color-4)","background-image":"","background-repeat":"repeat","background-position":"center center","background-size":"auto","background-attachment":"scroll","background-type":"","background-media":"","overlay-type":"","overlay-color":"","overlay-opacity":"","overlay-gradient":""},"tablet":{"background-color":"","background-image":"","background-repeat":"repeat","background-position":"center center","background-size":"auto","background-attachment":"scroll","background-type":"","background-media":"","overlay-type":"","overlay-color":"","overlay-opacity":"","overlay-gradient":""},"mobile":{"background-color":"","background-image":"","background-repeat":"repeat","background-position":"center center","background-size":"auto","background-attachment":"scroll","background-type":"","background-media":"","overlay-type":"","overlay-color":"","overlay-opacity":"","overlay-gradient":""}},"ast-content-background-meta":{"desktop":{"background-color":"var(--ast-global-color-5)","background-image":"","background-repeat":"repeat","background-position":"center center","background-size":"auto","background-attachment":"scroll","background-type":"","background-media":"","overlay-type":"","overlay-color":"","overlay-opacity":"","overlay-gradient":""},"tablet":{"background-color":"var(--ast-global-color-5)","background-image":"","background-repeat":"repeat","background-position":"center center","background-size":"auto","background-attachment":"scroll","background-type":"","background-media":"","overlay-type":"","overlay-color":"","overlay-opacity":"","overlay-gradient":""},"mobile":{"background-color":"var(--ast-global-color-5)","background-image":"","background-repeat":"repeat","background-position":"center center","background-size":"auto","background-attachment":"scroll","background-type":"","background-media":"","overlay-type":"","overlay-color":"","overlay-opacity":"","overlay-gradient":""}},"footnotes":""},"class_list":["post-3921","page","type-page","status-publish","has-post-thumbnail","hentry"],"yoast_head":"<!-- This site is optimized with the Yoast SEO Premium plugin v24.2 (Yoast SEO v24.6) - https:\/\/yoast.com\/wordpress\/plugins\/seo\/ -->\n<title>Breve ensayo sobre los estados del alma - Uni\u00f3n Esp\u00edrita<\/title>\n<meta name=\"robots\" content=\"index, follow, max-snippet:-1, max-image-preview:large, max-video-preview:-1\" \/>\n<link rel=\"canonical\" href=\"https:\/\/nuevo-renacer.com\/tr\/breve-ensayo-sobre-los-estados-del-alma\/\" \/>\n<meta property=\"og:locale\" content=\"tr_TR\" \/>\n<meta property=\"og:type\" content=\"article\" \/>\n<meta property=\"og:title\" content=\"Breve ensayo sobre los estados del alma\" \/>\n<meta property=\"og:description\" content=\"Breve ensayo sobre los estados del alma&nbsp; La vida es justa, fiable y aut\u00e9ntica y no deber\u00edamos quejarnos de la forma en que vivimos, es decir, de lo que nos pasa, porque fue lo que originalmente creamos para ahora &#8211; nadie m\u00e1s es responsable de nuestra vida, nunca lo ha sido y nunca lo ser\u00e1. [&hellip;]\" \/>\n<meta property=\"og:url\" content=\"https:\/\/nuevo-renacer.com\/tr\/breve-ensayo-sobre-los-estados-del-alma\/\" \/>\n<meta property=\"og:site_name\" content=\"Uni\u00f3n Esp\u00edrita\" \/>\n<meta property=\"article:publisher\" content=\"https:\/\/www.facebook.com\/groups\/3431398063740829\" \/>\n<meta property=\"article:modified_time\" content=\"2024-12-18T13:47:28+00:00\" \/>\n<meta property=\"og:image\" content=\"https:\/\/nuevo-renacer.com\/wp-content\/uploads\/2024\/07\/HD-wallpaper-soul-light-alma-aura-light-luz-myself-soul-spirit-spiritual-univers-white-thumbnail-1.jpg\" \/>\n\t<meta property=\"og:image:width\" content=\"338\" \/>\n\t<meta property=\"og:image:height\" content=\"383\" \/>\n\t<meta property=\"og:image:type\" content=\"image\/jpeg\" \/>\n<meta name=\"twitter:card\" content=\"summary_large_image\" \/>\n<meta name=\"twitter:label1\" content=\"Tahmini okuma s\u00fcresi\" \/>\n\t<meta name=\"twitter:data1\" content=\"3 dakika\" \/>\n<script type=\"application\/ld+json\" class=\"yoast-schema-graph\">{\"@context\":\"https:\/\/schema.org\",\"@graph\":[{\"@type\":\"WebPage\",\"@id\":\"https:\/\/nuevo-renacer.com\/breve-ensayo-sobre-los-estados-del-alma\/\",\"url\":\"https:\/\/nuevo-renacer.com\/breve-ensayo-sobre-los-estados-del-alma\/\",\"name\":\"Breve ensayo sobre los estados del alma - Uni\u00f3n Esp\u00edrita\",\"isPartOf\":{\"@id\":\"https:\/\/nuevo-renacer.com\/#website\"},\"primaryImageOfPage\":{\"@id\":\"https:\/\/nuevo-renacer.com\/breve-ensayo-sobre-los-estados-del-alma\/#primaryimage\"},\"image\":{\"@id\":\"https:\/\/nuevo-renacer.com\/breve-ensayo-sobre-los-estados-del-alma\/#primaryimage\"},\"thumbnailUrl\":\"https:\/\/nuevo-renacer.com\/wp-content\/uploads\/2024\/07\/HD-wallpaper-soul-light-alma-aura-light-luz-myself-soul-spirit-spiritual-univers-white-thumbnail-1.jpg\",\"datePublished\":\"2024-07-17T07:47:00+00:00\",\"dateModified\":\"2024-12-18T13:47:28+00:00\",\"breadcrumb\":{\"@id\":\"https:\/\/nuevo-renacer.com\/breve-ensayo-sobre-los-estados-del-alma\/#breadcrumb\"},\"inLanguage\":\"tr\",\"potentialAction\":[{\"@type\":\"ReadAction\",\"target\":[\"https:\/\/nuevo-renacer.com\/breve-ensayo-sobre-los-estados-del-alma\/\"]}]},{\"@type\":\"ImageObject\",\"inLanguage\":\"tr\",\"@id\":\"https:\/\/nuevo-renacer.com\/breve-ensayo-sobre-los-estados-del-alma\/#primaryimage\",\"url\":\"https:\/\/nuevo-renacer.com\/wp-content\/uploads\/2024\/07\/HD-wallpaper-soul-light-alma-aura-light-luz-myself-soul-spirit-spiritual-univers-white-thumbnail-1.jpg\",\"contentUrl\":\"https:\/\/nuevo-renacer.com\/wp-content\/uploads\/2024\/07\/HD-wallpaper-soul-light-alma-aura-light-luz-myself-soul-spirit-spiritual-univers-white-thumbnail-1.jpg\",\"width\":338,\"height\":383},{\"@type\":\"BreadcrumbList\",\"@id\":\"https:\/\/nuevo-renacer.com\/breve-ensayo-sobre-los-estados-del-alma\/#breadcrumb\",\"itemListElement\":[{\"@type\":\"ListItem\",\"position\":1,\"name\":\"Startseite\",\"item\":\"https:\/\/nuevo-renacer.com\/\"},{\"@type\":\"ListItem\",\"position\":2,\"name\":\"Breve ensayo sobre los estados del alma\"}]},{\"@type\":\"WebSite\",\"@id\":\"https:\/\/nuevo-renacer.com\/#website\",\"url\":\"https:\/\/nuevo-renacer.com\/\",\"name\":\"Uni\u00f3n Esp\u00edrita\",\"description\":\"Nuevo Renacer\",\"publisher\":{\"@id\":\"https:\/\/nuevo-renacer.com\/#organization\"},\"potentialAction\":[{\"@type\":\"SearchAction\",\"target\":{\"@type\":\"EntryPoint\",\"urlTemplate\":\"https:\/\/nuevo-renacer.com\/?s={search_term_string}\"},\"query-input\":{\"@type\":\"PropertyValueSpecification\",\"valueRequired\":true,\"valueName\":\"search_term_string\"}}],\"inLanguage\":\"tr\"},{\"@type\":\"Organization\",\"@id\":\"https:\/\/nuevo-renacer.com\/#organization\",\"name\":\"UFEC\",\"url\":\"https:\/\/nuevo-renacer.com\/\",\"logo\":{\"@type\":\"ImageObject\",\"inLanguage\":\"tr\",\"@id\":\"https:\/\/nuevo-renacer.com\/#\/schema\/logo\/image\/\",\"url\":\"https:\/\/nuevo-renacer.com\/wp-content\/uploads\/2024\/05\/cropped-LOGO-TERMINADO1-3-3.png\",\"contentUrl\":\"https:\/\/nuevo-renacer.com\/wp-content\/uploads\/2024\/05\/cropped-LOGO-TERMINADO1-3-3.png\",\"width\":512,\"height\":512,\"caption\":\"UFEC\"},\"image\":{\"@id\":\"https:\/\/nuevo-renacer.com\/#\/schema\/logo\/image\/\"},\"sameAs\":[\"https:\/\/www.facebook.com\/groups\/3431398063740829\"]}]}<\/script>\n<!-- \/ Yoast SEO Premium plugin. -->","yoast_head_json":{"title":"Breve ensayo sobre los estados del alma - Uni\u00f3n Esp\u00edrita","robots":{"index":"index","follow":"follow","max-snippet":"max-snippet:-1","max-image-preview":"max-image-preview:large","max-video-preview":"max-video-preview:-1"},"canonical":"https:\/\/nuevo-renacer.com\/tr\/breve-ensayo-sobre-los-estados-del-alma\/","og_locale":"tr_TR","og_type":"article","og_title":"Breve ensayo sobre los estados del alma","og_description":"Breve ensayo sobre los estados del alma&nbsp; La vida es justa, fiable y aut\u00e9ntica y no deber\u00edamos quejarnos de la forma en que vivimos, es decir, de lo que nos pasa, porque fue lo que originalmente creamos para ahora &#8211; nadie m\u00e1s es responsable de nuestra vida, nunca lo ha sido y nunca lo ser\u00e1. [&hellip;]","og_url":"https:\/\/nuevo-renacer.com\/tr\/breve-ensayo-sobre-los-estados-del-alma\/","og_site_name":"Uni\u00f3n Esp\u00edrita","article_publisher":"https:\/\/www.facebook.com\/groups\/3431398063740829","article_modified_time":"2024-12-18T13:47:28+00:00","og_image":[{"width":338,"height":383,"url":"https:\/\/nuevo-renacer.com\/wp-content\/uploads\/2024\/07\/HD-wallpaper-soul-light-alma-aura-light-luz-myself-soul-spirit-spiritual-univers-white-thumbnail-1.jpg","type":"image\/jpeg"}],"twitter_card":"summary_large_image","twitter_misc":{"Tahmini okuma s\u00fcresi":"3 dakika"},"schema":{"@context":"https:\/\/schema.org","@graph":[{"@type":"WebPage","@id":"https:\/\/nuevo-renacer.com\/breve-ensayo-sobre-los-estados-del-alma\/","url":"https:\/\/nuevo-renacer.com\/breve-ensayo-sobre-los-estados-del-alma\/","name":"Breve ensayo sobre los estados del alma - Uni\u00f3n Esp\u00edrita","isPartOf":{"@id":"https:\/\/nuevo-renacer.com\/#website"},"primaryImageOfPage":{"@id":"https:\/\/nuevo-renacer.com\/breve-ensayo-sobre-los-estados-del-alma\/#primaryimage"},"image":{"@id":"https:\/\/nuevo-renacer.com\/breve-ensayo-sobre-los-estados-del-alma\/#primaryimage"},"thumbnailUrl":"https:\/\/nuevo-renacer.com\/wp-content\/uploads\/2024\/07\/HD-wallpaper-soul-light-alma-aura-light-luz-myself-soul-spirit-spiritual-univers-white-thumbnail-1.jpg","datePublished":"2024-07-17T07:47:00+00:00","dateModified":"2024-12-18T13:47:28+00:00","breadcrumb":{"@id":"https:\/\/nuevo-renacer.com\/breve-ensayo-sobre-los-estados-del-alma\/#breadcrumb"},"inLanguage":"tr","potentialAction":[{"@type":"ReadAction","target":["https:\/\/nuevo-renacer.com\/breve-ensayo-sobre-los-estados-del-alma\/"]}]},{"@type":"ImageObject","inLanguage":"tr","@id":"https:\/\/nuevo-renacer.com\/breve-ensayo-sobre-los-estados-del-alma\/#primaryimage","url":"https:\/\/nuevo-renacer.com\/wp-content\/uploads\/2024\/07\/HD-wallpaper-soul-light-alma-aura-light-luz-myself-soul-spirit-spiritual-univers-white-thumbnail-1.jpg","contentUrl":"https:\/\/nuevo-renacer.com\/wp-content\/uploads\/2024\/07\/HD-wallpaper-soul-light-alma-aura-light-luz-myself-soul-spirit-spiritual-univers-white-thumbnail-1.jpg","width":338,"height":383},{"@type":"BreadcrumbList","@id":"https:\/\/nuevo-renacer.com\/breve-ensayo-sobre-los-estados-del-alma\/#breadcrumb","itemListElement":[{"@type":"ListItem","position":1,"name":"Startseite","item":"https:\/\/nuevo-renacer.com\/"},{"@type":"ListItem","position":2,"name":"Breve ensayo sobre los estados del alma"}]},{"@type":"WebSite","@id":"https:\/\/nuevo-renacer.com\/#website","url":"https:\/\/nuevo-renacer.com\/","name":"Uni\u00f3n Esp\u00edrita","description":"Nuevo Renacer","publisher":{"@id":"https:\/\/nuevo-renacer.com\/#organization"},"potentialAction":[{"@type":"SearchAction","target":{"@type":"EntryPoint","urlTemplate":"https:\/\/nuevo-renacer.com\/?s={search_term_string}"},"query-input":{"@type":"PropertyValueSpecification","valueRequired":true,"valueName":"search_term_string"}}],"inLanguage":"tr"},{"@type":"Organization","@id":"https:\/\/nuevo-renacer.com\/#organization","name":"UFEC","url":"https:\/\/nuevo-renacer.com\/","logo":{"@type":"ImageObject","inLanguage":"tr","@id":"https:\/\/nuevo-renacer.com\/#\/schema\/logo\/image\/","url":"https:\/\/nuevo-renacer.com\/wp-content\/uploads\/2024\/05\/cropped-LOGO-TERMINADO1-3-3.png","contentUrl":"https:\/\/nuevo-renacer.com\/wp-content\/uploads\/2024\/05\/cropped-LOGO-TERMINADO1-3-3.png","width":512,"height":512,"caption":"UFEC"},"image":{"@id":"https:\/\/nuevo-renacer.com\/#\/schema\/logo\/image\/"},"sameAs":["https:\/\/www.facebook.com\/groups\/3431398063740829"]}]}},"uagb_featured_image_src":{"full":["https:\/\/nuevo-renacer.com\/wp-content\/uploads\/2024\/07\/HD-wallpaper-soul-light-alma-aura-light-luz-myself-soul-spirit-spiritual-univers-white-thumbnail-1.jpg",338,383,false],"thumbnail":["https:\/\/nuevo-renacer.com\/wp-content\/uploads\/2024\/07\/HD-wallpaper-soul-light-alma-aura-light-luz-myself-soul-spirit-spiritual-univers-white-thumbnail-1-150x150.jpg",150,150,true],"medium":["https:\/\/nuevo-renacer.com\/wp-content\/uploads\/2024\/07\/HD-wallpaper-soul-light-alma-aura-light-luz-myself-soul-spirit-spiritual-univers-white-thumbnail-1-265x300.jpg",265,300,true],"medium_large":["https:\/\/nuevo-renacer.com\/wp-content\/uploads\/2024\/07\/HD-wallpaper-soul-light-alma-aura-light-luz-myself-soul-spirit-spiritual-univers-white-thumbnail-1.jpg",338,383,false],"large":["https:\/\/nuevo-renacer.com\/wp-content\/uploads\/2024\/07\/HD-wallpaper-soul-light-alma-aura-light-luz-myself-soul-spirit-spiritual-univers-white-thumbnail-1.jpg",338,383,false],"1536x1536":["https:\/\/nuevo-renacer.com\/wp-content\/uploads\/2024\/07\/HD-wallpaper-soul-light-alma-aura-light-luz-myself-soul-spirit-spiritual-univers-white-thumbnail-1.jpg",338,383,false],"2048x2048":["https:\/\/nuevo-renacer.com\/wp-content\/uploads\/2024\/07\/HD-wallpaper-soul-light-alma-aura-light-luz-myself-soul-spirit-spiritual-univers-white-thumbnail-1.jpg",338,383,false],"trp-custom-language-flag":["https:\/\/nuevo-renacer.com\/wp-content\/uploads\/2024\/07\/HD-wallpaper-soul-light-alma-aura-light-luz-myself-soul-spirit-spiritual-univers-white-thumbnail-1-11x12.jpg",11,12,true]},"uagb_author_info":{"display_name":"adbv0","author_link":"https:\/\/nuevo-renacer.com\/tr\/author\/adbv0\/"},"uagb_comment_info":0,"uagb_excerpt":"Breve ensayo sobre los estados del alma&nbsp; La vida es justa, fiable y aut\u00e9ntica y no deber\u00edamos quejarnos de la forma en que vivimos, es decir, de lo que nos pasa, porque fue lo que originalmente creamos para ahora &#8211; nadie m\u00e1s es responsable de nuestra vida, nunca lo ha sido y nunca lo ser\u00e1.&hellip;","jetpack_sharing_enabled":true,"_links":{"self":[{"href":"https:\/\/nuevo-renacer.com\/tr\/wp-json\/wp\/v2\/pages\/3921","targetHints":{"allow":["GET"]}}],"collection":[{"href":"https:\/\/nuevo-renacer.com\/tr\/wp-json\/wp\/v2\/pages"}],"about":[{"href":"https:\/\/nuevo-renacer.com\/tr\/wp-json\/wp\/v2\/types\/page"}],"author":[{"embeddable":true,"href":"https:\/\/nuevo-renacer.com\/tr\/wp-json\/wp\/v2\/users\/1"}],"replies":[{"embeddable":true,"href":"https:\/\/nuevo-renacer.com\/tr\/wp-json\/wp\/v2\/comments?post=3921"}],"version-history":[{"count":3,"href":"https:\/\/nuevo-renacer.com\/tr\/wp-json\/wp\/v2\/pages\/3921\/revisions"}],"predecessor-version":[{"id":6570,"href":"https:\/\/nuevo-renacer.com\/tr\/wp-json\/wp\/v2\/pages\/3921\/revisions\/6570"}],"wp:featuredmedia":[{"embeddable":true,"href":"https:\/\/nuevo-renacer.com\/tr\/wp-json\/wp\/v2\/media\/3924"}],"wp:attachment":[{"href":"https:\/\/nuevo-renacer.com\/tr\/wp-json\/wp\/v2\/media?parent=3921"}],"curies":[{"name":"wp","href":"https:\/\/api.w.org\/{rel}","templated":true}]}}