{"id":3911,"date":"2024-07-17T07:02:28","date_gmt":"2024-07-17T07:02:28","guid":{"rendered":"https:\/\/ufec-mundial.com\/?page_id=3911"},"modified":"2024-12-18T12:31:56","modified_gmt":"2024-12-18T12:31:56","slug":"a-donde-vamos-cuando-desencarnamos","status":"publish","type":"page","link":"https:\/\/nuevo-renacer.com\/tr\/a-donde-vamos-cuando-desencarnamos\/","title":{"rendered":"Bedenimizden ayr\u0131ld\u0131\u011f\u0131m\u0131zda nereye gideriz?"},"content":{"rendered":"<div class=\"wp-block-uagb-container uagb-block-9046cf55 alignfull uagb-is-root-container\"><div class=\"uagb-container-inner-blocks-wrap\">\n<p class=\"has-black-color has-text-color has-link-color has-medium-font-size wp-elements-4011edede967c1701caaf9364b873c79\"><strong>Bedenimizden ayr\u0131ld\u0131\u011f\u0131m\u0131zda nereye gideriz?<\/strong><\/p>\n<\/div><\/div>\n\n\n\n<div class=\"wp-block-uagb-container uagb-block-a0ca59ca alignfull uagb-is-root-container\"><div class=\"uagb-container-inner-blocks-wrap\">\n<figure class=\"wp-block-image size-large is-resized\"><img fetchpriority=\"high\" decoding=\"async\" width=\"1024\" height=\"585\" src=\"https:\/\/ufec-mundial.com\/wp-content\/uploads\/2024\/07\/436639405_7740235445996870_1700133049400122048_n-1024x585.jpg\" alt=\"\" class=\"wp-image-3913\" style=\"width:418px;height:auto\" srcset=\"https:\/\/nuevo-renacer.com\/wp-content\/uploads\/2024\/07\/436639405_7740235445996870_1700133049400122048_n-1024x585.jpg 1024w, https:\/\/nuevo-renacer.com\/wp-content\/uploads\/2024\/07\/436639405_7740235445996870_1700133049400122048_n-300x171.jpg 300w, https:\/\/nuevo-renacer.com\/wp-content\/uploads\/2024\/07\/436639405_7740235445996870_1700133049400122048_n-768x439.jpg 768w, https:\/\/nuevo-renacer.com\/wp-content\/uploads\/2024\/07\/436639405_7740235445996870_1700133049400122048_n-1536x878.jpg 1536w, https:\/\/nuevo-renacer.com\/wp-content\/uploads\/2024\/07\/436639405_7740235445996870_1700133049400122048_n-18x10.jpg 18w, https:\/\/nuevo-renacer.com\/wp-content\/uploads\/2024\/07\/436639405_7740235445996870_1700133049400122048_n.jpg 1792w\" sizes=\"(max-width: 1024px) 100vw, 1024px\" \/><\/figure>\n<\/div><\/div>\n\n\n\n<div class=\"wp-block-uagb-container uagb-block-f1aa4c85 alignfull uagb-is-root-container\"><div class=\"uagb-container-inner-blocks-wrap\">\n<p class=\"has-black-color has-text-color has-link-color has-small-font-size wp-elements-3bec60e7e9a3589ed186a4eab103caff\">\u00d6ncelikle, canl\u0131 bir biyolojik beden olmad\u0131\u011f\u0131m\u0131z\u0131, reenkarne oldu\u011fumuz bu gezegende ruhani ahlaki geli\u015fimimizi ger\u00e7ekle\u015ftirmek \u00fczere fiziksel bir bedende enkarne olmu\u015f ruhlar oldu\u011fumuzu idrak etmeliyiz. Bu kabulden hareketle, enkarne oldu\u011fumuzda ruhun \u00f6zg\u00fcr haline geri d\u00f6nerek ahlaki geli\u015fimini de beraberinde getirdi\u011fini ve bu ahlaki geli\u015fime ba\u011fl\u0131 olarak \u015fimdikinden daha geli\u015fmi\u015f ba\u015fka bir d\u00fcnyada enkarne olabilece\u011fimizi ya da evrimle\u015fene kadar bu okul gezegeninde enkarne olmaya devam edebilece\u011fimizi kabul edebilir veya anlayabiliriz.<\/p>\n\n\n\n<p class=\"has-black-color has-text-color has-link-color has-small-font-size wp-elements-dbb63dfa31934ca9657f0b95e6e46a4a\">Bu da \u015fu soruyu g\u00fcndeme getiriyor: Biz, enkarne olanlar ve enkarne olmayanlar, ayn\u0131 d\u00fcnyada m\u0131 ya\u015f\u0131yoruz? Cevap: Evet, enerjilerimizin titre\u015fimsel durumlar\u0131 nedeniyle birbirimizi g\u00f6remesek veya ileti\u015fim kuramasak da bu d\u00fcnyada birlikte ya\u015f\u0131yoruz; ancak medyumluk yetene\u011fi olan ki\u015filer hari\u00e7.<\/p>\n\n\n\n<p class=\"has-black-color has-text-color has-link-color has-small-font-size wp-elements-6ea5c894f21146841264fc8311d17b3d\">Bu durum, d\u00fcnya n\u00fcfusunun, ele ge\u00e7irilme ilkesine g\u00f6re insanl\u0131\u011f\u0131n davran\u0131\u015flar\u0131 \u00fczerinde g\u00fc\u00e7l\u00fc etkiler uygulayan bedensiz ruhlar taraf\u0131ndan yo\u011fun bir \u015fekilde kontrol edildi\u011fini g\u00f6stermektedir. Bu nedenle, her insan bu ger\u00e7e\u011fi kabul etmeye ba\u015flar ve sevgi, ko\u015fulsuz ba\u011f\u0131\u015flama, minnettarl\u0131k ve son olarak insan onuruna sayg\u0131 gibi daha y\u00fcksek maneviyat kategorilerine y\u00fckselmek i\u00e7in \u00e7al\u0131\u015fmaya ba\u015flar, her zaman \u0131\u015f\u0131k varl\u0131klar\u0131 oldu\u011fumuzu, buraya geldi\u011fimizi kabul eder. I\u015f\u0131k diyar\u0131 ve oraya geri d\u00f6nmenin bizim kaderimiz oldu\u011funu, ba\u015fkalar\u0131na zarar vermeden ve \u00e7ok fazla karma birikimi ve bunun bu reenkarnasyon gezegenine d\u00f6n\u00fc\u015fler \u00fczerindeki etkileriyle kendimize zarar vermeden ya\u015fayabilece\u011fimiz daha iyi bir d\u00fcnya oldu\u011funu.<\/p>\n<\/div><\/div>\n\n\n\n<div class=\"wp-block-uagb-container uagb-block-46a21625 alignfull uagb-is-root-container\"><div class=\"uagb-container-inner-blocks-wrap\"><\/div><\/div>\n\n\n\n<div class=\"wp-block-uagb-container uagb-block-6f09fbee alignfull uagb-is-root-container\"><div class=\"uagb-container-inner-blocks-wrap\"><\/div><\/div>","protected":false},"excerpt":{"rendered":"<p>A d\u00f3nde vamos cuando desencarnamos En primer lugar, debemos darnos cuenta de que no somos un cuerpo biol\u00f3gico animado, sino almas encarnadas en un cuerpo f\u00edsico para llevar a cabo nuestro desarrollo moral espiritual en este planeta reencarnante. A partir de esta aceptaci\u00f3n, podemos aceptar o comprender que cuando desencarnamos, el alma vuelve a su [&hellip;]<\/p>","protected":false},"author":1,"featured_media":3913,"parent":0,"menu_order":0,"comment_status":"closed","ping_status":"closed","template":"","meta":{"_uag_custom_page_level_css":"","site-sidebar-layout":"default","site-content-layout":"","ast-site-content-layout":"default","site-content-style":"default","site-sidebar-style":"default","ast-global-header-display":"","ast-banner-title-visibility":"","ast-main-header-display":"","ast-hfb-above-header-display":"","ast-hfb-below-header-display":"","ast-hfb-mobile-header-display":"","site-post-title":"","ast-breadcrumbs-content":"","ast-featured-img":"","footer-sml-layout":"","theme-transparent-header-meta":"","adv-header-id-meta":"","stick-header-meta":"","header-above-stick-meta":"","header-main-stick-meta":"","header-below-stick-meta":"","astra-migrate-meta-layouts":"set","ast-page-background-enabled":"default","ast-page-background-meta":{"desktop":{"background-color":"var(--ast-global-color-4)","background-image":"","background-repeat":"repeat","background-position":"center center","background-size":"auto","background-attachment":"scroll","background-type":"","background-media":"","overlay-type":"","overlay-color":"","overlay-opacity":"","overlay-gradient":""},"tablet":{"background-color":"","background-image":"","background-repeat":"repeat","background-position":"center center","background-size":"auto","background-attachment":"scroll","background-type":"","background-media":"","overlay-type":"","overlay-color":"","overlay-opacity":"","overlay-gradient":""},"mobile":{"background-color":"","background-image":"","background-repeat":"repeat","background-position":"center center","background-size":"auto","background-attachment":"scroll","background-type":"","background-media":"","overlay-type":"","overlay-color":"","overlay-opacity":"","overlay-gradient":""}},"ast-content-background-meta":{"desktop":{"background-color":"var(--ast-global-color-5)","background-image":"","background-repeat":"repeat","background-position":"center center","background-size":"auto","background-attachment":"scroll","background-type":"","background-media":"","overlay-type":"","overlay-color":"","overlay-opacity":"","overlay-gradient":""},"tablet":{"background-color":"var(--ast-global-color-5)","background-image":"","background-repeat":"repeat","background-position":"center center","background-size":"auto","background-attachment":"scroll","background-type":"","background-media":"","overlay-type":"","overlay-color":"","overlay-opacity":"","overlay-gradient":""},"mobile":{"background-color":"var(--ast-global-color-5)","background-image":"","background-repeat":"repeat","background-position":"center center","background-size":"auto","background-attachment":"scroll","background-type":"","background-media":"","overlay-type":"","overlay-color":"","overlay-opacity":"","overlay-gradient":""}},"footnotes":""},"class_list":["post-3911","page","type-page","status-publish","has-post-thumbnail","hentry"],"yoast_head":"<!-- This site is optimized with the Yoast SEO Premium plugin v24.2 (Yoast SEO v24.6) - https:\/\/yoast.com\/wordpress\/plugins\/seo\/ -->\n<title>A d\u00f3nde vamos cuando desencarnamos - Uni\u00f3n Esp\u00edrita<\/title>\n<meta name=\"robots\" content=\"index, follow, max-snippet:-1, max-image-preview:large, max-video-preview:-1\" \/>\n<link rel=\"canonical\" href=\"https:\/\/nuevo-renacer.com\/tr\/a-donde-vamos-cuando-desencarnamos\/\" \/>\n<meta property=\"og:locale\" content=\"tr_TR\" \/>\n<meta property=\"og:type\" content=\"article\" \/>\n<meta property=\"og:title\" content=\"A d\u00f3nde vamos cuando desencarnamos\" \/>\n<meta property=\"og:description\" content=\"A d\u00f3nde vamos cuando desencarnamos En primer lugar, debemos darnos cuenta de que no somos un cuerpo biol\u00f3gico animado, sino almas encarnadas en un cuerpo f\u00edsico para llevar a cabo nuestro desarrollo moral espiritual en este planeta reencarnante. A partir de esta aceptaci\u00f3n, podemos aceptar o comprender que cuando desencarnamos, el alma vuelve a su [&hellip;]\" \/>\n<meta property=\"og:url\" content=\"https:\/\/nuevo-renacer.com\/tr\/a-donde-vamos-cuando-desencarnamos\/\" \/>\n<meta property=\"og:site_name\" content=\"Uni\u00f3n Esp\u00edrita\" \/>\n<meta property=\"article:publisher\" content=\"https:\/\/www.facebook.com\/groups\/3431398063740829\" \/>\n<meta property=\"article:modified_time\" content=\"2024-12-18T12:31:56+00:00\" \/>\n<meta property=\"og:image\" content=\"https:\/\/nuevo-renacer.com\/wp-content\/uploads\/2024\/07\/436639405_7740235445996870_1700133049400122048_n.jpg\" \/>\n\t<meta property=\"og:image:width\" content=\"1792\" \/>\n\t<meta property=\"og:image:height\" content=\"1024\" \/>\n\t<meta property=\"og:image:type\" content=\"image\/jpeg\" \/>\n<meta name=\"twitter:card\" content=\"summary_large_image\" \/>\n<meta name=\"twitter:label1\" content=\"Tahmini okuma s\u00fcresi\" \/>\n\t<meta name=\"twitter:data1\" content=\"1 dakika\" \/>\n<script type=\"application\/ld+json\" class=\"yoast-schema-graph\">{\"@context\":\"https:\/\/schema.org\",\"@graph\":[{\"@type\":\"WebPage\",\"@id\":\"https:\/\/nuevo-renacer.com\/a-donde-vamos-cuando-desencarnamos\/\",\"url\":\"https:\/\/nuevo-renacer.com\/a-donde-vamos-cuando-desencarnamos\/\",\"name\":\"A d\u00f3nde vamos cuando desencarnamos - Uni\u00f3n Esp\u00edrita\",\"isPartOf\":{\"@id\":\"https:\/\/nuevo-renacer.com\/#website\"},\"primaryImageOfPage\":{\"@id\":\"https:\/\/nuevo-renacer.com\/a-donde-vamos-cuando-desencarnamos\/#primaryimage\"},\"image\":{\"@id\":\"https:\/\/nuevo-renacer.com\/a-donde-vamos-cuando-desencarnamos\/#primaryimage\"},\"thumbnailUrl\":\"https:\/\/nuevo-renacer.com\/wp-content\/uploads\/2024\/07\/436639405_7740235445996870_1700133049400122048_n.jpg\",\"datePublished\":\"2024-07-17T07:02:28+00:00\",\"dateModified\":\"2024-12-18T12:31:56+00:00\",\"breadcrumb\":{\"@id\":\"https:\/\/nuevo-renacer.com\/a-donde-vamos-cuando-desencarnamos\/#breadcrumb\"},\"inLanguage\":\"tr\",\"potentialAction\":[{\"@type\":\"ReadAction\",\"target\":[\"https:\/\/nuevo-renacer.com\/a-donde-vamos-cuando-desencarnamos\/\"]}]},{\"@type\":\"ImageObject\",\"inLanguage\":\"tr\",\"@id\":\"https:\/\/nuevo-renacer.com\/a-donde-vamos-cuando-desencarnamos\/#primaryimage\",\"url\":\"https:\/\/nuevo-renacer.com\/wp-content\/uploads\/2024\/07\/436639405_7740235445996870_1700133049400122048_n.jpg\",\"contentUrl\":\"https:\/\/nuevo-renacer.com\/wp-content\/uploads\/2024\/07\/436639405_7740235445996870_1700133049400122048_n.jpg\",\"width\":1792,\"height\":1024},{\"@type\":\"BreadcrumbList\",\"@id\":\"https:\/\/nuevo-renacer.com\/a-donde-vamos-cuando-desencarnamos\/#breadcrumb\",\"itemListElement\":[{\"@type\":\"ListItem\",\"position\":1,\"name\":\"Startseite\",\"item\":\"https:\/\/nuevo-renacer.com\/\"},{\"@type\":\"ListItem\",\"position\":2,\"name\":\"A d\u00f3nde vamos cuando desencarnamos\"}]},{\"@type\":\"WebSite\",\"@id\":\"https:\/\/nuevo-renacer.com\/#website\",\"url\":\"https:\/\/nuevo-renacer.com\/\",\"name\":\"Uni\u00f3n Esp\u00edrita\",\"description\":\"Nuevo Renacer\",\"publisher\":{\"@id\":\"https:\/\/nuevo-renacer.com\/#organization\"},\"potentialAction\":[{\"@type\":\"SearchAction\",\"target\":{\"@type\":\"EntryPoint\",\"urlTemplate\":\"https:\/\/nuevo-renacer.com\/?s={search_term_string}\"},\"query-input\":{\"@type\":\"PropertyValueSpecification\",\"valueRequired\":true,\"valueName\":\"search_term_string\"}}],\"inLanguage\":\"tr\"},{\"@type\":\"Organization\",\"@id\":\"https:\/\/nuevo-renacer.com\/#organization\",\"name\":\"UFEC\",\"url\":\"https:\/\/nuevo-renacer.com\/\",\"logo\":{\"@type\":\"ImageObject\",\"inLanguage\":\"tr\",\"@id\":\"https:\/\/nuevo-renacer.com\/#\/schema\/logo\/image\/\",\"url\":\"https:\/\/nuevo-renacer.com\/wp-content\/uploads\/2024\/05\/cropped-LOGO-TERMINADO1-3-3.png\",\"contentUrl\":\"https:\/\/nuevo-renacer.com\/wp-content\/uploads\/2024\/05\/cropped-LOGO-TERMINADO1-3-3.png\",\"width\":512,\"height\":512,\"caption\":\"UFEC\"},\"image\":{\"@id\":\"https:\/\/nuevo-renacer.com\/#\/schema\/logo\/image\/\"},\"sameAs\":[\"https:\/\/www.facebook.com\/groups\/3431398063740829\"]}]}<\/script>\n<!-- \/ Yoast SEO Premium plugin. -->","yoast_head_json":{"title":"A d\u00f3nde vamos cuando desencarnamos - Uni\u00f3n Esp\u00edrita","robots":{"index":"index","follow":"follow","max-snippet":"max-snippet:-1","max-image-preview":"max-image-preview:large","max-video-preview":"max-video-preview:-1"},"canonical":"https:\/\/nuevo-renacer.com\/tr\/a-donde-vamos-cuando-desencarnamos\/","og_locale":"tr_TR","og_type":"article","og_title":"A d\u00f3nde vamos cuando desencarnamos","og_description":"A d\u00f3nde vamos cuando desencarnamos En primer lugar, debemos darnos cuenta de que no somos un cuerpo biol\u00f3gico animado, sino almas encarnadas en un cuerpo f\u00edsico para llevar a cabo nuestro desarrollo moral espiritual en este planeta reencarnante. A partir de esta aceptaci\u00f3n, podemos aceptar o comprender que cuando desencarnamos, el alma vuelve a su [&hellip;]","og_url":"https:\/\/nuevo-renacer.com\/tr\/a-donde-vamos-cuando-desencarnamos\/","og_site_name":"Uni\u00f3n Esp\u00edrita","article_publisher":"https:\/\/www.facebook.com\/groups\/3431398063740829","article_modified_time":"2024-12-18T12:31:56+00:00","og_image":[{"width":1792,"height":1024,"url":"https:\/\/nuevo-renacer.com\/wp-content\/uploads\/2024\/07\/436639405_7740235445996870_1700133049400122048_n.jpg","type":"image\/jpeg"}],"twitter_card":"summary_large_image","twitter_misc":{"Tahmini okuma s\u00fcresi":"1 dakika"},"schema":{"@context":"https:\/\/schema.org","@graph":[{"@type":"WebPage","@id":"https:\/\/nuevo-renacer.com\/a-donde-vamos-cuando-desencarnamos\/","url":"https:\/\/nuevo-renacer.com\/a-donde-vamos-cuando-desencarnamos\/","name":"A d\u00f3nde vamos cuando desencarnamos - Uni\u00f3n Esp\u00edrita","isPartOf":{"@id":"https:\/\/nuevo-renacer.com\/#website"},"primaryImageOfPage":{"@id":"https:\/\/nuevo-renacer.com\/a-donde-vamos-cuando-desencarnamos\/#primaryimage"},"image":{"@id":"https:\/\/nuevo-renacer.com\/a-donde-vamos-cuando-desencarnamos\/#primaryimage"},"thumbnailUrl":"https:\/\/nuevo-renacer.com\/wp-content\/uploads\/2024\/07\/436639405_7740235445996870_1700133049400122048_n.jpg","datePublished":"2024-07-17T07:02:28+00:00","dateModified":"2024-12-18T12:31:56+00:00","breadcrumb":{"@id":"https:\/\/nuevo-renacer.com\/a-donde-vamos-cuando-desencarnamos\/#breadcrumb"},"inLanguage":"tr","potentialAction":[{"@type":"ReadAction","target":["https:\/\/nuevo-renacer.com\/a-donde-vamos-cuando-desencarnamos\/"]}]},{"@type":"ImageObject","inLanguage":"tr","@id":"https:\/\/nuevo-renacer.com\/a-donde-vamos-cuando-desencarnamos\/#primaryimage","url":"https:\/\/nuevo-renacer.com\/wp-content\/uploads\/2024\/07\/436639405_7740235445996870_1700133049400122048_n.jpg","contentUrl":"https:\/\/nuevo-renacer.com\/wp-content\/uploads\/2024\/07\/436639405_7740235445996870_1700133049400122048_n.jpg","width":1792,"height":1024},{"@type":"BreadcrumbList","@id":"https:\/\/nuevo-renacer.com\/a-donde-vamos-cuando-desencarnamos\/#breadcrumb","itemListElement":[{"@type":"ListItem","position":1,"name":"Startseite","item":"https:\/\/nuevo-renacer.com\/"},{"@type":"ListItem","position":2,"name":"A d\u00f3nde vamos cuando desencarnamos"}]},{"@type":"WebSite","@id":"https:\/\/nuevo-renacer.com\/#website","url":"https:\/\/nuevo-renacer.com\/","name":"Uni\u00f3n Esp\u00edrita","description":"Nuevo Renacer","publisher":{"@id":"https:\/\/nuevo-renacer.com\/#organization"},"potentialAction":[{"@type":"SearchAction","target":{"@type":"EntryPoint","urlTemplate":"https:\/\/nuevo-renacer.com\/?s={search_term_string}"},"query-input":{"@type":"PropertyValueSpecification","valueRequired":true,"valueName":"search_term_string"}}],"inLanguage":"tr"},{"@type":"Organization","@id":"https:\/\/nuevo-renacer.com\/#organization","name":"UFEC","url":"https:\/\/nuevo-renacer.com\/","logo":{"@type":"ImageObject","inLanguage":"tr","@id":"https:\/\/nuevo-renacer.com\/#\/schema\/logo\/image\/","url":"https:\/\/nuevo-renacer.com\/wp-content\/uploads\/2024\/05\/cropped-LOGO-TERMINADO1-3-3.png","contentUrl":"https:\/\/nuevo-renacer.com\/wp-content\/uploads\/2024\/05\/cropped-LOGO-TERMINADO1-3-3.png","width":512,"height":512,"caption":"UFEC"},"image":{"@id":"https:\/\/nuevo-renacer.com\/#\/schema\/logo\/image\/"},"sameAs":["https:\/\/www.facebook.com\/groups\/3431398063740829"]}]}},"uagb_featured_image_src":{"full":["https:\/\/nuevo-renacer.com\/wp-content\/uploads\/2024\/07\/436639405_7740235445996870_1700133049400122048_n.jpg",1792,1024,false],"thumbnail":["https:\/\/nuevo-renacer.com\/wp-content\/uploads\/2024\/07\/436639405_7740235445996870_1700133049400122048_n-150x150.jpg",150,150,true],"medium":["https:\/\/nuevo-renacer.com\/wp-content\/uploads\/2024\/07\/436639405_7740235445996870_1700133049400122048_n-300x171.jpg",300,171,true],"medium_large":["https:\/\/nuevo-renacer.com\/wp-content\/uploads\/2024\/07\/436639405_7740235445996870_1700133049400122048_n-768x439.jpg",768,439,true],"large":["https:\/\/nuevo-renacer.com\/wp-content\/uploads\/2024\/07\/436639405_7740235445996870_1700133049400122048_n-1024x585.jpg",1024,585,true],"1536x1536":["https:\/\/nuevo-renacer.com\/wp-content\/uploads\/2024\/07\/436639405_7740235445996870_1700133049400122048_n-1536x878.jpg",1536,878,true],"2048x2048":["https:\/\/nuevo-renacer.com\/wp-content\/uploads\/2024\/07\/436639405_7740235445996870_1700133049400122048_n.jpg",1792,1024,false],"trp-custom-language-flag":["https:\/\/nuevo-renacer.com\/wp-content\/uploads\/2024\/07\/436639405_7740235445996870_1700133049400122048_n-18x10.jpg",18,10,true]},"uagb_author_info":{"display_name":"adbv0","author_link":"https:\/\/nuevo-renacer.com\/tr\/author\/adbv0\/"},"uagb_comment_info":0,"uagb_excerpt":"A d\u00f3nde vamos cuando desencarnamos En primer lugar, debemos darnos cuenta de que no somos un cuerpo biol\u00f3gico animado, sino almas encarnadas en un cuerpo f\u00edsico para llevar a cabo nuestro desarrollo moral espiritual en este planeta reencarnante. A partir de esta aceptaci\u00f3n, podemos aceptar o comprender que cuando desencarnamos, el alma vuelve a su&hellip;","jetpack_sharing_enabled":true,"_links":{"self":[{"href":"https:\/\/nuevo-renacer.com\/tr\/wp-json\/wp\/v2\/pages\/3911","targetHints":{"allow":["GET"]}}],"collection":[{"href":"https:\/\/nuevo-renacer.com\/tr\/wp-json\/wp\/v2\/pages"}],"about":[{"href":"https:\/\/nuevo-renacer.com\/tr\/wp-json\/wp\/v2\/types\/page"}],"author":[{"embeddable":true,"href":"https:\/\/nuevo-renacer.com\/tr\/wp-json\/wp\/v2\/users\/1"}],"replies":[{"embeddable":true,"href":"https:\/\/nuevo-renacer.com\/tr\/wp-json\/wp\/v2\/comments?post=3911"}],"version-history":[{"count":3,"href":"https:\/\/nuevo-renacer.com\/tr\/wp-json\/wp\/v2\/pages\/3911\/revisions"}],"predecessor-version":[{"id":6560,"href":"https:\/\/nuevo-renacer.com\/tr\/wp-json\/wp\/v2\/pages\/3911\/revisions\/6560"}],"wp:featuredmedia":[{"embeddable":true,"href":"https:\/\/nuevo-renacer.com\/tr\/wp-json\/wp\/v2\/media\/3913"}],"wp:attachment":[{"href":"https:\/\/nuevo-renacer.com\/tr\/wp-json\/wp\/v2\/media?parent=3911"}],"curies":[{"name":"wp","href":"https:\/\/api.w.org\/{rel}","templated":true}]}}