{"id":3872,"date":"2024-07-16T12:40:52","date_gmt":"2024-07-16T12:40:52","guid":{"rendered":"https:\/\/ufec-mundial.com\/?page_id=3872"},"modified":"2024-07-16T12:40:55","modified_gmt":"2024-07-16T12:40:55","slug":"buscar-la-perfeccion","status":"publish","type":"page","link":"https:\/\/nuevo-renacer.com\/tr\/buscar-la-perfeccion\/","title":{"rendered":"M\u00fckemmelli\u011fi aray\u0131n"},"content":{"rendered":"<div class=\"wp-block-uagb-container uagb-block-99ddfb64 alignfull uagb-is-root-container\"><div class=\"uagb-container-inner-blocks-wrap\">\n<p class=\"has-black-color has-text-color has-link-color has-medium-font-size wp-elements-efd4008642adf64e61fd9c352b8c787e\"><strong>M\u00fckemmelli\u011fi aray\u0131n<\/strong><\/p>\n<\/div><\/div>\n\n\n\n<div class=\"wp-block-uagb-container uagb-block-d889a4ed alignfull uagb-is-root-container\"><div class=\"uagb-container-inner-blocks-wrap\">\n<figure class=\"wp-block-image size-full is-resized\"><img fetchpriority=\"high\" decoding=\"async\" width=\"595\" height=\"360\" src=\"https:\/\/ufec-mundial.com\/wp-content\/uploads\/2024\/07\/360_F_588784873_LtvDnU9RqBQnBOW2mgKcph0HBGzzxON0.jpg\" alt=\"\" class=\"wp-image-3873\" style=\"width:407px;height:auto\" srcset=\"https:\/\/nuevo-renacer.com\/wp-content\/uploads\/2024\/07\/360_F_588784873_LtvDnU9RqBQnBOW2mgKcph0HBGzzxON0.jpg 595w, https:\/\/nuevo-renacer.com\/wp-content\/uploads\/2024\/07\/360_F_588784873_LtvDnU9RqBQnBOW2mgKcph0HBGzzxON0-300x182.jpg 300w, https:\/\/nuevo-renacer.com\/wp-content\/uploads\/2024\/07\/360_F_588784873_LtvDnU9RqBQnBOW2mgKcph0HBGzzxON0-18x12.jpg 18w\" sizes=\"(max-width: 595px) 100vw, 595px\" \/><\/figure>\n<\/div><\/div>\n\n\n\n<div class=\"wp-block-uagb-container uagb-block-d1f28f7b alignfull uagb-is-root-container\"><div class=\"uagb-container-inner-blocks-wrap\">\n<p class=\"has-black-color has-text-color has-link-color has-small-font-size wp-elements-045876123eaaaa55f7278458f92b9c08\">M\u00fckemmellik, en iyisini yapma ilgisiyle yapt\u0131\u011f\u0131m\u0131z i\u015fte ortaya \u00e7\u0131kan g\u00fczelliktir.<\/p>\n\n\n\n<p class=\"has-black-color has-text-color has-link-color has-small-font-size wp-elements-191acc8defc6bb80b59d4b098da0c07a\">Yapt\u0131\u011f\u0131m\u0131z her \u015feyde, konu\u015ftu\u011funuz veya yazd\u0131\u011f\u0131n\u0131z her \u015feyde m\u00fckemmelli\u011fi arar\u0131z. Hayat\u0131m\u0131z\u0131n basit bir eyleminde ba\u015flar ve sevginin dolulu\u011funa ula\u015fmay\u0131 ba\u015faran ruhun ihti\u015fam\u0131yla parlar. Eksikliklerimizin k\u00f6t\u00fc niyetiyle, evin i\u00e7indeki ilk \u00f6vg\u00fclerden ba\u015flayarak t\u00fcm g\u00fcnlerin m\u00fckemmelli\u011fi hakk\u0131nda d\u00fc\u015f\u00fcnmek iyi bir se\u00e7imdir, bu nedenle g\u00fcnl\u00fck y\u00fck\u00fcml\u00fcl\u00fcklerimizde vermeniz gereken en b\u00fcy\u00fck kararlar.<\/p>\n\n\n\n<p class=\"has-black-color has-text-color has-link-color has-small-font-size wp-elements-919bfcd46b6ce34971bc8d63a834f145\">Y\u00fcksek ruhlar bunu ciddiye al\u0131r, her zaman en iyisini yapmak i\u00e7in sonsuz yollar ararlar, \u00e7\u00fcnk\u00fc Tanr\u0131&#039;n\u0131n yarat\u0131l\u0131\u015f\u0131nda, her \u015feyi m\u00fckemmel d\u00fczende yans\u0131tt\u0131\u011f\u0131n\u0131 hisseder ve g\u00f6r\u00fcrler. \u0130lahi uyum, atom bilgisinden evrende dola\u015fan d\u00fcnyalar\u0131n konserine kadar \u015fark\u0131 s\u00f6yler. D\u00fc\u015f\u00fcncelerimiz zihinsel d\u00fcnyam\u0131zda ortaya \u00e7\u0131ksa da, genellikle oldu\u011fu gibi da\u011f\u0131n\u0131k olsa da, fikirleri de\u011fi\u015ftirmeye \u00e7al\u0131\u015fmak bizim g\u00f6revimizdir.<\/p>\n\n\n\n<p class=\"has-black-color has-text-color has-link-color has-small-font-size wp-elements-12fda21c68d0fd5579f9cb06bc53ece0\">\u0130lk ad\u0131m olan m\u00fckemmelli\u011fi d\u00fc\u015f\u00fcn\u00fcn ve d\u00fc\u015f\u00fcncelerin olgunlu\u011fu \u00fczerinde \u00e7al\u0131\u015fmak, i\u00e7 ve d\u0131\u015f d\u00fcnyam\u0131z olabilecek G\u00fczel olan\u0131n ba\u015flang\u0131c\u0131d\u0131r. \u0130nsanl\u0131\u011f\u0131n b\u00fcy\u00fck dahileri, m\u00fckemmellik a\u015fk\u0131 i\u00e7in hikayede \u0131\u015f\u0131k izlerini b\u0131rakt\u0131lar. S\u00fcrekli olarak her \u015feyi evrenin d\u00fczeni i\u00e7inde yapmaya \u00e7al\u0131\u015ft\u0131lar ve bu onlar\u0131 herkesin hayranl\u0131\u011f\u0131na ve sayg\u0131s\u0131na g\u00f6t\u00fcren \u015feydi.<\/p>\n\n\n\n<p class=\"has-black-color has-text-color has-link-color has-small-font-size wp-elements-f4a7cfeb528cdc16ae399f016d2f90ba\">Etraf\u0131m\u0131zdaki tek \u015fey, \u0131\u015f\u0131\u011f\u0131 veya karanl\u0131\u011f\u0131 bize, ya\u015fam i\u00e7in ne yapmam\u0131z gerekti\u011fine ba\u011fl\u0131 olan manevi bir atmosfer. Ve her \u015feyi \u00f6zenle yapmay\u0131 d\u00fc\u015f\u00fcnmeye ba\u015flarsak, bizi \u00e7evreleyen ve olmak istediklerimizin g\u00fcvenli\u011finde bize yard\u0131mc\u0131 olan o olumlu g\u00fcc\u00fc yarat\u0131r\u0131z. Sabahlar\u0131 basit tuvaletle ba\u015flay\u0131n, aferin, abartmadan parma\u011f\u0131n\u0131z\u0131n fanatizmiyle dokunuyorum, bu nedenle yapt\u0131\u011f\u0131n\u0131z her \u015fey i\u00e7in m\u00fckemmellik otomatik olarak ger\u00e7ekle\u015fecek.<\/p>\n\n\n\n<p class=\"has-black-color has-text-color has-link-color has-small-font-size wp-elements-15547e84290811e258638131033f1ee7\">Yiyecek, giyecek ve bar\u0131nma yerlerinizi ihmal edemezsiniz, at\u0131klar olmadan ve at\u0131klar i\u015finizi rahats\u0131z etmek i\u00e7in size e\u015flik edecektir. Jestlerin bile m\u00fckemmel olacak. Y\u00fcr\u00fcd\u00fc\u011f\u00fcm\u00fcz yerde G\u00fczelin t\u00fcm o k\u0131sm\u0131 sevindirir ve sevindirir; ve en y\u00fcksek m\u00fckemmellik, bunu hat\u0131rlamakta fayda var, m\u00fckemmel sadelikte. Buraday\u0131m \u00e7\u00fcnk\u00fc Mesih kalpleri kazand\u0131 ve t\u00fcm halklar\u0131n tarihinde unutulmaz hale geldi ve O&#039;na olan hayranl\u0131\u011f\u0131m\u0131z artt\u0131k\u00e7a siz de biliyorsunuz. O, ger\u00e7ek m\u00fckemmelli\u011fin kal\u0131b\u0131d\u0131r ve bize g\u00fc\u00e7l\u00fc bir te\u015fvik b\u0131rakt\u0131: \u201cCennetteki Baban\u0131z ne kadar m\u00fckemmel olursa olsun m\u00fckemmel olun.\u201d<\/p>\n\n\n\n<p class=\"has-black-color has-text-color has-link-color has-small-font-size wp-elements-7923a7d354e00b052ea68ea35da2da45\">Her g\u00fcn duygular\u0131n\u0131zda daha b\u00fcy\u00fck bir vizyona a\u00e7\u0131lacak \u015feyleri analiz etmeye ba\u015flay\u0131n ve bununla ellerinizin birbirine de\u011fdi\u011fi her \u015feyde Tanr\u0131&#039;n\u0131n m\u00fckemmelli\u011fini hissedeceksiniz. Size sa\u011fl\u0131\u011f\u0131n m\u00fckemmellik ile e\u015fanlaml\u0131 oldu\u011funu s\u00f6ylemek istiyoruz. Organik ve psi\u015fi\u011fi dengelemek istiyorsan\u0131z, ara\u015ft\u0131rmay\u0131 bu \u00f6zelli\u011fe y\u00f6nlendirin harika, her \u015feyi iyi yapmak ve fethetmekger\u00e7ek mutlulu\u011fumuzun avucudur.<\/p>\n\n\n\n<p class=\"has-black-color has-text-color has-link-color has-small-font-size wp-elements-0404854e5b02a66c719a0b43d556472d\">Cenneti getirmeyi unutmadan yery\u00fcz\u00fcndeki \u015feyler i\u00e7in \u00e7al\u0131\u015f\u0131n. Tamamen a\u00e7\u0131k olmak i\u00e7in tekrar yapaca\u011f\u0131z: a\u015f\u0131r\u0131 \u00f6zene dikkat edin; inat\u00e7\u0131l\u0131k dengesizli\u011fe a\u00e7\u0131k bir aland\u0131r ve o zaman istedi\u011fimizin g\u00fczelli\u011finden elimizden ka\u00e7ar.<\/p>\n\n\n\n<p class=\"has-black-color has-text-color has-link-color has-small-font-size wp-elements-253b889ffcf3332c67047b4fe440073f\">E\u011fer sa\u011fl\u0131k ar\u0131yorsan\u0131z, ilk etapta, iyi anlamda sahip olabilece\u011finiz \u015feyleri yapman\u0131z gerekir.<\/p>\n<\/div><\/div>","protected":false},"excerpt":{"rendered":"<p>Buscar la perfecci\u00f3n La perfecci\u00f3n es la belleza que aparece en aquello que hacemos con el inter\u00e9s de hacer lo mejor. Debemos buscar la perfecci\u00f3n en todo lo que hacemos, en todo lo que hablamos o escribimos. Ella comienza en un simple acto de nuestra vida y resplandece en la gloria del alma que consigui\u00f3 [&hellip;]<\/p>","protected":false},"author":1,"featured_media":3873,"parent":0,"menu_order":0,"comment_status":"closed","ping_status":"closed","template":"","meta":{"_uag_custom_page_level_css":"","site-sidebar-layout":"default","site-content-layout":"","ast-site-content-layout":"default","site-content-style":"default","site-sidebar-style":"default","ast-global-header-display":"","ast-banner-title-visibility":"","ast-main-header-display":"","ast-hfb-above-header-display":"","ast-hfb-below-header-display":"","ast-hfb-mobile-header-display":"","site-post-title":"disabled","ast-breadcrumbs-content":"","ast-featured-img":"","footer-sml-layout":"","theme-transparent-header-meta":"","adv-header-id-meta":"","stick-header-meta":"","header-above-stick-meta":"","header-main-stick-meta":"","header-below-stick-meta":"","astra-migrate-meta-layouts":"set","ast-page-background-enabled":"default","ast-page-background-meta":{"desktop":{"background-color":"var(--ast-global-color-4)","background-image":"","background-repeat":"repeat","background-position":"center center","background-size":"auto","background-attachment":"scroll","background-type":"","background-media":"","overlay-type":"","overlay-color":"","overlay-opacity":"","overlay-gradient":""},"tablet":{"background-color":"","background-image":"","background-repeat":"repeat","background-position":"center center","background-size":"auto","background-attachment":"scroll","background-type":"","background-media":"","overlay-type":"","overlay-color":"","overlay-opacity":"","overlay-gradient":""},"mobile":{"background-color":"","background-image":"","background-repeat":"repeat","background-position":"center center","background-size":"auto","background-attachment":"scroll","background-type":"","background-media":"","overlay-type":"","overlay-color":"","overlay-opacity":"","overlay-gradient":""}},"ast-content-background-meta":{"desktop":{"background-color":"var(--ast-global-color-5)","background-image":"","background-repeat":"repeat","background-position":"center center","background-size":"auto","background-attachment":"scroll","background-type":"","background-media":"","overlay-type":"","overlay-color":"","overlay-opacity":"","overlay-gradient":""},"tablet":{"background-color":"var(--ast-global-color-5)","background-image":"","background-repeat":"repeat","background-position":"center center","background-size":"auto","background-attachment":"scroll","background-type":"","background-media":"","overlay-type":"","overlay-color":"","overlay-opacity":"","overlay-gradient":""},"mobile":{"background-color":"var(--ast-global-color-5)","background-image":"","background-repeat":"repeat","background-position":"center center","background-size":"auto","background-attachment":"scroll","background-type":"","background-media":"","overlay-type":"","overlay-color":"","overlay-opacity":"","overlay-gradient":""}},"footnotes":""},"class_list":["post-3872","page","type-page","status-publish","has-post-thumbnail","hentry"],"yoast_head":"<!-- This site is optimized with the Yoast SEO Premium plugin v24.2 (Yoast SEO v24.6) - https:\/\/yoast.com\/wordpress\/plugins\/seo\/ -->\n<title>Buscar la perfecci\u00f3n - Uni\u00f3n Esp\u00edrita<\/title>\n<meta name=\"robots\" content=\"index, follow, max-snippet:-1, max-image-preview:large, max-video-preview:-1\" \/>\n<link rel=\"canonical\" href=\"https:\/\/nuevo-renacer.com\/tr\/buscar-la-perfeccion\/\" \/>\n<meta property=\"og:locale\" content=\"tr_TR\" \/>\n<meta property=\"og:type\" content=\"article\" \/>\n<meta property=\"og:title\" content=\"Buscar la perfecci\u00f3n\" \/>\n<meta property=\"og:description\" content=\"Buscar la perfecci\u00f3n La perfecci\u00f3n es la belleza que aparece en aquello que hacemos con el inter\u00e9s de hacer lo mejor. Debemos buscar la perfecci\u00f3n en todo lo que hacemos, en todo lo que hablamos o escribimos. Ella comienza en un simple acto de nuestra vida y resplandece en la gloria del alma que consigui\u00f3 [&hellip;]\" \/>\n<meta property=\"og:url\" content=\"https:\/\/nuevo-renacer.com\/tr\/buscar-la-perfeccion\/\" \/>\n<meta property=\"og:site_name\" content=\"Uni\u00f3n Esp\u00edrita\" \/>\n<meta property=\"article:publisher\" content=\"https:\/\/www.facebook.com\/groups\/3431398063740829\" \/>\n<meta property=\"article:modified_time\" content=\"2024-07-16T12:40:55+00:00\" \/>\n<meta property=\"og:image\" content=\"https:\/\/nuevo-renacer.com\/wp-content\/uploads\/2024\/07\/360_F_588784873_LtvDnU9RqBQnBOW2mgKcph0HBGzzxON0.jpg\" \/>\n\t<meta property=\"og:image:width\" content=\"595\" \/>\n\t<meta property=\"og:image:height\" content=\"360\" \/>\n\t<meta property=\"og:image:type\" content=\"image\/jpeg\" \/>\n<meta name=\"twitter:card\" content=\"summary_large_image\" \/>\n<meta name=\"twitter:label1\" content=\"Tahmini okuma s\u00fcresi\" \/>\n\t<meta name=\"twitter:data1\" content=\"3 dakika\" \/>\n<script type=\"application\/ld+json\" class=\"yoast-schema-graph\">{\"@context\":\"https:\/\/schema.org\",\"@graph\":[{\"@type\":\"WebPage\",\"@id\":\"https:\/\/nuevo-renacer.com\/buscar-la-perfeccion\/\",\"url\":\"https:\/\/nuevo-renacer.com\/buscar-la-perfeccion\/\",\"name\":\"Buscar la perfecci\u00f3n - Uni\u00f3n Esp\u00edrita\",\"isPartOf\":{\"@id\":\"https:\/\/nuevo-renacer.com\/#website\"},\"primaryImageOfPage\":{\"@id\":\"https:\/\/nuevo-renacer.com\/buscar-la-perfeccion\/#primaryimage\"},\"image\":{\"@id\":\"https:\/\/nuevo-renacer.com\/buscar-la-perfeccion\/#primaryimage\"},\"thumbnailUrl\":\"https:\/\/nuevo-renacer.com\/wp-content\/uploads\/2024\/07\/360_F_588784873_LtvDnU9RqBQnBOW2mgKcph0HBGzzxON0.jpg\",\"datePublished\":\"2024-07-16T12:40:52+00:00\",\"dateModified\":\"2024-07-16T12:40:55+00:00\",\"breadcrumb\":{\"@id\":\"https:\/\/nuevo-renacer.com\/buscar-la-perfeccion\/#breadcrumb\"},\"inLanguage\":\"tr\",\"potentialAction\":[{\"@type\":\"ReadAction\",\"target\":[\"https:\/\/nuevo-renacer.com\/buscar-la-perfeccion\/\"]}]},{\"@type\":\"ImageObject\",\"inLanguage\":\"tr\",\"@id\":\"https:\/\/nuevo-renacer.com\/buscar-la-perfeccion\/#primaryimage\",\"url\":\"https:\/\/nuevo-renacer.com\/wp-content\/uploads\/2024\/07\/360_F_588784873_LtvDnU9RqBQnBOW2mgKcph0HBGzzxON0.jpg\",\"contentUrl\":\"https:\/\/nuevo-renacer.com\/wp-content\/uploads\/2024\/07\/360_F_588784873_LtvDnU9RqBQnBOW2mgKcph0HBGzzxON0.jpg\",\"width\":595,\"height\":360},{\"@type\":\"BreadcrumbList\",\"@id\":\"https:\/\/nuevo-renacer.com\/buscar-la-perfeccion\/#breadcrumb\",\"itemListElement\":[{\"@type\":\"ListItem\",\"position\":1,\"name\":\"Startseite\",\"item\":\"https:\/\/nuevo-renacer.com\/\"},{\"@type\":\"ListItem\",\"position\":2,\"name\":\"Buscar la perfecci\u00f3n\"}]},{\"@type\":\"WebSite\",\"@id\":\"https:\/\/nuevo-renacer.com\/#website\",\"url\":\"https:\/\/nuevo-renacer.com\/\",\"name\":\"Uni\u00f3n Esp\u00edrita\",\"description\":\"Nuevo Renacer\",\"publisher\":{\"@id\":\"https:\/\/nuevo-renacer.com\/#organization\"},\"potentialAction\":[{\"@type\":\"SearchAction\",\"target\":{\"@type\":\"EntryPoint\",\"urlTemplate\":\"https:\/\/nuevo-renacer.com\/?s={search_term_string}\"},\"query-input\":{\"@type\":\"PropertyValueSpecification\",\"valueRequired\":true,\"valueName\":\"search_term_string\"}}],\"inLanguage\":\"tr\"},{\"@type\":\"Organization\",\"@id\":\"https:\/\/nuevo-renacer.com\/#organization\",\"name\":\"UFEC\",\"url\":\"https:\/\/nuevo-renacer.com\/\",\"logo\":{\"@type\":\"ImageObject\",\"inLanguage\":\"tr\",\"@id\":\"https:\/\/nuevo-renacer.com\/#\/schema\/logo\/image\/\",\"url\":\"https:\/\/nuevo-renacer.com\/wp-content\/uploads\/2024\/05\/cropped-LOGO-TERMINADO1-3-3.png\",\"contentUrl\":\"https:\/\/nuevo-renacer.com\/wp-content\/uploads\/2024\/05\/cropped-LOGO-TERMINADO1-3-3.png\",\"width\":512,\"height\":512,\"caption\":\"UFEC\"},\"image\":{\"@id\":\"https:\/\/nuevo-renacer.com\/#\/schema\/logo\/image\/\"},\"sameAs\":[\"https:\/\/www.facebook.com\/groups\/3431398063740829\"]}]}<\/script>\n<!-- \/ Yoast SEO Premium plugin. -->","yoast_head_json":{"title":"Buscar la perfecci\u00f3n - Uni\u00f3n Esp\u00edrita","robots":{"index":"index","follow":"follow","max-snippet":"max-snippet:-1","max-image-preview":"max-image-preview:large","max-video-preview":"max-video-preview:-1"},"canonical":"https:\/\/nuevo-renacer.com\/tr\/buscar-la-perfeccion\/","og_locale":"tr_TR","og_type":"article","og_title":"Buscar la perfecci\u00f3n","og_description":"Buscar la perfecci\u00f3n La perfecci\u00f3n es la belleza que aparece en aquello que hacemos con el inter\u00e9s de hacer lo mejor. Debemos buscar la perfecci\u00f3n en todo lo que hacemos, en todo lo que hablamos o escribimos. Ella comienza en un simple acto de nuestra vida y resplandece en la gloria del alma que consigui\u00f3 [&hellip;]","og_url":"https:\/\/nuevo-renacer.com\/tr\/buscar-la-perfeccion\/","og_site_name":"Uni\u00f3n Esp\u00edrita","article_publisher":"https:\/\/www.facebook.com\/groups\/3431398063740829","article_modified_time":"2024-07-16T12:40:55+00:00","og_image":[{"width":595,"height":360,"url":"https:\/\/nuevo-renacer.com\/wp-content\/uploads\/2024\/07\/360_F_588784873_LtvDnU9RqBQnBOW2mgKcph0HBGzzxON0.jpg","type":"image\/jpeg"}],"twitter_card":"summary_large_image","twitter_misc":{"Tahmini okuma s\u00fcresi":"3 dakika"},"schema":{"@context":"https:\/\/schema.org","@graph":[{"@type":"WebPage","@id":"https:\/\/nuevo-renacer.com\/buscar-la-perfeccion\/","url":"https:\/\/nuevo-renacer.com\/buscar-la-perfeccion\/","name":"Buscar la perfecci\u00f3n - Uni\u00f3n Esp\u00edrita","isPartOf":{"@id":"https:\/\/nuevo-renacer.com\/#website"},"primaryImageOfPage":{"@id":"https:\/\/nuevo-renacer.com\/buscar-la-perfeccion\/#primaryimage"},"image":{"@id":"https:\/\/nuevo-renacer.com\/buscar-la-perfeccion\/#primaryimage"},"thumbnailUrl":"https:\/\/nuevo-renacer.com\/wp-content\/uploads\/2024\/07\/360_F_588784873_LtvDnU9RqBQnBOW2mgKcph0HBGzzxON0.jpg","datePublished":"2024-07-16T12:40:52+00:00","dateModified":"2024-07-16T12:40:55+00:00","breadcrumb":{"@id":"https:\/\/nuevo-renacer.com\/buscar-la-perfeccion\/#breadcrumb"},"inLanguage":"tr","potentialAction":[{"@type":"ReadAction","target":["https:\/\/nuevo-renacer.com\/buscar-la-perfeccion\/"]}]},{"@type":"ImageObject","inLanguage":"tr","@id":"https:\/\/nuevo-renacer.com\/buscar-la-perfeccion\/#primaryimage","url":"https:\/\/nuevo-renacer.com\/wp-content\/uploads\/2024\/07\/360_F_588784873_LtvDnU9RqBQnBOW2mgKcph0HBGzzxON0.jpg","contentUrl":"https:\/\/nuevo-renacer.com\/wp-content\/uploads\/2024\/07\/360_F_588784873_LtvDnU9RqBQnBOW2mgKcph0HBGzzxON0.jpg","width":595,"height":360},{"@type":"BreadcrumbList","@id":"https:\/\/nuevo-renacer.com\/buscar-la-perfeccion\/#breadcrumb","itemListElement":[{"@type":"ListItem","position":1,"name":"Startseite","item":"https:\/\/nuevo-renacer.com\/"},{"@type":"ListItem","position":2,"name":"Buscar la perfecci\u00f3n"}]},{"@type":"WebSite","@id":"https:\/\/nuevo-renacer.com\/#website","url":"https:\/\/nuevo-renacer.com\/","name":"Uni\u00f3n Esp\u00edrita","description":"Nuevo Renacer","publisher":{"@id":"https:\/\/nuevo-renacer.com\/#organization"},"potentialAction":[{"@type":"SearchAction","target":{"@type":"EntryPoint","urlTemplate":"https:\/\/nuevo-renacer.com\/?s={search_term_string}"},"query-input":{"@type":"PropertyValueSpecification","valueRequired":true,"valueName":"search_term_string"}}],"inLanguage":"tr"},{"@type":"Organization","@id":"https:\/\/nuevo-renacer.com\/#organization","name":"UFEC","url":"https:\/\/nuevo-renacer.com\/","logo":{"@type":"ImageObject","inLanguage":"tr","@id":"https:\/\/nuevo-renacer.com\/#\/schema\/logo\/image\/","url":"https:\/\/nuevo-renacer.com\/wp-content\/uploads\/2024\/05\/cropped-LOGO-TERMINADO1-3-3.png","contentUrl":"https:\/\/nuevo-renacer.com\/wp-content\/uploads\/2024\/05\/cropped-LOGO-TERMINADO1-3-3.png","width":512,"height":512,"caption":"UFEC"},"image":{"@id":"https:\/\/nuevo-renacer.com\/#\/schema\/logo\/image\/"},"sameAs":["https:\/\/www.facebook.com\/groups\/3431398063740829"]}]}},"uagb_featured_image_src":{"full":["https:\/\/nuevo-renacer.com\/wp-content\/uploads\/2024\/07\/360_F_588784873_LtvDnU9RqBQnBOW2mgKcph0HBGzzxON0.jpg",595,360,false],"thumbnail":["https:\/\/nuevo-renacer.com\/wp-content\/uploads\/2024\/07\/360_F_588784873_LtvDnU9RqBQnBOW2mgKcph0HBGzzxON0-150x150.jpg",150,150,true],"medium":["https:\/\/nuevo-renacer.com\/wp-content\/uploads\/2024\/07\/360_F_588784873_LtvDnU9RqBQnBOW2mgKcph0HBGzzxON0-300x182.jpg",300,182,true],"medium_large":["https:\/\/nuevo-renacer.com\/wp-content\/uploads\/2024\/07\/360_F_588784873_LtvDnU9RqBQnBOW2mgKcph0HBGzzxON0.jpg",595,360,false],"large":["https:\/\/nuevo-renacer.com\/wp-content\/uploads\/2024\/07\/360_F_588784873_LtvDnU9RqBQnBOW2mgKcph0HBGzzxON0.jpg",595,360,false],"1536x1536":["https:\/\/nuevo-renacer.com\/wp-content\/uploads\/2024\/07\/360_F_588784873_LtvDnU9RqBQnBOW2mgKcph0HBGzzxON0.jpg",595,360,false],"2048x2048":["https:\/\/nuevo-renacer.com\/wp-content\/uploads\/2024\/07\/360_F_588784873_LtvDnU9RqBQnBOW2mgKcph0HBGzzxON0.jpg",595,360,false],"trp-custom-language-flag":["https:\/\/nuevo-renacer.com\/wp-content\/uploads\/2024\/07\/360_F_588784873_LtvDnU9RqBQnBOW2mgKcph0HBGzzxON0-18x12.jpg",18,12,true]},"uagb_author_info":{"display_name":"adbv0","author_link":"https:\/\/nuevo-renacer.com\/tr\/author\/adbv0\/"},"uagb_comment_info":0,"uagb_excerpt":"Buscar la perfecci\u00f3n La perfecci\u00f3n es la belleza que aparece en aquello que hacemos con el inter\u00e9s de hacer lo mejor. Debemos buscar la perfecci\u00f3n en todo lo que hacemos, en todo lo que hablamos o escribimos. Ella comienza en un simple acto de nuestra vida y resplandece en la gloria del alma que consigui\u00f3&hellip;","jetpack_sharing_enabled":true,"_links":{"self":[{"href":"https:\/\/nuevo-renacer.com\/tr\/wp-json\/wp\/v2\/pages\/3872","targetHints":{"allow":["GET"]}}],"collection":[{"href":"https:\/\/nuevo-renacer.com\/tr\/wp-json\/wp\/v2\/pages"}],"about":[{"href":"https:\/\/nuevo-renacer.com\/tr\/wp-json\/wp\/v2\/types\/page"}],"author":[{"embeddable":true,"href":"https:\/\/nuevo-renacer.com\/tr\/wp-json\/wp\/v2\/users\/1"}],"replies":[{"embeddable":true,"href":"https:\/\/nuevo-renacer.com\/tr\/wp-json\/wp\/v2\/comments?post=3872"}],"version-history":[{"count":1,"href":"https:\/\/nuevo-renacer.com\/tr\/wp-json\/wp\/v2\/pages\/3872\/revisions"}],"predecessor-version":[{"id":3874,"href":"https:\/\/nuevo-renacer.com\/tr\/wp-json\/wp\/v2\/pages\/3872\/revisions\/3874"}],"wp:featuredmedia":[{"embeddable":true,"href":"https:\/\/nuevo-renacer.com\/tr\/wp-json\/wp\/v2\/media\/3873"}],"wp:attachment":[{"href":"https:\/\/nuevo-renacer.com\/tr\/wp-json\/wp\/v2\/media?parent=3872"}],"curies":[{"name":"wp","href":"https:\/\/api.w.org\/{rel}","templated":true}]}}