{"id":3865,"date":"2024-07-16T11:57:49","date_gmt":"2024-07-16T11:57:49","guid":{"rendered":"https:\/\/ufec-mundial.com\/?page_id=3865"},"modified":"2024-07-16T11:58:02","modified_gmt":"2024-07-16T11:58:02","slug":"las-personas-manipuladoras","status":"publish","type":"page","link":"https:\/\/nuevo-renacer.com\/tr\/las-personas-manipuladoras\/","title":{"rendered":"Manip\u00fclatif insanlar"},"content":{"rendered":"<div class=\"wp-block-uagb-container uagb-block-95478ae0 alignfull uagb-is-root-container\"><div class=\"uagb-container-inner-blocks-wrap\">\n<p class=\"has-black-color has-text-color has-link-color has-medium-font-size wp-elements-572baf4a8dcd5adb0a240224b93d7694\"><strong>Manip\u00fclatif insanlar<\/strong><\/p>\n<\/div><\/div>\n\n\n\n<div class=\"wp-block-uagb-container uagb-block-2f1bcb55 alignfull uagb-is-root-container\"><div class=\"uagb-container-inner-blocks-wrap\">\n<figure class=\"wp-block-image size-full is-resized\"><img fetchpriority=\"high\" decoding=\"async\" width=\"1600\" height=\"1280\" src=\"https:\/\/ufec-mundial.com\/wp-content\/uploads\/2024\/07\/manipulation-hirn-bild.jpeg\" alt=\"\" class=\"wp-image-3868\" style=\"width:479px;height:auto\" srcset=\"https:\/\/nuevo-renacer.com\/wp-content\/uploads\/2024\/07\/manipulation-hirn-bild.jpeg 1600w, https:\/\/nuevo-renacer.com\/wp-content\/uploads\/2024\/07\/manipulation-hirn-bild-300x240.jpeg 300w, https:\/\/nuevo-renacer.com\/wp-content\/uploads\/2024\/07\/manipulation-hirn-bild-768x614.jpeg 768w, https:\/\/nuevo-renacer.com\/wp-content\/uploads\/2024\/07\/manipulation-hirn-bild-1024x819.jpeg 1024w, https:\/\/nuevo-renacer.com\/wp-content\/uploads\/2024\/07\/manipulation-hirn-bild-1536x1229.jpeg 1536w, https:\/\/nuevo-renacer.com\/wp-content\/uploads\/2024\/07\/manipulation-hirn-bild-15x12.jpeg 15w\" sizes=\"(max-width: 1600px) 100vw, 1600px\" \/><\/figure>\n<\/div><\/div>\n\n\n\n<div class=\"wp-block-uagb-container uagb-block-41c1cb56 alignfull uagb-is-root-container\"><div class=\"uagb-container-inner-blocks-wrap\">\n<p class=\"has-black-color has-text-color has-link-color has-small-font-size wp-elements-fe42858a4411ba9298f613aeb10dff48\">Manip\u00fclatif bir ki\u015fi, kendi \u00e7\u0131karlar\u0131na ula\u015fmak i\u00e7in ba\u015fkalar\u0131n\u0131 kullanan ki\u015fidir. Hedeflerine ula\u015fmak i\u00e7in ba\u015fkalar\u0131n\u0131 kullan\u0131rlar ve ba\u015far\u0131l\u0131 olana kadar durmazlar.<\/p>\n\n\n\n<p class=\"has-black-color has-text-color has-link-color has-small-font-size wp-elements-e3977bf8f0cfd49b15b55b15c9f3dadd\">Manip\u00fclasyon, bir ki\u015finin belirli hedeflere ula\u015fmak i\u00e7in ba\u015fka bir ki\u015fiyi etkilemeye y\u00f6nelik tutumudur. Bir bireyin, manip\u00fclat\u00f6r\u00fcn kurnazl\u0131\u011f\u0131 nedeniyle bilin\u00e7sizce ya da korku, ba\u011fl\u0131l\u0131k veya su\u00e7luluk duygusuyla bilin\u00e7li olarak kendi arzusunu veya ilgilendi\u011fi \u015feyi elde etmesine yard\u0131mc\u0131 olmas\u0131 i\u00e7in ba\u015fka bir ki\u015fiyi kullanma \u015feklidir. Manip\u00fcle edilen ki\u015filer kendi arzular\u0131na ra\u011fmen bir ba\u015fkas\u0131n\u0131n kaprislerine boyun e\u011ferler. Bu durum genellikle arkada\u015flar aras\u0131nda, aile i\u00e7inde veya i\u015f yerinde meydana gelir.<\/p>\n\n\n\n<p class=\"has-black-color has-text-color has-link-color has-small-font-size wp-elements-e51c07af2c44a0d9c99732579e9846a3\">S\u00fcrekli olarak ba\u015fkalar\u0131 \u00fczerinde kontrol kurmaya \u00e7al\u0131\u015fan insanlar, hedeflerine ula\u015fmak i\u00e7in kulland\u0131klar\u0131 hilelerde \u00e7ok ince ve beceriklidirler ve niyetleri nadiren belli olur. Ne istediklerini tam olarak bilirler ve hi\u00e7bir \u015fey ya da hi\u00e7 kimse onlar\u0131 bundan al\u0131koyamaz. Eylemlerinin iyi mi yoksa k\u00f6t\u00fc m\u00fc oldu\u011funu d\u00fc\u015f\u00fcnmeden hareket ederler ve ba\u015fkalar\u0131n\u0131n kendileri hakk\u0131nda ne hissettiklerini \u00e7ok az \u00f6nemserler. \u00c7o\u011fu durumda sosyal becerilere sahip insanlard\u0131r. Komik, nazik, yarat\u0131c\u0131 ve b\u00fcy\u00fck bir \u00e7ekicili\u011fe sahiptirler.<\/p>\n\n\n\n<p class=\"has-black-color has-text-color has-link-color has-small-font-size wp-elements-eff26cabc0e38dccc17cbea6bd31eeef\">Manip\u00fclat\u00f6r i\u00e7in di\u011fer ki\u015finin kendi istedi\u011fi gibi davranmas\u0131n\u0131 veya kendisiyle ayn\u0131 fikirde olmas\u0131n\u0131 sa\u011flamak esast\u0131r. Aksi takdirde, onlar\u0131n dostlu\u011funu reddeder, onlarla daha fazla ili\u015fki kurmakla ilgilenmez. Buna ra\u011fmen, onlar\u0131 takdir etmese bile ili\u015fkilerinde samimi kal\u0131rlar. Onlara g\u00fcvenilmez, arkas\u0131ndan dedikodu yayma olas\u0131l\u0131klar\u0131 \u00e7ok y\u00fcksektir. Bu t\u00fcr davran\u0131\u015flar benlik sayg\u0131lar\u0131n\u0131 g\u00fc\u00e7lendirir, kendilerini cesur, \u00f6nemli ve g\u00fcvende hissetmelerini sa\u011flar, ancak genellikle olduk\u00e7a g\u00fcvensiz ve duygusal olarak olgunla\u015fmam\u0131\u015f olmalar\u0131na, reddedilmekten korkmalar\u0131na ve \u015fefkate ihtiya\u00e7 duymalar\u0131na ra\u011fmen. Bunun alt\u0131nda \u00f6zg\u00fcven sorunu ve ba\u015fkalar\u0131na ba\u011f\u0131ml\u0131l\u0131k yatar. Ba\u015fkalar\u0131n\u0131n onlar\u0131 desteklemesine ve i\u015flerini yapmalar\u0131n\u0131 kolayla\u015ft\u0131rmas\u0131na ihtiya\u00e7 duyarlar.<\/p>\n\n\n\n<p class=\"has-black-color has-text-color has-link-color has-small-font-size wp-elements-856d4f8839218101c443d20805cc322b\">Hepimiz hayat\u0131m\u0131z\u0131n bir noktas\u0131nda manip\u00fclatif insanlar haline gelebiliriz. Belirli zamanlarda veya belirli ko\u015fullarda hissetti\u011fimiz kontrol ihtiyac\u0131, hayat\u0131m\u0131z\u0131n belirli anlar\u0131nda ba\u015fkalar\u0131n\u0131 manip\u00fcle etmeye \u00e7al\u0131\u015fmam\u0131za neden olabilir.<\/p>\n\n\n\n<p class=\"has-black-color has-text-color has-link-color has-small-font-size wp-elements-87bfb387721e6d47118e8dc286b89874\">Manip\u00fcle edilen ki\u015filer genellikle olay ger\u00e7ekle\u015fene kadar manip\u00fcle edildiklerinin fark\u0131na varmazlar. O zaman kendilerini g\u00fc\u00e7s\u00fcz, \u00f6fkeli ve isteklerinin aksine hareket ettikleri ve kand\u0131r\u0131lmalar\u0131na izin verdikleri i\u00e7in hayal k\u0131r\u0131kl\u0131\u011f\u0131na u\u011fram\u0131\u015f hissederler. G\u00fcvenilir oldu\u011funu d\u00fc\u015f\u00fcnd\u00fckleri ve kendilerinden b\u00fcy\u00fck bir dostluk bekledikleri ki\u015filer taraf\u0131ndan ayart\u0131lmalar\u0131na ve ikna edilmelerine izin vermi\u015flerdir. Ancak sonu\u00e7, manip\u00fclat\u00f6r\u00fcn \u00e7\u0131karlar\u0131 i\u00e7in kullan\u0131lm\u0131\u015f olmalar\u0131 ve art\u0131k onlara ihtiya\u00e7lar\u0131 kalmad\u0131\u011f\u0131nda, onlara s\u0131rtlar\u0131n\u0131 d\u00f6nmeleri, art\u0131k onlar i\u00e7in yararl\u0131 olmamalar\u0131d\u0131r.<\/p>\n\n\n\n<p class=\"has-black-color has-text-color has-link-color has-small-font-size wp-elements-8d996be19ba374ebe5d1660052803245\">Bu ki\u015filerin ba\u015fkalar\u0131 \u00fczerinde s\u0131kl\u0131kla yaratt\u0131\u011f\u0131 hipnotize edici etki, manip\u00fcle edilen ki\u015filerin kabul etmedikleri ve hipnotize edici etki alt\u0131nda olmasalard\u0131 yapmayacaklar\u0131 eylemlerde bulunmalar\u0131na ya da yorumlar yapmalar\u0131na neden olur. T\u00fcm manip\u00fclatif insanlar ba\u015fkalar\u0131n\u0131 kontrol etme ihtiya\u00e7lar\u0131n\u0131n fark\u0131ndad\u0131r. Ancak bu, ba\u015fkalar\u0131n\u0131n haysiyetini ihlal eden ac\u0131nacak bir eylemdir. Bu nedenle bunun ba\u015f\u0131m\u0131za gelmesine izin vermemeliyiz; bunun i\u00e7in de her durumda bir ki\u015fi olarak b\u00fct\u00fcnl\u00fc\u011f\u00fcm\u00fcz\u00fc d\u00fc\u015f\u00fcnmeli ve bizi kullanmalar\u0131na izin vermemeliyiz. Onlarla m\u00fccadele etmek i\u00e7in bask\u0131lar\u0131na boyun e\u011fmemeliyiz. Bununla birlikte, en iyi tavsiye, manip\u00fclatif bir ki\u015finin arkada\u015fl\u0131\u011f\u0131ndan ka\u00e7\u0131nmak, m\u00fcmk\u00fcn olan en k\u0131sa s\u00fcrede onlardan kurtulmak veya onlara kar\u015f\u0131 durmakt\u0131r. Cep telefonunuzu kontrol etmelerine, program\u0131n\u0131z\u0131, arkada\u015fl\u0131\u011f\u0131n\u0131z\u0131, ev i\u015flerinizi, bo\u015f zaman\u0131n\u0131z\u0131 vb. kontrol etmelerine izin vermeyin.<\/p>\n<\/div><\/div>","protected":false},"excerpt":{"rendered":"<p>Las personas manipuladoras Una personas manipuladora es aquella que utiliza a los dem\u00e1s para conseguir sus propios intereses. Se sirven de los dem\u00e1s para conseguir sus objetivos y no cesan hasta que lo logran. La manipulaci\u00f3n es la actitud de una persona dirigida a influenciar a otra persona para conseguir determinados objetivos. Es la forma [&hellip;]<\/p>","protected":false},"author":1,"featured_media":3868,"parent":0,"menu_order":0,"comment_status":"closed","ping_status":"closed","template":"","meta":{"_uag_custom_page_level_css":"","site-sidebar-layout":"default","site-content-layout":"","ast-site-content-layout":"default","site-content-style":"default","site-sidebar-style":"default","ast-global-header-display":"","ast-banner-title-visibility":"","ast-main-header-display":"","ast-hfb-above-header-display":"","ast-hfb-below-header-display":"","ast-hfb-mobile-header-display":"","site-post-title":"disabled","ast-breadcrumbs-content":"","ast-featured-img":"","footer-sml-layout":"","theme-transparent-header-meta":"","adv-header-id-meta":"","stick-header-meta":"","header-above-stick-meta":"","header-main-stick-meta":"","header-below-stick-meta":"","astra-migrate-meta-layouts":"set","ast-page-background-enabled":"default","ast-page-background-meta":{"desktop":{"background-color":"var(--ast-global-color-4)","background-image":"","background-repeat":"repeat","background-position":"center center","background-size":"auto","background-attachment":"scroll","background-type":"","background-media":"","overlay-type":"","overlay-color":"","overlay-opacity":"","overlay-gradient":""},"tablet":{"background-color":"","background-image":"","background-repeat":"repeat","background-position":"center center","background-size":"auto","background-attachment":"scroll","background-type":"","background-media":"","overlay-type":"","overlay-color":"","overlay-opacity":"","overlay-gradient":""},"mobile":{"background-color":"","background-image":"","background-repeat":"repeat","background-position":"center center","background-size":"auto","background-attachment":"scroll","background-type":"","background-media":"","overlay-type":"","overlay-color":"","overlay-opacity":"","overlay-gradient":""}},"ast-content-background-meta":{"desktop":{"background-color":"var(--ast-global-color-5)","background-image":"","background-repeat":"repeat","background-position":"center center","background-size":"auto","background-attachment":"scroll","background-type":"","background-media":"","overlay-type":"","overlay-color":"","overlay-opacity":"","overlay-gradient":""},"tablet":{"background-color":"var(--ast-global-color-5)","background-image":"","background-repeat":"repeat","background-position":"center center","background-size":"auto","background-attachment":"scroll","background-type":"","background-media":"","overlay-type":"","overlay-color":"","overlay-opacity":"","overlay-gradient":""},"mobile":{"background-color":"var(--ast-global-color-5)","background-image":"","background-repeat":"repeat","background-position":"center center","background-size":"auto","background-attachment":"scroll","background-type":"","background-media":"","overlay-type":"","overlay-color":"","overlay-opacity":"","overlay-gradient":""}},"footnotes":""},"class_list":["post-3865","page","type-page","status-publish","has-post-thumbnail","hentry"],"yoast_head":"<!-- This site is optimized with the Yoast SEO Premium plugin v24.2 (Yoast SEO v24.6) - https:\/\/yoast.com\/wordpress\/plugins\/seo\/ -->\n<title>Las personas manipuladoras - Uni\u00f3n Esp\u00edrita<\/title>\n<meta name=\"robots\" content=\"index, follow, max-snippet:-1, max-image-preview:large, max-video-preview:-1\" \/>\n<link rel=\"canonical\" href=\"https:\/\/nuevo-renacer.com\/tr\/las-personas-manipuladoras\/\" \/>\n<meta property=\"og:locale\" content=\"tr_TR\" \/>\n<meta property=\"og:type\" content=\"article\" \/>\n<meta property=\"og:title\" content=\"Las personas manipuladoras\" \/>\n<meta property=\"og:description\" content=\"Las personas manipuladoras Una personas manipuladora es aquella que utiliza a los dem\u00e1s para conseguir sus propios intereses. Se sirven de los dem\u00e1s para conseguir sus objetivos y no cesan hasta que lo logran. La manipulaci\u00f3n es la actitud de una persona dirigida a influenciar a otra persona para conseguir determinados objetivos. Es la forma [&hellip;]\" \/>\n<meta property=\"og:url\" content=\"https:\/\/nuevo-renacer.com\/tr\/las-personas-manipuladoras\/\" \/>\n<meta property=\"og:site_name\" content=\"Uni\u00f3n Esp\u00edrita\" \/>\n<meta property=\"article:publisher\" content=\"https:\/\/www.facebook.com\/groups\/3431398063740829\" \/>\n<meta property=\"article:modified_time\" content=\"2024-07-16T11:58:02+00:00\" \/>\n<meta property=\"og:image\" content=\"https:\/\/nuevo-renacer.com\/wp-content\/uploads\/2024\/07\/manipulation-hirn-bild.jpeg\" \/>\n\t<meta property=\"og:image:width\" content=\"1600\" \/>\n\t<meta property=\"og:image:height\" content=\"1280\" \/>\n\t<meta property=\"og:image:type\" content=\"image\/jpeg\" \/>\n<meta name=\"twitter:card\" content=\"summary_large_image\" \/>\n<meta name=\"twitter:label1\" content=\"Tahmini okuma s\u00fcresi\" \/>\n\t<meta name=\"twitter:data1\" content=\"3 dakika\" \/>\n<script type=\"application\/ld+json\" class=\"yoast-schema-graph\">{\"@context\":\"https:\/\/schema.org\",\"@graph\":[{\"@type\":\"WebPage\",\"@id\":\"https:\/\/nuevo-renacer.com\/las-personas-manipuladoras\/\",\"url\":\"https:\/\/nuevo-renacer.com\/las-personas-manipuladoras\/\",\"name\":\"Las personas manipuladoras - Uni\u00f3n Esp\u00edrita\",\"isPartOf\":{\"@id\":\"https:\/\/nuevo-renacer.com\/#website\"},\"primaryImageOfPage\":{\"@id\":\"https:\/\/nuevo-renacer.com\/las-personas-manipuladoras\/#primaryimage\"},\"image\":{\"@id\":\"https:\/\/nuevo-renacer.com\/las-personas-manipuladoras\/#primaryimage\"},\"thumbnailUrl\":\"https:\/\/nuevo-renacer.com\/wp-content\/uploads\/2024\/07\/manipulation-hirn-bild.jpeg\",\"datePublished\":\"2024-07-16T11:57:49+00:00\",\"dateModified\":\"2024-07-16T11:58:02+00:00\",\"breadcrumb\":{\"@id\":\"https:\/\/nuevo-renacer.com\/las-personas-manipuladoras\/#breadcrumb\"},\"inLanguage\":\"tr\",\"potentialAction\":[{\"@type\":\"ReadAction\",\"target\":[\"https:\/\/nuevo-renacer.com\/las-personas-manipuladoras\/\"]}]},{\"@type\":\"ImageObject\",\"inLanguage\":\"tr\",\"@id\":\"https:\/\/nuevo-renacer.com\/las-personas-manipuladoras\/#primaryimage\",\"url\":\"https:\/\/nuevo-renacer.com\/wp-content\/uploads\/2024\/07\/manipulation-hirn-bild.jpeg\",\"contentUrl\":\"https:\/\/nuevo-renacer.com\/wp-content\/uploads\/2024\/07\/manipulation-hirn-bild.jpeg\",\"width\":1600,\"height\":1280},{\"@type\":\"BreadcrumbList\",\"@id\":\"https:\/\/nuevo-renacer.com\/las-personas-manipuladoras\/#breadcrumb\",\"itemListElement\":[{\"@type\":\"ListItem\",\"position\":1,\"name\":\"Startseite\",\"item\":\"https:\/\/nuevo-renacer.com\/\"},{\"@type\":\"ListItem\",\"position\":2,\"name\":\"Las personas manipuladoras\"}]},{\"@type\":\"WebSite\",\"@id\":\"https:\/\/nuevo-renacer.com\/#website\",\"url\":\"https:\/\/nuevo-renacer.com\/\",\"name\":\"Uni\u00f3n Esp\u00edrita\",\"description\":\"Nuevo Renacer\",\"publisher\":{\"@id\":\"https:\/\/nuevo-renacer.com\/#organization\"},\"potentialAction\":[{\"@type\":\"SearchAction\",\"target\":{\"@type\":\"EntryPoint\",\"urlTemplate\":\"https:\/\/nuevo-renacer.com\/?s={search_term_string}\"},\"query-input\":{\"@type\":\"PropertyValueSpecification\",\"valueRequired\":true,\"valueName\":\"search_term_string\"}}],\"inLanguage\":\"tr\"},{\"@type\":\"Organization\",\"@id\":\"https:\/\/nuevo-renacer.com\/#organization\",\"name\":\"UFEC\",\"url\":\"https:\/\/nuevo-renacer.com\/\",\"logo\":{\"@type\":\"ImageObject\",\"inLanguage\":\"tr\",\"@id\":\"https:\/\/nuevo-renacer.com\/#\/schema\/logo\/image\/\",\"url\":\"https:\/\/nuevo-renacer.com\/wp-content\/uploads\/2024\/05\/cropped-LOGO-TERMINADO1-3-3.png\",\"contentUrl\":\"https:\/\/nuevo-renacer.com\/wp-content\/uploads\/2024\/05\/cropped-LOGO-TERMINADO1-3-3.png\",\"width\":512,\"height\":512,\"caption\":\"UFEC\"},\"image\":{\"@id\":\"https:\/\/nuevo-renacer.com\/#\/schema\/logo\/image\/\"},\"sameAs\":[\"https:\/\/www.facebook.com\/groups\/3431398063740829\"]}]}<\/script>\n<!-- \/ Yoast SEO Premium plugin. -->","yoast_head_json":{"title":"Las personas manipuladoras - Uni\u00f3n Esp\u00edrita","robots":{"index":"index","follow":"follow","max-snippet":"max-snippet:-1","max-image-preview":"max-image-preview:large","max-video-preview":"max-video-preview:-1"},"canonical":"https:\/\/nuevo-renacer.com\/tr\/las-personas-manipuladoras\/","og_locale":"tr_TR","og_type":"article","og_title":"Las personas manipuladoras","og_description":"Las personas manipuladoras Una personas manipuladora es aquella que utiliza a los dem\u00e1s para conseguir sus propios intereses. Se sirven de los dem\u00e1s para conseguir sus objetivos y no cesan hasta que lo logran. La manipulaci\u00f3n es la actitud de una persona dirigida a influenciar a otra persona para conseguir determinados objetivos. Es la forma [&hellip;]","og_url":"https:\/\/nuevo-renacer.com\/tr\/las-personas-manipuladoras\/","og_site_name":"Uni\u00f3n Esp\u00edrita","article_publisher":"https:\/\/www.facebook.com\/groups\/3431398063740829","article_modified_time":"2024-07-16T11:58:02+00:00","og_image":[{"width":1600,"height":1280,"url":"https:\/\/nuevo-renacer.com\/wp-content\/uploads\/2024\/07\/manipulation-hirn-bild.jpeg","type":"image\/jpeg"}],"twitter_card":"summary_large_image","twitter_misc":{"Tahmini okuma s\u00fcresi":"3 dakika"},"schema":{"@context":"https:\/\/schema.org","@graph":[{"@type":"WebPage","@id":"https:\/\/nuevo-renacer.com\/las-personas-manipuladoras\/","url":"https:\/\/nuevo-renacer.com\/las-personas-manipuladoras\/","name":"Las personas manipuladoras - Uni\u00f3n Esp\u00edrita","isPartOf":{"@id":"https:\/\/nuevo-renacer.com\/#website"},"primaryImageOfPage":{"@id":"https:\/\/nuevo-renacer.com\/las-personas-manipuladoras\/#primaryimage"},"image":{"@id":"https:\/\/nuevo-renacer.com\/las-personas-manipuladoras\/#primaryimage"},"thumbnailUrl":"https:\/\/nuevo-renacer.com\/wp-content\/uploads\/2024\/07\/manipulation-hirn-bild.jpeg","datePublished":"2024-07-16T11:57:49+00:00","dateModified":"2024-07-16T11:58:02+00:00","breadcrumb":{"@id":"https:\/\/nuevo-renacer.com\/las-personas-manipuladoras\/#breadcrumb"},"inLanguage":"tr","potentialAction":[{"@type":"ReadAction","target":["https:\/\/nuevo-renacer.com\/las-personas-manipuladoras\/"]}]},{"@type":"ImageObject","inLanguage":"tr","@id":"https:\/\/nuevo-renacer.com\/las-personas-manipuladoras\/#primaryimage","url":"https:\/\/nuevo-renacer.com\/wp-content\/uploads\/2024\/07\/manipulation-hirn-bild.jpeg","contentUrl":"https:\/\/nuevo-renacer.com\/wp-content\/uploads\/2024\/07\/manipulation-hirn-bild.jpeg","width":1600,"height":1280},{"@type":"BreadcrumbList","@id":"https:\/\/nuevo-renacer.com\/las-personas-manipuladoras\/#breadcrumb","itemListElement":[{"@type":"ListItem","position":1,"name":"Startseite","item":"https:\/\/nuevo-renacer.com\/"},{"@type":"ListItem","position":2,"name":"Las personas manipuladoras"}]},{"@type":"WebSite","@id":"https:\/\/nuevo-renacer.com\/#website","url":"https:\/\/nuevo-renacer.com\/","name":"Uni\u00f3n Esp\u00edrita","description":"Nuevo Renacer","publisher":{"@id":"https:\/\/nuevo-renacer.com\/#organization"},"potentialAction":[{"@type":"SearchAction","target":{"@type":"EntryPoint","urlTemplate":"https:\/\/nuevo-renacer.com\/?s={search_term_string}"},"query-input":{"@type":"PropertyValueSpecification","valueRequired":true,"valueName":"search_term_string"}}],"inLanguage":"tr"},{"@type":"Organization","@id":"https:\/\/nuevo-renacer.com\/#organization","name":"UFEC","url":"https:\/\/nuevo-renacer.com\/","logo":{"@type":"ImageObject","inLanguage":"tr","@id":"https:\/\/nuevo-renacer.com\/#\/schema\/logo\/image\/","url":"https:\/\/nuevo-renacer.com\/wp-content\/uploads\/2024\/05\/cropped-LOGO-TERMINADO1-3-3.png","contentUrl":"https:\/\/nuevo-renacer.com\/wp-content\/uploads\/2024\/05\/cropped-LOGO-TERMINADO1-3-3.png","width":512,"height":512,"caption":"UFEC"},"image":{"@id":"https:\/\/nuevo-renacer.com\/#\/schema\/logo\/image\/"},"sameAs":["https:\/\/www.facebook.com\/groups\/3431398063740829"]}]}},"uagb_featured_image_src":{"full":["https:\/\/nuevo-renacer.com\/wp-content\/uploads\/2024\/07\/manipulation-hirn-bild.jpeg",1600,1280,false],"thumbnail":["https:\/\/nuevo-renacer.com\/wp-content\/uploads\/2024\/07\/manipulation-hirn-bild-150x150.jpeg",150,150,true],"medium":["https:\/\/nuevo-renacer.com\/wp-content\/uploads\/2024\/07\/manipulation-hirn-bild-300x240.jpeg",300,240,true],"medium_large":["https:\/\/nuevo-renacer.com\/wp-content\/uploads\/2024\/07\/manipulation-hirn-bild-768x614.jpeg",768,614,true],"large":["https:\/\/nuevo-renacer.com\/wp-content\/uploads\/2024\/07\/manipulation-hirn-bild-1024x819.jpeg",1024,819,true],"1536x1536":["https:\/\/nuevo-renacer.com\/wp-content\/uploads\/2024\/07\/manipulation-hirn-bild-1536x1229.jpeg",1536,1229,true],"2048x2048":["https:\/\/nuevo-renacer.com\/wp-content\/uploads\/2024\/07\/manipulation-hirn-bild.jpeg",1600,1280,false],"trp-custom-language-flag":["https:\/\/nuevo-renacer.com\/wp-content\/uploads\/2024\/07\/manipulation-hirn-bild-15x12.jpeg",15,12,true]},"uagb_author_info":{"display_name":"adbv0","author_link":"https:\/\/nuevo-renacer.com\/tr\/author\/adbv0\/"},"uagb_comment_info":0,"uagb_excerpt":"Las personas manipuladoras Una personas manipuladora es aquella que utiliza a los dem\u00e1s para conseguir sus propios intereses. Se sirven de los dem\u00e1s para conseguir sus objetivos y no cesan hasta que lo logran. La manipulaci\u00f3n es la actitud de una persona dirigida a influenciar a otra persona para conseguir determinados objetivos. Es la forma&hellip;","jetpack_sharing_enabled":true,"_links":{"self":[{"href":"https:\/\/nuevo-renacer.com\/tr\/wp-json\/wp\/v2\/pages\/3865","targetHints":{"allow":["GET"]}}],"collection":[{"href":"https:\/\/nuevo-renacer.com\/tr\/wp-json\/wp\/v2\/pages"}],"about":[{"href":"https:\/\/nuevo-renacer.com\/tr\/wp-json\/wp\/v2\/types\/page"}],"author":[{"embeddable":true,"href":"https:\/\/nuevo-renacer.com\/tr\/wp-json\/wp\/v2\/users\/1"}],"replies":[{"embeddable":true,"href":"https:\/\/nuevo-renacer.com\/tr\/wp-json\/wp\/v2\/comments?post=3865"}],"version-history":[{"count":1,"href":"https:\/\/nuevo-renacer.com\/tr\/wp-json\/wp\/v2\/pages\/3865\/revisions"}],"predecessor-version":[{"id":3869,"href":"https:\/\/nuevo-renacer.com\/tr\/wp-json\/wp\/v2\/pages\/3865\/revisions\/3869"}],"wp:featuredmedia":[{"embeddable":true,"href":"https:\/\/nuevo-renacer.com\/tr\/wp-json\/wp\/v2\/media\/3868"}],"wp:attachment":[{"href":"https:\/\/nuevo-renacer.com\/tr\/wp-json\/wp\/v2\/media?parent=3865"}],"curies":[{"name":"wp","href":"https:\/\/api.w.org\/{rel}","templated":true}]}}