{"id":3859,"date":"2024-07-16T11:36:02","date_gmt":"2024-07-16T11:36:02","guid":{"rendered":"https:\/\/ufec-mundial.com\/?page_id=3859"},"modified":"2025-01-08T12:34:49","modified_gmt":"2025-01-08T12:34:49","slug":"como-analiza-el-espiritismo-el-cancer","status":"publish","type":"page","link":"https:\/\/nuevo-renacer.com\/tr\/como-analiza-el-espiritismo-el-cancer\/","title":{"rendered":"Ruh\u00e7uluk kanseri nas\u0131l analiz eder?"},"content":{"rendered":"<div class=\"wp-block-uagb-container uagb-block-6c3a6763 alignfull uagb-is-root-container\"><div class=\"uagb-container-inner-blocks-wrap\">\n<p class=\"has-black-color has-text-color has-link-color has-medium-font-size wp-elements-649cc8f98c4c11dacc592d05595a8b65\"><strong>Ruh\u00e7uluk kanseri nas\u0131l analiz eder?<\/strong><\/p>\n<\/div><\/div>\n\n\n\n<div class=\"wp-block-uagb-container uagb-block-da06ff5e alignfull uagb-is-root-container\"><div class=\"uagb-container-inner-blocks-wrap\">\n<figure class=\"wp-block-image size-full is-resized\"><img fetchpriority=\"high\" decoding=\"async\" width=\"955\" height=\"550\" src=\"https:\/\/ufec-mundial.com\/wp-content\/uploads\/2024\/07\/445827292_7936133829740363_4382424252352881349_n.jpg\" alt=\"\" class=\"wp-image-3860\" style=\"width:443px;height:auto\" srcset=\"https:\/\/nuevo-renacer.com\/wp-content\/uploads\/2024\/07\/445827292_7936133829740363_4382424252352881349_n.jpg 955w, https:\/\/nuevo-renacer.com\/wp-content\/uploads\/2024\/07\/445827292_7936133829740363_4382424252352881349_n-300x173.jpg 300w, https:\/\/nuevo-renacer.com\/wp-content\/uploads\/2024\/07\/445827292_7936133829740363_4382424252352881349_n-768x442.jpg 768w, https:\/\/nuevo-renacer.com\/wp-content\/uploads\/2024\/07\/445827292_7936133829740363_4382424252352881349_n-18x10.jpg 18w\" sizes=\"(max-width: 955px) 100vw, 955px\" \/><\/figure>\n<\/div><\/div>\n\n\n\n<div class=\"wp-block-uagb-container uagb-block-79388915 alignfull uagb-is-root-container\"><div class=\"uagb-container-inner-blocks-wrap\">\n<p class=\"has-black-color has-text-color has-link-color has-small-font-size wp-elements-c005c6294ba1bca0523d2ca476ebbd91\">Kanserin manevi bir hastal\u0131k oldu\u011fu s\u00f6ylenebilir, ancak hastal\u0131\u011f\u0131n ortaya \u00e7\u0131kmas\u0131n\u0131 etkileyen maddi k\u00f6kenli ba\u015fka fakt\u00f6rler de vard\u0131r. G\u00fcn\u00fcm\u00fczde, sigara, alkol, stres, her t\u00fcrl\u00fc a\u015f\u0131r\u0131l\u0131k, k\u00f6t\u00fc beslenme gibi kansere organik bir yatk\u0131nl\u0131\u011fa neden olan fiziksel beden i\u00e7in olumsuz al\u0131\u015fkanl\u0131klar\u0131n geli\u015fti\u011fini fark etmek nadir de\u011fildir.<\/p>\n\n\n\n<p class=\"has-black-color has-text-color has-link-color has-small-font-size wp-elements-5764ab74f54aa9041eafe28774f2edaa\">Ancak kanser genellikle karmik bir hastal\u0131kt\u0131r, \u00e7\u00fcnk\u00fc bizler Sebep-Sonu\u00e7 Yasas\u0131n\u0131n bir par\u00e7as\u0131y\u0131z ve olumsuz ya da olumlu tutumlar\u0131m\u0131za ba\u011fl\u0131 olarak bunun etkilerinin bir sonucu olarak sa\u011fl\u0131k ya da hastal\u0131k alabiliriz. Fiziksel bedenin ruhsal bedeni yans\u0131tt\u0131\u011f\u0131n\u0131 ve bunun da zihinsel bedenimize yans\u0131yaca\u011f\u0131n\u0131 unutmay\u0131n.<\/p>\n\n\n\n<p class=\"has-black-color has-text-color has-link-color has-small-font-size wp-elements-9eb885a3e830337d28c66d7d9267b0dd\">Joanna de \u00c2ngelis, Bilin\u00e7li Benlik adl\u0131 kitab\u0131nda, patolojilerin do\u011frudan Ruh'un zihinsel durumuyla ilgili oldu\u011funu, insan\u0131n Ruh'un maddi bedene ve sinir sistemine g\u00f6nderdi\u011fi enerjiden olu\u015ftu\u011funu \u00f6\u011fretir. Dolay\u0131s\u0131yla, herhangi bir dengesizlik hastal\u0131klar\u0131n ve bozukluklar\u0131n ortaya \u00e7\u0131kmas\u0131na yol a\u00e7arak, rahats\u0131zl\u0131k olarak adland\u0131r\u0131lan patolojik sorunlar\u0131 tetikler.<\/p>\n\n\n\n<p class=\"has-black-color has-text-color has-link-color has-small-font-size wp-elements-7b1c5e319ccda2bfa7e1aeee5f7c2289\">Yazar bu enerji ak\u0131\u015f\u0131nda dengesizli\u011fe neden olan a\u015fk, \u0131st\u0131rap, k\u0131zg\u0131nl\u0131k ve nefret gibi \u00e7e\u015fitli fakt\u00f6rleri s\u0131ralamaktad\u0131r. Bahsedilen a\u015fk y\u00fcce de\u011fil, kat\u0131l\u0131mc\u0131lar\u0131n arzu g\u00fcc\u00fcyle y\u00f6nlendirildi\u011fi kaba ve sahiplenici a\u015fkt\u0131r ve bu durumda h\u00fccresel yap\u0131lar\u0131n b\u00fcy\u00fck y\u0131k\u0131c\u0131s\u0131d\u0131r. Ki\u015fi ne kadar \u00e7ok arzular ve zevk al\u0131rsa, o kadar \u00e7ok talep eder ve ac\u0131 \u00e7eker ve arzular\u0131n\u0131 elde edemedi\u011finde, zihni duygusal d\u00fczensizli\u011fin zehirli \u0131\u015f\u0131nlar\u0131yla, ba\u011f\u0131\u015f\u0131kl\u0131k savunmas\u0131 ve zihinsel uyumun titre\u015fimiyle bozulur ve kirlenir, bu da yarat\u0131\u011f\u0131 hasta eder.<\/p>\n\n\n\n<p class=\"has-black-color has-text-color has-link-color has-small-font-size wp-elements-bf08fd9e5e1134c627dd6ac6c8949f3b\">Hay\u0131rsever, M\u00fcjde'nin sonsuz bir iyimserlik dersi oldu\u011funu ve Ruh\u00e7ulu\u011fun da bunu hayata ge\u00e7iren bir doktrin oldu\u011funu teyit ederek, yarat\u0131lan\u0131 i\u00e7sel terbiyeye ula\u015fmak i\u00e7in s\u00fcrekli bir ahlaki d\u00f6n\u00fc\u015f\u00fcme davet ederek sonuca var\u0131r.<\/p>\n\n\n\n<p class=\"has-black-color has-text-color has-link-color has-small-font-size wp-elements-39ee7d12e9c5503df18ee02b40cd9a44\">\u0130\u015f: Divaldo Franco Pereira. Bilin\u00e7li Varl\u0131k. Joanna de \u00c2ngelis'in Ruhu Taraf\u0131ndan<\/p>\n<\/div><\/div>\n\n\n\n<div class=\"wp-block-uagb-container uagb-block-39accafd alignfull uagb-is-root-container\"><div class=\"uagb-container-inner-blocks-wrap\"><\/div><\/div>\n\n\n\n<div class=\"wp-block-uagb-container uagb-block-7376fce5 alignfull uagb-is-root-container\"><div class=\"uagb-container-inner-blocks-wrap\"><\/div><\/div>","protected":false},"excerpt":{"rendered":"<p>\u00bfC\u00f3mo analiza el espiritismo el c\u00e1ncer? Se puede decir que el c\u00e1ncer es una enfermedad espiritual, sin embargo, existen otros factores de origen material que influyen en la aparici\u00f3n de la enfermedad. Actualmente, no es raro notar el desarrollo de h\u00e1bitos negativos para el cuerpo f\u00edsico que provocan una predisposici\u00f3n org\u00e1nica al c\u00e1ncer como el [&hellip;]<\/p>","protected":false},"author":1,"featured_media":3860,"parent":0,"menu_order":0,"comment_status":"closed","ping_status":"closed","template":"","meta":{"_uag_custom_page_level_css":"","site-sidebar-layout":"default","site-content-layout":"","ast-site-content-layout":"default","site-content-style":"default","site-sidebar-style":"default","ast-global-header-display":"","ast-banner-title-visibility":"","ast-main-header-display":"","ast-hfb-above-header-display":"","ast-hfb-below-header-display":"","ast-hfb-mobile-header-display":"","site-post-title":"disabled","ast-breadcrumbs-content":"","ast-featured-img":"","footer-sml-layout":"","theme-transparent-header-meta":"","adv-header-id-meta":"","stick-header-meta":"","header-above-stick-meta":"","header-main-stick-meta":"","header-below-stick-meta":"","astra-migrate-meta-layouts":"set","ast-page-background-enabled":"default","ast-page-background-meta":{"desktop":{"background-color":"var(--ast-global-color-4)","background-image":"","background-repeat":"repeat","background-position":"center center","background-size":"auto","background-attachment":"scroll","background-type":"","background-media":"","overlay-type":"","overlay-color":"","overlay-opacity":"","overlay-gradient":""},"tablet":{"background-color":"","background-image":"","background-repeat":"repeat","background-position":"center center","background-size":"auto","background-attachment":"scroll","background-type":"","background-media":"","overlay-type":"","overlay-color":"","overlay-opacity":"","overlay-gradient":""},"mobile":{"background-color":"","background-image":"","background-repeat":"repeat","background-position":"center center","background-size":"auto","background-attachment":"scroll","background-type":"","background-media":"","overlay-type":"","overlay-color":"","overlay-opacity":"","overlay-gradient":""}},"ast-content-background-meta":{"desktop":{"background-color":"var(--ast-global-color-5)","background-image":"","background-repeat":"repeat","background-position":"center center","background-size":"auto","background-attachment":"scroll","background-type":"","background-media":"","overlay-type":"","overlay-color":"","overlay-opacity":"","overlay-gradient":""},"tablet":{"background-color":"var(--ast-global-color-5)","background-image":"","background-repeat":"repeat","background-position":"center center","background-size":"auto","background-attachment":"scroll","background-type":"","background-media":"","overlay-type":"","overlay-color":"","overlay-opacity":"","overlay-gradient":""},"mobile":{"background-color":"var(--ast-global-color-5)","background-image":"","background-repeat":"repeat","background-position":"center center","background-size":"auto","background-attachment":"scroll","background-type":"","background-media":"","overlay-type":"","overlay-color":"","overlay-opacity":"","overlay-gradient":""}},"footnotes":""},"class_list":["post-3859","page","type-page","status-publish","has-post-thumbnail","hentry"],"yoast_head":"<!-- This site is optimized with the Yoast SEO Premium plugin v24.2 (Yoast SEO v24.6) - https:\/\/yoast.com\/wordpress\/plugins\/seo\/ -->\n<title>\u00bfC\u00f3mo analiza el espiritismo el c\u00e1ncer? - Uni\u00f3n Esp\u00edrita<\/title>\n<meta name=\"robots\" content=\"index, follow, max-snippet:-1, max-image-preview:large, max-video-preview:-1\" \/>\n<link rel=\"canonical\" href=\"https:\/\/nuevo-renacer.com\/tr\/como-analiza-el-espiritismo-el-cancer\/\" \/>\n<meta property=\"og:locale\" content=\"tr_TR\" \/>\n<meta property=\"og:type\" content=\"article\" \/>\n<meta property=\"og:title\" content=\"\u00bfC\u00f3mo analiza el espiritismo el c\u00e1ncer?\" \/>\n<meta property=\"og:description\" content=\"\u00bfC\u00f3mo analiza el espiritismo el c\u00e1ncer? Se puede decir que el c\u00e1ncer es una enfermedad espiritual, sin embargo, existen otros factores de origen material que influyen en la aparici\u00f3n de la enfermedad. Actualmente, no es raro notar el desarrollo de h\u00e1bitos negativos para el cuerpo f\u00edsico que provocan una predisposici\u00f3n org\u00e1nica al c\u00e1ncer como el [&hellip;]\" \/>\n<meta property=\"og:url\" content=\"https:\/\/nuevo-renacer.com\/tr\/como-analiza-el-espiritismo-el-cancer\/\" \/>\n<meta property=\"og:site_name\" content=\"Uni\u00f3n Esp\u00edrita\" \/>\n<meta property=\"article:publisher\" content=\"https:\/\/www.facebook.com\/groups\/3431398063740829\" \/>\n<meta property=\"article:modified_time\" content=\"2025-01-08T12:34:49+00:00\" \/>\n<meta property=\"og:image\" content=\"https:\/\/nuevo-renacer.com\/wp-content\/uploads\/2024\/07\/445827292_7936133829740363_4382424252352881349_n.jpg\" \/>\n\t<meta property=\"og:image:width\" content=\"955\" \/>\n\t<meta property=\"og:image:height\" content=\"550\" \/>\n\t<meta property=\"og:image:type\" content=\"image\/jpeg\" \/>\n<meta name=\"twitter:card\" content=\"summary_large_image\" \/>\n<meta name=\"twitter:label1\" content=\"Tahmini okuma s\u00fcresi\" \/>\n\t<meta name=\"twitter:data1\" content=\"2 dakika\" \/>\n<script type=\"application\/ld+json\" class=\"yoast-schema-graph\">{\"@context\":\"https:\/\/schema.org\",\"@graph\":[{\"@type\":\"WebPage\",\"@id\":\"https:\/\/nuevo-renacer.com\/como-analiza-el-espiritismo-el-cancer\/\",\"url\":\"https:\/\/nuevo-renacer.com\/como-analiza-el-espiritismo-el-cancer\/\",\"name\":\"\u00bfC\u00f3mo analiza el espiritismo el c\u00e1ncer? - Uni\u00f3n Esp\u00edrita\",\"isPartOf\":{\"@id\":\"https:\/\/nuevo-renacer.com\/#website\"},\"primaryImageOfPage\":{\"@id\":\"https:\/\/nuevo-renacer.com\/como-analiza-el-espiritismo-el-cancer\/#primaryimage\"},\"image\":{\"@id\":\"https:\/\/nuevo-renacer.com\/como-analiza-el-espiritismo-el-cancer\/#primaryimage\"},\"thumbnailUrl\":\"https:\/\/nuevo-renacer.com\/wp-content\/uploads\/2024\/07\/445827292_7936133829740363_4382424252352881349_n.jpg\",\"datePublished\":\"2024-07-16T11:36:02+00:00\",\"dateModified\":\"2025-01-08T12:34:49+00:00\",\"breadcrumb\":{\"@id\":\"https:\/\/nuevo-renacer.com\/como-analiza-el-espiritismo-el-cancer\/#breadcrumb\"},\"inLanguage\":\"tr\",\"potentialAction\":[{\"@type\":\"ReadAction\",\"target\":[\"https:\/\/nuevo-renacer.com\/como-analiza-el-espiritismo-el-cancer\/\"]}]},{\"@type\":\"ImageObject\",\"inLanguage\":\"tr\",\"@id\":\"https:\/\/nuevo-renacer.com\/como-analiza-el-espiritismo-el-cancer\/#primaryimage\",\"url\":\"https:\/\/nuevo-renacer.com\/wp-content\/uploads\/2024\/07\/445827292_7936133829740363_4382424252352881349_n.jpg\",\"contentUrl\":\"https:\/\/nuevo-renacer.com\/wp-content\/uploads\/2024\/07\/445827292_7936133829740363_4382424252352881349_n.jpg\",\"width\":955,\"height\":550},{\"@type\":\"BreadcrumbList\",\"@id\":\"https:\/\/nuevo-renacer.com\/como-analiza-el-espiritismo-el-cancer\/#breadcrumb\",\"itemListElement\":[{\"@type\":\"ListItem\",\"position\":1,\"name\":\"Startseite\",\"item\":\"https:\/\/nuevo-renacer.com\/\"},{\"@type\":\"ListItem\",\"position\":2,\"name\":\"\u00bfC\u00f3mo analiza el espiritismo el c\u00e1ncer?\"}]},{\"@type\":\"WebSite\",\"@id\":\"https:\/\/nuevo-renacer.com\/#website\",\"url\":\"https:\/\/nuevo-renacer.com\/\",\"name\":\"Uni\u00f3n Esp\u00edrita\",\"description\":\"Nuevo Renacer\",\"publisher\":{\"@id\":\"https:\/\/nuevo-renacer.com\/#organization\"},\"potentialAction\":[{\"@type\":\"SearchAction\",\"target\":{\"@type\":\"EntryPoint\",\"urlTemplate\":\"https:\/\/nuevo-renacer.com\/?s={search_term_string}\"},\"query-input\":{\"@type\":\"PropertyValueSpecification\",\"valueRequired\":true,\"valueName\":\"search_term_string\"}}],\"inLanguage\":\"tr\"},{\"@type\":\"Organization\",\"@id\":\"https:\/\/nuevo-renacer.com\/#organization\",\"name\":\"UFEC\",\"url\":\"https:\/\/nuevo-renacer.com\/\",\"logo\":{\"@type\":\"ImageObject\",\"inLanguage\":\"tr\",\"@id\":\"https:\/\/nuevo-renacer.com\/#\/schema\/logo\/image\/\",\"url\":\"https:\/\/nuevo-renacer.com\/wp-content\/uploads\/2024\/05\/cropped-LOGO-TERMINADO1-3-3.png\",\"contentUrl\":\"https:\/\/nuevo-renacer.com\/wp-content\/uploads\/2024\/05\/cropped-LOGO-TERMINADO1-3-3.png\",\"width\":512,\"height\":512,\"caption\":\"UFEC\"},\"image\":{\"@id\":\"https:\/\/nuevo-renacer.com\/#\/schema\/logo\/image\/\"},\"sameAs\":[\"https:\/\/www.facebook.com\/groups\/3431398063740829\"]}]}<\/script>\n<!-- \/ Yoast SEO Premium plugin. -->","yoast_head_json":{"title":"\u00bfC\u00f3mo analiza el espiritismo el c\u00e1ncer? - Uni\u00f3n Esp\u00edrita","robots":{"index":"index","follow":"follow","max-snippet":"max-snippet:-1","max-image-preview":"max-image-preview:large","max-video-preview":"max-video-preview:-1"},"canonical":"https:\/\/nuevo-renacer.com\/tr\/como-analiza-el-espiritismo-el-cancer\/","og_locale":"tr_TR","og_type":"article","og_title":"\u00bfC\u00f3mo analiza el espiritismo el c\u00e1ncer?","og_description":"\u00bfC\u00f3mo analiza el espiritismo el c\u00e1ncer? Se puede decir que el c\u00e1ncer es una enfermedad espiritual, sin embargo, existen otros factores de origen material que influyen en la aparici\u00f3n de la enfermedad. Actualmente, no es raro notar el desarrollo de h\u00e1bitos negativos para el cuerpo f\u00edsico que provocan una predisposici\u00f3n org\u00e1nica al c\u00e1ncer como el [&hellip;]","og_url":"https:\/\/nuevo-renacer.com\/tr\/como-analiza-el-espiritismo-el-cancer\/","og_site_name":"Uni\u00f3n Esp\u00edrita","article_publisher":"https:\/\/www.facebook.com\/groups\/3431398063740829","article_modified_time":"2025-01-08T12:34:49+00:00","og_image":[{"width":955,"height":550,"url":"https:\/\/nuevo-renacer.com\/wp-content\/uploads\/2024\/07\/445827292_7936133829740363_4382424252352881349_n.jpg","type":"image\/jpeg"}],"twitter_card":"summary_large_image","twitter_misc":{"Tahmini okuma s\u00fcresi":"2 dakika"},"schema":{"@context":"https:\/\/schema.org","@graph":[{"@type":"WebPage","@id":"https:\/\/nuevo-renacer.com\/como-analiza-el-espiritismo-el-cancer\/","url":"https:\/\/nuevo-renacer.com\/como-analiza-el-espiritismo-el-cancer\/","name":"\u00bfC\u00f3mo analiza el espiritismo el c\u00e1ncer? - Uni\u00f3n Esp\u00edrita","isPartOf":{"@id":"https:\/\/nuevo-renacer.com\/#website"},"primaryImageOfPage":{"@id":"https:\/\/nuevo-renacer.com\/como-analiza-el-espiritismo-el-cancer\/#primaryimage"},"image":{"@id":"https:\/\/nuevo-renacer.com\/como-analiza-el-espiritismo-el-cancer\/#primaryimage"},"thumbnailUrl":"https:\/\/nuevo-renacer.com\/wp-content\/uploads\/2024\/07\/445827292_7936133829740363_4382424252352881349_n.jpg","datePublished":"2024-07-16T11:36:02+00:00","dateModified":"2025-01-08T12:34:49+00:00","breadcrumb":{"@id":"https:\/\/nuevo-renacer.com\/como-analiza-el-espiritismo-el-cancer\/#breadcrumb"},"inLanguage":"tr","potentialAction":[{"@type":"ReadAction","target":["https:\/\/nuevo-renacer.com\/como-analiza-el-espiritismo-el-cancer\/"]}]},{"@type":"ImageObject","inLanguage":"tr","@id":"https:\/\/nuevo-renacer.com\/como-analiza-el-espiritismo-el-cancer\/#primaryimage","url":"https:\/\/nuevo-renacer.com\/wp-content\/uploads\/2024\/07\/445827292_7936133829740363_4382424252352881349_n.jpg","contentUrl":"https:\/\/nuevo-renacer.com\/wp-content\/uploads\/2024\/07\/445827292_7936133829740363_4382424252352881349_n.jpg","width":955,"height":550},{"@type":"BreadcrumbList","@id":"https:\/\/nuevo-renacer.com\/como-analiza-el-espiritismo-el-cancer\/#breadcrumb","itemListElement":[{"@type":"ListItem","position":1,"name":"Startseite","item":"https:\/\/nuevo-renacer.com\/"},{"@type":"ListItem","position":2,"name":"\u00bfC\u00f3mo analiza el espiritismo el c\u00e1ncer?"}]},{"@type":"WebSite","@id":"https:\/\/nuevo-renacer.com\/#website","url":"https:\/\/nuevo-renacer.com\/","name":"Uni\u00f3n Esp\u00edrita","description":"Nuevo Renacer","publisher":{"@id":"https:\/\/nuevo-renacer.com\/#organization"},"potentialAction":[{"@type":"SearchAction","target":{"@type":"EntryPoint","urlTemplate":"https:\/\/nuevo-renacer.com\/?s={search_term_string}"},"query-input":{"@type":"PropertyValueSpecification","valueRequired":true,"valueName":"search_term_string"}}],"inLanguage":"tr"},{"@type":"Organization","@id":"https:\/\/nuevo-renacer.com\/#organization","name":"UFEC","url":"https:\/\/nuevo-renacer.com\/","logo":{"@type":"ImageObject","inLanguage":"tr","@id":"https:\/\/nuevo-renacer.com\/#\/schema\/logo\/image\/","url":"https:\/\/nuevo-renacer.com\/wp-content\/uploads\/2024\/05\/cropped-LOGO-TERMINADO1-3-3.png","contentUrl":"https:\/\/nuevo-renacer.com\/wp-content\/uploads\/2024\/05\/cropped-LOGO-TERMINADO1-3-3.png","width":512,"height":512,"caption":"UFEC"},"image":{"@id":"https:\/\/nuevo-renacer.com\/#\/schema\/logo\/image\/"},"sameAs":["https:\/\/www.facebook.com\/groups\/3431398063740829"]}]}},"uagb_featured_image_src":{"full":["https:\/\/nuevo-renacer.com\/wp-content\/uploads\/2024\/07\/445827292_7936133829740363_4382424252352881349_n.jpg",955,550,false],"thumbnail":["https:\/\/nuevo-renacer.com\/wp-content\/uploads\/2024\/07\/445827292_7936133829740363_4382424252352881349_n-150x150.jpg",150,150,true],"medium":["https:\/\/nuevo-renacer.com\/wp-content\/uploads\/2024\/07\/445827292_7936133829740363_4382424252352881349_n-300x173.jpg",300,173,true],"medium_large":["https:\/\/nuevo-renacer.com\/wp-content\/uploads\/2024\/07\/445827292_7936133829740363_4382424252352881349_n-768x442.jpg",768,442,true],"large":["https:\/\/nuevo-renacer.com\/wp-content\/uploads\/2024\/07\/445827292_7936133829740363_4382424252352881349_n.jpg",955,550,false],"1536x1536":["https:\/\/nuevo-renacer.com\/wp-content\/uploads\/2024\/07\/445827292_7936133829740363_4382424252352881349_n.jpg",955,550,false],"2048x2048":["https:\/\/nuevo-renacer.com\/wp-content\/uploads\/2024\/07\/445827292_7936133829740363_4382424252352881349_n.jpg",955,550,false],"trp-custom-language-flag":["https:\/\/nuevo-renacer.com\/wp-content\/uploads\/2024\/07\/445827292_7936133829740363_4382424252352881349_n-18x10.jpg",18,10,true]},"uagb_author_info":{"display_name":"adbv0","author_link":"https:\/\/nuevo-renacer.com\/tr\/author\/adbv0\/"},"uagb_comment_info":0,"uagb_excerpt":"\u00bfC\u00f3mo analiza el espiritismo el c\u00e1ncer? Se puede decir que el c\u00e1ncer es una enfermedad espiritual, sin embargo, existen otros factores de origen material que influyen en la aparici\u00f3n de la enfermedad. Actualmente, no es raro notar el desarrollo de h\u00e1bitos negativos para el cuerpo f\u00edsico que provocan una predisposici\u00f3n org\u00e1nica al c\u00e1ncer como el&hellip;","jetpack_sharing_enabled":true,"_links":{"self":[{"href":"https:\/\/nuevo-renacer.com\/tr\/wp-json\/wp\/v2\/pages\/3859","targetHints":{"allow":["GET"]}}],"collection":[{"href":"https:\/\/nuevo-renacer.com\/tr\/wp-json\/wp\/v2\/pages"}],"about":[{"href":"https:\/\/nuevo-renacer.com\/tr\/wp-json\/wp\/v2\/types\/page"}],"author":[{"embeddable":true,"href":"https:\/\/nuevo-renacer.com\/tr\/wp-json\/wp\/v2\/users\/1"}],"replies":[{"embeddable":true,"href":"https:\/\/nuevo-renacer.com\/tr\/wp-json\/wp\/v2\/comments?post=3859"}],"version-history":[{"count":4,"href":"https:\/\/nuevo-renacer.com\/tr\/wp-json\/wp\/v2\/pages\/3859\/revisions"}],"predecessor-version":[{"id":6720,"href":"https:\/\/nuevo-renacer.com\/tr\/wp-json\/wp\/v2\/pages\/3859\/revisions\/6720"}],"wp:featuredmedia":[{"embeddable":true,"href":"https:\/\/nuevo-renacer.com\/tr\/wp-json\/wp\/v2\/media\/3860"}],"wp:attachment":[{"href":"https:\/\/nuevo-renacer.com\/tr\/wp-json\/wp\/v2\/media?parent=3859"}],"curies":[{"name":"wp","href":"https:\/\/api.w.org\/{rel}","templated":true}]}}