{"id":3853,"date":"2024-07-16T11:14:23","date_gmt":"2024-07-16T11:14:23","guid":{"rendered":"https:\/\/ufec-mundial.com\/?page_id=3853"},"modified":"2024-07-16T11:14:25","modified_gmt":"2024-07-16T11:14:25","slug":"psiquiatria-y-espiritismo","status":"publish","type":"page","link":"https:\/\/nuevo-renacer.com\/tr\/psiquiatria-y-espiritismo\/","title":{"rendered":"Psikiyatri ve Ruh\u00e7uluk"},"content":{"rendered":"<div class=\"wp-block-uagb-container uagb-block-3ecbc24a alignfull uagb-is-root-container\"><div class=\"uagb-container-inner-blocks-wrap\">\n<p class=\"has-black-color has-text-color has-link-color has-medium-font-size wp-elements-244678b169cdd51dce1c0b216ed3fab4\"><strong>Psikiyatri ve Ruh\u00e7uluk<\/strong><\/p>\n<\/div><\/div>\n\n\n\n<div class=\"wp-block-uagb-container uagb-block-64cd3451 alignfull uagb-is-root-container\"><div class=\"uagb-container-inner-blocks-wrap\">\n<figure class=\"wp-block-image size-full is-resized\"><img fetchpriority=\"high\" decoding=\"async\" width=\"626\" height=\"416\" src=\"https:\/\/ufec-mundial.com\/wp-content\/uploads\/2024\/07\/447968129_7965176216836124_410702528150355634_n.jpg\" alt=\"\" class=\"wp-image-3854\" style=\"width:427px;height:auto\" srcset=\"https:\/\/nuevo-renacer.com\/wp-content\/uploads\/2024\/07\/447968129_7965176216836124_410702528150355634_n.jpg 626w, https:\/\/nuevo-renacer.com\/wp-content\/uploads\/2024\/07\/447968129_7965176216836124_410702528150355634_n-300x199.jpg 300w, https:\/\/nuevo-renacer.com\/wp-content\/uploads\/2024\/07\/447968129_7965176216836124_410702528150355634_n-18x12.jpg 18w\" sizes=\"(max-width: 626px) 100vw, 626px\" \/><\/figure>\n<\/div><\/div>\n\n\n\n<div class=\"wp-block-uagb-container uagb-block-a8062a64 alignfull uagb-is-root-container\"><div class=\"uagb-container-inner-blocks-wrap\">\n<p class=\"has-small-font-size\">Psikiyatri, t\u0131bb\u0131n Ruh\u00e7uluk en \u00e7ok \u00e7at\u0131\u015fan alan\u0131d\u0131r. Ve spirit\u00fcalistlerin en aktif ve ba\u015far\u0131l\u0131 oldu\u011fu aland\u0131r. Bunun nedeni a\u00e7\u0131kt\u0131r. Psikopatlar\u0131n \u00e7o\u011fu basit\u00e7e ele ge\u00e7irilmi\u015ftir; ve psikolojik, e\u011fitimsel, n\u00f6rolojik veya beyinsel k\u00f6kenli psikopatlarda rutinin \u00f6tesinde olan \u015fey de ayn\u0131 \u015fekilde a\u015fa\u011f\u0131 ruhlar taraf\u0131ndan istila edilmi\u015ftir. Bu konuda spirit\u00fcalistler ve \u00f6zellikle de spirit\u00fcalist psikiyatristler i\u00e7in hi\u00e7bir \u015f\u00fcphe yoktur. Bu nedenle Brezilya'da ruh\u00e7u psikiyatri kliniklerinin say\u0131s\u0131 olduk\u00e7a fazlad\u0131r. Yaln\u0131zca S\u00e3o Paulo eyaletinde bu t\u00fcr otuz be\u015f tesis faaliyet g\u00f6stermektedir ve birka\u00e7 tanesi daha planlanm\u0131\u015f ya da yap\u0131m a\u015famas\u0131ndad\u0131r.<\/p>\n\n\n\n<p class=\"has-black-color has-text-color has-link-color has-small-font-size wp-elements-642ecbbfe554b816bd176f3b02b290d0\">Bu merkezlerin t\u0131bbi personeli her zaman ruh\u00e7ulardan olu\u015fmamakta, genellikle \u00e7o\u011funlu\u011fu ruh\u00e7u olmayan doktorlardan olu\u015fmaktad\u0131r. Resmi makamlar bu merkezlerde geleneksel olmayan t\u0131bbi tedavinin \u00f6n\u00fcne engeller koymaktad\u0131r; ancak ruh\u00e7ular t\u00fcm zorluklara g\u00f6\u011f\u00fcs germekte ve dahas\u0131 yeni hastaneler in\u015fa etmeye devam etmektedirler \u00e7\u00fcnk\u00fc bu soruna kar\u015f\u0131 b\u00fcy\u00fck bir sorumluluk hissetmektedirler, \u00e7\u00fcnk\u00fc bu sorunu ger\u00e7ekten en derinine kadar bilen yaln\u0131zca onlard\u0131r. Tamamen ya da k\u0131smen yetersiz tedavi g\u00f6ren milyonlarca kurban i\u00e7in bir \u015feyler yapmak onlar\u0131n g\u00f6revidir.<\/p>\n\n\n\n<p class=\"has-black-color has-text-color has-link-color has-small-font-size wp-elements-136305a6626f5d12c5d5aaa719da3622\">Bu hastaneler, haklar\u0131 i\u00e7in daha iyi m\u00fccadele edebilmek ve birbirleriyle daha s\u0131k ve etkili ili\u015fkiler kurabilmek amac\u0131yla bir dernek kurmu\u015flard\u0131r. Bu uzmanla\u015fm\u0131\u015f hastane a\u011f\u0131 Juqueri krizi s\u0131ras\u0131nda (ba\u015fkentteki Franco da Rocha Hastanesi) Juqueri'yi \u015feytan kazan\u0131na \u00e7eviren a\u015f\u0131r\u0131 say\u0131daki hastan\u0131n da\u011f\u0131t\u0131m\u0131na kat\u0131larak eyalet h\u00fck\u00fcmetine yard\u0131mc\u0131 olmu\u015ftur.<\/p>\n\n\n\n<p class=\"has-black-color has-text-color has-link-color has-small-font-size wp-elements-6453227cb261d945f9b81d0665deef54\">\u00dcnl\u00fc bir doktor ve yazar Ultima Hora gazetesinde tasar\u0131ya kar\u015f\u0131 \u00e7\u0131kan bir makale yay\u0131nlad\u0131\u011f\u0131nda Amparo&#039;nun Hastane Ruh\u00e7usu yap\u0131m a\u015famas\u0131ndayd\u0131 ve maneviyat\u00e7\u0131lar\u0131n fark\u0131ndal\u0131k nedeniyle ilgilendiklerini, \u00e7\u00fcnk\u00fc \u00e7\u0131lg\u0131nca \u00fcrettiklerini ve onlara yard\u0131m etmek zorunda hissettiklerini iddia ediyorlard\u0131. Bir gazeteci maneviyat\u00e7\u0131 olan psikolog, \u0130lgili Gazetelerde maneviyat\u00e7\u0131lar\u0131n davayla ilgilendi\u011fini, \u00e7\u00fcnk\u00fc ilac\u0131n ak\u0131l hastas\u0131n\u0131 tedavi edemedi\u011fini s\u00f6yledi. Ruhani hay\u0131rseverlik ilkesi onlar\u0131 bunu yapmaya mecbur etti. Bu hastane in\u015fa edildi ve di\u011ferleri k\u0131sa s\u00fcre sonra onu takip etti.<\/p>\n\n\n\n<p class=\"has-black-color has-text-color has-link-color has-small-font-size wp-elements-b7baf331084286693441028e5413f88d\">Maneviyat\u00e7\u0131lar\u0131n \u00e7\u0131ld\u0131rd\u0131\u011f\u0131 iftira, kampanyalarla ba\u015flad\u0131 b\u00fcro t\u0131bb\u0131 ve doktrine kar\u015f\u0131. Kardec, bu su\u00e7laman\u0131n sa\u00e7mal\u0131\u011f\u0131na i\u015faret ederek ve \u015feytan efsanesinin y\u00fczy\u0131llar boyunca d\u00fcnyada hayal edebilece\u011finden daha fazla \u00e7\u0131lg\u0131nl\u0131k yaratt\u0131\u011f\u0131n\u0131 hat\u0131rlatarak bu konuyu ele ald\u0131. Tedavi eden hekimin, bilimin sahip olma belirtilerini tan\u0131may\u0131 reddetti\u011fi basit nedenden dolay\u0131 her zaman yetersiz oldu\u011funu kan\u0131tlad\u0131\u011f\u0131n\u0131 belirtti.<\/p>\n\n\n\n<p class=\"has-black-color has-text-color has-link-color has-small-font-size wp-elements-1cb48ec403502533d9da9aa1f1768207\">Belirli bireylerin \u00e7\u0131lg\u0131nl\u0131\u011fa yatk\u0131nl\u0131\u011f\u0131na at\u0131fta bulunuldu, bu da d\u00fcnyan\u0131n her yerinden m\u00fczik, matematik, teoloji veya di\u011fer konularda \u00e7al\u0131\u015fmaya adanm\u0131\u015f insanlar\u0131n nedeninin kaybolmas\u0131na yol a\u00e7t\u0131.k\u00fclt\u00fcrel. Ve daha da fazlas\u0131, \u00e7\u00fcnk\u00fc profes\u00f6re g\u00f6re, hepimizin i\u00e7inde her t\u00fcrl\u00fc uyar\u0131lma ile tetiklenebilecek belirli bir derecede delilik var. \u00d6rnek olarak, dini topluluklarda korkun\u00e7 bir s\u0131kl\u0131kta meydana gelen bireysel ve kolektif m\u00fclkiyet vakalar\u0131na at\u0131fta bulundu ve maneviyat\u00e7\u0131l\u0131\u011f\u0131n \u00e7e\u015fitli delilik t\u00fcrlerine kar\u015f\u0131 en iyi ve en etkili \u00f6nleme oldu\u011funu s\u00f6yledi.<\/p>\n\n\n\n<p class=\"has-black-color has-text-color has-link-color has-small-font-size wp-elements-d66d94c9761a13b4a01c967b07d3ef48\">Bug\u00fcn, bu delilik derecesinin, her ikisi de bedensiz ruhlar olarak bedenlenmi\u015f varl\u0131klar taraf\u0131ndan telepatik uyar\u0131lma taraf\u0131ndan tetiklenebilece\u011fi bilimsel olarak kan\u0131tlanm\u0131\u015ft\u0131r. Birka\u00e7 y\u0131l \u00f6nce, doktor psikanalist Jean Herenwald, bu soruyu &#034;Telepati ve ki\u015fileraras\u0131 ili\u015fkiler&#034; ba\u015fl\u0131kl\u0131 bir kitapta, kendi klini\u011finin etkileyici vakalar\u0131nda adad\u0131. Amerikan, ingiliz, Frans\u0131z ve Sovyetlerin ara\u015ft\u0131rmalar\u0131 bu ger\u00e7ekli\u011fin reddedilemez kan\u0131t\u0131n\u0131 sa\u011flam\u0131\u015ft\u0131r.<\/p>\n\n\n\n<p class=\"has-black-color has-text-color has-link-color has-small-font-size wp-elements-a26993b85b82262686ae0c4bf209d604\">Ne var ki, Cambridge \u00dcniversitesi&#039;nden Carrington ger\u00e7ekleri iyice inceledi. Maneviyat, psikiyatriye kar\u015f\u0131 sava\u015fmay\u0131 veya onlar\u0131n ba\u015far\u0131lar\u0131n\u0131 ya da genel olarak psikoterapinin ba\u015far\u0131lar\u0131n\u0131 inkar etmeyi ama\u00e7lamamaktad\u0131r, ancak ara\u015ft\u0131rmay\u0131 etiyolojik olarak ilerletmek i\u00e7in bu \u00f6zel tedavi alan\u0131nda yeni perspektifler sundu\u011fu a\u00e7\u0131kt\u0131r ve iyile\u015fme bilimsel olarak kan\u0131tlanm\u0131\u015ft\u0131r. Astronotlar\u0131n g\u00f6kbilimcileri Ay\u0131n gizli y\u00fcz\u00fcne g\u00f6sterdi\u011fi gibi, ger\u00e7eklik psikopatolojisinin gizli y\u00fcz\u00fc olan psikoterapistlere de ayn\u0131 \u015fekilde ortaya \u00e7\u0131kar.<\/p>\n\n\n\n<p class=\"has-black-color has-text-color has-link-color has-small-font-size wp-elements-b5a294ad0cb7a6d7f7ba0772a163deea\">Tedavi y\u00f6ntemleri maneviyat\u00e7\u0131lar etkinliklerini g\u00f6sterdiler ve bunu t\u00fcm d\u00fcnyada her g\u00fcn yapmaya devam ediyorlar. Maneviyat, psikiyatriye, psikiyatrinin uzun zaman ge\u00e7mi\u015f varsay\u0131mlara ve \u00f6nyarg\u0131lara dayanarak reddedemeyece\u011fi teori ve prati\u011fe tam bir katk\u0131 sunar.<\/p>\n<\/div><\/div>","protected":false},"excerpt":{"rendered":"<p>Psiquiatr\u00eda y Espiritismo La psiquiatr\u00eda es el campo de la medicina que est\u00e1 m\u00e1s en conflicto con el espiritismo. Y es el campo en el que los espiritistas son m\u00e1s activos y tienen m\u00e1s \u00e9xito. La raz\u00f3n es obvia. La mayor\u00eda de los psic\u00f3patas est\u00e1n simplemente pose\u00eddos; y lo que va m\u00e1s all\u00e1 de la [&hellip;]<\/p>","protected":false},"author":1,"featured_media":3854,"parent":0,"menu_order":0,"comment_status":"closed","ping_status":"closed","template":"","meta":{"_uag_custom_page_level_css":"","site-sidebar-layout":"default","site-content-layout":"","ast-site-content-layout":"default","site-content-style":"default","site-sidebar-style":"default","ast-global-header-display":"","ast-banner-title-visibility":"","ast-main-header-display":"","ast-hfb-above-header-display":"","ast-hfb-below-header-display":"","ast-hfb-mobile-header-display":"","site-post-title":"disabled","ast-breadcrumbs-content":"","ast-featured-img":"","footer-sml-layout":"","theme-transparent-header-meta":"","adv-header-id-meta":"","stick-header-meta":"","header-above-stick-meta":"","header-main-stick-meta":"","header-below-stick-meta":"","astra-migrate-meta-layouts":"set","ast-page-background-enabled":"default","ast-page-background-meta":{"desktop":{"background-color":"var(--ast-global-color-4)","background-image":"","background-repeat":"repeat","background-position":"center center","background-size":"auto","background-attachment":"scroll","background-type":"","background-media":"","overlay-type":"","overlay-color":"","overlay-opacity":"","overlay-gradient":""},"tablet":{"background-color":"","background-image":"","background-repeat":"repeat","background-position":"center center","background-size":"auto","background-attachment":"scroll","background-type":"","background-media":"","overlay-type":"","overlay-color":"","overlay-opacity":"","overlay-gradient":""},"mobile":{"background-color":"","background-image":"","background-repeat":"repeat","background-position":"center center","background-size":"auto","background-attachment":"scroll","background-type":"","background-media":"","overlay-type":"","overlay-color":"","overlay-opacity":"","overlay-gradient":""}},"ast-content-background-meta":{"desktop":{"background-color":"var(--ast-global-color-5)","background-image":"","background-repeat":"repeat","background-position":"center center","background-size":"auto","background-attachment":"scroll","background-type":"","background-media":"","overlay-type":"","overlay-color":"","overlay-opacity":"","overlay-gradient":""},"tablet":{"background-color":"var(--ast-global-color-5)","background-image":"","background-repeat":"repeat","background-position":"center center","background-size":"auto","background-attachment":"scroll","background-type":"","background-media":"","overlay-type":"","overlay-color":"","overlay-opacity":"","overlay-gradient":""},"mobile":{"background-color":"var(--ast-global-color-5)","background-image":"","background-repeat":"repeat","background-position":"center center","background-size":"auto","background-attachment":"scroll","background-type":"","background-media":"","overlay-type":"","overlay-color":"","overlay-opacity":"","overlay-gradient":""}},"footnotes":""},"class_list":["post-3853","page","type-page","status-publish","has-post-thumbnail","hentry"],"yoast_head":"<!-- This site is optimized with the Yoast SEO Premium plugin v24.2 (Yoast SEO v24.6) - https:\/\/yoast.com\/wordpress\/plugins\/seo\/ -->\n<title>Psiquiatr\u00eda y Espiritismo - Uni\u00f3n Esp\u00edrita<\/title>\n<meta name=\"robots\" content=\"index, follow, max-snippet:-1, max-image-preview:large, max-video-preview:-1\" \/>\n<link rel=\"canonical\" href=\"https:\/\/nuevo-renacer.com\/tr\/psiquiatria-y-espiritismo\/\" \/>\n<meta property=\"og:locale\" content=\"tr_TR\" \/>\n<meta property=\"og:type\" content=\"article\" \/>\n<meta property=\"og:title\" content=\"Psiquiatr\u00eda y Espiritismo\" \/>\n<meta property=\"og:description\" content=\"Psiquiatr\u00eda y Espiritismo La psiquiatr\u00eda es el campo de la medicina que est\u00e1 m\u00e1s en conflicto con el espiritismo. Y es el campo en el que los espiritistas son m\u00e1s activos y tienen m\u00e1s \u00e9xito. La raz\u00f3n es obvia. La mayor\u00eda de los psic\u00f3patas est\u00e1n simplemente pose\u00eddos; y lo que va m\u00e1s all\u00e1 de la [&hellip;]\" \/>\n<meta property=\"og:url\" content=\"https:\/\/nuevo-renacer.com\/tr\/psiquiatria-y-espiritismo\/\" \/>\n<meta property=\"og:site_name\" content=\"Uni\u00f3n Esp\u00edrita\" \/>\n<meta property=\"article:publisher\" content=\"https:\/\/www.facebook.com\/groups\/3431398063740829\" \/>\n<meta property=\"article:modified_time\" content=\"2024-07-16T11:14:25+00:00\" \/>\n<meta property=\"og:image\" content=\"https:\/\/nuevo-renacer.com\/wp-content\/uploads\/2024\/07\/447968129_7965176216836124_410702528150355634_n.jpg\" \/>\n\t<meta property=\"og:image:width\" content=\"626\" \/>\n\t<meta property=\"og:image:height\" content=\"416\" \/>\n\t<meta property=\"og:image:type\" content=\"image\/jpeg\" \/>\n<meta name=\"twitter:card\" content=\"summary_large_image\" \/>\n<meta name=\"twitter:label1\" content=\"Tahmini okuma s\u00fcresi\" \/>\n\t<meta name=\"twitter:data1\" content=\"4 dakika\" \/>\n<script type=\"application\/ld+json\" class=\"yoast-schema-graph\">{\"@context\":\"https:\/\/schema.org\",\"@graph\":[{\"@type\":\"WebPage\",\"@id\":\"https:\/\/nuevo-renacer.com\/psiquiatria-y-espiritismo\/\",\"url\":\"https:\/\/nuevo-renacer.com\/psiquiatria-y-espiritismo\/\",\"name\":\"Psiquiatr\u00eda y Espiritismo - Uni\u00f3n Esp\u00edrita\",\"isPartOf\":{\"@id\":\"https:\/\/nuevo-renacer.com\/#website\"},\"primaryImageOfPage\":{\"@id\":\"https:\/\/nuevo-renacer.com\/psiquiatria-y-espiritismo\/#primaryimage\"},\"image\":{\"@id\":\"https:\/\/nuevo-renacer.com\/psiquiatria-y-espiritismo\/#primaryimage\"},\"thumbnailUrl\":\"https:\/\/nuevo-renacer.com\/wp-content\/uploads\/2024\/07\/447968129_7965176216836124_410702528150355634_n.jpg\",\"datePublished\":\"2024-07-16T11:14:23+00:00\",\"dateModified\":\"2024-07-16T11:14:25+00:00\",\"breadcrumb\":{\"@id\":\"https:\/\/nuevo-renacer.com\/psiquiatria-y-espiritismo\/#breadcrumb\"},\"inLanguage\":\"tr\",\"potentialAction\":[{\"@type\":\"ReadAction\",\"target\":[\"https:\/\/nuevo-renacer.com\/psiquiatria-y-espiritismo\/\"]}]},{\"@type\":\"ImageObject\",\"inLanguage\":\"tr\",\"@id\":\"https:\/\/nuevo-renacer.com\/psiquiatria-y-espiritismo\/#primaryimage\",\"url\":\"https:\/\/nuevo-renacer.com\/wp-content\/uploads\/2024\/07\/447968129_7965176216836124_410702528150355634_n.jpg\",\"contentUrl\":\"https:\/\/nuevo-renacer.com\/wp-content\/uploads\/2024\/07\/447968129_7965176216836124_410702528150355634_n.jpg\",\"width\":626,\"height\":416},{\"@type\":\"BreadcrumbList\",\"@id\":\"https:\/\/nuevo-renacer.com\/psiquiatria-y-espiritismo\/#breadcrumb\",\"itemListElement\":[{\"@type\":\"ListItem\",\"position\":1,\"name\":\"Startseite\",\"item\":\"https:\/\/nuevo-renacer.com\/\"},{\"@type\":\"ListItem\",\"position\":2,\"name\":\"Psiquiatr\u00eda y Espiritismo\"}]},{\"@type\":\"WebSite\",\"@id\":\"https:\/\/nuevo-renacer.com\/#website\",\"url\":\"https:\/\/nuevo-renacer.com\/\",\"name\":\"Uni\u00f3n Esp\u00edrita\",\"description\":\"Nuevo Renacer\",\"publisher\":{\"@id\":\"https:\/\/nuevo-renacer.com\/#organization\"},\"potentialAction\":[{\"@type\":\"SearchAction\",\"target\":{\"@type\":\"EntryPoint\",\"urlTemplate\":\"https:\/\/nuevo-renacer.com\/?s={search_term_string}\"},\"query-input\":{\"@type\":\"PropertyValueSpecification\",\"valueRequired\":true,\"valueName\":\"search_term_string\"}}],\"inLanguage\":\"tr\"},{\"@type\":\"Organization\",\"@id\":\"https:\/\/nuevo-renacer.com\/#organization\",\"name\":\"UFEC\",\"url\":\"https:\/\/nuevo-renacer.com\/\",\"logo\":{\"@type\":\"ImageObject\",\"inLanguage\":\"tr\",\"@id\":\"https:\/\/nuevo-renacer.com\/#\/schema\/logo\/image\/\",\"url\":\"https:\/\/nuevo-renacer.com\/wp-content\/uploads\/2024\/05\/cropped-LOGO-TERMINADO1-3-3.png\",\"contentUrl\":\"https:\/\/nuevo-renacer.com\/wp-content\/uploads\/2024\/05\/cropped-LOGO-TERMINADO1-3-3.png\",\"width\":512,\"height\":512,\"caption\":\"UFEC\"},\"image\":{\"@id\":\"https:\/\/nuevo-renacer.com\/#\/schema\/logo\/image\/\"},\"sameAs\":[\"https:\/\/www.facebook.com\/groups\/3431398063740829\"]}]}<\/script>\n<!-- \/ Yoast SEO Premium plugin. -->","yoast_head_json":{"title":"Psiquiatr\u00eda y Espiritismo - Uni\u00f3n Esp\u00edrita","robots":{"index":"index","follow":"follow","max-snippet":"max-snippet:-1","max-image-preview":"max-image-preview:large","max-video-preview":"max-video-preview:-1"},"canonical":"https:\/\/nuevo-renacer.com\/tr\/psiquiatria-y-espiritismo\/","og_locale":"tr_TR","og_type":"article","og_title":"Psiquiatr\u00eda y Espiritismo","og_description":"Psiquiatr\u00eda y Espiritismo La psiquiatr\u00eda es el campo de la medicina que est\u00e1 m\u00e1s en conflicto con el espiritismo. Y es el campo en el que los espiritistas son m\u00e1s activos y tienen m\u00e1s \u00e9xito. La raz\u00f3n es obvia. La mayor\u00eda de los psic\u00f3patas est\u00e1n simplemente pose\u00eddos; y lo que va m\u00e1s all\u00e1 de la [&hellip;]","og_url":"https:\/\/nuevo-renacer.com\/tr\/psiquiatria-y-espiritismo\/","og_site_name":"Uni\u00f3n Esp\u00edrita","article_publisher":"https:\/\/www.facebook.com\/groups\/3431398063740829","article_modified_time":"2024-07-16T11:14:25+00:00","og_image":[{"width":626,"height":416,"url":"https:\/\/nuevo-renacer.com\/wp-content\/uploads\/2024\/07\/447968129_7965176216836124_410702528150355634_n.jpg","type":"image\/jpeg"}],"twitter_card":"summary_large_image","twitter_misc":{"Tahmini okuma s\u00fcresi":"4 dakika"},"schema":{"@context":"https:\/\/schema.org","@graph":[{"@type":"WebPage","@id":"https:\/\/nuevo-renacer.com\/psiquiatria-y-espiritismo\/","url":"https:\/\/nuevo-renacer.com\/psiquiatria-y-espiritismo\/","name":"Psiquiatr\u00eda y Espiritismo - Uni\u00f3n Esp\u00edrita","isPartOf":{"@id":"https:\/\/nuevo-renacer.com\/#website"},"primaryImageOfPage":{"@id":"https:\/\/nuevo-renacer.com\/psiquiatria-y-espiritismo\/#primaryimage"},"image":{"@id":"https:\/\/nuevo-renacer.com\/psiquiatria-y-espiritismo\/#primaryimage"},"thumbnailUrl":"https:\/\/nuevo-renacer.com\/wp-content\/uploads\/2024\/07\/447968129_7965176216836124_410702528150355634_n.jpg","datePublished":"2024-07-16T11:14:23+00:00","dateModified":"2024-07-16T11:14:25+00:00","breadcrumb":{"@id":"https:\/\/nuevo-renacer.com\/psiquiatria-y-espiritismo\/#breadcrumb"},"inLanguage":"tr","potentialAction":[{"@type":"ReadAction","target":["https:\/\/nuevo-renacer.com\/psiquiatria-y-espiritismo\/"]}]},{"@type":"ImageObject","inLanguage":"tr","@id":"https:\/\/nuevo-renacer.com\/psiquiatria-y-espiritismo\/#primaryimage","url":"https:\/\/nuevo-renacer.com\/wp-content\/uploads\/2024\/07\/447968129_7965176216836124_410702528150355634_n.jpg","contentUrl":"https:\/\/nuevo-renacer.com\/wp-content\/uploads\/2024\/07\/447968129_7965176216836124_410702528150355634_n.jpg","width":626,"height":416},{"@type":"BreadcrumbList","@id":"https:\/\/nuevo-renacer.com\/psiquiatria-y-espiritismo\/#breadcrumb","itemListElement":[{"@type":"ListItem","position":1,"name":"Startseite","item":"https:\/\/nuevo-renacer.com\/"},{"@type":"ListItem","position":2,"name":"Psiquiatr\u00eda y Espiritismo"}]},{"@type":"WebSite","@id":"https:\/\/nuevo-renacer.com\/#website","url":"https:\/\/nuevo-renacer.com\/","name":"Uni\u00f3n Esp\u00edrita","description":"Nuevo Renacer","publisher":{"@id":"https:\/\/nuevo-renacer.com\/#organization"},"potentialAction":[{"@type":"SearchAction","target":{"@type":"EntryPoint","urlTemplate":"https:\/\/nuevo-renacer.com\/?s={search_term_string}"},"query-input":{"@type":"PropertyValueSpecification","valueRequired":true,"valueName":"search_term_string"}}],"inLanguage":"tr"},{"@type":"Organization","@id":"https:\/\/nuevo-renacer.com\/#organization","name":"UFEC","url":"https:\/\/nuevo-renacer.com\/","logo":{"@type":"ImageObject","inLanguage":"tr","@id":"https:\/\/nuevo-renacer.com\/#\/schema\/logo\/image\/","url":"https:\/\/nuevo-renacer.com\/wp-content\/uploads\/2024\/05\/cropped-LOGO-TERMINADO1-3-3.png","contentUrl":"https:\/\/nuevo-renacer.com\/wp-content\/uploads\/2024\/05\/cropped-LOGO-TERMINADO1-3-3.png","width":512,"height":512,"caption":"UFEC"},"image":{"@id":"https:\/\/nuevo-renacer.com\/#\/schema\/logo\/image\/"},"sameAs":["https:\/\/www.facebook.com\/groups\/3431398063740829"]}]}},"uagb_featured_image_src":{"full":["https:\/\/nuevo-renacer.com\/wp-content\/uploads\/2024\/07\/447968129_7965176216836124_410702528150355634_n.jpg",626,416,false],"thumbnail":["https:\/\/nuevo-renacer.com\/wp-content\/uploads\/2024\/07\/447968129_7965176216836124_410702528150355634_n-150x150.jpg",150,150,true],"medium":["https:\/\/nuevo-renacer.com\/wp-content\/uploads\/2024\/07\/447968129_7965176216836124_410702528150355634_n-300x199.jpg",300,199,true],"medium_large":["https:\/\/nuevo-renacer.com\/wp-content\/uploads\/2024\/07\/447968129_7965176216836124_410702528150355634_n.jpg",626,416,false],"large":["https:\/\/nuevo-renacer.com\/wp-content\/uploads\/2024\/07\/447968129_7965176216836124_410702528150355634_n.jpg",626,416,false],"1536x1536":["https:\/\/nuevo-renacer.com\/wp-content\/uploads\/2024\/07\/447968129_7965176216836124_410702528150355634_n.jpg",626,416,false],"2048x2048":["https:\/\/nuevo-renacer.com\/wp-content\/uploads\/2024\/07\/447968129_7965176216836124_410702528150355634_n.jpg",626,416,false],"trp-custom-language-flag":["https:\/\/nuevo-renacer.com\/wp-content\/uploads\/2024\/07\/447968129_7965176216836124_410702528150355634_n-18x12.jpg",18,12,true]},"uagb_author_info":{"display_name":"adbv0","author_link":"https:\/\/nuevo-renacer.com\/tr\/author\/adbv0\/"},"uagb_comment_info":0,"uagb_excerpt":"Psiquiatr\u00eda y Espiritismo La psiquiatr\u00eda es el campo de la medicina que est\u00e1 m\u00e1s en conflicto con el espiritismo. Y es el campo en el que los espiritistas son m\u00e1s activos y tienen m\u00e1s \u00e9xito. La raz\u00f3n es obvia. La mayor\u00eda de los psic\u00f3patas est\u00e1n simplemente pose\u00eddos; y lo que va m\u00e1s all\u00e1 de la&hellip;","jetpack_sharing_enabled":true,"_links":{"self":[{"href":"https:\/\/nuevo-renacer.com\/tr\/wp-json\/wp\/v2\/pages\/3853","targetHints":{"allow":["GET"]}}],"collection":[{"href":"https:\/\/nuevo-renacer.com\/tr\/wp-json\/wp\/v2\/pages"}],"about":[{"href":"https:\/\/nuevo-renacer.com\/tr\/wp-json\/wp\/v2\/types\/page"}],"author":[{"embeddable":true,"href":"https:\/\/nuevo-renacer.com\/tr\/wp-json\/wp\/v2\/users\/1"}],"replies":[{"embeddable":true,"href":"https:\/\/nuevo-renacer.com\/tr\/wp-json\/wp\/v2\/comments?post=3853"}],"version-history":[{"count":1,"href":"https:\/\/nuevo-renacer.com\/tr\/wp-json\/wp\/v2\/pages\/3853\/revisions"}],"predecessor-version":[{"id":3855,"href":"https:\/\/nuevo-renacer.com\/tr\/wp-json\/wp\/v2\/pages\/3853\/revisions\/3855"}],"wp:featuredmedia":[{"embeddable":true,"href":"https:\/\/nuevo-renacer.com\/tr\/wp-json\/wp\/v2\/media\/3854"}],"wp:attachment":[{"href":"https:\/\/nuevo-renacer.com\/tr\/wp-json\/wp\/v2\/media?parent=3853"}],"curies":[{"name":"wp","href":"https:\/\/api.w.org\/{rel}","templated":true}]}}