{"id":3847,"date":"2024-07-16T10:53:38","date_gmt":"2024-07-16T10:53:38","guid":{"rendered":"https:\/\/ufec-mundial.com\/?page_id=3847"},"modified":"2024-07-16T10:53:41","modified_gmt":"2024-07-16T10:53:41","slug":"las-guerras","status":"publish","type":"page","link":"https:\/\/nuevo-renacer.com\/tr\/las-guerras\/","title":{"rendered":"Sava\u015flar"},"content":{"rendered":"<div class=\"wp-block-uagb-container uagb-block-619f0544 alignfull uagb-is-root-container\"><div class=\"uagb-container-inner-blocks-wrap\">\n<p class=\"has-black-color has-text-color has-link-color has-medium-font-size wp-elements-6cb0d9505d9f48bf377e4d6c2b2c90e0\"><strong>Sava\u015flar<\/strong><\/p>\n<\/div><\/div>\n\n\n\n<div class=\"wp-block-uagb-container uagb-block-ecfc577b alignfull uagb-is-root-container\"><div class=\"uagb-container-inner-blocks-wrap\">\n<figure class=\"wp-block-image size-full is-resized\"><img fetchpriority=\"high\" decoding=\"async\" width=\"626\" height=\"351\" src=\"https:\/\/ufec-mundial.com\/wp-content\/uploads\/2024\/07\/medium-shot-soldier-war-zone_23-2150804357.avif\" alt=\"\" class=\"wp-image-3849\" style=\"width:382px;height:auto\"\/><\/figure>\n<\/div><\/div>\n\n\n\n<div class=\"wp-block-uagb-container uagb-block-52651a7f alignfull uagb-is-root-container\"><div class=\"uagb-container-inner-blocks-wrap\">\n<p class=\"has-black-color has-text-color has-link-color has-small-font-size wp-elements-84b89acb587821a62b9c5a0740067119\">Uluslar ve \u0131rklar aras\u0131ndaki muazzam m\u00fccadele ve d\u00fcnyadaki \u00e7alkant\u0131lar en ciddi sorunlar\u0131 olu\u015fturmaktad\u0131r. Bu b\u00fcy\u00fck dram kar\u015f\u0131s\u0131nda huzursuz insan zihni kendine binlerce soru sormaktad\u0131r. \u015e\u00fcphe, endi\u015fe ve karamsarl\u0131\u011f\u0131n en kararl\u0131 zihinleri bile bunaltt\u0131\u011f\u0131 zamanlar vard\u0131r. \u0130lerleme yaln\u0131zca bir yan\u0131lsama m\u0131d\u0131r? Uygarl\u0131k, vah\u015fi tutkular\u0131n y\u00fckselen dalgas\u0131nda batacak m\u0131d\u0131r? Toplumsal uyum i\u00e7inde adalet, dayan\u0131\u015fma ve bar\u0131\u015f i\u00e7in as\u0131rl\u0131k \u00e7abalar bo\u015fa m\u0131 gidecektir? Sanat fikirleri ve insan dehas\u0131, milyonlarca zihnin ve yoksulun zorlu ve muazzam eme\u011finin meyveleri, f\u0131rt\u0131nada harap olacak m\u0131d\u0131r?<\/p>\n\n\n\n<p class=\"has-black-color has-text-color has-link-color has-small-font-size wp-elements-0ed4874101a4d9895fda295f9a1d3afd\">Ruhani d\u00fc\u015f\u00fcn\u00fcr bu k\u00f6t\u00fcl\u00fck u\u00e7urumunu ba\u015f d\u00f6nmesi olmadan ke\u015ffeder. Olaylar\u0131n kaosundan her \u015feyi y\u00f6neten b\u00fcy\u00fck yasay\u0131 \u00e7\u0131kar\u0131r. Her \u015feyden \u00f6nce, gezegenimizin \u00e7ok ikincil bir mesken, kar\u0131\u015f\u0131k \u00f6zlemleri ve da\u011f\u0131n\u0131k tutkular\u0131yla hen\u00fcz gen\u00e7 ruhlar\u0131n taslaklar\u0131n\u0131n \u00e7izildi\u011fi bir laboratuvar oldu\u011funu hat\u0131rlar.<\/p>\n\n\n\n<p class=\"has-black-color has-text-color has-link-color has-small-font-size wp-elements-a2241113f7d18845feb0a32ad4c94e76\">Ya\u015fam\u0131n daha derin anlam\u0131, ruh\u00e7u d\u00fc\u015f\u00fcn\u00fcr\u00fcn do\u011fas\u0131nda var olan zor ihtiya\u00e7larla birlikte ortaya \u00e7\u0131kar: Bu, her varl\u0131\u011f\u0131n i\u00e7inde bulunan niteliklerin ve g\u00fc\u00e7lerin fark\u0131na var\u0131lmas\u0131d\u0131r. G\u00f6zya\u015flar\u0131, korkular ve g\u00f6zya\u015flar\u0131, ruhun karanl\u0131\u011f\u0131nda bilmeden ve sessizce uyuyan enerjileri g\u00fcn \u0131\u015f\u0131\u011f\u0131na \u00e7\u0131karmak i\u00e7in gereklidir. Ac\u0131 \u00e7ekmeden y\u00fccelik, \u00e7ile \u00e7ekmeden y\u00fccelme olmaz.<\/p>\n\n\n\n<p class=\"has-black-color has-text-color has-link-color has-small-font-size wp-elements-3abc835888153bb7c37a9505155ff240\">E\u011fer yery\u00fcz\u00fcndeki insan kaderin cilvelerinden muaf olsayd\u0131, s\u0131k\u0131nt\u0131lar\u0131n sert dersleri olmasayd\u0131, karakterini yumu\u015fatabilir, deneyimini geli\u015ftirebilir, ruhunun gizli zenginliklerini takdir edebilir miydi? K\u00f6t\u00fcl\u00fck d\u00fcnyam\u0131z\u0131n bir kaderi oldu\u011funa g\u00f6re, k\u00f6t\u00fcler i\u00e7in sorumluluk yok mudur? Olmad\u0131\u011f\u0131na inanmak \u00f6l\u00fcmc\u00fcl bir hata olur: insan cehaleti ve k\u00f6rl\u00fc\u011f\u00fcyle k\u00f6t\u00fcl\u00fck eker ve bunun sonu\u00e7lar\u0131 kendisine ve k\u00f6t\u00fcl\u00fcklerine kat\u0131lan herkese y\u00fcklenir. T\u0131pk\u0131 \u015fu anda oldu\u011fu gibi.<\/p>\n\n\n\n<p class=\"has-black-color has-text-color has-link-color has-small-font-size wp-elements-bba97c4fa302a69909104eeb6aa19104\">Ancak (her ruh\u00e7unun bildi\u011fi gibi) \u00f6l\u00fcm sadece bir g\u00f6r\u00fcn\u00fc\u015ft\u00fcr: ruh maddi k\u0131l\u0131f\u0131ndan kurtuldu\u011funda, daha b\u00fcy\u00fck bir g\u00fc\u00e7 kazan\u0131r, olaylar\u0131 daha adil bir \u015fekilde alg\u0131lar ve varl\u0131k kendisini ahirette daha da canl\u0131 bulur. Ac\u0131 zihni ar\u0131nd\u0131r\u0131r, hi\u00e7bir ac\u0131 kaybolmaz, hi\u00e7bir \u00e7ile kar\u015f\u0131l\u0131ks\u0131z kalmaz. \u00dclkeleri i\u00e7in \u00f6lenler, fedakarl\u0131klar\u0131n\u0131n meyvelerini toplarlar ve hayatta kalanlar\u0131n ac\u0131lar\u0131, ruhlar\u0131na \u0131\u015f\u0131k izleri ve gelecekteki mutlulu\u011fun mikroplar\u0131n\u0131 aktar\u0131r.<\/p>\n\n\n\n<p class=\"has-black-color has-text-color has-link-color has-small-font-size wp-elements-27aad5ef1b795bf52e17832d8db012f2\">Ahlaki ilerlemeye gelince, d\u00fcnya n\u00fcfusu bizden daha a\u015fa\u011f\u0131 d\u00fcnyalardan gelen varl\u0131klarla s\u00fcrekli olarak artt\u0131\u011f\u0131 i\u00e7in, bu ilerleme yava\u015f ve yery\u00fcz\u00fcnde zor alg\u0131lan\u0131r. Ve aram\u0131zda belli bir dereceye kadar ilerleyen ruhlar k\u00e2rl\u0131 bir \u015fekilde daha iyi insanl\u0131\u011fa do\u011fru evrimle\u015febilir. Sonu\u00e7 olarak, genel seviye pek de\u011fi\u015fmez ve bireyin ahlaki nitelikleri nadir ve gizli kal\u0131r.<\/p>\n\n\n\n<p class=\"has-black-color has-text-color has-link-color has-small-font-size wp-elements-7333ca275a4015a1fc775aa6a31191ac\">Daha geli\u015fmi\u015f d\u00fcnyalarda, bizimkinden daha y\u00fcksek insanl\u0131klar aras\u0131nda, felaketlerin art\u0131k var olma hakk\u0131 yoktur. Orada sava\u015f yoktur, \u00e7\u00fcnk\u00fc ruhun bilgeli\u011fi t\u00fcm \u00e7at\u0131\u015fma nedenlerine son vermi\u015ftir. Ebedi ger\u00e7eklerle ayd\u0131nlanm\u0131\u015f, zihin ve kalp g\u00fc\u00e7lerine sahip cesur k\u00fcrelerde ya\u015fayanlar, ruhun gizli hazinelerini uyand\u0131rmak ve geli\u015ftirmek i\u00e7in art\u0131k bu korkun\u00e7 uyar\u0131c\u0131lara ihtiya\u00e7 duymazlar. Evrimin b\u00fcy\u00fck \u00f6l\u00e7e\u011finde, huzur ve \u0131\u015f\u0131\u011f\u0131n ortas\u0131nda \u00f6zg\u00fcrce i\u015fleyen bir y\u00fckseli\u015f i\u00e7in gittik\u00e7e daha az gerekli hale geldiklerinden, ruhun y\u00fckseli\u015fiyle birlikte ac\u0131 nedenleri de azal\u0131r.<\/p>\n\n\n\n<p class=\"has-black-color has-text-color has-link-color has-small-font-size wp-elements-142185666b126bc44feabf21f737db7e\">Ac\u0131 \u00e7ekmek hem bireylerin hem de uluslar\u0131n en b\u00fcy\u00fck e\u011fitmenidir. Her ikisi de do\u011fru yoldan sap\u0131p duygusall\u0131\u011fa ve ahlaki \u00e7\u00f6k\u00fc\u015fe kayd\u0131klar\u0131nda, ac\u0131 onlar\u0131 ac\u0131s\u0131yla birlikte iyilik yoluna geri getirir. Kendimizde duyarl\u0131l\u0131\u011f\u0131 ve ya\u015fam\u0131 geli\u015ftirmek i\u00e7in ac\u0131 \u00e7ekmeliyiz. Bu, sonu\u00e7lar\u0131 bak\u0131m\u0131ndan verimli olan ciddi ve kat\u0131 bir yasad\u0131r. Hissetmek ve sevmek i\u00e7in, b\u00fcy\u00fcmek ve y\u00fckselmek i\u00e7in ac\u0131 \u00e7ekmeliyiz. Ac\u0131 tek ba\u015f\u0131na tutkunun \u00f6fkesine son verir, i\u00e7imizde derin d\u00fc\u015f\u00fcnceler uyand\u0131r\u0131r, ruhlara evrendeki en b\u00fcy\u00fck, en g\u00fczel ve en asil \u015feyleri ortaya \u00e7\u0131kar\u0131r: ac\u0131ma, sevgi ve iyilik....<\/p>\n<\/div><\/div>","protected":false},"excerpt":{"rendered":"<p>Las Guerras La tremenda lucha entre naciones y razas y las convulsiones que vive el mundo plantean los problemas m\u00e1s graves. Ante el gran drama que se presenta, la inquieta mente humana se hace mil preguntas. Y hay momentos en que la duda, la ansiedad y el pesimismo abruman a las mentes m\u00e1s decididas. \u00bfEs [&hellip;]<\/p>","protected":false},"author":1,"featured_media":3849,"parent":0,"menu_order":0,"comment_status":"closed","ping_status":"closed","template":"","meta":{"_uag_custom_page_level_css":"","site-sidebar-layout":"default","site-content-layout":"","ast-site-content-layout":"default","site-content-style":"default","site-sidebar-style":"default","ast-global-header-display":"","ast-banner-title-visibility":"","ast-main-header-display":"","ast-hfb-above-header-display":"","ast-hfb-below-header-display":"","ast-hfb-mobile-header-display":"","site-post-title":"disabled","ast-breadcrumbs-content":"","ast-featured-img":"","footer-sml-layout":"","theme-transparent-header-meta":"","adv-header-id-meta":"","stick-header-meta":"","header-above-stick-meta":"","header-main-stick-meta":"","header-below-stick-meta":"","astra-migrate-meta-layouts":"set","ast-page-background-enabled":"default","ast-page-background-meta":{"desktop":{"background-color":"var(--ast-global-color-4)","background-image":"","background-repeat":"repeat","background-position":"center center","background-size":"auto","background-attachment":"scroll","background-type":"","background-media":"","overlay-type":"","overlay-color":"","overlay-opacity":"","overlay-gradient":""},"tablet":{"background-color":"","background-image":"","background-repeat":"repeat","background-position":"center center","background-size":"auto","background-attachment":"scroll","background-type":"","background-media":"","overlay-type":"","overlay-color":"","overlay-opacity":"","overlay-gradient":""},"mobile":{"background-color":"","background-image":"","background-repeat":"repeat","background-position":"center center","background-size":"auto","background-attachment":"scroll","background-type":"","background-media":"","overlay-type":"","overlay-color":"","overlay-opacity":"","overlay-gradient":""}},"ast-content-background-meta":{"desktop":{"background-color":"var(--ast-global-color-5)","background-image":"","background-repeat":"repeat","background-position":"center center","background-size":"auto","background-attachment":"scroll","background-type":"","background-media":"","overlay-type":"","overlay-color":"","overlay-opacity":"","overlay-gradient":""},"tablet":{"background-color":"var(--ast-global-color-5)","background-image":"","background-repeat":"repeat","background-position":"center center","background-size":"auto","background-attachment":"scroll","background-type":"","background-media":"","overlay-type":"","overlay-color":"","overlay-opacity":"","overlay-gradient":""},"mobile":{"background-color":"var(--ast-global-color-5)","background-image":"","background-repeat":"repeat","background-position":"center center","background-size":"auto","background-attachment":"scroll","background-type":"","background-media":"","overlay-type":"","overlay-color":"","overlay-opacity":"","overlay-gradient":""}},"footnotes":""},"class_list":["post-3847","page","type-page","status-publish","has-post-thumbnail","hentry"],"yoast_head":"<!-- This site is optimized with the Yoast SEO Premium plugin v24.2 (Yoast SEO v24.6) - https:\/\/yoast.com\/wordpress\/plugins\/seo\/ -->\n<title>Las Guerras - Uni\u00f3n Esp\u00edrita<\/title>\n<meta name=\"robots\" content=\"index, follow, max-snippet:-1, max-image-preview:large, max-video-preview:-1\" \/>\n<link rel=\"canonical\" href=\"https:\/\/nuevo-renacer.com\/tr\/las-guerras\/\" \/>\n<meta property=\"og:locale\" content=\"tr_TR\" \/>\n<meta property=\"og:type\" content=\"article\" \/>\n<meta property=\"og:title\" content=\"Las Guerras\" \/>\n<meta property=\"og:description\" content=\"Las Guerras La tremenda lucha entre naciones y razas y las convulsiones que vive el mundo plantean los problemas m\u00e1s graves. Ante el gran drama que se presenta, la inquieta mente humana se hace mil preguntas. Y hay momentos en que la duda, la ansiedad y el pesimismo abruman a las mentes m\u00e1s decididas. \u00bfEs [&hellip;]\" \/>\n<meta property=\"og:url\" content=\"https:\/\/nuevo-renacer.com\/tr\/las-guerras\/\" \/>\n<meta property=\"og:site_name\" content=\"Uni\u00f3n Esp\u00edrita\" \/>\n<meta property=\"article:publisher\" content=\"https:\/\/www.facebook.com\/groups\/3431398063740829\" \/>\n<meta property=\"article:modified_time\" content=\"2024-07-16T10:53:41+00:00\" \/>\n<meta name=\"twitter:card\" content=\"summary_large_image\" \/>\n<meta name=\"twitter:label1\" content=\"Tahmini okuma s\u00fcresi\" \/>\n\t<meta name=\"twitter:data1\" content=\"4 dakika\" \/>\n<script type=\"application\/ld+json\" class=\"yoast-schema-graph\">{\"@context\":\"https:\/\/schema.org\",\"@graph\":[{\"@type\":\"WebPage\",\"@id\":\"https:\/\/nuevo-renacer.com\/las-guerras\/\",\"url\":\"https:\/\/nuevo-renacer.com\/las-guerras\/\",\"name\":\"Las Guerras - Uni\u00f3n Esp\u00edrita\",\"isPartOf\":{\"@id\":\"https:\/\/nuevo-renacer.com\/#website\"},\"primaryImageOfPage\":{\"@id\":\"https:\/\/nuevo-renacer.com\/las-guerras\/#primaryimage\"},\"image\":{\"@id\":\"https:\/\/nuevo-renacer.com\/las-guerras\/#primaryimage\"},\"thumbnailUrl\":\"https:\/\/nuevo-renacer.com\/wp-content\/uploads\/2024\/07\/medium-shot-soldier-war-zone_23-2150804357.avif\",\"datePublished\":\"2024-07-16T10:53:38+00:00\",\"dateModified\":\"2024-07-16T10:53:41+00:00\",\"breadcrumb\":{\"@id\":\"https:\/\/nuevo-renacer.com\/las-guerras\/#breadcrumb\"},\"inLanguage\":\"tr\",\"potentialAction\":[{\"@type\":\"ReadAction\",\"target\":[\"https:\/\/nuevo-renacer.com\/las-guerras\/\"]}]},{\"@type\":\"ImageObject\",\"inLanguage\":\"tr\",\"@id\":\"https:\/\/nuevo-renacer.com\/las-guerras\/#primaryimage\",\"url\":\"https:\/\/nuevo-renacer.com\/wp-content\/uploads\/2024\/07\/medium-shot-soldier-war-zone_23-2150804357.avif\",\"contentUrl\":\"https:\/\/nuevo-renacer.com\/wp-content\/uploads\/2024\/07\/medium-shot-soldier-war-zone_23-2150804357.avif\",\"width\":626,\"height\":351},{\"@type\":\"BreadcrumbList\",\"@id\":\"https:\/\/nuevo-renacer.com\/las-guerras\/#breadcrumb\",\"itemListElement\":[{\"@type\":\"ListItem\",\"position\":1,\"name\":\"Startseite\",\"item\":\"https:\/\/nuevo-renacer.com\/\"},{\"@type\":\"ListItem\",\"position\":2,\"name\":\"Las Guerras\"}]},{\"@type\":\"WebSite\",\"@id\":\"https:\/\/nuevo-renacer.com\/#website\",\"url\":\"https:\/\/nuevo-renacer.com\/\",\"name\":\"Uni\u00f3n Esp\u00edrita\",\"description\":\"Nuevo Renacer\",\"publisher\":{\"@id\":\"https:\/\/nuevo-renacer.com\/#organization\"},\"potentialAction\":[{\"@type\":\"SearchAction\",\"target\":{\"@type\":\"EntryPoint\",\"urlTemplate\":\"https:\/\/nuevo-renacer.com\/?s={search_term_string}\"},\"query-input\":{\"@type\":\"PropertyValueSpecification\",\"valueRequired\":true,\"valueName\":\"search_term_string\"}}],\"inLanguage\":\"tr\"},{\"@type\":\"Organization\",\"@id\":\"https:\/\/nuevo-renacer.com\/#organization\",\"name\":\"UFEC\",\"url\":\"https:\/\/nuevo-renacer.com\/\",\"logo\":{\"@type\":\"ImageObject\",\"inLanguage\":\"tr\",\"@id\":\"https:\/\/nuevo-renacer.com\/#\/schema\/logo\/image\/\",\"url\":\"https:\/\/nuevo-renacer.com\/wp-content\/uploads\/2024\/05\/cropped-LOGO-TERMINADO1-3-3.png\",\"contentUrl\":\"https:\/\/nuevo-renacer.com\/wp-content\/uploads\/2024\/05\/cropped-LOGO-TERMINADO1-3-3.png\",\"width\":512,\"height\":512,\"caption\":\"UFEC\"},\"image\":{\"@id\":\"https:\/\/nuevo-renacer.com\/#\/schema\/logo\/image\/\"},\"sameAs\":[\"https:\/\/www.facebook.com\/groups\/3431398063740829\"]}]}<\/script>\n<!-- \/ Yoast SEO Premium plugin. -->","yoast_head_json":{"title":"Las Guerras - Uni\u00f3n Esp\u00edrita","robots":{"index":"index","follow":"follow","max-snippet":"max-snippet:-1","max-image-preview":"max-image-preview:large","max-video-preview":"max-video-preview:-1"},"canonical":"https:\/\/nuevo-renacer.com\/tr\/las-guerras\/","og_locale":"tr_TR","og_type":"article","og_title":"Las Guerras","og_description":"Las Guerras La tremenda lucha entre naciones y razas y las convulsiones que vive el mundo plantean los problemas m\u00e1s graves. Ante el gran drama que se presenta, la inquieta mente humana se hace mil preguntas. Y hay momentos en que la duda, la ansiedad y el pesimismo abruman a las mentes m\u00e1s decididas. \u00bfEs [&hellip;]","og_url":"https:\/\/nuevo-renacer.com\/tr\/las-guerras\/","og_site_name":"Uni\u00f3n Esp\u00edrita","article_publisher":"https:\/\/www.facebook.com\/groups\/3431398063740829","article_modified_time":"2024-07-16T10:53:41+00:00","twitter_card":"summary_large_image","twitter_misc":{"Tahmini okuma s\u00fcresi":"4 dakika"},"schema":{"@context":"https:\/\/schema.org","@graph":[{"@type":"WebPage","@id":"https:\/\/nuevo-renacer.com\/las-guerras\/","url":"https:\/\/nuevo-renacer.com\/las-guerras\/","name":"Las Guerras - Uni\u00f3n Esp\u00edrita","isPartOf":{"@id":"https:\/\/nuevo-renacer.com\/#website"},"primaryImageOfPage":{"@id":"https:\/\/nuevo-renacer.com\/las-guerras\/#primaryimage"},"image":{"@id":"https:\/\/nuevo-renacer.com\/las-guerras\/#primaryimage"},"thumbnailUrl":"https:\/\/nuevo-renacer.com\/wp-content\/uploads\/2024\/07\/medium-shot-soldier-war-zone_23-2150804357.avif","datePublished":"2024-07-16T10:53:38+00:00","dateModified":"2024-07-16T10:53:41+00:00","breadcrumb":{"@id":"https:\/\/nuevo-renacer.com\/las-guerras\/#breadcrumb"},"inLanguage":"tr","potentialAction":[{"@type":"ReadAction","target":["https:\/\/nuevo-renacer.com\/las-guerras\/"]}]},{"@type":"ImageObject","inLanguage":"tr","@id":"https:\/\/nuevo-renacer.com\/las-guerras\/#primaryimage","url":"https:\/\/nuevo-renacer.com\/wp-content\/uploads\/2024\/07\/medium-shot-soldier-war-zone_23-2150804357.avif","contentUrl":"https:\/\/nuevo-renacer.com\/wp-content\/uploads\/2024\/07\/medium-shot-soldier-war-zone_23-2150804357.avif","width":626,"height":351},{"@type":"BreadcrumbList","@id":"https:\/\/nuevo-renacer.com\/las-guerras\/#breadcrumb","itemListElement":[{"@type":"ListItem","position":1,"name":"Startseite","item":"https:\/\/nuevo-renacer.com\/"},{"@type":"ListItem","position":2,"name":"Las Guerras"}]},{"@type":"WebSite","@id":"https:\/\/nuevo-renacer.com\/#website","url":"https:\/\/nuevo-renacer.com\/","name":"Uni\u00f3n Esp\u00edrita","description":"Nuevo Renacer","publisher":{"@id":"https:\/\/nuevo-renacer.com\/#organization"},"potentialAction":[{"@type":"SearchAction","target":{"@type":"EntryPoint","urlTemplate":"https:\/\/nuevo-renacer.com\/?s={search_term_string}"},"query-input":{"@type":"PropertyValueSpecification","valueRequired":true,"valueName":"search_term_string"}}],"inLanguage":"tr"},{"@type":"Organization","@id":"https:\/\/nuevo-renacer.com\/#organization","name":"UFEC","url":"https:\/\/nuevo-renacer.com\/","logo":{"@type":"ImageObject","inLanguage":"tr","@id":"https:\/\/nuevo-renacer.com\/#\/schema\/logo\/image\/","url":"https:\/\/nuevo-renacer.com\/wp-content\/uploads\/2024\/05\/cropped-LOGO-TERMINADO1-3-3.png","contentUrl":"https:\/\/nuevo-renacer.com\/wp-content\/uploads\/2024\/05\/cropped-LOGO-TERMINADO1-3-3.png","width":512,"height":512,"caption":"UFEC"},"image":{"@id":"https:\/\/nuevo-renacer.com\/#\/schema\/logo\/image\/"},"sameAs":["https:\/\/www.facebook.com\/groups\/3431398063740829"]}]}},"uagb_featured_image_src":{"full":["https:\/\/nuevo-renacer.com\/wp-content\/uploads\/2024\/07\/medium-shot-soldier-war-zone_23-2150804357.avif",626,351,false],"thumbnail":["https:\/\/nuevo-renacer.com\/wp-content\/uploads\/2024\/07\/medium-shot-soldier-war-zone_23-2150804357.avif",150,84,false],"medium":["https:\/\/nuevo-renacer.com\/wp-content\/uploads\/2024\/07\/medium-shot-soldier-war-zone_23-2150804357.avif",300,168,false],"medium_large":["https:\/\/nuevo-renacer.com\/wp-content\/uploads\/2024\/07\/medium-shot-soldier-war-zone_23-2150804357.avif",626,351,false],"large":["https:\/\/nuevo-renacer.com\/wp-content\/uploads\/2024\/07\/medium-shot-soldier-war-zone_23-2150804357.avif",626,351,false],"1536x1536":["https:\/\/nuevo-renacer.com\/wp-content\/uploads\/2024\/07\/medium-shot-soldier-war-zone_23-2150804357.avif",626,351,false],"2048x2048":["https:\/\/nuevo-renacer.com\/wp-content\/uploads\/2024\/07\/medium-shot-soldier-war-zone_23-2150804357.avif",626,351,false],"trp-custom-language-flag":["https:\/\/nuevo-renacer.com\/wp-content\/uploads\/2024\/07\/medium-shot-soldier-war-zone_23-2150804357.avif",18,10,false]},"uagb_author_info":{"display_name":"adbv0","author_link":"https:\/\/nuevo-renacer.com\/tr\/author\/adbv0\/"},"uagb_comment_info":0,"uagb_excerpt":"Las Guerras La tremenda lucha entre naciones y razas y las convulsiones que vive el mundo plantean los problemas m\u00e1s graves. Ante el gran drama que se presenta, la inquieta mente humana se hace mil preguntas. Y hay momentos en que la duda, la ansiedad y el pesimismo abruman a las mentes m\u00e1s decididas. \u00bfEs&hellip;","jetpack_sharing_enabled":true,"_links":{"self":[{"href":"https:\/\/nuevo-renacer.com\/tr\/wp-json\/wp\/v2\/pages\/3847","targetHints":{"allow":["GET"]}}],"collection":[{"href":"https:\/\/nuevo-renacer.com\/tr\/wp-json\/wp\/v2\/pages"}],"about":[{"href":"https:\/\/nuevo-renacer.com\/tr\/wp-json\/wp\/v2\/types\/page"}],"author":[{"embeddable":true,"href":"https:\/\/nuevo-renacer.com\/tr\/wp-json\/wp\/v2\/users\/1"}],"replies":[{"embeddable":true,"href":"https:\/\/nuevo-renacer.com\/tr\/wp-json\/wp\/v2\/comments?post=3847"}],"version-history":[{"count":1,"href":"https:\/\/nuevo-renacer.com\/tr\/wp-json\/wp\/v2\/pages\/3847\/revisions"}],"predecessor-version":[{"id":3850,"href":"https:\/\/nuevo-renacer.com\/tr\/wp-json\/wp\/v2\/pages\/3847\/revisions\/3850"}],"wp:featuredmedia":[{"embeddable":true,"href":"https:\/\/nuevo-renacer.com\/tr\/wp-json\/wp\/v2\/media\/3849"}],"wp:attachment":[{"href":"https:\/\/nuevo-renacer.com\/tr\/wp-json\/wp\/v2\/media?parent=3847"}],"curies":[{"name":"wp","href":"https:\/\/api.w.org\/{rel}","templated":true}]}}