{"id":3786,"date":"2024-07-15T09:43:57","date_gmt":"2024-07-15T09:43:57","guid":{"rendered":"https:\/\/ufec-mundial.com\/?page_id=3786"},"modified":"2024-07-15T09:44:00","modified_gmt":"2024-07-15T09:44:00","slug":"en-que-momento-se-une-el-espiritu-al-nuevo-cuerpo","status":"publish","type":"page","link":"https:\/\/nuevo-renacer.com\/tr\/en-que-momento-se-une-el-espiritu-al-nuevo-cuerpo\/","title":{"rendered":"Ruhu yeni bedene ba\u011flayan nedir?"},"content":{"rendered":"<div class=\"wp-block-uagb-container uagb-block-62951923 alignfull uagb-is-root-container\"><div class=\"uagb-container-inner-blocks-wrap\">\n<p class=\"has-black-color has-text-color has-link-color has-medium-font-size wp-elements-352d1aea6302a620728107492a3741a9\"><strong>Ruhu yeni bedene ba\u011flayan nedir?<\/strong><\/p>\n<\/div><\/div>\n\n\n\n<div class=\"wp-block-uagb-container uagb-block-6c2c9f80 alignfull uagb-is-root-container\"><div class=\"uagb-container-inner-blocks-wrap\">\n<figure class=\"wp-block-image size-full is-resized\"><img fetchpriority=\"high\" decoding=\"async\" width=\"768\" height=\"505\" src=\"https:\/\/ufec-mundial.com\/wp-content\/uploads\/2024\/07\/parto-recien-nacido-2-768x505.jpg.webp\" alt=\"\" class=\"wp-image-3787\" style=\"width:502px;height:auto\" srcset=\"https:\/\/nuevo-renacer.com\/wp-content\/uploads\/2024\/07\/parto-recien-nacido-2-768x505.jpg.webp 768w, https:\/\/nuevo-renacer.com\/wp-content\/uploads\/2024\/07\/parto-recien-nacido-2-768x505.jpg-300x197.webp 300w, https:\/\/nuevo-renacer.com\/wp-content\/uploads\/2024\/07\/parto-recien-nacido-2-768x505.jpg-18x12.webp 18w\" sizes=\"(max-width: 768px) 100vw, 768px\" \/><\/figure>\n<\/div><\/div>\n\n\n\n<div class=\"wp-block-uagb-container uagb-block-8bf0f7ed alignfull uagb-is-root-container\"><div class=\"uagb-container-inner-blocks-wrap\">\n<p class=\"has-black-color has-text-color has-link-color has-small-font-size wp-elements-bc9ed531992edb06897681fc4895ad7c\">Gebe kalma an\u0131nda. \u0130\u015fte tam o anda Ruh bedene ak\u0131c\u0131 bir \u015fekilde birle\u015fir ve \u00e7ocuk do\u011fana kadar bu ak\u0131\u015fkan ba\u011flant\u0131 giderek daha fazla incelir.<\/p>\n\n\n\n<p class=\"has-black-color has-text-color has-link-color has-small-font-size wp-elements-7430826dc4027c2a5980e0c90f9864fd\">Gebe kalma an\u0131ndan fiziksel ya\u015fam\u0131n sona ermesine kadar kesin bir birlikteliktir ve o bedende ba\u015fka hi\u00e7bir Ruh ya\u015fayamazd\u0131. Gebe kalma ile do\u011fum karga\u015fas\u0131 aras\u0131ndaki bu aral\u0131kta, uyku s\u0131ras\u0131nda bir enkarnasyonun Ruhuyla ayn\u0131 durumda olaca\u011f\u0131 Ruhunu ele ge\u00e7irmeye ba\u015flar ve bu, do\u011fum zaman\u0131 ile ilgili oldu\u011fu i\u00e7in, fikirleri, ge\u00e7mi\u015finin hat\u0131ras\u0131 olarak seyreltilir. \u00d6l\u00fcm an\u0131ndan daha b\u00fcy\u00fck ve hepsinden \u00f6nemlisi daha uzun s\u00fcreli bir \u015fokla gelir; \u00f6l\u00fcmle birlikte, Ruh k\u00f6leli\u011fin yapraklar\u0131, do\u011fumla birlikte i\u00e7ine girer.<\/p>\n\n\n\n<p class=\"has-black-color has-text-color has-link-color has-small-font-size wp-elements-d3f05e769cedc2715251d88a982568e5\">Gebe kalman\u0131n ilk an\u0131ndan itibaren ya\u015fam\u0131n bozulmas\u0131na neden olmak b\u00fcy\u00fck bir hatad\u0131r. Her bir davan\u0131n ko\u015fullar\u0131na ba\u011fl\u0131 olarak, a\u011f\u0131rla\u015ft\u0131r\u0131c\u0131 ve hafifletici ko\u015fullar\u0131 mevcut oldu\u011funda, su\u00e7lanacak az \u00e7ok \u015fey olacakt\u0131r, ancak sorumlulara, bu veya gelecekteki varl\u0131klarda verilen zarar\u0131 en az\u0131ndan onarmalar\u0131 sa\u011flanacakt\u0131r. K\u00fcrtaj, ilahi yasan\u0131n ihlalidir, sorumlular \u00e7ocu\u011fun do\u011fmadan \u00f6nce can\u0131n\u0131 almak ve ruhun hakk\u0131n\u0131z olan davalarla y\u00fczle\u015fmesini engellemek i\u00e7in bir su\u00e7 i\u015flerler. \u0130lahi yasadan \u00f6nce do\u011facak \u00e7ocu\u011fun baz\u0131 hastal\u0131klar\u0131, fiziksel veya zihinsel engelli kusurlar\u0131 nedeniyle k\u00fcrtaj hakl\u0131 de\u011fildir; \u00e7\u00fcnk\u00fc bu zor durumlardan sonra Ruh i\u00e7in size ve aile \u00e7evrenize gerekli imtihanlar ve fedakarl\u0131klar vard\u0131r. Sadece annenin hayat\u0131n\u0131n tehlikede oldu\u011fu istisnai durumlarda hakl\u0131 k\u00fcrtaj olur ve Ruhlar, kurstan \u00f6nce bir hayat\u0131 ya da di\u011ferini kurtarmay\u0131 se\u00e7mesi gerekti\u011fini, annenin hayat\u0131n\u0131 kurtarman\u0131z gerekti\u011fini bildirdi.<\/p>\n<\/div><\/div>","protected":false},"excerpt":{"rendered":"<p>\u00bfEn qu\u00e9 momento se une el Esp\u00edritu al nuevo cuerpo? En el momento de la concepci\u00f3n. Es a partir de ese preciso instante que el Esp\u00edritu se une flu\u00eddicamente al cuerpo, y hasta que el ni\u00f1o nace ese lazo flu\u00eddico se va estrechando cada vez m\u00e1s. Es una uni\u00f3n definitiva desde el momento de la [&hellip;]<\/p>","protected":false},"author":1,"featured_media":3787,"parent":0,"menu_order":0,"comment_status":"closed","ping_status":"closed","template":"","meta":{"_uag_custom_page_level_css":"","site-sidebar-layout":"default","site-content-layout":"","ast-site-content-layout":"default","site-content-style":"default","site-sidebar-style":"default","ast-global-header-display":"","ast-banner-title-visibility":"","ast-main-header-display":"","ast-hfb-above-header-display":"","ast-hfb-below-header-display":"","ast-hfb-mobile-header-display":"","site-post-title":"disabled","ast-breadcrumbs-content":"","ast-featured-img":"","footer-sml-layout":"","theme-transparent-header-meta":"","adv-header-id-meta":"","stick-header-meta":"","header-above-stick-meta":"","header-main-stick-meta":"","header-below-stick-meta":"","astra-migrate-meta-layouts":"set","ast-page-background-enabled":"default","ast-page-background-meta":{"desktop":{"background-color":"var(--ast-global-color-4)","background-image":"","background-repeat":"repeat","background-position":"center center","background-size":"auto","background-attachment":"scroll","background-type":"","background-media":"","overlay-type":"","overlay-color":"","overlay-opacity":"","overlay-gradient":""},"tablet":{"background-color":"","background-image":"","background-repeat":"repeat","background-position":"center center","background-size":"auto","background-attachment":"scroll","background-type":"","background-media":"","overlay-type":"","overlay-color":"","overlay-opacity":"","overlay-gradient":""},"mobile":{"background-color":"","background-image":"","background-repeat":"repeat","background-position":"center center","background-size":"auto","background-attachment":"scroll","background-type":"","background-media":"","overlay-type":"","overlay-color":"","overlay-opacity":"","overlay-gradient":""}},"ast-content-background-meta":{"desktop":{"background-color":"var(--ast-global-color-5)","background-image":"","background-repeat":"repeat","background-position":"center center","background-size":"auto","background-attachment":"scroll","background-type":"","background-media":"","overlay-type":"","overlay-color":"","overlay-opacity":"","overlay-gradient":""},"tablet":{"background-color":"var(--ast-global-color-5)","background-image":"","background-repeat":"repeat","background-position":"center center","background-size":"auto","background-attachment":"scroll","background-type":"","background-media":"","overlay-type":"","overlay-color":"","overlay-opacity":"","overlay-gradient":""},"mobile":{"background-color":"var(--ast-global-color-5)","background-image":"","background-repeat":"repeat","background-position":"center center","background-size":"auto","background-attachment":"scroll","background-type":"","background-media":"","overlay-type":"","overlay-color":"","overlay-opacity":"","overlay-gradient":""}},"footnotes":""},"class_list":["post-3786","page","type-page","status-publish","has-post-thumbnail","hentry"],"yoast_head":"<!-- This site is optimized with the Yoast SEO Premium plugin v24.2 (Yoast SEO v24.6) - https:\/\/yoast.com\/wordpress\/plugins\/seo\/ -->\n<title>\u00bfEn qu\u00e9 momento se une el Esp\u00edritu al nuevo cuerpo? - Uni\u00f3n Esp\u00edrita<\/title>\n<meta name=\"robots\" content=\"index, follow, max-snippet:-1, max-image-preview:large, max-video-preview:-1\" \/>\n<link rel=\"canonical\" href=\"https:\/\/nuevo-renacer.com\/tr\/en-que-momento-se-une-el-espiritu-al-nuevo-cuerpo\/\" \/>\n<meta property=\"og:locale\" content=\"tr_TR\" \/>\n<meta property=\"og:type\" content=\"article\" \/>\n<meta property=\"og:title\" content=\"\u00bfEn qu\u00e9 momento se une el Esp\u00edritu al nuevo cuerpo?\" \/>\n<meta property=\"og:description\" content=\"\u00bfEn qu\u00e9 momento se une el Esp\u00edritu al nuevo cuerpo? En el momento de la concepci\u00f3n. Es a partir de ese preciso instante que el Esp\u00edritu se une flu\u00eddicamente al cuerpo, y hasta que el ni\u00f1o nace ese lazo flu\u00eddico se va estrechando cada vez m\u00e1s. Es una uni\u00f3n definitiva desde el momento de la [&hellip;]\" \/>\n<meta property=\"og:url\" content=\"https:\/\/nuevo-renacer.com\/tr\/en-que-momento-se-une-el-espiritu-al-nuevo-cuerpo\/\" \/>\n<meta property=\"og:site_name\" content=\"Uni\u00f3n Esp\u00edrita\" \/>\n<meta property=\"article:publisher\" content=\"https:\/\/www.facebook.com\/groups\/3431398063740829\" \/>\n<meta property=\"article:modified_time\" content=\"2024-07-15T09:44:00+00:00\" \/>\n<meta property=\"og:image\" content=\"https:\/\/nuevo-renacer.com\/wp-content\/uploads\/2024\/07\/parto-recien-nacido-2-768x505.jpg.webp\" \/>\n\t<meta property=\"og:image:width\" content=\"768\" \/>\n\t<meta property=\"og:image:height\" content=\"505\" \/>\n\t<meta property=\"og:image:type\" content=\"image\/webp\" \/>\n<meta name=\"twitter:card\" content=\"summary_large_image\" \/>\n<meta name=\"twitter:label1\" content=\"Tahmini okuma s\u00fcresi\" \/>\n\t<meta name=\"twitter:data1\" content=\"2 dakika\" \/>\n<script type=\"application\/ld+json\" class=\"yoast-schema-graph\">{\"@context\":\"https:\/\/schema.org\",\"@graph\":[{\"@type\":\"WebPage\",\"@id\":\"https:\/\/nuevo-renacer.com\/en-que-momento-se-une-el-espiritu-al-nuevo-cuerpo\/\",\"url\":\"https:\/\/nuevo-renacer.com\/en-que-momento-se-une-el-espiritu-al-nuevo-cuerpo\/\",\"name\":\"\u00bfEn qu\u00e9 momento se une el Esp\u00edritu al nuevo cuerpo? - Uni\u00f3n Esp\u00edrita\",\"isPartOf\":{\"@id\":\"https:\/\/nuevo-renacer.com\/#website\"},\"primaryImageOfPage\":{\"@id\":\"https:\/\/nuevo-renacer.com\/en-que-momento-se-une-el-espiritu-al-nuevo-cuerpo\/#primaryimage\"},\"image\":{\"@id\":\"https:\/\/nuevo-renacer.com\/en-que-momento-se-une-el-espiritu-al-nuevo-cuerpo\/#primaryimage\"},\"thumbnailUrl\":\"https:\/\/nuevo-renacer.com\/wp-content\/uploads\/2024\/07\/parto-recien-nacido-2-768x505.jpg.webp\",\"datePublished\":\"2024-07-15T09:43:57+00:00\",\"dateModified\":\"2024-07-15T09:44:00+00:00\",\"breadcrumb\":{\"@id\":\"https:\/\/nuevo-renacer.com\/en-que-momento-se-une-el-espiritu-al-nuevo-cuerpo\/#breadcrumb\"},\"inLanguage\":\"tr\",\"potentialAction\":[{\"@type\":\"ReadAction\",\"target\":[\"https:\/\/nuevo-renacer.com\/en-que-momento-se-une-el-espiritu-al-nuevo-cuerpo\/\"]}]},{\"@type\":\"ImageObject\",\"inLanguage\":\"tr\",\"@id\":\"https:\/\/nuevo-renacer.com\/en-que-momento-se-une-el-espiritu-al-nuevo-cuerpo\/#primaryimage\",\"url\":\"https:\/\/nuevo-renacer.com\/wp-content\/uploads\/2024\/07\/parto-recien-nacido-2-768x505.jpg.webp\",\"contentUrl\":\"https:\/\/nuevo-renacer.com\/wp-content\/uploads\/2024\/07\/parto-recien-nacido-2-768x505.jpg.webp\",\"width\":768,\"height\":505},{\"@type\":\"BreadcrumbList\",\"@id\":\"https:\/\/nuevo-renacer.com\/en-que-momento-se-une-el-espiritu-al-nuevo-cuerpo\/#breadcrumb\",\"itemListElement\":[{\"@type\":\"ListItem\",\"position\":1,\"name\":\"Startseite\",\"item\":\"https:\/\/nuevo-renacer.com\/\"},{\"@type\":\"ListItem\",\"position\":2,\"name\":\"\u00bfEn qu\u00e9 momento se une el Esp\u00edritu al nuevo cuerpo?\"}]},{\"@type\":\"WebSite\",\"@id\":\"https:\/\/nuevo-renacer.com\/#website\",\"url\":\"https:\/\/nuevo-renacer.com\/\",\"name\":\"Uni\u00f3n Esp\u00edrita\",\"description\":\"Nuevo Renacer\",\"publisher\":{\"@id\":\"https:\/\/nuevo-renacer.com\/#organization\"},\"potentialAction\":[{\"@type\":\"SearchAction\",\"target\":{\"@type\":\"EntryPoint\",\"urlTemplate\":\"https:\/\/nuevo-renacer.com\/?s={search_term_string}\"},\"query-input\":{\"@type\":\"PropertyValueSpecification\",\"valueRequired\":true,\"valueName\":\"search_term_string\"}}],\"inLanguage\":\"tr\"},{\"@type\":\"Organization\",\"@id\":\"https:\/\/nuevo-renacer.com\/#organization\",\"name\":\"UFEC\",\"url\":\"https:\/\/nuevo-renacer.com\/\",\"logo\":{\"@type\":\"ImageObject\",\"inLanguage\":\"tr\",\"@id\":\"https:\/\/nuevo-renacer.com\/#\/schema\/logo\/image\/\",\"url\":\"https:\/\/nuevo-renacer.com\/wp-content\/uploads\/2024\/05\/cropped-LOGO-TERMINADO1-3-3.png\",\"contentUrl\":\"https:\/\/nuevo-renacer.com\/wp-content\/uploads\/2024\/05\/cropped-LOGO-TERMINADO1-3-3.png\",\"width\":512,\"height\":512,\"caption\":\"UFEC\"},\"image\":{\"@id\":\"https:\/\/nuevo-renacer.com\/#\/schema\/logo\/image\/\"},\"sameAs\":[\"https:\/\/www.facebook.com\/groups\/3431398063740829\"]}]}<\/script>\n<!-- \/ Yoast SEO Premium plugin. -->","yoast_head_json":{"title":"\u00bfEn qu\u00e9 momento se une el Esp\u00edritu al nuevo cuerpo? - Uni\u00f3n Esp\u00edrita","robots":{"index":"index","follow":"follow","max-snippet":"max-snippet:-1","max-image-preview":"max-image-preview:large","max-video-preview":"max-video-preview:-1"},"canonical":"https:\/\/nuevo-renacer.com\/tr\/en-que-momento-se-une-el-espiritu-al-nuevo-cuerpo\/","og_locale":"tr_TR","og_type":"article","og_title":"\u00bfEn qu\u00e9 momento se une el Esp\u00edritu al nuevo cuerpo?","og_description":"\u00bfEn qu\u00e9 momento se une el Esp\u00edritu al nuevo cuerpo? En el momento de la concepci\u00f3n. Es a partir de ese preciso instante que el Esp\u00edritu se une flu\u00eddicamente al cuerpo, y hasta que el ni\u00f1o nace ese lazo flu\u00eddico se va estrechando cada vez m\u00e1s. Es una uni\u00f3n definitiva desde el momento de la [&hellip;]","og_url":"https:\/\/nuevo-renacer.com\/tr\/en-que-momento-se-une-el-espiritu-al-nuevo-cuerpo\/","og_site_name":"Uni\u00f3n Esp\u00edrita","article_publisher":"https:\/\/www.facebook.com\/groups\/3431398063740829","article_modified_time":"2024-07-15T09:44:00+00:00","og_image":[{"width":768,"height":505,"url":"https:\/\/nuevo-renacer.com\/wp-content\/uploads\/2024\/07\/parto-recien-nacido-2-768x505.jpg.webp","type":"image\/webp"}],"twitter_card":"summary_large_image","twitter_misc":{"Tahmini okuma s\u00fcresi":"2 dakika"},"schema":{"@context":"https:\/\/schema.org","@graph":[{"@type":"WebPage","@id":"https:\/\/nuevo-renacer.com\/en-que-momento-se-une-el-espiritu-al-nuevo-cuerpo\/","url":"https:\/\/nuevo-renacer.com\/en-que-momento-se-une-el-espiritu-al-nuevo-cuerpo\/","name":"\u00bfEn qu\u00e9 momento se une el Esp\u00edritu al nuevo cuerpo? - Uni\u00f3n Esp\u00edrita","isPartOf":{"@id":"https:\/\/nuevo-renacer.com\/#website"},"primaryImageOfPage":{"@id":"https:\/\/nuevo-renacer.com\/en-que-momento-se-une-el-espiritu-al-nuevo-cuerpo\/#primaryimage"},"image":{"@id":"https:\/\/nuevo-renacer.com\/en-que-momento-se-une-el-espiritu-al-nuevo-cuerpo\/#primaryimage"},"thumbnailUrl":"https:\/\/nuevo-renacer.com\/wp-content\/uploads\/2024\/07\/parto-recien-nacido-2-768x505.jpg.webp","datePublished":"2024-07-15T09:43:57+00:00","dateModified":"2024-07-15T09:44:00+00:00","breadcrumb":{"@id":"https:\/\/nuevo-renacer.com\/en-que-momento-se-une-el-espiritu-al-nuevo-cuerpo\/#breadcrumb"},"inLanguage":"tr","potentialAction":[{"@type":"ReadAction","target":["https:\/\/nuevo-renacer.com\/en-que-momento-se-une-el-espiritu-al-nuevo-cuerpo\/"]}]},{"@type":"ImageObject","inLanguage":"tr","@id":"https:\/\/nuevo-renacer.com\/en-que-momento-se-une-el-espiritu-al-nuevo-cuerpo\/#primaryimage","url":"https:\/\/nuevo-renacer.com\/wp-content\/uploads\/2024\/07\/parto-recien-nacido-2-768x505.jpg.webp","contentUrl":"https:\/\/nuevo-renacer.com\/wp-content\/uploads\/2024\/07\/parto-recien-nacido-2-768x505.jpg.webp","width":768,"height":505},{"@type":"BreadcrumbList","@id":"https:\/\/nuevo-renacer.com\/en-que-momento-se-une-el-espiritu-al-nuevo-cuerpo\/#breadcrumb","itemListElement":[{"@type":"ListItem","position":1,"name":"Startseite","item":"https:\/\/nuevo-renacer.com\/"},{"@type":"ListItem","position":2,"name":"\u00bfEn qu\u00e9 momento se une el Esp\u00edritu al nuevo cuerpo?"}]},{"@type":"WebSite","@id":"https:\/\/nuevo-renacer.com\/#website","url":"https:\/\/nuevo-renacer.com\/","name":"Uni\u00f3n Esp\u00edrita","description":"Nuevo Renacer","publisher":{"@id":"https:\/\/nuevo-renacer.com\/#organization"},"potentialAction":[{"@type":"SearchAction","target":{"@type":"EntryPoint","urlTemplate":"https:\/\/nuevo-renacer.com\/?s={search_term_string}"},"query-input":{"@type":"PropertyValueSpecification","valueRequired":true,"valueName":"search_term_string"}}],"inLanguage":"tr"},{"@type":"Organization","@id":"https:\/\/nuevo-renacer.com\/#organization","name":"UFEC","url":"https:\/\/nuevo-renacer.com\/","logo":{"@type":"ImageObject","inLanguage":"tr","@id":"https:\/\/nuevo-renacer.com\/#\/schema\/logo\/image\/","url":"https:\/\/nuevo-renacer.com\/wp-content\/uploads\/2024\/05\/cropped-LOGO-TERMINADO1-3-3.png","contentUrl":"https:\/\/nuevo-renacer.com\/wp-content\/uploads\/2024\/05\/cropped-LOGO-TERMINADO1-3-3.png","width":512,"height":512,"caption":"UFEC"},"image":{"@id":"https:\/\/nuevo-renacer.com\/#\/schema\/logo\/image\/"},"sameAs":["https:\/\/www.facebook.com\/groups\/3431398063740829"]}]}},"uagb_featured_image_src":{"full":["https:\/\/nuevo-renacer.com\/wp-content\/uploads\/2024\/07\/parto-recien-nacido-2-768x505.jpg.webp",768,505,false],"thumbnail":["https:\/\/nuevo-renacer.com\/wp-content\/uploads\/2024\/07\/parto-recien-nacido-2-768x505.jpg-150x150.webp",150,150,true],"medium":["https:\/\/nuevo-renacer.com\/wp-content\/uploads\/2024\/07\/parto-recien-nacido-2-768x505.jpg-300x197.webp",300,197,true],"medium_large":["https:\/\/nuevo-renacer.com\/wp-content\/uploads\/2024\/07\/parto-recien-nacido-2-768x505.jpg.webp",768,505,false],"large":["https:\/\/nuevo-renacer.com\/wp-content\/uploads\/2024\/07\/parto-recien-nacido-2-768x505.jpg.webp",768,505,false],"1536x1536":["https:\/\/nuevo-renacer.com\/wp-content\/uploads\/2024\/07\/parto-recien-nacido-2-768x505.jpg.webp",768,505,false],"2048x2048":["https:\/\/nuevo-renacer.com\/wp-content\/uploads\/2024\/07\/parto-recien-nacido-2-768x505.jpg.webp",768,505,false],"trp-custom-language-flag":["https:\/\/nuevo-renacer.com\/wp-content\/uploads\/2024\/07\/parto-recien-nacido-2-768x505.jpg-18x12.webp",18,12,true]},"uagb_author_info":{"display_name":"adbv0","author_link":"https:\/\/nuevo-renacer.com\/tr\/author\/adbv0\/"},"uagb_comment_info":0,"uagb_excerpt":"\u00bfEn qu\u00e9 momento se une el Esp\u00edritu al nuevo cuerpo? En el momento de la concepci\u00f3n. Es a partir de ese preciso instante que el Esp\u00edritu se une flu\u00eddicamente al cuerpo, y hasta que el ni\u00f1o nace ese lazo flu\u00eddico se va estrechando cada vez m\u00e1s. Es una uni\u00f3n definitiva desde el momento de la&hellip;","jetpack_sharing_enabled":true,"_links":{"self":[{"href":"https:\/\/nuevo-renacer.com\/tr\/wp-json\/wp\/v2\/pages\/3786","targetHints":{"allow":["GET"]}}],"collection":[{"href":"https:\/\/nuevo-renacer.com\/tr\/wp-json\/wp\/v2\/pages"}],"about":[{"href":"https:\/\/nuevo-renacer.com\/tr\/wp-json\/wp\/v2\/types\/page"}],"author":[{"embeddable":true,"href":"https:\/\/nuevo-renacer.com\/tr\/wp-json\/wp\/v2\/users\/1"}],"replies":[{"embeddable":true,"href":"https:\/\/nuevo-renacer.com\/tr\/wp-json\/wp\/v2\/comments?post=3786"}],"version-history":[{"count":1,"href":"https:\/\/nuevo-renacer.com\/tr\/wp-json\/wp\/v2\/pages\/3786\/revisions"}],"predecessor-version":[{"id":3788,"href":"https:\/\/nuevo-renacer.com\/tr\/wp-json\/wp\/v2\/pages\/3786\/revisions\/3788"}],"wp:featuredmedia":[{"embeddable":true,"href":"https:\/\/nuevo-renacer.com\/tr\/wp-json\/wp\/v2\/media\/3787"}],"wp:attachment":[{"href":"https:\/\/nuevo-renacer.com\/tr\/wp-json\/wp\/v2\/media?parent=3786"}],"curies":[{"name":"wp","href":"https:\/\/api.w.org\/{rel}","templated":true}]}}