{"id":3768,"date":"2024-07-15T08:50:31","date_gmt":"2024-07-15T08:50:31","guid":{"rendered":"https:\/\/ufec-mundial.com\/?page_id=3768"},"modified":"2024-07-15T08:50:34","modified_gmt":"2024-07-15T08:50:34","slug":"es-lo-mismo-un-espirita-o-espiritista-que-un-medium","status":"publish","type":"page","link":"https:\/\/nuevo-renacer.com\/tr\/es-lo-mismo-un-espirita-o-espiritista-que-un-medium\/","title":{"rendered":"Ruhani ile medyum ayn\u0131 \u015fey midir?"},"content":{"rendered":"<div class=\"wp-block-uagb-container uagb-block-1ce28c1f alignfull uagb-is-root-container\"><div class=\"uagb-container-inner-blocks-wrap\">\n<p class=\"has-black-color has-text-color has-link-color has-medium-font-size wp-elements-9f965536128e81cfe8f793c50251a978\"><strong>Ruhani ile medyum ayn\u0131 \u015fey midir?<\/strong><\/p>\n<\/div><\/div>\n\n\n\n<div class=\"wp-block-uagb-container uagb-block-8b0f8686 alignfull uagb-is-root-container\"><div class=\"uagb-container-inner-blocks-wrap\">\n<figure class=\"wp-block-image size-full is-resized\"><img fetchpriority=\"high\" decoding=\"async\" width=\"1024\" height=\"1024\" src=\"https:\/\/ufec-mundial.com\/wp-content\/uploads\/2024\/07\/Imagen-destacada.jpeg\" alt=\"\" class=\"wp-image-3770\" style=\"width:396px;height:auto\" srcset=\"https:\/\/nuevo-renacer.com\/wp-content\/uploads\/2024\/07\/Imagen-destacada.jpeg 1024w, https:\/\/nuevo-renacer.com\/wp-content\/uploads\/2024\/07\/Imagen-destacada-150x150.jpeg 150w, https:\/\/nuevo-renacer.com\/wp-content\/uploads\/2024\/07\/Imagen-destacada-300x300.jpeg 300w, https:\/\/nuevo-renacer.com\/wp-content\/uploads\/2024\/07\/Imagen-destacada-768x768.jpeg 768w, https:\/\/nuevo-renacer.com\/wp-content\/uploads\/2024\/07\/Imagen-destacada-12x12.jpeg 12w\" sizes=\"(max-width: 1024px) 100vw, 1024px\" \/><\/figure>\n<\/div><\/div>\n\n\n\n<div class=\"wp-block-uagb-container uagb-block-0a5b272a alignfull uagb-is-root-container\"><div class=\"uagb-container-inner-blocks-wrap\">\n<p class=\"has-black-color has-text-color has-link-color has-small-font-size wp-elements-949401aa4e553e7eb3c0d151f096baa7\">Hay\u0131r, medyum ruhlarla ileti\u015fim kurma veya ruhani ger\u00e7ekli\u011fi alg\u0131lama yetene\u011fine sahip olan ki\u015fidir. Oysa bir ruh\u00e7u, ruh\u00e7u felsefeyi takip eden ve inceleyen ve bir medyum olabilecek veya olmayabilecek ki\u015fidir.<\/p>\n\n\n\n<p class=\"has-black-color has-text-color has-link-color has-small-font-size wp-elements-0271a5ce68eb277c26d2d696b48232c7\">Ruh\u00e7uluk bir kimseyi medyum yapmaz, bu organik ko\u015fullara ve yatk\u0131nl\u0131klara ba\u011fl\u0131d\u0131r. Ne Spiritizm ne de bir ba\u015fkas\u0131 ki\u015finin sahip olmad\u0131\u011f\u0131 bir \u015feyi geli\u015ftirmesini sa\u011flayabilir. Ancak yumurtadan \u00e7\u0131kmas\u0131na ve daha da geli\u015fmesine yard\u0131mc\u0131 olabilir. Ve \u00f6zellikle ruh\u00e7u bilgide, iyi kullan\u0131m\u0131 i\u00e7in gerekli t\u00fcm unsurlar\u0131 bulabiliriz. Medyum demek istedikleri halde kendilerine ruh\u00e7u diyenler, kendilerini b\u00f6yle tan\u0131tanlar ve ger\u00e7ekte ruh\u00e7u kelimesinin anlam\u0131n\u0131 ya da neyi ima etti\u011fini bilmeyenler vard\u0131r. Bunlar genellikle bilgi sahibi olmadan ve \u00e7o\u011fu zaman herhangi bir medyumluk yetene\u011fi olmadan, insanlar\u0131n cehaletinden ve iyi niyetinden faydalanarak kazan\u00e7 elde eden ki\u015filerdir.<\/p>\n\n\n\n<p class=\"has-black-color has-text-color has-link-color has-small-font-size wp-elements-b1c97c93e541269e02fe0cc27ec00941\">Ne ger\u00e7ek bir ruh\u00e7u ne de iyi bir medyum bilgisini ya da yeteneklerini \u00e7\u0131kar g\u00f6zetmeyen bir yard\u0131mdan ba\u015fka bir \u015fey i\u00e7in kullanmaz. \u0130nsanl\u0131\u011f\u0131n t\u00fcm \u00e7a\u011flar\u0131nda medyumlar olmu\u015ftur, ama ruh\u00e7ular olmam\u0131\u015ft\u0131r. 1857'de The Spirits' Book'un yay\u0131nlanmas\u0131yla ortaya \u00e7\u0131kan Ruh\u00e7uluktan \u00f6nce ruh\u00e7u olamazd\u0131, \u00e7\u00fcnk\u00fc Ruh\u00e7uluk diye bir \u015fey ve ruh\u00e7u diye bir terim yoktu.<\/p>\n\n\n\n<p class=\"has-black-color has-text-color has-link-color has-small-font-size wp-elements-859cdf9193fb3c84ee0869b5491f41c9\">Sonu\u00e7 olarak, medyum olmayan ruh\u00e7ular olabilir mi? Evet, ruh\u00e7u ya da spiritist olmayan medyumlar olabilir mi? Elbette, ancak medyumlu\u011fu do\u011fru bir \u015fekilde y\u00f6nlendirmek i\u00e7in en iyi k\u0131lavuzlar ruh\u00e7uluk bilgisi dahilinde bulunabilir. K\u0131sacas\u0131, Spiritizmi bilmeyen ya da \u00e7al\u0131\u015fmam\u0131\u015f bir medyuma asla spiritist denmemelidir.<\/p>\n<\/div><\/div>","protected":false},"excerpt":{"rendered":"<p>\u00bfEs lo mismo un esp\u00edrita o espiritista que un m\u00e9dium? No, m\u00e9dium es todo aquel que tiene la facultad de comunicaci\u00f3n con los esp\u00edritus o percibe la realidad espiritual. Mientras que esp\u00edrita o espiritista es el que sigue y estudia la filosof\u00eda esp\u00edrita y que puede o no ser m\u00e9dium. El Espiritismo no hace a [&hellip;]<\/p>","protected":false},"author":1,"featured_media":3770,"parent":0,"menu_order":0,"comment_status":"closed","ping_status":"closed","template":"","meta":{"_uag_custom_page_level_css":"","site-sidebar-layout":"default","site-content-layout":"","ast-site-content-layout":"default","site-content-style":"default","site-sidebar-style":"default","ast-global-header-display":"","ast-banner-title-visibility":"","ast-main-header-display":"","ast-hfb-above-header-display":"","ast-hfb-below-header-display":"","ast-hfb-mobile-header-display":"","site-post-title":"disabled","ast-breadcrumbs-content":"","ast-featured-img":"","footer-sml-layout":"","theme-transparent-header-meta":"","adv-header-id-meta":"","stick-header-meta":"","header-above-stick-meta":"","header-main-stick-meta":"","header-below-stick-meta":"","astra-migrate-meta-layouts":"set","ast-page-background-enabled":"default","ast-page-background-meta":{"desktop":{"background-color":"var(--ast-global-color-4)","background-image":"","background-repeat":"repeat","background-position":"center center","background-size":"auto","background-attachment":"scroll","background-type":"","background-media":"","overlay-type":"","overlay-color":"","overlay-opacity":"","overlay-gradient":""},"tablet":{"background-color":"","background-image":"","background-repeat":"repeat","background-position":"center center","background-size":"auto","background-attachment":"scroll","background-type":"","background-media":"","overlay-type":"","overlay-color":"","overlay-opacity":"","overlay-gradient":""},"mobile":{"background-color":"","background-image":"","background-repeat":"repeat","background-position":"center center","background-size":"auto","background-attachment":"scroll","background-type":"","background-media":"","overlay-type":"","overlay-color":"","overlay-opacity":"","overlay-gradient":""}},"ast-content-background-meta":{"desktop":{"background-color":"var(--ast-global-color-5)","background-image":"","background-repeat":"repeat","background-position":"center center","background-size":"auto","background-attachment":"scroll","background-type":"","background-media":"","overlay-type":"","overlay-color":"","overlay-opacity":"","overlay-gradient":""},"tablet":{"background-color":"var(--ast-global-color-5)","background-image":"","background-repeat":"repeat","background-position":"center center","background-size":"auto","background-attachment":"scroll","background-type":"","background-media":"","overlay-type":"","overlay-color":"","overlay-opacity":"","overlay-gradient":""},"mobile":{"background-color":"var(--ast-global-color-5)","background-image":"","background-repeat":"repeat","background-position":"center center","background-size":"auto","background-attachment":"scroll","background-type":"","background-media":"","overlay-type":"","overlay-color":"","overlay-opacity":"","overlay-gradient":""}},"footnotes":""},"class_list":["post-3768","page","type-page","status-publish","has-post-thumbnail","hentry"],"yoast_head":"<!-- This site is optimized with the Yoast SEO Premium plugin v24.2 (Yoast SEO v24.6) - https:\/\/yoast.com\/wordpress\/plugins\/seo\/ -->\n<title>\u00bfEs lo mismo un esp\u00edrita o espiritista que un m\u00e9dium? - Uni\u00f3n Esp\u00edrita<\/title>\n<meta name=\"robots\" content=\"index, follow, max-snippet:-1, max-image-preview:large, max-video-preview:-1\" \/>\n<link rel=\"canonical\" href=\"https:\/\/nuevo-renacer.com\/tr\/es-lo-mismo-un-espirita-o-espiritista-que-un-medium\/\" \/>\n<meta property=\"og:locale\" content=\"tr_TR\" \/>\n<meta property=\"og:type\" content=\"article\" \/>\n<meta property=\"og:title\" content=\"\u00bfEs lo mismo un esp\u00edrita o espiritista que un m\u00e9dium?\" \/>\n<meta property=\"og:description\" content=\"\u00bfEs lo mismo un esp\u00edrita o espiritista que un m\u00e9dium? No, m\u00e9dium es todo aquel que tiene la facultad de comunicaci\u00f3n con los esp\u00edritus o percibe la realidad espiritual. Mientras que esp\u00edrita o espiritista es el que sigue y estudia la filosof\u00eda esp\u00edrita y que puede o no ser m\u00e9dium. El Espiritismo no hace a [&hellip;]\" \/>\n<meta property=\"og:url\" content=\"https:\/\/nuevo-renacer.com\/tr\/es-lo-mismo-un-espirita-o-espiritista-que-un-medium\/\" \/>\n<meta property=\"og:site_name\" content=\"Uni\u00f3n Esp\u00edrita\" \/>\n<meta property=\"article:publisher\" content=\"https:\/\/www.facebook.com\/groups\/3431398063740829\" \/>\n<meta property=\"article:modified_time\" content=\"2024-07-15T08:50:34+00:00\" \/>\n<meta property=\"og:image\" content=\"https:\/\/nuevo-renacer.com\/wp-content\/uploads\/2024\/07\/Imagen-destacada.jpeg\" \/>\n\t<meta property=\"og:image:width\" content=\"1024\" \/>\n\t<meta property=\"og:image:height\" content=\"1024\" \/>\n\t<meta property=\"og:image:type\" content=\"image\/jpeg\" \/>\n<meta name=\"twitter:card\" content=\"summary_large_image\" \/>\n<meta name=\"twitter:label1\" content=\"Tahmini okuma s\u00fcresi\" \/>\n\t<meta name=\"twitter:data1\" content=\"2 dakika\" \/>\n<script type=\"application\/ld+json\" class=\"yoast-schema-graph\">{\"@context\":\"https:\/\/schema.org\",\"@graph\":[{\"@type\":\"WebPage\",\"@id\":\"https:\/\/nuevo-renacer.com\/es-lo-mismo-un-espirita-o-espiritista-que-un-medium\/\",\"url\":\"https:\/\/nuevo-renacer.com\/es-lo-mismo-un-espirita-o-espiritista-que-un-medium\/\",\"name\":\"\u00bfEs lo mismo un esp\u00edrita o espiritista que un m\u00e9dium? - Uni\u00f3n Esp\u00edrita\",\"isPartOf\":{\"@id\":\"https:\/\/nuevo-renacer.com\/#website\"},\"primaryImageOfPage\":{\"@id\":\"https:\/\/nuevo-renacer.com\/es-lo-mismo-un-espirita-o-espiritista-que-un-medium\/#primaryimage\"},\"image\":{\"@id\":\"https:\/\/nuevo-renacer.com\/es-lo-mismo-un-espirita-o-espiritista-que-un-medium\/#primaryimage\"},\"thumbnailUrl\":\"https:\/\/nuevo-renacer.com\/wp-content\/uploads\/2024\/07\/Imagen-destacada.jpeg\",\"datePublished\":\"2024-07-15T08:50:31+00:00\",\"dateModified\":\"2024-07-15T08:50:34+00:00\",\"breadcrumb\":{\"@id\":\"https:\/\/nuevo-renacer.com\/es-lo-mismo-un-espirita-o-espiritista-que-un-medium\/#breadcrumb\"},\"inLanguage\":\"tr\",\"potentialAction\":[{\"@type\":\"ReadAction\",\"target\":[\"https:\/\/nuevo-renacer.com\/es-lo-mismo-un-espirita-o-espiritista-que-un-medium\/\"]}]},{\"@type\":\"ImageObject\",\"inLanguage\":\"tr\",\"@id\":\"https:\/\/nuevo-renacer.com\/es-lo-mismo-un-espirita-o-espiritista-que-un-medium\/#primaryimage\",\"url\":\"https:\/\/nuevo-renacer.com\/wp-content\/uploads\/2024\/07\/Imagen-destacada.jpeg\",\"contentUrl\":\"https:\/\/nuevo-renacer.com\/wp-content\/uploads\/2024\/07\/Imagen-destacada.jpeg\",\"width\":1024,\"height\":1024},{\"@type\":\"BreadcrumbList\",\"@id\":\"https:\/\/nuevo-renacer.com\/es-lo-mismo-un-espirita-o-espiritista-que-un-medium\/#breadcrumb\",\"itemListElement\":[{\"@type\":\"ListItem\",\"position\":1,\"name\":\"Startseite\",\"item\":\"https:\/\/nuevo-renacer.com\/\"},{\"@type\":\"ListItem\",\"position\":2,\"name\":\"\u00bfEs lo mismo un esp\u00edrita o espiritista que un m\u00e9dium?\"}]},{\"@type\":\"WebSite\",\"@id\":\"https:\/\/nuevo-renacer.com\/#website\",\"url\":\"https:\/\/nuevo-renacer.com\/\",\"name\":\"Uni\u00f3n Esp\u00edrita\",\"description\":\"Nuevo Renacer\",\"publisher\":{\"@id\":\"https:\/\/nuevo-renacer.com\/#organization\"},\"potentialAction\":[{\"@type\":\"SearchAction\",\"target\":{\"@type\":\"EntryPoint\",\"urlTemplate\":\"https:\/\/nuevo-renacer.com\/?s={search_term_string}\"},\"query-input\":{\"@type\":\"PropertyValueSpecification\",\"valueRequired\":true,\"valueName\":\"search_term_string\"}}],\"inLanguage\":\"tr\"},{\"@type\":\"Organization\",\"@id\":\"https:\/\/nuevo-renacer.com\/#organization\",\"name\":\"UFEC\",\"url\":\"https:\/\/nuevo-renacer.com\/\",\"logo\":{\"@type\":\"ImageObject\",\"inLanguage\":\"tr\",\"@id\":\"https:\/\/nuevo-renacer.com\/#\/schema\/logo\/image\/\",\"url\":\"https:\/\/nuevo-renacer.com\/wp-content\/uploads\/2024\/05\/cropped-LOGO-TERMINADO1-3-3.png\",\"contentUrl\":\"https:\/\/nuevo-renacer.com\/wp-content\/uploads\/2024\/05\/cropped-LOGO-TERMINADO1-3-3.png\",\"width\":512,\"height\":512,\"caption\":\"UFEC\"},\"image\":{\"@id\":\"https:\/\/nuevo-renacer.com\/#\/schema\/logo\/image\/\"},\"sameAs\":[\"https:\/\/www.facebook.com\/groups\/3431398063740829\"]}]}<\/script>\n<!-- \/ Yoast SEO Premium plugin. -->","yoast_head_json":{"title":"\u00bfEs lo mismo un esp\u00edrita o espiritista que un m\u00e9dium? - Uni\u00f3n Esp\u00edrita","robots":{"index":"index","follow":"follow","max-snippet":"max-snippet:-1","max-image-preview":"max-image-preview:large","max-video-preview":"max-video-preview:-1"},"canonical":"https:\/\/nuevo-renacer.com\/tr\/es-lo-mismo-un-espirita-o-espiritista-que-un-medium\/","og_locale":"tr_TR","og_type":"article","og_title":"\u00bfEs lo mismo un esp\u00edrita o espiritista que un m\u00e9dium?","og_description":"\u00bfEs lo mismo un esp\u00edrita o espiritista que un m\u00e9dium? No, m\u00e9dium es todo aquel que tiene la facultad de comunicaci\u00f3n con los esp\u00edritus o percibe la realidad espiritual. Mientras que esp\u00edrita o espiritista es el que sigue y estudia la filosof\u00eda esp\u00edrita y que puede o no ser m\u00e9dium. El Espiritismo no hace a [&hellip;]","og_url":"https:\/\/nuevo-renacer.com\/tr\/es-lo-mismo-un-espirita-o-espiritista-que-un-medium\/","og_site_name":"Uni\u00f3n Esp\u00edrita","article_publisher":"https:\/\/www.facebook.com\/groups\/3431398063740829","article_modified_time":"2024-07-15T08:50:34+00:00","og_image":[{"width":1024,"height":1024,"url":"https:\/\/nuevo-renacer.com\/wp-content\/uploads\/2024\/07\/Imagen-destacada.jpeg","type":"image\/jpeg"}],"twitter_card":"summary_large_image","twitter_misc":{"Tahmini okuma s\u00fcresi":"2 dakika"},"schema":{"@context":"https:\/\/schema.org","@graph":[{"@type":"WebPage","@id":"https:\/\/nuevo-renacer.com\/es-lo-mismo-un-espirita-o-espiritista-que-un-medium\/","url":"https:\/\/nuevo-renacer.com\/es-lo-mismo-un-espirita-o-espiritista-que-un-medium\/","name":"\u00bfEs lo mismo un esp\u00edrita o espiritista que un m\u00e9dium? - Uni\u00f3n Esp\u00edrita","isPartOf":{"@id":"https:\/\/nuevo-renacer.com\/#website"},"primaryImageOfPage":{"@id":"https:\/\/nuevo-renacer.com\/es-lo-mismo-un-espirita-o-espiritista-que-un-medium\/#primaryimage"},"image":{"@id":"https:\/\/nuevo-renacer.com\/es-lo-mismo-un-espirita-o-espiritista-que-un-medium\/#primaryimage"},"thumbnailUrl":"https:\/\/nuevo-renacer.com\/wp-content\/uploads\/2024\/07\/Imagen-destacada.jpeg","datePublished":"2024-07-15T08:50:31+00:00","dateModified":"2024-07-15T08:50:34+00:00","breadcrumb":{"@id":"https:\/\/nuevo-renacer.com\/es-lo-mismo-un-espirita-o-espiritista-que-un-medium\/#breadcrumb"},"inLanguage":"tr","potentialAction":[{"@type":"ReadAction","target":["https:\/\/nuevo-renacer.com\/es-lo-mismo-un-espirita-o-espiritista-que-un-medium\/"]}]},{"@type":"ImageObject","inLanguage":"tr","@id":"https:\/\/nuevo-renacer.com\/es-lo-mismo-un-espirita-o-espiritista-que-un-medium\/#primaryimage","url":"https:\/\/nuevo-renacer.com\/wp-content\/uploads\/2024\/07\/Imagen-destacada.jpeg","contentUrl":"https:\/\/nuevo-renacer.com\/wp-content\/uploads\/2024\/07\/Imagen-destacada.jpeg","width":1024,"height":1024},{"@type":"BreadcrumbList","@id":"https:\/\/nuevo-renacer.com\/es-lo-mismo-un-espirita-o-espiritista-que-un-medium\/#breadcrumb","itemListElement":[{"@type":"ListItem","position":1,"name":"Startseite","item":"https:\/\/nuevo-renacer.com\/"},{"@type":"ListItem","position":2,"name":"\u00bfEs lo mismo un esp\u00edrita o espiritista que un m\u00e9dium?"}]},{"@type":"WebSite","@id":"https:\/\/nuevo-renacer.com\/#website","url":"https:\/\/nuevo-renacer.com\/","name":"Uni\u00f3n Esp\u00edrita","description":"Nuevo Renacer","publisher":{"@id":"https:\/\/nuevo-renacer.com\/#organization"},"potentialAction":[{"@type":"SearchAction","target":{"@type":"EntryPoint","urlTemplate":"https:\/\/nuevo-renacer.com\/?s={search_term_string}"},"query-input":{"@type":"PropertyValueSpecification","valueRequired":true,"valueName":"search_term_string"}}],"inLanguage":"tr"},{"@type":"Organization","@id":"https:\/\/nuevo-renacer.com\/#organization","name":"UFEC","url":"https:\/\/nuevo-renacer.com\/","logo":{"@type":"ImageObject","inLanguage":"tr","@id":"https:\/\/nuevo-renacer.com\/#\/schema\/logo\/image\/","url":"https:\/\/nuevo-renacer.com\/wp-content\/uploads\/2024\/05\/cropped-LOGO-TERMINADO1-3-3.png","contentUrl":"https:\/\/nuevo-renacer.com\/wp-content\/uploads\/2024\/05\/cropped-LOGO-TERMINADO1-3-3.png","width":512,"height":512,"caption":"UFEC"},"image":{"@id":"https:\/\/nuevo-renacer.com\/#\/schema\/logo\/image\/"},"sameAs":["https:\/\/www.facebook.com\/groups\/3431398063740829"]}]}},"uagb_featured_image_src":{"full":["https:\/\/nuevo-renacer.com\/wp-content\/uploads\/2024\/07\/Imagen-destacada.jpeg",1024,1024,false],"thumbnail":["https:\/\/nuevo-renacer.com\/wp-content\/uploads\/2024\/07\/Imagen-destacada-150x150.jpeg",150,150,true],"medium":["https:\/\/nuevo-renacer.com\/wp-content\/uploads\/2024\/07\/Imagen-destacada-300x300.jpeg",300,300,true],"medium_large":["https:\/\/nuevo-renacer.com\/wp-content\/uploads\/2024\/07\/Imagen-destacada-768x768.jpeg",768,768,true],"large":["https:\/\/nuevo-renacer.com\/wp-content\/uploads\/2024\/07\/Imagen-destacada.jpeg",1024,1024,false],"1536x1536":["https:\/\/nuevo-renacer.com\/wp-content\/uploads\/2024\/07\/Imagen-destacada.jpeg",1024,1024,false],"2048x2048":["https:\/\/nuevo-renacer.com\/wp-content\/uploads\/2024\/07\/Imagen-destacada.jpeg",1024,1024,false],"trp-custom-language-flag":["https:\/\/nuevo-renacer.com\/wp-content\/uploads\/2024\/07\/Imagen-destacada-12x12.jpeg",12,12,true]},"uagb_author_info":{"display_name":"adbv0","author_link":"https:\/\/nuevo-renacer.com\/tr\/author\/adbv0\/"},"uagb_comment_info":0,"uagb_excerpt":"\u00bfEs lo mismo un esp\u00edrita o espiritista que un m\u00e9dium? No, m\u00e9dium es todo aquel que tiene la facultad de comunicaci\u00f3n con los esp\u00edritus o percibe la realidad espiritual. Mientras que esp\u00edrita o espiritista es el que sigue y estudia la filosof\u00eda esp\u00edrita y que puede o no ser m\u00e9dium. El Espiritismo no hace a&hellip;","jetpack_sharing_enabled":true,"_links":{"self":[{"href":"https:\/\/nuevo-renacer.com\/tr\/wp-json\/wp\/v2\/pages\/3768","targetHints":{"allow":["GET"]}}],"collection":[{"href":"https:\/\/nuevo-renacer.com\/tr\/wp-json\/wp\/v2\/pages"}],"about":[{"href":"https:\/\/nuevo-renacer.com\/tr\/wp-json\/wp\/v2\/types\/page"}],"author":[{"embeddable":true,"href":"https:\/\/nuevo-renacer.com\/tr\/wp-json\/wp\/v2\/users\/1"}],"replies":[{"embeddable":true,"href":"https:\/\/nuevo-renacer.com\/tr\/wp-json\/wp\/v2\/comments?post=3768"}],"version-history":[{"count":1,"href":"https:\/\/nuevo-renacer.com\/tr\/wp-json\/wp\/v2\/pages\/3768\/revisions"}],"predecessor-version":[{"id":3772,"href":"https:\/\/nuevo-renacer.com\/tr\/wp-json\/wp\/v2\/pages\/3768\/revisions\/3772"}],"wp:featuredmedia":[{"embeddable":true,"href":"https:\/\/nuevo-renacer.com\/tr\/wp-json\/wp\/v2\/media\/3770"}],"wp:attachment":[{"href":"https:\/\/nuevo-renacer.com\/tr\/wp-json\/wp\/v2\/media?parent=3768"}],"curies":[{"name":"wp","href":"https:\/\/api.w.org\/{rel}","templated":true}]}}