{"id":3756,"date":"2024-07-15T06:27:23","date_gmt":"2024-07-15T06:27:23","guid":{"rendered":"https:\/\/ufec-mundial.com\/?page_id=3756"},"modified":"2025-10-21T12:56:21","modified_gmt":"2025-10-21T12:56:21","slug":"la-mision-del-espiritismo","status":"publish","type":"page","link":"https:\/\/nuevo-renacer.com\/tr\/la-mision-del-espiritismo\/","title":{"rendered":"Ruh\u00e7ulu\u011fun Misyonu"},"content":{"rendered":"<div class=\"wp-block-uagb-container uagb-block-a7795f3e alignfull uagb-is-root-container\"><div class=\"uagb-container-inner-blocks-wrap\">\n<p class=\"has-black-color has-text-color has-link-color has-medium-font-size wp-elements-fd0895642d0e4522e12e435239940f82\"><strong>Ruh\u00e7ulu\u011fun Misyonu<\/strong><\/p>\n<\/div><\/div>\n\n\n\n<div class=\"wp-block-uagb-container uagb-block-dff6aeec alignfull uagb-is-root-container\"><div class=\"uagb-container-inner-blocks-wrap\">\n<figure class=\"wp-block-image size-full is-resized\"><img fetchpriority=\"high\" decoding=\"async\" width=\"1000\" height=\"500\" src=\"https:\/\/nuevo-renacer.com\/wp-content\/uploads\/2024\/07\/1000_F_144195189_OrmBsEtnJ5fyODQgeqEpfmisrwOGasIo.jpg\" alt=\"\" class=\"wp-image-3757\" style=\"width:380px;height:auto\" srcset=\"https:\/\/nuevo-renacer.com\/wp-content\/uploads\/2024\/07\/1000_F_144195189_OrmBsEtnJ5fyODQgeqEpfmisrwOGasIo.jpg 1000w, https:\/\/nuevo-renacer.com\/wp-content\/uploads\/2024\/07\/1000_F_144195189_OrmBsEtnJ5fyODQgeqEpfmisrwOGasIo-300x150.jpg 300w, https:\/\/nuevo-renacer.com\/wp-content\/uploads\/2024\/07\/1000_F_144195189_OrmBsEtnJ5fyODQgeqEpfmisrwOGasIo-768x384.jpg 768w, https:\/\/nuevo-renacer.com\/wp-content\/uploads\/2024\/07\/1000_F_144195189_OrmBsEtnJ5fyODQgeqEpfmisrwOGasIo-18x9.jpg 18w\" sizes=\"(max-width: 1000px) 100vw, 1000px\" \/><\/figure>\n<\/div><\/div>\n\n\n\n<div class=\"wp-block-uagb-container uagb-block-75f2cbc2 alignfull uagb-is-root-container\"><div class=\"uagb-container-inner-blocks-wrap\">\n<p class=\"has-black-color has-text-color has-link-color has-small-font-size wp-elements-017afeb0be65d2ca0fe86fd7446c8779\">Ruh\u00e7ulu\u011fun, bir tap\u0131na\u011f\u0131 y\u0131kmak ya da bire bir sad\u0131k katolikli\u011fi fethetmek i\u00e7in gelmez; o zaman kutsal adamlara ve mucizevi efsanelere rakip olan di\u011fer dinlerle ayn\u0131 \u015feyi yapar; kanonyalar ve ko\u015fullar; masallar ve gelenekler. Ah! Hay\u0131r; ondan \u00e7ok uzak; \u00e7\u00fcnk\u00fc Okul Spirit\u00fcalisti, iyi bir rasyonalisttir ve geri d\u00f6n\u00fc\u015f\u00fc istemezsiniz; ilerleme hayali, insani kurtulu\u015f, ge\u00e7mi\u015fin, gelece\u011fin ve g\u00fcn\u00fcm\u00fcz\u00fcn hepsinin bir oldu\u011funa inan\u0131r; ve i\u00e7inde arzunuz olan hi\u00e7bir erkek olmad\u0131\u011f\u0131na kibirli.<\/p>\n\n\n\n<p class=\"has-black-color has-text-color has-link-color has-small-font-size wp-elements-677ccdf870bebf369590bf992a5be1a6\">Herkes y\u00fckselebilir ve g\u00f6ky\u00fcz\u00fcne y\u00fckselebilir, di\u011fer her \u015fey erke\u011fin ve kad\u0131n\u0131n gelece\u011fine e\u015fittir, istediklerinin g\u00fc\u00e7 oldu\u011funa, sa\u011flam bir iradenin ger\u00e7e\u011fin pe\u015finden gitti\u011fine ve g\u00fc\u00e7l\u00fc bir arzu besledi\u011fine inan\u0131rlar. dev bir c\u00fcce \u00f6zg\u00fcrl\u00fc\u011f\u00fcn\u00fc istemek. Bu, Maneviyata sahip asil bir g\u00f6revdir, adama s\u00f6yleyin:siz, kendiniz, kurtulu\u015funuzu yaparken.<\/p>\n\n\n\n<p class=\"has-black-color has-text-color has-link-color has-small-font-size wp-elements-57c1c039753828b092770ca4cf8048e7\">Kurtarabilece\u011fin bir din yok; Topra\u011f\u0131n\u0131 yeti\u015ftirmek i\u00e7in gitmelisin ve sadece \u00e7ok iyi oldu\u011fun i\u00e7in iyi bir gelece\u011fin olacak. Mallar\u0131n\u0131z\u0131n kutsal insanlar aras\u0131nda yeniden payla\u015f\u0131lmas\u0131 i\u015fe yaramaz, cennetteki dualar\u0131na ger\u00e7ekten ula\u015fmad\u0131, zaferi istiyor musunuz? \u00c7\u00fcnk\u00fc cenneti fethetmek i\u00e7in gitmelisiniz, mutsuz, ac\u0131 \u00e7ekenlere teselli vermeli ve \u015fefkatli bak\u0131m\u0131n\u0131zla muhta\u00e7lara vermelisiniz.<\/p>\n\n\n\n<p class=\"has-black-color has-text-color has-link-color has-small-font-size wp-elements-87ac4c46aec24203787c7ac5d0d01b6f\">Servetinizi bir S\u0131\u011f\u0131na\u011f\u0131 kald\u0131rmak i\u00e7in harcamak ister misiniz? Ah... bu nedenle en \u00e7ok yoksullu\u011fa dikkat etmeniz gerekir. A\u00e7 kasaba, katliam\u0131n deh\u015fetinin dinamitine bakarak bo\u015f zamanlar\u0131n\u0131n egzersiz yapmas\u0131 i\u00e7in dua etmez;Bu g\u00fc\u00e7 taraf\u0131ndan belirsizdir, sadece su\u00e7 meditasyonunda. Tar\u0131m\u0131 korur, \u00f6rnek \u00e7iftlikler yeti\u015ftirir ve iyi pullu\u011fun ezdi\u011fi sert zemini verimli hale getirir, bundan sonra g\u00fc\u00e7l\u00fc teleskoplardan sonra y\u00fcksekli\u011fe bakarak kendinize orada ne hissetti\u011finizi, ruhunuzun ne kadar y\u00fckseldi\u011fini sorun. h\u00fcz\u00fcnl\u00fc bir ma\u011farada veya d\u00fcnyalar\u0131n ihti\u015fam\u0131ndan \u00f6nce.<\/p>\n\n\n\n<p class=\"has-black-color has-text-color has-link-color has-small-font-size wp-elements-6f7f551c978cf05f595cb9bcff5a2b8c\">Ak\u0131\u015f\u0131n\u0131z\u0131 yeniden payla\u015fmay\u0131n, ancak bunu \u00fcretken yapars\u0131n\u0131z ve \u00f6fkelerin esirlerini sosyal olarak kurtar\u0131rs\u0131n\u0131z. B\u00fcy\u00fck k\u00f6t\u00fcl\u00fcklere \u00fcz\u00fcl\u00fcyorum, ama herhangi bir din size kurtulu\u015f ya da ateizm verecektir; Size \u00e7\u00f6z\u00fcm\u00fc veren yaln\u0131zca Maneviyatt\u0131r. B\u00fcy\u00fck toplumsal sorun, herkesin ho\u015fnutsuzlu\u011fu; Beodos&#039;un bacchanal&#039;\u0131 kirletti\u011fi, k\u00f6t\u00fcl\u00fck i\u00e7in k\u00f6t\u00fcl\u00fck yapt\u0131\u011f\u0131n\u0131z birinin ve di\u011ferinin ya\u015famas\u0131... nas\u0131l ya\u015fayaca\u011f\u0131n\u0131 bilmeden, yere yat... y\u00fcklemek istiyorsun, ka\u00e7\u0131yorsun... almak istiyorsun; Ne t\u00fcr bir \u00e7\u0131lg\u0131nl\u0131k ve nas\u0131l ac\u0131 \u00e7ekeceksin!...<\/p>\n\n\n\n<p class=\"has-black-color has-text-color has-link-color has-small-font-size wp-elements-a586c264fca89221e8fdbc43f99a7a7b\">Zenginler fakirlerden korkuyordu, bir g\u00fcn \u015fiddetli bir ironiyle s\u00f6yleyece\u011finize inanarak: Ben beslemiyorum, ne yedi\u011finizi de\u011fil, alt\u0131n\u0131n\u0131z\u0131 istiyorum, bak\u0131r\u0131n\u0131z\u0131 de\u011fil, kin i\u00e7inde istedi\u011fim \u015fey, k\u00f6t\u00fcl\u00fc\u011f\u00fcm\u00fc terk etmenin o hasta zaman\u0131, ya\u015fad\u0131m; E\u011fer yaparsan, o zaman, o zaman, o zaman, o zaman, o zaman, o zaman, o zaman, o zaman, o zaman, o zaman, o zaman, o zaman, o zaman, o zaman, o zaman, o zaman, o zaman, o zaman, o zaman, o zaman, o zaman, o zaman, o zaman, istedi\u011fim \u015feyi bana verme Titriyorum!... \u00e7\u00fcnk\u00fc seni affetmeyece\u011fim.<\/p>\n\n\n\n<p class=\"has-black-color has-text-color has-link-color has-small-font-size wp-elements-75f589143de9d17e81b2d20b4f16b7b1\">Ve yoksullar, arabas\u0131nda yoksulluklar\u0131na hakaret ederek uzanm\u0131\u015f bir iktidara ne kadar h\u00fcz\u00fcnle ge\u00e7iyor gibi g\u00f6r\u00fcn\u00fcyor!... Bu dengesizlikten, aldatma ile kopyalar aras\u0131nda, korkun\u00e7 karanl\u0131kta k\u0131zg\u0131nl\u0131k ve k\u0131skan\u00e7l\u0131k aras\u0131nda ya\u015fayan insanl\u0131k f\u0131rt\u0131nas\u0131 ortaya \u00e7\u0131kmaya ba\u015flar. Bu k\u00f6t\u00fcl\u00fck (eski olan) i\u00e7in yery\u00fcz\u00fcnde ila\u00e7 yoktur; genellikle bir sava\u015ft\u0131r, ancak bu \u00e7are eskidir.<\/p>\n\n\n\n<p class=\"has-black-color has-text-color has-link-color has-small-font-size wp-elements-2399af92d1fd287fba323efa83c1043b\">Daha fazla silah, d\u00fcnyevi i\u00e7in iyi bir tavsiyeye ihtiyac\u0131n\u0131z var; K\u00f6t\u00fcl\u00fcklerinizin neden a\u011f\u0131rl\u0131\u011f\u0131ndan bunald\u0131\u011f\u0131n\u0131z\u0131 ve toplumsal m\u00fccadelelerde ilerlemenin nas\u0131l ger\u00e7ekle\u015fti\u011fini bilmek. Bu nedenle Spirit\u00fcalizm, ilerleme bi\u00e7imini ortaya \u00e7\u0131karmaya ve ki\u015finin benli\u011fini kurtarmaya gelir. Herhangi bir fanatizm olmadan, inanan\u0131n inanc\u0131n\u0131n imparatorlu\u011funun nedenine b\u00fcr\u00fcnd\u00fc\u011f\u00fc, sa\u011fduyunuzun gitti\u011fi mucizevi bir gizem olmadan zihni rahats\u0131z etmeye gelir.<\/p>\n\n\n\n<p class=\"has-black-color has-text-color has-link-color has-small-font-size wp-elements-67be3304cb9c6e571ee77e0846305944\">Sa\u011flam felsefe \u00fczerine bir \u00e7al\u0131\u015fma, g\u00fcnden g\u00fcne, bug\u00fcn\u00fc ve ge\u00e7mi\u015fi test eden bir \u00e7al\u0131\u015fma. Her \u015fey, sonucun beklenece\u011fi ger\u00e7e\u011fi ile tamamland\u0131 ve b\u00f6ylece sembr\u00e9is&#039;in hesaplar\u0131n\u0131 i\u015fledi\u011fi i\u00e7in \u00f6demek zorunda kalaca\u011f\u0131n\u0131z arzu etti\u011finiz meyveleri toplayabileceksiniz. Kutsal kendini inkar katliama yol a\u00e7t\u0131 ve u\u00e7urumdan uzakla\u015f\u0131n, \u015fiddetin bulunamayan\u0131 bulmas\u0131n\u0131 istemekle ilgili \u00e7\u0131lg\u0131n saplant\u0131da (\u00e7\u00fcnk\u00fc iyili\u011fi asla ekmediler) destek sa\u011flamak i\u00e7in, ne kadar ilerleme kaydedebilece\u011finizi!<\/p>\n\n\n\n<p class=\"has-black-color has-text-color has-link-color has-small-font-size wp-elements-f1cf640f962f2f7676f4bd8fee4349a0\">B\u00f6yle bir ekimden, b\u00f6yle bir hasattan hayat budur; art\u0131k yok; senin ad\u0131m\u0131n ba\u015fka bir tarihte yapt\u0131\u011f\u0131n\u0131 bulacaks\u0131n. Hangi Sospechastes? \u015e\u00fcpheli sizi takip eden ayak izleriniz olacak, sizi \u0130ftirac\u0131lar? Ac\u0131 \u00e7ekti\u011finize g\u00f6re birbirinize iftira atacaks\u0131n\u0131z; Her biri ya\u015fayan \u00f6lmekte olan tayda olu\u015fur. Ruhun teredd\u00fct etti\u011fi, bedeninin yok edildi\u011fi tek bir varolu\u015f de\u011fil, zekas\u0131 de\u011fil, ikincisi deneyim kazanmak enkarnasyonlar\u0131 al\u0131yor ve medeniyetler rekabetinize bor\u00e7 veriyor, \u00e7al\u0131\u015f\u0131yor ve sava\u015f\u0131yor, tutkular\u0131n\u0131n \u00fcstesinden geliyor.<\/p>\n\n\n\n<p class=\"has-black-color has-text-color has-link-color has-small-font-size wp-elements-53d47d82a52634da4c38040556cfaa63\">Bu, evet, kendini kurtarmak i\u00e7in ger\u00e7ek bu! Bu maneviyatt\u0131r Ey insanl\u0131\u011f\u0131n liman\u0131! Bu, herkesin hayalini kurdu\u011fu g\u00fczel e\u015fitliktir; ama hepsi deliraron, \u00e7\u00fcnk\u00fc r\u00fcyalar\u0131nda hi\u00e7 kimseyi g\u00f6rmediler, sava\u015fmak i\u00e7in ayn\u0131 \u015fey ya\u015fad\u0131lar. Maneviyata sahip olan asil g\u00f6reve bak\u0131n; Adama ayn\u0131 \u015feyi s\u00f6yle, kurtulu\u015funu ba\u015faracaks\u0131n. K\u00f6t\u00fcl\u00fc\u011f\u00fcn\u00fcz\u00fc ya da v\u00fccut a\u011f\u0131rl\u0131\u011f\u0131n\u0131z\u0131n bir atomunu kald\u0131racak herhangi bir din ya da toplumsal de\u011fi\u015fim yoktur; Sizin i\u015finiz sizin ilerlemenizdir ve evrensel ilerlemedir!<\/p>\n\n\n\n<p class=\"has-black-color has-text-color has-link-color has-small-font-size wp-elements-d6d30a24092b9316abe9fff8f5eb81d9\"><em>Amalia Domingo Soler<\/em><\/p>\n<\/div><\/div>","protected":false},"excerpt":{"rendered":"<p>La Misi\u00f3n del Espiritismo No viene el Espiritismo a derribar templo alguno, ni a conquistar uno a uno fieles del catolicismo; que entonces har\u00eda lo mismo que las dem\u00e1s religiones, que se disputan santones y milagrosas leyendas; canonj\u00edas y prebendas; cuentos y tradiciones. \u00a1Ah! No; est\u00e1 muy lejos de eso; porque la Escuela Espiritista, es [&hellip;]<\/p>","protected":false},"author":1,"featured_media":3757,"parent":0,"menu_order":0,"comment_status":"closed","ping_status":"closed","template":"","meta":{"_uag_custom_page_level_css":"","site-sidebar-layout":"default","site-content-layout":"","ast-site-content-layout":"default","site-content-style":"default","site-sidebar-style":"default","ast-global-header-display":"","ast-banner-title-visibility":"","ast-main-header-display":"","ast-hfb-above-header-display":"","ast-hfb-below-header-display":"","ast-hfb-mobile-header-display":"","site-post-title":"disabled","ast-breadcrumbs-content":"","ast-featured-img":"","footer-sml-layout":"","theme-transparent-header-meta":"","adv-header-id-meta":"","stick-header-meta":"","header-above-stick-meta":"","header-main-stick-meta":"","header-below-stick-meta":"","astra-migrate-meta-layouts":"set","ast-page-background-enabled":"default","ast-page-background-meta":{"desktop":{"background-color":"var(--ast-global-color-4)","background-image":"","background-repeat":"repeat","background-position":"center center","background-size":"auto","background-attachment":"scroll","background-type":"","background-media":"","overlay-type":"","overlay-color":"","overlay-opacity":"","overlay-gradient":""},"tablet":{"background-color":"","background-image":"","background-repeat":"repeat","background-position":"center center","background-size":"auto","background-attachment":"scroll","background-type":"","background-media":"","overlay-type":"","overlay-color":"","overlay-opacity":"","overlay-gradient":""},"mobile":{"background-color":"","background-image":"","background-repeat":"repeat","background-position":"center center","background-size":"auto","background-attachment":"scroll","background-type":"","background-media":"","overlay-type":"","overlay-color":"","overlay-opacity":"","overlay-gradient":""}},"ast-content-background-meta":{"desktop":{"background-color":"var(--ast-global-color-5)","background-image":"","background-repeat":"repeat","background-position":"center center","background-size":"auto","background-attachment":"scroll","background-type":"","background-media":"","overlay-type":"","overlay-color":"","overlay-opacity":"","overlay-gradient":""},"tablet":{"background-color":"var(--ast-global-color-5)","background-image":"","background-repeat":"repeat","background-position":"center center","background-size":"auto","background-attachment":"scroll","background-type":"","background-media":"","overlay-type":"","overlay-color":"","overlay-opacity":"","overlay-gradient":""},"mobile":{"background-color":"var(--ast-global-color-5)","background-image":"","background-repeat":"repeat","background-position":"center center","background-size":"auto","background-attachment":"scroll","background-type":"","background-media":"","overlay-type":"","overlay-color":"","overlay-opacity":"","overlay-gradient":""}},"footnotes":""},"class_list":["post-3756","page","type-page","status-publish","has-post-thumbnail","hentry"],"yoast_head":"<!-- This site is optimized with the Yoast SEO Premium plugin v24.2 (Yoast SEO v24.6) - https:\/\/yoast.com\/wordpress\/plugins\/seo\/ -->\n<title>La Misi\u00f3n del Espiritismo - Uni\u00f3n Esp\u00edrita<\/title>\n<meta name=\"robots\" content=\"index, follow, max-snippet:-1, max-image-preview:large, max-video-preview:-1\" \/>\n<link rel=\"canonical\" href=\"https:\/\/nuevo-renacer.com\/tr\/la-mision-del-espiritismo\/\" \/>\n<meta property=\"og:locale\" content=\"tr_TR\" \/>\n<meta property=\"og:type\" content=\"article\" \/>\n<meta property=\"og:title\" content=\"La Misi\u00f3n del Espiritismo\" \/>\n<meta property=\"og:description\" content=\"La Misi\u00f3n del Espiritismo No viene el Espiritismo a derribar templo alguno, ni a conquistar uno a uno fieles del catolicismo; que entonces har\u00eda lo mismo que las dem\u00e1s religiones, que se disputan santones y milagrosas leyendas; canonj\u00edas y prebendas; cuentos y tradiciones. \u00a1Ah! No; est\u00e1 muy lejos de eso; porque la Escuela Espiritista, es [&hellip;]\" \/>\n<meta property=\"og:url\" content=\"https:\/\/nuevo-renacer.com\/tr\/la-mision-del-espiritismo\/\" \/>\n<meta property=\"og:site_name\" content=\"Uni\u00f3n Esp\u00edrita\" \/>\n<meta property=\"article:publisher\" content=\"https:\/\/www.facebook.com\/groups\/3431398063740829\" \/>\n<meta property=\"article:modified_time\" content=\"2025-10-21T12:56:21+00:00\" \/>\n<meta property=\"og:image\" content=\"https:\/\/nuevo-renacer.com\/wp-content\/uploads\/2024\/07\/1000_F_144195189_OrmBsEtnJ5fyODQgeqEpfmisrwOGasIo.jpg\" \/>\n\t<meta property=\"og:image:width\" content=\"1000\" \/>\n\t<meta property=\"og:image:height\" content=\"500\" \/>\n\t<meta property=\"og:image:type\" content=\"image\/jpeg\" \/>\n<meta name=\"twitter:card\" content=\"summary_large_image\" \/>\n<meta name=\"twitter:label1\" content=\"Tahmini okuma s\u00fcresi\" \/>\n\t<meta name=\"twitter:data1\" content=\"6 dakika\" \/>\n<script type=\"application\/ld+json\" class=\"yoast-schema-graph\">{\"@context\":\"https:\/\/schema.org\",\"@graph\":[{\"@type\":\"WebPage\",\"@id\":\"https:\/\/nuevo-renacer.com\/la-mision-del-espiritismo\/\",\"url\":\"https:\/\/nuevo-renacer.com\/la-mision-del-espiritismo\/\",\"name\":\"La Misi\u00f3n del Espiritismo - Uni\u00f3n Esp\u00edrita\",\"isPartOf\":{\"@id\":\"https:\/\/nuevo-renacer.com\/#website\"},\"primaryImageOfPage\":{\"@id\":\"https:\/\/nuevo-renacer.com\/la-mision-del-espiritismo\/#primaryimage\"},\"image\":{\"@id\":\"https:\/\/nuevo-renacer.com\/la-mision-del-espiritismo\/#primaryimage\"},\"thumbnailUrl\":\"https:\/\/nuevo-renacer.com\/wp-content\/uploads\/2024\/07\/1000_F_144195189_OrmBsEtnJ5fyODQgeqEpfmisrwOGasIo.jpg\",\"datePublished\":\"2024-07-15T06:27:23+00:00\",\"dateModified\":\"2025-10-21T12:56:21+00:00\",\"breadcrumb\":{\"@id\":\"https:\/\/nuevo-renacer.com\/la-mision-del-espiritismo\/#breadcrumb\"},\"inLanguage\":\"tr\",\"potentialAction\":[{\"@type\":\"ReadAction\",\"target\":[\"https:\/\/nuevo-renacer.com\/la-mision-del-espiritismo\/\"]}]},{\"@type\":\"ImageObject\",\"inLanguage\":\"tr\",\"@id\":\"https:\/\/nuevo-renacer.com\/la-mision-del-espiritismo\/#primaryimage\",\"url\":\"https:\/\/nuevo-renacer.com\/wp-content\/uploads\/2024\/07\/1000_F_144195189_OrmBsEtnJ5fyODQgeqEpfmisrwOGasIo.jpg\",\"contentUrl\":\"https:\/\/nuevo-renacer.com\/wp-content\/uploads\/2024\/07\/1000_F_144195189_OrmBsEtnJ5fyODQgeqEpfmisrwOGasIo.jpg\",\"width\":1000,\"height\":500},{\"@type\":\"BreadcrumbList\",\"@id\":\"https:\/\/nuevo-renacer.com\/la-mision-del-espiritismo\/#breadcrumb\",\"itemListElement\":[{\"@type\":\"ListItem\",\"position\":1,\"name\":\"Startseite\",\"item\":\"https:\/\/nuevo-renacer.com\/\"},{\"@type\":\"ListItem\",\"position\":2,\"name\":\"La Misi\u00f3n del Espiritismo\"}]},{\"@type\":\"WebSite\",\"@id\":\"https:\/\/nuevo-renacer.com\/#website\",\"url\":\"https:\/\/nuevo-renacer.com\/\",\"name\":\"Uni\u00f3n Esp\u00edrita\",\"description\":\"Nuevo Renacer\",\"publisher\":{\"@id\":\"https:\/\/nuevo-renacer.com\/#organization\"},\"potentialAction\":[{\"@type\":\"SearchAction\",\"target\":{\"@type\":\"EntryPoint\",\"urlTemplate\":\"https:\/\/nuevo-renacer.com\/?s={search_term_string}\"},\"query-input\":{\"@type\":\"PropertyValueSpecification\",\"valueRequired\":true,\"valueName\":\"search_term_string\"}}],\"inLanguage\":\"tr\"},{\"@type\":\"Organization\",\"@id\":\"https:\/\/nuevo-renacer.com\/#organization\",\"name\":\"UFEC\",\"url\":\"https:\/\/nuevo-renacer.com\/\",\"logo\":{\"@type\":\"ImageObject\",\"inLanguage\":\"tr\",\"@id\":\"https:\/\/nuevo-renacer.com\/#\/schema\/logo\/image\/\",\"url\":\"https:\/\/nuevo-renacer.com\/wp-content\/uploads\/2024\/05\/cropped-LOGO-TERMINADO1-3-3.png\",\"contentUrl\":\"https:\/\/nuevo-renacer.com\/wp-content\/uploads\/2024\/05\/cropped-LOGO-TERMINADO1-3-3.png\",\"width\":512,\"height\":512,\"caption\":\"UFEC\"},\"image\":{\"@id\":\"https:\/\/nuevo-renacer.com\/#\/schema\/logo\/image\/\"},\"sameAs\":[\"https:\/\/www.facebook.com\/groups\/3431398063740829\"]}]}<\/script>\n<!-- \/ Yoast SEO Premium plugin. -->","yoast_head_json":{"title":"La Misi\u00f3n del Espiritismo - Uni\u00f3n Esp\u00edrita","robots":{"index":"index","follow":"follow","max-snippet":"max-snippet:-1","max-image-preview":"max-image-preview:large","max-video-preview":"max-video-preview:-1"},"canonical":"https:\/\/nuevo-renacer.com\/tr\/la-mision-del-espiritismo\/","og_locale":"tr_TR","og_type":"article","og_title":"La Misi\u00f3n del Espiritismo","og_description":"La Misi\u00f3n del Espiritismo No viene el Espiritismo a derribar templo alguno, ni a conquistar uno a uno fieles del catolicismo; que entonces har\u00eda lo mismo que las dem\u00e1s religiones, que se disputan santones y milagrosas leyendas; canonj\u00edas y prebendas; cuentos y tradiciones. \u00a1Ah! No; est\u00e1 muy lejos de eso; porque la Escuela Espiritista, es [&hellip;]","og_url":"https:\/\/nuevo-renacer.com\/tr\/la-mision-del-espiritismo\/","og_site_name":"Uni\u00f3n Esp\u00edrita","article_publisher":"https:\/\/www.facebook.com\/groups\/3431398063740829","article_modified_time":"2025-10-21T12:56:21+00:00","og_image":[{"width":1000,"height":500,"url":"https:\/\/nuevo-renacer.com\/wp-content\/uploads\/2024\/07\/1000_F_144195189_OrmBsEtnJ5fyODQgeqEpfmisrwOGasIo.jpg","type":"image\/jpeg"}],"twitter_card":"summary_large_image","twitter_misc":{"Tahmini okuma s\u00fcresi":"6 dakika"},"schema":{"@context":"https:\/\/schema.org","@graph":[{"@type":"WebPage","@id":"https:\/\/nuevo-renacer.com\/la-mision-del-espiritismo\/","url":"https:\/\/nuevo-renacer.com\/la-mision-del-espiritismo\/","name":"La Misi\u00f3n del Espiritismo - Uni\u00f3n Esp\u00edrita","isPartOf":{"@id":"https:\/\/nuevo-renacer.com\/#website"},"primaryImageOfPage":{"@id":"https:\/\/nuevo-renacer.com\/la-mision-del-espiritismo\/#primaryimage"},"image":{"@id":"https:\/\/nuevo-renacer.com\/la-mision-del-espiritismo\/#primaryimage"},"thumbnailUrl":"https:\/\/nuevo-renacer.com\/wp-content\/uploads\/2024\/07\/1000_F_144195189_OrmBsEtnJ5fyODQgeqEpfmisrwOGasIo.jpg","datePublished":"2024-07-15T06:27:23+00:00","dateModified":"2025-10-21T12:56:21+00:00","breadcrumb":{"@id":"https:\/\/nuevo-renacer.com\/la-mision-del-espiritismo\/#breadcrumb"},"inLanguage":"tr","potentialAction":[{"@type":"ReadAction","target":["https:\/\/nuevo-renacer.com\/la-mision-del-espiritismo\/"]}]},{"@type":"ImageObject","inLanguage":"tr","@id":"https:\/\/nuevo-renacer.com\/la-mision-del-espiritismo\/#primaryimage","url":"https:\/\/nuevo-renacer.com\/wp-content\/uploads\/2024\/07\/1000_F_144195189_OrmBsEtnJ5fyODQgeqEpfmisrwOGasIo.jpg","contentUrl":"https:\/\/nuevo-renacer.com\/wp-content\/uploads\/2024\/07\/1000_F_144195189_OrmBsEtnJ5fyODQgeqEpfmisrwOGasIo.jpg","width":1000,"height":500},{"@type":"BreadcrumbList","@id":"https:\/\/nuevo-renacer.com\/la-mision-del-espiritismo\/#breadcrumb","itemListElement":[{"@type":"ListItem","position":1,"name":"Startseite","item":"https:\/\/nuevo-renacer.com\/"},{"@type":"ListItem","position":2,"name":"La Misi\u00f3n del Espiritismo"}]},{"@type":"WebSite","@id":"https:\/\/nuevo-renacer.com\/#website","url":"https:\/\/nuevo-renacer.com\/","name":"Uni\u00f3n Esp\u00edrita","description":"Nuevo Renacer","publisher":{"@id":"https:\/\/nuevo-renacer.com\/#organization"},"potentialAction":[{"@type":"SearchAction","target":{"@type":"EntryPoint","urlTemplate":"https:\/\/nuevo-renacer.com\/?s={search_term_string}"},"query-input":{"@type":"PropertyValueSpecification","valueRequired":true,"valueName":"search_term_string"}}],"inLanguage":"tr"},{"@type":"Organization","@id":"https:\/\/nuevo-renacer.com\/#organization","name":"UFEC","url":"https:\/\/nuevo-renacer.com\/","logo":{"@type":"ImageObject","inLanguage":"tr","@id":"https:\/\/nuevo-renacer.com\/#\/schema\/logo\/image\/","url":"https:\/\/nuevo-renacer.com\/wp-content\/uploads\/2024\/05\/cropped-LOGO-TERMINADO1-3-3.png","contentUrl":"https:\/\/nuevo-renacer.com\/wp-content\/uploads\/2024\/05\/cropped-LOGO-TERMINADO1-3-3.png","width":512,"height":512,"caption":"UFEC"},"image":{"@id":"https:\/\/nuevo-renacer.com\/#\/schema\/logo\/image\/"},"sameAs":["https:\/\/www.facebook.com\/groups\/3431398063740829"]}]}},"uagb_featured_image_src":{"full":["https:\/\/nuevo-renacer.com\/wp-content\/uploads\/2024\/07\/1000_F_144195189_OrmBsEtnJ5fyODQgeqEpfmisrwOGasIo.jpg",1000,500,false],"thumbnail":["https:\/\/nuevo-renacer.com\/wp-content\/uploads\/2024\/07\/1000_F_144195189_OrmBsEtnJ5fyODQgeqEpfmisrwOGasIo-150x150.jpg",150,150,true],"medium":["https:\/\/nuevo-renacer.com\/wp-content\/uploads\/2024\/07\/1000_F_144195189_OrmBsEtnJ5fyODQgeqEpfmisrwOGasIo-300x150.jpg",300,150,true],"medium_large":["https:\/\/nuevo-renacer.com\/wp-content\/uploads\/2024\/07\/1000_F_144195189_OrmBsEtnJ5fyODQgeqEpfmisrwOGasIo-768x384.jpg",768,384,true],"large":["https:\/\/nuevo-renacer.com\/wp-content\/uploads\/2024\/07\/1000_F_144195189_OrmBsEtnJ5fyODQgeqEpfmisrwOGasIo.jpg",1000,500,false],"1536x1536":["https:\/\/nuevo-renacer.com\/wp-content\/uploads\/2024\/07\/1000_F_144195189_OrmBsEtnJ5fyODQgeqEpfmisrwOGasIo.jpg",1000,500,false],"2048x2048":["https:\/\/nuevo-renacer.com\/wp-content\/uploads\/2024\/07\/1000_F_144195189_OrmBsEtnJ5fyODQgeqEpfmisrwOGasIo.jpg",1000,500,false],"trp-custom-language-flag":["https:\/\/nuevo-renacer.com\/wp-content\/uploads\/2024\/07\/1000_F_144195189_OrmBsEtnJ5fyODQgeqEpfmisrwOGasIo-18x9.jpg",18,9,true]},"uagb_author_info":{"display_name":"adbv0","author_link":"https:\/\/nuevo-renacer.com\/tr\/author\/adbv0\/"},"uagb_comment_info":0,"uagb_excerpt":"La Misi\u00f3n del Espiritismo No viene el Espiritismo a derribar templo alguno, ni a conquistar uno a uno fieles del catolicismo; que entonces har\u00eda lo mismo que las dem\u00e1s religiones, que se disputan santones y milagrosas leyendas; canonj\u00edas y prebendas; cuentos y tradiciones. \u00a1Ah! No; est\u00e1 muy lejos de eso; porque la Escuela Espiritista, es&hellip;","jetpack_sharing_enabled":true,"_links":{"self":[{"href":"https:\/\/nuevo-renacer.com\/tr\/wp-json\/wp\/v2\/pages\/3756","targetHints":{"allow":["GET"]}}],"collection":[{"href":"https:\/\/nuevo-renacer.com\/tr\/wp-json\/wp\/v2\/pages"}],"about":[{"href":"https:\/\/nuevo-renacer.com\/tr\/wp-json\/wp\/v2\/types\/page"}],"author":[{"embeddable":true,"href":"https:\/\/nuevo-renacer.com\/tr\/wp-json\/wp\/v2\/users\/1"}],"replies":[{"embeddable":true,"href":"https:\/\/nuevo-renacer.com\/tr\/wp-json\/wp\/v2\/comments?post=3756"}],"version-history":[{"count":2,"href":"https:\/\/nuevo-renacer.com\/tr\/wp-json\/wp\/v2\/pages\/3756\/revisions"}],"predecessor-version":[{"id":8571,"href":"https:\/\/nuevo-renacer.com\/tr\/wp-json\/wp\/v2\/pages\/3756\/revisions\/8571"}],"wp:featuredmedia":[{"embeddable":true,"href":"https:\/\/nuevo-renacer.com\/tr\/wp-json\/wp\/v2\/media\/3757"}],"wp:attachment":[{"href":"https:\/\/nuevo-renacer.com\/tr\/wp-json\/wp\/v2\/media?parent=3756"}],"curies":[{"name":"wp","href":"https:\/\/api.w.org\/{rel}","templated":true}]}}