{"id":3745,"date":"2024-07-12T12:36:11","date_gmt":"2024-07-12T12:36:11","guid":{"rendered":"https:\/\/ufec-mundial.com\/?page_id=3745"},"modified":"2024-07-12T12:41:21","modified_gmt":"2024-07-12T12:41:21","slug":"inmigracion-y-emigracion-de-los-espiritus","status":"publish","type":"page","link":"https:\/\/nuevo-renacer.com\/tr\/inmigracion-y-emigracion-de-los-espiritus\/","title":{"rendered":"Ruhlar\u0131n g\u00f6\u00e7\u00fc ve g\u00f6\u00e7\u00fc"},"content":{"rendered":"<div class=\"wp-block-uagb-container uagb-block-b22f4409 alignfull uagb-is-root-container\"><div class=\"uagb-container-inner-blocks-wrap\">\n<p class=\"has-medium-font-size\"><strong>Ruhlar\u0131n g\u00f6\u00e7\u00fc ve g\u00f6\u00e7\u00fc<\/strong><\/p>\n<\/div><\/div>\n\n\n\n<div class=\"wp-block-uagb-container uagb-block-480b2666 alignfull uagb-is-root-container\"><div class=\"uagb-container-inner-blocks-wrap\">\n<figure class=\"wp-block-image size-large is-resized\"><img fetchpriority=\"high\" decoding=\"async\" width=\"1024\" height=\"858\" src=\"https:\/\/ufec-mundial.com\/wp-content\/uploads\/2024\/07\/Design-ohne-Titel-2-1024x858.png\" alt=\"\" class=\"wp-image-3746\" style=\"width:394px;height:auto\" srcset=\"https:\/\/nuevo-renacer.com\/wp-content\/uploads\/2024\/07\/Design-ohne-Titel-2-1024x858.png 1024w, https:\/\/nuevo-renacer.com\/wp-content\/uploads\/2024\/07\/Design-ohne-Titel-2-300x251.png 300w, https:\/\/nuevo-renacer.com\/wp-content\/uploads\/2024\/07\/Design-ohne-Titel-2-768x644.png 768w, https:\/\/nuevo-renacer.com\/wp-content\/uploads\/2024\/07\/Design-ohne-Titel-2-1536x1288.png 1536w, https:\/\/nuevo-renacer.com\/wp-content\/uploads\/2024\/07\/Design-ohne-Titel-2-2048x1717.png 2048w, https:\/\/nuevo-renacer.com\/wp-content\/uploads\/2024\/07\/Design-ohne-Titel-2-14x12.png 14w\" sizes=\"(max-width: 1024px) 100vw, 1024px\" \/><\/figure>\n<\/div><\/div>\n\n\n\n<div class=\"wp-block-uagb-container uagb-block-8486fd69 alignfull uagb-is-root-container\"><div class=\"uagb-container-inner-blocks-wrap\">\n<p class=\"has-black-color has-text-color has-link-color has-small-font-size wp-elements-17c46063961b9846404c2914e21e8752\">Fiziksel stoklar\u0131 aras\u0131nda ge\u00e7en zamanda, ruhlar bir ge\u00e7icilik halindedir ve n\u00fcfusun d\u00fcnyadaki manevi ortam\u0131n\u0131 olu\u015fturur. \u00d6l\u00fcm ve do\u011fum yoluyla, iki pop\u00fclasyon aral\u0131ks\u0131z birbirine kar\u0131\u015f\u0131r. Dolay\u0131s\u0131yla her g\u00fcn fiziksel d\u00fcnyadan ruhsal d\u00fcnyaya g\u00f6\u00e7 ve ruhsal d\u00fcnyan\u0131n fiziksel d\u00fcnyaya g\u00f6\u00e7\u00fc s\u00f6z konusudur: bu, \u015feylerin normal halidir.<\/p>\n\n\n\n<p class=\"has-black-color has-text-color has-link-color has-small-font-size wp-elements-049c69cbefd641f88de544c34a112c5c\">\u0130lahi hikmet taraf\u0131ndan d\u00fczenlenen belirli zamanlarda, bu g\u00f6\u00e7ler ve g\u00f6\u00e7ler, muazzam miktarlarda e\u015fzamanl\u0131 oyunlar\u0131na neden olan ve hemen kar\u015f\u0131l\u0131k gelen say\u0131da enkarnasyonla de\u011fi\u015ftirilen b\u00fcy\u00fck \u015foklar\u0131n bir sonucu olarak az ya da \u00e7ok say\u0131da meydana gelir. Flagella y\u0131k\u0131c\u0131 ve felaketler, bu nedenle, ruhsal yeni ve ar\u0131nm\u0131\u015f unsurlar\u0131n tan\u0131t\u0131lmas\u0131yla peki\u015ftirilen, d\u00fcnya fizi\u011fi n\u00fcfusunun yenilenmesinin bir arac\u0131 olarak, toplu giri\u015f ve \u00e7\u0131k\u0131\u015f olaylar\u0131 olarak d\u00fc\u015f\u00fcn\u00fclmelidir. Bu felaketler \u00e7ok say\u0131da bedeni yok etse de, hi\u00e7bir ruh yok olmad\u0131\u011f\u0131 i\u00e7in y\u0131rt\u0131lm\u0131\u015f giysilerden fazlas\u0131 vard\u0131r; sadece bir \u00e7evre de\u011fi\u015fikli\u011fi. Tek fark, bireysel olarak de\u011fil, \u00e7ok say\u0131da ayr\u0131lmas\u0131d\u0131r, \u00e7\u00fcnk\u00fc bir nedenden \u00f6t\u00fcr\u00fc er ya da ge\u00e7 dayanmal\u0131d\u0131r.<\/p>\n\n\n\n<p class=\"has-black-color has-text-color has-link-color has-small-font-size wp-elements-2c276ea204fe2ab0d83d74df1696691d\">K\u0131rba\u00e7lanan muhripler sonucunda n\u00fcfusun manevi unsurunda meydana gelen h\u0131zl\u0131, neredeyse an\u0131nda yenilenmeler toplumsal ilerlemeyi h\u0131zland\u0131r\u0131r; Zaman zaman gelen g\u00f6\u00e7 ve g\u00f6\u00e7ler bir \u015fiddete itici g\u00fc\u00e7 vermeseydi, bu ilerleme ancak a\u015f\u0131r\u0131 yava\u015fl\u0131kla olurdu.<\/p>\n\n\n\n<p class=\"has-black-color has-text-color has-link-color has-small-font-size wp-elements-bbb2571b9dd52321049232e4d24ce30b\">Unutulmamal\u0131d\u0131r ki, halklar\u0131 yok eden b\u00fcy\u00fck felaketleri her zaman i\u00e7inde meydana geldikleri uluslar\u0131n fiziksel, entelekt\u00fcel veya ahlaki ve dolay\u0131s\u0131yla sosyal durumlar\u0131nda bir ilerleme zaman\u0131 izler. Bunun nedeni, d\u00fcnyan\u0131n normal ve aktif n\u00fcfusu olan n\u00fcfusun ruhaniyetinde bir de\u011fi\u015fikli\u011fe neden olmay\u0131 ama\u00e7lamalar\u0131d\u0131r.<\/p>\n\n\n\n<p class=\"has-black-color has-text-color has-link-color has-small-font-size wp-elements-5dabc5a92dbd18a6001b149f9cdd8721\">Ayn\u0131 balonun enkarne ve enkarne pop\u00fclasyonlar\u0131 aras\u0131nda ger\u00e7ekle\u015fen transf\u00fczyon, normal ko\u015fullar alt\u0131nda tek tek veya \u00f6zel durumlarda b\u00fcy\u00fck \u00f6l\u00e7ekte d\u00fcnyalar aras\u0131nda da ger\u00e7ekle\u015fir. Bu nedenle, bir d\u00fcnyadan di\u011ferine toplu g\u00f6\u00e7ler ve g\u00f6\u00e7ler vard\u0131r, bu da bir balon pop\u00fclasyonunda tamamen yeni unsurlar\u0131n ortaya \u00e7\u0131kmas\u0131na yol a\u00e7ar. Var olanla kayna\u015fan yeni ruh \u0131rklar\u0131, yeni insan \u0131rklar\u0131 olu\u015fturur. Ruhlar fethettiklerini asla kaybetmedikleri i\u00e7in, sahip olduklar\u0131 bilginin zekas\u0131n\u0131 ve sezgisini yanlar\u0131nda ta\u015f\u0131rlar ve karakterinizi te\u015fvik edilece\u011finiz yar\u0131\u015f fizi\u011finde \u015fekillendirirler. Bunu yapmak i\u00e7in, sadece onlar i\u00e7in yarat\u0131lm\u0131\u015f yeni bedenlere ihtiyac\u0131m\u0131z var. Bedensel t\u00fcrler vard\u0131r, bu y\u00fczden onlar\u0131 almaya istekli bedenleri her zaman bulacaks\u0131n\u0131z. Bu nedenle, neredeyse yeni sakinler de\u011filler. D\u00fcnya&#039;ya vard\u0131klar\u0131nda, \u00f6nce n\u00fcfusu manevi olarak b\u00fct\u00fcnle\u015ftirin ve sonra onu di\u011ferleri gibi somutla\u015ft\u0131r\u0131n.<\/p>\n<\/div><\/div>","protected":false},"excerpt":{"rendered":"<p>Inmigraci\u00f3n y emigraci\u00f3n de los esp\u00edritus En el tiempo que transcurre entre sus existencias f\u00edsicas, los esp\u00edritus se encuentran en un estado de impermanencia y forman la poblaci\u00f3n espiritual del entorno del globo. A trav\u00e9s de la muerte y el nacimiento, las dos poblaciones se entremezclan incesantemente. Por lo tanto, hay emigraciones diarias del mundo [&hellip;]<\/p>","protected":false},"author":1,"featured_media":3746,"parent":0,"menu_order":0,"comment_status":"closed","ping_status":"closed","template":"","meta":{"_uag_custom_page_level_css":"","site-sidebar-layout":"default","site-content-layout":"","ast-site-content-layout":"default","site-content-style":"default","site-sidebar-style":"default","ast-global-header-display":"","ast-banner-title-visibility":"","ast-main-header-display":"","ast-hfb-above-header-display":"","ast-hfb-below-header-display":"","ast-hfb-mobile-header-display":"","site-post-title":"","ast-breadcrumbs-content":"","ast-featured-img":"","footer-sml-layout":"","theme-transparent-header-meta":"","adv-header-id-meta":"","stick-header-meta":"","header-above-stick-meta":"","header-main-stick-meta":"","header-below-stick-meta":"","astra-migrate-meta-layouts":"set","ast-page-background-enabled":"default","ast-page-background-meta":{"desktop":{"background-color":"var(--ast-global-color-4)","background-image":"","background-repeat":"repeat","background-position":"center center","background-size":"auto","background-attachment":"scroll","background-type":"","background-media":"","overlay-type":"","overlay-color":"","overlay-opacity":"","overlay-gradient":""},"tablet":{"background-color":"","background-image":"","background-repeat":"repeat","background-position":"center center","background-size":"auto","background-attachment":"scroll","background-type":"","background-media":"","overlay-type":"","overlay-color":"","overlay-opacity":"","overlay-gradient":""},"mobile":{"background-color":"","background-image":"","background-repeat":"repeat","background-position":"center center","background-size":"auto","background-attachment":"scroll","background-type":"","background-media":"","overlay-type":"","overlay-color":"","overlay-opacity":"","overlay-gradient":""}},"ast-content-background-meta":{"desktop":{"background-color":"var(--ast-global-color-5)","background-image":"","background-repeat":"repeat","background-position":"center center","background-size":"auto","background-attachment":"scroll","background-type":"","background-media":"","overlay-type":"","overlay-color":"","overlay-opacity":"","overlay-gradient":""},"tablet":{"background-color":"var(--ast-global-color-5)","background-image":"","background-repeat":"repeat","background-position":"center center","background-size":"auto","background-attachment":"scroll","background-type":"","background-media":"","overlay-type":"","overlay-color":"","overlay-opacity":"","overlay-gradient":""},"mobile":{"background-color":"var(--ast-global-color-5)","background-image":"","background-repeat":"repeat","background-position":"center center","background-size":"auto","background-attachment":"scroll","background-type":"","background-media":"","overlay-type":"","overlay-color":"","overlay-opacity":"","overlay-gradient":""}},"footnotes":""},"class_list":["post-3745","page","type-page","status-publish","has-post-thumbnail","hentry"],"yoast_head":"<!-- This site is optimized with the Yoast SEO Premium plugin v24.2 (Yoast SEO v24.6) - https:\/\/yoast.com\/wordpress\/plugins\/seo\/ -->\n<title>Inmigraci\u00f3n y emigraci\u00f3n de los esp\u00edritus - Uni\u00f3n Esp\u00edrita<\/title>\n<meta name=\"robots\" content=\"index, follow, max-snippet:-1, max-image-preview:large, max-video-preview:-1\" \/>\n<link rel=\"canonical\" href=\"https:\/\/nuevo-renacer.com\/tr\/inmigracion-y-emigracion-de-los-espiritus\/\" \/>\n<meta property=\"og:locale\" content=\"tr_TR\" \/>\n<meta property=\"og:type\" content=\"article\" \/>\n<meta property=\"og:title\" content=\"Inmigraci\u00f3n y emigraci\u00f3n de los esp\u00edritus\" \/>\n<meta property=\"og:description\" content=\"Inmigraci\u00f3n y emigraci\u00f3n de los esp\u00edritus En el tiempo que transcurre entre sus existencias f\u00edsicas, los esp\u00edritus se encuentran en un estado de impermanencia y forman la poblaci\u00f3n espiritual del entorno del globo. A trav\u00e9s de la muerte y el nacimiento, las dos poblaciones se entremezclan incesantemente. Por lo tanto, hay emigraciones diarias del mundo [&hellip;]\" \/>\n<meta property=\"og:url\" content=\"https:\/\/nuevo-renacer.com\/tr\/inmigracion-y-emigracion-de-los-espiritus\/\" \/>\n<meta property=\"og:site_name\" content=\"Uni\u00f3n Esp\u00edrita\" \/>\n<meta property=\"article:publisher\" content=\"https:\/\/www.facebook.com\/groups\/3431398063740829\" \/>\n<meta property=\"article:modified_time\" content=\"2024-07-12T12:41:21+00:00\" \/>\n<meta property=\"og:image\" content=\"https:\/\/nuevo-renacer.com\/wp-content\/uploads\/2024\/07\/Design-ohne-Titel-2-1024x858.png\" \/>\n\t<meta property=\"og:image:width\" content=\"1024\" \/>\n\t<meta property=\"og:image:height\" content=\"858\" \/>\n\t<meta property=\"og:image:type\" content=\"image\/png\" \/>\n<meta name=\"twitter:card\" content=\"summary_large_image\" \/>\n<meta name=\"twitter:label1\" content=\"Tahmini okuma s\u00fcresi\" \/>\n\t<meta name=\"twitter:data1\" content=\"3 dakika\" \/>\n<script type=\"application\/ld+json\" class=\"yoast-schema-graph\">{\"@context\":\"https:\/\/schema.org\",\"@graph\":[{\"@type\":\"WebPage\",\"@id\":\"https:\/\/nuevo-renacer.com\/inmigracion-y-emigracion-de-los-espiritus\/\",\"url\":\"https:\/\/nuevo-renacer.com\/inmigracion-y-emigracion-de-los-espiritus\/\",\"name\":\"Inmigraci\u00f3n y emigraci\u00f3n de los esp\u00edritus - Uni\u00f3n Esp\u00edrita\",\"isPartOf\":{\"@id\":\"https:\/\/nuevo-renacer.com\/#website\"},\"primaryImageOfPage\":{\"@id\":\"https:\/\/nuevo-renacer.com\/inmigracion-y-emigracion-de-los-espiritus\/#primaryimage\"},\"image\":{\"@id\":\"https:\/\/nuevo-renacer.com\/inmigracion-y-emigracion-de-los-espiritus\/#primaryimage\"},\"thumbnailUrl\":\"https:\/\/nuevo-renacer.com\/wp-content\/uploads\/2024\/07\/Design-ohne-Titel-2.png\",\"datePublished\":\"2024-07-12T12:36:11+00:00\",\"dateModified\":\"2024-07-12T12:41:21+00:00\",\"breadcrumb\":{\"@id\":\"https:\/\/nuevo-renacer.com\/inmigracion-y-emigracion-de-los-espiritus\/#breadcrumb\"},\"inLanguage\":\"tr\",\"potentialAction\":[{\"@type\":\"ReadAction\",\"target\":[\"https:\/\/nuevo-renacer.com\/inmigracion-y-emigracion-de-los-espiritus\/\"]}]},{\"@type\":\"ImageObject\",\"inLanguage\":\"tr\",\"@id\":\"https:\/\/nuevo-renacer.com\/inmigracion-y-emigracion-de-los-espiritus\/#primaryimage\",\"url\":\"https:\/\/nuevo-renacer.com\/wp-content\/uploads\/2024\/07\/Design-ohne-Titel-2.png\",\"contentUrl\":\"https:\/\/nuevo-renacer.com\/wp-content\/uploads\/2024\/07\/Design-ohne-Titel-2.png\",\"width\":2115,\"height\":1773},{\"@type\":\"BreadcrumbList\",\"@id\":\"https:\/\/nuevo-renacer.com\/inmigracion-y-emigracion-de-los-espiritus\/#breadcrumb\",\"itemListElement\":[{\"@type\":\"ListItem\",\"position\":1,\"name\":\"Startseite\",\"item\":\"https:\/\/nuevo-renacer.com\/\"},{\"@type\":\"ListItem\",\"position\":2,\"name\":\"Inmigraci\u00f3n y emigraci\u00f3n de los esp\u00edritus\"}]},{\"@type\":\"WebSite\",\"@id\":\"https:\/\/nuevo-renacer.com\/#website\",\"url\":\"https:\/\/nuevo-renacer.com\/\",\"name\":\"Uni\u00f3n Esp\u00edrita\",\"description\":\"Nuevo Renacer\",\"publisher\":{\"@id\":\"https:\/\/nuevo-renacer.com\/#organization\"},\"potentialAction\":[{\"@type\":\"SearchAction\",\"target\":{\"@type\":\"EntryPoint\",\"urlTemplate\":\"https:\/\/nuevo-renacer.com\/?s={search_term_string}\"},\"query-input\":{\"@type\":\"PropertyValueSpecification\",\"valueRequired\":true,\"valueName\":\"search_term_string\"}}],\"inLanguage\":\"tr\"},{\"@type\":\"Organization\",\"@id\":\"https:\/\/nuevo-renacer.com\/#organization\",\"name\":\"UFEC\",\"url\":\"https:\/\/nuevo-renacer.com\/\",\"logo\":{\"@type\":\"ImageObject\",\"inLanguage\":\"tr\",\"@id\":\"https:\/\/nuevo-renacer.com\/#\/schema\/logo\/image\/\",\"url\":\"https:\/\/nuevo-renacer.com\/wp-content\/uploads\/2024\/05\/cropped-LOGO-TERMINADO1-3-3.png\",\"contentUrl\":\"https:\/\/nuevo-renacer.com\/wp-content\/uploads\/2024\/05\/cropped-LOGO-TERMINADO1-3-3.png\",\"width\":512,\"height\":512,\"caption\":\"UFEC\"},\"image\":{\"@id\":\"https:\/\/nuevo-renacer.com\/#\/schema\/logo\/image\/\"},\"sameAs\":[\"https:\/\/www.facebook.com\/groups\/3431398063740829\"]}]}<\/script>\n<!-- \/ Yoast SEO Premium plugin. -->","yoast_head_json":{"title":"Inmigraci\u00f3n y emigraci\u00f3n de los esp\u00edritus - Uni\u00f3n Esp\u00edrita","robots":{"index":"index","follow":"follow","max-snippet":"max-snippet:-1","max-image-preview":"max-image-preview:large","max-video-preview":"max-video-preview:-1"},"canonical":"https:\/\/nuevo-renacer.com\/tr\/inmigracion-y-emigracion-de-los-espiritus\/","og_locale":"tr_TR","og_type":"article","og_title":"Inmigraci\u00f3n y emigraci\u00f3n de los esp\u00edritus","og_description":"Inmigraci\u00f3n y emigraci\u00f3n de los esp\u00edritus En el tiempo que transcurre entre sus existencias f\u00edsicas, los esp\u00edritus se encuentran en un estado de impermanencia y forman la poblaci\u00f3n espiritual del entorno del globo. A trav\u00e9s de la muerte y el nacimiento, las dos poblaciones se entremezclan incesantemente. Por lo tanto, hay emigraciones diarias del mundo [&hellip;]","og_url":"https:\/\/nuevo-renacer.com\/tr\/inmigracion-y-emigracion-de-los-espiritus\/","og_site_name":"Uni\u00f3n Esp\u00edrita","article_publisher":"https:\/\/www.facebook.com\/groups\/3431398063740829","article_modified_time":"2024-07-12T12:41:21+00:00","og_image":[{"width":1024,"height":858,"url":"https:\/\/nuevo-renacer.com\/wp-content\/uploads\/2024\/07\/Design-ohne-Titel-2-1024x858.png","type":"image\/png"}],"twitter_card":"summary_large_image","twitter_misc":{"Tahmini okuma s\u00fcresi":"3 dakika"},"schema":{"@context":"https:\/\/schema.org","@graph":[{"@type":"WebPage","@id":"https:\/\/nuevo-renacer.com\/inmigracion-y-emigracion-de-los-espiritus\/","url":"https:\/\/nuevo-renacer.com\/inmigracion-y-emigracion-de-los-espiritus\/","name":"Inmigraci\u00f3n y emigraci\u00f3n de los esp\u00edritus - Uni\u00f3n Esp\u00edrita","isPartOf":{"@id":"https:\/\/nuevo-renacer.com\/#website"},"primaryImageOfPage":{"@id":"https:\/\/nuevo-renacer.com\/inmigracion-y-emigracion-de-los-espiritus\/#primaryimage"},"image":{"@id":"https:\/\/nuevo-renacer.com\/inmigracion-y-emigracion-de-los-espiritus\/#primaryimage"},"thumbnailUrl":"https:\/\/nuevo-renacer.com\/wp-content\/uploads\/2024\/07\/Design-ohne-Titel-2.png","datePublished":"2024-07-12T12:36:11+00:00","dateModified":"2024-07-12T12:41:21+00:00","breadcrumb":{"@id":"https:\/\/nuevo-renacer.com\/inmigracion-y-emigracion-de-los-espiritus\/#breadcrumb"},"inLanguage":"tr","potentialAction":[{"@type":"ReadAction","target":["https:\/\/nuevo-renacer.com\/inmigracion-y-emigracion-de-los-espiritus\/"]}]},{"@type":"ImageObject","inLanguage":"tr","@id":"https:\/\/nuevo-renacer.com\/inmigracion-y-emigracion-de-los-espiritus\/#primaryimage","url":"https:\/\/nuevo-renacer.com\/wp-content\/uploads\/2024\/07\/Design-ohne-Titel-2.png","contentUrl":"https:\/\/nuevo-renacer.com\/wp-content\/uploads\/2024\/07\/Design-ohne-Titel-2.png","width":2115,"height":1773},{"@type":"BreadcrumbList","@id":"https:\/\/nuevo-renacer.com\/inmigracion-y-emigracion-de-los-espiritus\/#breadcrumb","itemListElement":[{"@type":"ListItem","position":1,"name":"Startseite","item":"https:\/\/nuevo-renacer.com\/"},{"@type":"ListItem","position":2,"name":"Inmigraci\u00f3n y emigraci\u00f3n de los esp\u00edritus"}]},{"@type":"WebSite","@id":"https:\/\/nuevo-renacer.com\/#website","url":"https:\/\/nuevo-renacer.com\/","name":"Uni\u00f3n Esp\u00edrita","description":"Nuevo Renacer","publisher":{"@id":"https:\/\/nuevo-renacer.com\/#organization"},"potentialAction":[{"@type":"SearchAction","target":{"@type":"EntryPoint","urlTemplate":"https:\/\/nuevo-renacer.com\/?s={search_term_string}"},"query-input":{"@type":"PropertyValueSpecification","valueRequired":true,"valueName":"search_term_string"}}],"inLanguage":"tr"},{"@type":"Organization","@id":"https:\/\/nuevo-renacer.com\/#organization","name":"UFEC","url":"https:\/\/nuevo-renacer.com\/","logo":{"@type":"ImageObject","inLanguage":"tr","@id":"https:\/\/nuevo-renacer.com\/#\/schema\/logo\/image\/","url":"https:\/\/nuevo-renacer.com\/wp-content\/uploads\/2024\/05\/cropped-LOGO-TERMINADO1-3-3.png","contentUrl":"https:\/\/nuevo-renacer.com\/wp-content\/uploads\/2024\/05\/cropped-LOGO-TERMINADO1-3-3.png","width":512,"height":512,"caption":"UFEC"},"image":{"@id":"https:\/\/nuevo-renacer.com\/#\/schema\/logo\/image\/"},"sameAs":["https:\/\/www.facebook.com\/groups\/3431398063740829"]}]}},"uagb_featured_image_src":{"full":["https:\/\/nuevo-renacer.com\/wp-content\/uploads\/2024\/07\/Design-ohne-Titel-2.png",2115,1773,false],"thumbnail":["https:\/\/nuevo-renacer.com\/wp-content\/uploads\/2024\/07\/Design-ohne-Titel-2-150x150.png",150,150,true],"medium":["https:\/\/nuevo-renacer.com\/wp-content\/uploads\/2024\/07\/Design-ohne-Titel-2-300x251.png",300,251,true],"medium_large":["https:\/\/nuevo-renacer.com\/wp-content\/uploads\/2024\/07\/Design-ohne-Titel-2-768x644.png",768,644,true],"large":["https:\/\/nuevo-renacer.com\/wp-content\/uploads\/2024\/07\/Design-ohne-Titel-2-1024x858.png",1024,858,true],"1536x1536":["https:\/\/nuevo-renacer.com\/wp-content\/uploads\/2024\/07\/Design-ohne-Titel-2-1536x1288.png",1536,1288,true],"2048x2048":["https:\/\/nuevo-renacer.com\/wp-content\/uploads\/2024\/07\/Design-ohne-Titel-2-2048x1717.png",2048,1717,true],"trp-custom-language-flag":["https:\/\/nuevo-renacer.com\/wp-content\/uploads\/2024\/07\/Design-ohne-Titel-2-14x12.png",14,12,true]},"uagb_author_info":{"display_name":"adbv0","author_link":"https:\/\/nuevo-renacer.com\/tr\/author\/adbv0\/"},"uagb_comment_info":0,"uagb_excerpt":"Inmigraci\u00f3n y emigraci\u00f3n de los esp\u00edritus En el tiempo que transcurre entre sus existencias f\u00edsicas, los esp\u00edritus se encuentran en un estado de impermanencia y forman la poblaci\u00f3n espiritual del entorno del globo. A trav\u00e9s de la muerte y el nacimiento, las dos poblaciones se entremezclan incesantemente. Por lo tanto, hay emigraciones diarias del mundo&hellip;","jetpack_sharing_enabled":true,"_links":{"self":[{"href":"https:\/\/nuevo-renacer.com\/tr\/wp-json\/wp\/v2\/pages\/3745","targetHints":{"allow":["GET"]}}],"collection":[{"href":"https:\/\/nuevo-renacer.com\/tr\/wp-json\/wp\/v2\/pages"}],"about":[{"href":"https:\/\/nuevo-renacer.com\/tr\/wp-json\/wp\/v2\/types\/page"}],"author":[{"embeddable":true,"href":"https:\/\/nuevo-renacer.com\/tr\/wp-json\/wp\/v2\/users\/1"}],"replies":[{"embeddable":true,"href":"https:\/\/nuevo-renacer.com\/tr\/wp-json\/wp\/v2\/comments?post=3745"}],"version-history":[{"count":2,"href":"https:\/\/nuevo-renacer.com\/tr\/wp-json\/wp\/v2\/pages\/3745\/revisions"}],"predecessor-version":[{"id":3750,"href":"https:\/\/nuevo-renacer.com\/tr\/wp-json\/wp\/v2\/pages\/3745\/revisions\/3750"}],"wp:featuredmedia":[{"embeddable":true,"href":"https:\/\/nuevo-renacer.com\/tr\/wp-json\/wp\/v2\/media\/3746"}],"wp:attachment":[{"href":"https:\/\/nuevo-renacer.com\/tr\/wp-json\/wp\/v2\/media?parent=3745"}],"curies":[{"name":"wp","href":"https:\/\/api.w.org\/{rel}","templated":true}]}}