{"id":3737,"date":"2024-07-12T09:17:06","date_gmt":"2024-07-12T09:17:06","guid":{"rendered":"https:\/\/ufec-mundial.com\/?page_id=3737"},"modified":"2024-07-12T09:17:08","modified_gmt":"2024-07-12T09:17:08","slug":"la-luz-de-la-razon-y-el-poder-de-la-fe","status":"publish","type":"page","link":"https:\/\/nuevo-renacer.com\/tr\/la-luz-de-la-razon-y-el-poder-de-la-fe\/","title":{"rendered":"Akl\u0131n \u0131\u015f\u0131\u011f\u0131 ve inanc\u0131n g\u00fcc\u00fc"},"content":{"rendered":"<div class=\"wp-block-uagb-container uagb-block-69290ff2 alignfull uagb-is-root-container\"><div class=\"uagb-container-inner-blocks-wrap\">\n<p class=\"has-black-color has-text-color has-link-color has-medium-font-size wp-elements-60e9edd9d5dfb952aec5e5ac765f98a0\"><strong>Akl\u0131n \u0131\u015f\u0131\u011f\u0131 ve inanc\u0131n g\u00fcc\u00fc<\/strong><\/p>\n<\/div><\/div>\n\n\n\n<div class=\"wp-block-uagb-container uagb-block-1ff8a3a4 alignfull uagb-is-root-container\"><div class=\"uagb-container-inner-blocks-wrap\">\n<figure class=\"wp-block-image size-full is-resized\"><img fetchpriority=\"high\" decoding=\"async\" width=\"960\" height=\"548\" src=\"https:\/\/ufec-mundial.com\/wp-content\/uploads\/2024\/07\/ai-generated-8580726_960_720.jpg\" alt=\"\" class=\"wp-image-3738\" style=\"width:410px;height:auto\" srcset=\"https:\/\/nuevo-renacer.com\/wp-content\/uploads\/2024\/07\/ai-generated-8580726_960_720.jpg 960w, https:\/\/nuevo-renacer.com\/wp-content\/uploads\/2024\/07\/ai-generated-8580726_960_720-300x171.jpg 300w, https:\/\/nuevo-renacer.com\/wp-content\/uploads\/2024\/07\/ai-generated-8580726_960_720-768x438.jpg 768w, https:\/\/nuevo-renacer.com\/wp-content\/uploads\/2024\/07\/ai-generated-8580726_960_720-18x10.jpg 18w\" sizes=\"(max-width: 960px) 100vw, 960px\" \/><\/figure>\n<\/div><\/div>\n\n\n\n<div class=\"wp-block-uagb-container uagb-block-bd01822a alignfull uagb-is-root-container\"><div class=\"uagb-container-inner-blocks-wrap\">\n<p class=\"has-black-color has-text-color has-link-color has-small-font-size wp-elements-6a88a58d01e94d9dd58acd4d3f8f9c4d\">Belirli bir dine inananlara Tanr\u0131 taraf\u0131ndan bah\u015fedilen \u00f6zel bir l\u00fctuf olarak \u0130man \u015feklindeki dini kavram ge\u00e7mi\u015fe aittir. Bu kavram \u0130lahi Adaletin son derece adaletsiz bir \u015fekilde yorumlanmas\u0131 anlam\u0131na gelmektedir. \u0130man \u015f\u00fcphesiz bir arma\u011fand\u0131r, ancak Tanr\u0131'n\u0131n arma\u011fan\u0131 her zaman evrenseldir, asla insanlar\u0131n dar \u00f6l\u00e7\u00fclerine g\u00f6re i\u015flenmez. Tanr\u0131 Yarat\u0131c\u0131'd\u0131r ve bizler de O'nun yarat\u0131klar\u0131y\u0131z. T\u00fcm sevginin, t\u00fcm merhametin kayna\u011f\u0131 olan Y\u00fcce Baba, insan\u0131n onsuz O'na y\u00fckselemeyece\u011fi temel arma\u011fan olan \u0130man\u0131 nas\u0131l olur da sadece baz\u0131 \u00e7ocuklar\u0131na verebilir?<\/p>\n\n\n\n<p class=\"has-black-color has-text-color has-link-color has-small-font-size wp-elements-f9d8fe153d36e18871a673d84c2974ae\">Ruh\u00e7uluk taraf\u0131ndan olu\u015fturulan \u0130man kavram\u0131, sorunu a\u00e7\u0131k ve kesin terimlerle ortaya koymaktad\u0131r. \u0130man, do\u011fal bir arma\u011fan olarak t\u00fcm insan yarat\u0131klar\u0131n\u0131n kalbinde mevcuttur. Hepimizin i\u00e7imizde tohum halinde ta\u015f\u0131d\u0131\u011f\u0131 sevgi gibi, \u0130man da kalplerimizde filizlenmeli ve Akl\u0131n \u0131\u015f\u0131\u011f\u0131nda bizim taraf\u0131m\u0131zdan yeti\u015ftirilmelidir. Dolay\u0131s\u0131yla, \u0130man bize bir tohum olarak verilir, ancak onu ekip bi\u00e7memiz ve geli\u015ftirmemiz gerekir. Bu anlamda, \u0130man hayatta kazanmam\u0131z gereken bir fetih haline gelir. T\u00fcm yetilerimizin de i\u015flenmesi gerekmez mi? \u0130nan\u00e7 ruhun, ruhun bir yetisidir ve onu kendi i\u00e7imizde geli\u015ftirmek bize ba\u011fl\u0131d\u0131r.<\/p>\n\n\n\n<p class=\"has-black-color has-text-color has-link-color has-small-font-size wp-elements-086b6ea2c6a5dea78c2c437ab1fe1e09\">\u0130nan\u00e7 ve Ak\u0131l, G\u00fcne\u015f ve D\u00fcnya gibi birbirine ba\u011fl\u0131d\u0131r. Ak\u0131l, anlay\u0131\u015f\u0131m\u0131z\u0131 ayd\u0131nlatan, cehaletin ve bat\u0131l inan\u00e7lar\u0131n karanl\u0131\u011f\u0131n\u0131 ve so\u011fu\u011funu uzakla\u015ft\u0131rarak bize anlay\u0131\u015f\u0131n \u0131\u015f\u0131\u011f\u0131n\u0131 ve ya\u015fam\u0131n s\u0131cakl\u0131\u011f\u0131n\u0131 veren manevi g\u00fcne\u015ftir. \u0130nanc\u0131 olmayan bir insan kendi i\u00e7inde \u00f6l\u00fcd\u00fcr, kendi kendinin mezar\u0131d\u0131r. Ancak kendisini \u00f6l\u00fcmden ve mezardan kurtarmak, Mesih'in sesiyle Lazarus gibi yeniden dirilmek i\u00e7in akl\u0131n \u0131\u015f\u0131\u011f\u0131n\u0131 yakmas\u0131 yeterlidir.<\/p>\n\n\n\n<p class=\"has-black-color has-text-color has-link-color has-small-font-size wp-elements-b8a345847bd9bedaf7d80c23f260b05b\">Materyalist, ateist, inan\u00e7s\u0131z insan ger\u00e7ekten kendine g\u00fcvenir, kendi g\u00fcc\u00fcne inan\u0131r. Suya nas\u0131l h\u00fckmedece\u011fini bilen ama g\u00fcne\u015fin \u0131\u015f\u0131\u011f\u0131n\u0131 hen\u00fcz bilmeyen derinlerdeki bal\u0131k gibidir. Hayat\u0131n g\u00fcnl\u00fck m\u00fccadelelerinde onu ayakta tutan insani inan\u00e7, ona y\u0131ld\u0131zlar\u0131n ihti\u015fam\u0131n\u0131 g\u00f6sterecek olan ilahi inanca a\u00e7\u0131lacakt\u0131r. Akl\u0131n \u0131\u015f\u0131\u011f\u0131, g\u00fcne\u015f \u0131\u015f\u0131\u011f\u0131 gibi, onun kalbindeki iman g\u00fcc\u00fcn\u00fc filizlendirecek ve b\u00fcy\u00fctecektir. Hi\u00e7 kimse kaybolmaz, hi\u00e7 kimse sonsuza dek mahk\u00fbm edilmez. Tanr\u0131'n\u0131n Adaleti en i\u00e7teki varl\u0131\u011f\u0131m\u0131zda yerine getirilir, \u00e7\u00fcnk\u00fc Tanr\u0131 bizim i\u00e7imizdedir, yasalar\u0131n\u0131n merhametinde i\u00e7imizde mevcuttur.<\/p>\n<\/div><\/div>","protected":false},"excerpt":{"rendered":"<p>La Luz de la Raz\u00f3n y el poder de la fe El concepto religioso de la Fe como gracia especial, concedida por Dios a los creyentes de una determinada religi\u00f3n, pertenece al pasado. Ese concepto equivale a una interpretaci\u00f3n profundamente injusta de la Justicia Divina. La Fe es un don, sin duda, pero la donaci\u00f3n [&hellip;]<\/p>","protected":false},"author":1,"featured_media":3738,"parent":0,"menu_order":0,"comment_status":"closed","ping_status":"closed","template":"","meta":{"_uag_custom_page_level_css":"","site-sidebar-layout":"default","site-content-layout":"","ast-site-content-layout":"default","site-content-style":"default","site-sidebar-style":"default","ast-global-header-display":"","ast-banner-title-visibility":"","ast-main-header-display":"","ast-hfb-above-header-display":"","ast-hfb-below-header-display":"","ast-hfb-mobile-header-display":"","site-post-title":"disabled","ast-breadcrumbs-content":"","ast-featured-img":"","footer-sml-layout":"","theme-transparent-header-meta":"","adv-header-id-meta":"","stick-header-meta":"","header-above-stick-meta":"","header-main-stick-meta":"","header-below-stick-meta":"","astra-migrate-meta-layouts":"set","ast-page-background-enabled":"default","ast-page-background-meta":{"desktop":{"background-color":"var(--ast-global-color-4)","background-image":"","background-repeat":"repeat","background-position":"center center","background-size":"auto","background-attachment":"scroll","background-type":"","background-media":"","overlay-type":"","overlay-color":"","overlay-opacity":"","overlay-gradient":""},"tablet":{"background-color":"","background-image":"","background-repeat":"repeat","background-position":"center center","background-size":"auto","background-attachment":"scroll","background-type":"","background-media":"","overlay-type":"","overlay-color":"","overlay-opacity":"","overlay-gradient":""},"mobile":{"background-color":"","background-image":"","background-repeat":"repeat","background-position":"center center","background-size":"auto","background-attachment":"scroll","background-type":"","background-media":"","overlay-type":"","overlay-color":"","overlay-opacity":"","overlay-gradient":""}},"ast-content-background-meta":{"desktop":{"background-color":"var(--ast-global-color-5)","background-image":"","background-repeat":"repeat","background-position":"center center","background-size":"auto","background-attachment":"scroll","background-type":"","background-media":"","overlay-type":"","overlay-color":"","overlay-opacity":"","overlay-gradient":""},"tablet":{"background-color":"var(--ast-global-color-5)","background-image":"","background-repeat":"repeat","background-position":"center center","background-size":"auto","background-attachment":"scroll","background-type":"","background-media":"","overlay-type":"","overlay-color":"","overlay-opacity":"","overlay-gradient":""},"mobile":{"background-color":"var(--ast-global-color-5)","background-image":"","background-repeat":"repeat","background-position":"center center","background-size":"auto","background-attachment":"scroll","background-type":"","background-media":"","overlay-type":"","overlay-color":"","overlay-opacity":"","overlay-gradient":""}},"footnotes":""},"class_list":["post-3737","page","type-page","status-publish","has-post-thumbnail","hentry"],"yoast_head":"<!-- This site is optimized with the Yoast SEO Premium plugin v24.2 (Yoast SEO v24.6) - https:\/\/yoast.com\/wordpress\/plugins\/seo\/ -->\n<title>La Luz de la Raz\u00f3n y el poder de la fe - Uni\u00f3n Esp\u00edrita<\/title>\n<meta name=\"robots\" content=\"index, follow, max-snippet:-1, max-image-preview:large, max-video-preview:-1\" \/>\n<link rel=\"canonical\" href=\"https:\/\/nuevo-renacer.com\/tr\/la-luz-de-la-razon-y-el-poder-de-la-fe\/\" \/>\n<meta property=\"og:locale\" content=\"tr_TR\" \/>\n<meta property=\"og:type\" content=\"article\" \/>\n<meta property=\"og:title\" content=\"La Luz de la Raz\u00f3n y el poder de la fe\" \/>\n<meta property=\"og:description\" content=\"La Luz de la Raz\u00f3n y el poder de la fe El concepto religioso de la Fe como gracia especial, concedida por Dios a los creyentes de una determinada religi\u00f3n, pertenece al pasado. Ese concepto equivale a una interpretaci\u00f3n profundamente injusta de la Justicia Divina. La Fe es un don, sin duda, pero la donaci\u00f3n [&hellip;]\" \/>\n<meta property=\"og:url\" content=\"https:\/\/nuevo-renacer.com\/tr\/la-luz-de-la-razon-y-el-poder-de-la-fe\/\" \/>\n<meta property=\"og:site_name\" content=\"Uni\u00f3n Esp\u00edrita\" \/>\n<meta property=\"article:publisher\" content=\"https:\/\/www.facebook.com\/groups\/3431398063740829\" \/>\n<meta property=\"article:modified_time\" content=\"2024-07-12T09:17:08+00:00\" \/>\n<meta property=\"og:image\" content=\"https:\/\/nuevo-renacer.com\/wp-content\/uploads\/2024\/07\/ai-generated-8580726_960_720.jpg\" \/>\n\t<meta property=\"og:image:width\" content=\"960\" \/>\n\t<meta property=\"og:image:height\" content=\"548\" \/>\n\t<meta property=\"og:image:type\" content=\"image\/jpeg\" \/>\n<meta name=\"twitter:card\" content=\"summary_large_image\" \/>\n<meta name=\"twitter:label1\" content=\"Tahmini okuma s\u00fcresi\" \/>\n\t<meta name=\"twitter:data1\" content=\"2 dakika\" \/>\n<script type=\"application\/ld+json\" class=\"yoast-schema-graph\">{\"@context\":\"https:\/\/schema.org\",\"@graph\":[{\"@type\":\"WebPage\",\"@id\":\"https:\/\/nuevo-renacer.com\/la-luz-de-la-razon-y-el-poder-de-la-fe\/\",\"url\":\"https:\/\/nuevo-renacer.com\/la-luz-de-la-razon-y-el-poder-de-la-fe\/\",\"name\":\"La Luz de la Raz\u00f3n y el poder de la fe - Uni\u00f3n Esp\u00edrita\",\"isPartOf\":{\"@id\":\"https:\/\/nuevo-renacer.com\/#website\"},\"primaryImageOfPage\":{\"@id\":\"https:\/\/nuevo-renacer.com\/la-luz-de-la-razon-y-el-poder-de-la-fe\/#primaryimage\"},\"image\":{\"@id\":\"https:\/\/nuevo-renacer.com\/la-luz-de-la-razon-y-el-poder-de-la-fe\/#primaryimage\"},\"thumbnailUrl\":\"https:\/\/nuevo-renacer.com\/wp-content\/uploads\/2024\/07\/ai-generated-8580726_960_720.jpg\",\"datePublished\":\"2024-07-12T09:17:06+00:00\",\"dateModified\":\"2024-07-12T09:17:08+00:00\",\"breadcrumb\":{\"@id\":\"https:\/\/nuevo-renacer.com\/la-luz-de-la-razon-y-el-poder-de-la-fe\/#breadcrumb\"},\"inLanguage\":\"tr\",\"potentialAction\":[{\"@type\":\"ReadAction\",\"target\":[\"https:\/\/nuevo-renacer.com\/la-luz-de-la-razon-y-el-poder-de-la-fe\/\"]}]},{\"@type\":\"ImageObject\",\"inLanguage\":\"tr\",\"@id\":\"https:\/\/nuevo-renacer.com\/la-luz-de-la-razon-y-el-poder-de-la-fe\/#primaryimage\",\"url\":\"https:\/\/nuevo-renacer.com\/wp-content\/uploads\/2024\/07\/ai-generated-8580726_960_720.jpg\",\"contentUrl\":\"https:\/\/nuevo-renacer.com\/wp-content\/uploads\/2024\/07\/ai-generated-8580726_960_720.jpg\",\"width\":960,\"height\":548},{\"@type\":\"BreadcrumbList\",\"@id\":\"https:\/\/nuevo-renacer.com\/la-luz-de-la-razon-y-el-poder-de-la-fe\/#breadcrumb\",\"itemListElement\":[{\"@type\":\"ListItem\",\"position\":1,\"name\":\"Startseite\",\"item\":\"https:\/\/nuevo-renacer.com\/\"},{\"@type\":\"ListItem\",\"position\":2,\"name\":\"La Luz de la Raz\u00f3n y el poder de la fe\"}]},{\"@type\":\"WebSite\",\"@id\":\"https:\/\/nuevo-renacer.com\/#website\",\"url\":\"https:\/\/nuevo-renacer.com\/\",\"name\":\"Uni\u00f3n Esp\u00edrita\",\"description\":\"Nuevo Renacer\",\"publisher\":{\"@id\":\"https:\/\/nuevo-renacer.com\/#organization\"},\"potentialAction\":[{\"@type\":\"SearchAction\",\"target\":{\"@type\":\"EntryPoint\",\"urlTemplate\":\"https:\/\/nuevo-renacer.com\/?s={search_term_string}\"},\"query-input\":{\"@type\":\"PropertyValueSpecification\",\"valueRequired\":true,\"valueName\":\"search_term_string\"}}],\"inLanguage\":\"tr\"},{\"@type\":\"Organization\",\"@id\":\"https:\/\/nuevo-renacer.com\/#organization\",\"name\":\"UFEC\",\"url\":\"https:\/\/nuevo-renacer.com\/\",\"logo\":{\"@type\":\"ImageObject\",\"inLanguage\":\"tr\",\"@id\":\"https:\/\/nuevo-renacer.com\/#\/schema\/logo\/image\/\",\"url\":\"https:\/\/nuevo-renacer.com\/wp-content\/uploads\/2024\/05\/cropped-LOGO-TERMINADO1-3-3.png\",\"contentUrl\":\"https:\/\/nuevo-renacer.com\/wp-content\/uploads\/2024\/05\/cropped-LOGO-TERMINADO1-3-3.png\",\"width\":512,\"height\":512,\"caption\":\"UFEC\"},\"image\":{\"@id\":\"https:\/\/nuevo-renacer.com\/#\/schema\/logo\/image\/\"},\"sameAs\":[\"https:\/\/www.facebook.com\/groups\/3431398063740829\"]}]}<\/script>\n<!-- \/ Yoast SEO Premium plugin. -->","yoast_head_json":{"title":"La Luz de la Raz\u00f3n y el poder de la fe - Uni\u00f3n Esp\u00edrita","robots":{"index":"index","follow":"follow","max-snippet":"max-snippet:-1","max-image-preview":"max-image-preview:large","max-video-preview":"max-video-preview:-1"},"canonical":"https:\/\/nuevo-renacer.com\/tr\/la-luz-de-la-razon-y-el-poder-de-la-fe\/","og_locale":"tr_TR","og_type":"article","og_title":"La Luz de la Raz\u00f3n y el poder de la fe","og_description":"La Luz de la Raz\u00f3n y el poder de la fe El concepto religioso de la Fe como gracia especial, concedida por Dios a los creyentes de una determinada religi\u00f3n, pertenece al pasado. Ese concepto equivale a una interpretaci\u00f3n profundamente injusta de la Justicia Divina. La Fe es un don, sin duda, pero la donaci\u00f3n [&hellip;]","og_url":"https:\/\/nuevo-renacer.com\/tr\/la-luz-de-la-razon-y-el-poder-de-la-fe\/","og_site_name":"Uni\u00f3n Esp\u00edrita","article_publisher":"https:\/\/www.facebook.com\/groups\/3431398063740829","article_modified_time":"2024-07-12T09:17:08+00:00","og_image":[{"width":960,"height":548,"url":"https:\/\/nuevo-renacer.com\/wp-content\/uploads\/2024\/07\/ai-generated-8580726_960_720.jpg","type":"image\/jpeg"}],"twitter_card":"summary_large_image","twitter_misc":{"Tahmini okuma s\u00fcresi":"2 dakika"},"schema":{"@context":"https:\/\/schema.org","@graph":[{"@type":"WebPage","@id":"https:\/\/nuevo-renacer.com\/la-luz-de-la-razon-y-el-poder-de-la-fe\/","url":"https:\/\/nuevo-renacer.com\/la-luz-de-la-razon-y-el-poder-de-la-fe\/","name":"La Luz de la Raz\u00f3n y el poder de la fe - Uni\u00f3n Esp\u00edrita","isPartOf":{"@id":"https:\/\/nuevo-renacer.com\/#website"},"primaryImageOfPage":{"@id":"https:\/\/nuevo-renacer.com\/la-luz-de-la-razon-y-el-poder-de-la-fe\/#primaryimage"},"image":{"@id":"https:\/\/nuevo-renacer.com\/la-luz-de-la-razon-y-el-poder-de-la-fe\/#primaryimage"},"thumbnailUrl":"https:\/\/nuevo-renacer.com\/wp-content\/uploads\/2024\/07\/ai-generated-8580726_960_720.jpg","datePublished":"2024-07-12T09:17:06+00:00","dateModified":"2024-07-12T09:17:08+00:00","breadcrumb":{"@id":"https:\/\/nuevo-renacer.com\/la-luz-de-la-razon-y-el-poder-de-la-fe\/#breadcrumb"},"inLanguage":"tr","potentialAction":[{"@type":"ReadAction","target":["https:\/\/nuevo-renacer.com\/la-luz-de-la-razon-y-el-poder-de-la-fe\/"]}]},{"@type":"ImageObject","inLanguage":"tr","@id":"https:\/\/nuevo-renacer.com\/la-luz-de-la-razon-y-el-poder-de-la-fe\/#primaryimage","url":"https:\/\/nuevo-renacer.com\/wp-content\/uploads\/2024\/07\/ai-generated-8580726_960_720.jpg","contentUrl":"https:\/\/nuevo-renacer.com\/wp-content\/uploads\/2024\/07\/ai-generated-8580726_960_720.jpg","width":960,"height":548},{"@type":"BreadcrumbList","@id":"https:\/\/nuevo-renacer.com\/la-luz-de-la-razon-y-el-poder-de-la-fe\/#breadcrumb","itemListElement":[{"@type":"ListItem","position":1,"name":"Startseite","item":"https:\/\/nuevo-renacer.com\/"},{"@type":"ListItem","position":2,"name":"La Luz de la Raz\u00f3n y el poder de la fe"}]},{"@type":"WebSite","@id":"https:\/\/nuevo-renacer.com\/#website","url":"https:\/\/nuevo-renacer.com\/","name":"Uni\u00f3n Esp\u00edrita","description":"Nuevo Renacer","publisher":{"@id":"https:\/\/nuevo-renacer.com\/#organization"},"potentialAction":[{"@type":"SearchAction","target":{"@type":"EntryPoint","urlTemplate":"https:\/\/nuevo-renacer.com\/?s={search_term_string}"},"query-input":{"@type":"PropertyValueSpecification","valueRequired":true,"valueName":"search_term_string"}}],"inLanguage":"tr"},{"@type":"Organization","@id":"https:\/\/nuevo-renacer.com\/#organization","name":"UFEC","url":"https:\/\/nuevo-renacer.com\/","logo":{"@type":"ImageObject","inLanguage":"tr","@id":"https:\/\/nuevo-renacer.com\/#\/schema\/logo\/image\/","url":"https:\/\/nuevo-renacer.com\/wp-content\/uploads\/2024\/05\/cropped-LOGO-TERMINADO1-3-3.png","contentUrl":"https:\/\/nuevo-renacer.com\/wp-content\/uploads\/2024\/05\/cropped-LOGO-TERMINADO1-3-3.png","width":512,"height":512,"caption":"UFEC"},"image":{"@id":"https:\/\/nuevo-renacer.com\/#\/schema\/logo\/image\/"},"sameAs":["https:\/\/www.facebook.com\/groups\/3431398063740829"]}]}},"uagb_featured_image_src":{"full":["https:\/\/nuevo-renacer.com\/wp-content\/uploads\/2024\/07\/ai-generated-8580726_960_720.jpg",960,548,false],"thumbnail":["https:\/\/nuevo-renacer.com\/wp-content\/uploads\/2024\/07\/ai-generated-8580726_960_720-150x150.jpg",150,150,true],"medium":["https:\/\/nuevo-renacer.com\/wp-content\/uploads\/2024\/07\/ai-generated-8580726_960_720-300x171.jpg",300,171,true],"medium_large":["https:\/\/nuevo-renacer.com\/wp-content\/uploads\/2024\/07\/ai-generated-8580726_960_720-768x438.jpg",768,438,true],"large":["https:\/\/nuevo-renacer.com\/wp-content\/uploads\/2024\/07\/ai-generated-8580726_960_720.jpg",960,548,false],"1536x1536":["https:\/\/nuevo-renacer.com\/wp-content\/uploads\/2024\/07\/ai-generated-8580726_960_720.jpg",960,548,false],"2048x2048":["https:\/\/nuevo-renacer.com\/wp-content\/uploads\/2024\/07\/ai-generated-8580726_960_720.jpg",960,548,false],"trp-custom-language-flag":["https:\/\/nuevo-renacer.com\/wp-content\/uploads\/2024\/07\/ai-generated-8580726_960_720-18x10.jpg",18,10,true]},"uagb_author_info":{"display_name":"adbv0","author_link":"https:\/\/nuevo-renacer.com\/tr\/author\/adbv0\/"},"uagb_comment_info":0,"uagb_excerpt":"La Luz de la Raz\u00f3n y el poder de la fe El concepto religioso de la Fe como gracia especial, concedida por Dios a los creyentes de una determinada religi\u00f3n, pertenece al pasado. Ese concepto equivale a una interpretaci\u00f3n profundamente injusta de la Justicia Divina. La Fe es un don, sin duda, pero la donaci\u00f3n&hellip;","jetpack_sharing_enabled":true,"_links":{"self":[{"href":"https:\/\/nuevo-renacer.com\/tr\/wp-json\/wp\/v2\/pages\/3737","targetHints":{"allow":["GET"]}}],"collection":[{"href":"https:\/\/nuevo-renacer.com\/tr\/wp-json\/wp\/v2\/pages"}],"about":[{"href":"https:\/\/nuevo-renacer.com\/tr\/wp-json\/wp\/v2\/types\/page"}],"author":[{"embeddable":true,"href":"https:\/\/nuevo-renacer.com\/tr\/wp-json\/wp\/v2\/users\/1"}],"replies":[{"embeddable":true,"href":"https:\/\/nuevo-renacer.com\/tr\/wp-json\/wp\/v2\/comments?post=3737"}],"version-history":[{"count":1,"href":"https:\/\/nuevo-renacer.com\/tr\/wp-json\/wp\/v2\/pages\/3737\/revisions"}],"predecessor-version":[{"id":3739,"href":"https:\/\/nuevo-renacer.com\/tr\/wp-json\/wp\/v2\/pages\/3737\/revisions\/3739"}],"wp:featuredmedia":[{"embeddable":true,"href":"https:\/\/nuevo-renacer.com\/tr\/wp-json\/wp\/v2\/media\/3738"}],"wp:attachment":[{"href":"https:\/\/nuevo-renacer.com\/tr\/wp-json\/wp\/v2\/media?parent=3737"}],"curies":[{"name":"wp","href":"https:\/\/api.w.org\/{rel}","templated":true}]}}