{"id":3730,"date":"2024-07-12T08:56:05","date_gmt":"2024-07-12T08:56:05","guid":{"rendered":"https:\/\/ufec-mundial.com\/?page_id=3730"},"modified":"2024-07-12T08:56:08","modified_gmt":"2024-07-12T08:56:08","slug":"las-muertes-subitas","status":"publish","type":"page","link":"https:\/\/nuevo-renacer.com\/tr\/las-muertes-subitas\/","title":{"rendered":"Ani \u00f6l\u00fcmler"},"content":{"rendered":"<div class=\"wp-block-uagb-container uagb-block-d6e97165 alignfull uagb-is-root-container\"><div class=\"uagb-container-inner-blocks-wrap\">\n<p class=\"has-black-color has-text-color has-link-color has-medium-font-size wp-elements-bef8c44eb51a9016d8e9d802091fcbe1\"><strong>Ani \u00f6l\u00fcmler<\/strong><\/p>\n<\/div><\/div>\n\n\n\n<div class=\"wp-block-uagb-container uagb-block-f898f5ec alignfull uagb-is-root-container\"><div class=\"uagb-container-inner-blocks-wrap\">\n<figure class=\"wp-block-image size-full is-resized\"><img fetchpriority=\"high\" decoding=\"async\" width=\"700\" height=\"400\" src=\"https:\/\/ufec-mundial.com\/wp-content\/uploads\/2024\/07\/11197_4761594_aihelpdaughter_updates.jpg\" alt=\"\" class=\"wp-image-3731\" style=\"width:448px;height:auto\" srcset=\"https:\/\/nuevo-renacer.com\/wp-content\/uploads\/2024\/07\/11197_4761594_aihelpdaughter_updates.jpg 700w, https:\/\/nuevo-renacer.com\/wp-content\/uploads\/2024\/07\/11197_4761594_aihelpdaughter_updates-300x171.jpg 300w, https:\/\/nuevo-renacer.com\/wp-content\/uploads\/2024\/07\/11197_4761594_aihelpdaughter_updates-18x10.jpg 18w\" sizes=\"(max-width: 700px) 100vw, 700px\" \/><\/figure>\n<\/div><\/div>\n\n\n\n<div class=\"wp-block-uagb-container uagb-block-e7d8156a alignfull uagb-is-root-container\"><div class=\"uagb-container-inner-blocks-wrap\">\n<p class=\"has-black-color has-text-color has-link-color has-small-font-size wp-elements-4537a8ffe0efaa090030cf69becff6bb\">Ani \u00f6l\u00fcmler, merhumun ailesi ve arkada\u015flar\u0131 i\u00e7in a\u011f\u0131r bir darbedir. Ama ayn\u0131 zamanda bir uyar\u0131 g\u00f6revi de g\u00f6r\u00fcrler. Deneme ve zorluklar\u0131n darbeleri alt\u0131nda bile hayat\u0131 ne\u015fe ve sevin\u00e7le ya\u015famam\u0131z gerekti\u011fi do\u011fru olsa da, d\u00fcnyadan olmad\u0131\u011f\u0131m\u0131z\u0131 unutmamal\u0131y\u0131z. Evet, nihai ger\u00e7ek \u015fudur ki, biz d\u00fcnyevi, maddi d\u00fcnyaya ait de\u011filiz. Buradan h\u0131zla ge\u00e7er ve ruhani yolumuzu takip ederiz. \u00d6l\u00fcm, Alman filozof Martin Heidegger'in dedi\u011fi gibi, varl\u0131\u011f\u0131n tamamland\u0131\u011f\u0131 and\u0131r. Spirit\u00fcalizmde \u00f6l\u00fcmle tamamlanan varl\u0131k de\u011fil, varolu\u015ftur.<\/p>\n\n\n\n<p class=\"has-black-color has-text-color has-link-color has-small-font-size wp-elements-d16627703edb8e9a8e417c17f50ec56f\">Yery\u00fcz\u00fcndeki her ya\u015fam, insan\u0131n yery\u00fcz\u00fcndeki her varolu\u015fu be\u015fikte ba\u015flay\u0131p mezarda son bulan bir s\u00fcre\u00e7tir. Varolu\u015f Felsefeleri bunu \u00e7ok iyi ifade eder: insan bir projedir. Baz\u0131lar\u0131 ani \u00f6l\u00fcmle hedefe h\u0131zla ula\u015f\u0131r, di\u011ferleri daha yava\u015f ula\u015f\u0131r, ancak hepsi bug\u00fcn ya da yar\u0131n ona ula\u015fmak zorunda kalacakt\u0131r. O halde, biyolojik bir olgudan ba\u015fka bir \u015fey olmayan \u00f6l\u00fcm olgusundan korkmak ya da \u015fa\u015fk\u0131nl\u0131\u011fa kap\u0131lmak faydas\u0131zd\u0131r. Ya\u015fayan her \u015fey \u00f6l\u00fcr. Her \u015fey, sadece insan de\u011fil.<\/p>\n\n\n\n<p class=\"has-black-color has-text-color has-link-color has-small-font-size wp-elements-4b29cd5c110f941f8b871751a2abe222\">Baz\u0131lar\u0131 ani \u00f6l\u00fcm\u00fcn tehlikeli oldu\u011funa inan\u0131r. Kardec de b\u00f6yle \u00f6ld\u00fc, \u00e7al\u0131\u015fmas\u0131n\u0131n ortas\u0131nda. Yarat\u0131k iyi ya\u015fad\u0131\u011f\u0131nda, ani \u00f6l\u00fcm iyidir; ruhun derhal serbest kalmas\u0131d\u0131r. Yarat\u0131k nas\u0131l ya\u015fayaca\u011f\u0131n\u0131 bilmedi\u011finde, \u00f6l\u00fcm her zaman zordur, ruhun ya\u015fam\u0131nda bir krizi temsil eder. Ve bu durumda, iyi ya\u015famak, \u0130ncil'in \u00f6\u011fretti\u011fi gibi maddi \u015feylere ba\u011flanmak de\u011fil, yery\u00fcz\u00fcndeki insana kar\u015f\u0131l\u0131k gelen g\u00f6revleri yerine getirmektir. Hindu mistik Ramakrishna'ya g\u00f6re iyi ya\u015famak, efendinin evindeki s\u00fct\u00e7\u00fc k\u0131z gibi ya\u015famakt\u0131r. Evin ve insanlar\u0131n bize ait olmad\u0131\u011f\u0131n\u0131n bilinciyle ya\u015famakt\u0131r.<\/p>\n\n\n\n<p class=\"has-black-color has-text-color has-link-color has-small-font-size wp-elements-5438b37914ee317341d37b2621c414d1\">T\u00fcm felsefi, dini ve bilimsel doktrinler aras\u0131nda sadece Ruh\u00e7uluk, \u00f6l\u00fcm olgusunu \u015fimdiye kadar objektif olarak ara\u015ft\u0131rm\u0131\u015f ve a\u00e7\u0131kl\u0131\u011fa kavu\u015fturabilmi\u015ftir. Bir\u00e7ok insan buna inanmamaktad\u0131r. Ruh\u00e7ular\u0131n deli oldu\u011funa inan\u0131rlar ki bu da hi\u00e7 fena bir \u015fey de\u011fildir, \u00e7\u00fcnk\u00fc ay da fethedilmeye haz\u0131rd\u0131r. Bu insanlar doktrini bilmiyorlar ve en titiz bilimsel ara\u015ft\u0131rmalara dayand\u0131\u011f\u0131n\u0131 bilmiyorlar. \u00d6l\u00fcm\u00fcn ne oldu\u011funu, nas\u0131l i\u015flendi\u011fini ve insan i\u00e7in neyi temsil etti\u011fini bilmek isteyenlerin Spirit\u00fcalizmi incelemekten ba\u015fka yolu yoktur. Ve bu \u00e7ok pahal\u0131ya mal olmaz, \u00e7\u00fcnk\u00fc Spirit\u00fcalizm onu inceleyenlerin Spiritist olmas\u0131n\u0131 bile talep etmez.<\/p>\n<\/div><\/div>","protected":false},"excerpt":{"rendered":"<p>Las muertes s\u00fabitas Las muertes s\u00fabitas representan un duro golpe para familiares y amigos del fallecido. Pero sirven tambi\u00e9n de advertencia. Si bien es verdad que debemos vivir la vida con alegr\u00eda y Buena disposici\u00f3n, a\u00fan bajo los golpes de pruebas y dificultades, no por eso debemos olvidarnos de que no somos del mundo. S\u00ed, [&hellip;]<\/p>","protected":false},"author":1,"featured_media":3731,"parent":0,"menu_order":0,"comment_status":"closed","ping_status":"closed","template":"","meta":{"_uag_custom_page_level_css":"","site-sidebar-layout":"default","site-content-layout":"","ast-site-content-layout":"default","site-content-style":"default","site-sidebar-style":"default","ast-global-header-display":"","ast-banner-title-visibility":"","ast-main-header-display":"","ast-hfb-above-header-display":"","ast-hfb-below-header-display":"","ast-hfb-mobile-header-display":"","site-post-title":"disabled","ast-breadcrumbs-content":"","ast-featured-img":"","footer-sml-layout":"","theme-transparent-header-meta":"","adv-header-id-meta":"","stick-header-meta":"","header-above-stick-meta":"","header-main-stick-meta":"","header-below-stick-meta":"","astra-migrate-meta-layouts":"set","ast-page-background-enabled":"default","ast-page-background-meta":{"desktop":{"background-color":"var(--ast-global-color-4)","background-image":"","background-repeat":"repeat","background-position":"center center","background-size":"auto","background-attachment":"scroll","background-type":"","background-media":"","overlay-type":"","overlay-color":"","overlay-opacity":"","overlay-gradient":""},"tablet":{"background-color":"","background-image":"","background-repeat":"repeat","background-position":"center center","background-size":"auto","background-attachment":"scroll","background-type":"","background-media":"","overlay-type":"","overlay-color":"","overlay-opacity":"","overlay-gradient":""},"mobile":{"background-color":"","background-image":"","background-repeat":"repeat","background-position":"center center","background-size":"auto","background-attachment":"scroll","background-type":"","background-media":"","overlay-type":"","overlay-color":"","overlay-opacity":"","overlay-gradient":""}},"ast-content-background-meta":{"desktop":{"background-color":"var(--ast-global-color-5)","background-image":"","background-repeat":"repeat","background-position":"center center","background-size":"auto","background-attachment":"scroll","background-type":"","background-media":"","overlay-type":"","overlay-color":"","overlay-opacity":"","overlay-gradient":""},"tablet":{"background-color":"var(--ast-global-color-5)","background-image":"","background-repeat":"repeat","background-position":"center center","background-size":"auto","background-attachment":"scroll","background-type":"","background-media":"","overlay-type":"","overlay-color":"","overlay-opacity":"","overlay-gradient":""},"mobile":{"background-color":"var(--ast-global-color-5)","background-image":"","background-repeat":"repeat","background-position":"center center","background-size":"auto","background-attachment":"scroll","background-type":"","background-media":"","overlay-type":"","overlay-color":"","overlay-opacity":"","overlay-gradient":""}},"footnotes":""},"class_list":["post-3730","page","type-page","status-publish","has-post-thumbnail","hentry"],"yoast_head":"<!-- This site is optimized with the Yoast SEO Premium plugin v24.2 (Yoast SEO v24.6) - https:\/\/yoast.com\/wordpress\/plugins\/seo\/ -->\n<title>Las muertes s\u00fabitas - Uni\u00f3n Esp\u00edrita<\/title>\n<meta name=\"robots\" content=\"index, follow, max-snippet:-1, max-image-preview:large, max-video-preview:-1\" \/>\n<link rel=\"canonical\" href=\"https:\/\/nuevo-renacer.com\/tr\/las-muertes-subitas\/\" \/>\n<meta property=\"og:locale\" content=\"tr_TR\" \/>\n<meta property=\"og:type\" content=\"article\" \/>\n<meta property=\"og:title\" content=\"Las muertes s\u00fabitas\" \/>\n<meta property=\"og:description\" content=\"Las muertes s\u00fabitas Las muertes s\u00fabitas representan un duro golpe para familiares y amigos del fallecido. Pero sirven tambi\u00e9n de advertencia. Si bien es verdad que debemos vivir la vida con alegr\u00eda y Buena disposici\u00f3n, a\u00fan bajo los golpes de pruebas y dificultades, no por eso debemos olvidarnos de que no somos del mundo. S\u00ed, [&hellip;]\" \/>\n<meta property=\"og:url\" content=\"https:\/\/nuevo-renacer.com\/tr\/las-muertes-subitas\/\" \/>\n<meta property=\"og:site_name\" content=\"Uni\u00f3n Esp\u00edrita\" \/>\n<meta property=\"article:publisher\" content=\"https:\/\/www.facebook.com\/groups\/3431398063740829\" \/>\n<meta property=\"article:modified_time\" content=\"2024-07-12T08:56:08+00:00\" \/>\n<meta property=\"og:image\" content=\"https:\/\/nuevo-renacer.com\/wp-content\/uploads\/2024\/07\/11197_4761594_aihelpdaughter_updates.jpg\" \/>\n\t<meta property=\"og:image:width\" content=\"700\" \/>\n\t<meta property=\"og:image:height\" content=\"400\" \/>\n\t<meta property=\"og:image:type\" content=\"image\/jpeg\" \/>\n<meta name=\"twitter:card\" content=\"summary_large_image\" \/>\n<meta name=\"twitter:label1\" content=\"Tahmini okuma s\u00fcresi\" \/>\n\t<meta name=\"twitter:data1\" content=\"2 dakika\" \/>\n<script type=\"application\/ld+json\" class=\"yoast-schema-graph\">{\"@context\":\"https:\/\/schema.org\",\"@graph\":[{\"@type\":\"WebPage\",\"@id\":\"https:\/\/nuevo-renacer.com\/las-muertes-subitas\/\",\"url\":\"https:\/\/nuevo-renacer.com\/las-muertes-subitas\/\",\"name\":\"Las muertes s\u00fabitas - Uni\u00f3n Esp\u00edrita\",\"isPartOf\":{\"@id\":\"https:\/\/nuevo-renacer.com\/#website\"},\"primaryImageOfPage\":{\"@id\":\"https:\/\/nuevo-renacer.com\/las-muertes-subitas\/#primaryimage\"},\"image\":{\"@id\":\"https:\/\/nuevo-renacer.com\/las-muertes-subitas\/#primaryimage\"},\"thumbnailUrl\":\"https:\/\/nuevo-renacer.com\/wp-content\/uploads\/2024\/07\/11197_4761594_aihelpdaughter_updates.jpg\",\"datePublished\":\"2024-07-12T08:56:05+00:00\",\"dateModified\":\"2024-07-12T08:56:08+00:00\",\"breadcrumb\":{\"@id\":\"https:\/\/nuevo-renacer.com\/las-muertes-subitas\/#breadcrumb\"},\"inLanguage\":\"tr\",\"potentialAction\":[{\"@type\":\"ReadAction\",\"target\":[\"https:\/\/nuevo-renacer.com\/las-muertes-subitas\/\"]}]},{\"@type\":\"ImageObject\",\"inLanguage\":\"tr\",\"@id\":\"https:\/\/nuevo-renacer.com\/las-muertes-subitas\/#primaryimage\",\"url\":\"https:\/\/nuevo-renacer.com\/wp-content\/uploads\/2024\/07\/11197_4761594_aihelpdaughter_updates.jpg\",\"contentUrl\":\"https:\/\/nuevo-renacer.com\/wp-content\/uploads\/2024\/07\/11197_4761594_aihelpdaughter_updates.jpg\",\"width\":700,\"height\":400},{\"@type\":\"BreadcrumbList\",\"@id\":\"https:\/\/nuevo-renacer.com\/las-muertes-subitas\/#breadcrumb\",\"itemListElement\":[{\"@type\":\"ListItem\",\"position\":1,\"name\":\"Startseite\",\"item\":\"https:\/\/nuevo-renacer.com\/\"},{\"@type\":\"ListItem\",\"position\":2,\"name\":\"Las muertes s\u00fabitas\"}]},{\"@type\":\"WebSite\",\"@id\":\"https:\/\/nuevo-renacer.com\/#website\",\"url\":\"https:\/\/nuevo-renacer.com\/\",\"name\":\"Uni\u00f3n Esp\u00edrita\",\"description\":\"Nuevo Renacer\",\"publisher\":{\"@id\":\"https:\/\/nuevo-renacer.com\/#organization\"},\"potentialAction\":[{\"@type\":\"SearchAction\",\"target\":{\"@type\":\"EntryPoint\",\"urlTemplate\":\"https:\/\/nuevo-renacer.com\/?s={search_term_string}\"},\"query-input\":{\"@type\":\"PropertyValueSpecification\",\"valueRequired\":true,\"valueName\":\"search_term_string\"}}],\"inLanguage\":\"tr\"},{\"@type\":\"Organization\",\"@id\":\"https:\/\/nuevo-renacer.com\/#organization\",\"name\":\"UFEC\",\"url\":\"https:\/\/nuevo-renacer.com\/\",\"logo\":{\"@type\":\"ImageObject\",\"inLanguage\":\"tr\",\"@id\":\"https:\/\/nuevo-renacer.com\/#\/schema\/logo\/image\/\",\"url\":\"https:\/\/nuevo-renacer.com\/wp-content\/uploads\/2024\/05\/cropped-LOGO-TERMINADO1-3-3.png\",\"contentUrl\":\"https:\/\/nuevo-renacer.com\/wp-content\/uploads\/2024\/05\/cropped-LOGO-TERMINADO1-3-3.png\",\"width\":512,\"height\":512,\"caption\":\"UFEC\"},\"image\":{\"@id\":\"https:\/\/nuevo-renacer.com\/#\/schema\/logo\/image\/\"},\"sameAs\":[\"https:\/\/www.facebook.com\/groups\/3431398063740829\"]}]}<\/script>\n<!-- \/ Yoast SEO Premium plugin. -->","yoast_head_json":{"title":"Las muertes s\u00fabitas - Uni\u00f3n Esp\u00edrita","robots":{"index":"index","follow":"follow","max-snippet":"max-snippet:-1","max-image-preview":"max-image-preview:large","max-video-preview":"max-video-preview:-1"},"canonical":"https:\/\/nuevo-renacer.com\/tr\/las-muertes-subitas\/","og_locale":"tr_TR","og_type":"article","og_title":"Las muertes s\u00fabitas","og_description":"Las muertes s\u00fabitas Las muertes s\u00fabitas representan un duro golpe para familiares y amigos del fallecido. Pero sirven tambi\u00e9n de advertencia. Si bien es verdad que debemos vivir la vida con alegr\u00eda y Buena disposici\u00f3n, a\u00fan bajo los golpes de pruebas y dificultades, no por eso debemos olvidarnos de que no somos del mundo. S\u00ed, [&hellip;]","og_url":"https:\/\/nuevo-renacer.com\/tr\/las-muertes-subitas\/","og_site_name":"Uni\u00f3n Esp\u00edrita","article_publisher":"https:\/\/www.facebook.com\/groups\/3431398063740829","article_modified_time":"2024-07-12T08:56:08+00:00","og_image":[{"width":700,"height":400,"url":"https:\/\/nuevo-renacer.com\/wp-content\/uploads\/2024\/07\/11197_4761594_aihelpdaughter_updates.jpg","type":"image\/jpeg"}],"twitter_card":"summary_large_image","twitter_misc":{"Tahmini okuma s\u00fcresi":"2 dakika"},"schema":{"@context":"https:\/\/schema.org","@graph":[{"@type":"WebPage","@id":"https:\/\/nuevo-renacer.com\/las-muertes-subitas\/","url":"https:\/\/nuevo-renacer.com\/las-muertes-subitas\/","name":"Las muertes s\u00fabitas - Uni\u00f3n Esp\u00edrita","isPartOf":{"@id":"https:\/\/nuevo-renacer.com\/#website"},"primaryImageOfPage":{"@id":"https:\/\/nuevo-renacer.com\/las-muertes-subitas\/#primaryimage"},"image":{"@id":"https:\/\/nuevo-renacer.com\/las-muertes-subitas\/#primaryimage"},"thumbnailUrl":"https:\/\/nuevo-renacer.com\/wp-content\/uploads\/2024\/07\/11197_4761594_aihelpdaughter_updates.jpg","datePublished":"2024-07-12T08:56:05+00:00","dateModified":"2024-07-12T08:56:08+00:00","breadcrumb":{"@id":"https:\/\/nuevo-renacer.com\/las-muertes-subitas\/#breadcrumb"},"inLanguage":"tr","potentialAction":[{"@type":"ReadAction","target":["https:\/\/nuevo-renacer.com\/las-muertes-subitas\/"]}]},{"@type":"ImageObject","inLanguage":"tr","@id":"https:\/\/nuevo-renacer.com\/las-muertes-subitas\/#primaryimage","url":"https:\/\/nuevo-renacer.com\/wp-content\/uploads\/2024\/07\/11197_4761594_aihelpdaughter_updates.jpg","contentUrl":"https:\/\/nuevo-renacer.com\/wp-content\/uploads\/2024\/07\/11197_4761594_aihelpdaughter_updates.jpg","width":700,"height":400},{"@type":"BreadcrumbList","@id":"https:\/\/nuevo-renacer.com\/las-muertes-subitas\/#breadcrumb","itemListElement":[{"@type":"ListItem","position":1,"name":"Startseite","item":"https:\/\/nuevo-renacer.com\/"},{"@type":"ListItem","position":2,"name":"Las muertes s\u00fabitas"}]},{"@type":"WebSite","@id":"https:\/\/nuevo-renacer.com\/#website","url":"https:\/\/nuevo-renacer.com\/","name":"Uni\u00f3n Esp\u00edrita","description":"Nuevo Renacer","publisher":{"@id":"https:\/\/nuevo-renacer.com\/#organization"},"potentialAction":[{"@type":"SearchAction","target":{"@type":"EntryPoint","urlTemplate":"https:\/\/nuevo-renacer.com\/?s={search_term_string}"},"query-input":{"@type":"PropertyValueSpecification","valueRequired":true,"valueName":"search_term_string"}}],"inLanguage":"tr"},{"@type":"Organization","@id":"https:\/\/nuevo-renacer.com\/#organization","name":"UFEC","url":"https:\/\/nuevo-renacer.com\/","logo":{"@type":"ImageObject","inLanguage":"tr","@id":"https:\/\/nuevo-renacer.com\/#\/schema\/logo\/image\/","url":"https:\/\/nuevo-renacer.com\/wp-content\/uploads\/2024\/05\/cropped-LOGO-TERMINADO1-3-3.png","contentUrl":"https:\/\/nuevo-renacer.com\/wp-content\/uploads\/2024\/05\/cropped-LOGO-TERMINADO1-3-3.png","width":512,"height":512,"caption":"UFEC"},"image":{"@id":"https:\/\/nuevo-renacer.com\/#\/schema\/logo\/image\/"},"sameAs":["https:\/\/www.facebook.com\/groups\/3431398063740829"]}]}},"uagb_featured_image_src":{"full":["https:\/\/nuevo-renacer.com\/wp-content\/uploads\/2024\/07\/11197_4761594_aihelpdaughter_updates.jpg",700,400,false],"thumbnail":["https:\/\/nuevo-renacer.com\/wp-content\/uploads\/2024\/07\/11197_4761594_aihelpdaughter_updates-150x150.jpg",150,150,true],"medium":["https:\/\/nuevo-renacer.com\/wp-content\/uploads\/2024\/07\/11197_4761594_aihelpdaughter_updates-300x171.jpg",300,171,true],"medium_large":["https:\/\/nuevo-renacer.com\/wp-content\/uploads\/2024\/07\/11197_4761594_aihelpdaughter_updates.jpg",700,400,false],"large":["https:\/\/nuevo-renacer.com\/wp-content\/uploads\/2024\/07\/11197_4761594_aihelpdaughter_updates.jpg",700,400,false],"1536x1536":["https:\/\/nuevo-renacer.com\/wp-content\/uploads\/2024\/07\/11197_4761594_aihelpdaughter_updates.jpg",700,400,false],"2048x2048":["https:\/\/nuevo-renacer.com\/wp-content\/uploads\/2024\/07\/11197_4761594_aihelpdaughter_updates.jpg",700,400,false],"trp-custom-language-flag":["https:\/\/nuevo-renacer.com\/wp-content\/uploads\/2024\/07\/11197_4761594_aihelpdaughter_updates-18x10.jpg",18,10,true]},"uagb_author_info":{"display_name":"adbv0","author_link":"https:\/\/nuevo-renacer.com\/tr\/author\/adbv0\/"},"uagb_comment_info":0,"uagb_excerpt":"Las muertes s\u00fabitas Las muertes s\u00fabitas representan un duro golpe para familiares y amigos del fallecido. Pero sirven tambi\u00e9n de advertencia. Si bien es verdad que debemos vivir la vida con alegr\u00eda y Buena disposici\u00f3n, a\u00fan bajo los golpes de pruebas y dificultades, no por eso debemos olvidarnos de que no somos del mundo. S\u00ed,&hellip;","jetpack_sharing_enabled":true,"_links":{"self":[{"href":"https:\/\/nuevo-renacer.com\/tr\/wp-json\/wp\/v2\/pages\/3730","targetHints":{"allow":["GET"]}}],"collection":[{"href":"https:\/\/nuevo-renacer.com\/tr\/wp-json\/wp\/v2\/pages"}],"about":[{"href":"https:\/\/nuevo-renacer.com\/tr\/wp-json\/wp\/v2\/types\/page"}],"author":[{"embeddable":true,"href":"https:\/\/nuevo-renacer.com\/tr\/wp-json\/wp\/v2\/users\/1"}],"replies":[{"embeddable":true,"href":"https:\/\/nuevo-renacer.com\/tr\/wp-json\/wp\/v2\/comments?post=3730"}],"version-history":[{"count":1,"href":"https:\/\/nuevo-renacer.com\/tr\/wp-json\/wp\/v2\/pages\/3730\/revisions"}],"predecessor-version":[{"id":3732,"href":"https:\/\/nuevo-renacer.com\/tr\/wp-json\/wp\/v2\/pages\/3730\/revisions\/3732"}],"wp:featuredmedia":[{"embeddable":true,"href":"https:\/\/nuevo-renacer.com\/tr\/wp-json\/wp\/v2\/media\/3731"}],"wp:attachment":[{"href":"https:\/\/nuevo-renacer.com\/tr\/wp-json\/wp\/v2\/media?parent=3730"}],"curies":[{"name":"wp","href":"https:\/\/api.w.org\/{rel}","templated":true}]}}