{"id":3689,"date":"2024-07-12T06:03:48","date_gmt":"2024-07-12T06:03:48","guid":{"rendered":"https:\/\/ufec-mundial.com\/?page_id=3689"},"modified":"2025-05-23T09:44:16","modified_gmt":"2025-05-23T09:44:16","slug":"espiritus-obsesores","status":"publish","type":"page","link":"https:\/\/nuevo-renacer.com\/tr\/espiritus-obsesores\/","title":{"rendered":"Ruhlar tak\u0131nt\u0131lar"},"content":{"rendered":"<div class=\"wp-block-uagb-container uagb-block-695bb8af alignfull uagb-is-root-container\"><div class=\"uagb-container-inner-blocks-wrap\">\n<p class=\"has-black-color has-text-color has-link-color has-medium-font-size wp-elements-dc18da99ff3fd4cffac9e72138c6e011\"><strong>Ruhlar tak\u0131nt\u0131lar<\/strong><\/p>\n<\/div><\/div>\n\n\n\n<div class=\"wp-block-uagb-container uagb-block-bca80060 alignfull uagb-is-root-container\"><div class=\"uagb-container-inner-blocks-wrap\">\n<figure class=\"wp-block-image alignleft size-full is-resized\"><img fetchpriority=\"high\" decoding=\"async\" width=\"395\" height=\"263\" src=\"https:\/\/nuevo-renacer.com\/wp-content\/uploads\/2024\/07\/unnamed.jpg\" alt=\"\" class=\"wp-image-3690\" style=\"width:413px;height:auto\" srcset=\"https:\/\/nuevo-renacer.com\/wp-content\/uploads\/2024\/07\/unnamed.jpg 395w, https:\/\/nuevo-renacer.com\/wp-content\/uploads\/2024\/07\/unnamed-300x200.jpg 300w, https:\/\/nuevo-renacer.com\/wp-content\/uploads\/2024\/07\/unnamed-18x12.jpg 18w\" sizes=\"(max-width: 395px) 100vw, 395px\" \/><\/figure>\n<\/div><\/div>\n\n\n\n<div class=\"wp-block-uagb-container uagb-block-80a77c0c alignfull uagb-is-root-container\"><div class=\"uagb-container-inner-blocks-wrap\">\n<p class=\"has-black-color has-text-color has-link-color has-small-font-size wp-elements-c6a6459327986fd1d01b47ec52dbae26\">Ruh saplant\u0131s\u0131, bedenlenmemi\u015f bir ruhun d\u00fcnyevi d\u00fczlemde ya\u015fayan bir ki\u015fi \u00fczerinde olumsuz veya zararl\u0131 bir etki yaratt\u0131\u011f\u0131 bir durumu ifade eder. Bu etki, a\u015fa\u011f\u0131da ruh\u00e7u doktrinde kullan\u0131lan terminolojiye g\u00f6re basit saplant\u0131, b\u00fcy\u00fclenme ve boyun e\u011fdirme olarak adland\u0131rd\u0131\u011f\u0131m ruh saplant\u0131s\u0131 t\u00fcrlerinde belirtti\u011fim gibi, farkl\u0131 \u015fekillerde ve farkl\u0131 yo\u011funluk derecelerinde ortaya \u00e7\u0131kabilir.<\/p>\n\n\n\n<p class=\"has-black-color has-text-color has-link-color has-small-font-size wp-elements-5f1711fde3a349f8f6a39cebd9fe9db9\">Genel anlamda, ruhsal tak\u0131nt\u0131, tak\u0131nt\u0131l\u0131 ki\u015finin zihnine, d\u00fc\u015f\u00fcncelerine, duygular\u0131na veya eylemlerine bedenlenmi\u015f bir ruh taraf\u0131ndan m\u00fcdahale edilmesini i\u00e7erir. Bu m\u00fcdahale duruma ba\u011fl\u0131 olarak bilin\u00e7li veya bilin\u00e7siz olabilir. Ruhsal tak\u0131nt\u0131n\u0131n nedenleri \u00e7e\u015fitlilik g\u00f6sterebilir ve karmik ba\u011flar, ruhsal yak\u0131nl\u0131klar ve hatta ki\u015finin d\u00fcnyadaki zihinsel ve duygusal durumuyla ilgili olabilir.<\/p>\n\n\n\n<p class=\"has-black-color has-text-color has-link-color has-small-font-size wp-elements-283864e0cb4d331f9c5a359ee03a854e\">Ruhsal saplant\u0131n\u0131n etkilenen ki\u015finin ya\u015fam\u0131 \u00fczerinde davran\u0131\u015f de\u011fi\u015fiklikleri, olumsuz d\u00fc\u015f\u00fcnceler, y\u0131k\u0131c\u0131 d\u00fcrt\u00fcler, dengesiz duygusal durumlar ve ciddi vakalarda \u00f6zg\u00fcr irade kayb\u0131 gibi zararl\u0131 etkileri olabilir.<\/p>\n\n\n\n<p class=\"has-black-color has-text-color has-link-color has-small-font-size wp-elements-6bedcc38a0fa695c3c96ae6c0996a162\">Ruh\u00e7u doktrine g\u00f6re ruhsal tak\u0131nt\u0131n\u0131n ilahi bir ceza ya da \u015feytani bir ele ge\u00e7irilme olmad\u0131\u011f\u0131n\u0131, daha ziyade medyumlar, ruhsal terapistler ve hay\u0131rseverlik ve ruhsal y\u00fckselme gibi ruhsal ilkelerin uygulanmas\u0131yla tedavi edilebilen ve \u00fcstesinden gelinebilen ruhsal dengesizli\u011fin bir tezah\u00fcr\u00fc oldu\u011funu belirtmek \u00f6nemlidir. Ruhsal tak\u0131nt\u0131, hem etkilenen ki\u015fi hem de ilgili ruhlar i\u00e7in bir \u00f6\u011frenme ve ruhsal geli\u015fim f\u0131rsat\u0131 olarak g\u00f6r\u00fcl\u00fcr.<\/p>\n\n\n\n<p class=\"has-black-color has-text-color has-link-color wp-elements-c7afdfae22dff4c3966b0025d91ac19c\">\u00dc\u00e7 derece saplant\u0131:<\/p>\n\n\n\n<div class=\"wp-block-group is-layout-constrained wp-block-group-is-layout-constrained\">\n<p class=\"has-black-color has-text-color has-link-color has-small-font-size wp-elements-17742953c9d5aef5a06d1321647279ac\"><strong>Tak\u0131nt\u0131 Basit:<\/strong><\/p>\n\n\n\n<p class=\"has-black-color has-text-color has-link-color has-small-font-size wp-elements-b94f27f4f892c85b1f3bee9e76c33239\">Basit obsesyon, bedenlenmemi\u015f ruhlar\u0131n bir ki\u015finin zihninde az ya da \u00e7ok yo\u011fun olabilen etkisi ya da m\u00fcdahalesidir. Bu t\u00fcr bir obsesyonda, ruhlar bireyin d\u00fc\u015f\u00fcncelerini, duygular\u0131n\u0131 ve eylemlerini ki\u015fi tam olarak fark\u0131nda olmadan etkileyebilir. Bunlar, ki\u015finin ki\u015fili\u011fi veya de\u011ferleriyle uyumlu olmayan m\u00fcdahaleci d\u00fc\u015f\u00fcnceler veya olumsuz d\u00fcrt\u00fcler olabilir. Basit obsesyon genellikle birey \u00fczerinde tam bir kontrol i\u00e7ermez ve yo\u011funlu\u011fu de\u011fi\u015febilir.<\/p>\n<\/div>\n\n\n\n<div class=\"wp-block-group is-layout-constrained wp-block-group-is-layout-constrained\">\n<p class=\"has-black-color has-text-color has-link-color has-small-font-size wp-elements-6ab05faa16694dbdc49154a5c15312bd\"><strong>Hayranl\u0131k:<\/strong><\/p>\n\n\n\n<p class=\"has-black-color has-text-color has-link-color has-small-font-size wp-elements-0426eddd6d4d7bdf91b6a681166a2143\">B\u00fcy\u00fclenme, ruhsal saplant\u0131n\u0131n daha yo\u011fun ve zarar verici bir t\u00fcr\u00fcd\u00fcr. Bu durumda bedensiz bir ruh, tak\u0131nt\u0131l\u0131 ki\u015finin zihni ve eylemleri \u00fczerinde daha g\u00fc\u00e7l\u00fc bir kontrol uygular. Kurban, tak\u0131nt\u0131l\u0131 ruhun etkisiyle tamamen hakimiyet alt\u0131na girebilir, \u00f6zg\u00fcr iradesini ve karar verme yetene\u011fini kaybedebilir. Bu durum ki\u015finin d\u00fcrt\u00fcsel ve kendine zarar verici bir \u015fekilde hareket etmesine yol a\u00e7abilir ve kurtulu\u015fa yard\u0131mc\u0131 olmak i\u00e7in genellikle bir medyum ya da ruhsal tak\u0131nt\u0131s\u0131zl\u0131k uzman\u0131n\u0131n deste\u011fi gereklidir.<\/p>\n<\/div>\n\n\n\n<div class=\"wp-block-group is-layout-constrained wp-block-group-is-layout-constrained\">\n<p class=\"has-black-color has-text-color has-link-color has-small-font-size wp-elements-92a70b0ae0195bca5ad33d42a2525fef\"><strong>Subjugaci\u00f3n:<\/strong><\/p>\n\n\n\n<p class=\"has-black-color has-text-color has-link-color has-small-font-size wp-elements-8b46d29b56703d8757d09cb21ae8861f\">Boyun e\u011fdirme ruhsal saplant\u0131n\u0131n en ciddi t\u00fcr\u00fcd\u00fcr. Bu durumda bedensiz bir ruh kurban \u00fczerinde tam bir kontrol kurarak iradesini ve ki\u015fili\u011fini tamamen bast\u0131r\u0131r. Boyun e\u011fdirilen ki\u015fi, saplant\u0131l\u0131 ruhun elinde bir kukla gibi hareket eder ve kendisine ve ba\u015fkalar\u0131na son derece zararl\u0131 eylemler ger\u00e7ekle\u015ftirebilir. Boyun e\u011fdirme tehlikeli bir durumdur ve ki\u015fiyi tak\u0131nt\u0131l\u0131 ruhun etkisinden kurtarmak i\u00e7in \u00f6zel ruhani m\u00fcdahale gerektirir.<\/p>\n<\/div>\n\n\n\n<p class=\"has-black-color has-text-color has-link-color has-small-font-size wp-elements-b13d75557a9c03078d5fc67067ca245a\">Ruh\u00e7u doktrine g\u00f6re, ruhsal saplant\u0131 s\u00fcrecinin geri d\u00f6nd\u00fcr\u00fclebilir oldu\u011fu ve ki\u015finin saplant\u0131l\u0131 ruhlar\u0131n etkisinden kurtulmas\u0131 i\u00e7in ruhsal ve terap\u00f6tik yard\u0131m al\u0131nabilece\u011fi unutulmamal\u0131d\u0131r. Hay\u0131rseverlik, dua ve ruhani y\u00fckselme uygulamalar\u0131, ruhani saplant\u0131yla m\u00fccadele etmek ve zihinsel ve ruhani dengeyi yeniden sa\u011flamak i\u00e7in etkili ara\u00e7lar olarak kabul edilir.<\/p>\n<\/div><\/div>\n\n\n\n<div class=\"wp-block-uagb-container uagb-block-eeedf684 alignfull uagb-is-root-container\"><div class=\"uagb-container-inner-blocks-wrap\"><\/div><\/div>\n\n\n\n<div class=\"wp-block-uagb-container uagb-block-76ce5bae alignfull uagb-is-root-container\"><div class=\"uagb-container-inner-blocks-wrap\"><\/div><\/div>","protected":false},"excerpt":{"rendered":"<p>Esp\u00edritus obsesores La obsesi\u00f3n de un esp\u00edritu se refiere a una situaci\u00f3n en la cual un esp\u00edritu desencarnado ejerce una influencia negativa o perjudicial sobre una persona viva en el plano terrenal. Esta influencia puede manifestarse de diferentes maneras y en distintos grados de intensidad, como te menciono m\u00e1s abajo en los tipos de obsesi\u00f3n [&hellip;]<\/p>","protected":false},"author":1,"featured_media":3690,"parent":0,"menu_order":0,"comment_status":"closed","ping_status":"closed","template":"","meta":{"_uag_custom_page_level_css":"","site-sidebar-layout":"default","site-content-layout":"","ast-site-content-layout":"default","site-content-style":"default","site-sidebar-style":"default","ast-global-header-display":"","ast-banner-title-visibility":"","ast-main-header-display":"","ast-hfb-above-header-display":"","ast-hfb-below-header-display":"","ast-hfb-mobile-header-display":"","site-post-title":"disabled","ast-breadcrumbs-content":"","ast-featured-img":"","footer-sml-layout":"","theme-transparent-header-meta":"","adv-header-id-meta":"","stick-header-meta":"","header-above-stick-meta":"","header-main-stick-meta":"","header-below-stick-meta":"","astra-migrate-meta-layouts":"set","ast-page-background-enabled":"default","ast-page-background-meta":{"desktop":{"background-color":"var(--ast-global-color-4)","background-image":"","background-repeat":"repeat","background-position":"center center","background-size":"auto","background-attachment":"scroll","background-type":"","background-media":"","overlay-type":"","overlay-color":"","overlay-opacity":"","overlay-gradient":""},"tablet":{"background-color":"","background-image":"","background-repeat":"repeat","background-position":"center center","background-size":"auto","background-attachment":"scroll","background-type":"","background-media":"","overlay-type":"","overlay-color":"","overlay-opacity":"","overlay-gradient":""},"mobile":{"background-color":"","background-image":"","background-repeat":"repeat","background-position":"center center","background-size":"auto","background-attachment":"scroll","background-type":"","background-media":"","overlay-type":"","overlay-color":"","overlay-opacity":"","overlay-gradient":""}},"ast-content-background-meta":{"desktop":{"background-color":"var(--ast-global-color-5)","background-image":"","background-repeat":"repeat","background-position":"center center","background-size":"auto","background-attachment":"scroll","background-type":"","background-media":"","overlay-type":"","overlay-color":"","overlay-opacity":"","overlay-gradient":""},"tablet":{"background-color":"var(--ast-global-color-5)","background-image":"","background-repeat":"repeat","background-position":"center center","background-size":"auto","background-attachment":"scroll","background-type":"","background-media":"","overlay-type":"","overlay-color":"","overlay-opacity":"","overlay-gradient":""},"mobile":{"background-color":"var(--ast-global-color-5)","background-image":"","background-repeat":"repeat","background-position":"center center","background-size":"auto","background-attachment":"scroll","background-type":"","background-media":"","overlay-type":"","overlay-color":"","overlay-opacity":"","overlay-gradient":""}},"footnotes":""},"class_list":["post-3689","page","type-page","status-publish","has-post-thumbnail","hentry"],"yoast_head":"<!-- This site is optimized with the Yoast SEO Premium plugin v24.2 (Yoast SEO v24.6) - https:\/\/yoast.com\/wordpress\/plugins\/seo\/ -->\n<title>Esp\u00edritus obsesores - Uni\u00f3n Esp\u00edrita<\/title>\n<meta name=\"robots\" content=\"index, follow, max-snippet:-1, max-image-preview:large, max-video-preview:-1\" \/>\n<link rel=\"canonical\" href=\"https:\/\/nuevo-renacer.com\/tr\/espiritus-obsesores\/\" \/>\n<meta property=\"og:locale\" content=\"tr_TR\" \/>\n<meta property=\"og:type\" content=\"article\" \/>\n<meta property=\"og:title\" content=\"Esp\u00edritus obsesores\" \/>\n<meta property=\"og:description\" content=\"Esp\u00edritus obsesores La obsesi\u00f3n de un esp\u00edritu se refiere a una situaci\u00f3n en la cual un esp\u00edritu desencarnado ejerce una influencia negativa o perjudicial sobre una persona viva en el plano terrenal. Esta influencia puede manifestarse de diferentes maneras y en distintos grados de intensidad, como te menciono m\u00e1s abajo en los tipos de obsesi\u00f3n [&hellip;]\" \/>\n<meta property=\"og:url\" content=\"https:\/\/nuevo-renacer.com\/tr\/espiritus-obsesores\/\" \/>\n<meta property=\"og:site_name\" content=\"Uni\u00f3n Esp\u00edrita\" \/>\n<meta property=\"article:publisher\" content=\"https:\/\/www.facebook.com\/groups\/3431398063740829\" \/>\n<meta property=\"article:modified_time\" content=\"2025-05-23T09:44:16+00:00\" \/>\n<meta property=\"og:image\" content=\"https:\/\/nuevo-renacer.com\/wp-content\/uploads\/2024\/07\/unnamed.jpg\" \/>\n\t<meta property=\"og:image:width\" content=\"395\" \/>\n\t<meta property=\"og:image:height\" content=\"263\" \/>\n\t<meta property=\"og:image:type\" content=\"image\/jpeg\" \/>\n<meta name=\"twitter:card\" content=\"summary_large_image\" \/>\n<meta name=\"twitter:label1\" content=\"Tahmini okuma s\u00fcresi\" \/>\n\t<meta name=\"twitter:data1\" content=\"4 dakika\" \/>\n<script type=\"application\/ld+json\" class=\"yoast-schema-graph\">{\"@context\":\"https:\/\/schema.org\",\"@graph\":[{\"@type\":\"WebPage\",\"@id\":\"https:\/\/nuevo-renacer.com\/espiritus-obsesores\/\",\"url\":\"https:\/\/nuevo-renacer.com\/espiritus-obsesores\/\",\"name\":\"Esp\u00edritus obsesores - Uni\u00f3n Esp\u00edrita\",\"isPartOf\":{\"@id\":\"https:\/\/nuevo-renacer.com\/#website\"},\"primaryImageOfPage\":{\"@id\":\"https:\/\/nuevo-renacer.com\/espiritus-obsesores\/#primaryimage\"},\"image\":{\"@id\":\"https:\/\/nuevo-renacer.com\/espiritus-obsesores\/#primaryimage\"},\"thumbnailUrl\":\"https:\/\/nuevo-renacer.com\/wp-content\/uploads\/2024\/07\/unnamed.jpg\",\"datePublished\":\"2024-07-12T06:03:48+00:00\",\"dateModified\":\"2025-05-23T09:44:16+00:00\",\"breadcrumb\":{\"@id\":\"https:\/\/nuevo-renacer.com\/espiritus-obsesores\/#breadcrumb\"},\"inLanguage\":\"tr\",\"potentialAction\":[{\"@type\":\"ReadAction\",\"target\":[\"https:\/\/nuevo-renacer.com\/espiritus-obsesores\/\"]}]},{\"@type\":\"ImageObject\",\"inLanguage\":\"tr\",\"@id\":\"https:\/\/nuevo-renacer.com\/espiritus-obsesores\/#primaryimage\",\"url\":\"https:\/\/nuevo-renacer.com\/wp-content\/uploads\/2024\/07\/unnamed.jpg\",\"contentUrl\":\"https:\/\/nuevo-renacer.com\/wp-content\/uploads\/2024\/07\/unnamed.jpg\",\"width\":395,\"height\":263},{\"@type\":\"BreadcrumbList\",\"@id\":\"https:\/\/nuevo-renacer.com\/espiritus-obsesores\/#breadcrumb\",\"itemListElement\":[{\"@type\":\"ListItem\",\"position\":1,\"name\":\"Startseite\",\"item\":\"https:\/\/nuevo-renacer.com\/\"},{\"@type\":\"ListItem\",\"position\":2,\"name\":\"Esp\u00edritus obsesores\"}]},{\"@type\":\"WebSite\",\"@id\":\"https:\/\/nuevo-renacer.com\/#website\",\"url\":\"https:\/\/nuevo-renacer.com\/\",\"name\":\"Uni\u00f3n Esp\u00edrita\",\"description\":\"Nuevo Renacer\",\"publisher\":{\"@id\":\"https:\/\/nuevo-renacer.com\/#organization\"},\"potentialAction\":[{\"@type\":\"SearchAction\",\"target\":{\"@type\":\"EntryPoint\",\"urlTemplate\":\"https:\/\/nuevo-renacer.com\/?s={search_term_string}\"},\"query-input\":{\"@type\":\"PropertyValueSpecification\",\"valueRequired\":true,\"valueName\":\"search_term_string\"}}],\"inLanguage\":\"tr\"},{\"@type\":\"Organization\",\"@id\":\"https:\/\/nuevo-renacer.com\/#organization\",\"name\":\"UFEC\",\"url\":\"https:\/\/nuevo-renacer.com\/\",\"logo\":{\"@type\":\"ImageObject\",\"inLanguage\":\"tr\",\"@id\":\"https:\/\/nuevo-renacer.com\/#\/schema\/logo\/image\/\",\"url\":\"https:\/\/nuevo-renacer.com\/wp-content\/uploads\/2024\/05\/cropped-LOGO-TERMINADO1-3-3.png\",\"contentUrl\":\"https:\/\/nuevo-renacer.com\/wp-content\/uploads\/2024\/05\/cropped-LOGO-TERMINADO1-3-3.png\",\"width\":512,\"height\":512,\"caption\":\"UFEC\"},\"image\":{\"@id\":\"https:\/\/nuevo-renacer.com\/#\/schema\/logo\/image\/\"},\"sameAs\":[\"https:\/\/www.facebook.com\/groups\/3431398063740829\"]}]}<\/script>\n<!-- \/ Yoast SEO Premium plugin. -->","yoast_head_json":{"title":"Esp\u00edritus obsesores - Uni\u00f3n Esp\u00edrita","robots":{"index":"index","follow":"follow","max-snippet":"max-snippet:-1","max-image-preview":"max-image-preview:large","max-video-preview":"max-video-preview:-1"},"canonical":"https:\/\/nuevo-renacer.com\/tr\/espiritus-obsesores\/","og_locale":"tr_TR","og_type":"article","og_title":"Esp\u00edritus obsesores","og_description":"Esp\u00edritus obsesores La obsesi\u00f3n de un esp\u00edritu se refiere a una situaci\u00f3n en la cual un esp\u00edritu desencarnado ejerce una influencia negativa o perjudicial sobre una persona viva en el plano terrenal. Esta influencia puede manifestarse de diferentes maneras y en distintos grados de intensidad, como te menciono m\u00e1s abajo en los tipos de obsesi\u00f3n [&hellip;]","og_url":"https:\/\/nuevo-renacer.com\/tr\/espiritus-obsesores\/","og_site_name":"Uni\u00f3n Esp\u00edrita","article_publisher":"https:\/\/www.facebook.com\/groups\/3431398063740829","article_modified_time":"2025-05-23T09:44:16+00:00","og_image":[{"width":395,"height":263,"url":"https:\/\/nuevo-renacer.com\/wp-content\/uploads\/2024\/07\/unnamed.jpg","type":"image\/jpeg"}],"twitter_card":"summary_large_image","twitter_misc":{"Tahmini okuma s\u00fcresi":"4 dakika"},"schema":{"@context":"https:\/\/schema.org","@graph":[{"@type":"WebPage","@id":"https:\/\/nuevo-renacer.com\/espiritus-obsesores\/","url":"https:\/\/nuevo-renacer.com\/espiritus-obsesores\/","name":"Esp\u00edritus obsesores - Uni\u00f3n Esp\u00edrita","isPartOf":{"@id":"https:\/\/nuevo-renacer.com\/#website"},"primaryImageOfPage":{"@id":"https:\/\/nuevo-renacer.com\/espiritus-obsesores\/#primaryimage"},"image":{"@id":"https:\/\/nuevo-renacer.com\/espiritus-obsesores\/#primaryimage"},"thumbnailUrl":"https:\/\/nuevo-renacer.com\/wp-content\/uploads\/2024\/07\/unnamed.jpg","datePublished":"2024-07-12T06:03:48+00:00","dateModified":"2025-05-23T09:44:16+00:00","breadcrumb":{"@id":"https:\/\/nuevo-renacer.com\/espiritus-obsesores\/#breadcrumb"},"inLanguage":"tr","potentialAction":[{"@type":"ReadAction","target":["https:\/\/nuevo-renacer.com\/espiritus-obsesores\/"]}]},{"@type":"ImageObject","inLanguage":"tr","@id":"https:\/\/nuevo-renacer.com\/espiritus-obsesores\/#primaryimage","url":"https:\/\/nuevo-renacer.com\/wp-content\/uploads\/2024\/07\/unnamed.jpg","contentUrl":"https:\/\/nuevo-renacer.com\/wp-content\/uploads\/2024\/07\/unnamed.jpg","width":395,"height":263},{"@type":"BreadcrumbList","@id":"https:\/\/nuevo-renacer.com\/espiritus-obsesores\/#breadcrumb","itemListElement":[{"@type":"ListItem","position":1,"name":"Startseite","item":"https:\/\/nuevo-renacer.com\/"},{"@type":"ListItem","position":2,"name":"Esp\u00edritus obsesores"}]},{"@type":"WebSite","@id":"https:\/\/nuevo-renacer.com\/#website","url":"https:\/\/nuevo-renacer.com\/","name":"Uni\u00f3n Esp\u00edrita","description":"Nuevo Renacer","publisher":{"@id":"https:\/\/nuevo-renacer.com\/#organization"},"potentialAction":[{"@type":"SearchAction","target":{"@type":"EntryPoint","urlTemplate":"https:\/\/nuevo-renacer.com\/?s={search_term_string}"},"query-input":{"@type":"PropertyValueSpecification","valueRequired":true,"valueName":"search_term_string"}}],"inLanguage":"tr"},{"@type":"Organization","@id":"https:\/\/nuevo-renacer.com\/#organization","name":"UFEC","url":"https:\/\/nuevo-renacer.com\/","logo":{"@type":"ImageObject","inLanguage":"tr","@id":"https:\/\/nuevo-renacer.com\/#\/schema\/logo\/image\/","url":"https:\/\/nuevo-renacer.com\/wp-content\/uploads\/2024\/05\/cropped-LOGO-TERMINADO1-3-3.png","contentUrl":"https:\/\/nuevo-renacer.com\/wp-content\/uploads\/2024\/05\/cropped-LOGO-TERMINADO1-3-3.png","width":512,"height":512,"caption":"UFEC"},"image":{"@id":"https:\/\/nuevo-renacer.com\/#\/schema\/logo\/image\/"},"sameAs":["https:\/\/www.facebook.com\/groups\/3431398063740829"]}]}},"uagb_featured_image_src":{"full":["https:\/\/nuevo-renacer.com\/wp-content\/uploads\/2024\/07\/unnamed.jpg",395,263,false],"thumbnail":["https:\/\/nuevo-renacer.com\/wp-content\/uploads\/2024\/07\/unnamed-150x150.jpg",150,150,true],"medium":["https:\/\/nuevo-renacer.com\/wp-content\/uploads\/2024\/07\/unnamed-300x200.jpg",300,200,true],"medium_large":["https:\/\/nuevo-renacer.com\/wp-content\/uploads\/2024\/07\/unnamed.jpg",395,263,false],"large":["https:\/\/nuevo-renacer.com\/wp-content\/uploads\/2024\/07\/unnamed.jpg",395,263,false],"1536x1536":["https:\/\/nuevo-renacer.com\/wp-content\/uploads\/2024\/07\/unnamed.jpg",395,263,false],"2048x2048":["https:\/\/nuevo-renacer.com\/wp-content\/uploads\/2024\/07\/unnamed.jpg",395,263,false],"trp-custom-language-flag":["https:\/\/nuevo-renacer.com\/wp-content\/uploads\/2024\/07\/unnamed-18x12.jpg",18,12,true]},"uagb_author_info":{"display_name":"adbv0","author_link":"https:\/\/nuevo-renacer.com\/tr\/author\/adbv0\/"},"uagb_comment_info":0,"uagb_excerpt":"Esp\u00edritus obsesores La obsesi\u00f3n de un esp\u00edritu se refiere a una situaci\u00f3n en la cual un esp\u00edritu desencarnado ejerce una influencia negativa o perjudicial sobre una persona viva en el plano terrenal. Esta influencia puede manifestarse de diferentes maneras y en distintos grados de intensidad, como te menciono m\u00e1s abajo en los tipos de obsesi\u00f3n&hellip;","jetpack_sharing_enabled":true,"_links":{"self":[{"href":"https:\/\/nuevo-renacer.com\/tr\/wp-json\/wp\/v2\/pages\/3689","targetHints":{"allow":["GET"]}}],"collection":[{"href":"https:\/\/nuevo-renacer.com\/tr\/wp-json\/wp\/v2\/pages"}],"about":[{"href":"https:\/\/nuevo-renacer.com\/tr\/wp-json\/wp\/v2\/types\/page"}],"author":[{"embeddable":true,"href":"https:\/\/nuevo-renacer.com\/tr\/wp-json\/wp\/v2\/users\/1"}],"replies":[{"embeddable":true,"href":"https:\/\/nuevo-renacer.com\/tr\/wp-json\/wp\/v2\/comments?post=3689"}],"version-history":[{"count":3,"href":"https:\/\/nuevo-renacer.com\/tr\/wp-json\/wp\/v2\/pages\/3689\/revisions"}],"predecessor-version":[{"id":8182,"href":"https:\/\/nuevo-renacer.com\/tr\/wp-json\/wp\/v2\/pages\/3689\/revisions\/8182"}],"wp:featuredmedia":[{"embeddable":true,"href":"https:\/\/nuevo-renacer.com\/tr\/wp-json\/wp\/v2\/media\/3690"}],"wp:attachment":[{"href":"https:\/\/nuevo-renacer.com\/tr\/wp-json\/wp\/v2\/media?parent=3689"}],"curies":[{"name":"wp","href":"https:\/\/api.w.org\/{rel}","templated":true}]}}