{"id":3643,"date":"2024-07-10T14:28:55","date_gmt":"2024-07-10T14:28:55","guid":{"rendered":"https:\/\/ufec-mundial.com\/?page_id=3643"},"modified":"2025-05-23T09:47:12","modified_gmt":"2025-05-23T09:47:12","slug":"por-que-los-espiritas-no-temen-a-la-muerte","status":"publish","type":"page","link":"https:\/\/nuevo-renacer.com\/tr\/por-que-los-espiritas-no-temen-a-la-muerte\/","title":{"rendered":"Ruh\u00e7ular neden \u00f6l\u00fcmden korkmaz?"},"content":{"rendered":"<div class=\"wp-block-uagb-container uagb-block-266ec40a alignfull uagb-is-root-container\"><div class=\"uagb-container-inner-blocks-wrap\">\n<p class=\"has-black-color has-text-color has-link-color has-medium-font-size wp-elements-ad8de132c25d8ffed7065972a9d29908\"><strong>Ruh\u00e7ular neden \u00f6l\u00fcmden korkmaz?<\/strong><\/p>\n\n\n\n<p class=\"has-black-color has-text-color has-link-color has-medium-font-size wp-elements-f2a87306748dd808a53754cf8923cba9\"><strong>Kitaptan: Cennet ve Cehennem \u2013 Allan Kardec&nbsp;<\/strong><\/p>\n<\/div><\/div>\n\n\n\n<div class=\"wp-block-uagb-container uagb-block-a86c1c45 alignfull uagb-is-root-container\"><div class=\"uagb-container-inner-blocks-wrap\">\n<div class=\"wp-block-uagb-image alignleft uagb-block-cea64196 wp-block-uagb-image--layout-default wp-block-uagb-image--effect-static wp-block-uagb-image--align-left\"><figure class=\"wp-block-uagb-image__figure\"><img loading=\"lazy\" decoding=\"async\" srcset=\"https:\/\/nuevo-renacer.com\/wp-content\/uploads\/2024\/07\/33259436-schon-blumen-im-ein-sarg-beim-ein-beerdigung-ai-generiert-foto.jpg ,https:\/\/ufec-mundial.com\/wp-content\/uploads\/2024\/07\/33259436-schon-blumen-im-ein-sarg-beim-ein-beerdigung-ai-generiert-foto.jpg 780w, https:\/\/nuevo-renacer.com\/wp-content\/uploads\/2024\/07\/33259436-schon-blumen-im-ein-sarg-beim-ein-beerdigung-ai-generiert-foto.jpg 360w\" sizes=\"auto, (max-width: 480px) 150px\" src=\"https:\/\/nuevo-renacer.com\/wp-content\/uploads\/2024\/07\/33259436-schon-blumen-im-ein-sarg-beim-ein-beerdigung-ai-generiert-foto.jpg\" alt=\"\" class=\"uag-image-3644\" width=\"470\" height=\"313\" title=\"33259436-schon-blumen-im-ein-sarg-beim-ein-beerdigung-ai-generiert-foto\" role=\"img\"\/><\/figure><\/div>\n<\/div><\/div>\n\n\n\n<div class=\"wp-block-uagb-container uagb-block-2e05586e alignfull uagb-is-root-container\"><div class=\"uagb-container-inner-blocks-wrap\">\n<p class=\"has-black-color has-text-color has-link-color has-small-font-size wp-elements-0bbcfde3fc49fbd0a8c991f9fb605d20\">Ruh\u00e7uluk doktrini gelece\u011fe bak\u0131\u015f\u0131m\u0131z\u0131 tamamen de\u011fi\u015ftirir. Gelecek ya\u015fam art\u0131k bir hipotez de\u011fil, bir ger\u00e7ekliktir. \u00d6l\u00fcmden sonra ruhlar\u0131n durumu art\u0131k bir sistem de\u011fil, g\u00f6zlemin sonucudur. Perde kalkm\u0131\u015ft\u0131r: ruhani d\u00fcnya bize pratik ger\u00e7ekli\u011finin b\u00fct\u00fcnl\u00fc\u011f\u00fc i\u00e7inde g\u00f6r\u00fcn\u00fcr. Onu dahiyane bir kavray\u0131\u015f \u00e7abas\u0131yla ke\u015ffedenler insanlar de\u011fil, durumlar\u0131n\u0131 bize tarif etmeye gelen o d\u00fcnyan\u0131n sakinlerinin kendileridir. B\u00f6ylece onlar\u0131 ruhani skalan\u0131n t\u00fcm derecelerinde, mutlulu\u011fun ya da talihsizli\u011fin t\u00fcm a\u015famalar\u0131nda g\u00f6r\u00fcr\u00fcz; ve mezar\u0131n \u00f6tesindeki ya\u015fam\u0131n t\u00fcm de\u011fi\u015fimlerine tan\u0131k oluruz. &nbsp;<\/p>\n\n\n\n<p class=\"has-black-color has-text-color has-link-color has-small-font-size wp-elements-6ce9cf2da52fcf47ce9084133aaa1aed\">Bu nedenle ruhaniler yery\u00fcz\u00fcndeki son anlar\u0131nda \u00f6l\u00fcmle sakin ve huzurlu bir \u015fekilde y\u00fczle\u015firler. Sadece umutla de\u011fil, kesinlik ile de teselli bulurlar. Gelecek ya\u015fam\u0131n, daha iyi ko\u015fullar alt\u0131nda da olsa, \u015fimdiki ya\u015fam\u0131n bir devam\u0131 oldu\u011funu bilirler ve f\u0131rt\u0131nal\u0131 bir gecenin ard\u0131ndan g\u00fcne\u015fin do\u011fu\u015funu bekledikleri gibi ayn\u0131 g\u00fcvenle beklerler. Bu g\u00fcvenin nedenleri, tan\u0131k olduklar\u0131 ger\u00e7eklerden ve bu ger\u00e7eklerin mant\u0131kla, Tanr\u0131'n\u0131n adaleti ve iyili\u011fiyle ve insan\u0131n en i\u00e7ten \u00f6zlemleriyle uyumundan kaynaklanmaktad\u0131r. Ruh\u00e7ulara g\u00f6re ruh bir soyutlama de\u011fildir; ruhani bir bedeni vard\u0131r, bu da onu belirli bir varl\u0131k haline getirir, d\u00fc\u015f\u00fcnce taraf\u0131ndan kavranabilir ve kucaklanabilir, bu da zaten onun bireyselli\u011finin, yeteneklerinin ve alg\u0131lar\u0131n\u0131n fikirlerini sabitlemek i\u00e7in \u00e7ok \u015feydir.&nbsp;<\/p>\n\n\n\n<p class=\"has-black-color has-text-color has-link-color has-small-font-size wp-elements-11c6de22ea73b2e22a51d037cc632830\">Bizim i\u00e7in de\u011ferli olan ki\u015filerin an\u0131s\u0131 ger\u00e7ek bir \u015feye dayan\u0131r. Onlar\u0131 art\u0131k d\u00fc\u015f\u00fcncelerimize hi\u00e7bir \u015fey s\u00f6ylemeyen ge\u00e7ici alevler olarak de\u011fil, bize canl\u0131 varl\u0131klar olarak g\u00f6steren somut bir bi\u00e7imde temsil ediyoruz. Dahas\u0131, uzay\u0131n derinliklerinde kaybolmak yerine, her yan\u0131m\u0131zdad\u0131rlar, \u00e7\u00fcnk\u00fc cismani d\u00fcnya ile ruhani d\u00fcnya s\u00fcrekli bir ili\u015fki ve kar\u015f\u0131l\u0131kl\u0131 yard\u0131mla\u015fma i\u00e7indedir. Gelecek hakk\u0131nda art\u0131k hi\u00e7bir \u015f\u00fcphe kalmad\u0131\u011f\u0131ndan, \u00f6l\u00fcm korkusu da varl\u0131k nedenini yitirir. Ruh\u00e7u \u00f6l\u00fcmle so\u011fukkanl\u0131l\u0131kla y\u00fczle\u015fir. Onu bir kurtulu\u015f olarak g\u00f6r\u00fcr, \u00e7\u00fcnk\u00fc o hi\u00e7li\u011fe de\u011fil ya\u015fama a\u00e7\u0131lan bir kap\u0131d\u0131r.<\/p>\n<\/div><\/div>\n\n\n\n<div class=\"wp-block-uagb-container uagb-block-3a33abb2 alignfull uagb-is-root-container\"><div class=\"uagb-container-inner-blocks-wrap\"><\/div><\/div>\n\n\n\n<div class=\"wp-block-uagb-container uagb-block-40a2f6a5 alignfull uagb-is-root-container\"><div class=\"uagb-container-inner-blocks-wrap\"><\/div><\/div>","protected":false},"excerpt":{"rendered":"<p>Por qu\u00e9 los esp\u00edritas no temen a la muerte Del libro: El Cielo y el Infierno \u2013 Allan Kardec&nbsp; La doctrina esp\u00edrita modifica por completo la manera de encarar el porvenir. La vida futura ya no es una hip\u00f3tesis, sino una realidad. El estado de las almas despu\u00e9s de la muerte ya no es un [&hellip;]<\/p>","protected":false},"author":1,"featured_media":3644,"parent":0,"menu_order":0,"comment_status":"closed","ping_status":"closed","template":"","meta":{"_uag_custom_page_level_css":"","site-sidebar-layout":"default","site-content-layout":"","ast-site-content-layout":"default","site-content-style":"default","site-sidebar-style":"default","ast-global-header-display":"","ast-banner-title-visibility":"","ast-main-header-display":"","ast-hfb-above-header-display":"","ast-hfb-below-header-display":"","ast-hfb-mobile-header-display":"","site-post-title":"disabled","ast-breadcrumbs-content":"","ast-featured-img":"","footer-sml-layout":"","theme-transparent-header-meta":"","adv-header-id-meta":"","stick-header-meta":"","header-above-stick-meta":"","header-main-stick-meta":"","header-below-stick-meta":"","astra-migrate-meta-layouts":"set","ast-page-background-enabled":"default","ast-page-background-meta":{"desktop":{"background-color":"var(--ast-global-color-4)","background-image":"","background-repeat":"repeat","background-position":"center center","background-size":"auto","background-attachment":"scroll","background-type":"","background-media":"","overlay-type":"","overlay-color":"","overlay-opacity":"","overlay-gradient":""},"tablet":{"background-color":"","background-image":"","background-repeat":"repeat","background-position":"center center","background-size":"auto","background-attachment":"scroll","background-type":"","background-media":"","overlay-type":"","overlay-color":"","overlay-opacity":"","overlay-gradient":""},"mobile":{"background-color":"","background-image":"","background-repeat":"repeat","background-position":"center center","background-size":"auto","background-attachment":"scroll","background-type":"","background-media":"","overlay-type":"","overlay-color":"","overlay-opacity":"","overlay-gradient":""}},"ast-content-background-meta":{"desktop":{"background-color":"var(--ast-global-color-5)","background-image":"","background-repeat":"repeat","background-position":"center center","background-size":"auto","background-attachment":"scroll","background-type":"","background-media":"","overlay-type":"","overlay-color":"","overlay-opacity":"","overlay-gradient":""},"tablet":{"background-color":"var(--ast-global-color-5)","background-image":"","background-repeat":"repeat","background-position":"center center","background-size":"auto","background-attachment":"scroll","background-type":"","background-media":"","overlay-type":"","overlay-color":"","overlay-opacity":"","overlay-gradient":""},"mobile":{"background-color":"var(--ast-global-color-5)","background-image":"","background-repeat":"repeat","background-position":"center center","background-size":"auto","background-attachment":"scroll","background-type":"","background-media":"","overlay-type":"","overlay-color":"","overlay-opacity":"","overlay-gradient":""}},"footnotes":""},"class_list":["post-3643","page","type-page","status-publish","has-post-thumbnail","hentry"],"yoast_head":"<!-- This site is optimized with the Yoast SEO Premium plugin v24.2 (Yoast SEO v24.6) - https:\/\/yoast.com\/wordpress\/plugins\/seo\/ -->\n<title>Por qu\u00e9 los esp\u00edritas no temen a la muerte - Uni\u00f3n Esp\u00edrita<\/title>\n<meta name=\"robots\" content=\"index, follow, max-snippet:-1, max-image-preview:large, max-video-preview:-1\" \/>\n<link rel=\"canonical\" href=\"https:\/\/nuevo-renacer.com\/tr\/por-que-los-espiritas-no-temen-a-la-muerte\/\" \/>\n<meta property=\"og:locale\" content=\"tr_TR\" \/>\n<meta property=\"og:type\" content=\"article\" \/>\n<meta property=\"og:title\" content=\"Por qu\u00e9 los esp\u00edritas no temen a la muerte\" \/>\n<meta property=\"og:description\" content=\"Por qu\u00e9 los esp\u00edritas no temen a la muerte Del libro: El Cielo y el Infierno \u2013 Allan Kardec&nbsp; La doctrina esp\u00edrita modifica por completo la manera de encarar el porvenir. La vida futura ya no es una hip\u00f3tesis, sino una realidad. El estado de las almas despu\u00e9s de la muerte ya no es un [&hellip;]\" \/>\n<meta property=\"og:url\" content=\"https:\/\/nuevo-renacer.com\/tr\/por-que-los-espiritas-no-temen-a-la-muerte\/\" \/>\n<meta property=\"og:site_name\" content=\"Uni\u00f3n Esp\u00edrita\" \/>\n<meta property=\"article:publisher\" content=\"https:\/\/www.facebook.com\/groups\/3431398063740829\" \/>\n<meta property=\"article:modified_time\" content=\"2025-05-23T09:47:12+00:00\" \/>\n<meta property=\"og:image\" content=\"https:\/\/nuevo-renacer.com\/wp-content\/uploads\/2024\/07\/33259436-schon-blumen-im-ein-sarg-beim-ein-beerdigung-ai-generiert-foto.jpg\" \/>\n\t<meta property=\"og:image:width\" content=\"600\" \/>\n\t<meta property=\"og:image:height\" content=\"400\" \/>\n\t<meta property=\"og:image:type\" content=\"image\/jpeg\" \/>\n<meta name=\"twitter:card\" content=\"summary_large_image\" \/>\n<meta name=\"twitter:label1\" content=\"Tahmini okuma s\u00fcresi\" \/>\n\t<meta name=\"twitter:data1\" content=\"3 dakika\" \/>\n<script type=\"application\/ld+json\" class=\"yoast-schema-graph\">{\"@context\":\"https:\/\/schema.org\",\"@graph\":[{\"@type\":\"WebPage\",\"@id\":\"https:\/\/nuevo-renacer.com\/por-que-los-espiritas-no-temen-a-la-muerte\/\",\"url\":\"https:\/\/nuevo-renacer.com\/por-que-los-espiritas-no-temen-a-la-muerte\/\",\"name\":\"Por qu\u00e9 los esp\u00edritas no temen a la muerte - Uni\u00f3n Esp\u00edrita\",\"isPartOf\":{\"@id\":\"https:\/\/nuevo-renacer.com\/#website\"},\"primaryImageOfPage\":{\"@id\":\"https:\/\/nuevo-renacer.com\/por-que-los-espiritas-no-temen-a-la-muerte\/#primaryimage\"},\"image\":{\"@id\":\"https:\/\/nuevo-renacer.com\/por-que-los-espiritas-no-temen-a-la-muerte\/#primaryimage\"},\"thumbnailUrl\":\"https:\/\/nuevo-renacer.com\/wp-content\/uploads\/2024\/07\/33259436-schon-blumen-im-ein-sarg-beim-ein-beerdigung-ai-generiert-foto.jpg\",\"datePublished\":\"2024-07-10T14:28:55+00:00\",\"dateModified\":\"2025-05-23T09:47:12+00:00\",\"breadcrumb\":{\"@id\":\"https:\/\/nuevo-renacer.com\/por-que-los-espiritas-no-temen-a-la-muerte\/#breadcrumb\"},\"inLanguage\":\"tr\",\"potentialAction\":[{\"@type\":\"ReadAction\",\"target\":[\"https:\/\/nuevo-renacer.com\/por-que-los-espiritas-no-temen-a-la-muerte\/\"]}]},{\"@type\":\"ImageObject\",\"inLanguage\":\"tr\",\"@id\":\"https:\/\/nuevo-renacer.com\/por-que-los-espiritas-no-temen-a-la-muerte\/#primaryimage\",\"url\":\"https:\/\/nuevo-renacer.com\/wp-content\/uploads\/2024\/07\/33259436-schon-blumen-im-ein-sarg-beim-ein-beerdigung-ai-generiert-foto.jpg\",\"contentUrl\":\"https:\/\/nuevo-renacer.com\/wp-content\/uploads\/2024\/07\/33259436-schon-blumen-im-ein-sarg-beim-ein-beerdigung-ai-generiert-foto.jpg\",\"width\":600,\"height\":400},{\"@type\":\"BreadcrumbList\",\"@id\":\"https:\/\/nuevo-renacer.com\/por-que-los-espiritas-no-temen-a-la-muerte\/#breadcrumb\",\"itemListElement\":[{\"@type\":\"ListItem\",\"position\":1,\"name\":\"Startseite\",\"item\":\"https:\/\/nuevo-renacer.com\/\"},{\"@type\":\"ListItem\",\"position\":2,\"name\":\"Por qu\u00e9 los esp\u00edritas no temen a la muerte\"}]},{\"@type\":\"WebSite\",\"@id\":\"https:\/\/nuevo-renacer.com\/#website\",\"url\":\"https:\/\/nuevo-renacer.com\/\",\"name\":\"Uni\u00f3n Esp\u00edrita\",\"description\":\"Nuevo Renacer\",\"publisher\":{\"@id\":\"https:\/\/nuevo-renacer.com\/#organization\"},\"potentialAction\":[{\"@type\":\"SearchAction\",\"target\":{\"@type\":\"EntryPoint\",\"urlTemplate\":\"https:\/\/nuevo-renacer.com\/?s={search_term_string}\"},\"query-input\":{\"@type\":\"PropertyValueSpecification\",\"valueRequired\":true,\"valueName\":\"search_term_string\"}}],\"inLanguage\":\"tr\"},{\"@type\":\"Organization\",\"@id\":\"https:\/\/nuevo-renacer.com\/#organization\",\"name\":\"UFEC\",\"url\":\"https:\/\/nuevo-renacer.com\/\",\"logo\":{\"@type\":\"ImageObject\",\"inLanguage\":\"tr\",\"@id\":\"https:\/\/nuevo-renacer.com\/#\/schema\/logo\/image\/\",\"url\":\"https:\/\/nuevo-renacer.com\/wp-content\/uploads\/2024\/05\/cropped-LOGO-TERMINADO1-3-3.png\",\"contentUrl\":\"https:\/\/nuevo-renacer.com\/wp-content\/uploads\/2024\/05\/cropped-LOGO-TERMINADO1-3-3.png\",\"width\":512,\"height\":512,\"caption\":\"UFEC\"},\"image\":{\"@id\":\"https:\/\/nuevo-renacer.com\/#\/schema\/logo\/image\/\"},\"sameAs\":[\"https:\/\/www.facebook.com\/groups\/3431398063740829\"]}]}<\/script>\n<!-- \/ Yoast SEO Premium plugin. -->","yoast_head_json":{"title":"Por qu\u00e9 los esp\u00edritas no temen a la muerte - Uni\u00f3n Esp\u00edrita","robots":{"index":"index","follow":"follow","max-snippet":"max-snippet:-1","max-image-preview":"max-image-preview:large","max-video-preview":"max-video-preview:-1"},"canonical":"https:\/\/nuevo-renacer.com\/tr\/por-que-los-espiritas-no-temen-a-la-muerte\/","og_locale":"tr_TR","og_type":"article","og_title":"Por qu\u00e9 los esp\u00edritas no temen a la muerte","og_description":"Por qu\u00e9 los esp\u00edritas no temen a la muerte Del libro: El Cielo y el Infierno \u2013 Allan Kardec&nbsp; La doctrina esp\u00edrita modifica por completo la manera de encarar el porvenir. La vida futura ya no es una hip\u00f3tesis, sino una realidad. El estado de las almas despu\u00e9s de la muerte ya no es un [&hellip;]","og_url":"https:\/\/nuevo-renacer.com\/tr\/por-que-los-espiritas-no-temen-a-la-muerte\/","og_site_name":"Uni\u00f3n Esp\u00edrita","article_publisher":"https:\/\/www.facebook.com\/groups\/3431398063740829","article_modified_time":"2025-05-23T09:47:12+00:00","og_image":[{"width":600,"height":400,"url":"https:\/\/nuevo-renacer.com\/wp-content\/uploads\/2024\/07\/33259436-schon-blumen-im-ein-sarg-beim-ein-beerdigung-ai-generiert-foto.jpg","type":"image\/jpeg"}],"twitter_card":"summary_large_image","twitter_misc":{"Tahmini okuma s\u00fcresi":"3 dakika"},"schema":{"@context":"https:\/\/schema.org","@graph":[{"@type":"WebPage","@id":"https:\/\/nuevo-renacer.com\/por-que-los-espiritas-no-temen-a-la-muerte\/","url":"https:\/\/nuevo-renacer.com\/por-que-los-espiritas-no-temen-a-la-muerte\/","name":"Por qu\u00e9 los esp\u00edritas no temen a la muerte - Uni\u00f3n Esp\u00edrita","isPartOf":{"@id":"https:\/\/nuevo-renacer.com\/#website"},"primaryImageOfPage":{"@id":"https:\/\/nuevo-renacer.com\/por-que-los-espiritas-no-temen-a-la-muerte\/#primaryimage"},"image":{"@id":"https:\/\/nuevo-renacer.com\/por-que-los-espiritas-no-temen-a-la-muerte\/#primaryimage"},"thumbnailUrl":"https:\/\/nuevo-renacer.com\/wp-content\/uploads\/2024\/07\/33259436-schon-blumen-im-ein-sarg-beim-ein-beerdigung-ai-generiert-foto.jpg","datePublished":"2024-07-10T14:28:55+00:00","dateModified":"2025-05-23T09:47:12+00:00","breadcrumb":{"@id":"https:\/\/nuevo-renacer.com\/por-que-los-espiritas-no-temen-a-la-muerte\/#breadcrumb"},"inLanguage":"tr","potentialAction":[{"@type":"ReadAction","target":["https:\/\/nuevo-renacer.com\/por-que-los-espiritas-no-temen-a-la-muerte\/"]}]},{"@type":"ImageObject","inLanguage":"tr","@id":"https:\/\/nuevo-renacer.com\/por-que-los-espiritas-no-temen-a-la-muerte\/#primaryimage","url":"https:\/\/nuevo-renacer.com\/wp-content\/uploads\/2024\/07\/33259436-schon-blumen-im-ein-sarg-beim-ein-beerdigung-ai-generiert-foto.jpg","contentUrl":"https:\/\/nuevo-renacer.com\/wp-content\/uploads\/2024\/07\/33259436-schon-blumen-im-ein-sarg-beim-ein-beerdigung-ai-generiert-foto.jpg","width":600,"height":400},{"@type":"BreadcrumbList","@id":"https:\/\/nuevo-renacer.com\/por-que-los-espiritas-no-temen-a-la-muerte\/#breadcrumb","itemListElement":[{"@type":"ListItem","position":1,"name":"Startseite","item":"https:\/\/nuevo-renacer.com\/"},{"@type":"ListItem","position":2,"name":"Por qu\u00e9 los esp\u00edritas no temen a la muerte"}]},{"@type":"WebSite","@id":"https:\/\/nuevo-renacer.com\/#website","url":"https:\/\/nuevo-renacer.com\/","name":"Uni\u00f3n Esp\u00edrita","description":"Nuevo Renacer","publisher":{"@id":"https:\/\/nuevo-renacer.com\/#organization"},"potentialAction":[{"@type":"SearchAction","target":{"@type":"EntryPoint","urlTemplate":"https:\/\/nuevo-renacer.com\/?s={search_term_string}"},"query-input":{"@type":"PropertyValueSpecification","valueRequired":true,"valueName":"search_term_string"}}],"inLanguage":"tr"},{"@type":"Organization","@id":"https:\/\/nuevo-renacer.com\/#organization","name":"UFEC","url":"https:\/\/nuevo-renacer.com\/","logo":{"@type":"ImageObject","inLanguage":"tr","@id":"https:\/\/nuevo-renacer.com\/#\/schema\/logo\/image\/","url":"https:\/\/nuevo-renacer.com\/wp-content\/uploads\/2024\/05\/cropped-LOGO-TERMINADO1-3-3.png","contentUrl":"https:\/\/nuevo-renacer.com\/wp-content\/uploads\/2024\/05\/cropped-LOGO-TERMINADO1-3-3.png","width":512,"height":512,"caption":"UFEC"},"image":{"@id":"https:\/\/nuevo-renacer.com\/#\/schema\/logo\/image\/"},"sameAs":["https:\/\/www.facebook.com\/groups\/3431398063740829"]}]}},"uagb_featured_image_src":{"full":["https:\/\/nuevo-renacer.com\/wp-content\/uploads\/2024\/07\/33259436-schon-blumen-im-ein-sarg-beim-ein-beerdigung-ai-generiert-foto.jpg",600,400,false],"thumbnail":["https:\/\/nuevo-renacer.com\/wp-content\/uploads\/2024\/07\/33259436-schon-blumen-im-ein-sarg-beim-ein-beerdigung-ai-generiert-foto-150x150.jpg",150,150,true],"medium":["https:\/\/nuevo-renacer.com\/wp-content\/uploads\/2024\/07\/33259436-schon-blumen-im-ein-sarg-beim-ein-beerdigung-ai-generiert-foto-300x200.jpg",300,200,true],"medium_large":["https:\/\/nuevo-renacer.com\/wp-content\/uploads\/2024\/07\/33259436-schon-blumen-im-ein-sarg-beim-ein-beerdigung-ai-generiert-foto.jpg",600,400,false],"large":["https:\/\/nuevo-renacer.com\/wp-content\/uploads\/2024\/07\/33259436-schon-blumen-im-ein-sarg-beim-ein-beerdigung-ai-generiert-foto.jpg",600,400,false],"1536x1536":["https:\/\/nuevo-renacer.com\/wp-content\/uploads\/2024\/07\/33259436-schon-blumen-im-ein-sarg-beim-ein-beerdigung-ai-generiert-foto.jpg",600,400,false],"2048x2048":["https:\/\/nuevo-renacer.com\/wp-content\/uploads\/2024\/07\/33259436-schon-blumen-im-ein-sarg-beim-ein-beerdigung-ai-generiert-foto.jpg",600,400,false],"trp-custom-language-flag":["https:\/\/nuevo-renacer.com\/wp-content\/uploads\/2024\/07\/33259436-schon-blumen-im-ein-sarg-beim-ein-beerdigung-ai-generiert-foto-18x12.jpg",18,12,true]},"uagb_author_info":{"display_name":"adbv0","author_link":"https:\/\/nuevo-renacer.com\/tr\/author\/adbv0\/"},"uagb_comment_info":0,"uagb_excerpt":"Por qu\u00e9 los esp\u00edritas no temen a la muerte Del libro: El Cielo y el Infierno \u2013 Allan Kardec&nbsp; La doctrina esp\u00edrita modifica por completo la manera de encarar el porvenir. La vida futura ya no es una hip\u00f3tesis, sino una realidad. El estado de las almas despu\u00e9s de la muerte ya no es un&hellip;","jetpack_sharing_enabled":true,"_links":{"self":[{"href":"https:\/\/nuevo-renacer.com\/tr\/wp-json\/wp\/v2\/pages\/3643","targetHints":{"allow":["GET"]}}],"collection":[{"href":"https:\/\/nuevo-renacer.com\/tr\/wp-json\/wp\/v2\/pages"}],"about":[{"href":"https:\/\/nuevo-renacer.com\/tr\/wp-json\/wp\/v2\/types\/page"}],"author":[{"embeddable":true,"href":"https:\/\/nuevo-renacer.com\/tr\/wp-json\/wp\/v2\/users\/1"}],"replies":[{"embeddable":true,"href":"https:\/\/nuevo-renacer.com\/tr\/wp-json\/wp\/v2\/comments?post=3643"}],"version-history":[{"count":3,"href":"https:\/\/nuevo-renacer.com\/tr\/wp-json\/wp\/v2\/pages\/3643\/revisions"}],"predecessor-version":[{"id":8184,"href":"https:\/\/nuevo-renacer.com\/tr\/wp-json\/wp\/v2\/pages\/3643\/revisions\/8184"}],"wp:featuredmedia":[{"embeddable":true,"href":"https:\/\/nuevo-renacer.com\/tr\/wp-json\/wp\/v2\/media\/3644"}],"wp:attachment":[{"href":"https:\/\/nuevo-renacer.com\/tr\/wp-json\/wp\/v2\/media?parent=3643"}],"curies":[{"name":"wp","href":"https:\/\/api.w.org\/{rel}","templated":true}]}}