{"id":3590,"date":"2024-07-10T11:15:25","date_gmt":"2024-07-10T11:15:25","guid":{"rendered":"https:\/\/ufec-mundial.com\/?page_id=3590"},"modified":"2024-12-30T07:28:20","modified_gmt":"2024-12-30T07:28:20","slug":"sufrir-bien-y-sufrir-mal","status":"publish","type":"page","link":"https:\/\/nuevo-renacer.com\/tr\/sufrir-bien-y-sufrir-mal\/","title":{"rendered":"\u0130yi ac\u0131 \u00e7ek ve k\u00f6t\u00fc ac\u0131 \u00e7ek"},"content":{"rendered":"<div class=\"wp-block-uagb-container uagb-block-cbfb419c alignfull uagb-is-root-container\"><div class=\"uagb-container-inner-blocks-wrap\">\n<p class=\"has-black-color has-text-color has-link-color has-medium-font-size wp-elements-935e30b6ba7a88040551fb02337c8481\"><strong>\u0130yi ac\u0131 \u00e7ek ve k\u00f6t\u00fc ac\u0131 \u00e7ek<\/strong><\/p>\n\n\n\n<p class=\"has-black-color has-text-color has-link-color has-medium-font-size wp-elements-ff0b961c60df0ce00d7eba6472de7fe3\"><strong>Kitaptan: Spirit\u00fcalizme G\u00f6re \u0130ncil<\/strong> <strong>&#8211; Allan Kardec<\/strong><\/p>\n<\/div><\/div>\n\n\n\n<div class=\"wp-block-uagb-container uagb-block-8e2a08e6 alignfull uagb-is-root-container\"><div class=\"uagb-container-inner-blocks-wrap\">\n<figure class=\"wp-block-image size-full is-resized\"><img fetchpriority=\"high\" decoding=\"async\" width=\"800\" height=\"533\" src=\"https:\/\/ufec-mundial.com\/wp-content\/uploads\/2024\/07\/motivos-razones-sufrir-tristeza-sufrimiento-malestar-relaciones-amorosas-pareja.jpg\" alt=\"\" class=\"wp-image-3591\" style=\"width:405px;height:auto\" srcset=\"https:\/\/nuevo-renacer.com\/wp-content\/uploads\/2024\/07\/motivos-razones-sufrir-tristeza-sufrimiento-malestar-relaciones-amorosas-pareja.jpg 800w, https:\/\/nuevo-renacer.com\/wp-content\/uploads\/2024\/07\/motivos-razones-sufrir-tristeza-sufrimiento-malestar-relaciones-amorosas-pareja-300x200.jpg 300w, https:\/\/nuevo-renacer.com\/wp-content\/uploads\/2024\/07\/motivos-razones-sufrir-tristeza-sufrimiento-malestar-relaciones-amorosas-pareja-768x512.jpg 768w, https:\/\/nuevo-renacer.com\/wp-content\/uploads\/2024\/07\/motivos-razones-sufrir-tristeza-sufrimiento-malestar-relaciones-amorosas-pareja-18x12.jpg 18w\" sizes=\"(max-width: 800px) 100vw, 800px\" \/><\/figure>\n<\/div><\/div>\n\n\n\n<div class=\"wp-block-uagb-container uagb-block-eb269062 alignfull uagb-is-root-container\"><div class=\"uagb-container-inner-blocks-wrap\">\n<p class=\"has-black-color has-text-color has-link-color has-small-font-size wp-elements-e48bbdc5313e63a1f0c4b8606d881a5e\">Mesih, \u201cNe mutlu ac\u0131 \u00e7ekenlere, \u00e7\u00fcnk\u00fc g\u00f6klerin egemenli\u011fi onlar\u0131nd\u0131r\u201d dedi\u011finde, genel anlamda ac\u0131 \u00e7ekenleri kastetmemi\u015ftir, \u00e7\u00fcnk\u00fc ister tahtta otursunlar ister saman \u00fczerinde uyusunlar, yery\u00fcz\u00fcndeki herkes ac\u0131 \u00e7eker. Ancak ne yaz\u0131k ki, iyi ac\u0131 \u00e7ekenlerin say\u0131s\u0131 \u00e7ok azd\u0131r. Tanr\u0131'n\u0131n Egemenli\u011fi'ne g\u00f6t\u00fcrenin yaln\u0131zca iyi katlan\u0131lan denemeler oldu\u011funu \u00e7ok az ki\u015fi anlar. Cesaretsizlik bir hatad\u0131r. Cesaretiniz olmad\u0131\u011f\u0131nda Tanr\u0131 size teselli vermeyi reddeder. Dua ruh i\u00e7in bir destektir, ama yeterli de\u011fildir; Tanr\u0131'n\u0131n iyili\u011fine olan canl\u0131 bir imanla desteklenmelidir. Tanr\u0131'n\u0131n zay\u0131f s\u0131rtlara a\u011f\u0131r y\u00fckler y\u00fcklemedi\u011fi size s\u0131k s\u0131k s\u00f6ylenmi\u015ftir. Y\u00fck g\u00fc\u00e7le orant\u0131l\u0131d\u0131r, t\u0131pk\u0131 \u00f6d\u00fcl\u00fcn boyun e\u011fme ve cesaretle orant\u0131l\u0131 olaca\u011f\u0131 gibi. S\u0131k\u0131nt\u0131 ne kadar a\u011f\u0131r olursa \u00f6d\u00fcl de o kadar de\u011ferli olacakt\u0131r. Ancak bu \u00f6d\u00fcl hak edilmelidir ve i\u015fte bu y\u00fczden ya\u015fam s\u0131k\u0131nt\u0131larla doludur.<\/p>\n\n\n\n<p class=\"has-black-color has-text-color has-link-color has-small-font-size wp-elements-0dea81c599cdd42cd3926a6e7c81b024\">Ate\u015f hatt\u0131na g\u00f6nderilmeyen asker tatmin olmaz, \u00e7\u00fcnk\u00fc kampta dinlenmek terfi etmesine yard\u0131mc\u0131 olmaz. Bu nedenle siz de asker gibi olun ve bedeninizin k\u00f6relmesi ve ruhunuzun k\u00f6relmesi i\u00e7in dinlenmeye can atmay\u0131n. Tanr\u0131 sizi sava\u015fa g\u00f6nderdi\u011finde, ne\u015feli olun. Bu sava\u015f, sava\u015f ate\u015finde de\u011fil, bazen kanl\u0131 \u00e7arp\u0131\u015fmalardan daha fazla cesarete ihtiya\u00e7 duyulan ya\u015fam\u0131n ac\u0131s\u0131ndad\u0131r, \u00e7\u00fcnk\u00fc d\u00fc\u015fman\u0131n \u00f6n\u00fcnde sa\u011flam duran ki\u015fi, manevi kederin a\u011f\u0131rl\u0131\u011f\u0131 alt\u0131nda bocalayabilir. \u0130nsan bu t\u00fcr bir cesaret i\u00e7in \u00f6d\u00fcl almaz, ama Tanr\u0131 onun i\u00e7in zafer avu\u00e7lar\u0131n\u0131 ve g\u00f6rkemli bir yeri ay\u0131r\u0131r. Ac\u0131 \u00e7ekmek ya da s\u0131k\u0131nt\u0131 \u00e7ekmek i\u00e7in bir nedeniniz oldu\u011funda, bunun \u00fcstesinden gelmeye \u00e7al\u0131\u015f\u0131n ve sab\u0131rs\u0131zl\u0131k, \u00f6fke ya da umutsuzluk d\u00fcrt\u00fclerine hakim oldu\u011funuzda, kendinize adil bir memnuniyetle \u015f\u00f6yle deyin: \u201cBen daha g\u00fc\u00e7l\u00fcyd\u00fcm.<\/p>\n\n\n\n<p class=\"has-black-color has-text-color has-link-color has-small-font-size wp-elements-548bae94a24acf2d98fb6c24369ba572\">Blessed are the afflicted bu nedenle \u015fu \u015fekilde terc\u00fcme edilebilir: \u201c\u0130manlar\u0131n\u0131, kararl\u0131l\u0131klar\u0131n\u0131, sebatlar\u0131n\u0131 ve Tanr\u0131'n\u0131n iradesine boyun e\u011fmelerini s\u0131nama f\u0131rsat\u0131 bulanlara ne mutlu, \u00e7\u00fcnk\u00fc onlar yery\u00fcz\u00fcnde yoksun olduklar\u0131 sevinci y\u00fcz kat\u0131yla elde edecekler ve emeklerinin ard\u0131ndan huzur gelecek\u201d. (Lacordaire. Le Havre, 1863.)<\/p>\n<\/div><\/div>\n\n\n\n<div class=\"wp-block-uagb-container uagb-block-482896ab alignfull uagb-is-root-container\"><div class=\"uagb-container-inner-blocks-wrap\"><\/div><\/div>\n\n\n\n<div class=\"wp-block-uagb-container uagb-block-8bd8b31f alignfull uagb-is-root-container\"><div class=\"uagb-container-inner-blocks-wrap\"><\/div><\/div>","protected":false},"excerpt":{"rendered":"<p>Sufrir bien y sufrir mal Del libro: El Evangelio seg\u00fan el espiritismo &#8211; Allan Kardec Cuando Cristo dijo: \u201cBienaventurados los afligidos, porque de ellos es el reino de los Cielos\u201d, no se refer\u00eda de modo general a los que sufren, pues todos los que est\u00e1n en la Tierra sufren, tanto quienes ocupan un trono como [&hellip;]<\/p>","protected":false},"author":1,"featured_media":3591,"parent":0,"menu_order":0,"comment_status":"closed","ping_status":"closed","template":"","meta":{"_uag_custom_page_level_css":"","site-sidebar-layout":"default","site-content-layout":"","ast-site-content-layout":"default","site-content-style":"default","site-sidebar-style":"default","ast-global-header-display":"","ast-banner-title-visibility":"","ast-main-header-display":"","ast-hfb-above-header-display":"","ast-hfb-below-header-display":"","ast-hfb-mobile-header-display":"","site-post-title":"disabled","ast-breadcrumbs-content":"","ast-featured-img":"","footer-sml-layout":"","theme-transparent-header-meta":"","adv-header-id-meta":"","stick-header-meta":"","header-above-stick-meta":"","header-main-stick-meta":"","header-below-stick-meta":"","astra-migrate-meta-layouts":"set","ast-page-background-enabled":"default","ast-page-background-meta":{"desktop":{"background-color":"var(--ast-global-color-4)","background-image":"","background-repeat":"repeat","background-position":"center center","background-size":"auto","background-attachment":"scroll","background-type":"","background-media":"","overlay-type":"","overlay-color":"","overlay-opacity":"","overlay-gradient":""},"tablet":{"background-color":"","background-image":"","background-repeat":"repeat","background-position":"center center","background-size":"auto","background-attachment":"scroll","background-type":"","background-media":"","overlay-type":"","overlay-color":"","overlay-opacity":"","overlay-gradient":""},"mobile":{"background-color":"","background-image":"","background-repeat":"repeat","background-position":"center center","background-size":"auto","background-attachment":"scroll","background-type":"","background-media":"","overlay-type":"","overlay-color":"","overlay-opacity":"","overlay-gradient":""}},"ast-content-background-meta":{"desktop":{"background-color":"var(--ast-global-color-5)","background-image":"","background-repeat":"repeat","background-position":"center center","background-size":"auto","background-attachment":"scroll","background-type":"","background-media":"","overlay-type":"","overlay-color":"","overlay-opacity":"","overlay-gradient":""},"tablet":{"background-color":"var(--ast-global-color-5)","background-image":"","background-repeat":"repeat","background-position":"center center","background-size":"auto","background-attachment":"scroll","background-type":"","background-media":"","overlay-type":"","overlay-color":"","overlay-opacity":"","overlay-gradient":""},"mobile":{"background-color":"var(--ast-global-color-5)","background-image":"","background-repeat":"repeat","background-position":"center center","background-size":"auto","background-attachment":"scroll","background-type":"","background-media":"","overlay-type":"","overlay-color":"","overlay-opacity":"","overlay-gradient":""}},"footnotes":""},"class_list":["post-3590","page","type-page","status-publish","has-post-thumbnail","hentry"],"yoast_head":"<!-- This site is optimized with the Yoast SEO Premium plugin v24.2 (Yoast SEO v24.6) - https:\/\/yoast.com\/wordpress\/plugins\/seo\/ -->\n<title>Sufrir bien y sufrir mal - Uni\u00f3n Esp\u00edrita<\/title>\n<meta name=\"robots\" content=\"index, follow, max-snippet:-1, max-image-preview:large, max-video-preview:-1\" \/>\n<link rel=\"canonical\" href=\"https:\/\/nuevo-renacer.com\/tr\/sufrir-bien-y-sufrir-mal\/\" \/>\n<meta property=\"og:locale\" content=\"tr_TR\" \/>\n<meta property=\"og:type\" content=\"article\" \/>\n<meta property=\"og:title\" content=\"Sufrir bien y sufrir mal\" \/>\n<meta property=\"og:description\" content=\"Sufrir bien y sufrir mal Del libro: El Evangelio seg\u00fan el espiritismo &#8211; Allan Kardec Cuando Cristo dijo: \u201cBienaventurados los afligidos, porque de ellos es el reino de los Cielos\u201d, no se refer\u00eda de modo general a los que sufren, pues todos los que est\u00e1n en la Tierra sufren, tanto quienes ocupan un trono como [&hellip;]\" \/>\n<meta property=\"og:url\" content=\"https:\/\/nuevo-renacer.com\/tr\/sufrir-bien-y-sufrir-mal\/\" \/>\n<meta property=\"og:site_name\" content=\"Uni\u00f3n Esp\u00edrita\" \/>\n<meta property=\"article:publisher\" content=\"https:\/\/www.facebook.com\/groups\/3431398063740829\" \/>\n<meta property=\"article:modified_time\" content=\"2024-12-30T07:28:20+00:00\" \/>\n<meta property=\"og:image\" content=\"https:\/\/nuevo-renacer.com\/wp-content\/uploads\/2024\/07\/motivos-razones-sufrir-tristeza-sufrimiento-malestar-relaciones-amorosas-pareja.jpg\" \/>\n\t<meta property=\"og:image:width\" content=\"800\" \/>\n\t<meta property=\"og:image:height\" content=\"533\" \/>\n\t<meta property=\"og:image:type\" content=\"image\/jpeg\" \/>\n<meta name=\"twitter:card\" content=\"summary_large_image\" \/>\n<meta name=\"twitter:label1\" content=\"Tahmini okuma s\u00fcresi\" \/>\n\t<meta name=\"twitter:data1\" content=\"2 dakika\" \/>\n<script type=\"application\/ld+json\" class=\"yoast-schema-graph\">{\"@context\":\"https:\/\/schema.org\",\"@graph\":[{\"@type\":\"WebPage\",\"@id\":\"https:\/\/nuevo-renacer.com\/sufrir-bien-y-sufrir-mal\/\",\"url\":\"https:\/\/nuevo-renacer.com\/sufrir-bien-y-sufrir-mal\/\",\"name\":\"Sufrir bien y sufrir mal - Uni\u00f3n Esp\u00edrita\",\"isPartOf\":{\"@id\":\"https:\/\/nuevo-renacer.com\/#website\"},\"primaryImageOfPage\":{\"@id\":\"https:\/\/nuevo-renacer.com\/sufrir-bien-y-sufrir-mal\/#primaryimage\"},\"image\":{\"@id\":\"https:\/\/nuevo-renacer.com\/sufrir-bien-y-sufrir-mal\/#primaryimage\"},\"thumbnailUrl\":\"https:\/\/nuevo-renacer.com\/wp-content\/uploads\/2024\/07\/motivos-razones-sufrir-tristeza-sufrimiento-malestar-relaciones-amorosas-pareja.jpg\",\"datePublished\":\"2024-07-10T11:15:25+00:00\",\"dateModified\":\"2024-12-30T07:28:20+00:00\",\"breadcrumb\":{\"@id\":\"https:\/\/nuevo-renacer.com\/sufrir-bien-y-sufrir-mal\/#breadcrumb\"},\"inLanguage\":\"tr\",\"potentialAction\":[{\"@type\":\"ReadAction\",\"target\":[\"https:\/\/nuevo-renacer.com\/sufrir-bien-y-sufrir-mal\/\"]}]},{\"@type\":\"ImageObject\",\"inLanguage\":\"tr\",\"@id\":\"https:\/\/nuevo-renacer.com\/sufrir-bien-y-sufrir-mal\/#primaryimage\",\"url\":\"https:\/\/nuevo-renacer.com\/wp-content\/uploads\/2024\/07\/motivos-razones-sufrir-tristeza-sufrimiento-malestar-relaciones-amorosas-pareja.jpg\",\"contentUrl\":\"https:\/\/nuevo-renacer.com\/wp-content\/uploads\/2024\/07\/motivos-razones-sufrir-tristeza-sufrimiento-malestar-relaciones-amorosas-pareja.jpg\",\"width\":800,\"height\":533},{\"@type\":\"BreadcrumbList\",\"@id\":\"https:\/\/nuevo-renacer.com\/sufrir-bien-y-sufrir-mal\/#breadcrumb\",\"itemListElement\":[{\"@type\":\"ListItem\",\"position\":1,\"name\":\"Startseite\",\"item\":\"https:\/\/nuevo-renacer.com\/\"},{\"@type\":\"ListItem\",\"position\":2,\"name\":\"Sufrir bien y sufrir mal\"}]},{\"@type\":\"WebSite\",\"@id\":\"https:\/\/nuevo-renacer.com\/#website\",\"url\":\"https:\/\/nuevo-renacer.com\/\",\"name\":\"Uni\u00f3n Esp\u00edrita\",\"description\":\"Nuevo Renacer\",\"publisher\":{\"@id\":\"https:\/\/nuevo-renacer.com\/#organization\"},\"potentialAction\":[{\"@type\":\"SearchAction\",\"target\":{\"@type\":\"EntryPoint\",\"urlTemplate\":\"https:\/\/nuevo-renacer.com\/?s={search_term_string}\"},\"query-input\":{\"@type\":\"PropertyValueSpecification\",\"valueRequired\":true,\"valueName\":\"search_term_string\"}}],\"inLanguage\":\"tr\"},{\"@type\":\"Organization\",\"@id\":\"https:\/\/nuevo-renacer.com\/#organization\",\"name\":\"UFEC\",\"url\":\"https:\/\/nuevo-renacer.com\/\",\"logo\":{\"@type\":\"ImageObject\",\"inLanguage\":\"tr\",\"@id\":\"https:\/\/nuevo-renacer.com\/#\/schema\/logo\/image\/\",\"url\":\"https:\/\/nuevo-renacer.com\/wp-content\/uploads\/2024\/05\/cropped-LOGO-TERMINADO1-3-3.png\",\"contentUrl\":\"https:\/\/nuevo-renacer.com\/wp-content\/uploads\/2024\/05\/cropped-LOGO-TERMINADO1-3-3.png\",\"width\":512,\"height\":512,\"caption\":\"UFEC\"},\"image\":{\"@id\":\"https:\/\/nuevo-renacer.com\/#\/schema\/logo\/image\/\"},\"sameAs\":[\"https:\/\/www.facebook.com\/groups\/3431398063740829\"]}]}<\/script>\n<!-- \/ Yoast SEO Premium plugin. -->","yoast_head_json":{"title":"Sufrir bien y sufrir mal - Uni\u00f3n Esp\u00edrita","robots":{"index":"index","follow":"follow","max-snippet":"max-snippet:-1","max-image-preview":"max-image-preview:large","max-video-preview":"max-video-preview:-1"},"canonical":"https:\/\/nuevo-renacer.com\/tr\/sufrir-bien-y-sufrir-mal\/","og_locale":"tr_TR","og_type":"article","og_title":"Sufrir bien y sufrir mal","og_description":"Sufrir bien y sufrir mal Del libro: El Evangelio seg\u00fan el espiritismo &#8211; Allan Kardec Cuando Cristo dijo: \u201cBienaventurados los afligidos, porque de ellos es el reino de los Cielos\u201d, no se refer\u00eda de modo general a los que sufren, pues todos los que est\u00e1n en la Tierra sufren, tanto quienes ocupan un trono como [&hellip;]","og_url":"https:\/\/nuevo-renacer.com\/tr\/sufrir-bien-y-sufrir-mal\/","og_site_name":"Uni\u00f3n Esp\u00edrita","article_publisher":"https:\/\/www.facebook.com\/groups\/3431398063740829","article_modified_time":"2024-12-30T07:28:20+00:00","og_image":[{"width":800,"height":533,"url":"https:\/\/nuevo-renacer.com\/wp-content\/uploads\/2024\/07\/motivos-razones-sufrir-tristeza-sufrimiento-malestar-relaciones-amorosas-pareja.jpg","type":"image\/jpeg"}],"twitter_card":"summary_large_image","twitter_misc":{"Tahmini okuma s\u00fcresi":"2 dakika"},"schema":{"@context":"https:\/\/schema.org","@graph":[{"@type":"WebPage","@id":"https:\/\/nuevo-renacer.com\/sufrir-bien-y-sufrir-mal\/","url":"https:\/\/nuevo-renacer.com\/sufrir-bien-y-sufrir-mal\/","name":"Sufrir bien y sufrir mal - Uni\u00f3n Esp\u00edrita","isPartOf":{"@id":"https:\/\/nuevo-renacer.com\/#website"},"primaryImageOfPage":{"@id":"https:\/\/nuevo-renacer.com\/sufrir-bien-y-sufrir-mal\/#primaryimage"},"image":{"@id":"https:\/\/nuevo-renacer.com\/sufrir-bien-y-sufrir-mal\/#primaryimage"},"thumbnailUrl":"https:\/\/nuevo-renacer.com\/wp-content\/uploads\/2024\/07\/motivos-razones-sufrir-tristeza-sufrimiento-malestar-relaciones-amorosas-pareja.jpg","datePublished":"2024-07-10T11:15:25+00:00","dateModified":"2024-12-30T07:28:20+00:00","breadcrumb":{"@id":"https:\/\/nuevo-renacer.com\/sufrir-bien-y-sufrir-mal\/#breadcrumb"},"inLanguage":"tr","potentialAction":[{"@type":"ReadAction","target":["https:\/\/nuevo-renacer.com\/sufrir-bien-y-sufrir-mal\/"]}]},{"@type":"ImageObject","inLanguage":"tr","@id":"https:\/\/nuevo-renacer.com\/sufrir-bien-y-sufrir-mal\/#primaryimage","url":"https:\/\/nuevo-renacer.com\/wp-content\/uploads\/2024\/07\/motivos-razones-sufrir-tristeza-sufrimiento-malestar-relaciones-amorosas-pareja.jpg","contentUrl":"https:\/\/nuevo-renacer.com\/wp-content\/uploads\/2024\/07\/motivos-razones-sufrir-tristeza-sufrimiento-malestar-relaciones-amorosas-pareja.jpg","width":800,"height":533},{"@type":"BreadcrumbList","@id":"https:\/\/nuevo-renacer.com\/sufrir-bien-y-sufrir-mal\/#breadcrumb","itemListElement":[{"@type":"ListItem","position":1,"name":"Startseite","item":"https:\/\/nuevo-renacer.com\/"},{"@type":"ListItem","position":2,"name":"Sufrir bien y sufrir mal"}]},{"@type":"WebSite","@id":"https:\/\/nuevo-renacer.com\/#website","url":"https:\/\/nuevo-renacer.com\/","name":"Uni\u00f3n Esp\u00edrita","description":"Nuevo Renacer","publisher":{"@id":"https:\/\/nuevo-renacer.com\/#organization"},"potentialAction":[{"@type":"SearchAction","target":{"@type":"EntryPoint","urlTemplate":"https:\/\/nuevo-renacer.com\/?s={search_term_string}"},"query-input":{"@type":"PropertyValueSpecification","valueRequired":true,"valueName":"search_term_string"}}],"inLanguage":"tr"},{"@type":"Organization","@id":"https:\/\/nuevo-renacer.com\/#organization","name":"UFEC","url":"https:\/\/nuevo-renacer.com\/","logo":{"@type":"ImageObject","inLanguage":"tr","@id":"https:\/\/nuevo-renacer.com\/#\/schema\/logo\/image\/","url":"https:\/\/nuevo-renacer.com\/wp-content\/uploads\/2024\/05\/cropped-LOGO-TERMINADO1-3-3.png","contentUrl":"https:\/\/nuevo-renacer.com\/wp-content\/uploads\/2024\/05\/cropped-LOGO-TERMINADO1-3-3.png","width":512,"height":512,"caption":"UFEC"},"image":{"@id":"https:\/\/nuevo-renacer.com\/#\/schema\/logo\/image\/"},"sameAs":["https:\/\/www.facebook.com\/groups\/3431398063740829"]}]}},"uagb_featured_image_src":{"full":["https:\/\/nuevo-renacer.com\/wp-content\/uploads\/2024\/07\/motivos-razones-sufrir-tristeza-sufrimiento-malestar-relaciones-amorosas-pareja.jpg",800,533,false],"thumbnail":["https:\/\/nuevo-renacer.com\/wp-content\/uploads\/2024\/07\/motivos-razones-sufrir-tristeza-sufrimiento-malestar-relaciones-amorosas-pareja-150x150.jpg",150,150,true],"medium":["https:\/\/nuevo-renacer.com\/wp-content\/uploads\/2024\/07\/motivos-razones-sufrir-tristeza-sufrimiento-malestar-relaciones-amorosas-pareja-300x200.jpg",300,200,true],"medium_large":["https:\/\/nuevo-renacer.com\/wp-content\/uploads\/2024\/07\/motivos-razones-sufrir-tristeza-sufrimiento-malestar-relaciones-amorosas-pareja-768x512.jpg",768,512,true],"large":["https:\/\/nuevo-renacer.com\/wp-content\/uploads\/2024\/07\/motivos-razones-sufrir-tristeza-sufrimiento-malestar-relaciones-amorosas-pareja.jpg",800,533,false],"1536x1536":["https:\/\/nuevo-renacer.com\/wp-content\/uploads\/2024\/07\/motivos-razones-sufrir-tristeza-sufrimiento-malestar-relaciones-amorosas-pareja.jpg",800,533,false],"2048x2048":["https:\/\/nuevo-renacer.com\/wp-content\/uploads\/2024\/07\/motivos-razones-sufrir-tristeza-sufrimiento-malestar-relaciones-amorosas-pareja.jpg",800,533,false],"trp-custom-language-flag":["https:\/\/nuevo-renacer.com\/wp-content\/uploads\/2024\/07\/motivos-razones-sufrir-tristeza-sufrimiento-malestar-relaciones-amorosas-pareja-18x12.jpg",18,12,true]},"uagb_author_info":{"display_name":"adbv0","author_link":"https:\/\/nuevo-renacer.com\/tr\/author\/adbv0\/"},"uagb_comment_info":0,"uagb_excerpt":"Sufrir bien y sufrir mal Del libro: El Evangelio seg\u00fan el espiritismo &#8211; Allan Kardec Cuando Cristo dijo: \u201cBienaventurados los afligidos, porque de ellos es el reino de los Cielos\u201d, no se refer\u00eda de modo general a los que sufren, pues todos los que est\u00e1n en la Tierra sufren, tanto quienes ocupan un trono como&hellip;","jetpack_sharing_enabled":true,"_links":{"self":[{"href":"https:\/\/nuevo-renacer.com\/tr\/wp-json\/wp\/v2\/pages\/3590","targetHints":{"allow":["GET"]}}],"collection":[{"href":"https:\/\/nuevo-renacer.com\/tr\/wp-json\/wp\/v2\/pages"}],"about":[{"href":"https:\/\/nuevo-renacer.com\/tr\/wp-json\/wp\/v2\/types\/page"}],"author":[{"embeddable":true,"href":"https:\/\/nuevo-renacer.com\/tr\/wp-json\/wp\/v2\/users\/1"}],"replies":[{"embeddable":true,"href":"https:\/\/nuevo-renacer.com\/tr\/wp-json\/wp\/v2\/comments?post=3590"}],"version-history":[{"count":4,"href":"https:\/\/nuevo-renacer.com\/tr\/wp-json\/wp\/v2\/pages\/3590\/revisions"}],"predecessor-version":[{"id":6625,"href":"https:\/\/nuevo-renacer.com\/tr\/wp-json\/wp\/v2\/pages\/3590\/revisions\/6625"}],"wp:featuredmedia":[{"embeddable":true,"href":"https:\/\/nuevo-renacer.com\/tr\/wp-json\/wp\/v2\/media\/3591"}],"wp:attachment":[{"href":"https:\/\/nuevo-renacer.com\/tr\/wp-json\/wp\/v2\/media?parent=3590"}],"curies":[{"name":"wp","href":"https:\/\/api.w.org\/{rel}","templated":true}]}}