{"id":3580,"date":"2024-07-10T10:50:57","date_gmt":"2024-07-10T10:50:57","guid":{"rendered":"https:\/\/ufec-mundial.com\/?page_id=3580"},"modified":"2024-12-21T09:49:04","modified_gmt":"2024-12-21T09:49:04","slug":"causas-anteriores-de-las-aflicciones","status":"publish","type":"page","link":"https:\/\/nuevo-renacer.com\/tr\/causas-anteriores-de-las-aflicciones\/","title":{"rendered":"Rahats\u0131zl\u0131klar\u0131n \u00f6nceki nedenleri"},"content":{"rendered":"<div class=\"wp-block-uagb-container uagb-block-1891464a alignfull uagb-is-root-container\"><div class=\"uagb-container-inner-blocks-wrap\">\n<p class=\"has-black-color has-text-color has-link-color has-medium-font-size wp-elements-1717e4c89416566c023da20750552a13\"><strong>Rahats\u0131zl\u0131klar\u0131n \u00f6nceki nedenleri<\/strong><\/p>\n\n\n\n<p class=\"has-black-color has-text-color has-link-color has-medium-font-size wp-elements-37d3320206a9b8afa52629819a26401a\"><strong>Kitaptan: Ruh\u00e7ulu\u011fa g\u00f6re \u0130ncil-Allan Kardec<\/strong><\/p>\n<\/div><\/div>\n\n\n\n<div class=\"wp-block-uagb-container uagb-block-559478b3 alignfull uagb-is-root-container\"><div class=\"uagb-container-inner-blocks-wrap\">\n<figure class=\"wp-block-image size-full is-resized\"><img fetchpriority=\"high\" decoding=\"async\" width=\"770\" height=\"452\" src=\"https:\/\/ufec-mundial.com\/wp-content\/uploads\/2024\/07\/que-se-siente-al-morir-770x452-1.jpg\" alt=\"\" class=\"wp-image-3581\" style=\"width:397px;height:auto\" srcset=\"https:\/\/nuevo-renacer.com\/wp-content\/uploads\/2024\/07\/que-se-siente-al-morir-770x452-1.jpg 770w, https:\/\/nuevo-renacer.com\/wp-content\/uploads\/2024\/07\/que-se-siente-al-morir-770x452-1-300x176.jpg 300w, https:\/\/nuevo-renacer.com\/wp-content\/uploads\/2024\/07\/que-se-siente-al-morir-770x452-1-768x451.jpg 768w, https:\/\/nuevo-renacer.com\/wp-content\/uploads\/2024\/07\/que-se-siente-al-morir-770x452-1-18x12.jpg 18w\" sizes=\"(max-width: 770px) 100vw, 770px\" \/><\/figure>\n<\/div><\/div>\n\n\n\n<div class=\"wp-block-uagb-container uagb-block-096875d6 alignfull uagb-is-root-container\"><div class=\"uagb-container-inner-blocks-wrap\">\n<p class=\"has-black-color has-text-color has-link-color has-small-font-size wp-elements-4091fb8828b690bb9cb5bcad53c0ba41\">Her ne kadar bu hayatta as\u0131l nedeni insan olan k\u00f6t\u00fcl\u00fckler olsa da, en az\u0131ndan g\u00f6r\u00fcn\u00fc\u015fte yabanc\u0131 dolu oldu\u011fu ve sizi kaderin eseri gibi etkiledi\u011fi ba\u015fkalar\u0131 da var. Onlar, \u00f6rne\u011fin, sevdiklerinin kayb\u0131 ve ailenin ge\u00e7im kayna\u011f\u0131d\u0131r. Ayn\u0131 zamanda hi\u00e7bir tahminin \u00f6nlenemeyece\u011fi kazalard\u0131r; T\u00fcm ihtiyat tedbirlerini h\u00fcsrana u\u011fratan servetin tersine d\u00f6nmesi; do\u011fal zararl\u0131lar, hastal\u0131klar, do\u011fum, \u00f6zellikle sizi i\u015flerinden ge\u00e7imini sa\u011flaman\u0131n pek \u00e7ok sefil arac\u0131na g\u00f6t\u00fcrenler: deformiteler, aptall\u0131k, kretinizm vb<\/p>\n\n\n\n<p class=\"has-black-color has-text-color has-link-color has-small-font-size wp-elements-49102740a2c57afddfd2ce3b0a7d8051\">Bu ko\u015fullarda do\u011fanlar, bu hayatta kesinlikle, size tazminat \u00f6demeden, ka\u00e7\u0131namayacaklar\u0131, kendi ba\u015flar\u0131na de\u011fi\u015fmeleri imkans\u0131z olan ve bu onlar\u0131 halk\u0131n sempatisinin insaf\u0131na b\u0131rakan \u015fansl\u0131, \u00e7ok \u00fcz\u00fcc\u00fc bir \u015feyi hak edecek hi\u00e7bir \u015fey yapmad\u0131n\u0131z. \u00d6yleyse neden o kadar talihsiz varl\u0131klar var ki, onun yan\u0131nda, ayn\u0131 \u00e7at\u0131 alt\u0131nda ve ayn\u0131 ailede her anlamda ba\u015fka iyilikler varken?<\/p>\n\n\n\n<p class=\"has-black-color has-text-color has-link-color has-small-font-size wp-elements-3c5d3afdec79cd42f9c63419bc2a5c62\">K\u00fc\u00e7\u00fck ya\u015fta \u00f6len, hayat\u0131 ac\u0131lardan daha fazla bilmeyen \u00e7ocuklara ne diyece\u011fiz? Bunlar, hi\u00e7bir felsefenin hi\u00e7bir dinin hakl\u0131 \u00e7\u0131karamad\u0131\u011f\u0131 anormallikleri \u00e7\u00f6zemedi\u011fi sorunlard\u0131r ve bu, ruhun ayn\u0131 zamanda yarat\u0131ld\u0131\u011f\u0131 hipotezinde Tanr\u0131&#039;n\u0131n iyili\u011finin, adaletinin ve takdirinin inkar edilmesi olacakt\u0131r. bedenle ayn\u0131 zamanda ve kaderinin geri al\u0131namaz bir \u015fekilde d\u00fcnyada birka\u00e7 dakika kald\u0131ktan sonra d\u00fczeltildi. Yaradan&#039;\u0131n elinden yeni \u00e7\u0131km\u0131\u015f olan bu ruhlara, siz ne iyilik ne de k\u00f6t\u00fcl\u00fck yapamam\u0131\u015fken, gelecekte bir \u00f6d\u00fcl veya cezay\u0131 hak edecek kadar bu d\u00fcnyada bu kadar sefalet \u00e7ekmeleri i\u00e7in ne yapt\u0131k?<\/p>\n\n\n\n<p class=\"has-black-color has-text-color has-link-color has-small-font-size wp-elements-d0615d06185b189f7eed6420d6b71104\">Sonu\u00e7 olarak, her etkinin bir nedeni oldu\u011fu aksiyom sayesinde, bu sefaletlerin etkilerinin bir nedeni olmal\u0131d\u0131r; ve adil bir Tanr\u0131n\u0131n varl\u0131\u011f\u0131n\u0131 kabul etti\u011fimiz andan itibaren bu neden de adil olmal\u0131d\u0131r. \u015eimdi, neden her zaman etkiden \u00f6nce geldi\u011finden, e\u011fer bu \u015fimdiki ya\u015famda de\u011filse, bu ya\u015famdan daha erken olmal\u0131, yani var olan bir emsalin \u00fcyesi olmal\u0131s\u0131n\u0131z.<\/p>\n\n\n\n<p class=\"has-black-color has-text-color has-link-color has-small-font-size wp-elements-47bee048b6bfcaa4c89bde7a794ac2b7\">\u00d6te yandan, Tanr\u0131&#039;n\u0131n bir kimseyi yapt\u0131\u011f\u0131 iyilik ya da yapt\u0131\u011f\u0131 yanl\u0131\u015f i\u00e7in cezaland\u0131rmas\u0131 m\u00fcmk\u00fcn olmad\u0131\u011f\u0131ndan, cezaland\u0131r\u0131l\u0131rsak, bunun nedeni yanl\u0131\u015f yapm\u0131\u015f olmam\u0131zd\u0131r. E\u011fer bu hayatta yanl\u0131\u015f yapmad\u0131ysak, bunu ba\u015fka bir hayatta yapt\u0131k. Mant\u0131\u011f\u0131n hangi taraf\u0131n Tanr\u0131&#039;n\u0131n adaleti oldu\u011funu belirledi\u011fi bu alternatiften kimse ka\u00e7amaz.<\/p>\n\n\n\n<p class=\"has-black-color has-text-color has-link-color has-small-font-size wp-elements-7261f7bceb71d378b4ad34a9ae194a70\">Bu nedenle, adam mevcut varl\u0131\u011f\u0131nda cezaland\u0131r\u0131lmaz veya tamamen cezaland\u0131r\u0131lmaz, ancak hatalar\u0131n\u0131n sonu\u00e7lar\u0131ndan asla ka\u00e7maz. K\u00f6t\u00fclerin refah\u0131 sadece anl\u0131kt\u0131r, \u00e7\u00fcnk\u00fc bug\u00fcn i\u00e7in kefaret vermezseniz, sabah i\u00e7in kefaret vermek, ac\u0131 \u00e7eken ise ge\u00e7mi\u015finin kefaretidir. \u0130lk ba\u015fta hak edilmemi\u015f g\u00f6r\u00fcnen talihsizlik, bu nedenle varl\u0131k nedeni ve ac\u0131 \u00e7eken her durumda \u015funu s\u00f6yleyebilir:\u201dBeni affet Tanr\u0131m, g\u00fcnah i\u015fledi\u011fim i\u00e7in&#034;.<\/p>\n<\/div><\/div>\n\n\n\n<div class=\"wp-block-uagb-container uagb-block-61d1aca5 alignfull uagb-is-root-container\"><div class=\"uagb-container-inner-blocks-wrap\"><\/div><\/div>\n\n\n\n<div class=\"wp-block-uagb-container uagb-block-b6ed6ada alignfull uagb-is-root-container\"><div class=\"uagb-container-inner-blocks-wrap\"><\/div><\/div>","protected":false},"excerpt":{"rendered":"<p>Causas anteriores de las aflicciones Del libro: El Evangelio seg\u00fan el espiritismo \u2013 Allan Kardec Si bien en esta vida existen males cuya causa principal es el hombre, hay otros a los que es ajeno por completo, al menos en apariencia, y que parecen afectarlo como por obra de la fatalidad. Son ellos, por ejemplo, [&hellip;]<\/p>","protected":false},"author":1,"featured_media":3581,"parent":0,"menu_order":0,"comment_status":"closed","ping_status":"closed","template":"","meta":{"_uag_custom_page_level_css":"","site-sidebar-layout":"default","site-content-layout":"","ast-site-content-layout":"default","site-content-style":"default","site-sidebar-style":"default","ast-global-header-display":"","ast-banner-title-visibility":"","ast-main-header-display":"","ast-hfb-above-header-display":"","ast-hfb-below-header-display":"","ast-hfb-mobile-header-display":"","site-post-title":"disabled","ast-breadcrumbs-content":"","ast-featured-img":"","footer-sml-layout":"","theme-transparent-header-meta":"","adv-header-id-meta":"","stick-header-meta":"","header-above-stick-meta":"","header-main-stick-meta":"","header-below-stick-meta":"","astra-migrate-meta-layouts":"set","ast-page-background-enabled":"default","ast-page-background-meta":{"desktop":{"background-color":"var(--ast-global-color-4)","background-image":"","background-repeat":"repeat","background-position":"center center","background-size":"auto","background-attachment":"scroll","background-type":"","background-media":"","overlay-type":"","overlay-color":"","overlay-opacity":"","overlay-gradient":""},"tablet":{"background-color":"","background-image":"","background-repeat":"repeat","background-position":"center center","background-size":"auto","background-attachment":"scroll","background-type":"","background-media":"","overlay-type":"","overlay-color":"","overlay-opacity":"","overlay-gradient":""},"mobile":{"background-color":"","background-image":"","background-repeat":"repeat","background-position":"center center","background-size":"auto","background-attachment":"scroll","background-type":"","background-media":"","overlay-type":"","overlay-color":"","overlay-opacity":"","overlay-gradient":""}},"ast-content-background-meta":{"desktop":{"background-color":"var(--ast-global-color-5)","background-image":"","background-repeat":"repeat","background-position":"center center","background-size":"auto","background-attachment":"scroll","background-type":"","background-media":"","overlay-type":"","overlay-color":"","overlay-opacity":"","overlay-gradient":""},"tablet":{"background-color":"var(--ast-global-color-5)","background-image":"","background-repeat":"repeat","background-position":"center center","background-size":"auto","background-attachment":"scroll","background-type":"","background-media":"","overlay-type":"","overlay-color":"","overlay-opacity":"","overlay-gradient":""},"mobile":{"background-color":"var(--ast-global-color-5)","background-image":"","background-repeat":"repeat","background-position":"center center","background-size":"auto","background-attachment":"scroll","background-type":"","background-media":"","overlay-type":"","overlay-color":"","overlay-opacity":"","overlay-gradient":""}},"footnotes":""},"class_list":["post-3580","page","type-page","status-publish","has-post-thumbnail","hentry"],"yoast_head":"<!-- This site is optimized with the Yoast SEO Premium plugin v24.2 (Yoast SEO v24.6) - https:\/\/yoast.com\/wordpress\/plugins\/seo\/ -->\n<title>Causas anteriores de las aflicciones - Uni\u00f3n Esp\u00edrita<\/title>\n<meta name=\"robots\" content=\"index, follow, max-snippet:-1, max-image-preview:large, max-video-preview:-1\" \/>\n<link rel=\"canonical\" href=\"https:\/\/nuevo-renacer.com\/tr\/causas-anteriores-de-las-aflicciones\/\" \/>\n<meta property=\"og:locale\" content=\"tr_TR\" \/>\n<meta property=\"og:type\" content=\"article\" \/>\n<meta property=\"og:title\" content=\"Causas anteriores de las aflicciones\" \/>\n<meta property=\"og:description\" content=\"Causas anteriores de las aflicciones Del libro: El Evangelio seg\u00fan el espiritismo \u2013 Allan Kardec Si bien en esta vida existen males cuya causa principal es el hombre, hay otros a los que es ajeno por completo, al menos en apariencia, y que parecen afectarlo como por obra de la fatalidad. Son ellos, por ejemplo, [&hellip;]\" \/>\n<meta property=\"og:url\" content=\"https:\/\/nuevo-renacer.com\/tr\/causas-anteriores-de-las-aflicciones\/\" \/>\n<meta property=\"og:site_name\" content=\"Uni\u00f3n Esp\u00edrita\" \/>\n<meta property=\"article:publisher\" content=\"https:\/\/www.facebook.com\/groups\/3431398063740829\" \/>\n<meta property=\"article:modified_time\" content=\"2024-12-21T09:49:04+00:00\" \/>\n<meta property=\"og:image\" content=\"https:\/\/nuevo-renacer.com\/wp-content\/uploads\/2024\/07\/que-se-siente-al-morir-770x452-1.jpg\" \/>\n\t<meta property=\"og:image:width\" content=\"770\" \/>\n\t<meta property=\"og:image:height\" content=\"452\" \/>\n\t<meta property=\"og:image:type\" content=\"image\/jpeg\" \/>\n<meta name=\"twitter:card\" content=\"summary_large_image\" \/>\n<meta name=\"twitter:label1\" content=\"Tahmini okuma s\u00fcresi\" \/>\n\t<meta name=\"twitter:data1\" content=\"3 dakika\" \/>\n<script type=\"application\/ld+json\" class=\"yoast-schema-graph\">{\"@context\":\"https:\/\/schema.org\",\"@graph\":[{\"@type\":\"WebPage\",\"@id\":\"https:\/\/nuevo-renacer.com\/causas-anteriores-de-las-aflicciones\/\",\"url\":\"https:\/\/nuevo-renacer.com\/causas-anteriores-de-las-aflicciones\/\",\"name\":\"Causas anteriores de las aflicciones - Uni\u00f3n Esp\u00edrita\",\"isPartOf\":{\"@id\":\"https:\/\/nuevo-renacer.com\/#website\"},\"primaryImageOfPage\":{\"@id\":\"https:\/\/nuevo-renacer.com\/causas-anteriores-de-las-aflicciones\/#primaryimage\"},\"image\":{\"@id\":\"https:\/\/nuevo-renacer.com\/causas-anteriores-de-las-aflicciones\/#primaryimage\"},\"thumbnailUrl\":\"https:\/\/nuevo-renacer.com\/wp-content\/uploads\/2024\/07\/que-se-siente-al-morir-770x452-1.jpg\",\"datePublished\":\"2024-07-10T10:50:57+00:00\",\"dateModified\":\"2024-12-21T09:49:04+00:00\",\"breadcrumb\":{\"@id\":\"https:\/\/nuevo-renacer.com\/causas-anteriores-de-las-aflicciones\/#breadcrumb\"},\"inLanguage\":\"tr\",\"potentialAction\":[{\"@type\":\"ReadAction\",\"target\":[\"https:\/\/nuevo-renacer.com\/causas-anteriores-de-las-aflicciones\/\"]}]},{\"@type\":\"ImageObject\",\"inLanguage\":\"tr\",\"@id\":\"https:\/\/nuevo-renacer.com\/causas-anteriores-de-las-aflicciones\/#primaryimage\",\"url\":\"https:\/\/nuevo-renacer.com\/wp-content\/uploads\/2024\/07\/que-se-siente-al-morir-770x452-1.jpg\",\"contentUrl\":\"https:\/\/nuevo-renacer.com\/wp-content\/uploads\/2024\/07\/que-se-siente-al-morir-770x452-1.jpg\",\"width\":770,\"height\":452},{\"@type\":\"BreadcrumbList\",\"@id\":\"https:\/\/nuevo-renacer.com\/causas-anteriores-de-las-aflicciones\/#breadcrumb\",\"itemListElement\":[{\"@type\":\"ListItem\",\"position\":1,\"name\":\"Startseite\",\"item\":\"https:\/\/nuevo-renacer.com\/\"},{\"@type\":\"ListItem\",\"position\":2,\"name\":\"Causas anteriores de las aflicciones\"}]},{\"@type\":\"WebSite\",\"@id\":\"https:\/\/nuevo-renacer.com\/#website\",\"url\":\"https:\/\/nuevo-renacer.com\/\",\"name\":\"Uni\u00f3n Esp\u00edrita\",\"description\":\"Nuevo Renacer\",\"publisher\":{\"@id\":\"https:\/\/nuevo-renacer.com\/#organization\"},\"potentialAction\":[{\"@type\":\"SearchAction\",\"target\":{\"@type\":\"EntryPoint\",\"urlTemplate\":\"https:\/\/nuevo-renacer.com\/?s={search_term_string}\"},\"query-input\":{\"@type\":\"PropertyValueSpecification\",\"valueRequired\":true,\"valueName\":\"search_term_string\"}}],\"inLanguage\":\"tr\"},{\"@type\":\"Organization\",\"@id\":\"https:\/\/nuevo-renacer.com\/#organization\",\"name\":\"UFEC\",\"url\":\"https:\/\/nuevo-renacer.com\/\",\"logo\":{\"@type\":\"ImageObject\",\"inLanguage\":\"tr\",\"@id\":\"https:\/\/nuevo-renacer.com\/#\/schema\/logo\/image\/\",\"url\":\"https:\/\/nuevo-renacer.com\/wp-content\/uploads\/2024\/05\/cropped-LOGO-TERMINADO1-3-3.png\",\"contentUrl\":\"https:\/\/nuevo-renacer.com\/wp-content\/uploads\/2024\/05\/cropped-LOGO-TERMINADO1-3-3.png\",\"width\":512,\"height\":512,\"caption\":\"UFEC\"},\"image\":{\"@id\":\"https:\/\/nuevo-renacer.com\/#\/schema\/logo\/image\/\"},\"sameAs\":[\"https:\/\/www.facebook.com\/groups\/3431398063740829\"]}]}<\/script>\n<!-- \/ Yoast SEO Premium plugin. -->","yoast_head_json":{"title":"Causas anteriores de las aflicciones - Uni\u00f3n Esp\u00edrita","robots":{"index":"index","follow":"follow","max-snippet":"max-snippet:-1","max-image-preview":"max-image-preview:large","max-video-preview":"max-video-preview:-1"},"canonical":"https:\/\/nuevo-renacer.com\/tr\/causas-anteriores-de-las-aflicciones\/","og_locale":"tr_TR","og_type":"article","og_title":"Causas anteriores de las aflicciones","og_description":"Causas anteriores de las aflicciones Del libro: El Evangelio seg\u00fan el espiritismo \u2013 Allan Kardec Si bien en esta vida existen males cuya causa principal es el hombre, hay otros a los que es ajeno por completo, al menos en apariencia, y que parecen afectarlo como por obra de la fatalidad. Son ellos, por ejemplo, [&hellip;]","og_url":"https:\/\/nuevo-renacer.com\/tr\/causas-anteriores-de-las-aflicciones\/","og_site_name":"Uni\u00f3n Esp\u00edrita","article_publisher":"https:\/\/www.facebook.com\/groups\/3431398063740829","article_modified_time":"2024-12-21T09:49:04+00:00","og_image":[{"width":770,"height":452,"url":"https:\/\/nuevo-renacer.com\/wp-content\/uploads\/2024\/07\/que-se-siente-al-morir-770x452-1.jpg","type":"image\/jpeg"}],"twitter_card":"summary_large_image","twitter_misc":{"Tahmini okuma s\u00fcresi":"3 dakika"},"schema":{"@context":"https:\/\/schema.org","@graph":[{"@type":"WebPage","@id":"https:\/\/nuevo-renacer.com\/causas-anteriores-de-las-aflicciones\/","url":"https:\/\/nuevo-renacer.com\/causas-anteriores-de-las-aflicciones\/","name":"Causas anteriores de las aflicciones - Uni\u00f3n Esp\u00edrita","isPartOf":{"@id":"https:\/\/nuevo-renacer.com\/#website"},"primaryImageOfPage":{"@id":"https:\/\/nuevo-renacer.com\/causas-anteriores-de-las-aflicciones\/#primaryimage"},"image":{"@id":"https:\/\/nuevo-renacer.com\/causas-anteriores-de-las-aflicciones\/#primaryimage"},"thumbnailUrl":"https:\/\/nuevo-renacer.com\/wp-content\/uploads\/2024\/07\/que-se-siente-al-morir-770x452-1.jpg","datePublished":"2024-07-10T10:50:57+00:00","dateModified":"2024-12-21T09:49:04+00:00","breadcrumb":{"@id":"https:\/\/nuevo-renacer.com\/causas-anteriores-de-las-aflicciones\/#breadcrumb"},"inLanguage":"tr","potentialAction":[{"@type":"ReadAction","target":["https:\/\/nuevo-renacer.com\/causas-anteriores-de-las-aflicciones\/"]}]},{"@type":"ImageObject","inLanguage":"tr","@id":"https:\/\/nuevo-renacer.com\/causas-anteriores-de-las-aflicciones\/#primaryimage","url":"https:\/\/nuevo-renacer.com\/wp-content\/uploads\/2024\/07\/que-se-siente-al-morir-770x452-1.jpg","contentUrl":"https:\/\/nuevo-renacer.com\/wp-content\/uploads\/2024\/07\/que-se-siente-al-morir-770x452-1.jpg","width":770,"height":452},{"@type":"BreadcrumbList","@id":"https:\/\/nuevo-renacer.com\/causas-anteriores-de-las-aflicciones\/#breadcrumb","itemListElement":[{"@type":"ListItem","position":1,"name":"Startseite","item":"https:\/\/nuevo-renacer.com\/"},{"@type":"ListItem","position":2,"name":"Causas anteriores de las aflicciones"}]},{"@type":"WebSite","@id":"https:\/\/nuevo-renacer.com\/#website","url":"https:\/\/nuevo-renacer.com\/","name":"Uni\u00f3n Esp\u00edrita","description":"Nuevo Renacer","publisher":{"@id":"https:\/\/nuevo-renacer.com\/#organization"},"potentialAction":[{"@type":"SearchAction","target":{"@type":"EntryPoint","urlTemplate":"https:\/\/nuevo-renacer.com\/?s={search_term_string}"},"query-input":{"@type":"PropertyValueSpecification","valueRequired":true,"valueName":"search_term_string"}}],"inLanguage":"tr"},{"@type":"Organization","@id":"https:\/\/nuevo-renacer.com\/#organization","name":"UFEC","url":"https:\/\/nuevo-renacer.com\/","logo":{"@type":"ImageObject","inLanguage":"tr","@id":"https:\/\/nuevo-renacer.com\/#\/schema\/logo\/image\/","url":"https:\/\/nuevo-renacer.com\/wp-content\/uploads\/2024\/05\/cropped-LOGO-TERMINADO1-3-3.png","contentUrl":"https:\/\/nuevo-renacer.com\/wp-content\/uploads\/2024\/05\/cropped-LOGO-TERMINADO1-3-3.png","width":512,"height":512,"caption":"UFEC"},"image":{"@id":"https:\/\/nuevo-renacer.com\/#\/schema\/logo\/image\/"},"sameAs":["https:\/\/www.facebook.com\/groups\/3431398063740829"]}]}},"uagb_featured_image_src":{"full":["https:\/\/nuevo-renacer.com\/wp-content\/uploads\/2024\/07\/que-se-siente-al-morir-770x452-1.jpg",770,452,false],"thumbnail":["https:\/\/nuevo-renacer.com\/wp-content\/uploads\/2024\/07\/que-se-siente-al-morir-770x452-1-150x150.jpg",150,150,true],"medium":["https:\/\/nuevo-renacer.com\/wp-content\/uploads\/2024\/07\/que-se-siente-al-morir-770x452-1-300x176.jpg",300,176,true],"medium_large":["https:\/\/nuevo-renacer.com\/wp-content\/uploads\/2024\/07\/que-se-siente-al-morir-770x452-1-768x451.jpg",768,451,true],"large":["https:\/\/nuevo-renacer.com\/wp-content\/uploads\/2024\/07\/que-se-siente-al-morir-770x452-1.jpg",770,452,false],"1536x1536":["https:\/\/nuevo-renacer.com\/wp-content\/uploads\/2024\/07\/que-se-siente-al-morir-770x452-1.jpg",770,452,false],"2048x2048":["https:\/\/nuevo-renacer.com\/wp-content\/uploads\/2024\/07\/que-se-siente-al-morir-770x452-1.jpg",770,452,false],"trp-custom-language-flag":["https:\/\/nuevo-renacer.com\/wp-content\/uploads\/2024\/07\/que-se-siente-al-morir-770x452-1-18x12.jpg",18,12,true]},"uagb_author_info":{"display_name":"adbv0","author_link":"https:\/\/nuevo-renacer.com\/tr\/author\/adbv0\/"},"uagb_comment_info":0,"uagb_excerpt":"Causas anteriores de las aflicciones Del libro: El Evangelio seg\u00fan el espiritismo \u2013 Allan Kardec Si bien en esta vida existen males cuya causa principal es el hombre, hay otros a los que es ajeno por completo, al menos en apariencia, y que parecen afectarlo como por obra de la fatalidad. Son ellos, por ejemplo,&hellip;","jetpack_sharing_enabled":true,"_links":{"self":[{"href":"https:\/\/nuevo-renacer.com\/tr\/wp-json\/wp\/v2\/pages\/3580","targetHints":{"allow":["GET"]}}],"collection":[{"href":"https:\/\/nuevo-renacer.com\/tr\/wp-json\/wp\/v2\/pages"}],"about":[{"href":"https:\/\/nuevo-renacer.com\/tr\/wp-json\/wp\/v2\/types\/page"}],"author":[{"embeddable":true,"href":"https:\/\/nuevo-renacer.com\/tr\/wp-json\/wp\/v2\/users\/1"}],"replies":[{"embeddable":true,"href":"https:\/\/nuevo-renacer.com\/tr\/wp-json\/wp\/v2\/comments?post=3580"}],"version-history":[{"count":3,"href":"https:\/\/nuevo-renacer.com\/tr\/wp-json\/wp\/v2\/pages\/3580\/revisions"}],"predecessor-version":[{"id":6593,"href":"https:\/\/nuevo-renacer.com\/tr\/wp-json\/wp\/v2\/pages\/3580\/revisions\/6593"}],"wp:featuredmedia":[{"embeddable":true,"href":"https:\/\/nuevo-renacer.com\/tr\/wp-json\/wp\/v2\/media\/3581"}],"wp:attachment":[{"href":"https:\/\/nuevo-renacer.com\/tr\/wp-json\/wp\/v2\/media?parent=3580"}],"curies":[{"name":"wp","href":"https:\/\/api.w.org\/{rel}","templated":true}]}}