{"id":3574,"date":"2024-07-10T09:49:22","date_gmt":"2024-07-10T09:49:22","guid":{"rendered":"https:\/\/ufec-mundial.com\/?page_id=3574"},"modified":"2024-12-21T09:21:24","modified_gmt":"2024-12-21T09:21:24","slug":"mundos-inferiores","status":"publish","type":"page","link":"https:\/\/nuevo-renacer.com\/tr\/mundos-inferiores\/","title":{"rendered":"A\u015fa\u011f\u0131 D\u00fcnyalar"},"content":{"rendered":"<div class=\"wp-block-uagb-container uagb-block-163a6e63 alignfull uagb-is-root-container\"><div class=\"uagb-container-inner-blocks-wrap\">\n<p class=\"has-black-color has-text-color has-link-color has-medium-font-size wp-elements-d59dba5ad3f17ba93bbf6fcd6a100d7d\"><strong>A\u015fa\u011f\u0131 D\u00fcnyalar<\/strong><\/p>\n<\/div><\/div>\n\n\n\n<div class=\"wp-block-uagb-container uagb-block-d8b32473 alignfull uagb-is-root-container\"><div class=\"uagb-container-inner-blocks-wrap\">\n<figure class=\"wp-block-image size-full is-resized\"><img fetchpriority=\"high\" decoding=\"async\" width=\"1000\" height=\"563\" src=\"https:\/\/ufec-mundial.com\/wp-content\/uploads\/2024\/07\/nuestro-hogar-nosso-lar-chico-xavier-wagner-de-assis-03.jpg\" alt=\"\" class=\"wp-image-3576\" style=\"width:389px;height:auto\" srcset=\"https:\/\/nuevo-renacer.com\/wp-content\/uploads\/2024\/07\/nuestro-hogar-nosso-lar-chico-xavier-wagner-de-assis-03.jpg 1000w, https:\/\/nuevo-renacer.com\/wp-content\/uploads\/2024\/07\/nuestro-hogar-nosso-lar-chico-xavier-wagner-de-assis-03-300x169.jpg 300w, https:\/\/nuevo-renacer.com\/wp-content\/uploads\/2024\/07\/nuestro-hogar-nosso-lar-chico-xavier-wagner-de-assis-03-768x432.jpg 768w, https:\/\/nuevo-renacer.com\/wp-content\/uploads\/2024\/07\/nuestro-hogar-nosso-lar-chico-xavier-wagner-de-assis-03-18x10.jpg 18w\" sizes=\"(max-width: 1000px) 100vw, 1000px\" \/><\/figure>\n<\/div><\/div>\n\n\n\n<div class=\"wp-block-uagb-container uagb-block-718a286f alignfull uagb-is-root-container\"><div class=\"uagb-container-inner-blocks-wrap\">\n<p class=\"has-black-color has-text-color has-link-color has-small-font-size wp-elements-076cd3ed042096084e9d361cd5e29a59\">A\u015fa\u011f\u0131l\u0131k olarak kabul edilen, sakinlerin ilkel bir durumda ya\u015fad\u0131\u011f\u0131, ilkel kavramlara sahip, sakinlerinin vah\u015fi \u0131rklar durumunda oldu\u011fu d\u00fcnyalar vard\u0131r; Var olan duygu hayatta kalmak ve ya\u015fam\u0131n ve yiyece\u011fin korunmas\u0131 i\u00e7in g\u00fcnl\u00fck m\u00fccadeledir. Bu alt d\u00fcnyalarda adalet, dayan\u0131\u015fma, bir arada ya\u015fama, karde\u015flik, g\u00fczellik, uyum ve denge kavram\u0131 yoktur. Bu d\u00fcnyada ya\u015fayan varl\u0131klar, kaba kuvvetin yasa oldu\u011fu bir stadyum ilkel hayvanl\u0131\u011f\u0131ndad\u0131r. Bilgi eksikli\u011fi, al\u0131\u015fkanl\u0131klar ilkel ve kabad\u0131r ve insan formunu g\u00fczellik olmadan giyerler. Ba\u015ftan \u00e7\u0131kar\u0131c\u0131 malzemeler hakimdir. Varl\u0131\u011f\u0131 herhangi bir maddi olan alt d\u00fcnyalarda, tutkular y\u00fcce h\u00fck\u00fcm s\u00fcrer, ahlaki ya\u015fam neredeyse yoktur ve canl\u0131lar fiziksel ve ahlaki olarak a\u015fa\u011f\u0131l\u0131kt\u0131r.<\/p>\n\n\n\n<p class=\"has-black-color has-text-color has-link-color has-small-font-size wp-elements-54d5faba6e5d2c81f1e738a7de5ccea6\">Var olan farkl\u0131 d\u00fcnyalar, farkl\u0131 bir seviyeye ilerlememize izin verir. Reenkarnasyon, ruhun yarat\u0131ld\u0131\u011f\u0131 evrimi elde etmek i\u00e7in \u00f6\u011frenmesini ve geli\u015ftirmesini sa\u011flar. Ahlak\u0131m\u0131z\u0131, bilgimizi, uygulamam\u0131z\u0131, \u00f6\u011frenmemizi, b\u00fcy\u00fcmemizi ve geli\u015fmemizi say\u0131s\u0131z enkarnasyon yoluyla geli\u015ftiririz. Ruhlar, evrim seviyenize g\u00f6re farkl\u0131 d\u00fcnyalarda say\u0131s\u0131z varolu\u015ftan ge\u00e7er. Her enkarnasyon, e\u011fitiminizle uyumlu, ahlaki ve entelekt\u00fcel bir d\u00fcnyaya g\u00f6nderilir. Bir d\u00fcnyada enkarne olan Ruhlar ona s\u00fcresiz olarak ba\u011fl\u0131 de\u011fildir veya ilerlemesinin t\u00fcm a\u015famalar\u0131ndan ge\u00e7mezler. Bir d\u00fcnyada ilerleme seviyesine ula\u015ft\u0131\u011f\u0131nda, d\u00fcnyan\u0131n, i\u00e7inde bulunduklar\u0131 ayn\u0131 seviyede ve ayarda daha geli\u015fmi\u015f olan ba\u015fka bir d\u00fcnyaya ge\u00e7mesi beklenir.<\/p>\n\n\n\n<p class=\"has-black-color has-text-color has-link-color has-small-font-size wp-elements-fab7c9ed4b7337a2c929cb66e70e3dfd\">Her d\u00fcnya, i\u00e7inde ya\u015fayanlara ya\u015fam ve gezegen i\u00e7in do\u011fru ko\u015fullar\u0131 sunar ve hayati ihtiya\u00e7lar bir gezegenden di\u011ferine farkl\u0131d\u0131r. Her varl\u0131\u011f\u0131n evrimi \u00f6zellikle bir devrimdir, neyin de\u011fi\u015fmesi gerekti\u011fini anlamak i\u00e7in fark\u0131ndal\u0131\u011fa ve bilgiye sahip olmal\u0131s\u0131n\u0131z, geli\u015fmek i\u00e7in yeniden \u00f6\u011frenmeli ve istifa etmeliyiz. Zaman her varl\u0131k i\u00e7in bireyseldir, insanlar benzersizdir ve her enkarnasyonda yeni bir ili\u015fki d\u00f6ng\u00fcs\u00fcne, yeni bir sosyal ve k\u00fclt\u00fcrel ba\u011flama sahibiz. Binlerce kez nerede yan\u0131ld\u0131\u011f\u0131m\u0131z\u0131, nereye d\u00fc\u015ft\u00fc\u011f\u00fcm\u00fcz\u00fc ve ba\u015far\u0131l\u0131 oldu\u011fumuzu bilmiyoruz... ki\u015fisel geli\u015fim, sonsuz tekrarlayan bir s\u00fcre\u00e7tir. Evrim d\u00f6ng\u00fcs\u00fcndeki her de\u011fi\u015fiklik, maddi ve manevi olarak derin de\u011fi\u015fikliklere yol a\u00e7ar.<\/p>\n\n\n\n<p class=\"has-black-color has-text-color has-link-color has-small-font-size wp-elements-a77e77735ed2302fa40de116301de29a\">\u0130nsanlar, hastal\u0131klar\u0131ndan ahlaki olarak kurtulduklar\u0131 i\u00e7in alt d\u00fcnyalar\u0131 ba\u015fkalar\u0131 taraf\u0131ndan mutlu b\u0131rak\u0131rlar. Daha y\u00fcksek mertebeden bir d\u00fcnyan\u0131n alt\u0131ndaki bir d\u00fcnyadan ta\u015f\u0131nmak bir \u00f6d\u00fcld\u00fcr, ayn\u0131 \u015fekilde mutsuz olan bir d\u00fcnyada kal\u0131\u015flar\u0131n\u0131 uzatmak veya daha sa\u011flam bir s\u0131nav ya\u015fayaca\u011f\u0131n\u0131z alt d\u00fcnyalara d\u00fc\u015f\u00fcr\u00fclmek bir cezad\u0131r. Ruh, d\u00fc\u015f\u00fcncelerinizi ve eylemlerinizi koydu\u011funuz yerde ya\u015far. Zaman zaman insanl\u0131k, bir ar\u0131nma gezegeninden \u00f6nce gelen bir ar\u0131nma an\u0131na ula\u015f\u0131r. Ruhlar onun ahlak\u0131n\u0131 de\u011fi\u015ftiremeyecek ve ak\u0131l alt d\u00fcnyalara indirilecek.<\/p>\n\n\n\n<p class=\"has-black-color has-text-color has-link-color has-small-font-size wp-elements-b9a69cb3c0045ae7ab792b231ee88b2c\">Ki\u015fisel geli\u015fimin \u00f6n\u00fcndeki en b\u00fcy\u00fck engel, bir \u015fey biliyormu\u015f gibi davranmakt\u0131r; Ba\u015far\u0131lar\u0131m\u0131z\u0131 evrimsel olarak belirleyen ki\u015fisel geli\u015fimimizdir. B\u00fcy\u00fcd\u00fc\u011f\u00fcm\u00fcz \u015feyi yo\u011funla\u015ft\u0131r\u0131n, de\u011ferlerimiz karar verme s\u00fcrecimize rehberlik eder ve \u015fu anda bulundu\u011fumuz yerden biz sorumluyuz, \u00e7\u00fcnk\u00fc hayat se\u00e7imlerimizin sonucudur. Bireysel olarak b\u00fcy\u00fcd\u00fc\u011f\u00fcm\u00fczde, bizi \u00e7evreleyen her \u015feyde geli\u015fmenize yard\u0131mc\u0131 oldu\u011fumuzda, kolektif evrime katk\u0131da bulunuruz. Oldu\u011fumuz \u015feyi yay\u0131yoruz. Ger\u00e7e\u011fi kabul etmeden evrimle\u015femeyiz. B\u00fcy\u00fcmemiz s\u00fcrecinde, olmak istedi\u011fimiz ki\u015finin t\u00fcr\u00fc hakk\u0131nda bilin\u00e7li kararlar almal\u0131 ve bu ama\u00e7 do\u011frultusunda hareket etmeliyiz.<\/p>\n\n\n\n<p class=\"has-black-color has-text-color has-link-color has-small-font-size wp-elements-6e4168f2a190df086c69af0cdb7fa3a6\">Evren bizim evimizdir ve sevgi se\u00e7ilen yol olmal\u0131d\u0131r. Sadece a\u015fk zamandan kurtulur, a\u015fk insanlar\u0131n hayatlar\u0131n\u0131 de\u011fi\u015ftirebilir. A\u015fk yap\u0131c\u0131 enerjidir, bir geli\u015fme modeli, kolektif fayda ve varolu\u015fsal a\u00e7\u0131kl\u0131kt\u0131r. Sevgiyle, maddi varl\u0131k ruhani olana yer b\u0131rak\u0131r.<\/p>\n\n\n\n<p class=\"has-black-color has-text-color has-link-color has-small-font-size wp-elements-fe93c65dae64e2d99ad986794d426c40\">Tutumlar\u0131m\u0131z\u0131 a\u015fka dayand\u0131rmaya \u00e7al\u0131\u015farak b\u00fcy\u00fck pozitif enerjiyle ilerleyelim.<\/p>\n<\/div><\/div>\n\n\n\n<div class=\"wp-block-uagb-container uagb-block-19c98072 alignfull uagb-is-root-container\"><div class=\"uagb-container-inner-blocks-wrap\"><\/div><\/div>\n\n\n\n<div class=\"wp-block-uagb-container uagb-block-c334f1e4 alignfull uagb-is-root-container\"><div class=\"uagb-container-inner-blocks-wrap\"><\/div><\/div>","protected":false},"excerpt":{"rendered":"<p>Mundos Inferiores Hay mundos, considerados inferiores, donde los habitantes viven en estado primitivo, con nociones rudimentarias, sus habitantes est\u00e1n en la condici\u00f3n de razas salvajes; la sensaci\u00f3n existente es de supervivencia y lucha diaria por la preservaci\u00f3n de la vida y el alimento. En estos mundos inferiores no existe la noci\u00f3n de justicia, solidaridad, coexistencia, [&hellip;]<\/p>","protected":false},"author":1,"featured_media":3576,"parent":0,"menu_order":0,"comment_status":"closed","ping_status":"closed","template":"","meta":{"_uag_custom_page_level_css":"","site-sidebar-layout":"default","site-content-layout":"","ast-site-content-layout":"default","site-content-style":"default","site-sidebar-style":"default","ast-global-header-display":"","ast-banner-title-visibility":"","ast-main-header-display":"","ast-hfb-above-header-display":"","ast-hfb-below-header-display":"","ast-hfb-mobile-header-display":"","site-post-title":"disabled","ast-breadcrumbs-content":"","ast-featured-img":"","footer-sml-layout":"","theme-transparent-header-meta":"","adv-header-id-meta":"","stick-header-meta":"","header-above-stick-meta":"","header-main-stick-meta":"","header-below-stick-meta":"","astra-migrate-meta-layouts":"set","ast-page-background-enabled":"default","ast-page-background-meta":{"desktop":{"background-color":"var(--ast-global-color-4)","background-image":"","background-repeat":"repeat","background-position":"center center","background-size":"auto","background-attachment":"scroll","background-type":"","background-media":"","overlay-type":"","overlay-color":"","overlay-opacity":"","overlay-gradient":""},"tablet":{"background-color":"","background-image":"","background-repeat":"repeat","background-position":"center center","background-size":"auto","background-attachment":"scroll","background-type":"","background-media":"","overlay-type":"","overlay-color":"","overlay-opacity":"","overlay-gradient":""},"mobile":{"background-color":"","background-image":"","background-repeat":"repeat","background-position":"center center","background-size":"auto","background-attachment":"scroll","background-type":"","background-media":"","overlay-type":"","overlay-color":"","overlay-opacity":"","overlay-gradient":""}},"ast-content-background-meta":{"desktop":{"background-color":"var(--ast-global-color-5)","background-image":"","background-repeat":"repeat","background-position":"center center","background-size":"auto","background-attachment":"scroll","background-type":"","background-media":"","overlay-type":"","overlay-color":"","overlay-opacity":"","overlay-gradient":""},"tablet":{"background-color":"var(--ast-global-color-5)","background-image":"","background-repeat":"repeat","background-position":"center center","background-size":"auto","background-attachment":"scroll","background-type":"","background-media":"","overlay-type":"","overlay-color":"","overlay-opacity":"","overlay-gradient":""},"mobile":{"background-color":"var(--ast-global-color-5)","background-image":"","background-repeat":"repeat","background-position":"center center","background-size":"auto","background-attachment":"scroll","background-type":"","background-media":"","overlay-type":"","overlay-color":"","overlay-opacity":"","overlay-gradient":""}},"footnotes":""},"class_list":["post-3574","page","type-page","status-publish","has-post-thumbnail","hentry"],"yoast_head":"<!-- This site is optimized with the Yoast SEO Premium plugin v24.2 (Yoast SEO v24.6) - https:\/\/yoast.com\/wordpress\/plugins\/seo\/ -->\n<title>Mundos Inferiores - Uni\u00f3n Esp\u00edrita<\/title>\n<meta name=\"robots\" content=\"index, follow, max-snippet:-1, max-image-preview:large, max-video-preview:-1\" \/>\n<link rel=\"canonical\" href=\"https:\/\/nuevo-renacer.com\/tr\/mundos-inferiores\/\" \/>\n<meta property=\"og:locale\" content=\"tr_TR\" \/>\n<meta property=\"og:type\" content=\"article\" \/>\n<meta property=\"og:title\" content=\"Mundos Inferiores\" \/>\n<meta property=\"og:description\" content=\"Mundos Inferiores Hay mundos, considerados inferiores, donde los habitantes viven en estado primitivo, con nociones rudimentarias, sus habitantes est\u00e1n en la condici\u00f3n de razas salvajes; la sensaci\u00f3n existente es de supervivencia y lucha diaria por la preservaci\u00f3n de la vida y el alimento. En estos mundos inferiores no existe la noci\u00f3n de justicia, solidaridad, coexistencia, [&hellip;]\" \/>\n<meta property=\"og:url\" content=\"https:\/\/nuevo-renacer.com\/tr\/mundos-inferiores\/\" \/>\n<meta property=\"og:site_name\" content=\"Uni\u00f3n Esp\u00edrita\" \/>\n<meta property=\"article:publisher\" content=\"https:\/\/www.facebook.com\/groups\/3431398063740829\" \/>\n<meta property=\"article:modified_time\" content=\"2024-12-21T09:21:24+00:00\" \/>\n<meta property=\"og:image\" content=\"https:\/\/nuevo-renacer.com\/wp-content\/uploads\/2024\/07\/nuestro-hogar-nosso-lar-chico-xavier-wagner-de-assis-03.jpg\" \/>\n\t<meta property=\"og:image:width\" content=\"1000\" \/>\n\t<meta property=\"og:image:height\" content=\"563\" \/>\n\t<meta property=\"og:image:type\" content=\"image\/jpeg\" \/>\n<meta name=\"twitter:card\" content=\"summary_large_image\" \/>\n<meta name=\"twitter:label1\" content=\"Tahmini okuma s\u00fcresi\" \/>\n\t<meta name=\"twitter:data1\" content=\"3 dakika\" \/>\n<script type=\"application\/ld+json\" class=\"yoast-schema-graph\">{\"@context\":\"https:\/\/schema.org\",\"@graph\":[{\"@type\":\"WebPage\",\"@id\":\"https:\/\/nuevo-renacer.com\/mundos-inferiores\/\",\"url\":\"https:\/\/nuevo-renacer.com\/mundos-inferiores\/\",\"name\":\"Mundos Inferiores - Uni\u00f3n Esp\u00edrita\",\"isPartOf\":{\"@id\":\"https:\/\/nuevo-renacer.com\/#website\"},\"primaryImageOfPage\":{\"@id\":\"https:\/\/nuevo-renacer.com\/mundos-inferiores\/#primaryimage\"},\"image\":{\"@id\":\"https:\/\/nuevo-renacer.com\/mundos-inferiores\/#primaryimage\"},\"thumbnailUrl\":\"https:\/\/nuevo-renacer.com\/wp-content\/uploads\/2024\/07\/nuestro-hogar-nosso-lar-chico-xavier-wagner-de-assis-03.jpg\",\"datePublished\":\"2024-07-10T09:49:22+00:00\",\"dateModified\":\"2024-12-21T09:21:24+00:00\",\"breadcrumb\":{\"@id\":\"https:\/\/nuevo-renacer.com\/mundos-inferiores\/#breadcrumb\"},\"inLanguage\":\"tr\",\"potentialAction\":[{\"@type\":\"ReadAction\",\"target\":[\"https:\/\/nuevo-renacer.com\/mundos-inferiores\/\"]}]},{\"@type\":\"ImageObject\",\"inLanguage\":\"tr\",\"@id\":\"https:\/\/nuevo-renacer.com\/mundos-inferiores\/#primaryimage\",\"url\":\"https:\/\/nuevo-renacer.com\/wp-content\/uploads\/2024\/07\/nuestro-hogar-nosso-lar-chico-xavier-wagner-de-assis-03.jpg\",\"contentUrl\":\"https:\/\/nuevo-renacer.com\/wp-content\/uploads\/2024\/07\/nuestro-hogar-nosso-lar-chico-xavier-wagner-de-assis-03.jpg\",\"width\":1000,\"height\":563},{\"@type\":\"BreadcrumbList\",\"@id\":\"https:\/\/nuevo-renacer.com\/mundos-inferiores\/#breadcrumb\",\"itemListElement\":[{\"@type\":\"ListItem\",\"position\":1,\"name\":\"Startseite\",\"item\":\"https:\/\/nuevo-renacer.com\/\"},{\"@type\":\"ListItem\",\"position\":2,\"name\":\"Mundos Inferiores\"}]},{\"@type\":\"WebSite\",\"@id\":\"https:\/\/nuevo-renacer.com\/#website\",\"url\":\"https:\/\/nuevo-renacer.com\/\",\"name\":\"Uni\u00f3n Esp\u00edrita\",\"description\":\"Nuevo Renacer\",\"publisher\":{\"@id\":\"https:\/\/nuevo-renacer.com\/#organization\"},\"potentialAction\":[{\"@type\":\"SearchAction\",\"target\":{\"@type\":\"EntryPoint\",\"urlTemplate\":\"https:\/\/nuevo-renacer.com\/?s={search_term_string}\"},\"query-input\":{\"@type\":\"PropertyValueSpecification\",\"valueRequired\":true,\"valueName\":\"search_term_string\"}}],\"inLanguage\":\"tr\"},{\"@type\":\"Organization\",\"@id\":\"https:\/\/nuevo-renacer.com\/#organization\",\"name\":\"UFEC\",\"url\":\"https:\/\/nuevo-renacer.com\/\",\"logo\":{\"@type\":\"ImageObject\",\"inLanguage\":\"tr\",\"@id\":\"https:\/\/nuevo-renacer.com\/#\/schema\/logo\/image\/\",\"url\":\"https:\/\/nuevo-renacer.com\/wp-content\/uploads\/2024\/05\/cropped-LOGO-TERMINADO1-3-3.png\",\"contentUrl\":\"https:\/\/nuevo-renacer.com\/wp-content\/uploads\/2024\/05\/cropped-LOGO-TERMINADO1-3-3.png\",\"width\":512,\"height\":512,\"caption\":\"UFEC\"},\"image\":{\"@id\":\"https:\/\/nuevo-renacer.com\/#\/schema\/logo\/image\/\"},\"sameAs\":[\"https:\/\/www.facebook.com\/groups\/3431398063740829\"]}]}<\/script>\n<!-- \/ Yoast SEO Premium plugin. -->","yoast_head_json":{"title":"Mundos Inferiores - Uni\u00f3n Esp\u00edrita","robots":{"index":"index","follow":"follow","max-snippet":"max-snippet:-1","max-image-preview":"max-image-preview:large","max-video-preview":"max-video-preview:-1"},"canonical":"https:\/\/nuevo-renacer.com\/tr\/mundos-inferiores\/","og_locale":"tr_TR","og_type":"article","og_title":"Mundos Inferiores","og_description":"Mundos Inferiores Hay mundos, considerados inferiores, donde los habitantes viven en estado primitivo, con nociones rudimentarias, sus habitantes est\u00e1n en la condici\u00f3n de razas salvajes; la sensaci\u00f3n existente es de supervivencia y lucha diaria por la preservaci\u00f3n de la vida y el alimento. En estos mundos inferiores no existe la noci\u00f3n de justicia, solidaridad, coexistencia, [&hellip;]","og_url":"https:\/\/nuevo-renacer.com\/tr\/mundos-inferiores\/","og_site_name":"Uni\u00f3n Esp\u00edrita","article_publisher":"https:\/\/www.facebook.com\/groups\/3431398063740829","article_modified_time":"2024-12-21T09:21:24+00:00","og_image":[{"width":1000,"height":563,"url":"https:\/\/nuevo-renacer.com\/wp-content\/uploads\/2024\/07\/nuestro-hogar-nosso-lar-chico-xavier-wagner-de-assis-03.jpg","type":"image\/jpeg"}],"twitter_card":"summary_large_image","twitter_misc":{"Tahmini okuma s\u00fcresi":"3 dakika"},"schema":{"@context":"https:\/\/schema.org","@graph":[{"@type":"WebPage","@id":"https:\/\/nuevo-renacer.com\/mundos-inferiores\/","url":"https:\/\/nuevo-renacer.com\/mundos-inferiores\/","name":"Mundos Inferiores - Uni\u00f3n Esp\u00edrita","isPartOf":{"@id":"https:\/\/nuevo-renacer.com\/#website"},"primaryImageOfPage":{"@id":"https:\/\/nuevo-renacer.com\/mundos-inferiores\/#primaryimage"},"image":{"@id":"https:\/\/nuevo-renacer.com\/mundos-inferiores\/#primaryimage"},"thumbnailUrl":"https:\/\/nuevo-renacer.com\/wp-content\/uploads\/2024\/07\/nuestro-hogar-nosso-lar-chico-xavier-wagner-de-assis-03.jpg","datePublished":"2024-07-10T09:49:22+00:00","dateModified":"2024-12-21T09:21:24+00:00","breadcrumb":{"@id":"https:\/\/nuevo-renacer.com\/mundos-inferiores\/#breadcrumb"},"inLanguage":"tr","potentialAction":[{"@type":"ReadAction","target":["https:\/\/nuevo-renacer.com\/mundos-inferiores\/"]}]},{"@type":"ImageObject","inLanguage":"tr","@id":"https:\/\/nuevo-renacer.com\/mundos-inferiores\/#primaryimage","url":"https:\/\/nuevo-renacer.com\/wp-content\/uploads\/2024\/07\/nuestro-hogar-nosso-lar-chico-xavier-wagner-de-assis-03.jpg","contentUrl":"https:\/\/nuevo-renacer.com\/wp-content\/uploads\/2024\/07\/nuestro-hogar-nosso-lar-chico-xavier-wagner-de-assis-03.jpg","width":1000,"height":563},{"@type":"BreadcrumbList","@id":"https:\/\/nuevo-renacer.com\/mundos-inferiores\/#breadcrumb","itemListElement":[{"@type":"ListItem","position":1,"name":"Startseite","item":"https:\/\/nuevo-renacer.com\/"},{"@type":"ListItem","position":2,"name":"Mundos Inferiores"}]},{"@type":"WebSite","@id":"https:\/\/nuevo-renacer.com\/#website","url":"https:\/\/nuevo-renacer.com\/","name":"Uni\u00f3n Esp\u00edrita","description":"Nuevo Renacer","publisher":{"@id":"https:\/\/nuevo-renacer.com\/#organization"},"potentialAction":[{"@type":"SearchAction","target":{"@type":"EntryPoint","urlTemplate":"https:\/\/nuevo-renacer.com\/?s={search_term_string}"},"query-input":{"@type":"PropertyValueSpecification","valueRequired":true,"valueName":"search_term_string"}}],"inLanguage":"tr"},{"@type":"Organization","@id":"https:\/\/nuevo-renacer.com\/#organization","name":"UFEC","url":"https:\/\/nuevo-renacer.com\/","logo":{"@type":"ImageObject","inLanguage":"tr","@id":"https:\/\/nuevo-renacer.com\/#\/schema\/logo\/image\/","url":"https:\/\/nuevo-renacer.com\/wp-content\/uploads\/2024\/05\/cropped-LOGO-TERMINADO1-3-3.png","contentUrl":"https:\/\/nuevo-renacer.com\/wp-content\/uploads\/2024\/05\/cropped-LOGO-TERMINADO1-3-3.png","width":512,"height":512,"caption":"UFEC"},"image":{"@id":"https:\/\/nuevo-renacer.com\/#\/schema\/logo\/image\/"},"sameAs":["https:\/\/www.facebook.com\/groups\/3431398063740829"]}]}},"uagb_featured_image_src":{"full":["https:\/\/nuevo-renacer.com\/wp-content\/uploads\/2024\/07\/nuestro-hogar-nosso-lar-chico-xavier-wagner-de-assis-03.jpg",1000,563,false],"thumbnail":["https:\/\/nuevo-renacer.com\/wp-content\/uploads\/2024\/07\/nuestro-hogar-nosso-lar-chico-xavier-wagner-de-assis-03-150x150.jpg",150,150,true],"medium":["https:\/\/nuevo-renacer.com\/wp-content\/uploads\/2024\/07\/nuestro-hogar-nosso-lar-chico-xavier-wagner-de-assis-03-300x169.jpg",300,169,true],"medium_large":["https:\/\/nuevo-renacer.com\/wp-content\/uploads\/2024\/07\/nuestro-hogar-nosso-lar-chico-xavier-wagner-de-assis-03-768x432.jpg",768,432,true],"large":["https:\/\/nuevo-renacer.com\/wp-content\/uploads\/2024\/07\/nuestro-hogar-nosso-lar-chico-xavier-wagner-de-assis-03.jpg",1000,563,false],"1536x1536":["https:\/\/nuevo-renacer.com\/wp-content\/uploads\/2024\/07\/nuestro-hogar-nosso-lar-chico-xavier-wagner-de-assis-03.jpg",1000,563,false],"2048x2048":["https:\/\/nuevo-renacer.com\/wp-content\/uploads\/2024\/07\/nuestro-hogar-nosso-lar-chico-xavier-wagner-de-assis-03.jpg",1000,563,false],"trp-custom-language-flag":["https:\/\/nuevo-renacer.com\/wp-content\/uploads\/2024\/07\/nuestro-hogar-nosso-lar-chico-xavier-wagner-de-assis-03-18x10.jpg",18,10,true]},"uagb_author_info":{"display_name":"adbv0","author_link":"https:\/\/nuevo-renacer.com\/tr\/author\/adbv0\/"},"uagb_comment_info":0,"uagb_excerpt":"Mundos Inferiores Hay mundos, considerados inferiores, donde los habitantes viven en estado primitivo, con nociones rudimentarias, sus habitantes est\u00e1n en la condici\u00f3n de razas salvajes; la sensaci\u00f3n existente es de supervivencia y lucha diaria por la preservaci\u00f3n de la vida y el alimento. En estos mundos inferiores no existe la noci\u00f3n de justicia, solidaridad, coexistencia,&hellip;","jetpack_sharing_enabled":true,"_links":{"self":[{"href":"https:\/\/nuevo-renacer.com\/tr\/wp-json\/wp\/v2\/pages\/3574","targetHints":{"allow":["GET"]}}],"collection":[{"href":"https:\/\/nuevo-renacer.com\/tr\/wp-json\/wp\/v2\/pages"}],"about":[{"href":"https:\/\/nuevo-renacer.com\/tr\/wp-json\/wp\/v2\/types\/page"}],"author":[{"embeddable":true,"href":"https:\/\/nuevo-renacer.com\/tr\/wp-json\/wp\/v2\/users\/1"}],"replies":[{"embeddable":true,"href":"https:\/\/nuevo-renacer.com\/tr\/wp-json\/wp\/v2\/comments?post=3574"}],"version-history":[{"count":4,"href":"https:\/\/nuevo-renacer.com\/tr\/wp-json\/wp\/v2\/pages\/3574\/revisions"}],"predecessor-version":[{"id":6592,"href":"https:\/\/nuevo-renacer.com\/tr\/wp-json\/wp\/v2\/pages\/3574\/revisions\/6592"}],"wp:featuredmedia":[{"embeddable":true,"href":"https:\/\/nuevo-renacer.com\/tr\/wp-json\/wp\/v2\/media\/3576"}],"wp:attachment":[{"href":"https:\/\/nuevo-renacer.com\/tr\/wp-json\/wp\/v2\/media?parent=3574"}],"curies":[{"name":"wp","href":"https:\/\/api.w.org\/{rel}","templated":true}]}}