{"id":3568,"date":"2024-07-10T09:30:14","date_gmt":"2024-07-10T09:30:14","guid":{"rendered":"https:\/\/ufec-mundial.com\/?page_id=3568"},"modified":"2024-12-18T12:52:28","modified_gmt":"2024-12-18T12:52:28","slug":"el-porvenir-y-la-nada","status":"publish","type":"page","link":"https:\/\/nuevo-renacer.com\/tr\/el-porvenir-y-la-nada\/","title":{"rendered":"Gelecek ve hi\u00e7bir \u015fey"},"content":{"rendered":"<div class=\"wp-block-uagb-container uagb-block-79742316 alignfull uagb-is-root-container\"><div class=\"uagb-container-inner-blocks-wrap\">\n<p class=\"has-black-color has-text-color has-link-color has-medium-font-size wp-elements-e58e3c566c905c126e5504fc7278f40a\"><strong>Gelecek ve hi\u00e7bir \u015fey<\/strong><\/p>\n\n\n\n<p class=\"has-black-color has-text-color has-link-color has-medium-font-size wp-elements-8efcc1926fcd99f070f97cfd18bf5610\"><strong>Kitaptan: cennet ve cehennem-Allan Kardec<\/strong><\/p>\n<\/div><\/div>\n\n\n\n<div class=\"wp-block-uagb-container uagb-block-d8158ae0 alignfull uagb-is-root-container\"><div class=\"uagb-container-inner-blocks-wrap\">\n<figure class=\"wp-block-image size-full is-resized\"><img fetchpriority=\"high\" decoding=\"async\" width=\"550\" height=\"392\" src=\"https:\/\/ufec-mundial.com\/wp-content\/uploads\/2024\/07\/nosso-lar1.jpg\" alt=\"\" class=\"wp-image-3570\" style=\"width:397px;height:auto\" srcset=\"https:\/\/nuevo-renacer.com\/wp-content\/uploads\/2024\/07\/nosso-lar1.jpg 550w, https:\/\/nuevo-renacer.com\/wp-content\/uploads\/2024\/07\/nosso-lar1-300x214.jpg 300w, https:\/\/nuevo-renacer.com\/wp-content\/uploads\/2024\/07\/nosso-lar1-18x12.jpg 18w\" sizes=\"(max-width: 550px) 100vw, 550px\" \/><\/figure>\n<\/div><\/div>\n\n\n\n<div class=\"wp-block-uagb-container uagb-block-8dcf9c8a alignfull uagb-is-root-container\"><div class=\"uagb-container-inner-blocks-wrap\">\n<p class=\"has-black-color has-text-color has-link-color has-small-font-size wp-elements-15f474ee06e0d74cdee036b1b330df88\">Ya\u015f\u0131yoruz, d\u00fc\u015f\u00fcn\u00fcyoruz, hareket ediyoruz: bu olumlu. \u00d6l\u00fcyoruz: Bu daha az do\u011fru de\u011fil. Ama D\u00fcnyay\u0131 terk etti\u011fimizde nereye gidiyoruz? Ne olaca\u011f\u0131z? Daha iyi mi daha k\u00f6t\u00fc m\u00fc olaca\u011f\u0131z? Ne var olaca\u011f\u0131z ya da olmayaca\u011f\u0131z? <em>Olmak ya da olmamak<\/em>alternatifi bu. Bir daha olmak ya da olmamak; ya hep ya hi\u00e7. Ya sonsuza kadar ya\u015fayaca\u011f\u0131z ya da her \u015feyi sonsuza dek bitirece\u011fiz. Bunu d\u00fc\u015f\u00fcnmeye de\u011fer.<\/p>\n\n\n\n<p class=\"has-black-color has-text-color has-link-color has-small-font-size wp-elements-0c59f4971e84ed0114db38f78fb4f766\">B\u00fct\u00fcn erkekler ya\u015fama, zevk alma, sevme, mutlu olma ihtiyac\u0131n\u0131 hisseder. De ki, kimin \u00f6lece\u011fini, kimin ya\u015famaya devam edece\u011fini kim bilebilir, zaman\u0131n\u0131z ertelendi; Ona her zamankinden daha mutlu olacak her \u015feyi ve kalbinin sevin\u00e7 heyecan\u0131n\u0131 anlat\u0131n. Ama hafif bir m\u0131r\u0131lt\u0131 sizi yok edebilseydi, bu mutluluk \u00f6zlemleri ne olurdu?<\/p>\n\n\n\n<p class=\"has-black-color has-text-color has-link-color has-small-font-size wp-elements-d7400e7f23179d6d21d6a4854b64490e\">Tamamen yok olma fikrinden daha umutsuz bir \u015fey var m\u0131? De\u011ferli olan sevgiler, zeka, ilerleme, zahmetli bir \u015fekilde kazan\u0131lan bilmek, her \u015fey yok edilecek, her \u015fey kaybolacakt\u0131! Daha iyi olmak i\u00e7in \u00e7abalaman\u0131n, tutkular\u0131m\u0131z\u0131 bast\u0131rman\u0131n, ruhumuzu \u00f6rneklemenin gereklili\u011fi ne olurdu, e\u011fer t\u00fcm bunlar meyveyi almad\u0131ysa ve hepsinden \u00f6nemlisi, yar\u0131n\u0131n belki de zaten bize hi\u00e7 hizmet etmedi\u011fini d\u00fc\u015f\u00fcnseydik? E\u011fer \u00f6yle olsayd\u0131, insan\u0131n kaderi, irrasyonelinkinden y\u00fcz kat daha k\u00f6t\u00fc olurdu,\u00e7\u00fcnk\u00fc onlar, gelece\u011fe y\u00f6nelik \u00f6zlemleri olmadan, i\u015ftahlar\u0131n\u0131n tatmin edilmesi amac\u0131yla, yaln\u0131zca \u015fu anda ya\u015f\u0131yorlar. Gizli bir sezgi bize bunun m\u00fcmk\u00fcn olmad\u0131\u011f\u0131n\u0131 s\u00f6yler.<\/p>\n\n\n\n<p class=\"has-black-color has-text-color has-link-color has-small-font-size wp-elements-6ca29e9a58cf4bb577e2d1a317129839\">Hi\u00e7bir \u015feye inanmad\u0131\u011f\u0131 i\u00e7in, insan mutlaka t\u00fcm d\u00fc\u015f\u00fcncelerini \u015fimdiki ya\u015famda yo\u011funla\u015ft\u0131r\u0131r. Asl\u0131nda, hi\u00e7bir \u015fey beklemeyen bir gelecek i\u00e7in endi\u015felenmek mant\u0131ks\u0131z olacakt\u0131r. \u015eimdiki zamana y\u00f6nelik bu \u00f6zel endi\u015fe, do\u011fal olarak her \u015feyden \u00f6nce kendini d\u00fc\u015f\u00fcnmeye yol a\u00e7ar. Bu nedenle, bencilli\u011fin en g\u00fc\u00e7l\u00fc te\u015fvikidir ve kafir \u015fu sonuca vard\u0131\u011f\u0131nda kendisiyle tutarl\u0131d\u0131r: Buradayken sevinelim, m\u00fcmk\u00fcn oldu\u011funca e\u011flenelim, \u00e7\u00fcnk\u00fc \u00f6l\u00fcmle her \u015fey bitti; h\u0131zl\u0131 tad\u0131n\u0131 \u00e7\u0131karal\u0131m, \u00e7\u00fcnk\u00fc bilmiyoruz daha ne kadar ya\u015fayaca\u011f\u0131z. Ayn\u0131 \u015fey bu di\u011fer sonu\u00e7la da olur, toplum i\u00e7in \u00e7ok daha \u00f6nemlisi: her \u015feye ra\u011fmen sevinelim; her biri kendisi i\u00e7indir; ve mutluluk, bu d\u00fcnyada daha zeki olana aittir.<\/p>\n\n\n\n<p class=\"has-black-color has-text-color has-link-color has-small-font-size wp-elements-7ebbd10505c9e22bdd20268fc4d2377a\">\u0130nsana sayg\u0131 duyarsan\u0131z, baz\u0131 insanlara s\u0131n\u0131rlama getirirseniz, hi\u00e7bir \u015feyden korkmayanlar i\u00e7in fren ne olacak? Bu ikincisi, insan yasalar\u0131n\u0131n yaln\u0131zca aptallara ula\u015ft\u0131\u011f\u0131na inan\u0131yor, neden t\u00fcm yeteneklerinizi onlar\u0131 ortadan kald\u0131rman\u0131n en iyi yolunu bulmak i\u00e7in kullan\u0131yorsunuz. Zararl\u0131 ve anti-sosyal bir doktrin varsa, yani \u015f\u00fcphesiz nada\u00edsmo, \u00e7\u00fcnk\u00fc \u00fczerine kurulan ger\u00e7ek dayan\u0131\u015fma ve karde\u015flik ba\u011flar\u0131n\u0131 yok eder.sosyal ili\u015fkiler.<\/p>\n\n\n\n<p class=\"has-black-color has-text-color has-link-color has-small-font-size wp-elements-3b9fc576fb2fe68d0a07987fc07f0d46\">Bu ko\u015fullarda spirit\u00fcalizm, yaln\u0131zca inan\u00e7s\u0131zl\u0131\u011f\u0131n yol a\u00e7t\u0131\u011f\u0131 tehlikelerin mant\u0131\u011f\u0131 ve olas\u0131l\u0131\u011f\u0131 ile de\u011fil, ruhu ve gelecekteki ya\u015fam\u0131 g\u00f6rmenize ve dokunman\u0131za izin veren maddi ger\u00e7eklerle de inan\u00e7s\u0131zl\u0131\u011f\u0131n istilas\u0131na bir baraj koymaya gelir.<\/p>\n\n\n\n<p class=\"has-black-color has-text-color has-link-color has-small-font-size wp-elements-bafa71840ff5b57f3ca20b6be7a8d622\">Gelecekle ilgili spiritist doktrin, zeka \u00fczerine tasarlanm\u0131\u015f bir hayal g\u00fcc\u00fcn\u00fcn eseri de\u011fil, bug\u00fcn g\u00f6zlerimizin \u00f6n\u00fcnde ortaya \u00e7\u0131kan maddi ger\u00e7eklerin g\u00f6zlemlenmesinin sonucudur, b\u00f6ylece bu, halihaz\u0131rda oldu\u011fu gibi, farkl\u0131 g\u00f6r\u00fc\u015fleri bir araya getirecektir. veya ge\u00e7ici ve \u015feylerin g\u00fcc\u00fcyle \u00e7ok az bu noktada inan\u00e7 birli\u011fine az da olsa yol a\u00e7acakt\u0131r.<\/p>\n<\/div><\/div>\n\n\n\n<div class=\"wp-block-uagb-container uagb-block-43b829bf alignfull uagb-is-root-container\"><div class=\"uagb-container-inner-blocks-wrap\"><\/div><\/div>\n\n\n\n<div class=\"wp-block-uagb-container uagb-block-a65594d9 alignfull uagb-is-root-container\"><div class=\"uagb-container-inner-blocks-wrap\"><\/div><\/div>","protected":false},"excerpt":{"rendered":"<p>El porvenir y la nada Del libro: El cielo y el infierno \u2013 Allan Kardec Vivimos, pensamos, actuamos: esto es positivo. Morimos: esto no es menos cierto. Pero cuando dejamos la Tierra, \u00bfad\u00f3nde vamos? \u00bfEn qu\u00e9 nos convertimos? \u00bfEstaremos mejor o peor? \u00bfExistiremos o no? Ser o no ser, tal es la alternativa. Ser para [&hellip;]<\/p>","protected":false},"author":1,"featured_media":0,"parent":0,"menu_order":0,"comment_status":"closed","ping_status":"closed","template":"","meta":{"_uag_custom_page_level_css":"","site-sidebar-layout":"default","site-content-layout":"","ast-site-content-layout":"default","site-content-style":"default","site-sidebar-style":"default","ast-global-header-display":"","ast-banner-title-visibility":"","ast-main-header-display":"","ast-hfb-above-header-display":"","ast-hfb-below-header-display":"","ast-hfb-mobile-header-display":"","site-post-title":"disabled","ast-breadcrumbs-content":"","ast-featured-img":"","footer-sml-layout":"","theme-transparent-header-meta":"","adv-header-id-meta":"","stick-header-meta":"","header-above-stick-meta":"","header-main-stick-meta":"","header-below-stick-meta":"","astra-migrate-meta-layouts":"set","ast-page-background-enabled":"default","ast-page-background-meta":{"desktop":{"background-color":"var(--ast-global-color-4)","background-image":"","background-repeat":"repeat","background-position":"center center","background-size":"auto","background-attachment":"scroll","background-type":"","background-media":"","overlay-type":"","overlay-color":"","overlay-opacity":"","overlay-gradient":""},"tablet":{"background-color":"","background-image":"","background-repeat":"repeat","background-position":"center center","background-size":"auto","background-attachment":"scroll","background-type":"","background-media":"","overlay-type":"","overlay-color":"","overlay-opacity":"","overlay-gradient":""},"mobile":{"background-color":"","background-image":"","background-repeat":"repeat","background-position":"center center","background-size":"auto","background-attachment":"scroll","background-type":"","background-media":"","overlay-type":"","overlay-color":"","overlay-opacity":"","overlay-gradient":""}},"ast-content-background-meta":{"desktop":{"background-color":"var(--ast-global-color-5)","background-image":"","background-repeat":"repeat","background-position":"center center","background-size":"auto","background-attachment":"scroll","background-type":"","background-media":"","overlay-type":"","overlay-color":"","overlay-opacity":"","overlay-gradient":""},"tablet":{"background-color":"var(--ast-global-color-5)","background-image":"","background-repeat":"repeat","background-position":"center center","background-size":"auto","background-attachment":"scroll","background-type":"","background-media":"","overlay-type":"","overlay-color":"","overlay-opacity":"","overlay-gradient":""},"mobile":{"background-color":"var(--ast-global-color-5)","background-image":"","background-repeat":"repeat","background-position":"center center","background-size":"auto","background-attachment":"scroll","background-type":"","background-media":"","overlay-type":"","overlay-color":"","overlay-opacity":"","overlay-gradient":""}},"footnotes":""},"class_list":["post-3568","page","type-page","status-publish","hentry"],"yoast_head":"<!-- This site is optimized with the Yoast SEO Premium plugin v24.2 (Yoast SEO v24.6) - https:\/\/yoast.com\/wordpress\/plugins\/seo\/ -->\n<title>El porvenir y la nada - Uni\u00f3n Esp\u00edrita<\/title>\n<meta name=\"robots\" content=\"index, follow, max-snippet:-1, max-image-preview:large, max-video-preview:-1\" \/>\n<link rel=\"canonical\" href=\"https:\/\/nuevo-renacer.com\/tr\/el-porvenir-y-la-nada\/\" \/>\n<meta property=\"og:locale\" content=\"tr_TR\" \/>\n<meta property=\"og:type\" content=\"article\" \/>\n<meta property=\"og:title\" content=\"El porvenir y la nada\" \/>\n<meta property=\"og:description\" content=\"El porvenir y la nada Del libro: El cielo y el infierno \u2013 Allan Kardec Vivimos, pensamos, actuamos: esto es positivo. Morimos: esto no es menos cierto. Pero cuando dejamos la Tierra, \u00bfad\u00f3nde vamos? \u00bfEn qu\u00e9 nos convertimos? \u00bfEstaremos mejor o peor? \u00bfExistiremos o no? Ser o no ser, tal es la alternativa. Ser para [&hellip;]\" \/>\n<meta property=\"og:url\" content=\"https:\/\/nuevo-renacer.com\/tr\/el-porvenir-y-la-nada\/\" \/>\n<meta property=\"og:site_name\" content=\"Uni\u00f3n Esp\u00edrita\" \/>\n<meta property=\"article:publisher\" content=\"https:\/\/www.facebook.com\/groups\/3431398063740829\" \/>\n<meta property=\"article:modified_time\" content=\"2024-12-18T12:52:28+00:00\" \/>\n<meta property=\"og:image\" content=\"https:\/\/ufec-mundial.com\/wp-content\/uploads\/2024\/07\/nosso-lar1.jpg\" \/>\n<meta name=\"twitter:card\" content=\"summary_large_image\" \/>\n<meta name=\"twitter:label1\" content=\"Tahmini okuma s\u00fcresi\" \/>\n\t<meta name=\"twitter:data1\" content=\"3 dakika\" \/>\n<script type=\"application\/ld+json\" class=\"yoast-schema-graph\">{\"@context\":\"https:\/\/schema.org\",\"@graph\":[{\"@type\":\"WebPage\",\"@id\":\"https:\/\/nuevo-renacer.com\/el-porvenir-y-la-nada\/\",\"url\":\"https:\/\/nuevo-renacer.com\/el-porvenir-y-la-nada\/\",\"name\":\"El porvenir y la nada - Uni\u00f3n Esp\u00edrita\",\"isPartOf\":{\"@id\":\"https:\/\/nuevo-renacer.com\/#website\"},\"primaryImageOfPage\":{\"@id\":\"https:\/\/nuevo-renacer.com\/el-porvenir-y-la-nada\/#primaryimage\"},\"image\":{\"@id\":\"https:\/\/nuevo-renacer.com\/el-porvenir-y-la-nada\/#primaryimage\"},\"thumbnailUrl\":\"https:\/\/ufec-mundial.com\/wp-content\/uploads\/2024\/07\/nosso-lar1.jpg\",\"datePublished\":\"2024-07-10T09:30:14+00:00\",\"dateModified\":\"2024-12-18T12:52:28+00:00\",\"breadcrumb\":{\"@id\":\"https:\/\/nuevo-renacer.com\/el-porvenir-y-la-nada\/#breadcrumb\"},\"inLanguage\":\"tr\",\"potentialAction\":[{\"@type\":\"ReadAction\",\"target\":[\"https:\/\/nuevo-renacer.com\/el-porvenir-y-la-nada\/\"]}]},{\"@type\":\"ImageObject\",\"inLanguage\":\"tr\",\"@id\":\"https:\/\/nuevo-renacer.com\/el-porvenir-y-la-nada\/#primaryimage\",\"url\":\"https:\/\/ufec-mundial.com\/wp-content\/uploads\/2024\/07\/nosso-lar1.jpg\",\"contentUrl\":\"https:\/\/ufec-mundial.com\/wp-content\/uploads\/2024\/07\/nosso-lar1.jpg\"},{\"@type\":\"BreadcrumbList\",\"@id\":\"https:\/\/nuevo-renacer.com\/el-porvenir-y-la-nada\/#breadcrumb\",\"itemListElement\":[{\"@type\":\"ListItem\",\"position\":1,\"name\":\"Startseite\",\"item\":\"https:\/\/nuevo-renacer.com\/\"},{\"@type\":\"ListItem\",\"position\":2,\"name\":\"El porvenir y la nada\"}]},{\"@type\":\"WebSite\",\"@id\":\"https:\/\/nuevo-renacer.com\/#website\",\"url\":\"https:\/\/nuevo-renacer.com\/\",\"name\":\"Uni\u00f3n Esp\u00edrita\",\"description\":\"Nuevo Renacer\",\"publisher\":{\"@id\":\"https:\/\/nuevo-renacer.com\/#organization\"},\"potentialAction\":[{\"@type\":\"SearchAction\",\"target\":{\"@type\":\"EntryPoint\",\"urlTemplate\":\"https:\/\/nuevo-renacer.com\/?s={search_term_string}\"},\"query-input\":{\"@type\":\"PropertyValueSpecification\",\"valueRequired\":true,\"valueName\":\"search_term_string\"}}],\"inLanguage\":\"tr\"},{\"@type\":\"Organization\",\"@id\":\"https:\/\/nuevo-renacer.com\/#organization\",\"name\":\"UFEC\",\"url\":\"https:\/\/nuevo-renacer.com\/\",\"logo\":{\"@type\":\"ImageObject\",\"inLanguage\":\"tr\",\"@id\":\"https:\/\/nuevo-renacer.com\/#\/schema\/logo\/image\/\",\"url\":\"https:\/\/nuevo-renacer.com\/wp-content\/uploads\/2024\/05\/cropped-LOGO-TERMINADO1-3-3.png\",\"contentUrl\":\"https:\/\/nuevo-renacer.com\/wp-content\/uploads\/2024\/05\/cropped-LOGO-TERMINADO1-3-3.png\",\"width\":512,\"height\":512,\"caption\":\"UFEC\"},\"image\":{\"@id\":\"https:\/\/nuevo-renacer.com\/#\/schema\/logo\/image\/\"},\"sameAs\":[\"https:\/\/www.facebook.com\/groups\/3431398063740829\"]}]}<\/script>\n<!-- \/ Yoast SEO Premium plugin. -->","yoast_head_json":{"title":"El porvenir y la nada - Uni\u00f3n Esp\u00edrita","robots":{"index":"index","follow":"follow","max-snippet":"max-snippet:-1","max-image-preview":"max-image-preview:large","max-video-preview":"max-video-preview:-1"},"canonical":"https:\/\/nuevo-renacer.com\/tr\/el-porvenir-y-la-nada\/","og_locale":"tr_TR","og_type":"article","og_title":"El porvenir y la nada","og_description":"El porvenir y la nada Del libro: El cielo y el infierno \u2013 Allan Kardec Vivimos, pensamos, actuamos: esto es positivo. Morimos: esto no es menos cierto. Pero cuando dejamos la Tierra, \u00bfad\u00f3nde vamos? \u00bfEn qu\u00e9 nos convertimos? \u00bfEstaremos mejor o peor? \u00bfExistiremos o no? Ser o no ser, tal es la alternativa. Ser para [&hellip;]","og_url":"https:\/\/nuevo-renacer.com\/tr\/el-porvenir-y-la-nada\/","og_site_name":"Uni\u00f3n Esp\u00edrita","article_publisher":"https:\/\/www.facebook.com\/groups\/3431398063740829","article_modified_time":"2024-12-18T12:52:28+00:00","og_image":[{"url":"https:\/\/ufec-mundial.com\/wp-content\/uploads\/2024\/07\/nosso-lar1.jpg","type":"","width":"","height":""}],"twitter_card":"summary_large_image","twitter_misc":{"Tahmini okuma s\u00fcresi":"3 dakika"},"schema":{"@context":"https:\/\/schema.org","@graph":[{"@type":"WebPage","@id":"https:\/\/nuevo-renacer.com\/el-porvenir-y-la-nada\/","url":"https:\/\/nuevo-renacer.com\/el-porvenir-y-la-nada\/","name":"El porvenir y la nada - Uni\u00f3n Esp\u00edrita","isPartOf":{"@id":"https:\/\/nuevo-renacer.com\/#website"},"primaryImageOfPage":{"@id":"https:\/\/nuevo-renacer.com\/el-porvenir-y-la-nada\/#primaryimage"},"image":{"@id":"https:\/\/nuevo-renacer.com\/el-porvenir-y-la-nada\/#primaryimage"},"thumbnailUrl":"https:\/\/ufec-mundial.com\/wp-content\/uploads\/2024\/07\/nosso-lar1.jpg","datePublished":"2024-07-10T09:30:14+00:00","dateModified":"2024-12-18T12:52:28+00:00","breadcrumb":{"@id":"https:\/\/nuevo-renacer.com\/el-porvenir-y-la-nada\/#breadcrumb"},"inLanguage":"tr","potentialAction":[{"@type":"ReadAction","target":["https:\/\/nuevo-renacer.com\/el-porvenir-y-la-nada\/"]}]},{"@type":"ImageObject","inLanguage":"tr","@id":"https:\/\/nuevo-renacer.com\/el-porvenir-y-la-nada\/#primaryimage","url":"https:\/\/ufec-mundial.com\/wp-content\/uploads\/2024\/07\/nosso-lar1.jpg","contentUrl":"https:\/\/ufec-mundial.com\/wp-content\/uploads\/2024\/07\/nosso-lar1.jpg"},{"@type":"BreadcrumbList","@id":"https:\/\/nuevo-renacer.com\/el-porvenir-y-la-nada\/#breadcrumb","itemListElement":[{"@type":"ListItem","position":1,"name":"Startseite","item":"https:\/\/nuevo-renacer.com\/"},{"@type":"ListItem","position":2,"name":"El porvenir y la nada"}]},{"@type":"WebSite","@id":"https:\/\/nuevo-renacer.com\/#website","url":"https:\/\/nuevo-renacer.com\/","name":"Uni\u00f3n Esp\u00edrita","description":"Nuevo Renacer","publisher":{"@id":"https:\/\/nuevo-renacer.com\/#organization"},"potentialAction":[{"@type":"SearchAction","target":{"@type":"EntryPoint","urlTemplate":"https:\/\/nuevo-renacer.com\/?s={search_term_string}"},"query-input":{"@type":"PropertyValueSpecification","valueRequired":true,"valueName":"search_term_string"}}],"inLanguage":"tr"},{"@type":"Organization","@id":"https:\/\/nuevo-renacer.com\/#organization","name":"UFEC","url":"https:\/\/nuevo-renacer.com\/","logo":{"@type":"ImageObject","inLanguage":"tr","@id":"https:\/\/nuevo-renacer.com\/#\/schema\/logo\/image\/","url":"https:\/\/nuevo-renacer.com\/wp-content\/uploads\/2024\/05\/cropped-LOGO-TERMINADO1-3-3.png","contentUrl":"https:\/\/nuevo-renacer.com\/wp-content\/uploads\/2024\/05\/cropped-LOGO-TERMINADO1-3-3.png","width":512,"height":512,"caption":"UFEC"},"image":{"@id":"https:\/\/nuevo-renacer.com\/#\/schema\/logo\/image\/"},"sameAs":["https:\/\/www.facebook.com\/groups\/3431398063740829"]}]}},"uagb_featured_image_src":{"full":false,"thumbnail":false,"medium":false,"medium_large":false,"large":false,"1536x1536":false,"2048x2048":false,"trp-custom-language-flag":false},"uagb_author_info":{"display_name":"adbv0","author_link":"https:\/\/nuevo-renacer.com\/tr\/author\/adbv0\/"},"uagb_comment_info":0,"uagb_excerpt":"El porvenir y la nada Del libro: El cielo y el infierno \u2013 Allan Kardec Vivimos, pensamos, actuamos: esto es positivo. Morimos: esto no es menos cierto. Pero cuando dejamos la Tierra, \u00bfad\u00f3nde vamos? \u00bfEn qu\u00e9 nos convertimos? \u00bfEstaremos mejor o peor? \u00bfExistiremos o no? Ser o no ser, tal es la alternativa. Ser para&hellip;","jetpack_sharing_enabled":true,"_links":{"self":[{"href":"https:\/\/nuevo-renacer.com\/tr\/wp-json\/wp\/v2\/pages\/3568","targetHints":{"allow":["GET"]}}],"collection":[{"href":"https:\/\/nuevo-renacer.com\/tr\/wp-json\/wp\/v2\/pages"}],"about":[{"href":"https:\/\/nuevo-renacer.com\/tr\/wp-json\/wp\/v2\/types\/page"}],"author":[{"embeddable":true,"href":"https:\/\/nuevo-renacer.com\/tr\/wp-json\/wp\/v2\/users\/1"}],"replies":[{"embeddable":true,"href":"https:\/\/nuevo-renacer.com\/tr\/wp-json\/wp\/v2\/comments?post=3568"}],"version-history":[{"count":3,"href":"https:\/\/nuevo-renacer.com\/tr\/wp-json\/wp\/v2\/pages\/3568\/revisions"}],"predecessor-version":[{"id":6562,"href":"https:\/\/nuevo-renacer.com\/tr\/wp-json\/wp\/v2\/pages\/3568\/revisions\/6562"}],"wp:attachment":[{"href":"https:\/\/nuevo-renacer.com\/tr\/wp-json\/wp\/v2\/media?parent=3568"}],"curies":[{"name":"wp","href":"https:\/\/api.w.org\/{rel}","templated":true}]}}