{"id":3561,"date":"2024-07-10T09:16:10","date_gmt":"2024-07-10T09:16:10","guid":{"rendered":"https:\/\/ufec-mundial.com\/?page_id=3561"},"modified":"2024-07-10T09:22:40","modified_gmt":"2024-07-10T09:22:40","slug":"la-humanidad-terrena","status":"publish","type":"page","link":"https:\/\/nuevo-renacer.com\/tr\/la-humanidad-terrena\/","title":{"rendered":"\u0130nsanl\u0131\u011f\u0131n d\u00fcnyevi"},"content":{"rendered":"<div class=\"wp-block-uagb-container uagb-block-4532d228 alignfull uagb-is-root-container\"><div class=\"uagb-container-inner-blocks-wrap\">\n<p class=\"has-black-color has-text-color has-link-color has-medium-font-size wp-elements-7d502a5585eb42d236c91fb2dd860f7b\"><strong>\u0130nsanl\u0131\u011f\u0131n d\u00fcnyevi<\/strong><\/p>\n\n\n\n<p class=\"has-black-color has-text-color has-link-color has-medium-font-size wp-elements-37d3320206a9b8afa52629819a26401a\"><strong>Kitaptan: Ruh\u00e7ulu\u011fa g\u00f6re \u0130ncil-Allan Kardec<\/strong><\/p>\n<\/div><\/div>\n\n\n\n<div class=\"wp-block-uagb-container uagb-block-8e7a2bcb alignfull uagb-is-root-container\"><div class=\"uagb-container-inner-blocks-wrap\">\n<figure class=\"wp-block-image size-full is-resized\"><img fetchpriority=\"high\" decoding=\"async\" width=\"894\" height=\"894\" src=\"https:\/\/ufec-mundial.com\/wp-content\/uploads\/2024\/07\/51J-xXcEAQL._AC_UF8941000_QL80_.jpg\" alt=\"\" class=\"wp-image-3563\" style=\"width:365px;height:auto\" srcset=\"https:\/\/nuevo-renacer.com\/wp-content\/uploads\/2024\/07\/51J-xXcEAQL._AC_UF8941000_QL80_.jpg 894w, https:\/\/nuevo-renacer.com\/wp-content\/uploads\/2024\/07\/51J-xXcEAQL._AC_UF8941000_QL80_-150x150.jpg 150w, https:\/\/nuevo-renacer.com\/wp-content\/uploads\/2024\/07\/51J-xXcEAQL._AC_UF8941000_QL80_-300x300.jpg 300w, https:\/\/nuevo-renacer.com\/wp-content\/uploads\/2024\/07\/51J-xXcEAQL._AC_UF8941000_QL80_-768x768.jpg 768w, https:\/\/nuevo-renacer.com\/wp-content\/uploads\/2024\/07\/51J-xXcEAQL._AC_UF8941000_QL80_-12x12.jpg 12w\" sizes=\"(max-width: 894px) 100vw, 894px\" \/><\/figure>\n<\/div><\/div>\n\n\n\n<div class=\"wp-block-uagb-container uagb-block-5bfe2aea alignfull uagb-is-root-container\"><div class=\"uagb-container-inner-blocks-wrap\">\n<p class=\"has-black-color has-text-color has-link-color has-small-font-size wp-elements-bd4668f64d9657022c2238e84026f3e1\">Yery\u00fcz\u00fcnde bu kadar \u00e7ok k\u00f6t\u00fcl\u00fck ve k\u00f6t\u00fc tutku, bu kadar \u00e7ok sefalet ve her t\u00fcrden hastal\u0131k buldu\u011fumuzda \u015fa\u015f\u0131r\u0131r\u0131z ve bundan insan t\u00fcr\u00fcn\u00fcn \u00fcz\u00fcc\u00fc bir \u015fey oldu\u011fu sonucunu \u00e7\u0131kar\u0131r\u0131z. Bu yarg\u0131, kendimizi yerle\u015ftirdi\u011fimiz s\u0131n\u0131rl\u0131 bak\u0131\u015f a\u00e7\u0131s\u0131ndan kaynaklan\u0131r ve bize b\u00fct\u00fcn hakk\u0131nda yanl\u0131\u015f bir fikir verir. Yery\u00fcz\u00fcnde insanl\u0131\u011f\u0131n tamam\u0131n\u0131 de\u011fil, \u00e7ok k\u00fc\u00e7\u00fck bir b\u00f6l\u00fcm\u00fcn\u00fc g\u00f6rd\u00fc\u011f\u00fcm\u00fcz\u00fc g\u00f6z \u00f6n\u00fcnde bulundurmak gerekir. Asl\u0131nda insan t\u00fcr\u00fc, evrenin say\u0131s\u0131z d\u00fcnyas\u0131n\u0131 dolduran ak\u0131l sahibi t\u00fcm varl\u0131klar\u0131 kapsar. \u015eimdi, bu d\u00fcnyalar\u0131n toplam n\u00fcfusuyla kar\u015f\u0131la\u015ft\u0131r\u0131ld\u0131\u011f\u0131nda D\u00fcnya'n\u0131n n\u00fcfusu nedir? B\u00fcy\u00fck bir imparatorlu\u011fa k\u0131yasla bir k\u00f6y\u00fcn n\u00fcfusundan \u00e7ok daha azd\u0131r. D\u00fcnyan\u0131n kaderi ve \u00fczerinde ya\u015fayanlar\u0131n do\u011fas\u0131 g\u00f6z \u00f6n\u00fcnde bulunduruldu\u011funda, d\u00fcnya insanl\u0131\u011f\u0131n\u0131n maddi ve ahlaki durumunda ola\u011fan\u00fcst\u00fc bir \u015fey yoktur.<\/p>\n\n\n\n<p class=\"has-black-color has-text-color has-link-color has-small-font-size wp-elements-c1c14b7708d75ddb861724c4f11d17de\">Bu nedenle D\u00fcnya bize, \u00e7e\u015fitleri sonsuz olan, ancak ortak bir ger\u00e7e\u011fe sahip olduklar\u0131 d\u00fcnya domuz t\u00fcrlerinden birini sa\u011flar.Tanr\u0131&#039;n\u0131n yasas\u0131n\u0131n asi ruhuna s\u00fcrg\u00fcn yeri olarak hizmet etmek. Orada, bu Ruhlar, ayn\u0131 zamanda, insanlar\u0131n sap\u0131kl\u0131\u011f\u0131na ve do\u011fan\u0131n sald\u0131r\u0131s\u0131na kar\u015f\u0131, ayn\u0131 zamanda kalbin ve zekan\u0131n niteliklerini geli\u015ftiren \u00e7ifte angaryaya kar\u015f\u0131 sava\u015fmak zorundad\u0131r. Bu \u015fekilde, Tanr\u0131, iyili\u011finde, cezay\u0131 Ruhun ilerlemesi yarar\u0131na yapar.<\/p>\n\n\n\n<p class=\"has-black-color has-text-color has-link-color has-small-font-size wp-elements-07c53814e7e9d0fd4627b7e3acb313d4\">B\u00fcy\u00fck bir kentin sakinlerini en alt ve en sefil semtlerin n\u00fcfusuna g\u00f6re de\u011ferlendirecek olursak, bu kentin sakinleri hakk\u0131nda \u00e7ok yanl\u0131\u015f bir fikir edinmi\u015f oluruz. Bir hastanede yaln\u0131zca hastalar ve sakatlar g\u00f6r\u00fcl\u00fcr; bir hapishanede t\u00fcm ahlaks\u0131zl\u0131klar ve donukluk bir araya toplanm\u0131\u015ft\u0131r; sa\u011fl\u0131ks\u0131z semtlerde ya\u015fayanlar\u0131n \u00e7o\u011fu solgun, hastal\u0131kl\u0131 ve g\u00fc\u00e7s\u00fczd\u00fcr. Yery\u00fcz\u00fcn\u00fcn bir gecekondu, bir hastane, bir cezaevi, sa\u011fl\u0131ks\u0131z bir b\u00f6lge oldu\u011funu d\u00fc\u015f\u00fcnelim, \u00e7\u00fcnk\u00fc bunlar\u0131n hepsi ayn\u0131 anda vard\u0131r; o zaman ac\u0131lar\u0131n neden zevklere \u00fcst\u00fcn geldi\u011fi anla\u015f\u0131lacakt\u0131r, \u00e7\u00fcnk\u00fc sa\u011fl\u0131\u011f\u0131 yerinde olanlar hastaneye g\u00f6nderilmez ve hi\u00e7bir zarar\u0131 olmayanlar \u00e7al\u0131\u015fma evine g\u00f6nderilmez, \u00e7\u00fcnk\u00fc ne hastaneler ne de \u00e7al\u0131\u015fma evleri zevk yerleridir.<\/p>\n\n\n\n<p class=\"has-black-color has-text-color has-link-color has-small-font-size wp-elements-e00c9000889062af65f928fb1b0c81ec\">\u015eimdi, nas\u0131l ki bir \u015fehirde n\u00fcfusun tamam\u0131 hastanelerde ya da hapishanelerde de\u011filse, insanl\u0131\u011f\u0131n tamam\u0131 da yery\u00fcz\u00fcnde de\u011fildir. Ve nas\u0131l ki insan iyile\u015fti\u011finde hastaneden, cezas\u0131n\u0131 tamamlad\u0131\u011f\u0131nda hapishaneden ayr\u0131l\u0131rsa, insan da ahlaki hastal\u0131klar\u0131ndan kurtuldu\u011funda d\u00fcnyay\u0131 daha mutlu d\u00fcnyalar i\u00e7in terk eder.<\/p>\n<\/div><\/div>","protected":false},"excerpt":{"rendered":"<p>La humanidad terrena Del libro: El Evangelio seg\u00fan el espiritismo \u2013 Allan Kardec Nos asombramos de encontrar en la Tierra tanta maldad y malas pasiones, tantas miserias y enfermedades de todo tipo, e inferimos de ah\u00ed que la especie humana es una triste cosa. Este juicio proviene del punto de vista limitado en que nos [&hellip;]<\/p>","protected":false},"author":1,"featured_media":3563,"parent":0,"menu_order":0,"comment_status":"closed","ping_status":"closed","template":"","meta":{"_uag_custom_page_level_css":"","site-sidebar-layout":"default","site-content-layout":"","ast-site-content-layout":"default","site-content-style":"default","site-sidebar-style":"default","ast-global-header-display":"","ast-banner-title-visibility":"","ast-main-header-display":"","ast-hfb-above-header-display":"","ast-hfb-below-header-display":"","ast-hfb-mobile-header-display":"","site-post-title":"disabled","ast-breadcrumbs-content":"","ast-featured-img":"","footer-sml-layout":"","theme-transparent-header-meta":"","adv-header-id-meta":"","stick-header-meta":"","header-above-stick-meta":"","header-main-stick-meta":"","header-below-stick-meta":"","astra-migrate-meta-layouts":"set","ast-page-background-enabled":"default","ast-page-background-meta":{"desktop":{"background-color":"var(--ast-global-color-4)","background-image":"","background-repeat":"repeat","background-position":"center center","background-size":"auto","background-attachment":"scroll","background-type":"","background-media":"","overlay-type":"","overlay-color":"","overlay-opacity":"","overlay-gradient":""},"tablet":{"background-color":"","background-image":"","background-repeat":"repeat","background-position":"center center","background-size":"auto","background-attachment":"scroll","background-type":"","background-media":"","overlay-type":"","overlay-color":"","overlay-opacity":"","overlay-gradient":""},"mobile":{"background-color":"","background-image":"","background-repeat":"repeat","background-position":"center center","background-size":"auto","background-attachment":"scroll","background-type":"","background-media":"","overlay-type":"","overlay-color":"","overlay-opacity":"","overlay-gradient":""}},"ast-content-background-meta":{"desktop":{"background-color":"var(--ast-global-color-5)","background-image":"","background-repeat":"repeat","background-position":"center center","background-size":"auto","background-attachment":"scroll","background-type":"","background-media":"","overlay-type":"","overlay-color":"","overlay-opacity":"","overlay-gradient":""},"tablet":{"background-color":"var(--ast-global-color-5)","background-image":"","background-repeat":"repeat","background-position":"center center","background-size":"auto","background-attachment":"scroll","background-type":"","background-media":"","overlay-type":"","overlay-color":"","overlay-opacity":"","overlay-gradient":""},"mobile":{"background-color":"var(--ast-global-color-5)","background-image":"","background-repeat":"repeat","background-position":"center center","background-size":"auto","background-attachment":"scroll","background-type":"","background-media":"","overlay-type":"","overlay-color":"","overlay-opacity":"","overlay-gradient":""}},"footnotes":""},"class_list":["post-3561","page","type-page","status-publish","has-post-thumbnail","hentry"],"yoast_head":"<!-- This site is optimized with the Yoast SEO Premium plugin v24.2 (Yoast SEO v24.6) - https:\/\/yoast.com\/wordpress\/plugins\/seo\/ -->\n<title>La humanidad terrena - Uni\u00f3n Esp\u00edrita<\/title>\n<meta name=\"robots\" content=\"index, follow, max-snippet:-1, max-image-preview:large, max-video-preview:-1\" \/>\n<link rel=\"canonical\" href=\"https:\/\/nuevo-renacer.com\/tr\/la-humanidad-terrena\/\" \/>\n<meta property=\"og:locale\" content=\"tr_TR\" \/>\n<meta property=\"og:type\" content=\"article\" \/>\n<meta property=\"og:title\" content=\"La humanidad terrena\" \/>\n<meta property=\"og:description\" content=\"La humanidad terrena Del libro: El Evangelio seg\u00fan el espiritismo \u2013 Allan Kardec Nos asombramos de encontrar en la Tierra tanta maldad y malas pasiones, tantas miserias y enfermedades de todo tipo, e inferimos de ah\u00ed que la especie humana es una triste cosa. Este juicio proviene del punto de vista limitado en que nos [&hellip;]\" \/>\n<meta property=\"og:url\" content=\"https:\/\/nuevo-renacer.com\/tr\/la-humanidad-terrena\/\" \/>\n<meta property=\"og:site_name\" content=\"Uni\u00f3n Esp\u00edrita\" \/>\n<meta property=\"article:publisher\" content=\"https:\/\/www.facebook.com\/groups\/3431398063740829\" \/>\n<meta property=\"article:modified_time\" content=\"2024-07-10T09:22:40+00:00\" \/>\n<meta property=\"og:image\" content=\"https:\/\/nuevo-renacer.com\/wp-content\/uploads\/2024\/07\/51J-xXcEAQL._AC_UF8941000_QL80_.jpg\" \/>\n\t<meta property=\"og:image:width\" content=\"894\" \/>\n\t<meta property=\"og:image:height\" content=\"894\" \/>\n\t<meta property=\"og:image:type\" content=\"image\/jpeg\" \/>\n<meta name=\"twitter:card\" content=\"summary_large_image\" \/>\n<meta name=\"twitter:label1\" content=\"Tahmini okuma s\u00fcresi\" \/>\n\t<meta name=\"twitter:data1\" content=\"2 dakika\" \/>\n<script type=\"application\/ld+json\" class=\"yoast-schema-graph\">{\"@context\":\"https:\/\/schema.org\",\"@graph\":[{\"@type\":\"WebPage\",\"@id\":\"https:\/\/nuevo-renacer.com\/la-humanidad-terrena\/\",\"url\":\"https:\/\/nuevo-renacer.com\/la-humanidad-terrena\/\",\"name\":\"La humanidad terrena - Uni\u00f3n Esp\u00edrita\",\"isPartOf\":{\"@id\":\"https:\/\/nuevo-renacer.com\/#website\"},\"primaryImageOfPage\":{\"@id\":\"https:\/\/nuevo-renacer.com\/la-humanidad-terrena\/#primaryimage\"},\"image\":{\"@id\":\"https:\/\/nuevo-renacer.com\/la-humanidad-terrena\/#primaryimage\"},\"thumbnailUrl\":\"https:\/\/nuevo-renacer.com\/wp-content\/uploads\/2024\/07\/51J-xXcEAQL._AC_UF8941000_QL80_.jpg\",\"datePublished\":\"2024-07-10T09:16:10+00:00\",\"dateModified\":\"2024-07-10T09:22:40+00:00\",\"breadcrumb\":{\"@id\":\"https:\/\/nuevo-renacer.com\/la-humanidad-terrena\/#breadcrumb\"},\"inLanguage\":\"tr\",\"potentialAction\":[{\"@type\":\"ReadAction\",\"target\":[\"https:\/\/nuevo-renacer.com\/la-humanidad-terrena\/\"]}]},{\"@type\":\"ImageObject\",\"inLanguage\":\"tr\",\"@id\":\"https:\/\/nuevo-renacer.com\/la-humanidad-terrena\/#primaryimage\",\"url\":\"https:\/\/nuevo-renacer.com\/wp-content\/uploads\/2024\/07\/51J-xXcEAQL._AC_UF8941000_QL80_.jpg\",\"contentUrl\":\"https:\/\/nuevo-renacer.com\/wp-content\/uploads\/2024\/07\/51J-xXcEAQL._AC_UF8941000_QL80_.jpg\",\"width\":894,\"height\":894},{\"@type\":\"BreadcrumbList\",\"@id\":\"https:\/\/nuevo-renacer.com\/la-humanidad-terrena\/#breadcrumb\",\"itemListElement\":[{\"@type\":\"ListItem\",\"position\":1,\"name\":\"Startseite\",\"item\":\"https:\/\/nuevo-renacer.com\/\"},{\"@type\":\"ListItem\",\"position\":2,\"name\":\"La humanidad terrena\"}]},{\"@type\":\"WebSite\",\"@id\":\"https:\/\/nuevo-renacer.com\/#website\",\"url\":\"https:\/\/nuevo-renacer.com\/\",\"name\":\"Uni\u00f3n Esp\u00edrita\",\"description\":\"Nuevo Renacer\",\"publisher\":{\"@id\":\"https:\/\/nuevo-renacer.com\/#organization\"},\"potentialAction\":[{\"@type\":\"SearchAction\",\"target\":{\"@type\":\"EntryPoint\",\"urlTemplate\":\"https:\/\/nuevo-renacer.com\/?s={search_term_string}\"},\"query-input\":{\"@type\":\"PropertyValueSpecification\",\"valueRequired\":true,\"valueName\":\"search_term_string\"}}],\"inLanguage\":\"tr\"},{\"@type\":\"Organization\",\"@id\":\"https:\/\/nuevo-renacer.com\/#organization\",\"name\":\"UFEC\",\"url\":\"https:\/\/nuevo-renacer.com\/\",\"logo\":{\"@type\":\"ImageObject\",\"inLanguage\":\"tr\",\"@id\":\"https:\/\/nuevo-renacer.com\/#\/schema\/logo\/image\/\",\"url\":\"https:\/\/nuevo-renacer.com\/wp-content\/uploads\/2024\/05\/cropped-LOGO-TERMINADO1-3-3.png\",\"contentUrl\":\"https:\/\/nuevo-renacer.com\/wp-content\/uploads\/2024\/05\/cropped-LOGO-TERMINADO1-3-3.png\",\"width\":512,\"height\":512,\"caption\":\"UFEC\"},\"image\":{\"@id\":\"https:\/\/nuevo-renacer.com\/#\/schema\/logo\/image\/\"},\"sameAs\":[\"https:\/\/www.facebook.com\/groups\/3431398063740829\"]}]}<\/script>\n<!-- \/ Yoast SEO Premium plugin. -->","yoast_head_json":{"title":"La humanidad terrena - Uni\u00f3n Esp\u00edrita","robots":{"index":"index","follow":"follow","max-snippet":"max-snippet:-1","max-image-preview":"max-image-preview:large","max-video-preview":"max-video-preview:-1"},"canonical":"https:\/\/nuevo-renacer.com\/tr\/la-humanidad-terrena\/","og_locale":"tr_TR","og_type":"article","og_title":"La humanidad terrena","og_description":"La humanidad terrena Del libro: El Evangelio seg\u00fan el espiritismo \u2013 Allan Kardec Nos asombramos de encontrar en la Tierra tanta maldad y malas pasiones, tantas miserias y enfermedades de todo tipo, e inferimos de ah\u00ed que la especie humana es una triste cosa. Este juicio proviene del punto de vista limitado en que nos [&hellip;]","og_url":"https:\/\/nuevo-renacer.com\/tr\/la-humanidad-terrena\/","og_site_name":"Uni\u00f3n Esp\u00edrita","article_publisher":"https:\/\/www.facebook.com\/groups\/3431398063740829","article_modified_time":"2024-07-10T09:22:40+00:00","og_image":[{"width":894,"height":894,"url":"https:\/\/nuevo-renacer.com\/wp-content\/uploads\/2024\/07\/51J-xXcEAQL._AC_UF8941000_QL80_.jpg","type":"image\/jpeg"}],"twitter_card":"summary_large_image","twitter_misc":{"Tahmini okuma s\u00fcresi":"2 dakika"},"schema":{"@context":"https:\/\/schema.org","@graph":[{"@type":"WebPage","@id":"https:\/\/nuevo-renacer.com\/la-humanidad-terrena\/","url":"https:\/\/nuevo-renacer.com\/la-humanidad-terrena\/","name":"La humanidad terrena - Uni\u00f3n Esp\u00edrita","isPartOf":{"@id":"https:\/\/nuevo-renacer.com\/#website"},"primaryImageOfPage":{"@id":"https:\/\/nuevo-renacer.com\/la-humanidad-terrena\/#primaryimage"},"image":{"@id":"https:\/\/nuevo-renacer.com\/la-humanidad-terrena\/#primaryimage"},"thumbnailUrl":"https:\/\/nuevo-renacer.com\/wp-content\/uploads\/2024\/07\/51J-xXcEAQL._AC_UF8941000_QL80_.jpg","datePublished":"2024-07-10T09:16:10+00:00","dateModified":"2024-07-10T09:22:40+00:00","breadcrumb":{"@id":"https:\/\/nuevo-renacer.com\/la-humanidad-terrena\/#breadcrumb"},"inLanguage":"tr","potentialAction":[{"@type":"ReadAction","target":["https:\/\/nuevo-renacer.com\/la-humanidad-terrena\/"]}]},{"@type":"ImageObject","inLanguage":"tr","@id":"https:\/\/nuevo-renacer.com\/la-humanidad-terrena\/#primaryimage","url":"https:\/\/nuevo-renacer.com\/wp-content\/uploads\/2024\/07\/51J-xXcEAQL._AC_UF8941000_QL80_.jpg","contentUrl":"https:\/\/nuevo-renacer.com\/wp-content\/uploads\/2024\/07\/51J-xXcEAQL._AC_UF8941000_QL80_.jpg","width":894,"height":894},{"@type":"BreadcrumbList","@id":"https:\/\/nuevo-renacer.com\/la-humanidad-terrena\/#breadcrumb","itemListElement":[{"@type":"ListItem","position":1,"name":"Startseite","item":"https:\/\/nuevo-renacer.com\/"},{"@type":"ListItem","position":2,"name":"La humanidad terrena"}]},{"@type":"WebSite","@id":"https:\/\/nuevo-renacer.com\/#website","url":"https:\/\/nuevo-renacer.com\/","name":"Uni\u00f3n Esp\u00edrita","description":"Nuevo Renacer","publisher":{"@id":"https:\/\/nuevo-renacer.com\/#organization"},"potentialAction":[{"@type":"SearchAction","target":{"@type":"EntryPoint","urlTemplate":"https:\/\/nuevo-renacer.com\/?s={search_term_string}"},"query-input":{"@type":"PropertyValueSpecification","valueRequired":true,"valueName":"search_term_string"}}],"inLanguage":"tr"},{"@type":"Organization","@id":"https:\/\/nuevo-renacer.com\/#organization","name":"UFEC","url":"https:\/\/nuevo-renacer.com\/","logo":{"@type":"ImageObject","inLanguage":"tr","@id":"https:\/\/nuevo-renacer.com\/#\/schema\/logo\/image\/","url":"https:\/\/nuevo-renacer.com\/wp-content\/uploads\/2024\/05\/cropped-LOGO-TERMINADO1-3-3.png","contentUrl":"https:\/\/nuevo-renacer.com\/wp-content\/uploads\/2024\/05\/cropped-LOGO-TERMINADO1-3-3.png","width":512,"height":512,"caption":"UFEC"},"image":{"@id":"https:\/\/nuevo-renacer.com\/#\/schema\/logo\/image\/"},"sameAs":["https:\/\/www.facebook.com\/groups\/3431398063740829"]}]}},"uagb_featured_image_src":{"full":["https:\/\/nuevo-renacer.com\/wp-content\/uploads\/2024\/07\/51J-xXcEAQL._AC_UF8941000_QL80_.jpg",894,894,false],"thumbnail":["https:\/\/nuevo-renacer.com\/wp-content\/uploads\/2024\/07\/51J-xXcEAQL._AC_UF8941000_QL80_-150x150.jpg",150,150,true],"medium":["https:\/\/nuevo-renacer.com\/wp-content\/uploads\/2024\/07\/51J-xXcEAQL._AC_UF8941000_QL80_-300x300.jpg",300,300,true],"medium_large":["https:\/\/nuevo-renacer.com\/wp-content\/uploads\/2024\/07\/51J-xXcEAQL._AC_UF8941000_QL80_-768x768.jpg",768,768,true],"large":["https:\/\/nuevo-renacer.com\/wp-content\/uploads\/2024\/07\/51J-xXcEAQL._AC_UF8941000_QL80_.jpg",894,894,false],"1536x1536":["https:\/\/nuevo-renacer.com\/wp-content\/uploads\/2024\/07\/51J-xXcEAQL._AC_UF8941000_QL80_.jpg",894,894,false],"2048x2048":["https:\/\/nuevo-renacer.com\/wp-content\/uploads\/2024\/07\/51J-xXcEAQL._AC_UF8941000_QL80_.jpg",894,894,false],"trp-custom-language-flag":["https:\/\/nuevo-renacer.com\/wp-content\/uploads\/2024\/07\/51J-xXcEAQL._AC_UF8941000_QL80_-12x12.jpg",12,12,true]},"uagb_author_info":{"display_name":"adbv0","author_link":"https:\/\/nuevo-renacer.com\/tr\/author\/adbv0\/"},"uagb_comment_info":0,"uagb_excerpt":"La humanidad terrena Del libro: El Evangelio seg\u00fan el espiritismo \u2013 Allan Kardec Nos asombramos de encontrar en la Tierra tanta maldad y malas pasiones, tantas miserias y enfermedades de todo tipo, e inferimos de ah\u00ed que la especie humana es una triste cosa. Este juicio proviene del punto de vista limitado en que nos&hellip;","jetpack_sharing_enabled":true,"_links":{"self":[{"href":"https:\/\/nuevo-renacer.com\/tr\/wp-json\/wp\/v2\/pages\/3561","targetHints":{"allow":["GET"]}}],"collection":[{"href":"https:\/\/nuevo-renacer.com\/tr\/wp-json\/wp\/v2\/pages"}],"about":[{"href":"https:\/\/nuevo-renacer.com\/tr\/wp-json\/wp\/v2\/types\/page"}],"author":[{"embeddable":true,"href":"https:\/\/nuevo-renacer.com\/tr\/wp-json\/wp\/v2\/users\/1"}],"replies":[{"embeddable":true,"href":"https:\/\/nuevo-renacer.com\/tr\/wp-json\/wp\/v2\/comments?post=3561"}],"version-history":[{"count":1,"href":"https:\/\/nuevo-renacer.com\/tr\/wp-json\/wp\/v2\/pages\/3561\/revisions"}],"predecessor-version":[{"id":3564,"href":"https:\/\/nuevo-renacer.com\/tr\/wp-json\/wp\/v2\/pages\/3561\/revisions\/3564"}],"wp:featuredmedia":[{"embeddable":true,"href":"https:\/\/nuevo-renacer.com\/tr\/wp-json\/wp\/v2\/media\/3563"}],"wp:attachment":[{"href":"https:\/\/nuevo-renacer.com\/tr\/wp-json\/wp\/v2\/media?parent=3561"}],"curies":[{"name":"wp","href":"https:\/\/api.w.org\/{rel}","templated":true}]}}