{"id":3556,"date":"2024-07-10T08:56:11","date_gmt":"2024-07-10T08:56:11","guid":{"rendered":"https:\/\/ufec-mundial.com\/?page_id=3556"},"modified":"2024-12-21T09:19:18","modified_gmt":"2024-12-21T09:19:18","slug":"la-vida-en-los-mundos-superiores","status":"publish","type":"page","link":"https:\/\/nuevo-renacer.com\/tr\/la-vida-en-los-mundos-superiores\/","title":{"rendered":"Y\u00fcksek d\u00fcnyalardaki ya\u015fam"},"content":{"rendered":"<div class=\"wp-block-uagb-container uagb-block-5d18f1df alignfull uagb-is-root-container\"><div class=\"uagb-container-inner-blocks-wrap\">\n<p class=\"has-black-color has-text-color has-link-color has-medium-font-size wp-elements-08cfc34772b47115443a6ad2041579e3\"><strong>Y\u00fcksek d\u00fcnyalardaki ya\u015fam<\/strong><\/p>\n\n\n\n<p class=\"has-black-color has-text-color has-link-color has-medium-font-size wp-elements-37d3320206a9b8afa52629819a26401a\"><strong>Kitaptan: Ruh\u00e7ulu\u011fa g\u00f6re \u0130ncil-Allan Kardec<\/strong><\/p>\n<\/div><\/div>\n\n\n\n<div class=\"wp-block-uagb-container uagb-block-fe8d5d7f alignfull uagb-is-root-container\"><div class=\"uagb-container-inner-blocks-wrap\">\n<figure class=\"wp-block-image size-large is-resized\"><img fetchpriority=\"high\" decoding=\"async\" width=\"1024\" height=\"796\" src=\"https:\/\/ufec-mundial.com\/wp-content\/uploads\/2024\/07\/l7JSnggJxUgMtsBMM0J8-4-y5alv-1024x796.webp\" alt=\"\" class=\"wp-image-3557\" style=\"width:395px;height:auto\" srcset=\"https:\/\/nuevo-renacer.com\/wp-content\/uploads\/2024\/07\/l7JSnggJxUgMtsBMM0J8-4-y5alv-1024x796.webp 1024w, https:\/\/nuevo-renacer.com\/wp-content\/uploads\/2024\/07\/l7JSnggJxUgMtsBMM0J8-4-y5alv-300x233.webp 300w, https:\/\/nuevo-renacer.com\/wp-content\/uploads\/2024\/07\/l7JSnggJxUgMtsBMM0J8-4-y5alv-768x597.webp 768w, https:\/\/nuevo-renacer.com\/wp-content\/uploads\/2024\/07\/l7JSnggJxUgMtsBMM0J8-4-y5alv-15x12.webp 15w, https:\/\/nuevo-renacer.com\/wp-content\/uploads\/2024\/07\/l7JSnggJxUgMtsBMM0J8-4-y5alv.webp 1152w\" sizes=\"(max-width: 1024px) 100vw, 1024px\" \/><\/figure>\n<\/div><\/div>\n\n\n\n<div class=\"wp-block-uagb-container uagb-block-b2e2d189 alignfull uagb-is-root-container\"><div class=\"uagb-container-inner-blocks-wrap\">\n<p class=\"has-black-color has-text-color has-link-color has-small-font-size wp-elements-702213341c618d67ac4726352ceca8bc\">Daha y\u00fcksek bir dereceye ula\u015ft\u0131klar\u0131 d\u00fcnyalarda, ahlaki ve maddi ya\u015fam ko\u015fullar\u0131, alt d\u00fcnyalar\u0131n ko\u015fullar\u0131ndan \u00e7ok farkl\u0131d\u0131r. D\u00fcnya&#039;n\u0131n karakteristik ko\u015fullar\u0131ndan bile farkl\u0131d\u0131r. V\u00fccudun \u015fekli her zaman ve her yerde oldu\u011fu gibi insan formuysa, bu g\u00fczel, sofistike ve hepsinden \u00f6nemlisi safla\u015ft\u0131r\u0131lm\u0131\u015ft\u0131r. V\u00fccut tamamen maddesel topraktan yoksundur ve bu nedenle, maddenin bask\u0131nl\u0131\u011f\u0131ndan kaynaklanan gerekliliklere veya hastal\u0131\u011fa veya hasara tabi de\u011fildir. Duyular, daha rafine, v\u00fccudumuzun do\u011fas\u0131n\u0131n embotan oldu\u011funa dair alg\u0131lara sahiptir. Bedenlere \u00f6zg\u00fc hafiflik, hareketin h\u0131zl\u0131 olmas\u0131n\u0131 sa\u011flar ve zorluk \u00e7\u0131karmaz: yerde ac\u0131 verici bir \u015fekilde s\u00fcr\u00fcnmek yerine, tabiri caizse y\u00fczeyde s\u00fcz\u00fclmek veya iradenin ba\u015fka bir \u00e7abas\u0131 olmadan atmosferde as\u0131l\u0131 kalmak yerine, melekleri temsil etti\u011fi gibi, ya da ayn\u0131 \u015fekilde, ayn\u0131 \u015fekilde, ayn\u0131 \u015fekilde, ayn\u0131 \u015fekilde, ayn\u0131 \u015fekilde, ayn\u0131 \u015fekilde, ayn\u0131 \u015fekilde, ayn\u0131 \u015fekilde, ayn\u0131 \u015fekilde, ayn\u0131 \u015fekilde, ayn\u0131 \u015fekilde, ayn\u0131 \u015fekilde, ayn\u0131 \u015fekilde, ayn\u0131 \u015fekilde, ayn\u0131 \u015fekilde, ayn\u0131 \u015fekilde, ayn\u0131 \u015fekilde, ayn\u0131 \u015fekilde, ayn\u0131 \u015fekilde, ayn\u0131 \u015fekilde, ayn\u0131 \u015fekilde, ayn\u0131 \u015fekilde, ayn\u0131 \u015fekilde, ayn\u0131 \u015fekilde eskiler, Champs-\u00c9lys\u00e9es&#039;in yelelerini g\u00f6r\u00fcyorlard\u0131. \u0130nsanlar g\u00f6\u00e7 ge\u00e7mi\u015flerinin \u00f6zelliklerini iyi derecede korudular ve tan\u0131\u015ft\u0131klar\u0131 gibi arkada\u015flar\u0131na g\u00f6r\u00fcnd\u00fcler, ancak her zaman y\u00fcksek olan i\u00e7sel izlenimlerle \u015fekillenen ilahi bir \u0131\u015f\u0131kla ayd\u0131nland\u0131lar. Ressamlar\u0131n azizlerin sa\u00e7 band\u0131na veya halesine \u00e7evrildi\u011fi o par\u0131lt\u0131y\u0131 yayan ac\u0131lar ve tutkular, zeka ve ya\u015famdan b\u0131km\u0131\u015f, cans\u0131z y\u00fczler yerine.<\/p>\n\n\n\n<p class=\"has-black-color has-text-color has-link-color has-small-font-size wp-elements-693baa2478c5b2d009877b284321b5de\">\u00d6znenin zaten \u00e7ok geli\u015fmi\u015f Ruhlara sundu\u011fu az diren\u00e7, bedenlerin h\u0131zl\u0131 geli\u015fmesine ve \u00e7ocuklu\u011fun k\u0131sa veya neredeyse hi\u00e7 olmamas\u0131na neden olur. Hayat, endi\u015fe ve s\u0131k\u0131nt\u0131lardan ar\u0131nm\u0131\u015f, D\u00fcnya&#039;dakinden orant\u0131l\u0131 olarak \u00e7ok daha uzundur. Prensip olarak, uzun \u00f6m\u00fcr, d\u00fcnyalar\u0131n ilerleme derecesi ile ilgilidir. \u00d6l\u00fcm, \u00e7\u00fcr\u00fcmenin deh\u015fetinden hi\u00e7birine sahip de\u011fildir ve ter\u00f6r\u00fcn bir nedeni olmaktan uzak, mutlu bir d\u00f6n\u00fc\u015f\u00fcm olarak kabul edilir, \u00e7\u00fcnk\u00fc bu d\u00fcnyalarda gelecekle ilgili \u015f\u00fcphe yoktur. Ya\u015fam boyunca, ruh bir maddeye hapsedilmedi\u011finden kompakt, yayar ve onu neredeyse kal\u0131c\u0131 bir \u00f6zg\u00fcrle\u015fme durumuna sokan ve d\u00fc\u015f\u00fcncenin serbest ak\u0131\u015f\u0131na izin veren bir netli\u011fe sahiptir.<\/p>\n\n\n\n<p class=\"has-black-color has-text-color has-link-color has-small-font-size wp-elements-43cbd9ec8bb7493bd3fffd2bc181ab3c\">O mutlu d\u00fcnyalarda, insanlar aras\u0131ndaki ili\u015fkiler, her zaman arkada\u015f canl\u0131s\u0131, kom\u015fuyu k\u00f6lele\u015ftirme h\u0131rs\u0131ndan ya da bunun sonucu olan sava\u015ftan asla rahats\u0131z olmaz. Do\u011fu\u015ftan sahip ya da k\u00f6le ya da ayr\u0131cal\u0131kl\u0131 yoktur. Sadece ahlaki \u00fcst\u00fcnl\u00fck ve entelekt\u00fcel, ko\u015fullar\u0131n farkl\u0131l\u0131\u011f\u0131n\u0131 belirler ve \u00fcst\u00fcnl\u00fc\u011f\u00fc sa\u011flar. Otoriteye her zaman sayg\u0131 duyulur, \u00e7\u00fcnk\u00fc yaln\u0131zca liyakate verilir ve her zaman adaletle icra edilir. Adam, adam hakk\u0131nda y\u00fckselmeye de\u011fil, rafine edilmek i\u00e7in kendisi hakk\u0131nda y\u00fckselmeye \u00e7al\u0131\u015ft\u0131. Amac\u0131n\u0131z saf Ruhlar kategorisine ula\u015fmakt\u0131r ve devam eden arzu bir i\u015fkence de\u011fil, onlara yeti\u015fmek i\u00e7in yanarak \u00e7al\u0131\u015fmay\u0131 sa\u011flayan asil bir h\u0131rst\u0131r. \u0130nsan do\u011fas\u0131n\u0131n t\u00fcm hassas duygular\u0131 ve y\u00fckselmi\u015fli\u011fi orada artm\u0131\u015f ve safla\u015ft\u0131r\u0131lm\u0131\u015f olarak bulunacakt\u0131r. Nefret, k\u0131skan\u00e7l\u0131k, k\u00fc\u00e7\u00fck ve al\u00e7ak a\u00e7g\u00f6zl\u00fcl\u00fck ve k\u0131skan\u00e7l\u0131k bilinmemektedir. Sevgi ve karde\u015flik ba\u011f\u0131 t\u00fcm insanlar\u0131 birle\u015ftirir ve ne kadar g\u00fc\u00e7l\u00fcyse o kadar zay\u0131fa yard\u0131m eder. Zekalar\u0131yla edindiklerine g\u00f6re az ya da \u00e7ok miktarda m\u00fclke sahip olmak, ancak gerekli olan\u0131n eksikli\u011finden kimse ac\u0131 \u00e7ekmez, \u00e7\u00fcnk\u00fc kefaret s\u00fcrecinde kimse yoktur. Tek kelimeyle, o d\u00fcnyalarda k\u00f6t\u00fcl\u00fck yoktur.<\/p>\n\n\n\n<p class=\"has-black-color has-text-color has-link-color has-small-font-size wp-elements-7e0e736f8c2c1e82365429f929f8d445\">D\u00fcnyan\u0131zda kendinizi iyi hissetmek i\u00e7in k\u00f6t\u00fcye, \u0131\u015f\u0131\u011fa hayran olmak i\u00e7in geceye, sa\u011fl\u0131\u011f\u0131 de\u011ferlendirmek i\u00e7in hastal\u0131\u011fa ihtiyac\u0131n\u0131z vard\u0131r. Buna kar\u015f\u0131l\u0131k, mutlu d\u00fcnyalarda bu z\u0131tl\u0131klar gerekli de\u011fildir. Ebedi \u0131\u015f\u0131k, ebedi g\u00fczellik, ruhun ebedi huzuru, maddi ya\u015fam\u0131n kayg\u0131lar\u0131ndan rahats\u0131z olmayan ya da k\u00f6t\u00fcl\u00fckle temastan rahats\u0131z olmayan, eri\u015fimi olmayan sonsuz bir mutluluk sa\u011flar. Bu, insan ruhunun anlamada en b\u00fcy\u00fck zorlu\u011fa sahip oldu\u011fu \u015feydir. Cehennemin i\u015fkencelerini resmetmek ak\u0131ll\u0131cayd\u0131, ama Cennetin tad\u0131n\u0131 asla hayal edemezdi. Ni\u00e7in? \u00c7\u00fcnk\u00fc alt benlik, yaln\u0131zca ac\u0131 ve \u0131st\u0131rap \u00e7ekti ve cennetin a\u00e7\u0131kl\u0131klar\u0131n\u0131 hi\u00e7 g\u00f6rmedi. Sadece bildiklerinden bahsedebilir. Ancak, y\u00fckseldik\u00e7e ve temizlenecekken, ufkunuz geni\u015fler ve geride b\u0131rakt\u0131klar\u0131 k\u00f6t\u00fcl\u00fc\u011f\u00fc anlad\u0131\u011f\u0131 gibi, kendi \u00f6n\u00fcndeki iyili\u011fi de anlar.<\/p>\n<\/div><\/div>\n\n\n\n<div class=\"wp-block-uagb-container uagb-block-33c7faee alignfull uagb-is-root-container\"><div class=\"uagb-container-inner-blocks-wrap\"><\/div><\/div>\n\n\n\n<div class=\"wp-block-uagb-container uagb-block-86483d83 alignfull uagb-is-root-container\"><div class=\"uagb-container-inner-blocks-wrap\"><\/div><\/div>","protected":false},"excerpt":{"rendered":"<p>La vida en los mundos superiores Del libro: El Evangelio seg\u00fan el espiritismo \u2013 Allan Kardec En los mundos que han llegado a un grado superior, las condiciones de la vida moral y material son muy distintas a las de los mundos inferiores. Incluso difieren de las condiciones propias de la Tierra. Si bien la [&hellip;]<\/p>","protected":false},"author":1,"featured_media":3557,"parent":0,"menu_order":0,"comment_status":"closed","ping_status":"closed","template":"","meta":{"_uag_custom_page_level_css":"","site-sidebar-layout":"default","site-content-layout":"","ast-site-content-layout":"default","site-content-style":"default","site-sidebar-style":"default","ast-global-header-display":"","ast-banner-title-visibility":"","ast-main-header-display":"","ast-hfb-above-header-display":"","ast-hfb-below-header-display":"","ast-hfb-mobile-header-display":"","site-post-title":"disabled","ast-breadcrumbs-content":"","ast-featured-img":"","footer-sml-layout":"","theme-transparent-header-meta":"","adv-header-id-meta":"","stick-header-meta":"","header-above-stick-meta":"","header-main-stick-meta":"","header-below-stick-meta":"","astra-migrate-meta-layouts":"set","ast-page-background-enabled":"default","ast-page-background-meta":{"desktop":{"background-color":"var(--ast-global-color-4)","background-image":"","background-repeat":"repeat","background-position":"center center","background-size":"auto","background-attachment":"scroll","background-type":"","background-media":"","overlay-type":"","overlay-color":"","overlay-opacity":"","overlay-gradient":""},"tablet":{"background-color":"","background-image":"","background-repeat":"repeat","background-position":"center center","background-size":"auto","background-attachment":"scroll","background-type":"","background-media":"","overlay-type":"","overlay-color":"","overlay-opacity":"","overlay-gradient":""},"mobile":{"background-color":"","background-image":"","background-repeat":"repeat","background-position":"center center","background-size":"auto","background-attachment":"scroll","background-type":"","background-media":"","overlay-type":"","overlay-color":"","overlay-opacity":"","overlay-gradient":""}},"ast-content-background-meta":{"desktop":{"background-color":"var(--ast-global-color-5)","background-image":"","background-repeat":"repeat","background-position":"center center","background-size":"auto","background-attachment":"scroll","background-type":"","background-media":"","overlay-type":"","overlay-color":"","overlay-opacity":"","overlay-gradient":""},"tablet":{"background-color":"var(--ast-global-color-5)","background-image":"","background-repeat":"repeat","background-position":"center center","background-size":"auto","background-attachment":"scroll","background-type":"","background-media":"","overlay-type":"","overlay-color":"","overlay-opacity":"","overlay-gradient":""},"mobile":{"background-color":"var(--ast-global-color-5)","background-image":"","background-repeat":"repeat","background-position":"center center","background-size":"auto","background-attachment":"scroll","background-type":"","background-media":"","overlay-type":"","overlay-color":"","overlay-opacity":"","overlay-gradient":""}},"footnotes":""},"class_list":["post-3556","page","type-page","status-publish","has-post-thumbnail","hentry"],"yoast_head":"<!-- This site is optimized with the Yoast SEO Premium plugin v24.2 (Yoast SEO v24.6) - https:\/\/yoast.com\/wordpress\/plugins\/seo\/ -->\n<title>La vida en los mundos superiores - Uni\u00f3n Esp\u00edrita<\/title>\n<meta name=\"robots\" content=\"index, follow, max-snippet:-1, max-image-preview:large, max-video-preview:-1\" \/>\n<link rel=\"canonical\" href=\"https:\/\/nuevo-renacer.com\/tr\/la-vida-en-los-mundos-superiores\/\" \/>\n<meta property=\"og:locale\" content=\"tr_TR\" \/>\n<meta property=\"og:type\" content=\"article\" \/>\n<meta property=\"og:title\" content=\"La vida en los mundos superiores\" \/>\n<meta property=\"og:description\" content=\"La vida en los mundos superiores Del libro: El Evangelio seg\u00fan el espiritismo \u2013 Allan Kardec En los mundos que han llegado a un grado superior, las condiciones de la vida moral y material son muy distintas a las de los mundos inferiores. Incluso difieren de las condiciones propias de la Tierra. Si bien la [&hellip;]\" \/>\n<meta property=\"og:url\" content=\"https:\/\/nuevo-renacer.com\/tr\/la-vida-en-los-mundos-superiores\/\" \/>\n<meta property=\"og:site_name\" content=\"Uni\u00f3n Esp\u00edrita\" \/>\n<meta property=\"article:publisher\" content=\"https:\/\/www.facebook.com\/groups\/3431398063740829\" \/>\n<meta property=\"article:modified_time\" content=\"2024-12-21T09:19:18+00:00\" \/>\n<meta property=\"og:image\" content=\"https:\/\/nuevo-renacer.com\/wp-content\/uploads\/2024\/07\/l7JSnggJxUgMtsBMM0J8-4-y5alv.webp\" \/>\n\t<meta property=\"og:image:width\" content=\"1152\" \/>\n\t<meta property=\"og:image:height\" content=\"896\" \/>\n\t<meta property=\"og:image:type\" content=\"image\/webp\" \/>\n<meta name=\"twitter:card\" content=\"summary_large_image\" \/>\n<meta name=\"twitter:label1\" content=\"Tahmini okuma s\u00fcresi\" \/>\n\t<meta name=\"twitter:data1\" content=\"4 dakika\" \/>\n<script type=\"application\/ld+json\" class=\"yoast-schema-graph\">{\"@context\":\"https:\/\/schema.org\",\"@graph\":[{\"@type\":\"WebPage\",\"@id\":\"https:\/\/nuevo-renacer.com\/la-vida-en-los-mundos-superiores\/\",\"url\":\"https:\/\/nuevo-renacer.com\/la-vida-en-los-mundos-superiores\/\",\"name\":\"La vida en los mundos superiores - Uni\u00f3n Esp\u00edrita\",\"isPartOf\":{\"@id\":\"https:\/\/nuevo-renacer.com\/#website\"},\"primaryImageOfPage\":{\"@id\":\"https:\/\/nuevo-renacer.com\/la-vida-en-los-mundos-superiores\/#primaryimage\"},\"image\":{\"@id\":\"https:\/\/nuevo-renacer.com\/la-vida-en-los-mundos-superiores\/#primaryimage\"},\"thumbnailUrl\":\"https:\/\/nuevo-renacer.com\/wp-content\/uploads\/2024\/07\/l7JSnggJxUgMtsBMM0J8-4-y5alv.webp\",\"datePublished\":\"2024-07-10T08:56:11+00:00\",\"dateModified\":\"2024-12-21T09:19:18+00:00\",\"breadcrumb\":{\"@id\":\"https:\/\/nuevo-renacer.com\/la-vida-en-los-mundos-superiores\/#breadcrumb\"},\"inLanguage\":\"tr\",\"potentialAction\":[{\"@type\":\"ReadAction\",\"target\":[\"https:\/\/nuevo-renacer.com\/la-vida-en-los-mundos-superiores\/\"]}]},{\"@type\":\"ImageObject\",\"inLanguage\":\"tr\",\"@id\":\"https:\/\/nuevo-renacer.com\/la-vida-en-los-mundos-superiores\/#primaryimage\",\"url\":\"https:\/\/nuevo-renacer.com\/wp-content\/uploads\/2024\/07\/l7JSnggJxUgMtsBMM0J8-4-y5alv.webp\",\"contentUrl\":\"https:\/\/nuevo-renacer.com\/wp-content\/uploads\/2024\/07\/l7JSnggJxUgMtsBMM0J8-4-y5alv.webp\",\"width\":1152,\"height\":896},{\"@type\":\"BreadcrumbList\",\"@id\":\"https:\/\/nuevo-renacer.com\/la-vida-en-los-mundos-superiores\/#breadcrumb\",\"itemListElement\":[{\"@type\":\"ListItem\",\"position\":1,\"name\":\"Startseite\",\"item\":\"https:\/\/nuevo-renacer.com\/\"},{\"@type\":\"ListItem\",\"position\":2,\"name\":\"La vida en los mundos superiores\"}]},{\"@type\":\"WebSite\",\"@id\":\"https:\/\/nuevo-renacer.com\/#website\",\"url\":\"https:\/\/nuevo-renacer.com\/\",\"name\":\"Uni\u00f3n Esp\u00edrita\",\"description\":\"Nuevo Renacer\",\"publisher\":{\"@id\":\"https:\/\/nuevo-renacer.com\/#organization\"},\"potentialAction\":[{\"@type\":\"SearchAction\",\"target\":{\"@type\":\"EntryPoint\",\"urlTemplate\":\"https:\/\/nuevo-renacer.com\/?s={search_term_string}\"},\"query-input\":{\"@type\":\"PropertyValueSpecification\",\"valueRequired\":true,\"valueName\":\"search_term_string\"}}],\"inLanguage\":\"tr\"},{\"@type\":\"Organization\",\"@id\":\"https:\/\/nuevo-renacer.com\/#organization\",\"name\":\"UFEC\",\"url\":\"https:\/\/nuevo-renacer.com\/\",\"logo\":{\"@type\":\"ImageObject\",\"inLanguage\":\"tr\",\"@id\":\"https:\/\/nuevo-renacer.com\/#\/schema\/logo\/image\/\",\"url\":\"https:\/\/nuevo-renacer.com\/wp-content\/uploads\/2024\/05\/cropped-LOGO-TERMINADO1-3-3.png\",\"contentUrl\":\"https:\/\/nuevo-renacer.com\/wp-content\/uploads\/2024\/05\/cropped-LOGO-TERMINADO1-3-3.png\",\"width\":512,\"height\":512,\"caption\":\"UFEC\"},\"image\":{\"@id\":\"https:\/\/nuevo-renacer.com\/#\/schema\/logo\/image\/\"},\"sameAs\":[\"https:\/\/www.facebook.com\/groups\/3431398063740829\"]}]}<\/script>\n<!-- \/ Yoast SEO Premium plugin. -->","yoast_head_json":{"title":"La vida en los mundos superiores - Uni\u00f3n Esp\u00edrita","robots":{"index":"index","follow":"follow","max-snippet":"max-snippet:-1","max-image-preview":"max-image-preview:large","max-video-preview":"max-video-preview:-1"},"canonical":"https:\/\/nuevo-renacer.com\/tr\/la-vida-en-los-mundos-superiores\/","og_locale":"tr_TR","og_type":"article","og_title":"La vida en los mundos superiores","og_description":"La vida en los mundos superiores Del libro: El Evangelio seg\u00fan el espiritismo \u2013 Allan Kardec En los mundos que han llegado a un grado superior, las condiciones de la vida moral y material son muy distintas a las de los mundos inferiores. Incluso difieren de las condiciones propias de la Tierra. Si bien la [&hellip;]","og_url":"https:\/\/nuevo-renacer.com\/tr\/la-vida-en-los-mundos-superiores\/","og_site_name":"Uni\u00f3n Esp\u00edrita","article_publisher":"https:\/\/www.facebook.com\/groups\/3431398063740829","article_modified_time":"2024-12-21T09:19:18+00:00","og_image":[{"width":1152,"height":896,"url":"https:\/\/nuevo-renacer.com\/wp-content\/uploads\/2024\/07\/l7JSnggJxUgMtsBMM0J8-4-y5alv.webp","type":"image\/webp"}],"twitter_card":"summary_large_image","twitter_misc":{"Tahmini okuma s\u00fcresi":"4 dakika"},"schema":{"@context":"https:\/\/schema.org","@graph":[{"@type":"WebPage","@id":"https:\/\/nuevo-renacer.com\/la-vida-en-los-mundos-superiores\/","url":"https:\/\/nuevo-renacer.com\/la-vida-en-los-mundos-superiores\/","name":"La vida en los mundos superiores - Uni\u00f3n Esp\u00edrita","isPartOf":{"@id":"https:\/\/nuevo-renacer.com\/#website"},"primaryImageOfPage":{"@id":"https:\/\/nuevo-renacer.com\/la-vida-en-los-mundos-superiores\/#primaryimage"},"image":{"@id":"https:\/\/nuevo-renacer.com\/la-vida-en-los-mundos-superiores\/#primaryimage"},"thumbnailUrl":"https:\/\/nuevo-renacer.com\/wp-content\/uploads\/2024\/07\/l7JSnggJxUgMtsBMM0J8-4-y5alv.webp","datePublished":"2024-07-10T08:56:11+00:00","dateModified":"2024-12-21T09:19:18+00:00","breadcrumb":{"@id":"https:\/\/nuevo-renacer.com\/la-vida-en-los-mundos-superiores\/#breadcrumb"},"inLanguage":"tr","potentialAction":[{"@type":"ReadAction","target":["https:\/\/nuevo-renacer.com\/la-vida-en-los-mundos-superiores\/"]}]},{"@type":"ImageObject","inLanguage":"tr","@id":"https:\/\/nuevo-renacer.com\/la-vida-en-los-mundos-superiores\/#primaryimage","url":"https:\/\/nuevo-renacer.com\/wp-content\/uploads\/2024\/07\/l7JSnggJxUgMtsBMM0J8-4-y5alv.webp","contentUrl":"https:\/\/nuevo-renacer.com\/wp-content\/uploads\/2024\/07\/l7JSnggJxUgMtsBMM0J8-4-y5alv.webp","width":1152,"height":896},{"@type":"BreadcrumbList","@id":"https:\/\/nuevo-renacer.com\/la-vida-en-los-mundos-superiores\/#breadcrumb","itemListElement":[{"@type":"ListItem","position":1,"name":"Startseite","item":"https:\/\/nuevo-renacer.com\/"},{"@type":"ListItem","position":2,"name":"La vida en los mundos superiores"}]},{"@type":"WebSite","@id":"https:\/\/nuevo-renacer.com\/#website","url":"https:\/\/nuevo-renacer.com\/","name":"Uni\u00f3n Esp\u00edrita","description":"Nuevo Renacer","publisher":{"@id":"https:\/\/nuevo-renacer.com\/#organization"},"potentialAction":[{"@type":"SearchAction","target":{"@type":"EntryPoint","urlTemplate":"https:\/\/nuevo-renacer.com\/?s={search_term_string}"},"query-input":{"@type":"PropertyValueSpecification","valueRequired":true,"valueName":"search_term_string"}}],"inLanguage":"tr"},{"@type":"Organization","@id":"https:\/\/nuevo-renacer.com\/#organization","name":"UFEC","url":"https:\/\/nuevo-renacer.com\/","logo":{"@type":"ImageObject","inLanguage":"tr","@id":"https:\/\/nuevo-renacer.com\/#\/schema\/logo\/image\/","url":"https:\/\/nuevo-renacer.com\/wp-content\/uploads\/2024\/05\/cropped-LOGO-TERMINADO1-3-3.png","contentUrl":"https:\/\/nuevo-renacer.com\/wp-content\/uploads\/2024\/05\/cropped-LOGO-TERMINADO1-3-3.png","width":512,"height":512,"caption":"UFEC"},"image":{"@id":"https:\/\/nuevo-renacer.com\/#\/schema\/logo\/image\/"},"sameAs":["https:\/\/www.facebook.com\/groups\/3431398063740829"]}]}},"uagb_featured_image_src":{"full":["https:\/\/nuevo-renacer.com\/wp-content\/uploads\/2024\/07\/l7JSnggJxUgMtsBMM0J8-4-y5alv.webp",1152,896,false],"thumbnail":["https:\/\/nuevo-renacer.com\/wp-content\/uploads\/2024\/07\/l7JSnggJxUgMtsBMM0J8-4-y5alv-150x150.webp",150,150,true],"medium":["https:\/\/nuevo-renacer.com\/wp-content\/uploads\/2024\/07\/l7JSnggJxUgMtsBMM0J8-4-y5alv-300x233.webp",300,233,true],"medium_large":["https:\/\/nuevo-renacer.com\/wp-content\/uploads\/2024\/07\/l7JSnggJxUgMtsBMM0J8-4-y5alv-768x597.webp",768,597,true],"large":["https:\/\/nuevo-renacer.com\/wp-content\/uploads\/2024\/07\/l7JSnggJxUgMtsBMM0J8-4-y5alv-1024x796.webp",1024,796,true],"1536x1536":["https:\/\/nuevo-renacer.com\/wp-content\/uploads\/2024\/07\/l7JSnggJxUgMtsBMM0J8-4-y5alv.webp",1152,896,false],"2048x2048":["https:\/\/nuevo-renacer.com\/wp-content\/uploads\/2024\/07\/l7JSnggJxUgMtsBMM0J8-4-y5alv.webp",1152,896,false],"trp-custom-language-flag":["https:\/\/nuevo-renacer.com\/wp-content\/uploads\/2024\/07\/l7JSnggJxUgMtsBMM0J8-4-y5alv-15x12.webp",15,12,true]},"uagb_author_info":{"display_name":"adbv0","author_link":"https:\/\/nuevo-renacer.com\/tr\/author\/adbv0\/"},"uagb_comment_info":0,"uagb_excerpt":"La vida en los mundos superiores Del libro: El Evangelio seg\u00fan el espiritismo \u2013 Allan Kardec En los mundos que han llegado a un grado superior, las condiciones de la vida moral y material son muy distintas a las de los mundos inferiores. Incluso difieren de las condiciones propias de la Tierra. Si bien la&hellip;","jetpack_sharing_enabled":true,"_links":{"self":[{"href":"https:\/\/nuevo-renacer.com\/tr\/wp-json\/wp\/v2\/pages\/3556","targetHints":{"allow":["GET"]}}],"collection":[{"href":"https:\/\/nuevo-renacer.com\/tr\/wp-json\/wp\/v2\/pages"}],"about":[{"href":"https:\/\/nuevo-renacer.com\/tr\/wp-json\/wp\/v2\/types\/page"}],"author":[{"embeddable":true,"href":"https:\/\/nuevo-renacer.com\/tr\/wp-json\/wp\/v2\/users\/1"}],"replies":[{"embeddable":true,"href":"https:\/\/nuevo-renacer.com\/tr\/wp-json\/wp\/v2\/comments?post=3556"}],"version-history":[{"count":3,"href":"https:\/\/nuevo-renacer.com\/tr\/wp-json\/wp\/v2\/pages\/3556\/revisions"}],"predecessor-version":[{"id":6591,"href":"https:\/\/nuevo-renacer.com\/tr\/wp-json\/wp\/v2\/pages\/3556\/revisions\/6591"}],"wp:featuredmedia":[{"embeddable":true,"href":"https:\/\/nuevo-renacer.com\/tr\/wp-json\/wp\/v2\/media\/3557"}],"wp:attachment":[{"href":"https:\/\/nuevo-renacer.com\/tr\/wp-json\/wp\/v2\/media?parent=3556"}],"curies":[{"name":"wp","href":"https:\/\/api.w.org\/{rel}","templated":true}]}}