{"id":3551,"date":"2024-07-10T08:30:04","date_gmt":"2024-07-10T08:30:04","guid":{"rendered":"https:\/\/ufec-mundial.com\/?page_id=3551"},"modified":"2025-01-08T08:46:30","modified_gmt":"2025-01-08T08:46:30","slug":"mundos-regeneradores","status":"publish","type":"page","link":"https:\/\/nuevo-renacer.com\/tr\/mundos-regeneradores\/","title":{"rendered":"D\u00fcnyalar yenileyiciler"},"content":{"rendered":"<div class=\"wp-block-uagb-container uagb-block-dc9ed871 alignfull uagb-is-root-container\"><div class=\"uagb-container-inner-blocks-wrap\">\n<p class=\"has-black-color has-text-color has-link-color has-medium-font-size wp-elements-a08d5cad2d32bee110aa5a2209acf9b8\"><strong>D\u00fcnyalar yenileyiciler<\/strong><\/p>\n\n\n\n<p class=\"has-black-color has-text-color has-link-color has-medium-font-size wp-elements-37d3320206a9b8afa52629819a26401a\"><strong>Kitaptan: Ruh\u00e7ulu\u011fa g\u00f6re \u0130ncil-Allan Kardec<\/strong><\/p>\n<\/div><\/div>\n\n\n\n<div class=\"wp-block-uagb-container uagb-block-644002fc alignfull uagb-is-root-container\"><div class=\"uagb-container-inner-blocks-wrap\">\n<figure class=\"wp-block-image size-large is-resized\"><img fetchpriority=\"high\" decoding=\"async\" width=\"1024\" height=\"728\" src=\"https:\/\/ufec-mundial.com\/wp-content\/uploads\/2024\/07\/1-1-1024x728.jpg\" alt=\"\" class=\"wp-image-3552\" style=\"width:383px;height:auto\" srcset=\"https:\/\/nuevo-renacer.com\/wp-content\/uploads\/2024\/07\/1-1-1024x728.jpg 1024w, https:\/\/nuevo-renacer.com\/wp-content\/uploads\/2024\/07\/1-1-300x213.jpg 300w, https:\/\/nuevo-renacer.com\/wp-content\/uploads\/2024\/07\/1-1-768x546.jpg 768w, https:\/\/nuevo-renacer.com\/wp-content\/uploads\/2024\/07\/1-1-18x12.jpg 18w, https:\/\/nuevo-renacer.com\/wp-content\/uploads\/2024\/07\/1-1.jpg 1200w\" sizes=\"(max-width: 1024px) 100vw, 1024px\" \/><\/figure>\n<\/div><\/div>\n\n\n\n<div class=\"wp-block-uagb-container uagb-block-7bb63e44 alignfull uagb-is-root-container\"><div class=\"uagb-container-inner-blocks-wrap\">\n<p class=\"has-black-color has-text-color has-link-color has-small-font-size wp-elements-72e1223891d8665b6a54eed072c36d59\">G\u00f6ky\u00fcz\u00fcn\u00fcn tonoz mavisinde parlayan y\u0131ld\u0131zlar aras\u0131nda, sizinki gibi, kefaret ve kan\u0131t\u0131n Rabbi taraf\u0131ndan mukadder k\u0131l\u0131nan ka\u00e7 d\u00fcnya olacak! Sonu\u00e7 olarak, daha sefil ve en iyisi oldu\u011fu kadar, yenileyici diyebilece\u011fimiz ge\u00e7i\u015fler de var. Uzayda ortak bir merkez etraf\u0131nda hareket eden her gezegensel turbillon, ilkel d\u00fcnyalar\u0131n\u0131, s\u00fcrg\u00fcn\u00fcn\u00fc, yarg\u0131lanmas\u0131n\u0131, yenilenmesini ve mutlulu\u011funu beraberinde ta\u015f\u0131r. Yeni do\u011fmu\u015f bir bebe\u011fin ruhunun bulundu\u011fu, iyiyi ve k\u00f6t\u00fcy\u00fc hala g\u00f6rmezden geldi\u011fi, ancak \u00f6zg\u00fcr iradesine sahip olarak kendi sahibi olan Tanr\u0131&#039;ya do\u011fru y\u00fcr\u00fcme olas\u0131l\u0131\u011f\u0131 olan d\u00fcnyalardan bahsetmi\u015ftir. \u0130yilik yapmak i\u00e7in ruha bah\u015fedilmi\u015f g\u00fc\u00e7lerin ne kadar geni\u015f oldu\u011fu da size s\u00f6ylendi. Bununla birlikte, ne yaz\u0131k ki, yenik d\u00fc\u015fen ruhlar vard\u0131r ve Tanr\u0131&#039;n\u0131n aniquilarlas istemedi\u011fi g\u00f6z \u00f6n\u00fcne al\u0131nd\u0131\u011f\u0131nda, enkarnasyondan enkarnasyona, ar\u0131nm\u0131\u015f ve yenilenmi\u015f, ama\u00e7land\u0131klar\u0131 y\u00fcceli\u011fe lay\u0131k bir \u015fekilde geri d\u00f6necekleri d\u00fcnyalara gitmelerine izin verir.<\/p>\n\n\n\n<p class=\"has-black-color has-text-color has-link-color has-small-font-size wp-elements-f8015b70d0e3134206a5a5dd49393f15\">Yenilenen d\u00fcnyalar, kefaret d\u00fcnyalar\u0131 ile mutlu d\u00fcnyalar aras\u0131nda bir ge\u00e7i\u015f g\u00f6revi g\u00f6r\u00fcr. T\u00f6vbe eden ruh, ar\u0131nmas\u0131n\u0131 tamamlarken i\u00e7lerinde sakin ve gerisini buldu. Hi\u00e7 \u015f\u00fcphe yok ki bu d\u00fcnyalarda insan hala maddeyi y\u00f6neten yasalara tabidir. \u0130nsanl\u0131k sizinki gibi hisler ve arzular ya\u015far, ancak k\u00f6le olanlar\u0131n d\u00fczensiz tutkular\u0131ndan kurtulur. Zaten yok, kalbe kapanan gurur, onu bo\u011fan i\u015fkence ve nefretin k\u0131skan\u00e7l\u0131\u011f\u0131. A\u015fk kelimesi her cephede yaz\u0131lm\u0131\u015ft\u0131r. E\u015fitlik, sosyal ili\u015fkileri tam olarak y\u00f6netir. Herkes Tanr\u0131&#039;y\u0131 kabul eder ve yasalar\u0131n\u0131n uygulanmas\u0131yla O&#039;na hitap etmeye \u00e7al\u0131\u015f\u0131r.<\/p>\n\n\n\n<p class=\"has-black-color has-text-color has-link-color has-small-font-size wp-elements-40b80e606f087bdfa9aedcdcd087b91f\">Sonu\u00e7ta, o d\u00fcnyalarda hala m\u00fckemmel bir mutluluk yoktur, mutlulu\u011fun \u015fafa\u011f\u0131 vard\u0131r. \u0130nsan hala ettir ve bu nedenle, yaln\u0131zca tamamen kaydile\u015ftirilmi\u015f muaf varl\u0131klar olan de\u011fi\u015fimlere tabidir. Yine de teste tabi tutulmal\u0131, ancak kefaretin keskin ac\u0131s\u0131 olmadan. Bu d\u00fcnyalar, D\u00fcnya ile kar\u015f\u0131la\u015ft\u0131r\u0131ld\u0131\u011f\u0131nda \u00e7ok mutlular ve \u00e7o\u011funuz orada kalmaktan memnun kalacaks\u0131n\u0131z, \u00e7\u00fcnk\u00fc f\u0131rt\u0131nadan sonraki sakinli\u011fi, ac\u0131mas\u0131z bir hastal\u0131ktan sonraki iyile\u015fmeyi temsil ediyorlar. Onlarda, maddi \u015feyler taraf\u0131ndan daha az emilen adam, gelecekte sizden daha iyi bir bak\u0131\u015f att\u0131; \u00d6l\u00fcm, onlara ger\u00e7ek bir ya\u015fam vermek i\u00e7in bedenlerini kesti\u011finde, Rab&#039;bin kendilerine hak kazananlara vaat etti\u011fi ba\u015fka zevkler oldu\u011funu anlar. Sonra ruh, \u00f6zg\u00fcr t\u00fcm ufuklar\u0131n \u00fczerinden u\u00e7acak. Maddi duyulara ve kabal\u0131klara sahip olmayacaks\u0131n\u0131z, ancak g\u00f6\u011fs\u00fcn\u00fczden kaynaklanan sevgi ve sadaka aromalar\u0131nda Tanr\u0131&#039;n\u0131n yay\u0131lmas\u0131na talip olan saf ve g\u00f6ksel bir periesp\u00edritu&#039;nun duyular\u0131na sahip olacaks\u0131n\u0131z.<\/p>\n\n\n\n<p class=\"has-black-color has-text-color has-link-color has-small-font-size wp-elements-3b44c3c79e74978e58d9a9ada4f9eb1d\">Ancak, ne yaz\u0131k ki, bu d\u00fcnyalarda insan hala yan\u0131labilir ve k\u00f6t\u00fcl\u00fc\u011f\u00fcn ruhu alan\u0131n\u0131 tamamen kaybetmemi\u015ftir. \u0130lerlememek, geri \u00e7ekilmekle e\u015fde\u011ferdir ve e\u011fer adam iyilik yolunda sa\u011flam durmazsa, yeni ve daha korkun\u00e7 denemeler bekledi\u011fimiz kefaret d\u00fcnyalar\u0131na d\u00fc\u015fmeye geri d\u00f6nebilirsiniz.<\/p>\n\n\n\n<p class=\"has-black-color has-text-color has-link-color has-small-font-size wp-elements-9a9bd338573cf6c363fc1e2af78727b1\">\u0130\u015fte o tonoz mavidir; gece, dinlenme ve namaz vakitleri. Sonra, kafalar\u0131n\u0131zda par\u0131ldayan say\u0131s\u0131z k\u00fcre kar\u015f\u0131s\u0131nda, hangileri Tanr\u0131&#039;ya g\u00f6t\u00fcren preguntaos ve O&#039;na, yery\u00fcz\u00fcndeki kefaretten sonra rahmini a\u00e7an yenilenmi\u015f bir d\u00fcnyaya yalvar\u0131n. (Aziz Augustine. Paris, 1862.)<\/p>\n<\/div><\/div>\n\n\n\n<div class=\"wp-block-uagb-container uagb-block-f0ad840c alignfull uagb-is-root-container\"><div class=\"uagb-container-inner-blocks-wrap\"><\/div><\/div>\n\n\n\n<div class=\"wp-block-uagb-container uagb-block-8fe8d16a alignfull uagb-is-root-container\"><div class=\"uagb-container-inner-blocks-wrap\"><\/div><\/div>","protected":false},"excerpt":{"rendered":"<p>Mundos regeneradores Del libro: El Evangelio seg\u00fan el espiritismo \u2013 Allan Kardec Entre esas estrellas que resplandecen en la b\u00f3veda azulada del firmamento, \u00a1cu\u00e1ntos mundos habr\u00e1, como el vuestro, destinados por el Se\u00f1or a la expiaci\u00f3n y la prueba! Con todo, tambi\u00e9n los hay m\u00e1s miserables, y mejores, as\u00ed como los hay transitorios, que podemos [&hellip;]<\/p>","protected":false},"author":1,"featured_media":3552,"parent":0,"menu_order":0,"comment_status":"closed","ping_status":"closed","template":"","meta":{"_uag_custom_page_level_css":"","site-sidebar-layout":"default","site-content-layout":"","ast-site-content-layout":"default","site-content-style":"default","site-sidebar-style":"default","ast-global-header-display":"","ast-banner-title-visibility":"","ast-main-header-display":"","ast-hfb-above-header-display":"","ast-hfb-below-header-display":"","ast-hfb-mobile-header-display":"","site-post-title":"disabled","ast-breadcrumbs-content":"","ast-featured-img":"","footer-sml-layout":"","theme-transparent-header-meta":"","adv-header-id-meta":"","stick-header-meta":"","header-above-stick-meta":"","header-main-stick-meta":"","header-below-stick-meta":"","astra-migrate-meta-layouts":"set","ast-page-background-enabled":"default","ast-page-background-meta":{"desktop":{"background-color":"var(--ast-global-color-4)","background-image":"","background-repeat":"repeat","background-position":"center center","background-size":"auto","background-attachment":"scroll","background-type":"","background-media":"","overlay-type":"","overlay-color":"","overlay-opacity":"","overlay-gradient":""},"tablet":{"background-color":"","background-image":"","background-repeat":"repeat","background-position":"center center","background-size":"auto","background-attachment":"scroll","background-type":"","background-media":"","overlay-type":"","overlay-color":"","overlay-opacity":"","overlay-gradient":""},"mobile":{"background-color":"","background-image":"","background-repeat":"repeat","background-position":"center center","background-size":"auto","background-attachment":"scroll","background-type":"","background-media":"","overlay-type":"","overlay-color":"","overlay-opacity":"","overlay-gradient":""}},"ast-content-background-meta":{"desktop":{"background-color":"var(--ast-global-color-5)","background-image":"","background-repeat":"repeat","background-position":"center center","background-size":"auto","background-attachment":"scroll","background-type":"","background-media":"","overlay-type":"","overlay-color":"","overlay-opacity":"","overlay-gradient":""},"tablet":{"background-color":"var(--ast-global-color-5)","background-image":"","background-repeat":"repeat","background-position":"center center","background-size":"auto","background-attachment":"scroll","background-type":"","background-media":"","overlay-type":"","overlay-color":"","overlay-opacity":"","overlay-gradient":""},"mobile":{"background-color":"var(--ast-global-color-5)","background-image":"","background-repeat":"repeat","background-position":"center center","background-size":"auto","background-attachment":"scroll","background-type":"","background-media":"","overlay-type":"","overlay-color":"","overlay-opacity":"","overlay-gradient":""}},"footnotes":""},"class_list":["post-3551","page","type-page","status-publish","has-post-thumbnail","hentry"],"yoast_head":"<!-- This site is optimized with the Yoast SEO Premium plugin v24.2 (Yoast SEO v24.6) - https:\/\/yoast.com\/wordpress\/plugins\/seo\/ -->\n<title>Mundos regeneradores - Uni\u00f3n Esp\u00edrita<\/title>\n<meta name=\"robots\" content=\"index, follow, max-snippet:-1, max-image-preview:large, max-video-preview:-1\" \/>\n<link rel=\"canonical\" href=\"https:\/\/nuevo-renacer.com\/tr\/mundos-regeneradores\/\" \/>\n<meta property=\"og:locale\" content=\"tr_TR\" \/>\n<meta property=\"og:type\" content=\"article\" \/>\n<meta property=\"og:title\" content=\"Mundos regeneradores\" \/>\n<meta property=\"og:description\" content=\"Mundos regeneradores Del libro: El Evangelio seg\u00fan el espiritismo \u2013 Allan Kardec Entre esas estrellas que resplandecen en la b\u00f3veda azulada del firmamento, \u00a1cu\u00e1ntos mundos habr\u00e1, como el vuestro, destinados por el Se\u00f1or a la expiaci\u00f3n y la prueba! Con todo, tambi\u00e9n los hay m\u00e1s miserables, y mejores, as\u00ed como los hay transitorios, que podemos [&hellip;]\" \/>\n<meta property=\"og:url\" content=\"https:\/\/nuevo-renacer.com\/tr\/mundos-regeneradores\/\" \/>\n<meta property=\"og:site_name\" content=\"Uni\u00f3n Esp\u00edrita\" \/>\n<meta property=\"article:publisher\" content=\"https:\/\/www.facebook.com\/groups\/3431398063740829\" \/>\n<meta property=\"article:modified_time\" content=\"2025-01-08T08:46:30+00:00\" \/>\n<meta property=\"og:image\" content=\"https:\/\/nuevo-renacer.com\/wp-content\/uploads\/2024\/07\/1-1.jpg\" \/>\n\t<meta property=\"og:image:width\" content=\"1200\" \/>\n\t<meta property=\"og:image:height\" content=\"853\" \/>\n\t<meta property=\"og:image:type\" content=\"image\/jpeg\" \/>\n<meta name=\"twitter:card\" content=\"summary_large_image\" \/>\n<meta name=\"twitter:label1\" content=\"Tahmini okuma s\u00fcresi\" \/>\n\t<meta name=\"twitter:data1\" content=\"3 dakika\" \/>\n<script type=\"application\/ld+json\" class=\"yoast-schema-graph\">{\"@context\":\"https:\/\/schema.org\",\"@graph\":[{\"@type\":\"WebPage\",\"@id\":\"https:\/\/nuevo-renacer.com\/mundos-regeneradores\/\",\"url\":\"https:\/\/nuevo-renacer.com\/mundos-regeneradores\/\",\"name\":\"Mundos regeneradores - Uni\u00f3n Esp\u00edrita\",\"isPartOf\":{\"@id\":\"https:\/\/nuevo-renacer.com\/#website\"},\"primaryImageOfPage\":{\"@id\":\"https:\/\/nuevo-renacer.com\/mundos-regeneradores\/#primaryimage\"},\"image\":{\"@id\":\"https:\/\/nuevo-renacer.com\/mundos-regeneradores\/#primaryimage\"},\"thumbnailUrl\":\"https:\/\/nuevo-renacer.com\/wp-content\/uploads\/2024\/07\/1-1.jpg\",\"datePublished\":\"2024-07-10T08:30:04+00:00\",\"dateModified\":\"2025-01-08T08:46:30+00:00\",\"breadcrumb\":{\"@id\":\"https:\/\/nuevo-renacer.com\/mundos-regeneradores\/#breadcrumb\"},\"inLanguage\":\"tr\",\"potentialAction\":[{\"@type\":\"ReadAction\",\"target\":[\"https:\/\/nuevo-renacer.com\/mundos-regeneradores\/\"]}]},{\"@type\":\"ImageObject\",\"inLanguage\":\"tr\",\"@id\":\"https:\/\/nuevo-renacer.com\/mundos-regeneradores\/#primaryimage\",\"url\":\"https:\/\/nuevo-renacer.com\/wp-content\/uploads\/2024\/07\/1-1.jpg\",\"contentUrl\":\"https:\/\/nuevo-renacer.com\/wp-content\/uploads\/2024\/07\/1-1.jpg\",\"width\":1200,\"height\":853},{\"@type\":\"BreadcrumbList\",\"@id\":\"https:\/\/nuevo-renacer.com\/mundos-regeneradores\/#breadcrumb\",\"itemListElement\":[{\"@type\":\"ListItem\",\"position\":1,\"name\":\"Startseite\",\"item\":\"https:\/\/nuevo-renacer.com\/\"},{\"@type\":\"ListItem\",\"position\":2,\"name\":\"Mundos regeneradores\"}]},{\"@type\":\"WebSite\",\"@id\":\"https:\/\/nuevo-renacer.com\/#website\",\"url\":\"https:\/\/nuevo-renacer.com\/\",\"name\":\"Uni\u00f3n Esp\u00edrita\",\"description\":\"Nuevo Renacer\",\"publisher\":{\"@id\":\"https:\/\/nuevo-renacer.com\/#organization\"},\"potentialAction\":[{\"@type\":\"SearchAction\",\"target\":{\"@type\":\"EntryPoint\",\"urlTemplate\":\"https:\/\/nuevo-renacer.com\/?s={search_term_string}\"},\"query-input\":{\"@type\":\"PropertyValueSpecification\",\"valueRequired\":true,\"valueName\":\"search_term_string\"}}],\"inLanguage\":\"tr\"},{\"@type\":\"Organization\",\"@id\":\"https:\/\/nuevo-renacer.com\/#organization\",\"name\":\"UFEC\",\"url\":\"https:\/\/nuevo-renacer.com\/\",\"logo\":{\"@type\":\"ImageObject\",\"inLanguage\":\"tr\",\"@id\":\"https:\/\/nuevo-renacer.com\/#\/schema\/logo\/image\/\",\"url\":\"https:\/\/nuevo-renacer.com\/wp-content\/uploads\/2024\/05\/cropped-LOGO-TERMINADO1-3-3.png\",\"contentUrl\":\"https:\/\/nuevo-renacer.com\/wp-content\/uploads\/2024\/05\/cropped-LOGO-TERMINADO1-3-3.png\",\"width\":512,\"height\":512,\"caption\":\"UFEC\"},\"image\":{\"@id\":\"https:\/\/nuevo-renacer.com\/#\/schema\/logo\/image\/\"},\"sameAs\":[\"https:\/\/www.facebook.com\/groups\/3431398063740829\"]}]}<\/script>\n<!-- \/ Yoast SEO Premium plugin. -->","yoast_head_json":{"title":"Mundos regeneradores - Uni\u00f3n Esp\u00edrita","robots":{"index":"index","follow":"follow","max-snippet":"max-snippet:-1","max-image-preview":"max-image-preview:large","max-video-preview":"max-video-preview:-1"},"canonical":"https:\/\/nuevo-renacer.com\/tr\/mundos-regeneradores\/","og_locale":"tr_TR","og_type":"article","og_title":"Mundos regeneradores","og_description":"Mundos regeneradores Del libro: El Evangelio seg\u00fan el espiritismo \u2013 Allan Kardec Entre esas estrellas que resplandecen en la b\u00f3veda azulada del firmamento, \u00a1cu\u00e1ntos mundos habr\u00e1, como el vuestro, destinados por el Se\u00f1or a la expiaci\u00f3n y la prueba! Con todo, tambi\u00e9n los hay m\u00e1s miserables, y mejores, as\u00ed como los hay transitorios, que podemos [&hellip;]","og_url":"https:\/\/nuevo-renacer.com\/tr\/mundos-regeneradores\/","og_site_name":"Uni\u00f3n Esp\u00edrita","article_publisher":"https:\/\/www.facebook.com\/groups\/3431398063740829","article_modified_time":"2025-01-08T08:46:30+00:00","og_image":[{"width":1200,"height":853,"url":"https:\/\/nuevo-renacer.com\/wp-content\/uploads\/2024\/07\/1-1.jpg","type":"image\/jpeg"}],"twitter_card":"summary_large_image","twitter_misc":{"Tahmini okuma s\u00fcresi":"3 dakika"},"schema":{"@context":"https:\/\/schema.org","@graph":[{"@type":"WebPage","@id":"https:\/\/nuevo-renacer.com\/mundos-regeneradores\/","url":"https:\/\/nuevo-renacer.com\/mundos-regeneradores\/","name":"Mundos regeneradores - Uni\u00f3n Esp\u00edrita","isPartOf":{"@id":"https:\/\/nuevo-renacer.com\/#website"},"primaryImageOfPage":{"@id":"https:\/\/nuevo-renacer.com\/mundos-regeneradores\/#primaryimage"},"image":{"@id":"https:\/\/nuevo-renacer.com\/mundos-regeneradores\/#primaryimage"},"thumbnailUrl":"https:\/\/nuevo-renacer.com\/wp-content\/uploads\/2024\/07\/1-1.jpg","datePublished":"2024-07-10T08:30:04+00:00","dateModified":"2025-01-08T08:46:30+00:00","breadcrumb":{"@id":"https:\/\/nuevo-renacer.com\/mundos-regeneradores\/#breadcrumb"},"inLanguage":"tr","potentialAction":[{"@type":"ReadAction","target":["https:\/\/nuevo-renacer.com\/mundos-regeneradores\/"]}]},{"@type":"ImageObject","inLanguage":"tr","@id":"https:\/\/nuevo-renacer.com\/mundos-regeneradores\/#primaryimage","url":"https:\/\/nuevo-renacer.com\/wp-content\/uploads\/2024\/07\/1-1.jpg","contentUrl":"https:\/\/nuevo-renacer.com\/wp-content\/uploads\/2024\/07\/1-1.jpg","width":1200,"height":853},{"@type":"BreadcrumbList","@id":"https:\/\/nuevo-renacer.com\/mundos-regeneradores\/#breadcrumb","itemListElement":[{"@type":"ListItem","position":1,"name":"Startseite","item":"https:\/\/nuevo-renacer.com\/"},{"@type":"ListItem","position":2,"name":"Mundos regeneradores"}]},{"@type":"WebSite","@id":"https:\/\/nuevo-renacer.com\/#website","url":"https:\/\/nuevo-renacer.com\/","name":"Uni\u00f3n Esp\u00edrita","description":"Nuevo Renacer","publisher":{"@id":"https:\/\/nuevo-renacer.com\/#organization"},"potentialAction":[{"@type":"SearchAction","target":{"@type":"EntryPoint","urlTemplate":"https:\/\/nuevo-renacer.com\/?s={search_term_string}"},"query-input":{"@type":"PropertyValueSpecification","valueRequired":true,"valueName":"search_term_string"}}],"inLanguage":"tr"},{"@type":"Organization","@id":"https:\/\/nuevo-renacer.com\/#organization","name":"UFEC","url":"https:\/\/nuevo-renacer.com\/","logo":{"@type":"ImageObject","inLanguage":"tr","@id":"https:\/\/nuevo-renacer.com\/#\/schema\/logo\/image\/","url":"https:\/\/nuevo-renacer.com\/wp-content\/uploads\/2024\/05\/cropped-LOGO-TERMINADO1-3-3.png","contentUrl":"https:\/\/nuevo-renacer.com\/wp-content\/uploads\/2024\/05\/cropped-LOGO-TERMINADO1-3-3.png","width":512,"height":512,"caption":"UFEC"},"image":{"@id":"https:\/\/nuevo-renacer.com\/#\/schema\/logo\/image\/"},"sameAs":["https:\/\/www.facebook.com\/groups\/3431398063740829"]}]}},"uagb_featured_image_src":{"full":["https:\/\/nuevo-renacer.com\/wp-content\/uploads\/2024\/07\/1-1.jpg",1200,853,false],"thumbnail":["https:\/\/nuevo-renacer.com\/wp-content\/uploads\/2024\/07\/1-1-150x150.jpg",150,150,true],"medium":["https:\/\/nuevo-renacer.com\/wp-content\/uploads\/2024\/07\/1-1-300x213.jpg",300,213,true],"medium_large":["https:\/\/nuevo-renacer.com\/wp-content\/uploads\/2024\/07\/1-1-768x546.jpg",768,546,true],"large":["https:\/\/nuevo-renacer.com\/wp-content\/uploads\/2024\/07\/1-1-1024x728.jpg",1024,728,true],"1536x1536":["https:\/\/nuevo-renacer.com\/wp-content\/uploads\/2024\/07\/1-1.jpg",1200,853,false],"2048x2048":["https:\/\/nuevo-renacer.com\/wp-content\/uploads\/2024\/07\/1-1.jpg",1200,853,false],"trp-custom-language-flag":["https:\/\/nuevo-renacer.com\/wp-content\/uploads\/2024\/07\/1-1-18x12.jpg",18,12,true]},"uagb_author_info":{"display_name":"adbv0","author_link":"https:\/\/nuevo-renacer.com\/tr\/author\/adbv0\/"},"uagb_comment_info":0,"uagb_excerpt":"Mundos regeneradores Del libro: El Evangelio seg\u00fan el espiritismo \u2013 Allan Kardec Entre esas estrellas que resplandecen en la b\u00f3veda azulada del firmamento, \u00a1cu\u00e1ntos mundos habr\u00e1, como el vuestro, destinados por el Se\u00f1or a la expiaci\u00f3n y la prueba! Con todo, tambi\u00e9n los hay m\u00e1s miserables, y mejores, as\u00ed como los hay transitorios, que podemos&hellip;","jetpack_sharing_enabled":true,"_links":{"self":[{"href":"https:\/\/nuevo-renacer.com\/tr\/wp-json\/wp\/v2\/pages\/3551","targetHints":{"allow":["GET"]}}],"collection":[{"href":"https:\/\/nuevo-renacer.com\/tr\/wp-json\/wp\/v2\/pages"}],"about":[{"href":"https:\/\/nuevo-renacer.com\/tr\/wp-json\/wp\/v2\/types\/page"}],"author":[{"embeddable":true,"href":"https:\/\/nuevo-renacer.com\/tr\/wp-json\/wp\/v2\/users\/1"}],"replies":[{"embeddable":true,"href":"https:\/\/nuevo-renacer.com\/tr\/wp-json\/wp\/v2\/comments?post=3551"}],"version-history":[{"count":2,"href":"https:\/\/nuevo-renacer.com\/tr\/wp-json\/wp\/v2\/pages\/3551\/revisions"}],"predecessor-version":[{"id":6702,"href":"https:\/\/nuevo-renacer.com\/tr\/wp-json\/wp\/v2\/pages\/3551\/revisions\/6702"}],"wp:featuredmedia":[{"embeddable":true,"href":"https:\/\/nuevo-renacer.com\/tr\/wp-json\/wp\/v2\/media\/3552"}],"wp:attachment":[{"href":"https:\/\/nuevo-renacer.com\/tr\/wp-json\/wp\/v2\/media?parent=3551"}],"curies":[{"name":"wp","href":"https:\/\/api.w.org\/{rel}","templated":true}]}}