{"id":3543,"date":"2024-07-10T07:56:22","date_gmt":"2024-07-10T07:56:22","guid":{"rendered":"https:\/\/ufec-mundial.com\/?page_id=3543"},"modified":"2024-07-10T08:42:06","modified_gmt":"2024-07-10T08:42:06","slug":"diferentes-categorias-de-mundos-habitados","status":"publish","type":"page","link":"https:\/\/nuevo-renacer.com\/tr\/diferentes-categorias-de-mundos-habitados\/","title":{"rendered":"Yerle\u015fik d\u00fcnyalar\u0131n farkl\u0131 kategorileri"},"content":{"rendered":"<div class=\"wp-block-uagb-container uagb-block-dbc9011e alignfull uagb-is-root-container\"><div class=\"uagb-container-inner-blocks-wrap\">\n<p class=\"has-black-color has-text-color has-link-color wp-elements-c3611fdbabec3dc9ece0531981cad589\"><strong>Yerle\u015fik d\u00fcnyalar\u0131n farkl\u0131 kategorileri<\/strong><\/p>\n\n\n\n<p class=\"has-black-color has-text-color has-link-color wp-elements-06b32c777e78f2db32985dcb749af661\"><strong>Kitaptan: Ruh\u00e7ulu\u011fa g\u00f6re \u0130ncil-Allan Kardec<\/strong><\/p>\n<\/div><\/div>\n\n\n\n<div class=\"wp-block-uagb-container uagb-block-fd76bfe3 alignfull uagb-is-root-container\"><div class=\"uagb-container-inner-blocks-wrap\">\n<figure class=\"wp-block-image size-full is-resized\"><img fetchpriority=\"high\" decoding=\"async\" width=\"1920\" height=\"1200\" src=\"https:\/\/ufec-mundial.com\/wp-content\/uploads\/2024\/07\/scenery-of-extraterrestrial-planet-world-l3llwor7az9zcohb.jpg\" alt=\"\" class=\"wp-image-3548\" style=\"width:437px;height:auto\" srcset=\"https:\/\/nuevo-renacer.com\/wp-content\/uploads\/2024\/07\/scenery-of-extraterrestrial-planet-world-l3llwor7az9zcohb.jpg 1920w, https:\/\/nuevo-renacer.com\/wp-content\/uploads\/2024\/07\/scenery-of-extraterrestrial-planet-world-l3llwor7az9zcohb-300x188.jpg 300w, https:\/\/nuevo-renacer.com\/wp-content\/uploads\/2024\/07\/scenery-of-extraterrestrial-planet-world-l3llwor7az9zcohb-768x480.jpg 768w, https:\/\/nuevo-renacer.com\/wp-content\/uploads\/2024\/07\/scenery-of-extraterrestrial-planet-world-l3llwor7az9zcohb-1024x640.jpg 1024w, https:\/\/nuevo-renacer.com\/wp-content\/uploads\/2024\/07\/scenery-of-extraterrestrial-planet-world-l3llwor7az9zcohb-1536x960.jpg 1536w, https:\/\/nuevo-renacer.com\/wp-content\/uploads\/2024\/07\/scenery-of-extraterrestrial-planet-world-l3llwor7az9zcohb-18x12.jpg 18w\" sizes=\"(max-width: 1920px) 100vw, 1920px\" \/><\/figure>\n<\/div><\/div>\n\n\n\n<div class=\"wp-block-uagb-container uagb-block-0ab7f28b alignfull uagb-is-root-container\"><div class=\"uagb-container-inner-blocks-wrap\">\n<p class=\"has-black-color has-text-color has-link-color has-small-font-size wp-elements-2dca1ca2eca35207a9d3b164fd7c898d\">Ruhlar taraf\u0131ndan verilen \u00f6\u011fretiden, sakinlerinin ilerleme derecesi veya a\u015fa\u011f\u0131l\u0131k derecesi a\u00e7\u0131s\u0131ndan, \u00e7e\u015fitli d\u00fcnyalar\u0131n birbirinden \u00e7ok farkl\u0131 ko\u015fullarda oldu\u011fu ortaya \u00e7\u0131k\u0131yor. Bunlar\u0131n aras\u0131nda, sakinleri hala fiziksel ve ahlaki olarak Yery\u00fcz\u00fcn\u00fcnkinden daha d\u00fc\u015f\u00fck olanlar da var. Di\u011ferleri bizimkiyle ayn\u0131 kategoridedir; ve di\u011ferleri her a\u00e7\u0131dan a\u015fa\u011f\u0131 yukar\u0131 \u00fcst\u00fcnd\u00fcr. Alt d\u00fcnyalarda varolu\u015f tamamen maddidir, i\u00e7lerinde tutkular egemenlikle h\u00fck\u00fcm s\u00fcrer, ahlaki ya\u015fam neredeyse yoktur. Bu geli\u015ftik\u00e7e, maddenin etkisi, d\u00fcnyalarda en ileri ya\u015fam\u0131n tabiri caizse kesinlikle manevi oldu\u011fu noktaya kadar azal\u0131r.<\/p>\n\n\n\n<p class=\"has-black-color has-text-color has-link-color has-small-font-size wp-elements-472f3ceb0d283f357fa6d8ccf7fcecba\">Ara d\u00fcnyalarda, i\u00e7inde ya\u015fayan insanlar\u0131n ilerleme derecesine g\u00f6re, birinin veya di\u011ferinin bask\u0131n oldu\u011fu iyi ve k\u00f6t\u00fcn\u00fcn bir kombinasyonu vard\u0131r. \u00c7e\u015fitli d\u00fcnyalar\u0131n mutlak bir s\u0131n\u0131fland\u0131rmas\u0131n\u0131 yapamasan\u0131z da, durumunuza ve gidece\u011finiz yere g\u00f6re ve daha g\u00f6ze \u00e7arpan n\u00fcanslara dayanarak onlar\u0131 genel bir \u015fekilde \u015fu \u015fekilde b\u00f6lmek m\u00fcmk\u00fcnd\u00fcr: ilkel d\u00fcnyalar, insan ruhunun ilk enkarnasyonlar\u0131 i\u00e7in; kefaret ve imtihan d\u00fcnyalar\u0131, k\u00f6t\u00fcl\u00fc\u011f\u00fcn h\u00fck\u00fcm s\u00fcrd\u00fc\u011f\u00fc yer; hen\u00fcz kefaretini \u00f6dememi\u015f ruhlar\u0131n yeni bir g\u00fc\u00e7 kazand\u0131\u011f\u0131 ve d\u00f6v\u00fc\u015f\u00fcn yorgunlu\u011fundan dinlendi\u011fi d\u00fcnyalar yenileyiciler; iyinin k\u00f6t\u00fcl\u00fc\u011fe \u00fcst\u00fcn geldi\u011fi mutlu d\u00fcnyalar; cennet d\u00fcnyalar\u0131 veya Ruhlar\u0131n ilahi meskenleri ar\u0131nd\u0131r\u0131lm\u0131\u015f, iyi krali\u00e7enin dolu oldu\u011fu yer. D\u00fcnya, kefaret ve destekleyici kan\u0131t d\u00fcnyalar\u0131 kategorisine aittir, i\u00e7inde insan\u0131n \u00e7ok fazla \u0131st\u0131raba maruz kald\u0131\u011f\u0131na dair.<\/p>\n\n\n\n<p class=\"has-black-color has-text-color has-link-color has-small-font-size wp-elements-832b711db48d5a255910c27685a51875\">S\u00fcresiz olarak kendisine tabi olmayan bir d\u00fcnyada somutla\u015fan Ruhlar ya da m\u00fckemmelli\u011fe ula\u015fmak i\u00e7in y\u00fcr\u00fcmeleri gereken ilerlemenin t\u00fcm a\u015famalar\u0131yla orada bulu\u015fmazlar. \u0130lerleme derecesine ula\u015ft\u0131klar\u0131nda, d\u00fcnya onlar\u0131n saf Ruhlar durumuna ula\u015fana kadar di\u011fer daha ileri d\u00fczeylere ge\u00e7melerine izin verir ve b\u00f6yle devam eder. Bu d\u00fcnyalar, her biri ilerlemenize sa\u011flanan ilerlemenin unsurlar\u0131 olan pek \u00e7ok ba\u015fka mevsimdir. Daha y\u00fcksek mertebeden bir d\u00fcnyaya ge\u00e7mek, onlar i\u00e7in bir \u00f6d\u00fcld\u00fcr, t\u0131pk\u0131 sefil bir d\u00fcnyada kal\u0131\u015flar\u0131n\u0131 uzatmak veya bir ba\u015fkas\u0131na d\u00fc\u015f\u00fcr\u00fclmek i\u00e7in bir ceza te\u015fkil etti\u011fi gibi, hatta siz \u0131srar etti\u011finizde ayr\u0131lmak zorunda kalandan daha mutsuzdur.k\u00f6t\u00fc.<\/p>\n<\/div><\/div>","protected":false},"excerpt":{"rendered":"<p>Diferentes categor\u00edas de mundos habitados Del libro: El Evangelio seg\u00fan el espiritismo \u2013 Allan Kardec De la ense\u00f1anza impartida por los Esp\u00edritus resulta que, en cuanto al grado de adelanto o de inferioridad de sus habitantes, los diversos mundos se encuentran en condiciones muy diferentes unos de otros. As\u00ed, entre ellos los hay cuyos moradores [&hellip;]<\/p>","protected":false},"author":1,"featured_media":3548,"parent":0,"menu_order":0,"comment_status":"closed","ping_status":"closed","template":"","meta":{"_uag_custom_page_level_css":"","site-sidebar-layout":"default","site-content-layout":"","ast-site-content-layout":"default","site-content-style":"default","site-sidebar-style":"default","ast-global-header-display":"","ast-banner-title-visibility":"","ast-main-header-display":"","ast-hfb-above-header-display":"","ast-hfb-below-header-display":"","ast-hfb-mobile-header-display":"","site-post-title":"disabled","ast-breadcrumbs-content":"","ast-featured-img":"","footer-sml-layout":"","theme-transparent-header-meta":"","adv-header-id-meta":"","stick-header-meta":"","header-above-stick-meta":"","header-main-stick-meta":"","header-below-stick-meta":"","astra-migrate-meta-layouts":"set","ast-page-background-enabled":"default","ast-page-background-meta":{"desktop":{"background-color":"var(--ast-global-color-4)","background-image":"","background-repeat":"repeat","background-position":"center center","background-size":"auto","background-attachment":"scroll","background-type":"","background-media":"","overlay-type":"","overlay-color":"","overlay-opacity":"","overlay-gradient":""},"tablet":{"background-color":"","background-image":"","background-repeat":"repeat","background-position":"center center","background-size":"auto","background-attachment":"scroll","background-type":"","background-media":"","overlay-type":"","overlay-color":"","overlay-opacity":"","overlay-gradient":""},"mobile":{"background-color":"","background-image":"","background-repeat":"repeat","background-position":"center center","background-size":"auto","background-attachment":"scroll","background-type":"","background-media":"","overlay-type":"","overlay-color":"","overlay-opacity":"","overlay-gradient":""}},"ast-content-background-meta":{"desktop":{"background-color":"var(--ast-global-color-5)","background-image":"","background-repeat":"repeat","background-position":"center center","background-size":"auto","background-attachment":"scroll","background-type":"","background-media":"","overlay-type":"","overlay-color":"","overlay-opacity":"","overlay-gradient":""},"tablet":{"background-color":"var(--ast-global-color-5)","background-image":"","background-repeat":"repeat","background-position":"center center","background-size":"auto","background-attachment":"scroll","background-type":"","background-media":"","overlay-type":"","overlay-color":"","overlay-opacity":"","overlay-gradient":""},"mobile":{"background-color":"var(--ast-global-color-5)","background-image":"","background-repeat":"repeat","background-position":"center center","background-size":"auto","background-attachment":"scroll","background-type":"","background-media":"","overlay-type":"","overlay-color":"","overlay-opacity":"","overlay-gradient":""}},"footnotes":""},"class_list":["post-3543","page","type-page","status-publish","has-post-thumbnail","hentry"],"yoast_head":"<!-- This site is optimized with the Yoast SEO Premium plugin v24.2 (Yoast SEO v24.6) - https:\/\/yoast.com\/wordpress\/plugins\/seo\/ -->\n<title>Diferentes categor\u00edas de mundos habitados - Uni\u00f3n Esp\u00edrita<\/title>\n<meta name=\"robots\" content=\"index, follow, max-snippet:-1, max-image-preview:large, max-video-preview:-1\" \/>\n<link rel=\"canonical\" href=\"https:\/\/nuevo-renacer.com\/tr\/diferentes-categorias-de-mundos-habitados\/\" \/>\n<meta property=\"og:locale\" content=\"tr_TR\" \/>\n<meta property=\"og:type\" content=\"article\" \/>\n<meta property=\"og:title\" content=\"Diferentes categor\u00edas de mundos habitados\" \/>\n<meta property=\"og:description\" content=\"Diferentes categor\u00edas de mundos habitados Del libro: El Evangelio seg\u00fan el espiritismo \u2013 Allan Kardec De la ense\u00f1anza impartida por los Esp\u00edritus resulta que, en cuanto al grado de adelanto o de inferioridad de sus habitantes, los diversos mundos se encuentran en condiciones muy diferentes unos de otros. As\u00ed, entre ellos los hay cuyos moradores [&hellip;]\" \/>\n<meta property=\"og:url\" content=\"https:\/\/nuevo-renacer.com\/tr\/diferentes-categorias-de-mundos-habitados\/\" \/>\n<meta property=\"og:site_name\" content=\"Uni\u00f3n Esp\u00edrita\" \/>\n<meta property=\"article:publisher\" content=\"https:\/\/www.facebook.com\/groups\/3431398063740829\" \/>\n<meta property=\"article:modified_time\" content=\"2024-07-10T08:42:06+00:00\" \/>\n<meta property=\"og:image\" content=\"https:\/\/nuevo-renacer.com\/wp-content\/uploads\/2024\/07\/scenery-of-extraterrestrial-planet-world-l3llwor7az9zcohb.jpg\" \/>\n\t<meta property=\"og:image:width\" content=\"1920\" \/>\n\t<meta property=\"og:image:height\" content=\"1200\" \/>\n\t<meta property=\"og:image:type\" content=\"image\/jpeg\" \/>\n<meta name=\"twitter:card\" content=\"summary_large_image\" \/>\n<meta name=\"twitter:label1\" content=\"Tahmini okuma s\u00fcresi\" \/>\n\t<meta name=\"twitter:data1\" content=\"2 dakika\" \/>\n<script type=\"application\/ld+json\" class=\"yoast-schema-graph\">{\"@context\":\"https:\/\/schema.org\",\"@graph\":[{\"@type\":\"WebPage\",\"@id\":\"https:\/\/nuevo-renacer.com\/diferentes-categorias-de-mundos-habitados\/\",\"url\":\"https:\/\/nuevo-renacer.com\/diferentes-categorias-de-mundos-habitados\/\",\"name\":\"Diferentes categor\u00edas de mundos habitados - Uni\u00f3n Esp\u00edrita\",\"isPartOf\":{\"@id\":\"https:\/\/nuevo-renacer.com\/#website\"},\"primaryImageOfPage\":{\"@id\":\"https:\/\/nuevo-renacer.com\/diferentes-categorias-de-mundos-habitados\/#primaryimage\"},\"image\":{\"@id\":\"https:\/\/nuevo-renacer.com\/diferentes-categorias-de-mundos-habitados\/#primaryimage\"},\"thumbnailUrl\":\"https:\/\/nuevo-renacer.com\/wp-content\/uploads\/2024\/07\/scenery-of-extraterrestrial-planet-world-l3llwor7az9zcohb.jpg\",\"datePublished\":\"2024-07-10T07:56:22+00:00\",\"dateModified\":\"2024-07-10T08:42:06+00:00\",\"breadcrumb\":{\"@id\":\"https:\/\/nuevo-renacer.com\/diferentes-categorias-de-mundos-habitados\/#breadcrumb\"},\"inLanguage\":\"tr\",\"potentialAction\":[{\"@type\":\"ReadAction\",\"target\":[\"https:\/\/nuevo-renacer.com\/diferentes-categorias-de-mundos-habitados\/\"]}]},{\"@type\":\"ImageObject\",\"inLanguage\":\"tr\",\"@id\":\"https:\/\/nuevo-renacer.com\/diferentes-categorias-de-mundos-habitados\/#primaryimage\",\"url\":\"https:\/\/nuevo-renacer.com\/wp-content\/uploads\/2024\/07\/scenery-of-extraterrestrial-planet-world-l3llwor7az9zcohb.jpg\",\"contentUrl\":\"https:\/\/nuevo-renacer.com\/wp-content\/uploads\/2024\/07\/scenery-of-extraterrestrial-planet-world-l3llwor7az9zcohb.jpg\",\"width\":1920,\"height\":1200},{\"@type\":\"BreadcrumbList\",\"@id\":\"https:\/\/nuevo-renacer.com\/diferentes-categorias-de-mundos-habitados\/#breadcrumb\",\"itemListElement\":[{\"@type\":\"ListItem\",\"position\":1,\"name\":\"Startseite\",\"item\":\"https:\/\/nuevo-renacer.com\/\"},{\"@type\":\"ListItem\",\"position\":2,\"name\":\"Diferentes categor\u00edas de mundos habitados\"}]},{\"@type\":\"WebSite\",\"@id\":\"https:\/\/nuevo-renacer.com\/#website\",\"url\":\"https:\/\/nuevo-renacer.com\/\",\"name\":\"Uni\u00f3n Esp\u00edrita\",\"description\":\"Nuevo Renacer\",\"publisher\":{\"@id\":\"https:\/\/nuevo-renacer.com\/#organization\"},\"potentialAction\":[{\"@type\":\"SearchAction\",\"target\":{\"@type\":\"EntryPoint\",\"urlTemplate\":\"https:\/\/nuevo-renacer.com\/?s={search_term_string}\"},\"query-input\":{\"@type\":\"PropertyValueSpecification\",\"valueRequired\":true,\"valueName\":\"search_term_string\"}}],\"inLanguage\":\"tr\"},{\"@type\":\"Organization\",\"@id\":\"https:\/\/nuevo-renacer.com\/#organization\",\"name\":\"UFEC\",\"url\":\"https:\/\/nuevo-renacer.com\/\",\"logo\":{\"@type\":\"ImageObject\",\"inLanguage\":\"tr\",\"@id\":\"https:\/\/nuevo-renacer.com\/#\/schema\/logo\/image\/\",\"url\":\"https:\/\/nuevo-renacer.com\/wp-content\/uploads\/2024\/05\/cropped-LOGO-TERMINADO1-3-3.png\",\"contentUrl\":\"https:\/\/nuevo-renacer.com\/wp-content\/uploads\/2024\/05\/cropped-LOGO-TERMINADO1-3-3.png\",\"width\":512,\"height\":512,\"caption\":\"UFEC\"},\"image\":{\"@id\":\"https:\/\/nuevo-renacer.com\/#\/schema\/logo\/image\/\"},\"sameAs\":[\"https:\/\/www.facebook.com\/groups\/3431398063740829\"]}]}<\/script>\n<!-- \/ Yoast SEO Premium plugin. -->","yoast_head_json":{"title":"Diferentes categor\u00edas de mundos habitados - Uni\u00f3n Esp\u00edrita","robots":{"index":"index","follow":"follow","max-snippet":"max-snippet:-1","max-image-preview":"max-image-preview:large","max-video-preview":"max-video-preview:-1"},"canonical":"https:\/\/nuevo-renacer.com\/tr\/diferentes-categorias-de-mundos-habitados\/","og_locale":"tr_TR","og_type":"article","og_title":"Diferentes categor\u00edas de mundos habitados","og_description":"Diferentes categor\u00edas de mundos habitados Del libro: El Evangelio seg\u00fan el espiritismo \u2013 Allan Kardec De la ense\u00f1anza impartida por los Esp\u00edritus resulta que, en cuanto al grado de adelanto o de inferioridad de sus habitantes, los diversos mundos se encuentran en condiciones muy diferentes unos de otros. As\u00ed, entre ellos los hay cuyos moradores [&hellip;]","og_url":"https:\/\/nuevo-renacer.com\/tr\/diferentes-categorias-de-mundos-habitados\/","og_site_name":"Uni\u00f3n Esp\u00edrita","article_publisher":"https:\/\/www.facebook.com\/groups\/3431398063740829","article_modified_time":"2024-07-10T08:42:06+00:00","og_image":[{"width":1920,"height":1200,"url":"https:\/\/nuevo-renacer.com\/wp-content\/uploads\/2024\/07\/scenery-of-extraterrestrial-planet-world-l3llwor7az9zcohb.jpg","type":"image\/jpeg"}],"twitter_card":"summary_large_image","twitter_misc":{"Tahmini okuma s\u00fcresi":"2 dakika"},"schema":{"@context":"https:\/\/schema.org","@graph":[{"@type":"WebPage","@id":"https:\/\/nuevo-renacer.com\/diferentes-categorias-de-mundos-habitados\/","url":"https:\/\/nuevo-renacer.com\/diferentes-categorias-de-mundos-habitados\/","name":"Diferentes categor\u00edas de mundos habitados - Uni\u00f3n Esp\u00edrita","isPartOf":{"@id":"https:\/\/nuevo-renacer.com\/#website"},"primaryImageOfPage":{"@id":"https:\/\/nuevo-renacer.com\/diferentes-categorias-de-mundos-habitados\/#primaryimage"},"image":{"@id":"https:\/\/nuevo-renacer.com\/diferentes-categorias-de-mundos-habitados\/#primaryimage"},"thumbnailUrl":"https:\/\/nuevo-renacer.com\/wp-content\/uploads\/2024\/07\/scenery-of-extraterrestrial-planet-world-l3llwor7az9zcohb.jpg","datePublished":"2024-07-10T07:56:22+00:00","dateModified":"2024-07-10T08:42:06+00:00","breadcrumb":{"@id":"https:\/\/nuevo-renacer.com\/diferentes-categorias-de-mundos-habitados\/#breadcrumb"},"inLanguage":"tr","potentialAction":[{"@type":"ReadAction","target":["https:\/\/nuevo-renacer.com\/diferentes-categorias-de-mundos-habitados\/"]}]},{"@type":"ImageObject","inLanguage":"tr","@id":"https:\/\/nuevo-renacer.com\/diferentes-categorias-de-mundos-habitados\/#primaryimage","url":"https:\/\/nuevo-renacer.com\/wp-content\/uploads\/2024\/07\/scenery-of-extraterrestrial-planet-world-l3llwor7az9zcohb.jpg","contentUrl":"https:\/\/nuevo-renacer.com\/wp-content\/uploads\/2024\/07\/scenery-of-extraterrestrial-planet-world-l3llwor7az9zcohb.jpg","width":1920,"height":1200},{"@type":"BreadcrumbList","@id":"https:\/\/nuevo-renacer.com\/diferentes-categorias-de-mundos-habitados\/#breadcrumb","itemListElement":[{"@type":"ListItem","position":1,"name":"Startseite","item":"https:\/\/nuevo-renacer.com\/"},{"@type":"ListItem","position":2,"name":"Diferentes categor\u00edas de mundos habitados"}]},{"@type":"WebSite","@id":"https:\/\/nuevo-renacer.com\/#website","url":"https:\/\/nuevo-renacer.com\/","name":"Uni\u00f3n Esp\u00edrita","description":"Nuevo Renacer","publisher":{"@id":"https:\/\/nuevo-renacer.com\/#organization"},"potentialAction":[{"@type":"SearchAction","target":{"@type":"EntryPoint","urlTemplate":"https:\/\/nuevo-renacer.com\/?s={search_term_string}"},"query-input":{"@type":"PropertyValueSpecification","valueRequired":true,"valueName":"search_term_string"}}],"inLanguage":"tr"},{"@type":"Organization","@id":"https:\/\/nuevo-renacer.com\/#organization","name":"UFEC","url":"https:\/\/nuevo-renacer.com\/","logo":{"@type":"ImageObject","inLanguage":"tr","@id":"https:\/\/nuevo-renacer.com\/#\/schema\/logo\/image\/","url":"https:\/\/nuevo-renacer.com\/wp-content\/uploads\/2024\/05\/cropped-LOGO-TERMINADO1-3-3.png","contentUrl":"https:\/\/nuevo-renacer.com\/wp-content\/uploads\/2024\/05\/cropped-LOGO-TERMINADO1-3-3.png","width":512,"height":512,"caption":"UFEC"},"image":{"@id":"https:\/\/nuevo-renacer.com\/#\/schema\/logo\/image\/"},"sameAs":["https:\/\/www.facebook.com\/groups\/3431398063740829"]}]}},"uagb_featured_image_src":{"full":["https:\/\/nuevo-renacer.com\/wp-content\/uploads\/2024\/07\/scenery-of-extraterrestrial-planet-world-l3llwor7az9zcohb.jpg",1920,1200,false],"thumbnail":["https:\/\/nuevo-renacer.com\/wp-content\/uploads\/2024\/07\/scenery-of-extraterrestrial-planet-world-l3llwor7az9zcohb-150x150.jpg",150,150,true],"medium":["https:\/\/nuevo-renacer.com\/wp-content\/uploads\/2024\/07\/scenery-of-extraterrestrial-planet-world-l3llwor7az9zcohb-300x188.jpg",300,188,true],"medium_large":["https:\/\/nuevo-renacer.com\/wp-content\/uploads\/2024\/07\/scenery-of-extraterrestrial-planet-world-l3llwor7az9zcohb-768x480.jpg",768,480,true],"large":["https:\/\/nuevo-renacer.com\/wp-content\/uploads\/2024\/07\/scenery-of-extraterrestrial-planet-world-l3llwor7az9zcohb-1024x640.jpg",1024,640,true],"1536x1536":["https:\/\/nuevo-renacer.com\/wp-content\/uploads\/2024\/07\/scenery-of-extraterrestrial-planet-world-l3llwor7az9zcohb-1536x960.jpg",1536,960,true],"2048x2048":["https:\/\/nuevo-renacer.com\/wp-content\/uploads\/2024\/07\/scenery-of-extraterrestrial-planet-world-l3llwor7az9zcohb.jpg",1920,1200,false],"trp-custom-language-flag":["https:\/\/nuevo-renacer.com\/wp-content\/uploads\/2024\/07\/scenery-of-extraterrestrial-planet-world-l3llwor7az9zcohb-18x12.jpg",18,12,true]},"uagb_author_info":{"display_name":"adbv0","author_link":"https:\/\/nuevo-renacer.com\/tr\/author\/adbv0\/"},"uagb_comment_info":0,"uagb_excerpt":"Diferentes categor\u00edas de mundos habitados Del libro: El Evangelio seg\u00fan el espiritismo \u2013 Allan Kardec De la ense\u00f1anza impartida por los Esp\u00edritus resulta que, en cuanto al grado de adelanto o de inferioridad de sus habitantes, los diversos mundos se encuentran en condiciones muy diferentes unos de otros. As\u00ed, entre ellos los hay cuyos moradores&hellip;","jetpack_sharing_enabled":true,"_links":{"self":[{"href":"https:\/\/nuevo-renacer.com\/tr\/wp-json\/wp\/v2\/pages\/3543","targetHints":{"allow":["GET"]}}],"collection":[{"href":"https:\/\/nuevo-renacer.com\/tr\/wp-json\/wp\/v2\/pages"}],"about":[{"href":"https:\/\/nuevo-renacer.com\/tr\/wp-json\/wp\/v2\/types\/page"}],"author":[{"embeddable":true,"href":"https:\/\/nuevo-renacer.com\/tr\/wp-json\/wp\/v2\/users\/1"}],"replies":[{"embeddable":true,"href":"https:\/\/nuevo-renacer.com\/tr\/wp-json\/wp\/v2\/comments?post=3543"}],"version-history":[{"count":2,"href":"https:\/\/nuevo-renacer.com\/tr\/wp-json\/wp\/v2\/pages\/3543\/revisions"}],"predecessor-version":[{"id":3550,"href":"https:\/\/nuevo-renacer.com\/tr\/wp-json\/wp\/v2\/pages\/3543\/revisions\/3550"}],"wp:featuredmedia":[{"embeddable":true,"href":"https:\/\/nuevo-renacer.com\/tr\/wp-json\/wp\/v2\/media\/3548"}],"wp:attachment":[{"href":"https:\/\/nuevo-renacer.com\/tr\/wp-json\/wp\/v2\/media?parent=3543"}],"curies":[{"name":"wp","href":"https:\/\/api.w.org\/{rel}","templated":true}]}}